{"id":2323,"date":"2014-05-27T16:11:00","date_gmt":"2014-05-27T16:11:00","guid":{"rendered":"https:\/\/www.euroresidentes.com\/viajes\/viajar\/asia-y-africa"},"modified":"2016-03-11T09:48:15","modified_gmt":"2016-03-11T09:48:15","slug":"asia-y-africa","status":"publish","type":"page","link":"https:\/\/www.euroresidentes.com\/viajes\/viajar\/asia-y-africa\/","title":{"rendered":"Asia y \u00c1frica"},"content":{"rendered":"<p>Los mejores destinos y consejos para viajar por Asia y \u00c1frica.<br \/>\nUna selecci\u00f3n de nuestros posts.<\/p>\n<p><b>\u00c1frica:<\/b><br \/>\n&#8211; <a href=\"http:\/\/viajar.euroresidentes.com\/2006\/08\/viajar-africa.html\" target=\"_blank\">Viajar a \u00c1frica. Consejos.<\/a><br \/>\n<b><br \/><\/b><br \/>\n<b>China:<\/b><br \/>\n&#8211; <a href=\"http:\/\/viajar.euroresidentes.com\/2012\/05\/viajes-de-negocios-china.html\" target=\"_blank\">Viaje de negocios a China.<\/a><br \/>\n&#8211; <a href=\"http:\/\/viajar.euroresidentes.com\/2014\/05\/10-cosas-gratis-que-hacer-y-visitar-en.html\" target=\"_blank\">Las 10 cosas gratis que hacer y visitar en Hong Kong.<\/a><br \/>\n<b><br \/><\/b><br \/>\n<b>India:<\/b><br \/>\n&#8211; <a href=\"http:\/\/viajar.euroresidentes.com\/2010\/09\/vacaciones-en-la-india.html\" target=\"_blank\">Vacaciones en la India.<\/a><br \/>\n<b><br \/><\/b><br \/>\n<b>Indonesia:<\/b><br \/>\n&#8211; <a href=\"http:\/\/viajar.euroresidentes.com\/2012\/01\/los-mejores-resorts-de-playa-en-bali.html\" target=\"_blank\">Los mejores resorts de playa en Bali.<\/a><br \/>\n<b><br \/><\/b><br \/>\n<b>Jap\u00f3n:<\/b><br \/>\n&#8211; <a href=\"http:\/\/viajar.euroresidentes.com\/2014\/02\/recomendaciones-de-amigos-para-un-viaje.html\" target=\"_blank\">Recomendaciones de amigos para un viaje a Jap\u00f3n<\/a>.<br \/>\n&#8211; <a href=\"http:\/\/viajar.euroresidentes.com\/2014\/02\/10-hoteles-de-calidad-buen-precio-en.html\" target=\"_blank\">10 hoteles de calidad a buen precio en Jap\u00f3n<\/a>.<br \/>\n<b><br \/><\/b><br \/>\n<b>Singapur:<\/b><br \/>\n&#8211; <a href=\"http:\/\/viajar.euroresidentes.com\/2014\/03\/los-10-mejores-hoteles-buen-precio-de.html\" target=\"_blank\">Los 10 mejores hoteles a buen precio en Singapur.<\/a><\/p>\n<p><\/p>\n","protected":false},"excerpt":{"rendered":"<p>Los mejores destinos y consejos para viajar por Asia y \u00c1frica. Una selecci\u00f3n de nuestros posts. \u00c1frica: &#8211; Viajar a \u00c1frica. Consejos. China: &#8211; Viaje de negocios a China. &#8211; Las 10 cosas gratis que hacer y visitar en Hong Kong. India: &#8211; Vacaciones en la India. Indonesia: &#8211; Los mejores resorts de playa en Bali. Jap\u00f3n: &#8211; Recomendaciones de amigos para un viaje a Jap\u00f3n. &#8211; 10 hoteles de calidad a buen precio en Jap\u00f3n. Singapur: &#8211; Los 10 mejores hoteles a buen precio en Singapur.<\/p>\n","protected":false},"author":1,"featured_media":0,"parent":0,"menu_order":0,"comment_status":"closed","ping_status":"closed","template":"","meta":{"footnotes":""},"class_list":["post-2323","page","type-page","status-publish","hentry"],"yoast_head":"<!-- This site is optimized with the Yoast SEO plugin v24.1 - https:\/\/yoast.com\/wordpress\/plugins\/seo\/ -->\n<title>Asia y \u00c1frica - Viajar<\/title>\n<meta name=\"robots\" content=\"index, follow, max-snippet:-1, max-image-preview:large, max-video-preview:-1\" \/>\n<link rel=\"canonical\" href=\"https:\/\/www.euroresidentes.com\/viajes\/viajar\/asia-y-africa\/\" \/>\n<meta property=\"og:locale\" content=\"es_ES\" \/>\n<meta property=\"og:type\" content=\"article\" \/>\n<meta property=\"og:title\" content=\"Asia y \u00c1frica - Viajar\" \/>\n<meta property=\"og:description\" content=\"Los mejores destinos y consejos para viajar por Asia y \u00c1frica. Una selecci\u00f3n de nuestros posts. \u00c1frica: &#8211; Viajar a \u00c1frica. Consejos. China: &#8211; Viaje de negocios a China. &#8211; Las 10 cosas gratis que hacer y visitar en Hong Kong. India: &#8211; Vacaciones en la India. Indonesia: &#8211; Los mejores resorts de playa en Bali. Jap\u00f3n: &#8211; Recomendaciones de amigos para un viaje a Jap\u00f3n. &#8211; 10 hoteles de calidad a buen precio en Jap\u00f3n. Singapur: &#8211; Los 10 mejores hoteles a buen precio en Singapur.\" \/>\n<meta property=\"og:url\" content=\"https:\/\/www.euroresidentes.com\/viajes\/viajar\/asia-y-africa\/\" \/>\n<meta property=\"og:site_name\" content=\"Viajar\" \/>\n<meta property=\"article:publisher\" content=\"https:\/\/www.facebook.com\/euroresidentes\/\" \/>\n<meta property=\"article:modified_time\" content=\"2016-03-11T09:48:15+00:00\" \/>\n<meta name=\"twitter:card\" content=\"summary_large_image\" \/>\n<script type=\"application\/ld+json\" class=\"yoast-schema-graph\">{\"@context\":\"https:\/\/schema.org\",\"@graph\":[{\"@type\":\"WebPage\",\"@id\":\"https:\/\/www.euroresidentes.com\/viajes\/viajar\/asia-y-africa\/\",\"url\":\"https:\/\/www.euroresidentes.com\/viajes\/viajar\/asia-y-africa\/\",\"name\":\"Asia y \u00c1frica - Viajar\",\"isPartOf\":{\"@id\":\"https:\/\/www.euroresidentes.com\/viajes\/viajar\/#website\"},\"datePublished\":\"2014-05-27T16:11:00+00:00\",\"dateModified\":\"2016-03-11T09:48:15+00:00\",\"breadcrumb\":{\"@id\":\"https:\/\/www.euroresidentes.com\/viajes\/viajar\/asia-y-africa\/#breadcrumb\"},\"inLanguage\":\"es\",\"potentialAction\":[{\"@type\":\"ReadAction\",\"target\":[\"https:\/\/www.euroresidentes.com\/viajes\/viajar\/asia-y-africa\/\"]}]},{\"@type\":\"BreadcrumbList\",\"@id\":\"https:\/\/www.euroresidentes.com\/viajes\/viajar\/asia-y-africa\/#breadcrumb\",\"itemListElement\":[{\"@type\":\"ListItem\",\"position\":1,\"name\":\"Portada\",\"item\":\"https:\/\/www.euroresidentes.com\/viajes\/viajar\/\"},{\"@type\":\"ListItem\",\"position\":2,\"name\":\"Asia y \u00c1frica\"}]},{\"@type\":\"WebSite\",\"@id\":\"https:\/\/www.euroresidentes.com\/viajes\/viajar\/#website\",\"url\":\"https:\/\/www.euroresidentes.com\/viajes\/viajar\/\",\"name\":\"Viajar\",\"description\":\"Viajar Euroresidentes\",\"potentialAction\":[{\"@type\":\"SearchAction\",\"target\":{\"@type\":\"EntryPoint\",\"urlTemplate\":\"https:\/\/www.euroresidentes.com\/viajes\/viajar\/?s={search_term_string}\"},\"query-input\":{\"@type\":\"PropertyValueSpecification\",\"valueRequired\":true,\"valueName\":\"search_term_string\"}}],\"inLanguage\":\"es\"}]}<\/script>\n<!-- \/ Yoast SEO plugin. -->","yoast_head_json":{"title":"Asia y \u00c1frica - Viajar","robots":{"index":"index","follow":"follow","max-snippet":"max-snippet:-1","max-image-preview":"max-image-preview:large","max-video-preview":"max-video-preview:-1"},"canonical":"https:\/\/www.euroresidentes.com\/viajes\/viajar\/asia-y-africa\/","og_locale":"es_ES","og_type":"article","og_title":"Asia y \u00c1frica - Viajar","og_description":"Los mejores destinos y consejos para viajar por Asia y \u00c1frica. Una selecci\u00f3n de nuestros posts. \u00c1frica: &#8211; Viajar a \u00c1frica. Consejos. China: &#8211; Viaje de negocios a China. &#8211; Las 10 cosas gratis que hacer y visitar en Hong Kong. India: &#8211; Vacaciones en la India. Indonesia: &#8211; Los mejores resorts de playa en Bali. Jap\u00f3n: &#8211; Recomendaciones de amigos para un viaje a Jap\u00f3n. &#8211; 10 hoteles de calidad a buen precio en Jap\u00f3n. Singapur: &#8211; Los 10 mejores hoteles a buen precio en Singapur.","og_url":"https:\/\/www.euroresidentes.com\/viajes\/viajar\/asia-y-africa\/","og_site_name":"Viajar","article_publisher":"https:\/\/www.facebook.com\/euroresidentes\/","article_modified_time":"2016-03-11T09:48:15+00:00","twitter_card":"summary_large_image","schema":{"@context":"https:\/\/schema.org","@graph":[{"@type":"WebPage","@id":"https:\/\/www.euroresidentes.com\/viajes\/viajar\/asia-y-africa\/","url":"https:\/\/www.euroresidentes.com\/viajes\/viajar\/asia-y-africa\/","name":"Asia y \u00c1frica - Viajar","isPartOf":{"@id":"https:\/\/www.euroresidentes.com\/viajes\/viajar\/#website"},"datePublished":"2014-05-27T16:11:00+00:00","dateModified":"2016-03-11T09:48:15+00:00","breadcrumb":{"@id":"https:\/\/www.euroresidentes.com\/viajes\/viajar\/asia-y-africa\/#breadcrumb"},"inLanguage":"es","potentialAction":[{"@type":"ReadAction","target":["https:\/\/www.euroresidentes.com\/viajes\/viajar\/asia-y-africa\/"]}]},{"@type":"BreadcrumbList","@id":"https:\/\/www.euroresidentes.com\/viajes\/viajar\/asia-y-africa\/#breadcrumb","itemListElement":[{"@type":"ListItem","position":1,"name":"Portada","item":"https:\/\/www.euroresidentes.com\/viajes\/viajar\/"},{"@type":"ListItem","position":2,"name":"Asia y \u00c1frica"}]},{"@type":"WebSite","@id":"https:\/\/www.euroresidentes.com\/viajes\/viajar\/#website","url":"https:\/\/www.euroresidentes.com\/viajes\/viajar\/","name":"Viajar","description":"Viajar Euroresidentes","potentialAction":[{"@type":"SearchAction","target":{"@type":"EntryPoint","urlTemplate":"https:\/\/www.euroresidentes.com\/viajes\/viajar\/?s={search_term_string}"},"query-input":{"@type":"PropertyValueSpecification","valueRequired":true,"valueName":"search_term_string"}}],"inLanguage":"es"}]}},"_links":{"self":[{"href":"https:\/\/www.euroresidentes.com\/viajes\/viajar\/wp-json\/wp\/v2\/pages\/2323","targetHints":{"allow":["GET"]}}],"collection":[{"href":"https:\/\/www.euroresidentes.com\/viajes\/viajar\/wp-json\/wp\/v2\/pages"}],"about":[{"href":"https:\/\/www.euroresidentes.com\/viajes\/viajar\/wp-json\/wp\/v2\/types\/page"}],"author":[{"embeddable":true,"href":"https:\/\/www.euroresidentes.com\/viajes\/viajar\/wp-json\/wp\/v2\/users\/1"}],"replies":[{"embeddable":true,"href":"https:\/\/www.euroresidentes.com\/viajes\/viajar\/wp-json\/wp\/v2\/comments?post=2323"}],"version-history":[{"count":1,"href":"https:\/\/www.euroresidentes.com\/viajes\/viajar\/wp-json\/wp\/v2\/pages\/2323\/revisions"}],"predecessor-version":[{"id":3052,"href":"https:\/\/www.euroresidentes.com\/viajes\/viajar\/wp-json\/wp\/v2\/pages\/2323\/revisions\/3052"}],"wp:attachment":[{"href":"https:\/\/www.euroresidentes.com\/viajes\/viajar\/wp-json\/wp\/v2\/media?parent=2323"}],"curies":[{"name":"wp","href":"https:\/\/api.w.org\/{rel}","templated":true}]}}