{"id":2321,"date":"2014-06-30T17:11:00","date_gmt":"2014-06-30T17:11:00","guid":{"rendered":"https:\/\/www.euroresidentes.com\/viajes\/viajar\/america"},"modified":"2016-03-11T09:48:15","modified_gmt":"2016-03-11T09:48:15","slug":"america","status":"publish","type":"page","link":"https:\/\/www.euroresidentes.com\/viajes\/viajar\/america\/","title":{"rendered":"Am\u00e9rica"},"content":{"rendered":"<p>Los mejores destinos y consejos para viajar por Am\u00e9rica.<br \/>\nUna selecci\u00f3n de nuestros posts.<\/p>\n<p><b>Argentina:<\/b><br \/>\n<b>&#8211; <\/b><a href=\"http:\/\/viajar.euroresidentes.com\/2009\/02\/restaurante-y-hotel-en-ushuaia.html\" target=\"_blank\">Restaurante y hotel para viajar a Ushuaia.<\/a><br \/>\n<b><br \/><\/b><br \/>\n<b>Brasil:<\/b><br \/>\n&#8211;&nbsp;<a href=\"http:\/\/viajar.euroresidentes.com\/2014\/03\/los-10-mejores-hoteles-de-playa-y.html\" target=\"_blank\">Los 10 mejores hoteles baratos en R\u00edo de Janeiro y Sao Paulo.<\/a><br \/>\n&#8211; <a href=\"http:\/\/viajar.euroresidentes.com\/2013\/12\/los-10-mejores-hostales-y-hoteles.html\" target=\"_blank\">Los 10 mejores hoteles baratos en Bah\u00eda.<\/a><br \/>\n&nbsp; &nbsp; &nbsp;<i>Especial Mundial Brasil 2014:<\/i><br \/>\n<i>&nbsp; &nbsp; &nbsp;&#8211; <\/i><a href=\"http:\/\/viajar.euroresidentes.com\/2014\/06\/las-ciudades-del-mundial-de-brasil-1.html\" rel=\"nofollow\" target=\"_blank\">Las ciudades del Mundial 1: Belho Horizonte.<\/a><br \/>\n&nbsp; &nbsp; &nbsp;&#8211; <a href=\"http:\/\/viajar.euroresidentes.com\/2014\/06\/las-ciudades-del-mundial-de-brasil-2.html\" rel=\"nofollow\" target=\"_blank\">Las ciudades del Mundial 2: Brasilia.<\/a><br \/>\n&nbsp; &nbsp; &nbsp;&#8211; <a href=\"http:\/\/viajar.euroresidentes.com\/2014\/06\/las-ciudades-del-mundial-de-brasil-cuiaba.html\" target=\"_blank\">Las ciudades del Mundial 3: Cuiaba.<\/a><br \/>\n&nbsp; &nbsp; &nbsp;&#8211; <a href=\"http:\/\/viajar.euroresidentes.com\/2014\/06\/las-ciudades-del-mundial-de-brasil-2014.html\" target=\"_blank\">Las ciudades del Mundial 4: Sao Paulo<\/a>.<br \/>\n<b><br \/><\/b><br \/>\n<b>Costa Rica<\/b>:<br \/>\n&#8211;<a href=\"http:\/\/viajar.euroresidentes.com\/2007\/08\/costa-rica-las-mejores-playas.html\" target=\"_blank\">Las mejores playas de Costa Rica<\/a><br \/>\n<b><br \/><\/b><br \/>\n<b>Estados Unidos:<\/b><br \/>\n&#8211; <a href=\"http:\/\/viajar.euroresidentes.com\/2009\/05\/parques-tematicos-en-los-estados-unidos.html\" target=\"_blank\">Los mejores parques tem\u00e1ticos de Estados Unidos<\/a>.<br \/>\n&#8211; <a href=\"http:\/\/viajar.euroresidentes.com\/2006\/03\/las-vegas-y-gran-can-del-colorado.html\" target=\"_blank\">Las Vegas y el Gran Ca\u00f1\u00f3n del Colorado.<\/a><br \/>\n&#8211; <a href=\"http:\/\/viajar.euroresidentes.com\/2006\/04\/la-cataratas-del-niagara.html\" target=\"_blank\">Las Cataratas del Ni\u00e1gara.<\/a><br \/>\n&#8211; <a href=\"http:\/\/viajar.euroresidentes.com\/2008\/04\/los-mejores-bares-en-los-angeles.html\" target=\"_blank\">Los mejores bares de Los \u00c1ngeles.<\/a><br \/>\n&#8211; <a href=\"http:\/\/viajar.euroresidentes.com\/2014\/04\/10-cosas-que-hacer-al-aire-libre-en-san.html\" target=\"_blank\">10 cosas que hacer en San Francisco al Aire Libre.<\/a><br \/>\n<i>&nbsp; &nbsp; Especial Nueva York:<\/i><br \/>\n<i>&nbsp; &nbsp; &#8211; <\/i><a href=\"http:\/\/viajar.euroresidentes.com\/2014\/06\/10-sitios-de-cine-en-nueva-york.html\" target=\"_blank\">10 sitios de cine en Nueva York.<\/a><br \/>\n<i>&nbsp; &nbsp; &#8211; <\/i><a href=\"http:\/\/viajar.euroresidentes.com\/2014\/04\/10-cosas-gratis-que-hacer-en-nueva-york.html\" target=\"_blank\">10 cosas gratis que hacer en Nueva York<\/a>.<br \/>\n&nbsp; &nbsp; &#8211; <a href=\"http:\/\/viajar.euroresidentes.com\/2014\/03\/que-hacer-en-nueva-york-10-ideas.html\" target=\"_blank\">10 ideas magn\u00edficas de cosas que hacer en Nueva York<\/a>.<br \/>\n&nbsp; &nbsp; &#8211; <a href=\"http:\/\/viajar.euroresidentes.com\/2007\/06\/un-da-en-nueva-york.html\" target=\"_blank\">Un d\u00eda en Nueva York.<\/a><br \/>\n&nbsp; &nbsp; &#8211; <a href=\"http:\/\/viajar.euroresidentes.com\/2008\/05\/ocio-gratis-en-nueva-york.html\" target=\"_blank\">Ocio gratis en Nueva York.<\/a><br \/>\n&nbsp; &nbsp; &#8211; <a href=\"http:\/\/viajar.euroresidentes.com\/2014\/04\/los-mejores-hoteles-de-nueva-york.html\" target=\"_blank\">Los mejores hoteles de Nueva York.<\/a><br \/>\n&nbsp; &nbsp; &#8211; <a href=\"http:\/\/viajar.euroresidentes.com\/2014\/04\/nueva-york-en-5-dias-ver-comer-y.html\" target=\"_blank\">Nueva York en 5 d\u00edas: comer, ver y disfrutar.<\/a><\/p>\n<p><b>M\u00e9xico:<\/b><br \/>\n&#8211; <a href=\"http:\/\/viajar.euroresidentes.com\/2007\/06\/mejores-sitios-en-la-ciudad-de-mxico.html\" target=\"_blank\">Los mejores sitios que visitar en Ciudad de M\u00e9xico.<\/a><br \/>\n&#8211; <a href=\"http:\/\/viajar.euroresidentes.com\/2014\/05\/consejos-para-viajar-mexico-preguntas-y.html\" target=\"_blank\">Consejos para viajar a M\u00e9xico. Preguntas y respuestas.<\/a><\/p>\n<p><b>Per\u00fa<\/b>:<br \/>\n&#8211; <a href=\"http:\/\/viajar.euroresidentes.com\/2014\/06\/atardeciendo-en-lima-cuaderno-de-viaje_10.html\" rel=\"nofollow\" target=\"_blank\">Atardeciendo en Lima<\/a><\/p>\n","protected":false},"excerpt":{"rendered":"<p>Los mejores destinos y consejos para viajar por Am\u00e9rica. Una selecci\u00f3n de nuestros posts. Argentina: &#8211; Restaurante y hotel para viajar a Ushuaia. Brasil: &#8211;&nbsp;Los 10 mejores hoteles baratos en R\u00edo de Janeiro y Sao Paulo. &#8211; Los 10 mejores hoteles baratos en Bah\u00eda. &nbsp; &nbsp; &nbsp;Especial Mundial Brasil 2014: &nbsp; &nbsp; &nbsp;&#8211; Las ciudades del Mundial 1: Belho Horizonte. &nbsp; &nbsp; &nbsp;&#8211; Las ciudades del Mundial 2: Brasilia. &nbsp; &nbsp; &nbsp;&#8211; Las ciudades del Mundial 3: Cuiaba. &nbsp; &nbsp; &nbsp;&#8211; Las ciudades del Mundial 4: Sao Paulo. Costa Rica: &#8211;Las mejores playas de Costa Rica Estados Unidos: &#8211; Los <\/p>\n","protected":false},"author":1,"featured_media":0,"parent":0,"menu_order":0,"comment_status":"closed","ping_status":"closed","template":"","meta":{"footnotes":""},"class_list":["post-2321","page","type-page","status-publish","hentry"],"yoast_head":"<!-- This site is optimized with the Yoast SEO plugin v24.1 - https:\/\/yoast.com\/wordpress\/plugins\/seo\/ -->\n<title>Am\u00e9rica - Viajar<\/title>\n<meta name=\"robots\" content=\"index, follow, max-snippet:-1, max-image-preview:large, max-video-preview:-1\" \/>\n<link rel=\"canonical\" href=\"https:\/\/www.euroresidentes.com\/viajes\/viajar\/america\/\" \/>\n<meta property=\"og:locale\" content=\"es_ES\" \/>\n<meta property=\"og:type\" content=\"article\" \/>\n<meta property=\"og:title\" content=\"Am\u00e9rica - Viajar\" \/>\n<meta property=\"og:description\" content=\"Los mejores destinos y consejos para viajar por Am\u00e9rica. Una selecci\u00f3n de nuestros posts. Argentina: &#8211; Restaurante y hotel para viajar a Ushuaia. Brasil: &#8211;&nbsp;Los 10 mejores hoteles baratos en R\u00edo de Janeiro y Sao Paulo. &#8211; Los 10 mejores hoteles baratos en Bah\u00eda. &nbsp; &nbsp; &nbsp;Especial Mundial Brasil 2014: &nbsp; &nbsp; &nbsp;&#8211; Las ciudades del Mundial 1: Belho Horizonte. &nbsp; &nbsp; &nbsp;&#8211; Las ciudades del Mundial 2: Brasilia. &nbsp; &nbsp; &nbsp;&#8211; Las ciudades del Mundial 3: Cuiaba. &nbsp; &nbsp; &nbsp;&#8211; Las ciudades del Mundial 4: Sao Paulo. Costa Rica: &#8211;Las mejores playas de Costa Rica Estados Unidos: &#8211; Los\" \/>\n<meta property=\"og:url\" content=\"https:\/\/www.euroresidentes.com\/viajes\/viajar\/america\/\" \/>\n<meta property=\"og:site_name\" content=\"Viajar\" \/>\n<meta property=\"article:publisher\" content=\"https:\/\/www.facebook.com\/euroresidentes\/\" \/>\n<meta property=\"article:modified_time\" content=\"2016-03-11T09:48:15+00:00\" \/>\n<meta name=\"twitter:card\" content=\"summary_large_image\" \/>\n<meta name=\"twitter:label1\" content=\"Est. reading time\" \/>\n\t<meta name=\"twitter:data1\" content=\"1 minuto\" \/>\n<script type=\"application\/ld+json\" class=\"yoast-schema-graph\">{\"@context\":\"https:\/\/schema.org\",\"@graph\":[{\"@type\":\"WebPage\",\"@id\":\"https:\/\/www.euroresidentes.com\/viajes\/viajar\/america\/\",\"url\":\"https:\/\/www.euroresidentes.com\/viajes\/viajar\/america\/\",\"name\":\"Am\u00e9rica - Viajar\",\"isPartOf\":{\"@id\":\"https:\/\/www.euroresidentes.com\/viajes\/viajar\/#website\"},\"datePublished\":\"2014-06-30T17:11:00+00:00\",\"dateModified\":\"2016-03-11T09:48:15+00:00\",\"breadcrumb\":{\"@id\":\"https:\/\/www.euroresidentes.com\/viajes\/viajar\/america\/#breadcrumb\"},\"inLanguage\":\"es\",\"potentialAction\":[{\"@type\":\"ReadAction\",\"target\":[\"https:\/\/www.euroresidentes.com\/viajes\/viajar\/america\/\"]}]},{\"@type\":\"BreadcrumbList\",\"@id\":\"https:\/\/www.euroresidentes.com\/viajes\/viajar\/america\/#breadcrumb\",\"itemListElement\":[{\"@type\":\"ListItem\",\"position\":1,\"name\":\"Portada\",\"item\":\"https:\/\/www.euroresidentes.com\/viajes\/viajar\/\"},{\"@type\":\"ListItem\",\"position\":2,\"name\":\"Am\u00e9rica\"}]},{\"@type\":\"WebSite\",\"@id\":\"https:\/\/www.euroresidentes.com\/viajes\/viajar\/#website\",\"url\":\"https:\/\/www.euroresidentes.com\/viajes\/viajar\/\",\"name\":\"Viajar\",\"description\":\"Viajar Euroresidentes\",\"potentialAction\":[{\"@type\":\"SearchAction\",\"target\":{\"@type\":\"EntryPoint\",\"urlTemplate\":\"https:\/\/www.euroresidentes.com\/viajes\/viajar\/?s={search_term_string}\"},\"query-input\":{\"@type\":\"PropertyValueSpecification\",\"valueRequired\":true,\"valueName\":\"search_term_string\"}}],\"inLanguage\":\"es\"}]}<\/script>\n<!-- \/ Yoast SEO plugin. -->","yoast_head_json":{"title":"Am\u00e9rica - Viajar","robots":{"index":"index","follow":"follow","max-snippet":"max-snippet:-1","max-image-preview":"max-image-preview:large","max-video-preview":"max-video-preview:-1"},"canonical":"https:\/\/www.euroresidentes.com\/viajes\/viajar\/america\/","og_locale":"es_ES","og_type":"article","og_title":"Am\u00e9rica - Viajar","og_description":"Los mejores destinos y consejos para viajar por Am\u00e9rica. Una selecci\u00f3n de nuestros posts. Argentina: &#8211; Restaurante y hotel para viajar a Ushuaia. Brasil: &#8211;&nbsp;Los 10 mejores hoteles baratos en R\u00edo de Janeiro y Sao Paulo. &#8211; Los 10 mejores hoteles baratos en Bah\u00eda. &nbsp; &nbsp; &nbsp;Especial Mundial Brasil 2014: &nbsp; &nbsp; &nbsp;&#8211; Las ciudades del Mundial 1: Belho Horizonte. &nbsp; &nbsp; &nbsp;&#8211; Las ciudades del Mundial 2: Brasilia. &nbsp; &nbsp; &nbsp;&#8211; Las ciudades del Mundial 3: Cuiaba. &nbsp; &nbsp; &nbsp;&#8211; Las ciudades del Mundial 4: Sao Paulo. Costa Rica: &#8211;Las mejores playas de Costa Rica Estados Unidos: &#8211; Los","og_url":"https:\/\/www.euroresidentes.com\/viajes\/viajar\/america\/","og_site_name":"Viajar","article_publisher":"https:\/\/www.facebook.com\/euroresidentes\/","article_modified_time":"2016-03-11T09:48:15+00:00","twitter_card":"summary_large_image","twitter_misc":{"Est. reading time":"1 minuto"},"schema":{"@context":"https:\/\/schema.org","@graph":[{"@type":"WebPage","@id":"https:\/\/www.euroresidentes.com\/viajes\/viajar\/america\/","url":"https:\/\/www.euroresidentes.com\/viajes\/viajar\/america\/","name":"Am\u00e9rica - Viajar","isPartOf":{"@id":"https:\/\/www.euroresidentes.com\/viajes\/viajar\/#website"},"datePublished":"2014-06-30T17:11:00+00:00","dateModified":"2016-03-11T09:48:15+00:00","breadcrumb":{"@id":"https:\/\/www.euroresidentes.com\/viajes\/viajar\/america\/#breadcrumb"},"inLanguage":"es","potentialAction":[{"@type":"ReadAction","target":["https:\/\/www.euroresidentes.com\/viajes\/viajar\/america\/"]}]},{"@type":"BreadcrumbList","@id":"https:\/\/www.euroresidentes.com\/viajes\/viajar\/america\/#breadcrumb","itemListElement":[{"@type":"ListItem","position":1,"name":"Portada","item":"https:\/\/www.euroresidentes.com\/viajes\/viajar\/"},{"@type":"ListItem","position":2,"name":"Am\u00e9rica"}]},{"@type":"WebSite","@id":"https:\/\/www.euroresidentes.com\/viajes\/viajar\/#website","url":"https:\/\/www.euroresidentes.com\/viajes\/viajar\/","name":"Viajar","description":"Viajar Euroresidentes","potentialAction":[{"@type":"SearchAction","target":{"@type":"EntryPoint","urlTemplate":"https:\/\/www.euroresidentes.com\/viajes\/viajar\/?s={search_term_string}"},"query-input":{"@type":"PropertyValueSpecification","valueRequired":true,"valueName":"search_term_string"}}],"inLanguage":"es"}]}},"_links":{"self":[{"href":"https:\/\/www.euroresidentes.com\/viajes\/viajar\/wp-json\/wp\/v2\/pages\/2321","targetHints":{"allow":["GET"]}}],"collection":[{"href":"https:\/\/www.euroresidentes.com\/viajes\/viajar\/wp-json\/wp\/v2\/pages"}],"about":[{"href":"https:\/\/www.euroresidentes.com\/viajes\/viajar\/wp-json\/wp\/v2\/types\/page"}],"author":[{"embeddable":true,"href":"https:\/\/www.euroresidentes.com\/viajes\/viajar\/wp-json\/wp\/v2\/users\/1"}],"replies":[{"embeddable":true,"href":"https:\/\/www.euroresidentes.com\/viajes\/viajar\/wp-json\/wp\/v2\/comments?post=2321"}],"version-history":[{"count":1,"href":"https:\/\/www.euroresidentes.com\/viajes\/viajar\/wp-json\/wp\/v2\/pages\/2321\/revisions"}],"predecessor-version":[{"id":3017,"href":"https:\/\/www.euroresidentes.com\/viajes\/viajar\/wp-json\/wp\/v2\/pages\/2321\/revisions\/3017"}],"wp:attachment":[{"href":"https:\/\/www.euroresidentes.com\/viajes\/viajar\/wp-json\/wp\/v2\/media?parent=2321"}],"curies":[{"name":"wp","href":"https:\/\/api.w.org\/{rel}","templated":true}]}}