{"id":58,"date":"2016-03-02T08:30:21","date_gmt":"2016-03-02T08:30:21","guid":{"rendered":"https:\/\/www.euroresidentes.com\/tecnologia\/?page_id=58"},"modified":"2016-08-22T17:07:44","modified_gmt":"2016-08-22T15:07:44","slug":"juan-jose-rios","status":"publish","type":"page","link":"https:\/\/www.euroresidentes.com\/tecnologia\/juan-jose-rios.html","title":{"rendered":"Juan Jos\u00e9 R\u00edos"},"content":{"rendered":"<p><strong>Juan J. R\u00edos<\/strong> es Licenciado en Matem\u00e1ticas, profesor del IES Alfonso X El Sabio de Murcia. Actualmente es asesor de innovaci\u00f3n de la Comunidad Aut\u00f3noma de la Regi\u00f3n de Murcia.<\/p>\n<p style=\"text-align: center;\"><a href=\"https:\/\/www.euroresidentes.com\/tecnologia\/wp-content\/uploads\/2016\/03\/juan-jose-rios.jpg\"><img loading=\"lazy\" decoding=\"async\" class=\"aligncenter wp-image-83 size-full\" src=\"https:\/\/www.euroresidentes.com\/tecnologia\/wp-content\/uploads\/2016\/03\/juan-jose-rios.jpg\" alt=\"Juan Jos\u00e9 Rios\" width=\"250\" height=\"258\" \/><\/a><\/p>\n<h2 style=\"text-align: center;\">10 cosas sobre\u00a0mi<\/h2>\n<p><strong>1.<\/strong> Si tuviera que definirme en pocas palabras dir\u00eda que me considero catalizador, promotor de cambios. Dentro de un esp\u00edritu de sana rebeld\u00eda, me gusta definir las actuaciones dentro de un marco que las dote de coherencia. Me importa mucho el entendimiento personal Me gustan los proyectos piloto como forma de se\u00f1alar el camino a seguir y aprender experimentando.<\/p>\n<p><strong>2<\/strong>. Mi mundo, hasta los 26 a\u00f1os, se ce\u00f1\u00eda exclusivamente a la educaci\u00f3n. Nunca pens\u00e9 que podr\u00eda dedicarme a algo diferente. He tenido academias y dado multitud de clases particulares desde los 13 a\u00f1os.<\/p>\n<p><strong>3.<\/strong> Durante la carrera tuve mi primer contacto con la Inform\u00e1tica en la asignatura de C\u00e1lculo Num\u00e9rico y me subyug\u00f3 la potencia del FORTRAN, pese a que hac\u00edamos los programas en tarjetas perforadas. El ordenador, un mainframe de IBM, nunca llegamos a verlo. M\u00e1s tarde aprend\u00ed a programar en COBOL, BASIC y Pascal.<\/p>\n<p><strong>4.<\/strong> Me toc\u00f3 vivir la eclosi\u00f3n de los ordenadores personales de la d\u00e9cada de los 80. Empezaron a dotarse los centros educativos de PC \u0301s. Fui uno de los profesores de Inform\u00e1tica de este primera ola. En esta \u00e9poca, junto a un amigo, adquir\u00ed mi primer ordenador personal (car\u00edsimo) para uso empresarial. Empec\u00e9 a conocer el mundo de la empresa.<\/p>\n<p><strong>5.<\/strong> En la d\u00e9cada de los 90, me cautiv\u00f3 el Informe Bangemann, como marco inspirador y pistoletazo de salida de la Sociedad de la Informaci\u00f3n. De la mano de Juan Bernal, Consejero de Econom\u00eda y Hacienda, fui Director General de Inform\u00e1tica de la Comunidad de Murcia. Fue una etapa apasionante y creativa donde abordamos proyectos como la Red Corporativa de Banda Ancha, la adaptaci\u00f3n al euro y el a\u00f1o 2000, la implantaci\u00f3n de SAP o la realizaci\u00f3n de uno de los primeros proyectos de ciudad digital de nuestro pa\u00eds (Ciezanet).<\/p>\n<p><strong>6.<\/strong> Compagin\u00e9, durante muchos a\u00f1os, la docencia con el desempe\u00f1o de puestos de responsabilidad en empresas regionales del sector TIC, en las que tambi\u00e9n puse en marcha departamentos de formaci\u00f3n t\u00e9cnica y empresarial, haciendo uso de los recursos multimedia (especialmente en el \u00e1rea de salud) y su aplicaci\u00f3n al elearning.<\/p>\n<p><strong>7.<\/strong> En 2009, como profesor, puse en marcha un proyecto innovador cuyo objetivo fundamental era comprometer a los padres en la mejora del rendimiento educativo de su hijos (proyecto COMPAH). Empec\u00e9 a familiarizarme con el mundo 2.0 (blogs, sites) y a emplear estos recursos en mis clases. Como admirador de Morris Kline, soy un amante de las aplicaciones de las Matem\u00e1ticas al mundo real como elemento motivador de su estudio por parte de los alumnos.<\/p>\n<p><strong>8.<\/strong> Mi primer contacto con las metodolog\u00edas de la innovaci\u00f3n (Design Thinking) se produjo en 2010, de la mano de un consultor, Xavi Camps, que me hizo ver que la creatividad y la innovaci\u00f3n son la base de la prosperidad de las organizaciones y que estos atributos se pueden entrenar y perfeccionar. Desde entonces, soy un apasionado de la innovaci\u00f3n como concepto transversal.<\/p>\n<p><strong>9.<\/strong> Creo profundamente en la innovaci\u00f3n p\u00fablica. Las instituciones no pueden seguir funcionando casi como en el siglo XIX. Deben transformarse, en el contexto del paradigma de Gobierno Abierto, para convertirse en organizaciones centradas en los ciudadanos, transparentes, sostenibles, eficientes, ligeras y facilitadoras de la actividad empresarial y de la creaci\u00f3n de empleo de la mano de iniciativas como el OPEN DATA. Como ciudadano me preocupa especialmente la sostenibilidad de la sanidad p\u00fablica.<\/p>\n<p><strong>10.<\/strong> No s\u00e9 contar chistes pero me divierte el humor surrealista y los juegos de palabras, que a menudo sufren familiares y amigos. Me encanta el deporte. He jugado mucho al f\u00fatbol y al tenis, Ahora juego al p\u00e1del y de vez en cuando al ajedrez o al domin\u00f3. Me encanta la cocina sencilla y sana de mi mujer.<\/p>\n<p style=\"text-align: center;\">\u00a0<\/p>\n<p style=\"text-align: center;\"><a href=\"https:\/\/www.euroresidentes.com\/tecnologia\/wp-content\/uploads\/2016\/03\/juan-jose-rios-bernabeu.jpg\"><img loading=\"lazy\" decoding=\"async\" class=\"aligncenter wp-image-84 size-full\" src=\"https:\/\/www.euroresidentes.com\/tecnologia\/wp-content\/uploads\/2016\/03\/juan-jose-rios-bernabeu.jpg\" alt=\"Juan Jos\u00e9 R\u00edos en el Bernab\u00e9u\" width=\"500\" height=\"637\" srcset=\"https:\/\/www.euroresidentes.com\/tecnologia\/wp-content\/uploads\/2016\/03\/juan-jose-rios-bernabeu.jpg 500w, https:\/\/www.euroresidentes.com\/tecnologia\/wp-content\/uploads\/2016\/03\/juan-jose-rios-bernabeu-235x300.jpg 235w\" sizes=\"auto, (max-width: 500px) 100vw, 500px\" \/><\/a><\/p>\n","protected":false},"excerpt":{"rendered":"<p>Juan J. R\u00edos es Licenciado en Matem\u00e1ticas, profesor del IES Alfonso X El Sabio de Murcia. Actualmente es asesor de innovaci\u00f3n de la Comunidad Aut\u00f3noma de la Regi\u00f3n de Murcia. 10 cosas sobre\u00a0mi 1. Si tuviera que definirme en pocas palabras dir\u00eda que me considero catalizador, promotor de cambios. Dentro de un esp\u00edritu de sana rebeld\u00eda, me gusta definir las actuaciones dentro de un marco que las dote de coherencia. Me importa mucho el entendimiento personal Me gustan los proyectos piloto como forma de se\u00f1alar el camino a seguir y aprender experimentando. 2. Mi mundo, hasta los 26 a\u00f1os, se <\/p>\n","protected":false},"author":1,"featured_media":83,"parent":0,"menu_order":0,"comment_status":"open","ping_status":"closed","template":"page-author.php","meta":{"footnotes":""},"class_list":["post-58","page","type-page","status-publish","has-post-thumbnail","hentry","has_thumb"],"yoast_head":"<!-- This site is optimized with the Yoast SEO plugin v24.1 - https:\/\/yoast.com\/wordpress\/plugins\/seo\/ -->\n<title>Juan Jos\u00e9 R\u00edos - Tecnologia<\/title>\n<meta name=\"robots\" content=\"index, follow, max-snippet:-1, max-image-preview:large, max-video-preview:-1\" \/>\n<link rel=\"canonical\" href=\"https:\/\/www.euroresidentes.com\/tecnologia\/juan-jose-rios.html\" \/>\n<meta property=\"og:locale\" content=\"es_ES\" \/>\n<meta property=\"og:type\" content=\"article\" \/>\n<meta property=\"og:title\" content=\"Juan Jos\u00e9 R\u00edos - Tecnologia\" \/>\n<meta property=\"og:description\" content=\"Juan J. R\u00edos es Licenciado en Matem\u00e1ticas, profesor del IES Alfonso X El Sabio de Murcia. Actualmente es asesor de innovaci\u00f3n de la Comunidad Aut\u00f3noma de la Regi\u00f3n de Murcia. 10 cosas sobre\u00a0mi 1. Si tuviera que definirme en pocas palabras dir\u00eda que me considero catalizador, promotor de cambios. Dentro de un esp\u00edritu de sana rebeld\u00eda, me gusta definir las actuaciones dentro de un marco que las dote de coherencia. Me importa mucho el entendimiento personal Me gustan los proyectos piloto como forma de se\u00f1alar el camino a seguir y aprender experimentando. 2. Mi mundo, hasta los 26 a\u00f1os, se\" \/>\n<meta property=\"og:url\" content=\"https:\/\/www.euroresidentes.com\/tecnologia\/juan-jose-rios.html\" \/>\n<meta property=\"og:site_name\" content=\"Tecnologia\" \/>\n<meta property=\"article:modified_time\" content=\"2016-08-22T15:07:44+00:00\" \/>\n<meta property=\"og:image\" content=\"https:\/\/www.euroresidentes.com\/tecnologia\/wp-content\/uploads\/2016\/03\/juan-jose-rios.jpg\" \/>\n\t<meta property=\"og:image:width\" content=\"250\" \/>\n\t<meta property=\"og:image:height\" content=\"258\" \/>\n\t<meta property=\"og:image:type\" content=\"image\/jpeg\" \/>\n<meta name=\"twitter:card\" content=\"summary_large_image\" \/>\n<meta name=\"twitter:label1\" content=\"Est. reading time\" \/>\n\t<meta name=\"twitter:data1\" content=\"3 minutos\" \/>\n<script type=\"application\/ld+json\" class=\"yoast-schema-graph\">{\"@context\":\"https:\/\/schema.org\",\"@graph\":[{\"@type\":\"WebPage\",\"@id\":\"https:\/\/www.euroresidentes.com\/tecnologia\/juan-jose-rios.html\",\"url\":\"https:\/\/www.euroresidentes.com\/tecnologia\/juan-jose-rios.html\",\"name\":\"Juan Jos\u00e9 R\u00edos - Tecnologia\",\"isPartOf\":{\"@id\":\"https:\/\/www.euroresidentes.com\/tecnologia\/#website\"},\"primaryImageOfPage\":{\"@id\":\"https:\/\/www.euroresidentes.com\/tecnologia\/juan-jose-rios.html#primaryimage\"},\"image\":{\"@id\":\"https:\/\/www.euroresidentes.com\/tecnologia\/juan-jose-rios.html#primaryimage\"},\"thumbnailUrl\":\"https:\/\/www.euroresidentes.com\/tecnologia\/wp-content\/uploads\/2016\/03\/juan-jose-rios.jpg\",\"datePublished\":\"2016-03-02T08:30:21+00:00\",\"dateModified\":\"2016-08-22T15:07:44+00:00\",\"breadcrumb\":{\"@id\":\"https:\/\/www.euroresidentes.com\/tecnologia\/juan-jose-rios.html#breadcrumb\"},\"inLanguage\":\"es\",\"potentialAction\":[{\"@type\":\"ReadAction\",\"target\":[\"https:\/\/www.euroresidentes.com\/tecnologia\/juan-jose-rios.html\"]}]},{\"@type\":\"ImageObject\",\"inLanguage\":\"es\",\"@id\":\"https:\/\/www.euroresidentes.com\/tecnologia\/juan-jose-rios.html#primaryimage\",\"url\":\"https:\/\/www.euroresidentes.com\/tecnologia\/wp-content\/uploads\/2016\/03\/juan-jose-rios.jpg\",\"contentUrl\":\"https:\/\/www.euroresidentes.com\/tecnologia\/wp-content\/uploads\/2016\/03\/juan-jose-rios.jpg\",\"width\":250,\"height\":258,\"caption\":\"Juan Jos\u00e9 Rios\"},{\"@type\":\"BreadcrumbList\",\"@id\":\"https:\/\/www.euroresidentes.com\/tecnologia\/juan-jose-rios.html#breadcrumb\",\"itemListElement\":[{\"@type\":\"ListItem\",\"position\":1,\"name\":\"Portada\",\"item\":\"https:\/\/www.euroresidentes.com\/tecnologia\/\"},{\"@type\":\"ListItem\",\"position\":2,\"name\":\"Juan Jos\u00e9 R\u00edos\"}]},{\"@type\":\"WebSite\",\"@id\":\"https:\/\/www.euroresidentes.com\/tecnologia\/#website\",\"url\":\"https:\/\/www.euroresidentes.com\/tecnologia\/\",\"name\":\"Tecnologia\",\"description\":\"Tu sitio de tecnolog\u00eda - Euroresidentes\",\"potentialAction\":[{\"@type\":\"SearchAction\",\"target\":{\"@type\":\"EntryPoint\",\"urlTemplate\":\"https:\/\/www.euroresidentes.com\/tecnologia\/?s={search_term_string}\"},\"query-input\":{\"@type\":\"PropertyValueSpecification\",\"valueRequired\":true,\"valueName\":\"search_term_string\"}}],\"inLanguage\":\"es\"}]}<\/script>\n<!-- \/ Yoast SEO plugin. -->","yoast_head_json":{"title":"Juan Jos\u00e9 R\u00edos - Tecnologia","robots":{"index":"index","follow":"follow","max-snippet":"max-snippet:-1","max-image-preview":"max-image-preview:large","max-video-preview":"max-video-preview:-1"},"canonical":"https:\/\/www.euroresidentes.com\/tecnologia\/juan-jose-rios.html","og_locale":"es_ES","og_type":"article","og_title":"Juan Jos\u00e9 R\u00edos - Tecnologia","og_description":"Juan J. R\u00edos es Licenciado en Matem\u00e1ticas, profesor del IES Alfonso X El Sabio de Murcia. Actualmente es asesor de innovaci\u00f3n de la Comunidad Aut\u00f3noma de la Regi\u00f3n de Murcia. 10 cosas sobre\u00a0mi 1. Si tuviera que definirme en pocas palabras dir\u00eda que me considero catalizador, promotor de cambios. Dentro de un esp\u00edritu de sana rebeld\u00eda, me gusta definir las actuaciones dentro de un marco que las dote de coherencia. Me importa mucho el entendimiento personal Me gustan los proyectos piloto como forma de se\u00f1alar el camino a seguir y aprender experimentando. 2. Mi mundo, hasta los 26 a\u00f1os, se","og_url":"https:\/\/www.euroresidentes.com\/tecnologia\/juan-jose-rios.html","og_site_name":"Tecnologia","article_modified_time":"2016-08-22T15:07:44+00:00","og_image":[{"width":250,"height":258,"url":"https:\/\/www.euroresidentes.com\/tecnologia\/wp-content\/uploads\/2016\/03\/juan-jose-rios.jpg","type":"image\/jpeg"}],"twitter_card":"summary_large_image","twitter_misc":{"Est. reading time":"3 minutos"},"schema":{"@context":"https:\/\/schema.org","@graph":[{"@type":"WebPage","@id":"https:\/\/www.euroresidentes.com\/tecnologia\/juan-jose-rios.html","url":"https:\/\/www.euroresidentes.com\/tecnologia\/juan-jose-rios.html","name":"Juan Jos\u00e9 R\u00edos - Tecnologia","isPartOf":{"@id":"https:\/\/www.euroresidentes.com\/tecnologia\/#website"},"primaryImageOfPage":{"@id":"https:\/\/www.euroresidentes.com\/tecnologia\/juan-jose-rios.html#primaryimage"},"image":{"@id":"https:\/\/www.euroresidentes.com\/tecnologia\/juan-jose-rios.html#primaryimage"},"thumbnailUrl":"https:\/\/www.euroresidentes.com\/tecnologia\/wp-content\/uploads\/2016\/03\/juan-jose-rios.jpg","datePublished":"2016-03-02T08:30:21+00:00","dateModified":"2016-08-22T15:07:44+00:00","breadcrumb":{"@id":"https:\/\/www.euroresidentes.com\/tecnologia\/juan-jose-rios.html#breadcrumb"},"inLanguage":"es","potentialAction":[{"@type":"ReadAction","target":["https:\/\/www.euroresidentes.com\/tecnologia\/juan-jose-rios.html"]}]},{"@type":"ImageObject","inLanguage":"es","@id":"https:\/\/www.euroresidentes.com\/tecnologia\/juan-jose-rios.html#primaryimage","url":"https:\/\/www.euroresidentes.com\/tecnologia\/wp-content\/uploads\/2016\/03\/juan-jose-rios.jpg","contentUrl":"https:\/\/www.euroresidentes.com\/tecnologia\/wp-content\/uploads\/2016\/03\/juan-jose-rios.jpg","width":250,"height":258,"caption":"Juan Jos\u00e9 Rios"},{"@type":"BreadcrumbList","@id":"https:\/\/www.euroresidentes.com\/tecnologia\/juan-jose-rios.html#breadcrumb","itemListElement":[{"@type":"ListItem","position":1,"name":"Portada","item":"https:\/\/www.euroresidentes.com\/tecnologia\/"},{"@type":"ListItem","position":2,"name":"Juan Jos\u00e9 R\u00edos"}]},{"@type":"WebSite","@id":"https:\/\/www.euroresidentes.com\/tecnologia\/#website","url":"https:\/\/www.euroresidentes.com\/tecnologia\/","name":"Tecnologia","description":"Tu sitio de tecnolog\u00eda - Euroresidentes","potentialAction":[{"@type":"SearchAction","target":{"@type":"EntryPoint","urlTemplate":"https:\/\/www.euroresidentes.com\/tecnologia\/?s={search_term_string}"},"query-input":{"@type":"PropertyValueSpecification","valueRequired":true,"valueName":"search_term_string"}}],"inLanguage":"es"}]}},"_links":{"self":[{"href":"https:\/\/www.euroresidentes.com\/tecnologia\/wp-json\/wp\/v2\/pages\/58","targetHints":{"allow":["GET"]}}],"collection":[{"href":"https:\/\/www.euroresidentes.com\/tecnologia\/wp-json\/wp\/v2\/pages"}],"about":[{"href":"https:\/\/www.euroresidentes.com\/tecnologia\/wp-json\/wp\/v2\/types\/page"}],"author":[{"embeddable":true,"href":"https:\/\/www.euroresidentes.com\/tecnologia\/wp-json\/wp\/v2\/users\/1"}],"replies":[{"embeddable":true,"href":"https:\/\/www.euroresidentes.com\/tecnologia\/wp-json\/wp\/v2\/comments?post=58"}],"version-history":[{"count":0,"href":"https:\/\/www.euroresidentes.com\/tecnologia\/wp-json\/wp\/v2\/pages\/58\/revisions"}],"wp:featuredmedia":[{"embeddable":true,"href":"https:\/\/www.euroresidentes.com\/tecnologia\/wp-json\/wp\/v2\/media\/83"}],"wp:attachment":[{"href":"https:\/\/www.euroresidentes.com\/tecnologia\/wp-json\/wp\/v2\/media?parent=58"}],"curies":[{"name":"wp","href":"https:\/\/api.w.org\/{rel}","templated":true}]}}