{"id":45,"date":"2016-03-02T08:15:23","date_gmt":"2016-03-02T08:15:23","guid":{"rendered":"https:\/\/www.euroresidentes.com\/tecnologia\/?page_id=45"},"modified":"2016-08-22T18:22:43","modified_gmt":"2016-08-22T16:22:43","slug":"alejandro-velasco","status":"publish","type":"page","link":"https:\/\/www.euroresidentes.com\/tecnologia\/alejandro-velasco.html","title":{"rendered":"Alejandro Velasco"},"content":{"rendered":"<div class=\"separator\" style=\"clear: both; text-align: center;\"><a style=\"margin-left: 1em; margin-right: 1em;\" href=\"https:\/\/www.euroresidentes.com\/tecnologia\/noticias-google\/wp-content\/uploads\/sites\/4\/2014\/12\/alejandro-velasco-senderismo.jpg\"><img loading=\"lazy\" decoding=\"async\" class=\"alignnone\" src=\"https:\/\/www.euroresidentes.com\/tecnologia\/noticias-google\/wp-content\/uploads\/sites\/4\/2014\/12\/alejandro-velasco-senderismo.jpg\" alt=\"Alejandro Velasco\" width=\"332\" height=\"400\" border=\"0\" \/><\/a><\/div>\n<div class=\"separator\" style=\"clear: both; text-align: center;\">\u00a0<\/div>\n<h3 class=\"separator\" style=\"clear: both; text-align: center;\">10 cosas sobre m\u00ed<\/h3>\n<div class=\"separator\" style=\"clear: both; text-align: center;\">\u00a0<\/div>\n<p>1. Es director de Tecnolog\u00eda en IT&amp;IS<\/p>\n<p> 2. Desarrolla una <i>killer app<\/i> sobre voz.<\/p>\n<p> 3. Ha estudiado en uno de los mejores campus universitarios de Europa.<\/p>\n<p> 4. Dirige, coordina y\/o es autor de los blogs de <a href=\"http:\/\/noticias-internet.euroresidentes.com\/\" target=\"_blank\">Noticias sobre Internet<\/a>, <a href=\"http:\/\/noticias-google.euroresidentes.com\/\" target=\"_blank\">Noticias Google<\/a>\u00a0y\u00a0<a href=\"http:\/\/blog-apps.euroresidentes.es\/\" target=\"_blank\">App para m\u00f3viles<\/a> dentro del Grupo IT&amp;IS.<\/p>\n<p> 5. No siente fobia a ning\u00fan lenguaje de futuro, de\u00a0<i>Python<\/i> a <i>Ruby on Rails<\/i> y se las tiene que ver con todos ellos en IT&amp;IS.<\/p>\n<p> 6. Participa en el Observatorio de prospectiva de IT&amp;IS donde se debaten y eval\u00faan temas y proyectos de Internet de las cosas, web sem\u00e1ntica, tecnolog\u00eda <i>blockchain<\/i>, entre otros, con especialistas en estos temas.<\/p>\n<p> 7. Cuando era ni\u00f1o disfrutaba desmont\u00e1ndolo todo y so\u00f1aba con llegar a ser ingeniero de <i>telecomunicaciones<\/i>.<\/p>\n<p> 8. Siente pasi\u00f3n por el ciclismo de monta\u00f1a, su sue\u00f1o es tener una <i>mtb<\/i> \u00aba su medida\u00bb.<\/p>\n<p> 9. Practica el senderismo y le encanta la naturaleza y el medio ambiente limpio.<\/p>\n<p> 10. Entre sus comidas favoritas est\u00e1n el <i>sushi<\/i> y el <i>arroz a la cubana<\/i> aunque ser\u00eda capaz de sobrevivir exclusivamente con recetas de pollo.<\/p>\n","protected":false},"excerpt":{"rendered":"<p>\u00a0 10 cosas sobre m\u00ed \u00a0 1. Es director de Tecnolog\u00eda en IT&amp;IS 2. Desarrolla una killer app sobre voz. 3. Ha estudiado en uno de los mejores campus universitarios de Europa. 4. Dirige, coordina y\/o es autor de los blogs de Noticias sobre Internet, Noticias Google\u00a0y\u00a0App para m\u00f3viles dentro del Grupo IT&amp;IS. 5. No siente fobia a ning\u00fan lenguaje de futuro, de\u00a0Python a Ruby on Rails y se las tiene que ver con todos ellos en IT&amp;IS. 6. Participa en el Observatorio de prospectiva de IT&amp;IS donde se debaten y eval\u00faan temas y proyectos de Internet de las cosas, <\/p>\n","protected":false},"author":1,"featured_media":138,"parent":0,"menu_order":0,"comment_status":"open","ping_status":"closed","template":"page-author.php","meta":{"footnotes":""},"class_list":["post-45","page","type-page","status-publish","has-post-thumbnail","hentry","has_thumb"],"yoast_head":"<!-- This site is optimized with the Yoast SEO plugin v24.1 - https:\/\/yoast.com\/wordpress\/plugins\/seo\/ -->\n<title>Alejandro Velasco - Tecnologia<\/title>\n<meta name=\"description\" content=\"Alejandro Velasco, es director de Tecnolog\u00eda en IT&amp;IS, desarrolla una killer app sobre voz, ha estudiado en uno de los mejores campus universitarios...\" \/>\n<meta name=\"robots\" content=\"index, follow, max-snippet:-1, max-image-preview:large, max-video-preview:-1\" \/>\n<link rel=\"canonical\" href=\"https:\/\/www.euroresidentes.com\/tecnologia\/alejandro-velasco.html\" \/>\n<meta property=\"og:locale\" content=\"es_ES\" \/>\n<meta property=\"og:type\" content=\"article\" \/>\n<meta property=\"og:title\" content=\"Alejandro Velasco - Tecnologia\" \/>\n<meta property=\"og:description\" content=\"Alejandro Velasco, es director de Tecnolog\u00eda en IT&amp;IS, desarrolla una killer app sobre voz, ha estudiado en uno de los mejores campus universitarios...\" \/>\n<meta property=\"og:url\" content=\"https:\/\/www.euroresidentes.com\/tecnologia\/alejandro-velasco.html\" \/>\n<meta property=\"og:site_name\" content=\"Tecnologia\" \/>\n<meta property=\"article:modified_time\" content=\"2016-08-22T16:22:43+00:00\" \/>\n<meta property=\"og:image\" content=\"https:\/\/www.euroresidentes.com\/tecnologia\/wp-content\/uploads\/2016\/03\/alejandro-velasco.jpg\" \/>\n\t<meta property=\"og:image:width\" content=\"700\" \/>\n\t<meta property=\"og:image:height\" content=\"525\" \/>\n\t<meta property=\"og:image:type\" content=\"image\/jpeg\" \/>\n<meta name=\"twitter:card\" content=\"summary_large_image\" \/>\n<meta name=\"twitter:label1\" content=\"Est. reading time\" \/>\n\t<meta name=\"twitter:data1\" content=\"1 minuto\" \/>\n<script type=\"application\/ld+json\" class=\"yoast-schema-graph\">{\"@context\":\"https:\/\/schema.org\",\"@graph\":[{\"@type\":\"WebPage\",\"@id\":\"https:\/\/www.euroresidentes.com\/tecnologia\/alejandro-velasco.html\",\"url\":\"https:\/\/www.euroresidentes.com\/tecnologia\/alejandro-velasco.html\",\"name\":\"Alejandro Velasco - Tecnologia\",\"isPartOf\":{\"@id\":\"https:\/\/www.euroresidentes.com\/tecnologia\/#website\"},\"primaryImageOfPage\":{\"@id\":\"https:\/\/www.euroresidentes.com\/tecnologia\/alejandro-velasco.html#primaryimage\"},\"image\":{\"@id\":\"https:\/\/www.euroresidentes.com\/tecnologia\/alejandro-velasco.html#primaryimage\"},\"thumbnailUrl\":\"https:\/\/www.euroresidentes.com\/tecnologia\/wp-content\/uploads\/2016\/03\/alejandro-velasco.jpg\",\"datePublished\":\"2016-03-02T08:15:23+00:00\",\"dateModified\":\"2016-08-22T16:22:43+00:00\",\"description\":\"Alejandro Velasco, es director de Tecnolog\u00eda en IT&IS, desarrolla una killer app sobre voz, ha estudiado en uno de los mejores campus universitarios...\",\"breadcrumb\":{\"@id\":\"https:\/\/www.euroresidentes.com\/tecnologia\/alejandro-velasco.html#breadcrumb\"},\"inLanguage\":\"es\",\"potentialAction\":[{\"@type\":\"ReadAction\",\"target\":[\"https:\/\/www.euroresidentes.com\/tecnologia\/alejandro-velasco.html\"]}]},{\"@type\":\"ImageObject\",\"inLanguage\":\"es\",\"@id\":\"https:\/\/www.euroresidentes.com\/tecnologia\/alejandro-velasco.html#primaryimage\",\"url\":\"https:\/\/www.euroresidentes.com\/tecnologia\/wp-content\/uploads\/2016\/03\/alejandro-velasco.jpg\",\"contentUrl\":\"https:\/\/www.euroresidentes.com\/tecnologia\/wp-content\/uploads\/2016\/03\/alejandro-velasco.jpg\",\"width\":700,\"height\":525,\"caption\":\"Alejandro Velasco\"},{\"@type\":\"BreadcrumbList\",\"@id\":\"https:\/\/www.euroresidentes.com\/tecnologia\/alejandro-velasco.html#breadcrumb\",\"itemListElement\":[{\"@type\":\"ListItem\",\"position\":1,\"name\":\"Portada\",\"item\":\"https:\/\/www.euroresidentes.com\/tecnologia\/\"},{\"@type\":\"ListItem\",\"position\":2,\"name\":\"Alejandro Velasco\"}]},{\"@type\":\"WebSite\",\"@id\":\"https:\/\/www.euroresidentes.com\/tecnologia\/#website\",\"url\":\"https:\/\/www.euroresidentes.com\/tecnologia\/\",\"name\":\"Tecnologia\",\"description\":\"Tu sitio de tecnolog\u00eda - Euroresidentes\",\"potentialAction\":[{\"@type\":\"SearchAction\",\"target\":{\"@type\":\"EntryPoint\",\"urlTemplate\":\"https:\/\/www.euroresidentes.com\/tecnologia\/?s={search_term_string}\"},\"query-input\":{\"@type\":\"PropertyValueSpecification\",\"valueRequired\":true,\"valueName\":\"search_term_string\"}}],\"inLanguage\":\"es\"}]}<\/script>\n<!-- \/ Yoast SEO plugin. -->","yoast_head_json":{"title":"Alejandro Velasco - Tecnologia","description":"Alejandro Velasco, es director de Tecnolog\u00eda en IT&IS, desarrolla una killer app sobre voz, ha estudiado en uno de los mejores campus universitarios...","robots":{"index":"index","follow":"follow","max-snippet":"max-snippet:-1","max-image-preview":"max-image-preview:large","max-video-preview":"max-video-preview:-1"},"canonical":"https:\/\/www.euroresidentes.com\/tecnologia\/alejandro-velasco.html","og_locale":"es_ES","og_type":"article","og_title":"Alejandro Velasco - Tecnologia","og_description":"Alejandro Velasco, es director de Tecnolog\u00eda en IT&IS, desarrolla una killer app sobre voz, ha estudiado en uno de los mejores campus universitarios...","og_url":"https:\/\/www.euroresidentes.com\/tecnologia\/alejandro-velasco.html","og_site_name":"Tecnologia","article_modified_time":"2016-08-22T16:22:43+00:00","og_image":[{"width":700,"height":525,"url":"https:\/\/www.euroresidentes.com\/tecnologia\/wp-content\/uploads\/2016\/03\/alejandro-velasco.jpg","type":"image\/jpeg"}],"twitter_card":"summary_large_image","twitter_misc":{"Est. reading time":"1 minuto"},"schema":{"@context":"https:\/\/schema.org","@graph":[{"@type":"WebPage","@id":"https:\/\/www.euroresidentes.com\/tecnologia\/alejandro-velasco.html","url":"https:\/\/www.euroresidentes.com\/tecnologia\/alejandro-velasco.html","name":"Alejandro Velasco - Tecnologia","isPartOf":{"@id":"https:\/\/www.euroresidentes.com\/tecnologia\/#website"},"primaryImageOfPage":{"@id":"https:\/\/www.euroresidentes.com\/tecnologia\/alejandro-velasco.html#primaryimage"},"image":{"@id":"https:\/\/www.euroresidentes.com\/tecnologia\/alejandro-velasco.html#primaryimage"},"thumbnailUrl":"https:\/\/www.euroresidentes.com\/tecnologia\/wp-content\/uploads\/2016\/03\/alejandro-velasco.jpg","datePublished":"2016-03-02T08:15:23+00:00","dateModified":"2016-08-22T16:22:43+00:00","description":"Alejandro Velasco, es director de Tecnolog\u00eda en IT&IS, desarrolla una killer app sobre voz, ha estudiado en uno de los mejores campus universitarios...","breadcrumb":{"@id":"https:\/\/www.euroresidentes.com\/tecnologia\/alejandro-velasco.html#breadcrumb"},"inLanguage":"es","potentialAction":[{"@type":"ReadAction","target":["https:\/\/www.euroresidentes.com\/tecnologia\/alejandro-velasco.html"]}]},{"@type":"ImageObject","inLanguage":"es","@id":"https:\/\/www.euroresidentes.com\/tecnologia\/alejandro-velasco.html#primaryimage","url":"https:\/\/www.euroresidentes.com\/tecnologia\/wp-content\/uploads\/2016\/03\/alejandro-velasco.jpg","contentUrl":"https:\/\/www.euroresidentes.com\/tecnologia\/wp-content\/uploads\/2016\/03\/alejandro-velasco.jpg","width":700,"height":525,"caption":"Alejandro Velasco"},{"@type":"BreadcrumbList","@id":"https:\/\/www.euroresidentes.com\/tecnologia\/alejandro-velasco.html#breadcrumb","itemListElement":[{"@type":"ListItem","position":1,"name":"Portada","item":"https:\/\/www.euroresidentes.com\/tecnologia\/"},{"@type":"ListItem","position":2,"name":"Alejandro Velasco"}]},{"@type":"WebSite","@id":"https:\/\/www.euroresidentes.com\/tecnologia\/#website","url":"https:\/\/www.euroresidentes.com\/tecnologia\/","name":"Tecnologia","description":"Tu sitio de tecnolog\u00eda - Euroresidentes","potentialAction":[{"@type":"SearchAction","target":{"@type":"EntryPoint","urlTemplate":"https:\/\/www.euroresidentes.com\/tecnologia\/?s={search_term_string}"},"query-input":{"@type":"PropertyValueSpecification","valueRequired":true,"valueName":"search_term_string"}}],"inLanguage":"es"}]}},"_links":{"self":[{"href":"https:\/\/www.euroresidentes.com\/tecnologia\/wp-json\/wp\/v2\/pages\/45","targetHints":{"allow":["GET"]}}],"collection":[{"href":"https:\/\/www.euroresidentes.com\/tecnologia\/wp-json\/wp\/v2\/pages"}],"about":[{"href":"https:\/\/www.euroresidentes.com\/tecnologia\/wp-json\/wp\/v2\/types\/page"}],"author":[{"embeddable":true,"href":"https:\/\/www.euroresidentes.com\/tecnologia\/wp-json\/wp\/v2\/users\/1"}],"replies":[{"embeddable":true,"href":"https:\/\/www.euroresidentes.com\/tecnologia\/wp-json\/wp\/v2\/comments?post=45"}],"version-history":[{"count":0,"href":"https:\/\/www.euroresidentes.com\/tecnologia\/wp-json\/wp\/v2\/pages\/45\/revisions"}],"wp:featuredmedia":[{"embeddable":true,"href":"https:\/\/www.euroresidentes.com\/tecnologia\/wp-json\/wp\/v2\/media\/138"}],"wp:attachment":[{"href":"https:\/\/www.euroresidentes.com\/tecnologia\/wp-json\/wp\/v2\/media?parent=45"}],"curies":[{"name":"wp","href":"https:\/\/api.w.org\/{rel}","templated":true}]}}