{"id":128,"date":"2016-08-16T10:35:48","date_gmt":"2016-08-16T08:35:48","guid":{"rendered":"https:\/\/www.euroresidentes.com\/tecnologia\/?page_id=128"},"modified":"2016-09-09T10:54:34","modified_gmt":"2016-09-09T08:54:34","slug":"suscripcion-tecnologia","status":"publish","type":"page","link":"https:\/\/www.euroresidentes.com\/tecnologia\/suscripcion-tecnologia.html","title":{"rendered":"Suscripci\u00f3n Tecnolog\u00eda"},"content":{"rendered":"<div class=\"col-xs-12\" style=\"background-color: white; margin: 0 auto; margin-bottom: 15px; padding: 0;\"><img decoding=\"async\" class=\"img-responsive\" style=\"width: 100%;\" src=\"https:\/\/www.euroresidentes.com\/img\/newsletter-gracias.jpg\" alt=\"Revisa tu correo\" \/><\/p>\n<div class=\"btn btn-danger btn-newsletter\" style=\"width: 60%; min-width: 200px;\"><a style=\"color: white;\" href=\"https:\/\/www.euroresidentes.com\/tecnologia\/\"> Volver a Tecnolog\u00eda<\/a><\/div>\n<div class=\"col-xs-12 text-center\">\n<h5 style=\"font-size: 15px;\">Otros blogs:<\/h5>\n<p style=\"font-size: 17px;\"><a style=\"color: lightslategray;\" href=\"https:\/\/www.euroresidentes.com\/tecnologia\/avances-tecnologicos\/\"><strong>Avances tecnol\u00f3gicos<\/strong><\/a> | <a style=\"color: lightslategray;\" href=\"https:\/\/www.euroresidentes.com\/tecnologia\/noticias-internet\/\"><strong>Noticias de internet<\/strong><\/a> | <a style=\"color: lightslategray;\" href=\"https:\/\/www.euroresidentes.com\/tecnologia\/nanotecnologia\/\"> <strong>Nanotecnolog\u00eda<\/strong><\/a><\/p>\n<\/div>\n<\/div>\n","protected":false},"excerpt":{"rendered":"<p>Volver a Tecnolog\u00eda Otros blogs: Avances tecnol\u00f3gicos | Noticias de internet | Nanotecnolog\u00eda<\/p>\n","protected":false},"author":1,"featured_media":0,"parent":0,"menu_order":0,"comment_status":"closed","ping_status":"closed","template":"page-newsletterThanks.php","meta":{"footnotes":""},"class_list":["post-128","page","type-page","status-publish","hentry"],"yoast_head":"<!-- This site is optimized with the Yoast SEO plugin v24.1 - https:\/\/yoast.com\/wordpress\/plugins\/seo\/ -->\n<title>Suscripci\u00f3n Tecnolog\u00eda - Tecnologia<\/title>\n<meta name=\"robots\" content=\"index, follow, max-snippet:-1, max-image-preview:large, max-video-preview:-1\" \/>\n<link rel=\"canonical\" href=\"https:\/\/www.euroresidentes.com\/tecnologia\/suscripcion-tecnologia.html\" \/>\n<meta property=\"og:locale\" content=\"es_ES\" \/>\n<meta property=\"og:type\" content=\"article\" \/>\n<meta property=\"og:title\" content=\"Suscripci\u00f3n Tecnolog\u00eda - Tecnologia\" \/>\n<meta property=\"og:description\" content=\"Volver a Tecnolog\u00eda Otros blogs: Avances tecnol\u00f3gicos | Noticias de internet | Nanotecnolog\u00eda\" \/>\n<meta property=\"og:url\" content=\"https:\/\/www.euroresidentes.com\/tecnologia\/suscripcion-tecnologia.html\" \/>\n<meta property=\"og:site_name\" content=\"Tecnologia\" \/>\n<meta property=\"article:modified_time\" content=\"2016-09-09T08:54:34+00:00\" \/>\n<meta property=\"og:image\" content=\"https:\/\/www.euroresidentes.com\/img\/newsletter-gracias.jpg\" \/>\n<meta name=\"twitter:card\" content=\"summary_large_image\" \/>\n<script type=\"application\/ld+json\" class=\"yoast-schema-graph\">{\"@context\":\"https:\/\/schema.org\",\"@graph\":[{\"@type\":\"WebPage\",\"@id\":\"https:\/\/www.euroresidentes.com\/tecnologia\/suscripcion-tecnologia.html\",\"url\":\"https:\/\/www.euroresidentes.com\/tecnologia\/suscripcion-tecnologia.html\",\"name\":\"Suscripci\u00f3n Tecnolog\u00eda - Tecnologia\",\"isPartOf\":{\"@id\":\"https:\/\/www.euroresidentes.com\/tecnologia\/#website\"},\"primaryImageOfPage\":{\"@id\":\"https:\/\/www.euroresidentes.com\/tecnologia\/suscripcion-tecnologia.html#primaryimage\"},\"image\":{\"@id\":\"https:\/\/www.euroresidentes.com\/tecnologia\/suscripcion-tecnologia.html#primaryimage\"},\"thumbnailUrl\":\"https:\/\/www.euroresidentes.com\/img\/newsletter-gracias.jpg\",\"datePublished\":\"2016-08-16T08:35:48+00:00\",\"dateModified\":\"2016-09-09T08:54:34+00:00\",\"breadcrumb\":{\"@id\":\"https:\/\/www.euroresidentes.com\/tecnologia\/suscripcion-tecnologia.html#breadcrumb\"},\"inLanguage\":\"es\",\"potentialAction\":[{\"@type\":\"ReadAction\",\"target\":[\"https:\/\/www.euroresidentes.com\/tecnologia\/suscripcion-tecnologia.html\"]}]},{\"@type\":\"ImageObject\",\"inLanguage\":\"es\",\"@id\":\"https:\/\/www.euroresidentes.com\/tecnologia\/suscripcion-tecnologia.html#primaryimage\",\"url\":\"https:\/\/www.euroresidentes.com\/img\/newsletter-gracias.jpg\",\"contentUrl\":\"https:\/\/www.euroresidentes.com\/img\/newsletter-gracias.jpg\"},{\"@type\":\"BreadcrumbList\",\"@id\":\"https:\/\/www.euroresidentes.com\/tecnologia\/suscripcion-tecnologia.html#breadcrumb\",\"itemListElement\":[{\"@type\":\"ListItem\",\"position\":1,\"name\":\"Portada\",\"item\":\"https:\/\/www.euroresidentes.com\/tecnologia\/\"},{\"@type\":\"ListItem\",\"position\":2,\"name\":\"Suscripci\u00f3n Tecnolog\u00eda\"}]},{\"@type\":\"WebSite\",\"@id\":\"https:\/\/www.euroresidentes.com\/tecnologia\/#website\",\"url\":\"https:\/\/www.euroresidentes.com\/tecnologia\/\",\"name\":\"Tecnologia\",\"description\":\"Tu sitio de tecnolog\u00eda - Euroresidentes\",\"potentialAction\":[{\"@type\":\"SearchAction\",\"target\":{\"@type\":\"EntryPoint\",\"urlTemplate\":\"https:\/\/www.euroresidentes.com\/tecnologia\/?s={search_term_string}\"},\"query-input\":{\"@type\":\"PropertyValueSpecification\",\"valueRequired\":true,\"valueName\":\"search_term_string\"}}],\"inLanguage\":\"es\"}]}<\/script>\n<!-- \/ Yoast SEO plugin. -->","yoast_head_json":{"title":"Suscripci\u00f3n Tecnolog\u00eda - Tecnologia","robots":{"index":"index","follow":"follow","max-snippet":"max-snippet:-1","max-image-preview":"max-image-preview:large","max-video-preview":"max-video-preview:-1"},"canonical":"https:\/\/www.euroresidentes.com\/tecnologia\/suscripcion-tecnologia.html","og_locale":"es_ES","og_type":"article","og_title":"Suscripci\u00f3n Tecnolog\u00eda - Tecnologia","og_description":"Volver a Tecnolog\u00eda Otros blogs: Avances tecnol\u00f3gicos | Noticias de internet | Nanotecnolog\u00eda","og_url":"https:\/\/www.euroresidentes.com\/tecnologia\/suscripcion-tecnologia.html","og_site_name":"Tecnologia","article_modified_time":"2016-09-09T08:54:34+00:00","og_image":[{"url":"https:\/\/www.euroresidentes.com\/img\/newsletter-gracias.jpg","type":"","width":"","height":""}],"twitter_card":"summary_large_image","schema":{"@context":"https:\/\/schema.org","@graph":[{"@type":"WebPage","@id":"https:\/\/www.euroresidentes.com\/tecnologia\/suscripcion-tecnologia.html","url":"https:\/\/www.euroresidentes.com\/tecnologia\/suscripcion-tecnologia.html","name":"Suscripci\u00f3n Tecnolog\u00eda - Tecnologia","isPartOf":{"@id":"https:\/\/www.euroresidentes.com\/tecnologia\/#website"},"primaryImageOfPage":{"@id":"https:\/\/www.euroresidentes.com\/tecnologia\/suscripcion-tecnologia.html#primaryimage"},"image":{"@id":"https:\/\/www.euroresidentes.com\/tecnologia\/suscripcion-tecnologia.html#primaryimage"},"thumbnailUrl":"https:\/\/www.euroresidentes.com\/img\/newsletter-gracias.jpg","datePublished":"2016-08-16T08:35:48+00:00","dateModified":"2016-09-09T08:54:34+00:00","breadcrumb":{"@id":"https:\/\/www.euroresidentes.com\/tecnologia\/suscripcion-tecnologia.html#breadcrumb"},"inLanguage":"es","potentialAction":[{"@type":"ReadAction","target":["https:\/\/www.euroresidentes.com\/tecnologia\/suscripcion-tecnologia.html"]}]},{"@type":"ImageObject","inLanguage":"es","@id":"https:\/\/www.euroresidentes.com\/tecnologia\/suscripcion-tecnologia.html#primaryimage","url":"https:\/\/www.euroresidentes.com\/img\/newsletter-gracias.jpg","contentUrl":"https:\/\/www.euroresidentes.com\/img\/newsletter-gracias.jpg"},{"@type":"BreadcrumbList","@id":"https:\/\/www.euroresidentes.com\/tecnologia\/suscripcion-tecnologia.html#breadcrumb","itemListElement":[{"@type":"ListItem","position":1,"name":"Portada","item":"https:\/\/www.euroresidentes.com\/tecnologia\/"},{"@type":"ListItem","position":2,"name":"Suscripci\u00f3n Tecnolog\u00eda"}]},{"@type":"WebSite","@id":"https:\/\/www.euroresidentes.com\/tecnologia\/#website","url":"https:\/\/www.euroresidentes.com\/tecnologia\/","name":"Tecnologia","description":"Tu sitio de tecnolog\u00eda - Euroresidentes","potentialAction":[{"@type":"SearchAction","target":{"@type":"EntryPoint","urlTemplate":"https:\/\/www.euroresidentes.com\/tecnologia\/?s={search_term_string}"},"query-input":{"@type":"PropertyValueSpecification","valueRequired":true,"valueName":"search_term_string"}}],"inLanguage":"es"}]}},"_links":{"self":[{"href":"https:\/\/www.euroresidentes.com\/tecnologia\/wp-json\/wp\/v2\/pages\/128","targetHints":{"allow":["GET"]}}],"collection":[{"href":"https:\/\/www.euroresidentes.com\/tecnologia\/wp-json\/wp\/v2\/pages"}],"about":[{"href":"https:\/\/www.euroresidentes.com\/tecnologia\/wp-json\/wp\/v2\/types\/page"}],"author":[{"embeddable":true,"href":"https:\/\/www.euroresidentes.com\/tecnologia\/wp-json\/wp\/v2\/users\/1"}],"replies":[{"embeddable":true,"href":"https:\/\/www.euroresidentes.com\/tecnologia\/wp-json\/wp\/v2\/comments?post=128"}],"version-history":[{"count":0,"href":"https:\/\/www.euroresidentes.com\/tecnologia\/wp-json\/wp\/v2\/pages\/128\/revisions"}],"wp:attachment":[{"href":"https:\/\/www.euroresidentes.com\/tecnologia\/wp-json\/wp\/v2\/media?parent=128"}],"curies":[{"name":"wp","href":"https:\/\/api.w.org\/{rel}","templated":true}]}}