{"id":46,"date":"2016-02-29T08:06:15","date_gmt":"2016-02-29T08:06:15","guid":{"rendered":"https:\/\/www.euroresidentes.com\/social\/?page_id=46"},"modified":"2016-03-02T12:09:23","modified_gmt":"2016-03-02T12:09:23","slug":"gines-conesa","status":"publish","type":"page","link":"https:\/\/www.euroresidentes.com\/social\/gines-conesa.html","title":{"rendered":"Gin\u00e9s Conesa"},"content":{"rendered":"<p>Gin\u00e9s Conesa Jim\u00e9nez, \u2018Tito\u2019, es Licenciado en Ciencias de la Informaci\u00f3n por la Universidad Complutense de Madrid, donde tambi\u00e9n super\u00f3 los cursos de doctorado. Su carrera period\u00edstica la ha desarrollado principalmente en el diario \u2018La Verdad\u2019, donde empez\u00f3 como colaborador (1970) y acab\u00f3 como adjunto al director (2002) dirigiendo los contenidos de la edici\u00f3n digital del peri\u00f3dico (http:\/\/www.laverdad.es\/). En medio, ha tenido responsabilidades en las delegaciones del peri\u00f3dico en Cartagena, Elche y Alicante, esta \u00faltima etapa como director de edici\u00f3n. En la actualidad todav\u00eda sigue colaborando habitualmente con el citado diario.<\/p>\n<p><a href=\"https:\/\/www.euroresidentes.com\/social\/wp-content\/uploads\/2016\/02\/gines-conesa.jpg\"><img loading=\"lazy\" decoding=\"async\" class=\"aligncenter size-full wp-image-59\" src=\"https:\/\/www.euroresidentes.com\/social\/wp-content\/uploads\/2016\/02\/gines-conesa.jpg\" alt=\"gines-conesa\" width=\"700\" height=\"800\" srcset=\"https:\/\/www.euroresidentes.com\/social\/wp-content\/uploads\/2016\/02\/gines-conesa.jpg 700w, https:\/\/www.euroresidentes.com\/social\/wp-content\/uploads\/2016\/02\/gines-conesa-263x300.jpg 263w\" sizes=\"(max-width: 700px) 100vw, 700px\" \/><\/a><\/p>\n<p>Tambi\u00e9n ha sido subdirector del diario \u2018La Opini\u00f3n de Murcia\u2019, director del \u2018Hoja del Lunes de Murcia\u2019, presidente de la Asociaci\u00f3n de la Prensa de Murcia y miembro del Consejo Nacional de la Federaci\u00f3n de Asociaciones de la Prensa de Espa\u00f1a.<\/p>\n<p>Periodista de vocaci\u00f3n tard\u00eda, pero muy arraigada, siempre ha tenido curiosidad por conocer el Periodismo desde todas sus orillas. As\u00ed, adem\u00e1s de trabajar 32 a\u00f1os para medios informativos, tambi\u00e9n lo hizo para la Administraci\u00f3n P\u00fablica regional (Portavoz del Gobierno 1991-1993) y nacional (asesor de comunicaci\u00f3n de la Confederaci\u00f3n Hidrogr\u00e1fica del Segura (2002-2006) etapa esta \u00faltima en la que hab\u00eda creado su propio gabinete de Consultor\u00eda y Servicios de Comunicaci\u00f3n, y en la que obtuvo plaza de Profesor Asociado en la Facultad de Informaci\u00f3n y Documentaci\u00f3n de la Universidad de Murcia, con la que a\u00fan sigue colaborando en cursos para el Aula de Mayores y de la Universidad del Mar.<\/p>\n<p>Tambi\u00e9n ha dado cursos en la Universidad Permanente de la Universidad de Alicante. La reci\u00e9n creada Escuela de Pr\u00e1cticas de Periodismo, Publicidad y Documentaci\u00f3n, dependiente de la Universidad de Murcia, le ha nombrado director t\u00e9cnico.<\/p>\n","protected":false},"excerpt":{"rendered":"<p>Gin\u00e9s Conesa Jim\u00e9nez, \u2018Tito\u2019, es Licenciado en Ciencias de la Informaci\u00f3n por la Universidad Complutense de Madrid, donde tambi\u00e9n super\u00f3 los cursos de doctorado. Su carrera period\u00edstica la ha desarrollado principalmente en el diario \u2018La Verdad\u2019, donde empez\u00f3 como colaborador (1970) y acab\u00f3 como adjunto al director (2002) dirigiendo los contenidos de la edici\u00f3n digital del peri\u00f3dico (http:\/\/www.laverdad.es\/). En medio, ha tenido responsabilidades en las delegaciones del peri\u00f3dico en Cartagena, Elche y Alicante, esta \u00faltima etapa como director de edici\u00f3n. En la actualidad todav\u00eda sigue colaborando habitualmente con el citado diario. Tambi\u00e9n ha sido subdirector del diario \u2018La Opini\u00f3n de <\/p>\n","protected":false},"author":1,"featured_media":59,"parent":0,"menu_order":0,"comment_status":"closed","ping_status":"closed","template":"sociallyviral-child\/page-author.php","meta":{"footnotes":""},"class_list":["post-46","page","type-page","status-publish","has-post-thumbnail","hentry","has_thumb"],"yoast_head":"<!-- This site is optimized with the Yoast SEO plugin v25.6 - https:\/\/yoast.com\/wordpress\/plugins\/seo\/ -->\n<title>Gin\u00e9s Conesa - Social<\/title>\n<meta name=\"robots\" content=\"index, follow, max-snippet:-1, max-image-preview:large, max-video-preview:-1\" \/>\n<link rel=\"canonical\" href=\"https:\/\/www.euroresidentes.com\/social\/gines-conesa.html\" \/>\n<meta property=\"og:locale\" content=\"es_ES\" \/>\n<meta property=\"og:type\" content=\"article\" \/>\n<meta property=\"og:title\" content=\"Gin\u00e9s Conesa - Social\" \/>\n<meta property=\"og:description\" content=\"Gin\u00e9s Conesa Jim\u00e9nez, \u2018Tito\u2019, es Licenciado en Ciencias de la Informaci\u00f3n por la Universidad Complutense de Madrid, donde tambi\u00e9n super\u00f3 los cursos de doctorado. Su carrera period\u00edstica la ha desarrollado principalmente en el diario \u2018La Verdad\u2019, donde empez\u00f3 como colaborador (1970) y acab\u00f3 como adjunto al director (2002) dirigiendo los contenidos de la edici\u00f3n digital del peri\u00f3dico (http:\/\/www.laverdad.es\/). En medio, ha tenido responsabilidades en las delegaciones del peri\u00f3dico en Cartagena, Elche y Alicante, esta \u00faltima etapa como director de edici\u00f3n. En la actualidad todav\u00eda sigue colaborando habitualmente con el citado diario. Tambi\u00e9n ha sido subdirector del diario \u2018La Opini\u00f3n de\" \/>\n<meta property=\"og:url\" content=\"https:\/\/www.euroresidentes.com\/social\/gines-conesa.html\" \/>\n<meta property=\"og:site_name\" content=\"Social\" \/>\n<meta property=\"article:modified_time\" content=\"2016-03-02T12:09:23+00:00\" \/>\n<meta property=\"og:image\" content=\"https:\/\/www.euroresidentes.com\/social\/wp-content\/uploads\/2016\/02\/gines-conesa.jpg\" \/>\n\t<meta property=\"og:image:width\" content=\"700\" \/>\n\t<meta property=\"og:image:height\" content=\"800\" \/>\n\t<meta property=\"og:image:type\" content=\"image\/jpeg\" \/>\n<meta name=\"twitter:card\" content=\"summary_large_image\" \/>\n<meta name=\"twitter:label1\" content=\"Est. reading time\" \/>\n\t<meta name=\"twitter:data1\" content=\"2 minutos\" \/>\n<script type=\"application\/ld+json\" class=\"yoast-schema-graph\">{\"@context\":\"https:\/\/schema.org\",\"@graph\":[{\"@type\":\"WebPage\",\"@id\":\"https:\/\/www.euroresidentes.com\/social\/gines-conesa.html\",\"url\":\"https:\/\/www.euroresidentes.com\/social\/gines-conesa.html\",\"name\":\"Gin\u00e9s Conesa - Social\",\"isPartOf\":{\"@id\":\"https:\/\/www.euroresidentes.com\/social\/#website\"},\"primaryImageOfPage\":{\"@id\":\"https:\/\/www.euroresidentes.com\/social\/gines-conesa.html#primaryimage\"},\"image\":{\"@id\":\"https:\/\/www.euroresidentes.com\/social\/gines-conesa.html#primaryimage\"},\"thumbnailUrl\":\"https:\/\/www.euroresidentes.com\/social\/wp-content\/uploads\/2016\/02\/gines-conesa.jpg\",\"datePublished\":\"2016-02-29T08:06:15+00:00\",\"dateModified\":\"2016-03-02T12:09:23+00:00\",\"breadcrumb\":{\"@id\":\"https:\/\/www.euroresidentes.com\/social\/gines-conesa.html#breadcrumb\"},\"inLanguage\":\"es\",\"potentialAction\":[{\"@type\":\"ReadAction\",\"target\":[\"https:\/\/www.euroresidentes.com\/social\/gines-conesa.html\"]}]},{\"@type\":\"ImageObject\",\"inLanguage\":\"es\",\"@id\":\"https:\/\/www.euroresidentes.com\/social\/gines-conesa.html#primaryimage\",\"url\":\"https:\/\/www.euroresidentes.com\/social\/wp-content\/uploads\/2016\/02\/gines-conesa.jpg\",\"contentUrl\":\"https:\/\/www.euroresidentes.com\/social\/wp-content\/uploads\/2016\/02\/gines-conesa.jpg\",\"width\":700,\"height\":800},{\"@type\":\"BreadcrumbList\",\"@id\":\"https:\/\/www.euroresidentes.com\/social\/gines-conesa.html#breadcrumb\",\"itemListElement\":[{\"@type\":\"ListItem\",\"position\":1,\"name\":\"Home\",\"item\":\"https:\/\/www.euroresidentes.com\/social\/\"},{\"@type\":\"ListItem\",\"position\":2,\"name\":\"Gin\u00e9s Conesa\"}]},{\"@type\":\"WebSite\",\"@id\":\"https:\/\/www.euroresidentes.com\/social\/#website\",\"url\":\"https:\/\/www.euroresidentes.com\/social\/\",\"name\":\"Social\",\"description\":\"Otro sitio realizado con WordPress\",\"potentialAction\":[{\"@type\":\"SearchAction\",\"target\":{\"@type\":\"EntryPoint\",\"urlTemplate\":\"https:\/\/www.euroresidentes.com\/social\/?s={search_term_string}\"},\"query-input\":{\"@type\":\"PropertyValueSpecification\",\"valueRequired\":true,\"valueName\":\"search_term_string\"}}],\"inLanguage\":\"es\"}]}<\/script>\n<!-- \/ Yoast SEO plugin. -->","yoast_head_json":{"title":"Gin\u00e9s Conesa - Social","robots":{"index":"index","follow":"follow","max-snippet":"max-snippet:-1","max-image-preview":"max-image-preview:large","max-video-preview":"max-video-preview:-1"},"canonical":"https:\/\/www.euroresidentes.com\/social\/gines-conesa.html","og_locale":"es_ES","og_type":"article","og_title":"Gin\u00e9s Conesa - Social","og_description":"Gin\u00e9s Conesa Jim\u00e9nez, \u2018Tito\u2019, es Licenciado en Ciencias de la Informaci\u00f3n por la Universidad Complutense de Madrid, donde tambi\u00e9n super\u00f3 los cursos de doctorado. Su carrera period\u00edstica la ha desarrollado principalmente en el diario \u2018La Verdad\u2019, donde empez\u00f3 como colaborador (1970) y acab\u00f3 como adjunto al director (2002) dirigiendo los contenidos de la edici\u00f3n digital del peri\u00f3dico (http:\/\/www.laverdad.es\/). En medio, ha tenido responsabilidades en las delegaciones del peri\u00f3dico en Cartagena, Elche y Alicante, esta \u00faltima etapa como director de edici\u00f3n. En la actualidad todav\u00eda sigue colaborando habitualmente con el citado diario. Tambi\u00e9n ha sido subdirector del diario \u2018La Opini\u00f3n de","og_url":"https:\/\/www.euroresidentes.com\/social\/gines-conesa.html","og_site_name":"Social","article_modified_time":"2016-03-02T12:09:23+00:00","og_image":[{"width":700,"height":800,"url":"https:\/\/www.euroresidentes.com\/social\/wp-content\/uploads\/2016\/02\/gines-conesa.jpg","type":"image\/jpeg"}],"twitter_card":"summary_large_image","twitter_misc":{"Est. reading time":"2 minutos"},"schema":{"@context":"https:\/\/schema.org","@graph":[{"@type":"WebPage","@id":"https:\/\/www.euroresidentes.com\/social\/gines-conesa.html","url":"https:\/\/www.euroresidentes.com\/social\/gines-conesa.html","name":"Gin\u00e9s Conesa - Social","isPartOf":{"@id":"https:\/\/www.euroresidentes.com\/social\/#website"},"primaryImageOfPage":{"@id":"https:\/\/www.euroresidentes.com\/social\/gines-conesa.html#primaryimage"},"image":{"@id":"https:\/\/www.euroresidentes.com\/social\/gines-conesa.html#primaryimage"},"thumbnailUrl":"https:\/\/www.euroresidentes.com\/social\/wp-content\/uploads\/2016\/02\/gines-conesa.jpg","datePublished":"2016-02-29T08:06:15+00:00","dateModified":"2016-03-02T12:09:23+00:00","breadcrumb":{"@id":"https:\/\/www.euroresidentes.com\/social\/gines-conesa.html#breadcrumb"},"inLanguage":"es","potentialAction":[{"@type":"ReadAction","target":["https:\/\/www.euroresidentes.com\/social\/gines-conesa.html"]}]},{"@type":"ImageObject","inLanguage":"es","@id":"https:\/\/www.euroresidentes.com\/social\/gines-conesa.html#primaryimage","url":"https:\/\/www.euroresidentes.com\/social\/wp-content\/uploads\/2016\/02\/gines-conesa.jpg","contentUrl":"https:\/\/www.euroresidentes.com\/social\/wp-content\/uploads\/2016\/02\/gines-conesa.jpg","width":700,"height":800},{"@type":"BreadcrumbList","@id":"https:\/\/www.euroresidentes.com\/social\/gines-conesa.html#breadcrumb","itemListElement":[{"@type":"ListItem","position":1,"name":"Home","item":"https:\/\/www.euroresidentes.com\/social\/"},{"@type":"ListItem","position":2,"name":"Gin\u00e9s Conesa"}]},{"@type":"WebSite","@id":"https:\/\/www.euroresidentes.com\/social\/#website","url":"https:\/\/www.euroresidentes.com\/social\/","name":"Social","description":"Otro sitio realizado con WordPress","potentialAction":[{"@type":"SearchAction","target":{"@type":"EntryPoint","urlTemplate":"https:\/\/www.euroresidentes.com\/social\/?s={search_term_string}"},"query-input":{"@type":"PropertyValueSpecification","valueRequired":true,"valueName":"search_term_string"}}],"inLanguage":"es"}]}},"_links":{"self":[{"href":"https:\/\/www.euroresidentes.com\/social\/wp-json\/wp\/v2\/pages\/46"}],"collection":[{"href":"https:\/\/www.euroresidentes.com\/social\/wp-json\/wp\/v2\/pages"}],"about":[{"href":"https:\/\/www.euroresidentes.com\/social\/wp-json\/wp\/v2\/types\/page"}],"author":[{"embeddable":true,"href":"https:\/\/www.euroresidentes.com\/social\/wp-json\/wp\/v2\/users\/1"}],"replies":[{"embeddable":true,"href":"https:\/\/www.euroresidentes.com\/social\/wp-json\/wp\/v2\/comments?post=46"}],"version-history":[{"count":2,"href":"https:\/\/www.euroresidentes.com\/social\/wp-json\/wp\/v2\/pages\/46\/revisions"}],"predecessor-version":[{"id":60,"href":"https:\/\/www.euroresidentes.com\/social\/wp-json\/wp\/v2\/pages\/46\/revisions\/60"}],"wp:featuredmedia":[{"embeddable":true,"href":"https:\/\/www.euroresidentes.com\/social\/wp-json\/wp\/v2\/media\/59"}],"wp:attachment":[{"href":"https:\/\/www.euroresidentes.com\/social\/wp-json\/wp\/v2\/media?parent=46"}],"curies":[{"name":"wp","href":"https:\/\/api.w.org\/{rel}","templated":true}]}}