{"id":44,"date":"2016-02-29T08:05:22","date_gmt":"2016-02-29T08:05:22","guid":{"rendered":"https:\/\/www.euroresidentes.com\/social\/?page_id=44"},"modified":"2016-03-02T12:05:55","modified_gmt":"2016-03-02T12:05:55","slug":"jose-orts","status":"publish","type":"page","link":"https:\/\/www.euroresidentes.com\/social\/jose-orts.html","title":{"rendered":"Jos\u00e9 Orts"},"content":{"rendered":"<p>Sensibilidad, carisma y liderazgo, definen una clase de inteligencia empresarial poco com\u00fan- Si a eso se une valent\u00eda y una personalidad arrolladora estamos poniendo nombres y apellidos: Jos\u00e9 Orts Serrano. El nombre de este ilicitano de coraz\u00f3n aparecer\u00e1 unido a uno de los intentos m\u00e1s audaces de unir la innovaci\u00f3n y modernizaci\u00f3n de la econom\u00eda alicantina. Presidente del Club de Inversores de la Provincia de Alicante, uno de los proyectos m\u00e1s inteligentes y valiosos para orientar el modelo econ\u00f3mico alicantino hacia un siglo XXI, cuyo signo parece ya marcado irreversiblemente por la innovaci\u00f3n, el cambio tecnol\u00f3gico y la econom\u00eda del conocimiento.<br \/>\n<a href=\"https:\/\/www.euroresidentes.com\/social\/wp-content\/uploads\/2016\/02\/jose-orts-serrano.jpg\"><img loading=\"lazy\" decoding=\"async\" class=\"aligncenter size-full wp-image-57\" src=\"https:\/\/www.euroresidentes.com\/social\/wp-content\/uploads\/2016\/02\/jose-orts-serrano.jpg\" alt=\"jose-orts-serrano\" width=\"700\" height=\"525\" srcset=\"https:\/\/www.euroresidentes.com\/social\/wp-content\/uploads\/2016\/02\/jose-orts-serrano.jpg 700w, https:\/\/www.euroresidentes.com\/social\/wp-content\/uploads\/2016\/02\/jose-orts-serrano-300x225.jpg 300w\" sizes=\"(max-width: 700px) 100vw, 700px\" \/><\/a><\/p>\n<p>Empresario que supo intuir el valor de la biotecnolog\u00eda, la investigaci\u00f3n aplicada, el capital humano o las t\u00e9cnicas m\u00e1s avanzadas de formaci\u00f3n y gesti\u00f3n empresarial. Presidente durante muchos a\u00f1os de FUNDESEM, miembro del Consejo Social de la Universidad y persona preocupada por la aplicaci\u00f3n de conocimientos y la innovaci\u00f3n a la empresa.<\/p>\n<p>Su creatividad y buen hacer empresarial quedar\u00e1 marcado en muchas de las empresas de hosteler\u00eda, jardiner\u00eda, innovaci\u00f3n, I+D, que gestion\u00f3, fund\u00f3 o desarroll\u00f3 en torno a ese lugar emblem\u00e1tico y patrimonial de Elche que es El Huerto del Cura.<\/p>\n<p>Empresario culto, orgulloso de sus ra\u00edces pero abierto al mundo, a los cambios y a la profesionalizaci\u00f3n en la toma de decisiones, incluso en el reservado \u00e1mbito para muchos de la empresa familiar.<\/p>\n","protected":false},"excerpt":{"rendered":"<p>Sensibilidad, carisma y liderazgo, definen una clase de inteligencia empresarial poco com\u00fan- Si a eso se une valent\u00eda y una personalidad arrolladora estamos poniendo nombres y apellidos: Jos\u00e9 Orts Serrano. El nombre de este ilicitano de coraz\u00f3n aparecer\u00e1 unido a uno de los intentos m\u00e1s audaces de unir la innovaci\u00f3n y modernizaci\u00f3n de la econom\u00eda alicantina. Presidente del Club de Inversores de la Provincia de Alicante, uno de los proyectos m\u00e1s inteligentes y valiosos para orientar el modelo econ\u00f3mico alicantino hacia un siglo XXI, cuyo signo parece ya marcado irreversiblemente por la innovaci\u00f3n, el cambio tecnol\u00f3gico y la econom\u00eda del <\/p>\n","protected":false},"author":1,"featured_media":57,"parent":0,"menu_order":0,"comment_status":"closed","ping_status":"closed","template":"sociallyviral-child\/page-author.php","meta":{"footnotes":""},"class_list":["post-44","page","type-page","status-publish","has-post-thumbnail","hentry","has_thumb"],"yoast_head":"<!-- This site is optimized with the Yoast SEO plugin v25.6 - https:\/\/yoast.com\/wordpress\/plugins\/seo\/ -->\n<title>Jos\u00e9 Orts - Social<\/title>\n<meta name=\"robots\" content=\"index, follow, max-snippet:-1, max-image-preview:large, max-video-preview:-1\" \/>\n<link rel=\"canonical\" href=\"https:\/\/www.euroresidentes.com\/social\/jose-orts.html\" \/>\n<meta property=\"og:locale\" content=\"es_ES\" \/>\n<meta property=\"og:type\" content=\"article\" \/>\n<meta property=\"og:title\" content=\"Jos\u00e9 Orts - Social\" \/>\n<meta property=\"og:description\" content=\"Sensibilidad, carisma y liderazgo, definen una clase de inteligencia empresarial poco com\u00fan- Si a eso se une valent\u00eda y una personalidad arrolladora estamos poniendo nombres y apellidos: Jos\u00e9 Orts Serrano. El nombre de este ilicitano de coraz\u00f3n aparecer\u00e1 unido a uno de los intentos m\u00e1s audaces de unir la innovaci\u00f3n y modernizaci\u00f3n de la econom\u00eda alicantina. Presidente del Club de Inversores de la Provincia de Alicante, uno de los proyectos m\u00e1s inteligentes y valiosos para orientar el modelo econ\u00f3mico alicantino hacia un siglo XXI, cuyo signo parece ya marcado irreversiblemente por la innovaci\u00f3n, el cambio tecnol\u00f3gico y la econom\u00eda del\" \/>\n<meta property=\"og:url\" content=\"https:\/\/www.euroresidentes.com\/social\/jose-orts.html\" \/>\n<meta property=\"og:site_name\" content=\"Social\" \/>\n<meta property=\"article:modified_time\" content=\"2016-03-02T12:05:55+00:00\" \/>\n<meta property=\"og:image\" content=\"https:\/\/www.euroresidentes.com\/social\/wp-content\/uploads\/2016\/02\/jose-orts-serrano.jpg\" \/>\n\t<meta property=\"og:image:width\" content=\"700\" \/>\n\t<meta property=\"og:image:height\" content=\"525\" \/>\n\t<meta property=\"og:image:type\" content=\"image\/jpeg\" \/>\n<meta name=\"twitter:card\" content=\"summary_large_image\" \/>\n<meta name=\"twitter:label1\" content=\"Est. reading time\" \/>\n\t<meta name=\"twitter:data1\" content=\"1 minuto\" \/>\n<script type=\"application\/ld+json\" class=\"yoast-schema-graph\">{\"@context\":\"https:\/\/schema.org\",\"@graph\":[{\"@type\":\"WebPage\",\"@id\":\"https:\/\/www.euroresidentes.com\/social\/jose-orts.html\",\"url\":\"https:\/\/www.euroresidentes.com\/social\/jose-orts.html\",\"name\":\"Jos\u00e9 Orts - Social\",\"isPartOf\":{\"@id\":\"https:\/\/www.euroresidentes.com\/social\/#website\"},\"primaryImageOfPage\":{\"@id\":\"https:\/\/www.euroresidentes.com\/social\/jose-orts.html#primaryimage\"},\"image\":{\"@id\":\"https:\/\/www.euroresidentes.com\/social\/jose-orts.html#primaryimage\"},\"thumbnailUrl\":\"https:\/\/www.euroresidentes.com\/social\/wp-content\/uploads\/2016\/02\/jose-orts-serrano.jpg\",\"datePublished\":\"2016-02-29T08:05:22+00:00\",\"dateModified\":\"2016-03-02T12:05:55+00:00\",\"breadcrumb\":{\"@id\":\"https:\/\/www.euroresidentes.com\/social\/jose-orts.html#breadcrumb\"},\"inLanguage\":\"es\",\"potentialAction\":[{\"@type\":\"ReadAction\",\"target\":[\"https:\/\/www.euroresidentes.com\/social\/jose-orts.html\"]}]},{\"@type\":\"ImageObject\",\"inLanguage\":\"es\",\"@id\":\"https:\/\/www.euroresidentes.com\/social\/jose-orts.html#primaryimage\",\"url\":\"https:\/\/www.euroresidentes.com\/social\/wp-content\/uploads\/2016\/02\/jose-orts-serrano.jpg\",\"contentUrl\":\"https:\/\/www.euroresidentes.com\/social\/wp-content\/uploads\/2016\/02\/jose-orts-serrano.jpg\",\"width\":700,\"height\":525},{\"@type\":\"BreadcrumbList\",\"@id\":\"https:\/\/www.euroresidentes.com\/social\/jose-orts.html#breadcrumb\",\"itemListElement\":[{\"@type\":\"ListItem\",\"position\":1,\"name\":\"Home\",\"item\":\"https:\/\/www.euroresidentes.com\/social\/\"},{\"@type\":\"ListItem\",\"position\":2,\"name\":\"Jos\u00e9 Orts\"}]},{\"@type\":\"WebSite\",\"@id\":\"https:\/\/www.euroresidentes.com\/social\/#website\",\"url\":\"https:\/\/www.euroresidentes.com\/social\/\",\"name\":\"Social\",\"description\":\"Otro sitio realizado con WordPress\",\"potentialAction\":[{\"@type\":\"SearchAction\",\"target\":{\"@type\":\"EntryPoint\",\"urlTemplate\":\"https:\/\/www.euroresidentes.com\/social\/?s={search_term_string}\"},\"query-input\":{\"@type\":\"PropertyValueSpecification\",\"valueRequired\":true,\"valueName\":\"search_term_string\"}}],\"inLanguage\":\"es\"}]}<\/script>\n<!-- \/ Yoast SEO plugin. -->","yoast_head_json":{"title":"Jos\u00e9 Orts - Social","robots":{"index":"index","follow":"follow","max-snippet":"max-snippet:-1","max-image-preview":"max-image-preview:large","max-video-preview":"max-video-preview:-1"},"canonical":"https:\/\/www.euroresidentes.com\/social\/jose-orts.html","og_locale":"es_ES","og_type":"article","og_title":"Jos\u00e9 Orts - Social","og_description":"Sensibilidad, carisma y liderazgo, definen una clase de inteligencia empresarial poco com\u00fan- Si a eso se une valent\u00eda y una personalidad arrolladora estamos poniendo nombres y apellidos: Jos\u00e9 Orts Serrano. El nombre de este ilicitano de coraz\u00f3n aparecer\u00e1 unido a uno de los intentos m\u00e1s audaces de unir la innovaci\u00f3n y modernizaci\u00f3n de la econom\u00eda alicantina. Presidente del Club de Inversores de la Provincia de Alicante, uno de los proyectos m\u00e1s inteligentes y valiosos para orientar el modelo econ\u00f3mico alicantino hacia un siglo XXI, cuyo signo parece ya marcado irreversiblemente por la innovaci\u00f3n, el cambio tecnol\u00f3gico y la econom\u00eda del","og_url":"https:\/\/www.euroresidentes.com\/social\/jose-orts.html","og_site_name":"Social","article_modified_time":"2016-03-02T12:05:55+00:00","og_image":[{"width":700,"height":525,"url":"https:\/\/www.euroresidentes.com\/social\/wp-content\/uploads\/2016\/02\/jose-orts-serrano.jpg","type":"image\/jpeg"}],"twitter_card":"summary_large_image","twitter_misc":{"Est. reading time":"1 minuto"},"schema":{"@context":"https:\/\/schema.org","@graph":[{"@type":"WebPage","@id":"https:\/\/www.euroresidentes.com\/social\/jose-orts.html","url":"https:\/\/www.euroresidentes.com\/social\/jose-orts.html","name":"Jos\u00e9 Orts - Social","isPartOf":{"@id":"https:\/\/www.euroresidentes.com\/social\/#website"},"primaryImageOfPage":{"@id":"https:\/\/www.euroresidentes.com\/social\/jose-orts.html#primaryimage"},"image":{"@id":"https:\/\/www.euroresidentes.com\/social\/jose-orts.html#primaryimage"},"thumbnailUrl":"https:\/\/www.euroresidentes.com\/social\/wp-content\/uploads\/2016\/02\/jose-orts-serrano.jpg","datePublished":"2016-02-29T08:05:22+00:00","dateModified":"2016-03-02T12:05:55+00:00","breadcrumb":{"@id":"https:\/\/www.euroresidentes.com\/social\/jose-orts.html#breadcrumb"},"inLanguage":"es","potentialAction":[{"@type":"ReadAction","target":["https:\/\/www.euroresidentes.com\/social\/jose-orts.html"]}]},{"@type":"ImageObject","inLanguage":"es","@id":"https:\/\/www.euroresidentes.com\/social\/jose-orts.html#primaryimage","url":"https:\/\/www.euroresidentes.com\/social\/wp-content\/uploads\/2016\/02\/jose-orts-serrano.jpg","contentUrl":"https:\/\/www.euroresidentes.com\/social\/wp-content\/uploads\/2016\/02\/jose-orts-serrano.jpg","width":700,"height":525},{"@type":"BreadcrumbList","@id":"https:\/\/www.euroresidentes.com\/social\/jose-orts.html#breadcrumb","itemListElement":[{"@type":"ListItem","position":1,"name":"Home","item":"https:\/\/www.euroresidentes.com\/social\/"},{"@type":"ListItem","position":2,"name":"Jos\u00e9 Orts"}]},{"@type":"WebSite","@id":"https:\/\/www.euroresidentes.com\/social\/#website","url":"https:\/\/www.euroresidentes.com\/social\/","name":"Social","description":"Otro sitio realizado con WordPress","potentialAction":[{"@type":"SearchAction","target":{"@type":"EntryPoint","urlTemplate":"https:\/\/www.euroresidentes.com\/social\/?s={search_term_string}"},"query-input":{"@type":"PropertyValueSpecification","valueRequired":true,"valueName":"search_term_string"}}],"inLanguage":"es"}]}},"_links":{"self":[{"href":"https:\/\/www.euroresidentes.com\/social\/wp-json\/wp\/v2\/pages\/44"}],"collection":[{"href":"https:\/\/www.euroresidentes.com\/social\/wp-json\/wp\/v2\/pages"}],"about":[{"href":"https:\/\/www.euroresidentes.com\/social\/wp-json\/wp\/v2\/types\/page"}],"author":[{"embeddable":true,"href":"https:\/\/www.euroresidentes.com\/social\/wp-json\/wp\/v2\/users\/1"}],"replies":[{"embeddable":true,"href":"https:\/\/www.euroresidentes.com\/social\/wp-json\/wp\/v2\/comments?post=44"}],"version-history":[{"count":3,"href":"https:\/\/www.euroresidentes.com\/social\/wp-json\/wp\/v2\/pages\/44\/revisions"}],"predecessor-version":[{"id":58,"href":"https:\/\/www.euroresidentes.com\/social\/wp-json\/wp\/v2\/pages\/44\/revisions\/58"}],"wp:featuredmedia":[{"embeddable":true,"href":"https:\/\/www.euroresidentes.com\/social\/wp-json\/wp\/v2\/media\/57"}],"wp:attachment":[{"href":"https:\/\/www.euroresidentes.com\/social\/wp-json\/wp\/v2\/media?parent=44"}],"curies":[{"name":"wp","href":"https:\/\/api.w.org\/{rel}","templated":true}]}}