{"id":40,"date":"2016-02-29T07:59:11","date_gmt":"2016-02-29T07:59:11","guid":{"rendered":"https:\/\/www.euroresidentes.com\/social\/?page_id=40"},"modified":"2016-08-29T10:11:36","modified_gmt":"2016-08-29T08:11:36","slug":"david-bonilla","status":"publish","type":"page","link":"https:\/\/www.euroresidentes.com\/social\/david-bonilla.html","title":{"rendered":"David Bonilla"},"content":{"rendered":"<p><center><img decoding=\"async\" style=\"width: 50%;\" src=\"http:\/\/3.bp.blogspot.com\/-Mw7V6zYoRUE\/VaU4hYjp-lI\/AAAAAAAAJo8\/Zvzvh-h9qyY\/s1600\/David%2Bb.m.jpg\" alt=\"David bonilla\" \/><\/center><\/p>\n<h3 style=\"text-align: center;\"><strong>10 cosas sobre David Bonilla<\/strong><\/h3>\n<p>1. Nac\u00ed en Almer\u00eda y vivo actualmente en Alicante, una de las mejores ciudades del mundo para vivir. He disfrutado de las mejores playas y de los entornos naturales de mayor valor ecol\u00f3gico.<\/p>\n<p>2. Llevo m\u00e1s de 10 a\u00f1os trabajando en la gesti\u00f3n administrativa. Me conozco todas las Administraciones P\u00fablicas y he hecho todos los tr\u00e1mites administrativos posibles. Mi objetivo es ayudarte para que todo sea f\u00e1cil y r\u00e1pido. Aunque parezca una misi\u00f3n imposible cuando haces gestiones, papeles o tr\u00e1mites oficiales.<\/p>\n<p>3. Soy mani\u00e1tico, demasiado ordenado y no puedo evitarlo (tampoco me he tomado en serio el intento de cambiarlo). Se podr\u00eda decir que soy un \u00abfriki\u00bb del orden. Alg\u00fan defecto deb\u00eda tener&#8230;<\/p>\n<p>4. Mi objetivo cuando sea mayor es conocer todo lo relacionado con el mundo de las nuevas tecnolog\u00edas.<\/p>\n<p>5. Mi experiencia y esfuerzo en el trabajo se ver\u00e1n compensados cuando consiga ayudar a otras personas y compartir mis conocimientos con todos aquellos a los que les pueda interesar.<\/p>\n<p>6. Mis aficiones son el deporte \u00abCrosstfit\u00bb, el dulce y dormir como un perezoso, aunque me inquieta el perder el tiempo.<\/p>\n<p>7. Tengo una hermana en Londres. Me encanta siempre que puedo visitar esta ciudad. Todo me sabe a diferente: comer, comprar, ir a sus museos, visitar los incre\u00edbles parques o incluso tomar el metro entre tanta multiculturalidad.<\/p>\n<p>8. Estoy dise\u00f1ando un proyecto para vivir en Australia un a\u00f1o. Me encanta viajar y aprender cosas nuevas. Me estoy reinventando. \ud83d\ude42<\/p>\n<p>9. Mis \u00eddolos: Los minions. #bananaaaa #papayaaa<\/p>\n<p>10. Me define: Lo dif\u00edcil se consigue, lo imposible se intenta.<\/p>\n","protected":false},"excerpt":{"rendered":"<p>10 cosas sobre David Bonilla 1. Nac\u00ed en Almer\u00eda y vivo actualmente en Alicante, una de las mejores ciudades del mundo para vivir. He disfrutado de las mejores playas y de los entornos naturales de mayor valor ecol\u00f3gico. 2. Llevo m\u00e1s de 10 a\u00f1os trabajando en la gesti\u00f3n administrativa. Me conozco todas las Administraciones P\u00fablicas y he hecho todos los tr\u00e1mites administrativos posibles. Mi objetivo es ayudarte para que todo sea f\u00e1cil y r\u00e1pido. Aunque parezca una misi\u00f3n imposible cuando haces gestiones, papeles o tr\u00e1mites oficiales. 3. Soy mani\u00e1tico, demasiado ordenado y no puedo evitarlo (tampoco me he tomado en <\/p>\n","protected":false},"author":1,"featured_media":61,"parent":0,"menu_order":0,"comment_status":"closed","ping_status":"closed","template":"sociallyviral-child\/page-author.php","meta":{"footnotes":""},"class_list":["post-40","page","type-page","status-publish","has-post-thumbnail","hentry","has_thumb"],"yoast_head":"<!-- This site is optimized with the Yoast SEO plugin v25.6 - https:\/\/yoast.com\/wordpress\/plugins\/seo\/ -->\n<title>David Bonilla - Social<\/title>\n<meta name=\"robots\" content=\"index, follow, max-snippet:-1, max-image-preview:large, max-video-preview:-1\" \/>\n<link rel=\"canonical\" href=\"https:\/\/www.euroresidentes.com\/social\/david-bonilla.html\" \/>\n<meta property=\"og:locale\" content=\"es_ES\" \/>\n<meta property=\"og:type\" content=\"article\" \/>\n<meta property=\"og:title\" content=\"David Bonilla - Social\" \/>\n<meta property=\"og:description\" content=\"10 cosas sobre David Bonilla 1. Nac\u00ed en Almer\u00eda y vivo actualmente en Alicante, una de las mejores ciudades del mundo para vivir. He disfrutado de las mejores playas y de los entornos naturales de mayor valor ecol\u00f3gico. 2. Llevo m\u00e1s de 10 a\u00f1os trabajando en la gesti\u00f3n administrativa. Me conozco todas las Administraciones P\u00fablicas y he hecho todos los tr\u00e1mites administrativos posibles. Mi objetivo es ayudarte para que todo sea f\u00e1cil y r\u00e1pido. Aunque parezca una misi\u00f3n imposible cuando haces gestiones, papeles o tr\u00e1mites oficiales. 3. Soy mani\u00e1tico, demasiado ordenado y no puedo evitarlo (tampoco me he tomado en\" \/>\n<meta property=\"og:url\" content=\"https:\/\/www.euroresidentes.com\/social\/david-bonilla.html\" \/>\n<meta property=\"og:site_name\" content=\"Social\" \/>\n<meta property=\"article:modified_time\" content=\"2016-08-29T08:11:36+00:00\" \/>\n<meta property=\"og:image\" content=\"https:\/\/www.euroresidentes.com\/social\/wp-content\/uploads\/2016\/02\/David-bonilla.jpg\" \/>\n\t<meta property=\"og:image:width\" content=\"210\" \/>\n\t<meta property=\"og:image:height\" content=\"280\" \/>\n\t<meta property=\"og:image:type\" content=\"image\/jpeg\" \/>\n<meta name=\"twitter:card\" content=\"summary_large_image\" \/>\n<meta name=\"twitter:label1\" content=\"Est. reading time\" \/>\n\t<meta name=\"twitter:data1\" content=\"1 minuto\" \/>\n<script type=\"application\/ld+json\" class=\"yoast-schema-graph\">{\"@context\":\"https:\/\/schema.org\",\"@graph\":[{\"@type\":\"WebPage\",\"@id\":\"https:\/\/www.euroresidentes.com\/social\/david-bonilla.html\",\"url\":\"https:\/\/www.euroresidentes.com\/social\/david-bonilla.html\",\"name\":\"David Bonilla - Social\",\"isPartOf\":{\"@id\":\"https:\/\/www.euroresidentes.com\/social\/#website\"},\"primaryImageOfPage\":{\"@id\":\"https:\/\/www.euroresidentes.com\/social\/david-bonilla.html#primaryimage\"},\"image\":{\"@id\":\"https:\/\/www.euroresidentes.com\/social\/david-bonilla.html#primaryimage\"},\"thumbnailUrl\":\"https:\/\/www.euroresidentes.com\/social\/wp-content\/uploads\/2016\/02\/David-bonilla.jpg\",\"datePublished\":\"2016-02-29T07:59:11+00:00\",\"dateModified\":\"2016-08-29T08:11:36+00:00\",\"breadcrumb\":{\"@id\":\"https:\/\/www.euroresidentes.com\/social\/david-bonilla.html#breadcrumb\"},\"inLanguage\":\"es\",\"potentialAction\":[{\"@type\":\"ReadAction\",\"target\":[\"https:\/\/www.euroresidentes.com\/social\/david-bonilla.html\"]}]},{\"@type\":\"ImageObject\",\"inLanguage\":\"es\",\"@id\":\"https:\/\/www.euroresidentes.com\/social\/david-bonilla.html#primaryimage\",\"url\":\"https:\/\/www.euroresidentes.com\/social\/wp-content\/uploads\/2016\/02\/David-bonilla.jpg\",\"contentUrl\":\"https:\/\/www.euroresidentes.com\/social\/wp-content\/uploads\/2016\/02\/David-bonilla.jpg\",\"width\":210,\"height\":280},{\"@type\":\"BreadcrumbList\",\"@id\":\"https:\/\/www.euroresidentes.com\/social\/david-bonilla.html#breadcrumb\",\"itemListElement\":[{\"@type\":\"ListItem\",\"position\":1,\"name\":\"Home\",\"item\":\"https:\/\/www.euroresidentes.com\/social\/\"},{\"@type\":\"ListItem\",\"position\":2,\"name\":\"David Bonilla\"}]},{\"@type\":\"WebSite\",\"@id\":\"https:\/\/www.euroresidentes.com\/social\/#website\",\"url\":\"https:\/\/www.euroresidentes.com\/social\/\",\"name\":\"Social\",\"description\":\"Otro sitio realizado con WordPress\",\"potentialAction\":[{\"@type\":\"SearchAction\",\"target\":{\"@type\":\"EntryPoint\",\"urlTemplate\":\"https:\/\/www.euroresidentes.com\/social\/?s={search_term_string}\"},\"query-input\":{\"@type\":\"PropertyValueSpecification\",\"valueRequired\":true,\"valueName\":\"search_term_string\"}}],\"inLanguage\":\"es\"}]}<\/script>\n<!-- \/ Yoast SEO plugin. -->","yoast_head_json":{"title":"David Bonilla - Social","robots":{"index":"index","follow":"follow","max-snippet":"max-snippet:-1","max-image-preview":"max-image-preview:large","max-video-preview":"max-video-preview:-1"},"canonical":"https:\/\/www.euroresidentes.com\/social\/david-bonilla.html","og_locale":"es_ES","og_type":"article","og_title":"David Bonilla - Social","og_description":"10 cosas sobre David Bonilla 1. Nac\u00ed en Almer\u00eda y vivo actualmente en Alicante, una de las mejores ciudades del mundo para vivir. He disfrutado de las mejores playas y de los entornos naturales de mayor valor ecol\u00f3gico. 2. Llevo m\u00e1s de 10 a\u00f1os trabajando en la gesti\u00f3n administrativa. Me conozco todas las Administraciones P\u00fablicas y he hecho todos los tr\u00e1mites administrativos posibles. Mi objetivo es ayudarte para que todo sea f\u00e1cil y r\u00e1pido. Aunque parezca una misi\u00f3n imposible cuando haces gestiones, papeles o tr\u00e1mites oficiales. 3. Soy mani\u00e1tico, demasiado ordenado y no puedo evitarlo (tampoco me he tomado en","og_url":"https:\/\/www.euroresidentes.com\/social\/david-bonilla.html","og_site_name":"Social","article_modified_time":"2016-08-29T08:11:36+00:00","og_image":[{"width":210,"height":280,"url":"https:\/\/www.euroresidentes.com\/social\/wp-content\/uploads\/2016\/02\/David-bonilla.jpg","type":"image\/jpeg"}],"twitter_card":"summary_large_image","twitter_misc":{"Est. reading time":"1 minuto"},"schema":{"@context":"https:\/\/schema.org","@graph":[{"@type":"WebPage","@id":"https:\/\/www.euroresidentes.com\/social\/david-bonilla.html","url":"https:\/\/www.euroresidentes.com\/social\/david-bonilla.html","name":"David Bonilla - Social","isPartOf":{"@id":"https:\/\/www.euroresidentes.com\/social\/#website"},"primaryImageOfPage":{"@id":"https:\/\/www.euroresidentes.com\/social\/david-bonilla.html#primaryimage"},"image":{"@id":"https:\/\/www.euroresidentes.com\/social\/david-bonilla.html#primaryimage"},"thumbnailUrl":"https:\/\/www.euroresidentes.com\/social\/wp-content\/uploads\/2016\/02\/David-bonilla.jpg","datePublished":"2016-02-29T07:59:11+00:00","dateModified":"2016-08-29T08:11:36+00:00","breadcrumb":{"@id":"https:\/\/www.euroresidentes.com\/social\/david-bonilla.html#breadcrumb"},"inLanguage":"es","potentialAction":[{"@type":"ReadAction","target":["https:\/\/www.euroresidentes.com\/social\/david-bonilla.html"]}]},{"@type":"ImageObject","inLanguage":"es","@id":"https:\/\/www.euroresidentes.com\/social\/david-bonilla.html#primaryimage","url":"https:\/\/www.euroresidentes.com\/social\/wp-content\/uploads\/2016\/02\/David-bonilla.jpg","contentUrl":"https:\/\/www.euroresidentes.com\/social\/wp-content\/uploads\/2016\/02\/David-bonilla.jpg","width":210,"height":280},{"@type":"BreadcrumbList","@id":"https:\/\/www.euroresidentes.com\/social\/david-bonilla.html#breadcrumb","itemListElement":[{"@type":"ListItem","position":1,"name":"Home","item":"https:\/\/www.euroresidentes.com\/social\/"},{"@type":"ListItem","position":2,"name":"David Bonilla"}]},{"@type":"WebSite","@id":"https:\/\/www.euroresidentes.com\/social\/#website","url":"https:\/\/www.euroresidentes.com\/social\/","name":"Social","description":"Otro sitio realizado con WordPress","potentialAction":[{"@type":"SearchAction","target":{"@type":"EntryPoint","urlTemplate":"https:\/\/www.euroresidentes.com\/social\/?s={search_term_string}"},"query-input":{"@type":"PropertyValueSpecification","valueRequired":true,"valueName":"search_term_string"}}],"inLanguage":"es"}]}},"_links":{"self":[{"href":"https:\/\/www.euroresidentes.com\/social\/wp-json\/wp\/v2\/pages\/40"}],"collection":[{"href":"https:\/\/www.euroresidentes.com\/social\/wp-json\/wp\/v2\/pages"}],"about":[{"href":"https:\/\/www.euroresidentes.com\/social\/wp-json\/wp\/v2\/types\/page"}],"author":[{"embeddable":true,"href":"https:\/\/www.euroresidentes.com\/social\/wp-json\/wp\/v2\/users\/1"}],"replies":[{"embeddable":true,"href":"https:\/\/www.euroresidentes.com\/social\/wp-json\/wp\/v2\/comments?post=40"}],"version-history":[{"count":5,"href":"https:\/\/www.euroresidentes.com\/social\/wp-json\/wp\/v2\/pages\/40\/revisions"}],"predecessor-version":[{"id":96,"href":"https:\/\/www.euroresidentes.com\/social\/wp-json\/wp\/v2\/pages\/40\/revisions\/96"}],"wp:featuredmedia":[{"embeddable":true,"href":"https:\/\/www.euroresidentes.com\/social\/wp-json\/wp\/v2\/media\/61"}],"wp:attachment":[{"href":"https:\/\/www.euroresidentes.com\/social\/wp-json\/wp\/v2\/media?parent=40"}],"curies":[{"name":"wp","href":"https:\/\/api.w.org\/{rel}","templated":true}]}}