 

{"id":30,"date":"2016-03-10T10:12:09","date_gmt":"2016-03-10T10:12:09","guid":{"rendered":"https:\/\/www.euroresidentes.com\/salud\/?page_id=30"},"modified":"2017-01-05T11:44:58","modified_gmt":"2017-01-05T10:44:58","slug":"raquel-pomares-formacion-experiencia","status":"publish","type":"page","link":"https:\/\/www.euroresidentes.com\/salud\/raquel-pomares-formacion-experiencia\/","title":{"rendered":"\u00bfCu\u00e1l es mi formaci\u00f3n y experiencia profesional?"},"content":{"rendered":"<p><b>FORMACION ACADEMICA.<\/b><\/p>\n<ul>\n<li style=\"text-align: justify\">Licenciada en Ciencias Biol\u00f3gicas. Universidad de Alicante. Facultad de Ciencias. Promoci\u00f3n 1992-1996<\/li>\n<li style=\"text-align: justify\">Tesina de licenciatura titulada: \u201cModulabilidad de la respuesta a la glucosa de la c\u00e9lula \u03b2 pancre\u00e1tica por acci\u00f3n muscar\u00ednica\u201d, obteniendo la calificaci\u00f3n de Sobresaliente. 1996-1997<\/li>\n<li style=\"text-align: justify\">Doctora por la Universidad Miguel Hern\u00e1ndez. Programa de Bioingenier\u00eda. Calificaci\u00f3n obtenida de Sobresaliente cum laude. Diciembre de 2001.<\/li>\n<li style=\"text-align: justify\">Especialista Universitario en Biolog\u00eda de la Reproducci\u00f3n. Universidad Miguel Hern\u00e1ndez-Cl\u00ednica Vistahermosa. 3\u00aa Edici\u00f3n, Curso 2003-2004.<\/li>\n<\/ul>\n<p>&nbsp;<\/p>\n<p> <b>EXPERIENCIA PROFESIONAL.<\/b><\/p>\n<ul>\n<li>Desde 2004- Profesora Asociada. Universidad Miguel Hern\u00e1ndez.\u00a0Departamento de Fisiolog\u00eda<\/li>\n<li>Colaborador docente. Facultad de Medicina. Universidad Miguel Hern\u00e1ndez<\/li>\n<li>1996- 1997 Colaborador docente. Facultad de Medicina. Universidad de Alicante.<\/li>\n<\/ul>\n<p><a style=\"margin-left: 1em;margin-right: 1em\" href=\"http:\/\/2.bp.blogspot.com\/-xUakwrCbd0Q\/UAXepG_s5nI\/AAAAAAAAD4I\/C1VpC7GcAzw\/s1600\/raquel-pomares.jpeg\"><img decoding=\"async\" class=\"aligncenter\" src=\"http:\/\/2.bp.blogspot.com\/-xUakwrCbd0Q\/UAXepG_s5nI\/AAAAAAAAD4I\/C1VpC7GcAzw\/s1600\/raquel-pomares.jpeg\" alt=\"\" border=\"0\" \/><\/a><\/p>\n<p><b>FORMACI\u00d3N\u00a0COMPLEMENTARIA: CURSOS Y SEMINARIOS.<\/b><\/p>\n<ul>\n<li style=\"text-align: justify\">Conservaci\u00f3n y explotaci\u00f3n de la fauna en ecosistemas mediterr\u00e1neos. Fundaci\u00f3n Juan Gil-Albert. Alicante. 2-3 Diciembre 1993.<\/li>\n<li style=\"text-align: justify\">Programa de Doctorado del Instituto de Neurociencias. Universidad de Alicante, 1996-1998.<\/li>\n<li style=\"text-align: justify\">Seminarios del Instituto de Neurociencias. Instituto de Neurociencias, desde Julio de 1996 hasta la actualidad.<\/li>\n<li style=\"text-align: justify\">\u00abOn line monitoring of intracellular messengers\u00bb. Satellite Workshop of Eurotox\u00b4 96. Alicante, 26-27 septiembre 1996.<\/li>\n<li style=\"text-align: justify\">\u00abNeural development: molecular and cellular mechanims\u00bb. Curso de Invierno internacional del Instituto de Neurociencias, Diciembre 1996<\/li>\n<li style=\"text-align: justify\">Introducci\u00f3n te\u00f3rico-pr\u00e1ctica al manejo del microscopio confocal, Alicante, Febrero 1997.<\/li>\n<li style=\"text-align: justify\">\u00abLa Corteza Cerebral Asociativa. Fundamentos Neurobiologicos de las funciones cerebrales superiores del cerebro\u00bb. Curso Internacional de Doctorado. Universidad Autonoma de Madrid, Madrid, 27-29 Mayo 1998.<\/li>\n<\/ul>\n<ul>\n<li style=\"text-align: justify\">Seminarios del Instituto de Bioingenier\u00eda. Instituto de Bioingenier\u00eda, desde 1997 hasta la actualidad.<\/li>\n<\/ul>\n<ul>\n<li style=\"text-align: justify\">C\u00e9lulas madre: entre la biotecnolog\u00eda y la bio\u00e9tica. Debates transdisciplinares. Barcelona, 28-29 Mayo de 2002.<\/li>\n<\/ul>\n<ul>\n<li style=\"text-align: justify\">C\u00e9lulas troncales y clonaci\u00f3n. Cocentaina (Alicante), 8-10 Julio de 2002.<\/li>\n<\/ul>\n<ul>\n<li style=\"text-align: justify\">C\u00e9lulas madre, embriones y clonaci\u00f3n: mitos y realidades. Santander, 5-9 Agosto de 2002.<\/li>\n<\/ul>\n<ul>\n<li style=\"text-align: justify\">Curs de T\u00e8cniques de Fisiologia Cel.lular. Societat Catalana de Biologia e Instituto de Bioingenieria, San Juan (Alicante), 3-4 octubre de 2002.<\/li>\n<\/ul>\n<ul>\n<li style=\"text-align: justify\">C\u00e9lulas madre y clonaci\u00f3n. Fundaci\u00f3n \u201cLa Caixa\u201d y Fundaci\u00f3n Santiago Dexeus, Barcelona, 21-22 noviembre de 2002.<\/li>\n<\/ul>\n<ul>\n<li style=\"text-align: justify\">II Curs de T\u00e8cniques de Fisiologia Cel.lular. Societat Catalana de Biologia e Instituto de Bioingenieria, San Juan (Alicante), 24-26 septiembre de 2003.<\/li>\n<\/ul>\n<ul>\n<li style=\"text-align: justify\">II Symposium of the Center for genomic Regulation. \u201cCell reprogramming and epigenetics\u201d. Barcelona, 11 octubre de 2003.<\/li>\n<\/ul>\n<ul>\n<li style=\"text-align: justify\">Cultivo de C\u00e9lulas animales: conceptos b\u00e1sicos y t\u00e9cnicas aplicadas. Curso de Formaci\u00f3n &#8211; VII Edici\u00f3n. Murcia, 3-7 noviembre de 2003.<\/li>\n<\/ul>\n<p>&nbsp;<\/p>\n<p> <strong>PUBLICACIONES<\/strong><br \/> (<span class=\"Apple-style-span\" style=\"font-size: x-small\">CLAVE: L= libro completo, CL.= cap\u00edtulo de libro, A= art\u00edculo, R= revisi\u00f3n\/\u201dreview\u201d, E= editor\/a ).<\/span><\/p>\n<ul>\n<li style=\"text-align: justify\">E. Andreu, R. Pomares, B. Soria y J.V. S\u00e1nchez Andr\u00e9sTITULO: Balance between intercellular coupling and input resistance as a necessary requirement for oscillatory activity in pancreatic beta-cell.\u00a0REF. REVISTA\/LIBRO: Lect. Notes Comp. Sci. 153: 146-153, 1997.\u00a0<\/li>\n<\/ul>\n<ul>\n<li style=\"text-align: justify\">R. Pomares, A.B. Ropero, J.V. S\u00e1nchez Andr\u00e9s, A. Nadal, B. Soria y W. Malaisse.\u00a0TITULO: Effects of hexose pentaacetates on electrical activity and cytosolic calcium in mouse pancreatic islets.\u00a0REF. REVISTA\/LIBRO: Int. J. Mol. Med. 3(1):15-20, 1999.<\/li>\n<\/ul>\n<ul>\n<li style=\"text-align: justify\">E. Andreu, R. Pomares, B. Soria y J.V. S\u00e1nchez Andr\u00e9s.\u00a0TITULO: Homogeneity in the electrical activity pattern as a function of intercellular coupling in cell networks.\u00a0REF. REVISTA\/LIBRO: Lect. Notes Comp. Sci. 2084: 14-21, 2001.<\/li>\n<\/ul>\n<p><b><br \/> <\/b><br \/> <b>CONGRESOS.<\/b><\/p>\n<ul>\n<li style=\"text-align: justify\">E.Andreu, R. Pomares, B. Soria y J.V. S\u00e1nchez-Andr\u00e9s.\u00a0T\u00cdTULO: \u201cCoupling conduntances and optimal input resistance in mouse \u03b2-cell\u201d.\u00a0TIPO DE PARTICIPACI\u00d3N: Comunicaci\u00f3n Oral.\u00a0CONGRESO: 28 Congreso de la Sociedad Espa\u00f1ola de Ciencias Fisiol\u00f3gicas junto a la American Physiological Society.\u00a0LUGAR DE CELEBRACI\u00d3N: M\u00e1laga A\u00d1O: 1997.<\/li>\n<\/ul>\n<ul>\n<li style=\"text-align: justify\">E.Andreu, R. Pomares, B. Soria y J.V. S\u00e1nchez-Andr\u00e9s.\u00a0T\u00cdTULO: \u201cIntercellular coupling in the pancreatic Islet of Lanherhans: minimal number of coupled \u03b2-cell needed to show oscillatory electrical activity\u201d.\u00a0TIPO DE PARTICIPACI\u00d3N: Comunicaci\u00f3n Oral.\u00a0CONGRESO : III IREN Workgroup meeting.\u00a0LUGAR DE CELEBRACI\u00d3N: Blaubeuren (ALEMANIA) A\u00d1O: Abril 1997.<\/li>\n<\/ul>\n<ul>\n<li style=\"text-align: justify\">E. Andreu, R. Pomares, C. L\u00f3pez-Garc\u00eda, B. Soria y J.V. S\u00e1nchez Andr\u00e9s.\u00a0T\u00cdTULO: \u201cIntercellular coupling in the pancreatic Islet of Lanherhans: minimal number of coupled \u03b2-cell needed to show oscillatory electrical activity\u201d.\u00a0TIPO DE PARTICIPACI\u00d3N: Comunicaci\u00f3n Oral.\u00a0CONGRESO: 2nd European Biophysics Congress.\u00a0LUGAR DE CELEBRACI\u00d3N: Orleans (FRANCIA) A\u00d1O: 1997.<\/li>\n<\/ul>\n<ul>\n<li style=\"text-align: justify\">J.V.S\u00e1nchez-Andr\u00e9s, E. Andreu y R. Pomares\u00a0T\u00cdTULO: \u201cAssociative learning in the pancreatic \u03b2-cell, a model of non neural memory system\u201d.\u00a0TIPO DE PARTICIPACI\u00d3N: Comunicaci\u00f3n Oral.\u00a0CONGRESO: 27 TH Annual Meeting Society for Neuroscience.\u00a0LUGAR DE CELEBRACI\u00d3N: Nueva Orleans (EE.UU.) A\u00d1O: 1997.\u00a0<\/li>\n<\/ul>\n<ul>\n<li style=\"text-align: justify\">E.Andreu, R. Pomares, B. Soria y J.V. S\u00e1nchez-Andr\u00e9s.\u00a0T\u00cdTULO: \u201cEmergency of synchronous oscillatory electrical activity patterns in gap junction connected cellls\u201d.\u00a0TIPO DE PARTICIPACI\u00d3N: Comunicaci\u00f3n Oral.\u00a0CONGRESO: Synchronization, patterns formation and spatio-temporal chaos in coupled chaostic oscillators.\u00a0LUGAR DE CELEBRACI\u00d3N: Santiago de Compostela \u00a0A\u00d1O: 1998.<\/li>\n<\/ul>\n<ul>\n<li style=\"text-align: justify\">A.B. Ropero, R. Pomares, J.V. S\u00e1nchez-Andr\u00e9s, A. Nadal, B. Soria y W. Malaisse.\u00a0T\u00cdTULO: \u201cBoth \u03b1-D-glucose and \u03b2-L-glucose pentaacetates potentiates electrical activity and cytosolic Ca2+ in mouse pancreatic islets\u201d.\u00a0TIPO DE PARTICIPACI\u00d3N: P\u00f3ster.\u00a0CONGRESO: European Association for the study of diabetes. 34th annual meeting.\u00a0LUGAR DE CELEBRACI\u00d3N: Barcelona A\u00d1O: 1998\u00a0Abstract publicado en Diabetologia 41(1): A143.<\/li>\n<\/ul>\n<ul>\n<li style=\"text-align: justify\">E. Andreu, R. Pomares, B. Soria y J.V. S\u00e1nchez-Andr\u00e9s.\u00a0T\u00cdTULO: \u201cRole of gap-junction coupling in excitable cell clusters\u201d.\u00a0TIPO DE PARTICIPACI\u00d3N: Oral.\u00a0CONGRESO: 2nd Portuguese-Spanish Biophysical Congress.\u00a0LUGAR DE CELEBRACI\u00d3N: Madrid A\u00d1O: 1998.<\/li>\n<\/ul>\n<ul>\n<li style=\"text-align: justify\">C. Ripoll, J. M. Rovira, T. Le\u00f3n-Quinto, F. Mart\u00edn, R. Pomares, A. Nadal y B. Soria.\u00a0T\u00cdTULO: \u201cKATP channel dual regulation by diadenosine tetraphosphate in pancreatic beta-cells\u201d.\u00a0TIPO DE PARTICIPACI\u00d3N: Oral.\u00a0CONGRESO: 2nd Portuguese-Spanish Biophysical Congress.\u00a0LUGAR DE CELEBRACI\u00d3N: Madrid A\u00d1O:1998.<\/li>\n<\/ul>\n<ul>\n<li style=\"text-align: justify\">R. Pomares, E. Andreu y J.V. S\u00e1nchez-Andr\u00e9s.\u00a0T\u00cdTULO: \u201cCapacidad de nutrientes de producir memoria en la c\u00e9lula\u00a0beta\u00a0pancre\u00e1tica\u201d.\u00a0TIPO DE PARTICIPACI\u00d3N: P\u00f3ster.\u00a0CONGRESO: XXX Congreso de la Sociedad Espa\u00f1ola de Ciencias Fisiol\u00f3gicas.\u00a0LUGAR DE CELEBRACI\u00d3N: C\u00e1ceres A\u00d1O: 1999.\u00a0Abstract publicado en Journal of Physiology and Chemistry 55(3): 282.<\/li>\n<\/ul>\n<ul>\n<li style=\"text-align: justify\">E. Andreu, R. Pomares y J.V. S\u00e1nchez-Andr\u00e9s.\u00a0T\u00cdTULO: \u201cActividad el\u00e9ctrica en c\u00e9lulas pancre\u00e1ticas de ratones que sobreexpresan conexina Cx32\u201d.\u00a0TIPO DE PARTICIPACI\u00d3N: P\u00f3ster\u00a0CONGRESO: XXX Congreso de la Sociedad Espa\u00f1ola de Ciencias Fisiol\u00f3gicas.\u00a0LUGAR DE CELEBRACI\u00d3N: C\u00e1ceres A\u00d1O: 1999-\u00a0Abstract publicado en Journal of Physiology and Chemistry 55(3): 264.<\/li>\n<\/ul>\n<ul>\n<li style=\"text-align: justify\">R. Pomares, E. Andreu y J.V. S\u00e1nchez-Andr\u00e9s.\u00a0T\u00cdTULO: \u201cCapacidad de nutrientes de producir memoria en la c\u00e9lula \u03b2 pancre\u00e1tica\u201d.\u00a0TIPO DE PARTICIPACI\u00d3N: P\u00f3ster.\u00a0CONGRESO: IV Congreso Iberomaricano de Biof\u00edsica..\u00a0LUGAR DE CELEBRACI\u00d3N: Alicante A\u00d1O: 2000.<\/li>\n<\/ul>\n<ul>\n<li style=\"text-align: justify\">E. Andreu, R. Pomares y J.V. S\u00e1nchez-Andr\u00e9s..\u00a0T\u00cdTULO: \u201cActividad el\u00e9ctrica en c\u00e9lulas pancre\u00e1ticas de ratones que sobreexpresan conexina Cx32\u201d.\u00a0TIPO DE PARTICIPACI\u00d3N: P\u00f3ster.\u00a0CONGRESO: IV Congreso Iberoamericano de Biof\u00edsica.\u00a0LUGAR DE CELEBRACI\u00d3N: Alicante A\u00d1O: 2000.<\/li>\n<\/ul>\n<ul>\n<li style=\"text-align: justify\">E. Andreu, R. Pomares y J.V. S\u00e1nchez-Andr\u00e9s.\u00a0T\u00cdTULO: \u201cActividad el\u00e9ctrica en c\u00e9lular pancre\u00e1ticas de ratones que sobreexpresan conexina Cx32\u201d.\u00a0TIPO DE PARTICIPACI\u00d3N: P\u00f3ster.\u00a0CONGRESO: III Congreso de la Federaci\u00f3n Espa\u00f1ola de Sociedades de Biolog\u00eda Experimental.\u00a0LUGAR DE CELEBRACI\u00d3N: Alicante A\u00d1O: diciembre 2000.<\/li>\n<\/ul>\n<ul>\n<li style=\"text-align: justify\">R. Pomares, E. Andreu, P. Meda, B. Soria y J.V. S\u00e1nchez-Andr\u00e9s.\u00a0T\u00cdTULO: \u201cElectrical activity in gap-junction connected cells of transgenic mice overexpressing connexin Cx32\u201d.\u00a0TIPO DE PARTICIPACI\u00d3N: P\u00f3ster.\u00a0CONGRESO: 3rd European Biophysics Congress.\u00a0LUGAR DE CELEBRACI\u00d3N: M\u00fcnchen (Alemania) A\u00d1O: 2000.\u00a0Abstract publicado en European Biophysics Journal 29:6A-17.<\/li>\n<\/ul>\n<ul>\n<li style=\"text-align: justify\">R. Pomares, E. Andreu, S. Soriano y J.V. S\u00e1nchez-Andr\u00e9s..\u00a0T\u00cdTULO: Dependence of de novo protein synthesis in temporal potentiation of sensitivity in pancreatic beta-cells.\u00a0TIPO DE PARTICIPACI\u00d3N: Oral.\u00a0CONGRESO: XXXII Congreso de la Sociedad Espa\u00f1ola de Ciencias Fisiol\u00f3gicas junto con la Physiological Society.\u00a0LUGAR DE REALIZACI\u00d3N: Tenerife) A\u00d1O: 2003<\/li>\n<\/ul>\n<p>&nbsp;<\/p>\n<p> <b>OTROS M\u00c9RITOS.<\/b><\/p>\n<p> 1. Organizaci\u00f3n de congresos:<\/p>\n<ul>\n<li style=\"text-align: justify\"><strong>IV Congreso Iberoamericano de Biof\u00edsica.\u00a0<\/strong>Tipo de actividad: Secretaria cient\u00edfica.\u00a0Lugar: Alicante Fecha: 12-15 de octubre de 2000.\u00a0\u00c1mbito: INTERNACIONAL, n\u00ba participantes: 250 personas.<\/li>\n<\/ul>\n<ul>\n<li style=\"text-align: justify\"><strong>III Congreso de la Federaci\u00f3n Espa\u00f1ola de Sociedades de Biolog\u00eda Experimental.<\/strong>\u00a0Tipo de actividad: Secretaria cient\u00edfica.\u00a0Lugar: Alicante Fecha: 7-9 de diciembre de 2000.\u00a0\u00c1mbito: NACIONAL, n\u00ba participantes: 200 personas.<\/li>\n<\/ul>\n<ul>\n<li style=\"text-align: justify\"><strong>4th European Biophysics Congress.\u00a0<\/strong>Tipo de actividad: Secretaria cient\u00edfica.\u00a0Lugar: Alicante Fecha: 5-9 de julio de 2003.\u00a0\u00c1mbito: INTERNACIONAL, n\u00ba participantes: 450 personas.<\/li>\n<\/ul>\n<ul>\n<li style=\"text-align: justify\"><strong>Post-EASD Symposium 2005 \u2013 EASD Islet Study Group.<\/strong>\u00a0Tipo de actividad: Secretaria cient\u00edfica.\u00a0Lugar: Alicante Fecha: 11-12 de noviembre 2005.\u00a0\u00c1mbito: INTERNACIONAL, n\u00ba participantes: 200 personas.<\/li>\n<\/ul>\n<p style=\"text-align: justify\">\u00a0<\/p>\n<p style=\"text-align: justify\"> 2. Proyectos final de carrera dirigidos: Co-directora junto con el Prof. Bernat Soria del trabajo titulado \u201cAproximaci\u00f3n al estudio del tejido testicular de rat\u00f3n\u201d realizado por Carmen Cayuelas G\u00f3mez como proyecto final de carrera de la licenciatura de Ciencias Ambientales, Universidad Miguel Hern\u00e1ndez, diciembre 2003. Calificaci\u00f3n obtenida: sobresaliente<\/p>\n","protected":false},"excerpt":{"rendered":"<p>FORMACION ACADEMICA. Licenciada en Ciencias Biol\u00f3gicas. Universidad de Alicante. Facultad de Ciencias. Promoci\u00f3n 1992-1996 Tesina de licenciatura titulada: \u201cModulabilidad de la respuesta a la glucosa de la c\u00e9lula \u03b2 pancre\u00e1tica por acci\u00f3n muscar\u00ednica\u201d, obteniendo la calificaci\u00f3n de Sobresaliente. 1996-1997 Doctora por la Universidad Miguel Hern\u00e1ndez. Programa de Bioingenier\u00eda. Calificaci\u00f3n obtenida de Sobresaliente cum laude. Diciembre de 2001. Especialista Universitario en Biolog\u00eda de la Reproducci\u00f3n. Universidad Miguel Hern\u00e1ndez-Cl\u00ednica Vistahermosa. 3\u00aa Edici\u00f3n, Curso 2003-2004. &nbsp; EXPERIENCIA PROFESIONAL. Desde 2004- Profesora Asociada. Universidad Miguel Hern\u00e1ndez.\u00a0Departamento de Fisiolog\u00eda Colaborador docente. Facultad de Medicina. Universidad Miguel Hern\u00e1ndez 1996- 1997 Colaborador docente. Facultad de Medicina. Universidad <\/p>\n","protected":false},"author":1,"featured_media":0,"parent":0,"menu_order":0,"comment_status":"closed","ping_status":"closed","template":"page-author.php","meta":{"footnotes":""},"class_list":["post-30","page","type-page","status-publish","hentry"],"yoast_head":"<!-- This site is optimized with the Yoast SEO plugin v26.8 - https:\/\/yoast.com\/product\/yoast-seo-wordpress\/ -->\n<title>\u00bfCu\u00e1l es mi formaci\u00f3n y experiencia profesional? - Salud<\/title>\n<meta name=\"robots\" content=\"index, follow, max-snippet:-1, max-image-preview:large, max-video-preview:-1\" \/>\n<link rel=\"canonical\" href=\"https:\/\/www.euroresidentes.com\/salud\/raquel-pomares-formacion-experiencia\/\" \/>\n<meta property=\"og:locale\" content=\"es_ES\" \/>\n<meta property=\"og:type\" content=\"article\" \/>\n<meta property=\"og:title\" content=\"\u00bfCu\u00e1l es mi formaci\u00f3n y experiencia profesional? - Salud\" \/>\n<meta property=\"og:description\" content=\"FORMACION ACADEMICA. Licenciada en Ciencias Biol\u00f3gicas. Universidad de Alicante. Facultad de Ciencias. Promoci\u00f3n 1992-1996 Tesina de licenciatura titulada: \u201cModulabilidad de la respuesta a la glucosa de la c\u00e9lula \u03b2 pancre\u00e1tica por acci\u00f3n muscar\u00ednica\u201d, obteniendo la calificaci\u00f3n de Sobresaliente. 1996-1997 Doctora por la Universidad Miguel Hern\u00e1ndez. Programa de Bioingenier\u00eda. Calificaci\u00f3n obtenida de Sobresaliente cum laude. Diciembre de 2001. Especialista Universitario en Biolog\u00eda de la Reproducci\u00f3n. Universidad Miguel Hern\u00e1ndez-Cl\u00ednica Vistahermosa. 3\u00aa Edici\u00f3n, Curso 2003-2004. &nbsp; EXPERIENCIA PROFESIONAL. Desde 2004- Profesora Asociada. Universidad Miguel Hern\u00e1ndez.\u00a0Departamento de Fisiolog\u00eda Colaborador docente. Facultad de Medicina. Universidad Miguel Hern\u00e1ndez 1996- 1997 Colaborador docente. Facultad de Medicina. Universidad\" \/>\n<meta property=\"og:url\" content=\"https:\/\/www.euroresidentes.com\/salud\/raquel-pomares-formacion-experiencia\/\" \/>\n<meta property=\"og:site_name\" content=\"Salud\" \/>\n<meta property=\"article:modified_time\" content=\"2017-01-05T10:44:58+00:00\" \/>\n<meta property=\"og:image\" content=\"http:\/\/2.bp.blogspot.com\/-xUakwrCbd0Q\/UAXepG_s5nI\/AAAAAAAAD4I\/C1VpC7GcAzw\/s1600\/raquel-pomares.jpeg\" \/>\n<meta name=\"twitter:label1\" content=\"Est. reading time\" \/>\n\t<meta name=\"twitter:data1\" content=\"7 minutos\" \/>\n<script type=\"application\/ld+json\" class=\"yoast-schema-graph\">{\"@context\":\"https:\/\/schema.org\",\"@graph\":[{\"@type\":\"WebPage\",\"@id\":\"https:\/\/www.euroresidentes.com\/salud\/raquel-pomares-formacion-experiencia\/\",\"url\":\"https:\/\/www.euroresidentes.com\/salud\/raquel-pomares-formacion-experiencia\/\",\"name\":\"\u00bfCu\u00e1l es mi formaci\u00f3n y experiencia profesional? - Salud\",\"isPartOf\":{\"@id\":\"https:\/\/www.euroresidentes.com\/salud\/#website\"},\"primaryImageOfPage\":{\"@id\":\"https:\/\/www.euroresidentes.com\/salud\/raquel-pomares-formacion-experiencia\/#primaryimage\"},\"image\":{\"@id\":\"https:\/\/www.euroresidentes.com\/salud\/raquel-pomares-formacion-experiencia\/#primaryimage\"},\"thumbnailUrl\":\"http:\/\/2.bp.blogspot.com\/-xUakwrCbd0Q\/UAXepG_s5nI\/AAAAAAAAD4I\/C1VpC7GcAzw\/s1600\/raquel-pomares.jpeg\",\"datePublished\":\"2016-03-10T10:12:09+00:00\",\"dateModified\":\"2017-01-05T10:44:58+00:00\",\"breadcrumb\":{\"@id\":\"https:\/\/www.euroresidentes.com\/salud\/raquel-pomares-formacion-experiencia\/#breadcrumb\"},\"inLanguage\":\"es\",\"potentialAction\":[{\"@type\":\"ReadAction\",\"target\":[\"https:\/\/www.euroresidentes.com\/salud\/raquel-pomares-formacion-experiencia\/\"]}]},{\"@type\":\"ImageObject\",\"inLanguage\":\"es\",\"@id\":\"https:\/\/www.euroresidentes.com\/salud\/raquel-pomares-formacion-experiencia\/#primaryimage\",\"url\":\"http:\/\/2.bp.blogspot.com\/-xUakwrCbd0Q\/UAXepG_s5nI\/AAAAAAAAD4I\/C1VpC7GcAzw\/s1600\/raquel-pomares.jpeg\",\"contentUrl\":\"http:\/\/2.bp.blogspot.com\/-xUakwrCbd0Q\/UAXepG_s5nI\/AAAAAAAAD4I\/C1VpC7GcAzw\/s1600\/raquel-pomares.jpeg\"},{\"@type\":\"BreadcrumbList\",\"@id\":\"https:\/\/www.euroresidentes.com\/salud\/raquel-pomares-formacion-experiencia\/#breadcrumb\",\"itemListElement\":[{\"@type\":\"ListItem\",\"position\":1,\"name\":\"Portada\",\"item\":\"https:\/\/www.euroresidentes.com\/salud\/\"},{\"@type\":\"ListItem\",\"position\":2,\"name\":\"\u00bfCu\u00e1l es mi formaci\u00f3n y experiencia profesional?\"}]},{\"@type\":\"WebSite\",\"@id\":\"https:\/\/www.euroresidentes.com\/salud\/#website\",\"url\":\"https:\/\/www.euroresidentes.com\/salud\/\",\"name\":\"Salud\",\"description\":\"Consejos para el cuidado de la salud, vida sana, h\u00e1bitos saludables\",\"potentialAction\":[{\"@type\":\"SearchAction\",\"target\":{\"@type\":\"EntryPoint\",\"urlTemplate\":\"https:\/\/www.euroresidentes.com\/salud\/?s={search_term_string}\"},\"query-input\":{\"@type\":\"PropertyValueSpecification\",\"valueRequired\":true,\"valueName\":\"search_term_string\"}}],\"inLanguage\":\"es\"}]}<\/script>\n<!-- \/ Yoast SEO plugin. -->","yoast_head_json":{"title":"\u00bfCu\u00e1l es mi formaci\u00f3n y experiencia profesional? - Salud","robots":{"index":"index","follow":"follow","max-snippet":"max-snippet:-1","max-image-preview":"max-image-preview:large","max-video-preview":"max-video-preview:-1"},"canonical":"https:\/\/www.euroresidentes.com\/salud\/raquel-pomares-formacion-experiencia\/","og_locale":"es_ES","og_type":"article","og_title":"\u00bfCu\u00e1l es mi formaci\u00f3n y experiencia profesional? - Salud","og_description":"FORMACION ACADEMICA. Licenciada en Ciencias Biol\u00f3gicas. Universidad de Alicante. Facultad de Ciencias. Promoci\u00f3n 1992-1996 Tesina de licenciatura titulada: \u201cModulabilidad de la respuesta a la glucosa de la c\u00e9lula \u03b2 pancre\u00e1tica por acci\u00f3n muscar\u00ednica\u201d, obteniendo la calificaci\u00f3n de Sobresaliente. 1996-1997 Doctora por la Universidad Miguel Hern\u00e1ndez. Programa de Bioingenier\u00eda. Calificaci\u00f3n obtenida de Sobresaliente cum laude. Diciembre de 2001. Especialista Universitario en Biolog\u00eda de la Reproducci\u00f3n. Universidad Miguel Hern\u00e1ndez-Cl\u00ednica Vistahermosa. 3\u00aa Edici\u00f3n, Curso 2003-2004. &nbsp; EXPERIENCIA PROFESIONAL. Desde 2004- Profesora Asociada. Universidad Miguel Hern\u00e1ndez.\u00a0Departamento de Fisiolog\u00eda Colaborador docente. Facultad de Medicina. Universidad Miguel Hern\u00e1ndez 1996- 1997 Colaborador docente. Facultad de Medicina. Universidad","og_url":"https:\/\/www.euroresidentes.com\/salud\/raquel-pomares-formacion-experiencia\/","og_site_name":"Salud","article_modified_time":"2017-01-05T10:44:58+00:00","og_image":[{"url":"http:\/\/2.bp.blogspot.com\/-xUakwrCbd0Q\/UAXepG_s5nI\/AAAAAAAAD4I\/C1VpC7GcAzw\/s1600\/raquel-pomares.jpeg","type":"","width":"","height":""}],"twitter_misc":{"Est. reading time":"7 minutos"},"schema":{"@context":"https:\/\/schema.org","@graph":[{"@type":"WebPage","@id":"https:\/\/www.euroresidentes.com\/salud\/raquel-pomares-formacion-experiencia\/","url":"https:\/\/www.euroresidentes.com\/salud\/raquel-pomares-formacion-experiencia\/","name":"\u00bfCu\u00e1l es mi formaci\u00f3n y experiencia profesional? - Salud","isPartOf":{"@id":"https:\/\/www.euroresidentes.com\/salud\/#website"},"primaryImageOfPage":{"@id":"https:\/\/www.euroresidentes.com\/salud\/raquel-pomares-formacion-experiencia\/#primaryimage"},"image":{"@id":"https:\/\/www.euroresidentes.com\/salud\/raquel-pomares-formacion-experiencia\/#primaryimage"},"thumbnailUrl":"http:\/\/2.bp.blogspot.com\/-xUakwrCbd0Q\/UAXepG_s5nI\/AAAAAAAAD4I\/C1VpC7GcAzw\/s1600\/raquel-pomares.jpeg","datePublished":"2016-03-10T10:12:09+00:00","dateModified":"2017-01-05T10:44:58+00:00","breadcrumb":{"@id":"https:\/\/www.euroresidentes.com\/salud\/raquel-pomares-formacion-experiencia\/#breadcrumb"},"inLanguage":"es","potentialAction":[{"@type":"ReadAction","target":["https:\/\/www.euroresidentes.com\/salud\/raquel-pomares-formacion-experiencia\/"]}]},{"@type":"ImageObject","inLanguage":"es","@id":"https:\/\/www.euroresidentes.com\/salud\/raquel-pomares-formacion-experiencia\/#primaryimage","url":"http:\/\/2.bp.blogspot.com\/-xUakwrCbd0Q\/UAXepG_s5nI\/AAAAAAAAD4I\/C1VpC7GcAzw\/s1600\/raquel-pomares.jpeg","contentUrl":"http:\/\/2.bp.blogspot.com\/-xUakwrCbd0Q\/UAXepG_s5nI\/AAAAAAAAD4I\/C1VpC7GcAzw\/s1600\/raquel-pomares.jpeg"},{"@type":"BreadcrumbList","@id":"https:\/\/www.euroresidentes.com\/salud\/raquel-pomares-formacion-experiencia\/#breadcrumb","itemListElement":[{"@type":"ListItem","position":1,"name":"Portada","item":"https:\/\/www.euroresidentes.com\/salud\/"},{"@type":"ListItem","position":2,"name":"\u00bfCu\u00e1l es mi formaci\u00f3n y experiencia profesional?"}]},{"@type":"WebSite","@id":"https:\/\/www.euroresidentes.com\/salud\/#website","url":"https:\/\/www.euroresidentes.com\/salud\/","name":"Salud","description":"Consejos para el cuidado de la salud, vida sana, h\u00e1bitos saludables","potentialAction":[{"@type":"SearchAction","target":{"@type":"EntryPoint","urlTemplate":"https:\/\/www.euroresidentes.com\/salud\/?s={search_term_string}"},"query-input":{"@type":"PropertyValueSpecification","valueRequired":true,"valueName":"search_term_string"}}],"inLanguage":"es"}]}},"_links":{"self":[{"href":"https:\/\/www.euroresidentes.com\/salud\/wp-json\/wp\/v2\/pages\/30","targetHints":{"allow":["GET"]}}],"collection":[{"href":"https:\/\/www.euroresidentes.com\/salud\/wp-json\/wp\/v2\/pages"}],"about":[{"href":"https:\/\/www.euroresidentes.com\/salud\/wp-json\/wp\/v2\/types\/page"}],"author":[{"embeddable":true,"href":"https:\/\/www.euroresidentes.com\/salud\/wp-json\/wp\/v2\/users\/1"}],"replies":[{"embeddable":true,"href":"https:\/\/www.euroresidentes.com\/salud\/wp-json\/wp\/v2\/comments?post=30"}],"version-history":[{"count":8,"href":"https:\/\/www.euroresidentes.com\/salud\/wp-json\/wp\/v2\/pages\/30\/revisions"}],"predecessor-version":[{"id":6249,"href":"https:\/\/www.euroresidentes.com\/salud\/wp-json\/wp\/v2\/pages\/30\/revisions\/6249"}],"wp:attachment":[{"href":"https:\/\/www.euroresidentes.com\/salud\/wp-json\/wp\/v2\/media?parent=30"}],"curies":[{"name":"wp","href":"https:\/\/api.w.org\/{rel}","templated":true}]}}