 

{"id":127,"date":"2015-01-25T18:44:00","date_gmt":"2015-01-25T18:44:00","guid":{"rendered":"https:\/\/www.euroresidentes.com\/salud\/conviviendo-alzheimer\/5-consejos-para-lidiar-con-la.html"},"modified":"2016-11-02T14:12:54","modified_gmt":"2016-11-02T13:12:54","slug":"5-consejos-para-lidiar-con-la","status":"publish","type":"page","link":"https:\/\/www.euroresidentes.com\/salud\/conviviendo-alzheimer\/5-consejos-para-lidiar-con-la\/","title":{"rendered":"5 Consejos para hacer frente la agresividad en pacientes de Alzheimer"},"content":{"rendered":"<div class=\"separator\" style=\"clear: both; text-align: center;\">\n<a href=\"https:\/\/www.euroresidentes.com\/salud\/conviviendo-alzheimer\/wp-content\/uploads\/sites\/2\/2015\/01\/vulnerabilidad.jpg\" imageanchor=\"1\" style=\"margin-left: 1em; margin-right: 1em;\"><img loading=\"lazy\" decoding=\"async\" border=\"0\" src=\"https:\/\/www.euroresidentes.com\/salud\/conviviendo-alzheimer\/wp-content\/uploads\/sites\/2\/2015\/01\/vulnerabilidad.jpg\" height=\"300\" width=\"400\" \/><\/a><\/div>\n<div align=\"center\">\n&nbsp;<\/div>\n<div align=\"center\">\n\ufeff<\/div>\n<p>Por lo general, los pacientes de Alzheimer suelen ser <strong>vulnerables y fr\u00e1giles<\/strong>, pero en algunas<\/p>\n<p>ocasiones, pueden llegar a adoptar una <strong>actitud agresiva<\/strong>. En cualquier caso, no es algo frecuente,<\/p>\n<p>apenas un 5\u00ad-10% de estos pacientes muestran un comportamiento violento; y se desconoce cu\u00e1l<\/p>\n<p>puede ser el detonante. <\/p>\n<p>Al <strong>cuidar a un anciano con Alzheimer<\/strong> podr\u00edamos encontrarnos <strong>alguna de estas situaciones<\/strong>:<\/p>\n<ul>\n<li>Se pone nervioso, agresivo y violento cuando le pedimos que se ba\u00f1e, se cepille los dientes o se cambie de ropa.<\/li>\n<li>Se enfada y se muestra agresivo al advertirle que lo que est\u00e1 haciendo no tiene sentido.<\/li>\n<li>Habitualmente, por las tardes o por la noche, se vuelve agresivo o se dirige a nosotros con ira o violencia.<\/li>\n<li>En ocasiones, debido a su comportamiento amenazante, hay riesgo de que se haga da\u00f1o s\u00ed mismo o a nosotros.<\/li>\n<\/ul>\n<p>\nEn estos casos, hay&nbsp;<strong>5 estrategias que podr\u00edan resultar muy \u00fatiles<\/strong>:<\/p>\n<h3>\n1) No insistir e intentarlo en otro momento: <\/h3>\n<p>Si el anciano se pone nervioso y adopta una actitud<\/p>\n<p>amenazante cuando intentamos que se ba\u00f1e, se cepille los dientes o se cambie de ropa, es<\/p>\n<p>preferible no insistir. Los pacientes de Alzheimer tienden a perder la capacidad de pensar con<\/p>\n<p>claridad y, <strong>cuando se obcecan no es posible razonar con ellos<\/strong>; es mejor dejarlo estar y volver a<\/p>\n<p>intentarlo m\u00e1s tarde, cuando se hayan calmado.<\/p>\n<table align=\"center\" cellpadding=\"0\" cellspacing=\"0\" class=\"tr-caption-container\" style=\"margin-left: auto; margin-right: auto; text-align: center;\">\n<tbody>\n<tr>\n<td style=\"text-align: center;\"><a href=\"https:\/\/www.euroresidentes.com\/salud\/conviviendo-alzheimer\/wp-content\/uploads\/sites\/2\/2015\/01\/alzheimers.jpg\" imageanchor=\"1\" style=\"margin-left: auto; margin-right: auto;\"><img loading=\"lazy\" decoding=\"async\" border=\"0\" src=\"https:\/\/www.euroresidentes.com\/salud\/conviviendo-alzheimer\/wp-content\/uploads\/sites\/2\/2015\/01\/alzheimers.jpg\" height=\"327\" width=\"400\" \/><\/a><\/td>\n<\/tr>\n<tr>\n<td class=\"tr-caption\" style=\"text-align: center;\">Imagen: une.edu<\/td>\n<\/tr>\n<\/tbody>\n<\/table>\n<div align=\"center\">\n\ufeff<\/div>\n<p><\/p>\n<h3>\n2) Disculparse, en lugar de discutir:<\/h3>\n<p>&nbsp;Puede parecer raro que debamos disculparnos si no hemos<\/p>\n<p>hecho nada malo pero, si el paciente est\u00e1 molesto o nervioso, suele ser una buena estrategia para<\/p>\n<p>que se tranquilice. <strong>Ante todo debemos evitar discutir con \u00e9l<\/strong>. No tiene ning\u00fan sentido intentar<\/p>\n<p>convencer a alguien que ha perdido la capacidad de razonar con claridad. S\u00f3lo empeorar\u00eda las<\/p>\n<p>cosas. Es importante recordar que esas agresiones f\u00edsicas o verbales no son un ataque personal<\/p>\n<p>contra nosotros; es la enfermedad la que habla, no el anciano.<\/p>\n<h3>\n3) Intentar distraerlo: <\/h3>\n<p>Es importante mantener la calma e intentar distraerlo <strong>habl\u00e1ndole de cosas<\/p>\n<p>que sabemos que le gustan<\/strong>, con un tono de voz suave y tranquilizador. En la mayor\u00eda de los casos,<\/p>\n<p>confundido, pudiendo acabar adoptando una actitud agresiva; el cl\u00e1sico \u00abs\u00edndrome de la puesta del<\/p>\n<p>sol\u00bb.<\/p>\n<h3>\n4) Procurar que descanse: <\/h3>\n<p>Es importante que el anciano descanse o duerma una siesta despu\u00e9s de<\/p>\n<p>comer, de lo contrario, a medida que avance el d\u00eda estar\u00e1 cansado y se volver\u00e1 irritable y<\/p>\n<p>confundido, pudiendo acabar adoptando una actitud agresiva; el cl\u00e1sico \u00abs\u00edndrome de la puesta del<\/p>\n<p>sol\u00bb.<\/p>\n<h3>\n5) Pedir ayuda: <\/h3>\n<p>Si la situaci\u00f3n se complica y hay riesgo de que el anciano o nosotros suframos<\/p>\n<p>alg\u00fan tipo de da\u00f1o, podemos llamar a emergencias (el n\u00famero es el 112). La presencia de un<\/p>\n<p>agente uniformado puede calmar al anciano y nos dar\u00e1 seguridad. En cualquier caso, conviene<\/p>\n<p>buscar asesoramiento y ayuda en alguna asociaci\u00f3n especializada en la enfermedad, antes de que la<\/p>\n<p>situaci\u00f3n llegue a ser tan extrema..<\/p>\n","protected":false},"excerpt":{"rendered":"<p>&nbsp; \ufeff Por lo general, los pacientes de Alzheimer suelen ser vulnerables y fr\u00e1giles, pero en algunas ocasiones, pueden llegar a adoptar una actitud agresiva. En cualquier caso, no es algo frecuente, apenas un 5\u00ad-10% de estos pacientes muestran un comportamiento violento; y se desconoce cu\u00e1l puede ser el detonante. Al cuidar a un anciano con Alzheimer podr\u00edamos encontrarnos alguna de estas situaciones: Se pone nervioso, agresivo y violento cuando le pedimos que se ba\u00f1e, se cepille los dientes o se cambie de ropa. Se enfada y se muestra agresivo al advertirle que lo que est\u00e1 haciendo no tiene sentido. <\/p>\n","protected":false},"author":1,"featured_media":0,"parent":0,"menu_order":0,"comment_status":"closed","ping_status":"closed","template":"page-author.php","meta":{"footnotes":""},"class_list":["post-127","page","type-page","status-publish","hentry"],"yoast_head":"<!-- This site is optimized with the Yoast SEO plugin v26.8 - https:\/\/yoast.com\/product\/yoast-seo-wordpress\/ -->\n<title>5 Consejos para hacer frente la agresividad en pacientes de Alzheimer - Alzheimer<\/title>\n<meta name=\"robots\" content=\"index, follow, max-snippet:-1, max-image-preview:large, max-video-preview:-1\" \/>\n<link rel=\"canonical\" href=\"https:\/\/www.euroresidentes.com\/salud\/conviviendo-alzheimer\/5-consejos-para-lidiar-con-la\/\" \/>\n<meta property=\"og:locale\" content=\"es_ES\" \/>\n<meta property=\"og:type\" content=\"article\" \/>\n<meta property=\"og:title\" content=\"5 Consejos para hacer frente la agresividad en pacientes de Alzheimer - Alzheimer\" \/>\n<meta property=\"og:description\" content=\"&nbsp; \ufeff Por lo general, los pacientes de Alzheimer suelen ser vulnerables y fr\u00e1giles, pero en algunas ocasiones, pueden llegar a adoptar una actitud agresiva. En cualquier caso, no es algo frecuente, apenas un 5\u00ad-10% de estos pacientes muestran un comportamiento violento; y se desconoce cu\u00e1l puede ser el detonante. Al cuidar a un anciano con Alzheimer podr\u00edamos encontrarnos alguna de estas situaciones: Se pone nervioso, agresivo y violento cuando le pedimos que se ba\u00f1e, se cepille los dientes o se cambie de ropa. Se enfada y se muestra agresivo al advertirle que lo que est\u00e1 haciendo no tiene sentido.\" \/>\n<meta property=\"og:url\" content=\"https:\/\/www.euroresidentes.com\/salud\/conviviendo-alzheimer\/5-consejos-para-lidiar-con-la\/\" \/>\n<meta property=\"og:site_name\" content=\"Alzheimer\" \/>\n<meta property=\"article:modified_time\" content=\"2016-11-02T13:12:54+00:00\" \/>\n<meta property=\"og:image\" content=\"https:\/\/www.euroresidentes.com\/salud\/conviviendo-alzheimer\/wp-content\/uploads\/sites\/2\/2015\/01\/vulnerabilidad.jpg\" \/>\n<meta name=\"twitter:card\" content=\"summary_large_image\" \/>\n<meta name=\"twitter:label1\" content=\"Est. reading time\" \/>\n\t<meta name=\"twitter:data1\" content=\"3 minutos\" \/>\n<script type=\"application\/ld+json\" class=\"yoast-schema-graph\">{\"@context\":\"https:\/\/schema.org\",\"@graph\":[{\"@type\":\"WebPage\",\"@id\":\"https:\/\/www.euroresidentes.com\/salud\/conviviendo-alzheimer\/5-consejos-para-lidiar-con-la\/\",\"url\":\"https:\/\/www.euroresidentes.com\/salud\/conviviendo-alzheimer\/5-consejos-para-lidiar-con-la\/\",\"name\":\"5 Consejos para hacer frente la agresividad en pacientes de Alzheimer - Alzheimer\",\"isPartOf\":{\"@id\":\"https:\/\/www.euroresidentes.com\/salud\/conviviendo-alzheimer\/#website\"},\"primaryImageOfPage\":{\"@id\":\"https:\/\/www.euroresidentes.com\/salud\/conviviendo-alzheimer\/5-consejos-para-lidiar-con-la\/#primaryimage\"},\"image\":{\"@id\":\"https:\/\/www.euroresidentes.com\/salud\/conviviendo-alzheimer\/5-consejos-para-lidiar-con-la\/#primaryimage\"},\"thumbnailUrl\":\"https:\/\/www.euroresidentes.com\/salud\/conviviendo-alzheimer\/wp-content\/uploads\/sites\/2\/2015\/01\/vulnerabilidad.jpg\",\"datePublished\":\"2015-01-25T18:44:00+00:00\",\"dateModified\":\"2016-11-02T13:12:54+00:00\",\"breadcrumb\":{\"@id\":\"https:\/\/www.euroresidentes.com\/salud\/conviviendo-alzheimer\/5-consejos-para-lidiar-con-la\/#breadcrumb\"},\"inLanguage\":\"es\",\"potentialAction\":[{\"@type\":\"ReadAction\",\"target\":[\"https:\/\/www.euroresidentes.com\/salud\/conviviendo-alzheimer\/5-consejos-para-lidiar-con-la\/\"]}]},{\"@type\":\"ImageObject\",\"inLanguage\":\"es\",\"@id\":\"https:\/\/www.euroresidentes.com\/salud\/conviviendo-alzheimer\/5-consejos-para-lidiar-con-la\/#primaryimage\",\"url\":\"https:\/\/www.euroresidentes.com\/salud\/conviviendo-alzheimer\/wp-content\/uploads\/sites\/2\/2015\/01\/vulnerabilidad.jpg\",\"contentUrl\":\"https:\/\/www.euroresidentes.com\/salud\/conviviendo-alzheimer\/wp-content\/uploads\/sites\/2\/2015\/01\/vulnerabilidad.jpg\",\"width\":620,\"height\":465},{\"@type\":\"BreadcrumbList\",\"@id\":\"https:\/\/www.euroresidentes.com\/salud\/conviviendo-alzheimer\/5-consejos-para-lidiar-con-la\/#breadcrumb\",\"itemListElement\":[{\"@type\":\"ListItem\",\"position\":1,\"name\":\"Portada\",\"item\":\"https:\/\/www.euroresidentes.com\/salud\/conviviendo-alzheimer\/\"},{\"@type\":\"ListItem\",\"position\":2,\"name\":\"5 Consejos para hacer frente la agresividad en pacientes de Alzheimer\"}]},{\"@type\":\"WebSite\",\"@id\":\"https:\/\/www.euroresidentes.com\/salud\/conviviendo-alzheimer\/#website\",\"url\":\"https:\/\/www.euroresidentes.com\/salud\/conviviendo-alzheimer\/\",\"name\":\"Alzheimer\",\"description\":\"Alzheimer Euroresidentes\",\"potentialAction\":[{\"@type\":\"SearchAction\",\"target\":{\"@type\":\"EntryPoint\",\"urlTemplate\":\"https:\/\/www.euroresidentes.com\/salud\/conviviendo-alzheimer\/?s={search_term_string}\"},\"query-input\":{\"@type\":\"PropertyValueSpecification\",\"valueRequired\":true,\"valueName\":\"search_term_string\"}}],\"inLanguage\":\"es\"}]}<\/script>\n<!-- \/ Yoast SEO plugin. -->","yoast_head_json":{"title":"5 Consejos para hacer frente la agresividad en pacientes de Alzheimer - Alzheimer","robots":{"index":"index","follow":"follow","max-snippet":"max-snippet:-1","max-image-preview":"max-image-preview:large","max-video-preview":"max-video-preview:-1"},"canonical":"https:\/\/www.euroresidentes.com\/salud\/conviviendo-alzheimer\/5-consejos-para-lidiar-con-la\/","og_locale":"es_ES","og_type":"article","og_title":"5 Consejos para hacer frente la agresividad en pacientes de Alzheimer - Alzheimer","og_description":"&nbsp; \ufeff Por lo general, los pacientes de Alzheimer suelen ser vulnerables y fr\u00e1giles, pero en algunas ocasiones, pueden llegar a adoptar una actitud agresiva. En cualquier caso, no es algo frecuente, apenas un 5\u00ad-10% de estos pacientes muestran un comportamiento violento; y se desconoce cu\u00e1l puede ser el detonante. Al cuidar a un anciano con Alzheimer podr\u00edamos encontrarnos alguna de estas situaciones: Se pone nervioso, agresivo y violento cuando le pedimos que se ba\u00f1e, se cepille los dientes o se cambie de ropa. Se enfada y se muestra agresivo al advertirle que lo que est\u00e1 haciendo no tiene sentido.","og_url":"https:\/\/www.euroresidentes.com\/salud\/conviviendo-alzheimer\/5-consejos-para-lidiar-con-la\/","og_site_name":"Alzheimer","article_modified_time":"2016-11-02T13:12:54+00:00","og_image":[{"url":"https:\/\/www.euroresidentes.com\/salud\/conviviendo-alzheimer\/wp-content\/uploads\/sites\/2\/2015\/01\/vulnerabilidad.jpg","type":"","width":"","height":""}],"twitter_card":"summary_large_image","twitter_misc":{"Est. reading time":"3 minutos"},"schema":{"@context":"https:\/\/schema.org","@graph":[{"@type":"WebPage","@id":"https:\/\/www.euroresidentes.com\/salud\/conviviendo-alzheimer\/5-consejos-para-lidiar-con-la\/","url":"https:\/\/www.euroresidentes.com\/salud\/conviviendo-alzheimer\/5-consejos-para-lidiar-con-la\/","name":"5 Consejos para hacer frente la agresividad en pacientes de Alzheimer - Alzheimer","isPartOf":{"@id":"https:\/\/www.euroresidentes.com\/salud\/conviviendo-alzheimer\/#website"},"primaryImageOfPage":{"@id":"https:\/\/www.euroresidentes.com\/salud\/conviviendo-alzheimer\/5-consejos-para-lidiar-con-la\/#primaryimage"},"image":{"@id":"https:\/\/www.euroresidentes.com\/salud\/conviviendo-alzheimer\/5-consejos-para-lidiar-con-la\/#primaryimage"},"thumbnailUrl":"https:\/\/www.euroresidentes.com\/salud\/conviviendo-alzheimer\/wp-content\/uploads\/sites\/2\/2015\/01\/vulnerabilidad.jpg","datePublished":"2015-01-25T18:44:00+00:00","dateModified":"2016-11-02T13:12:54+00:00","breadcrumb":{"@id":"https:\/\/www.euroresidentes.com\/salud\/conviviendo-alzheimer\/5-consejos-para-lidiar-con-la\/#breadcrumb"},"inLanguage":"es","potentialAction":[{"@type":"ReadAction","target":["https:\/\/www.euroresidentes.com\/salud\/conviviendo-alzheimer\/5-consejos-para-lidiar-con-la\/"]}]},{"@type":"ImageObject","inLanguage":"es","@id":"https:\/\/www.euroresidentes.com\/salud\/conviviendo-alzheimer\/5-consejos-para-lidiar-con-la\/#primaryimage","url":"https:\/\/www.euroresidentes.com\/salud\/conviviendo-alzheimer\/wp-content\/uploads\/sites\/2\/2015\/01\/vulnerabilidad.jpg","contentUrl":"https:\/\/www.euroresidentes.com\/salud\/conviviendo-alzheimer\/wp-content\/uploads\/sites\/2\/2015\/01\/vulnerabilidad.jpg","width":620,"height":465},{"@type":"BreadcrumbList","@id":"https:\/\/www.euroresidentes.com\/salud\/conviviendo-alzheimer\/5-consejos-para-lidiar-con-la\/#breadcrumb","itemListElement":[{"@type":"ListItem","position":1,"name":"Portada","item":"https:\/\/www.euroresidentes.com\/salud\/conviviendo-alzheimer\/"},{"@type":"ListItem","position":2,"name":"5 Consejos para hacer frente la agresividad en pacientes de Alzheimer"}]},{"@type":"WebSite","@id":"https:\/\/www.euroresidentes.com\/salud\/conviviendo-alzheimer\/#website","url":"https:\/\/www.euroresidentes.com\/salud\/conviviendo-alzheimer\/","name":"Alzheimer","description":"Alzheimer Euroresidentes","potentialAction":[{"@type":"SearchAction","target":{"@type":"EntryPoint","urlTemplate":"https:\/\/www.euroresidentes.com\/salud\/conviviendo-alzheimer\/?s={search_term_string}"},"query-input":{"@type":"PropertyValueSpecification","valueRequired":true,"valueName":"search_term_string"}}],"inLanguage":"es"}]}},"_links":{"self":[{"href":"https:\/\/www.euroresidentes.com\/salud\/conviviendo-alzheimer\/wp-json\/wp\/v2\/pages\/127","targetHints":{"allow":["GET"]}}],"collection":[{"href":"https:\/\/www.euroresidentes.com\/salud\/conviviendo-alzheimer\/wp-json\/wp\/v2\/pages"}],"about":[{"href":"https:\/\/www.euroresidentes.com\/salud\/conviviendo-alzheimer\/wp-json\/wp\/v2\/types\/page"}],"author":[{"embeddable":true,"href":"https:\/\/www.euroresidentes.com\/salud\/conviviendo-alzheimer\/wp-json\/wp\/v2\/users\/1"}],"replies":[{"embeddable":true,"href":"https:\/\/www.euroresidentes.com\/salud\/conviviendo-alzheimer\/wp-json\/wp\/v2\/comments?post=127"}],"version-history":[{"count":2,"href":"https:\/\/www.euroresidentes.com\/salud\/conviviendo-alzheimer\/wp-json\/wp\/v2\/pages\/127\/revisions"}],"predecessor-version":[{"id":286,"href":"https:\/\/www.euroresidentes.com\/salud\/conviviendo-alzheimer\/wp-json\/wp\/v2\/pages\/127\/revisions\/286"}],"wp:attachment":[{"href":"https:\/\/www.euroresidentes.com\/salud\/conviviendo-alzheimer\/wp-json\/wp\/v2\/media?parent=127"}],"curies":[{"name":"wp","href":"https:\/\/api.w.org\/{rel}","templated":true}]}}