 

{"id":125,"date":"2015-02-04T08:40:00","date_gmt":"2015-02-04T08:40:00","guid":{"rendered":"https:\/\/www.euroresidentes.com\/salud\/conviviendo-alzheimer\/el-alzheimer-es-una-enfermedad.html"},"modified":"2018-09-21T11:45:56","modified_gmt":"2018-09-21T09:45:56","slug":"el-alzheimer-es-una-enfermedad","status":"publish","type":"page","link":"https:\/\/www.euroresidentes.com\/salud\/conviviendo-alzheimer\/el-alzheimer-es-una-enfermedad\/","title":{"rendered":"Las etapas del Alzheimer y sus s\u00edntomas"},"content":{"rendered":"<h2 style=\"text-align: left\">Cu\u00e1les son las etapas del Alzheimer<\/h2>\n<p style=\"text-align: left\">El Alzheimer es una enfermedad progresiva que se desarrolla lentamente y cuyos s\u00edntomas empeoran con el paso de los a\u00f1os.<\/p>\n<p style=\"text-align: left\">Vamos a hablar de las <strong>distintas etapas y los s\u00edntomas de cada una<\/strong> de ellas.<a style=\"margin-left: auto;margin-right: auto\" href=\"https:\/\/www.euroresidentes.com\/salud\/conviviendo-alzheimer\/wp-content\/uploads\/sites\/2\/2015\/02\/alzheimer-etapas-1024x768.jpg\"><img loading=\"lazy\" decoding=\"async\" class=\"aligncenter\" src=\"https:\/\/www.euroresidentes.com\/salud\/conviviendo-alzheimer\/wp-content\/uploads\/sites\/2\/2015\/02\/alzheimer-etapas-1024x768.jpg\" width=\"588\" height=\"441\" border=\"0\" \/><\/a>Es importante saber que<strong> no todas las personas que sufren Alzheimer experimentar\u00e1n los mismos s\u00edntomas ni la enfermedad avanzar\u00e1 al mismo ritmo<\/strong>.<\/p>\n<p style=\"text-align: left\">No obstante, los expertos han definido una serie de etapas que describen los cambios que por lo general se producen en las habilidades de los pacientes a medida que avanza la enfermedad.<\/p>\n<p style=\"text-align: left\">La clasificaci\u00f3n que a continuaci\u00f3n se describe consta de <b>7 etapas<\/b> y est\u00e1 <b>basada en el sistema desarrollado por Barry Reisberg, doctor en medicina <\/b>y director cl\u00ednico del Centro de Investigaci\u00f3n de Demencia y Envejecimiento Silberstein de la Escuela de Medicina de la Universidad de Nueva York.<\/p>\n<h3 style=\"text-align: left\">1\u00aa Etapa: Ausencia de da\u00f1o cognitivo<\/h3>\n<p style=\"text-align: left\">Funci\u00f3n normal<\/p>\n<p style=\"text-align: left\">No se experimentan problemas de memoria y los profesionales m\u00e9dicos no detectan ning\u00fan s\u00edntoma de demencia.<\/p>\n<p>&nbsp;<\/p>\n<h3 style=\"text-align: left\">2\u00aa Etapa: Deterioro muy leve<\/h3>\n<p style=\"text-align: left\">Puede ser un signo de envejecimiento o una primera se\u00f1al de Alzheimer.<\/p>\n<p style=\"text-align: left\">La persona tiene <strong>lapsus de memoria<\/strong>, como por ejemplo, olvidar palabras o no recordar d\u00f3nde se han dejado ciertos objetos. Los m\u00e9dicos no detectan s\u00edntomas de demencia. Los familiares, amigos o compa\u00f1eros de trabajo tampoco.<\/p>\n<p style=\"text-align: left\"><strong>Para diferenciar entre el Alzheimer y el envejecimiento normal<\/strong>, ver: <a href=\"http:\/\/conviviendo-alzheimer.euroresidentes.com\/p\/10-signos-y-sintomas-tempranos-del.html\" target=\"_blank\" rel=\"noopener\">10 s\u00edntomas tempranos del Alzheimer<\/a><\/p>\n<p>&nbsp;<\/p>\n<h3 style=\"text-align: left\">3\u00aa Etapa: Deterioro leve<\/h3>\n<p style=\"text-align: left\">Se puede diagnosticar Alzheimer en fase inicial en algunos, aunque no en todos los individuos que presentan estos s\u00edntomas.<\/p>\n<p style=\"text-align: left\">Los familiares, amigos o compa\u00f1eros de trabajo empiezan a notar <strong>ciertas dificultades.<\/strong> Los m\u00e9dicos detectan <strong>problemas en la memoria y en la concentraci\u00f3n<\/strong>. Los problemas m\u00e1s comunes en esta etapa son:<\/p>\n<ul style=\"text-align: left\">\n<li>Dificultad notable para llamar a las cosas por su nombre o seleccionar la palabra adecuada en una conversaci\u00f3n<\/li>\n<li>Problemas para recordar el nombre de alguien a quien acaban de conocer<\/li>\n<li>Dificultad para realizar tareas tanto en el plano social como en el laboral<\/li>\n<li>Problemas para retener informaci\u00f3n<\/li>\n<li>Se pierden objetos o se ponen en el lugar equivocado<\/li>\n<li>Disminuci\u00f3n de la capacidad para organizar y planificar<\/li>\n<\/ul>\n<p>&nbsp;<\/p>\n<h3 style=\"text-align: left\">4\u00aa Etapa: Deterioro moderado<\/h3>\n<p style=\"text-align: left\">Alzheimer en fase inicial o moderada.<\/p>\n<p style=\"text-align: left\">Los s\u00edntomas m\u00e1s comunes de esta etapa deber\u00edan poder detectarse con un examen m\u00e9dico. Estos son:<\/p>\n<ul style=\"text-align: left\">\n<li style=\"text-align: left\">Olvidar hechos recientes<\/li>\n<li style=\"text-align: left\">Diminuci\u00f3n de la capacidad para realizar operaciones mentales complejas, como por ejemplo, contar hacia atr\u00e1s desde 100 de 7 en 7<\/li>\n<li style=\"text-align: left\">Problemas para organizar una cena con invitados, pagar facturas o llevar las cuentas<\/li>\n<li style=\"text-align: left\">Olvidar hechos sobre su vida<\/li>\n<li style=\"text-align: left\">Cambios de humor o actitud introvertida ante situaciones sociales o mentales que implican alguna dificultad<\/li>\n<\/ul>\n<h3>\u00a0<\/h3>\n<h3 style=\"text-align: left\">5\u00aa Etapa: Deterioro moderadamente severo<\/h3>\n<p style=\"text-align: left\">Alzheimer en fase moderada.<\/p>\n<p style=\"text-align: left\">Los fallos en la memoria y en la funci\u00f3n cognitiva son cada vez m\u00e1s notables. El individuo empieza a necesitar <strong>ayuda para realizar las actividades diarias<\/strong>. Algunos s\u00edntomas caracter\u00edsticos de esta etapa son:<\/p>\n<ul style=\"text-align: left\">\n<li>No recordar la direcci\u00f3n del domicilio, el propio n\u00famero de tel\u00e9fono o el colegio, instituto o universidad en los que se estudi\u00f3<\/li>\n<li>Desorientaci\u00f3n espacial y temporal<\/li>\n<li>Dificultad para realizar operaciones matem\u00e1ticas m\u00e1s sencillas como contar hacia atr\u00e1s de cuatro en cuatro o de dos en dos<\/li>\n<li>Dificultad para elegir la ropa adecuada para cada ocasi\u00f3n<\/li>\n<li>Todav\u00eda recuerdan informaci\u00f3n relevante sobre ellos mismos y su familiar<\/li>\n<li>Todav\u00eda pueden comer e ir al ba\u00f1o por s\u00ed solos<\/li>\n<\/ul>\n<h3>\u00a0<\/h3>\n<h3 style=\"text-align: left\">6\u00aa Etapa: Deterioro severo<\/h3>\n<p style=\"text-align: left\">Alzheimer en fase moderadamente severa.<\/p>\n<p style=\"text-align: left\">La memoria va empeorando cada vez m\u00e1s, se observan cambios en la personalidad y <strong>se precisa cada vez m\u00e1s ayuda para realizar las actividades cotidianas<\/strong>.<\/p>\n<p style=\"text-align: left\">En esta etapa los pacientes de Alzheimer pueden:<\/p>\n<ul style=\"text-align: left\">\n<li>Perder la conciencia de hechos recientes.<\/li>\n<li>No recordar muchas cosas de su vida pero s\u00ed su nombre.<\/li>\n<li>No recordar el nombre de su pareja o de la persona que le cuida, pero s\u00ed pueden distinguir una cara conocida. \u00a0<\/li>\n<li>Necesitar ayuda para vestirse. Si lo hacen solos pueden equivocarse y ponerse el pijama encima de la ropa o un zapato en el pie contrario.<\/li>\n<li>Sufrir alteraciones en el sue\u00f1o, como por ejemplo, dormir por el d\u00eda y desvelarse por la noche.<\/li>\n<li>Requerir ayuda en el ba\u00f1o para cosas como tirar de la cadena, limpiarse o tirar el papel.\u00a0<\/li>\n<li>Sufrir problemas de incontinencia urinaria o fecal.<\/li>\n<li>Experimentar importantes cambios de la personalidad: recelos, falsas creencias (como pensar que la persona que le cuida le roba o le miente) o conductas compulsivas como retorcer las manos o romper papeles.<\/li>\n<li>Deambular o perderse.<\/li>\n<li>Ver <a href=\"http:\/\/conviviendo-alzheimer.euroresidentes.com\/p\/sintomas-de-la-ultima-fase-del.html\" target=\"_blank\" rel=\"noopener\">Demencia &#8211; Alzheimer\u00a0s\u00edntomas de\u00a0la \u00faltima fase<\/a> (con m\u00e1s detalle)<\/li>\n<\/ul>\n<h3>\u00a0<\/h3>\n<h3 style=\"text-align: left\">7\u00aa Etapa: Deterioro muy severo<\/h3>\n<p style=\"text-align: left\">Alzheimer en \u00faltima fase o fase severa<\/p>\n<p style=\"text-align: left\">En esta \u00faltima etapa, los enfermos de Alzheimer:<\/p>\n<ul style=\"text-align: left\">\n<li>Pierden la capacidad de responder a su entorno, de hablar e incluso de controlar sus movimientos, aunque todav\u00eda\u00a0puede que articulen\u00a0alguna palabra o frase<\/li>\n<li>Necesitan ayuda en el cuidado personal diario, lo que incluye comer y hacer sus necesidades<\/li>\n<li>No pueden sonre\u00edr, sentarse y mantener la cabeza erguida. Los m\u00fasculos se tensan y no pueden tragar<\/li>\n<\/ul>\n<p>Cuando el Alzheimer est\u00e1 su fase m\u00e1s avanzada, el cerebro es incapaz de enviar \u00f3rdenes al cuerpo para que \u00e9ste reaccione, de ah\u00ed que se pierda hasta la capacidad para tragar alimentos.<\/p>\n<p>El cuerpo va dejando de funcionar, lo que obliga a los enfermos de Alzheimer a pasar la mayor\u00eda de tiempo en cama.<\/p>\n<p>Por lo general, este es el progreso que suele seguir la enfermedad.<\/p>\n<p>No obstante, es dif\u00edcil saber en qu\u00e9 fase exacta se encuentra un enfermo de Alzheimer pues las etapas pueden coincidir en el tiempo. Adem\u00e1s, los cambios que se experimenten variar\u00e1n de un paciente a otro y lo har\u00e1n a ritmos diferentes.<\/p>\n<p>&nbsp;<\/p>\n<p><strong>Seguir leyendo<\/strong><\/p>\n<ul>\n<li><a href=\"http:\/\/conviviendo-alzheimer.euroresidentes.com\/p\/sintomas-de-la-ultima-fase-del.html\" target=\"_blank\" rel=\"noopener\">Demencia &#8211; Alzheimer\u00a0s\u00edntomas de\u00a0la \u00faltima fase<\/a>\u00a0<\/li>\n<\/ul>\n<p><strong>Fuentes consultadas:\u00a0<\/strong><\/p>\n<ul>\n<li>http:\/\/www.alz.org\/<\/li>\n<li>http:\/\/www.webmd.com\/<\/li>\n<\/ul>\n","protected":false},"excerpt":{"rendered":"<p>Cu\u00e1les son las etapas del Alzheimer El Alzheimer es una enfermedad progresiva que se desarrolla lentamente y cuyos s\u00edntomas empeoran con el paso de los a\u00f1os. Vamos a hablar de las distintas etapas y los s\u00edntomas de cada una de ellas.Es importante saber que no todas las personas que sufren Alzheimer experimentar\u00e1n los mismos s\u00edntomas ni la enfermedad avanzar\u00e1 al mismo ritmo. No obstante, los expertos han definido una serie de etapas que describen los cambios que por lo general se producen en las habilidades de los pacientes a medida que avanza la enfermedad. La clasificaci\u00f3n que a continuaci\u00f3n se <\/p>\n","protected":false},"author":1,"featured_media":0,"parent":0,"menu_order":0,"comment_status":"closed","ping_status":"closed","template":"page-author.php","meta":{"footnotes":""},"class_list":["post-125","page","type-page","status-publish","hentry"],"yoast_head":"<!-- This site is optimized with the Yoast SEO plugin v26.8 - https:\/\/yoast.com\/product\/yoast-seo-wordpress\/ -->\n<title>Las etapas del Alzheimer y sus s\u00edntomas - Alzheimer<\/title>\n<meta name=\"description\" content=\"Cu\u00e1les son las etapas del Alzheimer. Una enfermedad progresiva que se desarrolla lentamente y cuyos s\u00edntomas empeoran con el paso de los a\u00f1os.\" \/>\n<meta name=\"robots\" content=\"index, follow, max-snippet:-1, max-image-preview:large, max-video-preview:-1\" \/>\n<link rel=\"canonical\" href=\"https:\/\/www.euroresidentes.com\/salud\/conviviendo-alzheimer\/el-alzheimer-es-una-enfermedad\/\" \/>\n<meta property=\"og:locale\" content=\"es_ES\" \/>\n<meta property=\"og:type\" content=\"article\" \/>\n<meta property=\"og:title\" content=\"Las etapas del Alzheimer y sus s\u00edntomas - Alzheimer\" \/>\n<meta property=\"og:description\" content=\"Cu\u00e1les son las etapas del Alzheimer. Una enfermedad progresiva que se desarrolla lentamente y cuyos s\u00edntomas empeoran con el paso de los a\u00f1os.\" \/>\n<meta property=\"og:url\" content=\"https:\/\/www.euroresidentes.com\/salud\/conviviendo-alzheimer\/el-alzheimer-es-una-enfermedad\/\" \/>\n<meta property=\"og:site_name\" content=\"Alzheimer\" \/>\n<meta property=\"article:modified_time\" content=\"2018-09-21T09:45:56+00:00\" \/>\n<meta property=\"og:image\" content=\"https:\/\/www.euroresidentes.com\/salud\/conviviendo-alzheimer\/wp-content\/uploads\/sites\/2\/2015\/02\/alzheimer-etapas-1024x768.jpg\" \/>\n<meta name=\"twitter:card\" content=\"summary_large_image\" \/>\n<meta name=\"twitter:label1\" content=\"Est. reading time\" \/>\n\t<meta name=\"twitter:data1\" content=\"5 minutos\" \/>\n<script type=\"application\/ld+json\" class=\"yoast-schema-graph\">{\"@context\":\"https:\/\/schema.org\",\"@graph\":[{\"@type\":\"WebPage\",\"@id\":\"https:\/\/www.euroresidentes.com\/salud\/conviviendo-alzheimer\/el-alzheimer-es-una-enfermedad\/\",\"url\":\"https:\/\/www.euroresidentes.com\/salud\/conviviendo-alzheimer\/el-alzheimer-es-una-enfermedad\/\",\"name\":\"Las etapas del Alzheimer y sus s\u00edntomas - Alzheimer\",\"isPartOf\":{\"@id\":\"https:\/\/www.euroresidentes.com\/salud\/conviviendo-alzheimer\/#website\"},\"primaryImageOfPage\":{\"@id\":\"https:\/\/www.euroresidentes.com\/salud\/conviviendo-alzheimer\/el-alzheimer-es-una-enfermedad\/#primaryimage\"},\"image\":{\"@id\":\"https:\/\/www.euroresidentes.com\/salud\/conviviendo-alzheimer\/el-alzheimer-es-una-enfermedad\/#primaryimage\"},\"thumbnailUrl\":\"https:\/\/www.euroresidentes.com\/salud\/conviviendo-alzheimer\/wp-content\/uploads\/sites\/2\/2015\/02\/alzheimer-etapas-1024x768.jpg\",\"datePublished\":\"2015-02-04T08:40:00+00:00\",\"dateModified\":\"2018-09-21T09:45:56+00:00\",\"description\":\"Cu\u00e1les son las etapas del Alzheimer. Una enfermedad progresiva que se desarrolla lentamente y cuyos s\u00edntomas empeoran con el paso de los a\u00f1os.\",\"breadcrumb\":{\"@id\":\"https:\/\/www.euroresidentes.com\/salud\/conviviendo-alzheimer\/el-alzheimer-es-una-enfermedad\/#breadcrumb\"},\"inLanguage\":\"es\",\"potentialAction\":[{\"@type\":\"ReadAction\",\"target\":[\"https:\/\/www.euroresidentes.com\/salud\/conviviendo-alzheimer\/el-alzheimer-es-una-enfermedad\/\"]}]},{\"@type\":\"ImageObject\",\"inLanguage\":\"es\",\"@id\":\"https:\/\/www.euroresidentes.com\/salud\/conviviendo-alzheimer\/el-alzheimer-es-una-enfermedad\/#primaryimage\",\"url\":\"https:\/\/www.euroresidentes.com\/salud\/conviviendo-alzheimer\/wp-content\/uploads\/sites\/2\/2015\/02\/alzheimer-etapas.jpg\",\"contentUrl\":\"https:\/\/www.euroresidentes.com\/salud\/conviviendo-alzheimer\/wp-content\/uploads\/sites\/2\/2015\/02\/alzheimer-etapas.jpg\",\"width\":1024,\"height\":768},{\"@type\":\"BreadcrumbList\",\"@id\":\"https:\/\/www.euroresidentes.com\/salud\/conviviendo-alzheimer\/el-alzheimer-es-una-enfermedad\/#breadcrumb\",\"itemListElement\":[{\"@type\":\"ListItem\",\"position\":1,\"name\":\"Portada\",\"item\":\"https:\/\/www.euroresidentes.com\/salud\/conviviendo-alzheimer\/\"},{\"@type\":\"ListItem\",\"position\":2,\"name\":\"Las etapas del Alzheimer y sus s\u00edntomas\"}]},{\"@type\":\"WebSite\",\"@id\":\"https:\/\/www.euroresidentes.com\/salud\/conviviendo-alzheimer\/#website\",\"url\":\"https:\/\/www.euroresidentes.com\/salud\/conviviendo-alzheimer\/\",\"name\":\"Alzheimer\",\"description\":\"Alzheimer Euroresidentes\",\"potentialAction\":[{\"@type\":\"SearchAction\",\"target\":{\"@type\":\"EntryPoint\",\"urlTemplate\":\"https:\/\/www.euroresidentes.com\/salud\/conviviendo-alzheimer\/?s={search_term_string}\"},\"query-input\":{\"@type\":\"PropertyValueSpecification\",\"valueRequired\":true,\"valueName\":\"search_term_string\"}}],\"inLanguage\":\"es\"}]}<\/script>\n<!-- \/ Yoast SEO plugin. -->","yoast_head_json":{"title":"Las etapas del Alzheimer y sus s\u00edntomas - Alzheimer","description":"Cu\u00e1les son las etapas del Alzheimer. Una enfermedad progresiva que se desarrolla lentamente y cuyos s\u00edntomas empeoran con el paso de los a\u00f1os.","robots":{"index":"index","follow":"follow","max-snippet":"max-snippet:-1","max-image-preview":"max-image-preview:large","max-video-preview":"max-video-preview:-1"},"canonical":"https:\/\/www.euroresidentes.com\/salud\/conviviendo-alzheimer\/el-alzheimer-es-una-enfermedad\/","og_locale":"es_ES","og_type":"article","og_title":"Las etapas del Alzheimer y sus s\u00edntomas - Alzheimer","og_description":"Cu\u00e1les son las etapas del Alzheimer. Una enfermedad progresiva que se desarrolla lentamente y cuyos s\u00edntomas empeoran con el paso de los a\u00f1os.","og_url":"https:\/\/www.euroresidentes.com\/salud\/conviviendo-alzheimer\/el-alzheimer-es-una-enfermedad\/","og_site_name":"Alzheimer","article_modified_time":"2018-09-21T09:45:56+00:00","og_image":[{"url":"https:\/\/www.euroresidentes.com\/salud\/conviviendo-alzheimer\/wp-content\/uploads\/sites\/2\/2015\/02\/alzheimer-etapas-1024x768.jpg","type":"","width":"","height":""}],"twitter_card":"summary_large_image","twitter_misc":{"Est. reading time":"5 minutos"},"schema":{"@context":"https:\/\/schema.org","@graph":[{"@type":"WebPage","@id":"https:\/\/www.euroresidentes.com\/salud\/conviviendo-alzheimer\/el-alzheimer-es-una-enfermedad\/","url":"https:\/\/www.euroresidentes.com\/salud\/conviviendo-alzheimer\/el-alzheimer-es-una-enfermedad\/","name":"Las etapas del Alzheimer y sus s\u00edntomas - Alzheimer","isPartOf":{"@id":"https:\/\/www.euroresidentes.com\/salud\/conviviendo-alzheimer\/#website"},"primaryImageOfPage":{"@id":"https:\/\/www.euroresidentes.com\/salud\/conviviendo-alzheimer\/el-alzheimer-es-una-enfermedad\/#primaryimage"},"image":{"@id":"https:\/\/www.euroresidentes.com\/salud\/conviviendo-alzheimer\/el-alzheimer-es-una-enfermedad\/#primaryimage"},"thumbnailUrl":"https:\/\/www.euroresidentes.com\/salud\/conviviendo-alzheimer\/wp-content\/uploads\/sites\/2\/2015\/02\/alzheimer-etapas-1024x768.jpg","datePublished":"2015-02-04T08:40:00+00:00","dateModified":"2018-09-21T09:45:56+00:00","description":"Cu\u00e1les son las etapas del Alzheimer. Una enfermedad progresiva que se desarrolla lentamente y cuyos s\u00edntomas empeoran con el paso de los a\u00f1os.","breadcrumb":{"@id":"https:\/\/www.euroresidentes.com\/salud\/conviviendo-alzheimer\/el-alzheimer-es-una-enfermedad\/#breadcrumb"},"inLanguage":"es","potentialAction":[{"@type":"ReadAction","target":["https:\/\/www.euroresidentes.com\/salud\/conviviendo-alzheimer\/el-alzheimer-es-una-enfermedad\/"]}]},{"@type":"ImageObject","inLanguage":"es","@id":"https:\/\/www.euroresidentes.com\/salud\/conviviendo-alzheimer\/el-alzheimer-es-una-enfermedad\/#primaryimage","url":"https:\/\/www.euroresidentes.com\/salud\/conviviendo-alzheimer\/wp-content\/uploads\/sites\/2\/2015\/02\/alzheimer-etapas.jpg","contentUrl":"https:\/\/www.euroresidentes.com\/salud\/conviviendo-alzheimer\/wp-content\/uploads\/sites\/2\/2015\/02\/alzheimer-etapas.jpg","width":1024,"height":768},{"@type":"BreadcrumbList","@id":"https:\/\/www.euroresidentes.com\/salud\/conviviendo-alzheimer\/el-alzheimer-es-una-enfermedad\/#breadcrumb","itemListElement":[{"@type":"ListItem","position":1,"name":"Portada","item":"https:\/\/www.euroresidentes.com\/salud\/conviviendo-alzheimer\/"},{"@type":"ListItem","position":2,"name":"Las etapas del Alzheimer y sus s\u00edntomas"}]},{"@type":"WebSite","@id":"https:\/\/www.euroresidentes.com\/salud\/conviviendo-alzheimer\/#website","url":"https:\/\/www.euroresidentes.com\/salud\/conviviendo-alzheimer\/","name":"Alzheimer","description":"Alzheimer Euroresidentes","potentialAction":[{"@type":"SearchAction","target":{"@type":"EntryPoint","urlTemplate":"https:\/\/www.euroresidentes.com\/salud\/conviviendo-alzheimer\/?s={search_term_string}"},"query-input":{"@type":"PropertyValueSpecification","valueRequired":true,"valueName":"search_term_string"}}],"inLanguage":"es"}]}},"_links":{"self":[{"href":"https:\/\/www.euroresidentes.com\/salud\/conviviendo-alzheimer\/wp-json\/wp\/v2\/pages\/125","targetHints":{"allow":["GET"]}}],"collection":[{"href":"https:\/\/www.euroresidentes.com\/salud\/conviviendo-alzheimer\/wp-json\/wp\/v2\/pages"}],"about":[{"href":"https:\/\/www.euroresidentes.com\/salud\/conviviendo-alzheimer\/wp-json\/wp\/v2\/types\/page"}],"author":[{"embeddable":true,"href":"https:\/\/www.euroresidentes.com\/salud\/conviviendo-alzheimer\/wp-json\/wp\/v2\/users\/1"}],"replies":[{"embeddable":true,"href":"https:\/\/www.euroresidentes.com\/salud\/conviviendo-alzheimer\/wp-json\/wp\/v2\/comments?post=125"}],"version-history":[{"count":11,"href":"https:\/\/www.euroresidentes.com\/salud\/conviviendo-alzheimer\/wp-json\/wp\/v2\/pages\/125\/revisions"}],"predecessor-version":[{"id":323,"href":"https:\/\/www.euroresidentes.com\/salud\/conviviendo-alzheimer\/wp-json\/wp\/v2\/pages\/125\/revisions\/323"}],"wp:attachment":[{"href":"https:\/\/www.euroresidentes.com\/salud\/conviviendo-alzheimer\/wp-json\/wp\/v2\/media?parent=125"}],"curies":[{"name":"wp","href":"https:\/\/api.w.org\/{rel}","templated":true}]}}