{"id":49,"date":"2016-02-17T08:35:44","date_gmt":"2016-02-17T08:35:44","guid":{"rendered":"http:\/\/www.euroresidentes.com\/hogar\/?page_id=49"},"modified":"2016-08-29T16:53:39","modified_gmt":"2016-08-29T14:53:39","slug":"isabel-jimenez","status":"publish","type":"page","link":"https:\/\/www.euroresidentes.com\/hogar\/isabel-jimenez.html","title":{"rendered":"Isabel Jimenez"},"content":{"rendered":"<p><center><img loading=\"lazy\" decoding=\"async\" class=\"alignnone\" style=\"width: 50%;\" title=\"Isabel Jimenez\" src=\"http:\/\/2.bp.blogspot.com\/-YBModTq7m8I\/U4uMKZzwupI\/AAAAAAAAAKQ\/JpalcumxxPQ\/s1600\/Imagen-CV.png\" alt=\"Isabel Jimenez\" width=\"644\" height=\"642\" \/><\/center><\/p>\n<h2 style=\"text-align: center;\"><strong>10 cosas sobre\u00a0mi<\/strong><\/h2>\n<p><strong>1.<\/strong> Soy Arquitecta, Interiorista y dise\u00f1adora gr\u00e1fica, actualmente vivo en Alicante pero soy de Navaluenga, un pueblito de \u00c1vila en medio de un valle.<\/p>\n<p><strong>2.<\/strong> Me encanta cocinar y comer, yo me considero una minichef ;), y me vuelven loca los gadgets de cocina!!!<\/p>\n<p><strong> 3.<\/strong> Me gusta cuidarme un poco, ir al gym, hacer yoga\u2026 y luego compensar con una comida riqu\u00edsima!!<\/p>\n<p><strong>4.<\/strong> Me encanta viajar!!! Visitar tiendas y anticuarios donde existen objetos que en ning\u00fan otro sitio encontrar\u00edas, esos que tienen alma, o algo especial.<\/p>\n<p><strong>5.<\/strong> Todos los d\u00edas tengo que comer queso y chocolate.<\/p>\n<p><strong>6.<\/strong> Soy bastante cabezona, y siempre suelo decir lo que pienso aunque a veces no deber\u00eda\u2026<\/p>\n<p><strong>7.<\/strong> Adoro las series, puedo verme cualquier temporada en un par de d\u00edas, si est\u00e1 a mi alcance!! ;P.<\/p>\n<p><strong>8.<\/strong> Mi pel\u00edcula favorita es \u201cAlicia en el pa\u00eds de las maravillas\u201d, la de toda la vida, aunque tambi\u00e9n me encanta todo lo que hace Tim Burton y como pastel precios\u00edsimo \u201cQuiereme si te atreves\u201d.<\/p>\n<p><strong>9.<\/strong> Intento no dejar de renovarme, cursos, m\u00e1ster\u2026 idiomas, acabo de terminar un curso de franc\u00e9s y otro de fotograf\u00eda. Y ahora empiezo con vosotros mi aventura bloguera!!<\/p>\n<p><strong>10.<\/strong> S\u00f3lo una cosa m\u00e1s, me encanta el dise\u00f1o y dise\u00f1ar, as\u00ed que voy a intentar daros mi peque\u00f1a visi\u00f3n sobre ello.<\/p>\n","protected":false},"excerpt":{"rendered":"<p>10 cosas sobre\u00a0mi 1. Soy Arquitecta, Interiorista y dise\u00f1adora gr\u00e1fica, actualmente vivo en Alicante pero soy de Navaluenga, un pueblito de \u00c1vila en medio de un valle. 2. Me encanta cocinar y comer, yo me considero una minichef ;), y me vuelven loca los gadgets de cocina!!! 3. Me gusta cuidarme un poco, ir al gym, hacer yoga\u2026 y luego compensar con una comida riqu\u00edsima!! 4. Me encanta viajar!!! Visitar tiendas y anticuarios donde existen objetos que en ning\u00fan otro sitio encontrar\u00edas, esos que tienen alma, o algo especial. 5. Todos los d\u00edas tengo que comer queso y chocolate. 6. <\/p>\n","protected":false},"author":1,"featured_media":0,"parent":0,"menu_order":0,"comment_status":"closed","ping_status":"closed","template":"page-author.php","meta":{"footnotes":""},"class_list":["post-49","page","type-page","status-publish","hentry"],"yoast_head":"<!-- This site is optimized with the Yoast SEO plugin v24.1 - https:\/\/yoast.com\/wordpress\/plugins\/seo\/ -->\n<title>Isabel Jimenez - Hogar<\/title>\n<meta name=\"description\" content=\"Soy Arquitecta, Interiorista y dise\u00f1adora gr\u00e1fica, actualmente vivo en Alicante pero soy de Navaluenga, un pueblito de \u00c1vila en medio de un valle.\" \/>\n<meta name=\"robots\" content=\"index, follow, max-snippet:-1, max-image-preview:large, max-video-preview:-1\" \/>\n<link rel=\"canonical\" href=\"https:\/\/www.euroresidentes.com\/hogar\/isabel-jimenez.html\" \/>\n<meta property=\"og:locale\" content=\"es_ES\" \/>\n<meta property=\"og:type\" content=\"article\" \/>\n<meta property=\"og:title\" content=\"Isabel Jimenez - Hogar\" \/>\n<meta property=\"og:description\" content=\"Soy Arquitecta, Interiorista y dise\u00f1adora gr\u00e1fica, actualmente vivo en Alicante pero soy de Navaluenga, un pueblito de \u00c1vila en medio de un valle.\" \/>\n<meta property=\"og:url\" content=\"https:\/\/www.euroresidentes.com\/hogar\/isabel-jimenez.html\" \/>\n<meta property=\"og:site_name\" content=\"Hogar\" \/>\n<meta property=\"article:modified_time\" content=\"2016-08-29T14:53:39+00:00\" \/>\n<meta property=\"og:image\" content=\"http:\/\/2.bp.blogspot.com\/-YBModTq7m8I\/U4uMKZzwupI\/AAAAAAAAAKQ\/JpalcumxxPQ\/s1600\/Imagen-CV.png\" \/>\n<meta name=\"twitter:card\" content=\"summary_large_image\" \/>\n<meta name=\"twitter:label1\" content=\"Est. reading time\" \/>\n\t<meta name=\"twitter:data1\" content=\"1 minuto\" \/>\n<script type=\"application\/ld+json\" class=\"yoast-schema-graph\">{\"@context\":\"https:\/\/schema.org\",\"@graph\":[{\"@type\":\"WebPage\",\"@id\":\"https:\/\/www.euroresidentes.com\/hogar\/isabel-jimenez.html\",\"url\":\"https:\/\/www.euroresidentes.com\/hogar\/isabel-jimenez.html\",\"name\":\"Isabel Jimenez - Hogar\",\"isPartOf\":{\"@id\":\"https:\/\/www.euroresidentes.com\/hogar\/#website\"},\"primaryImageOfPage\":{\"@id\":\"https:\/\/www.euroresidentes.com\/hogar\/isabel-jimenez.html#primaryimage\"},\"image\":{\"@id\":\"https:\/\/www.euroresidentes.com\/hogar\/isabel-jimenez.html#primaryimage\"},\"thumbnailUrl\":\"http:\/\/2.bp.blogspot.com\/-YBModTq7m8I\/U4uMKZzwupI\/AAAAAAAAAKQ\/JpalcumxxPQ\/s1600\/Imagen-CV.png\",\"datePublished\":\"2016-02-17T08:35:44+00:00\",\"dateModified\":\"2016-08-29T14:53:39+00:00\",\"description\":\"Soy Arquitecta, Interiorista y dise\u00f1adora gr\u00e1fica, actualmente vivo en Alicante pero soy de Navaluenga, un pueblito de \u00c1vila en medio de un valle.\",\"breadcrumb\":{\"@id\":\"https:\/\/www.euroresidentes.com\/hogar\/isabel-jimenez.html#breadcrumb\"},\"inLanguage\":\"es\",\"potentialAction\":[{\"@type\":\"ReadAction\",\"target\":[\"https:\/\/www.euroresidentes.com\/hogar\/isabel-jimenez.html\"]}]},{\"@type\":\"ImageObject\",\"inLanguage\":\"es\",\"@id\":\"https:\/\/www.euroresidentes.com\/hogar\/isabel-jimenez.html#primaryimage\",\"url\":\"http:\/\/2.bp.blogspot.com\/-YBModTq7m8I\/U4uMKZzwupI\/AAAAAAAAAKQ\/JpalcumxxPQ\/s1600\/Imagen-CV.png\",\"contentUrl\":\"http:\/\/2.bp.blogspot.com\/-YBModTq7m8I\/U4uMKZzwupI\/AAAAAAAAAKQ\/JpalcumxxPQ\/s1600\/Imagen-CV.png\"},{\"@type\":\"BreadcrumbList\",\"@id\":\"https:\/\/www.euroresidentes.com\/hogar\/isabel-jimenez.html#breadcrumb\",\"itemListElement\":[{\"@type\":\"ListItem\",\"position\":1,\"name\":\"Portada\",\"item\":\"https:\/\/www.euroresidentes.com\/hogar\/\"},{\"@type\":\"ListItem\",\"position\":2,\"name\":\"Isabel Jimenez\"}]},{\"@type\":\"WebSite\",\"@id\":\"https:\/\/www.euroresidentes.com\/hogar\/#website\",\"url\":\"https:\/\/www.euroresidentes.com\/hogar\/\",\"name\":\"Hogar\",\"description\":\"Otro sitio realizado con WordPress\",\"potentialAction\":[{\"@type\":\"SearchAction\",\"target\":{\"@type\":\"EntryPoint\",\"urlTemplate\":\"https:\/\/www.euroresidentes.com\/hogar\/?s={search_term_string}\"},\"query-input\":{\"@type\":\"PropertyValueSpecification\",\"valueRequired\":true,\"valueName\":\"search_term_string\"}}],\"inLanguage\":\"es\"}]}<\/script>\n<!-- \/ Yoast SEO plugin. -->","yoast_head_json":{"title":"Isabel Jimenez - Hogar","description":"Soy Arquitecta, Interiorista y dise\u00f1adora gr\u00e1fica, actualmente vivo en Alicante pero soy de Navaluenga, un pueblito de \u00c1vila en medio de un valle.","robots":{"index":"index","follow":"follow","max-snippet":"max-snippet:-1","max-image-preview":"max-image-preview:large","max-video-preview":"max-video-preview:-1"},"canonical":"https:\/\/www.euroresidentes.com\/hogar\/isabel-jimenez.html","og_locale":"es_ES","og_type":"article","og_title":"Isabel Jimenez - Hogar","og_description":"Soy Arquitecta, Interiorista y dise\u00f1adora gr\u00e1fica, actualmente vivo en Alicante pero soy de Navaluenga, un pueblito de \u00c1vila en medio de un valle.","og_url":"https:\/\/www.euroresidentes.com\/hogar\/isabel-jimenez.html","og_site_name":"Hogar","article_modified_time":"2016-08-29T14:53:39+00:00","og_image":[{"url":"http:\/\/2.bp.blogspot.com\/-YBModTq7m8I\/U4uMKZzwupI\/AAAAAAAAAKQ\/JpalcumxxPQ\/s1600\/Imagen-CV.png","type":"","width":"","height":""}],"twitter_card":"summary_large_image","twitter_misc":{"Est. reading time":"1 minuto"},"schema":{"@context":"https:\/\/schema.org","@graph":[{"@type":"WebPage","@id":"https:\/\/www.euroresidentes.com\/hogar\/isabel-jimenez.html","url":"https:\/\/www.euroresidentes.com\/hogar\/isabel-jimenez.html","name":"Isabel Jimenez - Hogar","isPartOf":{"@id":"https:\/\/www.euroresidentes.com\/hogar\/#website"},"primaryImageOfPage":{"@id":"https:\/\/www.euroresidentes.com\/hogar\/isabel-jimenez.html#primaryimage"},"image":{"@id":"https:\/\/www.euroresidentes.com\/hogar\/isabel-jimenez.html#primaryimage"},"thumbnailUrl":"http:\/\/2.bp.blogspot.com\/-YBModTq7m8I\/U4uMKZzwupI\/AAAAAAAAAKQ\/JpalcumxxPQ\/s1600\/Imagen-CV.png","datePublished":"2016-02-17T08:35:44+00:00","dateModified":"2016-08-29T14:53:39+00:00","description":"Soy Arquitecta, Interiorista y dise\u00f1adora gr\u00e1fica, actualmente vivo en Alicante pero soy de Navaluenga, un pueblito de \u00c1vila en medio de un valle.","breadcrumb":{"@id":"https:\/\/www.euroresidentes.com\/hogar\/isabel-jimenez.html#breadcrumb"},"inLanguage":"es","potentialAction":[{"@type":"ReadAction","target":["https:\/\/www.euroresidentes.com\/hogar\/isabel-jimenez.html"]}]},{"@type":"ImageObject","inLanguage":"es","@id":"https:\/\/www.euroresidentes.com\/hogar\/isabel-jimenez.html#primaryimage","url":"http:\/\/2.bp.blogspot.com\/-YBModTq7m8I\/U4uMKZzwupI\/AAAAAAAAAKQ\/JpalcumxxPQ\/s1600\/Imagen-CV.png","contentUrl":"http:\/\/2.bp.blogspot.com\/-YBModTq7m8I\/U4uMKZzwupI\/AAAAAAAAAKQ\/JpalcumxxPQ\/s1600\/Imagen-CV.png"},{"@type":"BreadcrumbList","@id":"https:\/\/www.euroresidentes.com\/hogar\/isabel-jimenez.html#breadcrumb","itemListElement":[{"@type":"ListItem","position":1,"name":"Portada","item":"https:\/\/www.euroresidentes.com\/hogar\/"},{"@type":"ListItem","position":2,"name":"Isabel Jimenez"}]},{"@type":"WebSite","@id":"https:\/\/www.euroresidentes.com\/hogar\/#website","url":"https:\/\/www.euroresidentes.com\/hogar\/","name":"Hogar","description":"Otro sitio realizado con WordPress","potentialAction":[{"@type":"SearchAction","target":{"@type":"EntryPoint","urlTemplate":"https:\/\/www.euroresidentes.com\/hogar\/?s={search_term_string}"},"query-input":{"@type":"PropertyValueSpecification","valueRequired":true,"valueName":"search_term_string"}}],"inLanguage":"es"}]}},"_links":{"self":[{"href":"https:\/\/www.euroresidentes.com\/hogar\/wp-json\/wp\/v2\/pages\/49","targetHints":{"allow":["GET"]}}],"collection":[{"href":"https:\/\/www.euroresidentes.com\/hogar\/wp-json\/wp\/v2\/pages"}],"about":[{"href":"https:\/\/www.euroresidentes.com\/hogar\/wp-json\/wp\/v2\/types\/page"}],"author":[{"embeddable":true,"href":"https:\/\/www.euroresidentes.com\/hogar\/wp-json\/wp\/v2\/users\/1"}],"replies":[{"embeddable":true,"href":"https:\/\/www.euroresidentes.com\/hogar\/wp-json\/wp\/v2\/comments?post=49"}],"version-history":[{"count":4,"href":"https:\/\/www.euroresidentes.com\/hogar\/wp-json\/wp\/v2\/pages\/49\/revisions"}],"predecessor-version":[{"id":127,"href":"https:\/\/www.euroresidentes.com\/hogar\/wp-json\/wp\/v2\/pages\/49\/revisions\/127"}],"wp:attachment":[{"href":"https:\/\/www.euroresidentes.com\/hogar\/wp-json\/wp\/v2\/media?parent=49"}],"curies":[{"name":"wp","href":"https:\/\/api.w.org\/{rel}","templated":true}]}}