{"id":44,"date":"2016-02-17T08:24:14","date_gmt":"2016-02-17T08:24:14","guid":{"rendered":"http:\/\/www.euroresidentes.com\/hogar\/?page_id=44"},"modified":"2016-08-29T17:08:40","modified_gmt":"2016-08-29T15:08:40","slug":"ma-jose-bastida","status":"publish","type":"page","link":"https:\/\/www.euroresidentes.com\/hogar\/ma-jose-bastida.html","title":{"rendered":"M\u00aa Jos\u00e9 Bastida"},"content":{"rendered":"<p style=\"text-align: center;\"><a href=\"http:\/\/www.euroresidentes.com\/hogar\/residencial\/wp-content\/uploads\/sites\/10\/2014\/10\/maria-jose-bastida.jpg\"><img loading=\"lazy\" decoding=\"async\" class=\"aligncenter size-full wp-image-292\" src=\"http:\/\/www.euroresidentes.com\/hogar\/residencial\/wp-content\/uploads\/sites\/10\/2014\/10\/maria-jose-bastida.jpg\" alt=\"maria-jose-bastida\" width=\"399\" height=\"399\" \/><\/a><\/p>\n<p><strong>1.<\/strong> Mi profesi\u00f3n: soy abogada especialista en derecho inmobiliario y propiedad horizontal.<\/p>\n<p><strong>2.<\/strong> Mi empresa: socia de Mare Nostrum Property Assistance, S.L.<\/p>\n<p><strong>3.<\/strong> Mi formaci\u00f3n complementaria: derecho urban\u00edstico; t\u00e9cnico superior en RRHH; ingl\u00e9s jur\u00eddico, y ya perd\u00ed la cuenta de los relativos a Propiedad Horizontal&#8230;<\/p>\n<p><strong>4.<\/strong> Mi asignatura pendiente: continuar mis estudios de alem\u00e1n.<\/p>\n<p><strong>5.<\/strong> Mi futuro inmediato: desarrollar el blog residencial.euroresidentes.com<\/p>\n<p><strong>6<\/strong>. Mi aspiraci\u00f3n: encontrar un modelo de empresa que fomente la ayuda a sectores desfavorecidos y la integraci\u00f3n.<\/p>\n<p><strong>7.<\/strong> Mi lugar para perderme: la Playa de los Muertos en Almer\u00eda.<\/p>\n<p><strong>8.<\/strong> Mi grupo de cabecera: Muse<\/p>\n<p><strong>9.<\/strong> Mi vicio confesable: la risa de mi hija.<\/p>\n<p><strong>10.<\/strong> Mi vicio inconfesable: \u00bfNo hemos quedado en que era inconfesable? \u00a0\u00a0<\/p>\n<p>&nbsp;<\/p>\n<div class=\"separator\" style=\"clear: both; text-align: center;\"><a style=\"margin-left: 1em; margin-right: 1em;\" href=\"http:\/\/1.bp.blogspot.com\/-vHzS20EiDho\/U4W5LEaxZnI\/AAAAAAAAOLc\/tUsNeI1r_5k\/s1600\/mare-nostrum.bmp\"><img loading=\"lazy\" decoding=\"async\" class=\"alignnone\" title=\"Mare Nostrum\" src=\"http:\/\/1.bp.blogspot.com\/-vHzS20EiDho\/U4W5LEaxZnI\/AAAAAAAAOLc\/tUsNeI1r_5k\/s1600\/mare-nostrum.bmp\" alt=\"Mare Nostrum\" width=\"320\" height=\"161\" border=\"0\" \/><\/a><\/div>\n<div style=\"text-align: center;\">\u00a0<\/div>\n","protected":false},"excerpt":{"rendered":"<p>1. Mi profesi\u00f3n: soy abogada especialista en derecho inmobiliario y propiedad horizontal. 2. Mi empresa: socia de Mare Nostrum Property Assistance, S.L. 3. Mi formaci\u00f3n complementaria: derecho urban\u00edstico; t\u00e9cnico superior en RRHH; ingl\u00e9s jur\u00eddico, y ya perd\u00ed la cuenta de los relativos a Propiedad Horizontal&#8230; 4. Mi asignatura pendiente: continuar mis estudios de alem\u00e1n. 5. Mi futuro inmediato: desarrollar el blog residencial.euroresidentes.com 6. Mi aspiraci\u00f3n: encontrar un modelo de empresa que fomente la ayuda a sectores desfavorecidos y la integraci\u00f3n. 7. Mi lugar para perderme: la Playa de los Muertos en Almer\u00eda. 8. Mi grupo de cabecera: Muse 9. Mi <\/p>\n","protected":false},"author":1,"featured_media":0,"parent":0,"menu_order":0,"comment_status":"closed","ping_status":"closed","template":"page-author.php","meta":{"footnotes":""},"class_list":["post-44","page","type-page","status-publish","hentry"],"yoast_head":"<!-- This site is optimized with the Yoast SEO plugin v24.1 - https:\/\/yoast.com\/wordpress\/plugins\/seo\/ -->\n<title>M\u00aa Jos\u00e9 Bastida - Hogar<\/title>\n<meta name=\"description\" content=\"Abogada especialista en derecho inmobiliario y propiedad horizontal. Socia de Mare Nostrum Property Assistance, S.L.\" \/>\n<meta name=\"robots\" content=\"index, follow, max-snippet:-1, max-image-preview:large, max-video-preview:-1\" \/>\n<link rel=\"canonical\" href=\"https:\/\/www.euroresidentes.com\/hogar\/ma-jose-bastida.html\" \/>\n<meta property=\"og:locale\" content=\"es_ES\" \/>\n<meta property=\"og:type\" content=\"article\" \/>\n<meta property=\"og:title\" content=\"M\u00aa Jos\u00e9 Bastida - Hogar\" \/>\n<meta property=\"og:description\" content=\"Abogada especialista en derecho inmobiliario y propiedad horizontal. Socia de Mare Nostrum Property Assistance, S.L.\" \/>\n<meta property=\"og:url\" content=\"https:\/\/www.euroresidentes.com\/hogar\/ma-jose-bastida.html\" \/>\n<meta property=\"og:site_name\" content=\"Hogar\" \/>\n<meta property=\"article:modified_time\" content=\"2016-08-29T15:08:40+00:00\" \/>\n<meta property=\"og:image\" content=\"http:\/\/www.euroresidentes.com\/hogar\/residencial\/wp-content\/uploads\/sites\/10\/2014\/10\/maria-jose-bastida.jpg\" \/>\n<meta name=\"twitter:card\" content=\"summary_large_image\" \/>\n<meta name=\"twitter:label1\" content=\"Est. reading time\" \/>\n\t<meta name=\"twitter:data1\" content=\"1 minuto\" \/>\n<script type=\"application\/ld+json\" class=\"yoast-schema-graph\">{\"@context\":\"https:\/\/schema.org\",\"@graph\":[{\"@type\":\"WebPage\",\"@id\":\"https:\/\/www.euroresidentes.com\/hogar\/ma-jose-bastida.html\",\"url\":\"https:\/\/www.euroresidentes.com\/hogar\/ma-jose-bastida.html\",\"name\":\"M\u00aa Jos\u00e9 Bastida - Hogar\",\"isPartOf\":{\"@id\":\"https:\/\/www.euroresidentes.com\/hogar\/#website\"},\"primaryImageOfPage\":{\"@id\":\"https:\/\/www.euroresidentes.com\/hogar\/ma-jose-bastida.html#primaryimage\"},\"image\":{\"@id\":\"https:\/\/www.euroresidentes.com\/hogar\/ma-jose-bastida.html#primaryimage\"},\"thumbnailUrl\":\"http:\/\/www.euroresidentes.com\/hogar\/residencial\/wp-content\/uploads\/sites\/10\/2014\/10\/maria-jose-bastida.jpg\",\"datePublished\":\"2016-02-17T08:24:14+00:00\",\"dateModified\":\"2016-08-29T15:08:40+00:00\",\"description\":\"Abogada especialista en derecho inmobiliario y propiedad horizontal. Socia de Mare Nostrum Property Assistance, S.L.\",\"breadcrumb\":{\"@id\":\"https:\/\/www.euroresidentes.com\/hogar\/ma-jose-bastida.html#breadcrumb\"},\"inLanguage\":\"es\",\"potentialAction\":[{\"@type\":\"ReadAction\",\"target\":[\"https:\/\/www.euroresidentes.com\/hogar\/ma-jose-bastida.html\"]}]},{\"@type\":\"ImageObject\",\"inLanguage\":\"es\",\"@id\":\"https:\/\/www.euroresidentes.com\/hogar\/ma-jose-bastida.html#primaryimage\",\"url\":\"http:\/\/www.euroresidentes.com\/hogar\/residencial\/wp-content\/uploads\/sites\/10\/2014\/10\/maria-jose-bastida.jpg\",\"contentUrl\":\"http:\/\/www.euroresidentes.com\/hogar\/residencial\/wp-content\/uploads\/sites\/10\/2014\/10\/maria-jose-bastida.jpg\"},{\"@type\":\"BreadcrumbList\",\"@id\":\"https:\/\/www.euroresidentes.com\/hogar\/ma-jose-bastida.html#breadcrumb\",\"itemListElement\":[{\"@type\":\"ListItem\",\"position\":1,\"name\":\"Portada\",\"item\":\"https:\/\/www.euroresidentes.com\/hogar\/\"},{\"@type\":\"ListItem\",\"position\":2,\"name\":\"M\u00aa Jos\u00e9 Bastida\"}]},{\"@type\":\"WebSite\",\"@id\":\"https:\/\/www.euroresidentes.com\/hogar\/#website\",\"url\":\"https:\/\/www.euroresidentes.com\/hogar\/\",\"name\":\"Hogar\",\"description\":\"Otro sitio realizado con WordPress\",\"potentialAction\":[{\"@type\":\"SearchAction\",\"target\":{\"@type\":\"EntryPoint\",\"urlTemplate\":\"https:\/\/www.euroresidentes.com\/hogar\/?s={search_term_string}\"},\"query-input\":{\"@type\":\"PropertyValueSpecification\",\"valueRequired\":true,\"valueName\":\"search_term_string\"}}],\"inLanguage\":\"es\"}]}<\/script>\n<!-- \/ Yoast SEO plugin. -->","yoast_head_json":{"title":"M\u00aa Jos\u00e9 Bastida - Hogar","description":"Abogada especialista en derecho inmobiliario y propiedad horizontal. Socia de Mare Nostrum Property Assistance, S.L.","robots":{"index":"index","follow":"follow","max-snippet":"max-snippet:-1","max-image-preview":"max-image-preview:large","max-video-preview":"max-video-preview:-1"},"canonical":"https:\/\/www.euroresidentes.com\/hogar\/ma-jose-bastida.html","og_locale":"es_ES","og_type":"article","og_title":"M\u00aa Jos\u00e9 Bastida - Hogar","og_description":"Abogada especialista en derecho inmobiliario y propiedad horizontal. Socia de Mare Nostrum Property Assistance, S.L.","og_url":"https:\/\/www.euroresidentes.com\/hogar\/ma-jose-bastida.html","og_site_name":"Hogar","article_modified_time":"2016-08-29T15:08:40+00:00","og_image":[{"url":"http:\/\/www.euroresidentes.com\/hogar\/residencial\/wp-content\/uploads\/sites\/10\/2014\/10\/maria-jose-bastida.jpg","type":"","width":"","height":""}],"twitter_card":"summary_large_image","twitter_misc":{"Est. reading time":"1 minuto"},"schema":{"@context":"https:\/\/schema.org","@graph":[{"@type":"WebPage","@id":"https:\/\/www.euroresidentes.com\/hogar\/ma-jose-bastida.html","url":"https:\/\/www.euroresidentes.com\/hogar\/ma-jose-bastida.html","name":"M\u00aa Jos\u00e9 Bastida - Hogar","isPartOf":{"@id":"https:\/\/www.euroresidentes.com\/hogar\/#website"},"primaryImageOfPage":{"@id":"https:\/\/www.euroresidentes.com\/hogar\/ma-jose-bastida.html#primaryimage"},"image":{"@id":"https:\/\/www.euroresidentes.com\/hogar\/ma-jose-bastida.html#primaryimage"},"thumbnailUrl":"http:\/\/www.euroresidentes.com\/hogar\/residencial\/wp-content\/uploads\/sites\/10\/2014\/10\/maria-jose-bastida.jpg","datePublished":"2016-02-17T08:24:14+00:00","dateModified":"2016-08-29T15:08:40+00:00","description":"Abogada especialista en derecho inmobiliario y propiedad horizontal. Socia de Mare Nostrum Property Assistance, S.L.","breadcrumb":{"@id":"https:\/\/www.euroresidentes.com\/hogar\/ma-jose-bastida.html#breadcrumb"},"inLanguage":"es","potentialAction":[{"@type":"ReadAction","target":["https:\/\/www.euroresidentes.com\/hogar\/ma-jose-bastida.html"]}]},{"@type":"ImageObject","inLanguage":"es","@id":"https:\/\/www.euroresidentes.com\/hogar\/ma-jose-bastida.html#primaryimage","url":"http:\/\/www.euroresidentes.com\/hogar\/residencial\/wp-content\/uploads\/sites\/10\/2014\/10\/maria-jose-bastida.jpg","contentUrl":"http:\/\/www.euroresidentes.com\/hogar\/residencial\/wp-content\/uploads\/sites\/10\/2014\/10\/maria-jose-bastida.jpg"},{"@type":"BreadcrumbList","@id":"https:\/\/www.euroresidentes.com\/hogar\/ma-jose-bastida.html#breadcrumb","itemListElement":[{"@type":"ListItem","position":1,"name":"Portada","item":"https:\/\/www.euroresidentes.com\/hogar\/"},{"@type":"ListItem","position":2,"name":"M\u00aa Jos\u00e9 Bastida"}]},{"@type":"WebSite","@id":"https:\/\/www.euroresidentes.com\/hogar\/#website","url":"https:\/\/www.euroresidentes.com\/hogar\/","name":"Hogar","description":"Otro sitio realizado con WordPress","potentialAction":[{"@type":"SearchAction","target":{"@type":"EntryPoint","urlTemplate":"https:\/\/www.euroresidentes.com\/hogar\/?s={search_term_string}"},"query-input":{"@type":"PropertyValueSpecification","valueRequired":true,"valueName":"search_term_string"}}],"inLanguage":"es"}]}},"_links":{"self":[{"href":"https:\/\/www.euroresidentes.com\/hogar\/wp-json\/wp\/v2\/pages\/44","targetHints":{"allow":["GET"]}}],"collection":[{"href":"https:\/\/www.euroresidentes.com\/hogar\/wp-json\/wp\/v2\/pages"}],"about":[{"href":"https:\/\/www.euroresidentes.com\/hogar\/wp-json\/wp\/v2\/types\/page"}],"author":[{"embeddable":true,"href":"https:\/\/www.euroresidentes.com\/hogar\/wp-json\/wp\/v2\/users\/1"}],"replies":[{"embeddable":true,"href":"https:\/\/www.euroresidentes.com\/hogar\/wp-json\/wp\/v2\/comments?post=44"}],"version-history":[{"count":5,"href":"https:\/\/www.euroresidentes.com\/hogar\/wp-json\/wp\/v2\/pages\/44\/revisions"}],"predecessor-version":[{"id":129,"href":"https:\/\/www.euroresidentes.com\/hogar\/wp-json\/wp\/v2\/pages\/44\/revisions\/129"}],"wp:attachment":[{"href":"https:\/\/www.euroresidentes.com\/hogar\/wp-json\/wp\/v2\/media?parent=44"}],"curies":[{"name":"wp","href":"https:\/\/api.w.org\/{rel}","templated":true}]}}