{"id":36,"date":"2016-02-17T08:10:56","date_gmt":"2016-02-17T08:10:56","guid":{"rendered":"http:\/\/www.euroresidentes.com\/hogar\/?page_id=36"},"modified":"2021-07-08T20:41:16","modified_gmt":"2021-07-08T18:41:16","slug":"daniel-rippin","status":"publish","type":"page","link":"https:\/\/www.euroresidentes.com\/hogar\/daniel-rippin.html","title":{"rendered":"Daniel Rippin"},"content":{"rendered":"<p><center><\/center><\/p>\n<h2 style=\"text-align: center;\"><b><img loading=\"lazy\" decoding=\"async\" class=\"aligncenter size-full wp-image-391\" src=\"http:\/\/www.euroresidentes.com\/hogar\/wp-content\/uploads\/2021\/07\/perfil.jpg\" alt=\"\" width=\"228\" height=\"173\" \/>10 \u00a0cosas sobre mi<\/b><\/h2>\n<p><strong>1.<\/strong> Soy biling\u00fce de nacimiento (mi madre y toda mi familia materna es inglesa y viven en el Reino Unido). Habi\u00e9ndome criado en Espa\u00f1a, comprendo lo que a un hispano o latino le puede costar pronunciar algo en ingl\u00e9s, as\u00ed que os ayudar\u00e9 en lo que pueda encantado.<\/p>\n<p><strong>2.<\/strong> Me gusta la m\u00fasica de todo tipo y de hecho escribo y rapeo en ingl\u00e9s (aqu\u00ed os dejo un link por si quer\u00e9is escuchar algo<a href=\"http:\/\/www.youtube.com\/watch?v=vfk17H5LbGs\" target=\"_blank\" rel=\"noopener\">\u00a0http:\/\/www.youtube.com\/watch?v=vfk17H5LbGs<\/a>). Tambi\u00e9n me gustan mucho los juegos de ordenador, en concreto, League of Legends.<\/p>\n<p><strong>3.<\/strong> Me encanta hacer todo tipo de deportes, especialmente el baloncesto (deporte que practico desde hace muchos a\u00f1os). En cuanto a ver los deportes, el \u00fanico deporte que verdaderamente sigo es el de la NBA.<\/p>\n<p><strong>4.<\/strong> Vivo al lado del mar y me gusta ir al trabajo y desplazarme en general en bici o patines.<\/p>\n<p><strong>5.<\/strong> Me gusta mucho viajar a Inglaterra a visitar a mi familia y amigos. Tambi\u00e9n sol\u00eda ir todos los a\u00f1os a un campamento de deportes de donde tengo muy buenos recuerdos.<\/p>\n<p><strong>6.<\/strong> Me encanta Canad\u00e1. Tuve la suerte de trabajar una temporada en New Found Land (Terranova), en un criadero de perros de Terranova que, a su vez, era tambi\u00e9n una especie de hotel para todo tipo de perros. Ah\u00ed me encargaba de lavar a los perros, de pasearlos, de darles de comer, recoger las cacas&#8230; Una experiencia incre\u00edble!<\/p>\n<p><strong>7.<\/strong> Estudie en la Escuela Europea de Alicante donde pude profundizar y mejorar tanto mi vocabulario como mi escritura del ingl\u00e9s.<\/p>\n<p><strong> 8.<\/strong> Me gusta mucho dibujar, y de tanto hacerlo, con el tiempo me he ido haciendo mejor. Hace tiempo empece un blog de dibujo, solo que ahora mismo lo tengo un poco abandonado (aqu\u00ed pod\u00e9is ver los videos de\u00a0<a href=\"https:\/\/www.euroresidentes.com\/entretenimiento\/manualidades\/category\/como-dibujar\" target=\"_blank\" rel=\"noopener\">C\u00f3mo dibujar<\/a>).<\/p>\n<p><strong>9.<\/strong> Me encanta\u00a0<a href=\"https:\/\/www.euroresidentes.com\/estilo-de-vida\/sentir-bien\/\" target=\"_blank\" rel=\"noopener\">sentirme bien<\/a>. \ud83d\ude42<\/p>\n<p><strong>10.<\/strong> Disfruto much\u00edsimo ayudando a mi abuelo con las\u00a0labores agr\u00edcolas de su peque\u00f1a parcela en <i>Bath<\/i>(Inglaterra) y seguro que en un futuro yo tambi\u00e9n tendr\u00e9 mi propia parcelita :-).<\/p>\n","protected":false},"excerpt":{"rendered":"<p>10 \u00a0cosas sobre mi 1. Soy biling\u00fce de nacimiento (mi madre y toda mi familia materna es inglesa y viven en el Reino Unido). Habi\u00e9ndome criado en Espa\u00f1a, comprendo lo que a un hispano o latino le puede costar pronunciar algo en ingl\u00e9s, as\u00ed que os ayudar\u00e9 en lo que pueda encantado. 2. Me gusta la m\u00fasica de todo tipo y de hecho escribo y rapeo en ingl\u00e9s (aqu\u00ed os dejo un link por si quer\u00e9is escuchar algo\u00a0http:\/\/www.youtube.com\/watch?v=vfk17H5LbGs). Tambi\u00e9n me gustan mucho los juegos de ordenador, en concreto, League of Legends. 3. Me encanta hacer todo tipo de deportes, especialmente <\/p>\n","protected":false},"author":1,"featured_media":391,"parent":0,"menu_order":0,"comment_status":"closed","ping_status":"closed","template":"page-author.php","meta":{"footnotes":""},"class_list":["post-36","page","type-page","status-publish","has-post-thumbnail","hentry","has_thumb"],"yoast_head":"<!-- This site is optimized with the Yoast SEO plugin v24.1 - https:\/\/yoast.com\/wordpress\/plugins\/seo\/ -->\n<title>Daniel Rippin - Hogar<\/title>\n<meta name=\"description\" content=\"Soy biling\u00fce de nacimiento. Estudie en la Escuela Europea de Alicante donde pude profundizar y mejorar tanto mi vocabulario como mi escritura del ingl\u00e9s.\" \/>\n<meta name=\"robots\" content=\"index, follow, max-snippet:-1, max-image-preview:large, max-video-preview:-1\" \/>\n<link rel=\"canonical\" href=\"https:\/\/www.euroresidentes.com\/hogar\/daniel-rippin.html\" \/>\n<meta property=\"og:locale\" content=\"es_ES\" \/>\n<meta property=\"og:type\" content=\"article\" \/>\n<meta property=\"og:title\" content=\"Daniel Rippin - Hogar\" \/>\n<meta property=\"og:description\" content=\"Soy biling\u00fce de nacimiento. Estudie en la Escuela Europea de Alicante donde pude profundizar y mejorar tanto mi vocabulario como mi escritura del ingl\u00e9s.\" \/>\n<meta property=\"og:url\" content=\"https:\/\/www.euroresidentes.com\/hogar\/daniel-rippin.html\" \/>\n<meta property=\"og:site_name\" content=\"Hogar\" \/>\n<meta property=\"article:modified_time\" content=\"2021-07-08T18:41:16+00:00\" \/>\n<meta property=\"og:image\" content=\"https:\/\/www.euroresidentes.com\/hogar\/wp-content\/uploads\/2021\/07\/perfil.jpg\" \/>\n\t<meta property=\"og:image:width\" content=\"228\" \/>\n\t<meta property=\"og:image:height\" content=\"173\" \/>\n\t<meta property=\"og:image:type\" content=\"image\/jpeg\" \/>\n<meta name=\"twitter:card\" content=\"summary_large_image\" \/>\n<meta name=\"twitter:label1\" content=\"Est. reading time\" \/>\n\t<meta name=\"twitter:data1\" content=\"2 minutos\" \/>\n<script type=\"application\/ld+json\" class=\"yoast-schema-graph\">{\"@context\":\"https:\/\/schema.org\",\"@graph\":[{\"@type\":\"WebPage\",\"@id\":\"https:\/\/www.euroresidentes.com\/hogar\/daniel-rippin.html\",\"url\":\"https:\/\/www.euroresidentes.com\/hogar\/daniel-rippin.html\",\"name\":\"Daniel Rippin - Hogar\",\"isPartOf\":{\"@id\":\"https:\/\/www.euroresidentes.com\/hogar\/#website\"},\"primaryImageOfPage\":{\"@id\":\"https:\/\/www.euroresidentes.com\/hogar\/daniel-rippin.html#primaryimage\"},\"image\":{\"@id\":\"https:\/\/www.euroresidentes.com\/hogar\/daniel-rippin.html#primaryimage\"},\"thumbnailUrl\":\"https:\/\/www.euroresidentes.com\/hogar\/wp-content\/uploads\/2021\/07\/perfil.jpg\",\"datePublished\":\"2016-02-17T08:10:56+00:00\",\"dateModified\":\"2021-07-08T18:41:16+00:00\",\"description\":\"Soy biling\u00fce de nacimiento. Estudie en la Escuela Europea de Alicante donde pude profundizar y mejorar tanto mi vocabulario como mi escritura del ingl\u00e9s.\",\"breadcrumb\":{\"@id\":\"https:\/\/www.euroresidentes.com\/hogar\/daniel-rippin.html#breadcrumb\"},\"inLanguage\":\"es\",\"potentialAction\":[{\"@type\":\"ReadAction\",\"target\":[\"https:\/\/www.euroresidentes.com\/hogar\/daniel-rippin.html\"]}]},{\"@type\":\"ImageObject\",\"inLanguage\":\"es\",\"@id\":\"https:\/\/www.euroresidentes.com\/hogar\/daniel-rippin.html#primaryimage\",\"url\":\"https:\/\/www.euroresidentes.com\/hogar\/wp-content\/uploads\/2021\/07\/perfil.jpg\",\"contentUrl\":\"https:\/\/www.euroresidentes.com\/hogar\/wp-content\/uploads\/2021\/07\/perfil.jpg\",\"width\":228,\"height\":173},{\"@type\":\"BreadcrumbList\",\"@id\":\"https:\/\/www.euroresidentes.com\/hogar\/daniel-rippin.html#breadcrumb\",\"itemListElement\":[{\"@type\":\"ListItem\",\"position\":1,\"name\":\"Portada\",\"item\":\"https:\/\/www.euroresidentes.com\/hogar\/\"},{\"@type\":\"ListItem\",\"position\":2,\"name\":\"Daniel Rippin\"}]},{\"@type\":\"WebSite\",\"@id\":\"https:\/\/www.euroresidentes.com\/hogar\/#website\",\"url\":\"https:\/\/www.euroresidentes.com\/hogar\/\",\"name\":\"Hogar\",\"description\":\"Otro sitio realizado con WordPress\",\"potentialAction\":[{\"@type\":\"SearchAction\",\"target\":{\"@type\":\"EntryPoint\",\"urlTemplate\":\"https:\/\/www.euroresidentes.com\/hogar\/?s={search_term_string}\"},\"query-input\":{\"@type\":\"PropertyValueSpecification\",\"valueRequired\":true,\"valueName\":\"search_term_string\"}}],\"inLanguage\":\"es\"}]}<\/script>\n<!-- \/ Yoast SEO plugin. -->","yoast_head_json":{"title":"Daniel Rippin - Hogar","description":"Soy biling\u00fce de nacimiento. Estudie en la Escuela Europea de Alicante donde pude profundizar y mejorar tanto mi vocabulario como mi escritura del ingl\u00e9s.","robots":{"index":"index","follow":"follow","max-snippet":"max-snippet:-1","max-image-preview":"max-image-preview:large","max-video-preview":"max-video-preview:-1"},"canonical":"https:\/\/www.euroresidentes.com\/hogar\/daniel-rippin.html","og_locale":"es_ES","og_type":"article","og_title":"Daniel Rippin - Hogar","og_description":"Soy biling\u00fce de nacimiento. Estudie en la Escuela Europea de Alicante donde pude profundizar y mejorar tanto mi vocabulario como mi escritura del ingl\u00e9s.","og_url":"https:\/\/www.euroresidentes.com\/hogar\/daniel-rippin.html","og_site_name":"Hogar","article_modified_time":"2021-07-08T18:41:16+00:00","og_image":[{"width":228,"height":173,"url":"https:\/\/www.euroresidentes.com\/hogar\/wp-content\/uploads\/2021\/07\/perfil.jpg","type":"image\/jpeg"}],"twitter_card":"summary_large_image","twitter_misc":{"Est. reading time":"2 minutos"},"schema":{"@context":"https:\/\/schema.org","@graph":[{"@type":"WebPage","@id":"https:\/\/www.euroresidentes.com\/hogar\/daniel-rippin.html","url":"https:\/\/www.euroresidentes.com\/hogar\/daniel-rippin.html","name":"Daniel Rippin - Hogar","isPartOf":{"@id":"https:\/\/www.euroresidentes.com\/hogar\/#website"},"primaryImageOfPage":{"@id":"https:\/\/www.euroresidentes.com\/hogar\/daniel-rippin.html#primaryimage"},"image":{"@id":"https:\/\/www.euroresidentes.com\/hogar\/daniel-rippin.html#primaryimage"},"thumbnailUrl":"https:\/\/www.euroresidentes.com\/hogar\/wp-content\/uploads\/2021\/07\/perfil.jpg","datePublished":"2016-02-17T08:10:56+00:00","dateModified":"2021-07-08T18:41:16+00:00","description":"Soy biling\u00fce de nacimiento. Estudie en la Escuela Europea de Alicante donde pude profundizar y mejorar tanto mi vocabulario como mi escritura del ingl\u00e9s.","breadcrumb":{"@id":"https:\/\/www.euroresidentes.com\/hogar\/daniel-rippin.html#breadcrumb"},"inLanguage":"es","potentialAction":[{"@type":"ReadAction","target":["https:\/\/www.euroresidentes.com\/hogar\/daniel-rippin.html"]}]},{"@type":"ImageObject","inLanguage":"es","@id":"https:\/\/www.euroresidentes.com\/hogar\/daniel-rippin.html#primaryimage","url":"https:\/\/www.euroresidentes.com\/hogar\/wp-content\/uploads\/2021\/07\/perfil.jpg","contentUrl":"https:\/\/www.euroresidentes.com\/hogar\/wp-content\/uploads\/2021\/07\/perfil.jpg","width":228,"height":173},{"@type":"BreadcrumbList","@id":"https:\/\/www.euroresidentes.com\/hogar\/daniel-rippin.html#breadcrumb","itemListElement":[{"@type":"ListItem","position":1,"name":"Portada","item":"https:\/\/www.euroresidentes.com\/hogar\/"},{"@type":"ListItem","position":2,"name":"Daniel Rippin"}]},{"@type":"WebSite","@id":"https:\/\/www.euroresidentes.com\/hogar\/#website","url":"https:\/\/www.euroresidentes.com\/hogar\/","name":"Hogar","description":"Otro sitio realizado con WordPress","potentialAction":[{"@type":"SearchAction","target":{"@type":"EntryPoint","urlTemplate":"https:\/\/www.euroresidentes.com\/hogar\/?s={search_term_string}"},"query-input":{"@type":"PropertyValueSpecification","valueRequired":true,"valueName":"search_term_string"}}],"inLanguage":"es"}]}},"_links":{"self":[{"href":"https:\/\/www.euroresidentes.com\/hogar\/wp-json\/wp\/v2\/pages\/36","targetHints":{"allow":["GET"]}}],"collection":[{"href":"https:\/\/www.euroresidentes.com\/hogar\/wp-json\/wp\/v2\/pages"}],"about":[{"href":"https:\/\/www.euroresidentes.com\/hogar\/wp-json\/wp\/v2\/types\/page"}],"author":[{"embeddable":true,"href":"https:\/\/www.euroresidentes.com\/hogar\/wp-json\/wp\/v2\/users\/1"}],"replies":[{"embeddable":true,"href":"https:\/\/www.euroresidentes.com\/hogar\/wp-json\/wp\/v2\/comments?post=36"}],"version-history":[{"count":6,"href":"https:\/\/www.euroresidentes.com\/hogar\/wp-json\/wp\/v2\/pages\/36\/revisions"}],"predecessor-version":[{"id":392,"href":"https:\/\/www.euroresidentes.com\/hogar\/wp-json\/wp\/v2\/pages\/36\/revisions\/392"}],"wp:featuredmedia":[{"embeddable":true,"href":"https:\/\/www.euroresidentes.com\/hogar\/wp-json\/wp\/v2\/media\/391"}],"wp:attachment":[{"href":"https:\/\/www.euroresidentes.com\/hogar\/wp-json\/wp\/v2\/media?parent=36"}],"curies":[{"name":"wp","href":"https:\/\/api.w.org\/{rel}","templated":true}]}}