{"id":758,"date":"2016-01-27T13:18:00","date_gmt":"2016-01-27T13:18:00","guid":{"rendered":"http:\/\/www.euroresidentes.com\/hogar\/mascotas\/pajaros"},"modified":"2018-09-26T13:54:05","modified_gmt":"2018-09-26T11:54:05","slug":"pajaros","status":"publish","type":"page","link":"https:\/\/www.euroresidentes.com\/hogar\/mascotas\/pajaros.html","title":{"rendered":"Aves"},"content":{"rendered":"<div style=\"text-align: left\"><b>\u00a1\u00a1Bienvenidos al apartado de Aves!! Aqu\u00ed tenemos curiosidades, humor, cuidados,\u00a0recomendaciones y m\u00e1s cosas sobre ellas! espero que os guste y os ayude!!! \ud83d\ude00<\/b><\/div>\n<div style=\"text-align: left\">\u00a0<\/div>\n<div style=\"text-align: left\"><b><i><span style=\"color: #008080\">\u00abYa viene la primavera, ya los p\u00e1jaros se hermanan&#8230; \u00a1Cu\u00e1nto espacio entre nosotros y cu\u00e1n cerca nuestras almas!\u00bb<\/span> <span style=\"color: #339966\">(Salvador Rueda)<\/span><\/i><\/b> <b><i> <\/i><\/b><\/div>\n<div style=\"text-align: left\">\u00a0<\/div>\n<div class=\"separator\" style=\"clear: both;text-align: left\">\u00a0<\/div>\n<h3 style=\"text-align: left\">Curiosidades sobre aves:<img loading=\"lazy\" decoding=\"async\" class=\"alignright size-medium wp-image-9448\" src=\"http:\/\/www.euroresidentes.com\/hogar\/mascotas\/wp-content\/uploads\/sites\/5\/2016\/01\/ninfa-euroresidentes-300x300.jpg\" alt=\"Aves\" width=\"300\" height=\"300\" srcset=\"https:\/\/www.euroresidentes.com\/hogar\/mascotas\/wp-content\/uploads\/sites\/5\/2016\/01\/ninfa-euroresidentes-300x300.jpg 300w, https:\/\/www.euroresidentes.com\/hogar\/mascotas\/wp-content\/uploads\/sites\/5\/2016\/01\/ninfa-euroresidentes-150x150.jpg 150w, https:\/\/www.euroresidentes.com\/hogar\/mascotas\/wp-content\/uploads\/sites\/5\/2016\/01\/ninfa-euroresidentes-75x75.jpg 75w, https:\/\/www.euroresidentes.com\/hogar\/mascotas\/wp-content\/uploads\/sites\/5\/2016\/01\/ninfa-euroresidentes.jpg 700w\" sizes=\"auto, (max-width: 300px) 100vw, 300px\" \/> <b> <\/b><\/h3>\n<ul style=\"text-align: left\">\n<li><b><a href=\"http:\/\/mascotas.euroresidentes.com\/2014\/05\/los-mejores-pajaros-para-tener-de.html\" target=\"_blank\" rel=\"nofollow noopener\">Los mejores p\u00e1jaros para tener de mascota<\/a><\/b><\/li>\n<li><strong><a href=\"https:\/\/www.euroresidentes.com\/hogar\/mascotas\/datos-curiosidades-sobre-los-cuervos\">17 Alucinantes curiosidades sobre los cuervos<\/a><\/strong><\/li>\n<li><b><a href=\"http:\/\/mascotas.euroresidentes.com\/2014\/05\/el-pajaro-que-imita-sonidos.html\" target=\"_blank\" rel=\"nofollow noopener\">El p\u00e1jaro que imita sonidos<\/a><\/b><\/li>\n<li><a href=\"http:\/\/mascotas.euroresidentes.com\/2014\/05\/mascotas-con-amigos-peculiares.html\" target=\"_blank\" rel=\"nofollow noopener\"><b>Mascotas con amigos peculiares<\/b><\/a> (incluye aves)<\/li>\n<li><b><a href=\"http:\/\/mascotas.euroresidentes.com\/2014\/10\/las-aves-mas-raras-del-planeta.html\" target=\"_blank\" rel=\"nofollow noopener\">Las aves m\u00e1s raras del planeta<\/a><\/b><\/li>\n<li><b><a href=\"http:\/\/mascotas.euroresidentes.com\/2014\/12\/animales-gemelos-no-es-su-reflejo.html\" target=\"_blank\" rel=\"nofollow noopener\">Animales Gemelos: No es su reflejo!<\/a>\u00a0<\/b>(incluye aves)<\/li>\n<li><b><a href=\"http:\/\/mascotas.euroresidentes.com\/2015\/01\/animales-monogamos-fieles-de-por-vida.html\" target=\"_blank\" rel=\"nofollow noopener\">Animales Mon\u00f3gamos: Fieles de por vida<\/a>\u00a0<\/b>(incluye aves)<\/li>\n<li><b><a href=\"http:\/\/mascotas.euroresidentes.com\/2015\/10\/el-hombre-que-volvio-fukushima-cuidar.html\" target=\"_blank\" rel=\"nofollow noopener\">El hombre que volvi\u00f3 a Fukushima a cuidar de los animales que fueron abandonados<\/a><\/b><\/li>\n<li><b><a href=\"http:\/\/mascotas.euroresidentes.com\/2015\/10\/cementerios-de-mascotas-lugares-donde.html\" target=\"_blank\" rel=\"nofollow noopener\">Cementerios de Mascotas: Lugares donde honrar la memoria de nuestros animales<\/a><\/b><\/li>\n<\/ul>\n<h3 style=\"text-align: left\">\u00a0<\/h3>\n<h3 style=\"text-align: left\">Humor de aves:<img loading=\"lazy\" decoding=\"async\" class=\"alignright size-medium wp-image-9449\" src=\"http:\/\/www.euroresidentes.com\/hogar\/mascotas\/wp-content\/uploads\/sites\/5\/2016\/01\/pajaros-euroresidentes-294x300.jpg\" alt=\"P\u00e1jaros\" width=\"294\" height=\"300\" srcset=\"https:\/\/www.euroresidentes.com\/hogar\/mascotas\/wp-content\/uploads\/sites\/5\/2016\/01\/pajaros-euroresidentes-294x300.jpg 294w, https:\/\/www.euroresidentes.com\/hogar\/mascotas\/wp-content\/uploads\/sites\/5\/2016\/01\/pajaros-euroresidentes.jpg 700w\" sizes=\"auto, (max-width: 294px) 100vw, 294px\" \/> <b> <\/b><\/h3>\n<div style=\"text-align: left\">\n<ul>\n<li><b><a href=\"http:\/\/mascotas.euroresidentes.com\/2014\/06\/imagenes-graciosas-de-animales-y.html\" target=\"_blank\" rel=\"nofollow noopener\">Im\u00e1genes graciosas de animales y mascotas<\/a>\u00a0<\/b>(incluye aves)<\/li>\n<li><b><a href=\"http:\/\/mascotas.euroresidentes.com\/2014\/11\/comerciales-de-animales-graciosos.html\" target=\"_blank\" rel=\"nofollow noopener\">Comerciales de Animales Graciosos<\/a>\u00a0<\/b>(incluye aves)<\/li>\n<li><b><a href=\"http:\/\/mascotas.euroresidentes.com\/2014\/06\/gifs-de-animales-graciosos.html\" target=\"_blank\" rel=\"nofollow noopener\">Gifs de animales graciosos<\/a>\u00a0<\/b>(incluye aves)<\/li>\n<li><a href=\"http:\/\/mascotas.euroresidentes.com\/2015\/02\/gifs-de-animales-graciosos-parte-2.html\" target=\"_blank\" rel=\"nofollow noopener\"><b>Gifs de animales graciosos (parte 2)<\/b><\/a>\u00a0(incluye aves)<\/li>\n<li><b><a href=\"http:\/\/mascotas.euroresidentes.com\/2015\/02\/como-celebran-los-animales-san-valentin.html\" target=\"_blank\" rel=\"nofollow noopener\">\u00bfC\u00f3mo celebran los animales San Valent\u00edn?<\/a>\u00a0<\/b>(incluye aves)<\/li>\n<\/ul>\n<\/div>\n<h3 style=\"text-align: left\">\u00a0<\/h3>\n<h3 style=\"text-align: left\">Cuidados y recomendaciones:<\/h3>\n<div style=\"text-align: left\">\n<ul>\n<li><strong><a href=\"https:\/\/www.euroresidentes.com\/hogar\/mascotas\/que-comen-los-patos-alimentacion\" target=\"_blank\" rel=\"noopener\">\u00bfQu\u00e9 come un pato? La alimentaci\u00f3n de los patos<\/a><\/strong><\/li>\n<li><a href=\"https:\/\/www.euroresidentes.com\/hogar\/mascotas\/que-come-un-loro\"><strong>\u00bfQu\u00e9 comen los loros? La alimentaci\u00f3n del loro<\/strong><\/a><\/li>\n<li><strong><a href=\"https:\/\/www.euroresidentes.com\/hogar\/mascotas\/el-cuidado-de-la-ninfa\" target=\"_blank\" rel=\"noopener\">El cuidado de la Ninfa, Cocotilla o Carolina<\/a><\/strong><\/li>\n<li><b><a href=\"http:\/\/mascotas.euroresidentes.com\/2014\/06\/la-importancia-de-adoptar-mascotas.html\" target=\"_blank\" rel=\"nofollow noopener\">La importancia de adoptar mascotas<\/a><\/b><\/li>\n<li><b><a href=\"http:\/\/mascotas.euroresidentes.com\/2014\/07\/como-curar-un-pajaro-herido.html\" target=\"_blank\" rel=\"nofollow noopener\">C\u00f3mo curar a un p\u00e1jaro herido<\/a><\/b><\/li>\n<\/ul>\n<\/div>\n<h3 style=\"text-align: left\"><img loading=\"lazy\" decoding=\"async\" class=\"alignright size-medium wp-image-9451\" src=\"http:\/\/www.euroresidentes.com\/hogar\/mascotas\/wp-content\/uploads\/sites\/5\/2016\/01\/aves-euroresidentes-300x285.jpg\" alt=\"Aves\" width=\"300\" height=\"285\" srcset=\"https:\/\/www.euroresidentes.com\/hogar\/mascotas\/wp-content\/uploads\/sites\/5\/2016\/01\/aves-euroresidentes-300x285.jpg 300w, https:\/\/www.euroresidentes.com\/hogar\/mascotas\/wp-content\/uploads\/sites\/5\/2016\/01\/aves-euroresidentes.jpg 700w\" sizes=\"auto, (max-width: 300px) 100vw, 300px\" \/><\/h3>\n<h3 style=\"text-align: left\">\u00a0<\/h3>\n<h3 style=\"text-align: left\">Otras cosas:<\/h3>\n<div>\n<ul>\n<li style=\"text-align: left\"><b><a href=\"http:\/\/mascotas.euroresidentes.com\/2014\/07\/nombres-originales-y-bonitos-para.html\" target=\"_blank\" rel=\"nofollow noopener\">Nombres originales y bonitos para mascotas<\/a><\/b><\/li>\n<li style=\"text-align: left\"><strong><a href=\"https:\/\/www.euroresidentes.com\/hogar\/mascotas\/mascotas-transmitir-enfermedades\" target=\"_blank\" rel=\"noopener\">Enfermedades que nos pueden transmitir nuestras mascotas<\/a><\/strong><\/li>\n<li style=\"text-align: left\"><b><a href=\"http:\/\/mascotas.euroresidentes.com\/2014\/12\/preciosos-wallpapers-de-animales.html\" target=\"_blank\" rel=\"nofollow noopener\">Preciosos Wallpapers de Animales Navide\u00f1os!<\/a><\/b><\/li>\n<li style=\"text-align: left\"><strong><a href=\"https:\/\/www.euroresidentes.com\/hogar\/mascotas\/feliz-navidad-y-feliz-2015-amantes-de\">Feliz Navidad y Feliz 2017 Amantes de las Mascotas!<\/a><\/strong><\/li>\n<li style=\"text-align: left\"><b><a href=\"http:\/\/mascotas.euroresidentes.com\/2015\/05\/las-mejores-mascotas-para-ninos-cuando.html\" target=\"_blank\" rel=\"nofollow noopener\">Las mejores mascotas para ni\u00f1os: \u00bfCu\u00e1ndo est\u00e1n preparados para tener una?<\/a><\/b><\/li>\n<li style=\"text-align: left\"><b><a href=\"http:\/\/mascotas.euroresidentes.com\/2016\/01\/como-saber-si-tu-mascota-esta-triste-o.html\" target=\"_blank\" rel=\"nofollow noopener\">\u00bfC\u00f3mo saber si tu mascota est\u00e1 triste o deprimida?<\/a><\/b><\/li>\n<li style=\"text-align: left\"><b><a href=\"http:\/\/mascotas.euroresidentes.com\/2015\/12\/antes-de-regalar-una-mascota-ten-en.html\" target=\"_blank\" rel=\"nofollow noopener\">Antes de regalar una mascota ten en cuenta esto<\/a><\/b>\u00a0<\/li>\n<\/ul>\n<\/div>\n","protected":false},"excerpt":{"rendered":"<p>\u00a1\u00a1Bienvenidos al apartado de Aves!! Aqu\u00ed tenemos curiosidades, humor, cuidados,\u00a0recomendaciones y m\u00e1s cosas sobre ellas! espero que os guste y os ayude!!! \ud83d\ude00 \u00a0 \u00abYa viene la primavera, ya los p\u00e1jaros se hermanan&#8230; \u00a1Cu\u00e1nto espacio entre nosotros y cu\u00e1n cerca nuestras almas!\u00bb (Salvador Rueda) \u00a0 \u00a0 Curiosidades sobre aves: Los mejores p\u00e1jaros para tener de mascota 17 Alucinantes curiosidades sobre los cuervos El p\u00e1jaro que imita sonidos Mascotas con amigos peculiares (incluye aves) Las aves m\u00e1s raras del planeta Animales Gemelos: No es su reflejo!\u00a0(incluye aves) Animales Mon\u00f3gamos: Fieles de por vida\u00a0(incluye aves) El hombre que volvi\u00f3 a Fukushima a <\/p>\n","protected":false},"author":12,"featured_media":9448,"parent":0,"menu_order":0,"comment_status":"closed","ping_status":"closed","template":"","meta":{"footnotes":""},"class_list":["post-758","page","type-page","status-publish","has-post-thumbnail","hentry","has_thumb"],"yoast_head":"<!-- This site is optimized with the Yoast SEO plugin v24.1 - https:\/\/yoast.com\/wordpress\/plugins\/seo\/ -->\n<title>Aves - Todo mascotas<\/title>\n<meta name=\"robots\" content=\"index, follow, max-snippet:-1, max-image-preview:large, max-video-preview:-1\" \/>\n<link rel=\"canonical\" href=\"https:\/\/www.euroresidentes.com\/hogar\/mascotas\/pajaros.html\" \/>\n<meta property=\"og:locale\" content=\"es_ES\" \/>\n<meta property=\"og:type\" content=\"article\" \/>\n<meta property=\"og:title\" content=\"Aves - Todo mascotas\" \/>\n<meta property=\"og:description\" content=\"\u00a1\u00a1Bienvenidos al apartado de Aves!! Aqu\u00ed tenemos curiosidades, humor, cuidados,\u00a0recomendaciones y m\u00e1s cosas sobre ellas! espero que os guste y os ayude!!! \ud83d\ude00 \u00a0 \u00abYa viene la primavera, ya los p\u00e1jaros se hermanan&#8230; \u00a1Cu\u00e1nto espacio entre nosotros y cu\u00e1n cerca nuestras almas!\u00bb (Salvador Rueda) \u00a0 \u00a0 Curiosidades sobre aves: Los mejores p\u00e1jaros para tener de mascota 17 Alucinantes curiosidades sobre los cuervos El p\u00e1jaro que imita sonidos Mascotas con amigos peculiares (incluye aves) Las aves m\u00e1s raras del planeta Animales Gemelos: No es su reflejo!\u00a0(incluye aves) Animales Mon\u00f3gamos: Fieles de por vida\u00a0(incluye aves) El hombre que volvi\u00f3 a Fukushima a\" \/>\n<meta property=\"og:url\" content=\"https:\/\/www.euroresidentes.com\/hogar\/mascotas\/pajaros.html\" \/>\n<meta property=\"og:site_name\" content=\"Todo mascotas\" \/>\n<meta property=\"article:publisher\" content=\"https:\/\/www.facebook.com\/todo.mascotas.euroresidentes\/\" \/>\n<meta property=\"article:modified_time\" content=\"2018-09-26T11:54:05+00:00\" \/>\n<meta property=\"og:image\" content=\"https:\/\/www.euroresidentes.com\/hogar\/mascotas\/wp-content\/uploads\/sites\/5\/2016\/01\/ninfa-euroresidentes.jpg\" \/>\n\t<meta property=\"og:image:width\" content=\"700\" \/>\n\t<meta property=\"og:image:height\" content=\"700\" \/>\n\t<meta property=\"og:image:type\" content=\"image\/jpeg\" \/>\n<meta name=\"twitter:card\" content=\"summary_large_image\" \/>\n<meta name=\"twitter:label1\" content=\"Est. reading time\" \/>\n\t<meta name=\"twitter:data1\" content=\"1 minuto\" \/>\n<script type=\"application\/ld+json\" class=\"yoast-schema-graph\">{\"@context\":\"https:\/\/schema.org\",\"@graph\":[{\"@type\":\"WebPage\",\"@id\":\"https:\/\/www.euroresidentes.com\/hogar\/mascotas\/pajaros.html\",\"url\":\"https:\/\/www.euroresidentes.com\/hogar\/mascotas\/pajaros.html\",\"name\":\"Aves - Todo mascotas\",\"isPartOf\":{\"@id\":\"https:\/\/www.euroresidentes.com\/hogar\/mascotas\/#website\"},\"primaryImageOfPage\":{\"@id\":\"https:\/\/www.euroresidentes.com\/hogar\/mascotas\/pajaros.html#primaryimage\"},\"image\":{\"@id\":\"https:\/\/www.euroresidentes.com\/hogar\/mascotas\/pajaros.html#primaryimage\"},\"thumbnailUrl\":\"https:\/\/www.euroresidentes.com\/hogar\/mascotas\/wp-content\/uploads\/sites\/5\/2016\/01\/ninfa-euroresidentes.jpg\",\"datePublished\":\"2016-01-27T13:18:00+00:00\",\"dateModified\":\"2018-09-26T11:54:05+00:00\",\"breadcrumb\":{\"@id\":\"https:\/\/www.euroresidentes.com\/hogar\/mascotas\/pajaros.html#breadcrumb\"},\"inLanguage\":\"es\",\"potentialAction\":[{\"@type\":\"ReadAction\",\"target\":[\"https:\/\/www.euroresidentes.com\/hogar\/mascotas\/pajaros.html\"]}]},{\"@type\":\"ImageObject\",\"inLanguage\":\"es\",\"@id\":\"https:\/\/www.euroresidentes.com\/hogar\/mascotas\/pajaros.html#primaryimage\",\"url\":\"https:\/\/www.euroresidentes.com\/hogar\/mascotas\/wp-content\/uploads\/sites\/5\/2016\/01\/ninfa-euroresidentes.jpg\",\"contentUrl\":\"https:\/\/www.euroresidentes.com\/hogar\/mascotas\/wp-content\/uploads\/sites\/5\/2016\/01\/ninfa-euroresidentes.jpg\",\"width\":700,\"height\":700,\"caption\":\"Aves\"},{\"@type\":\"BreadcrumbList\",\"@id\":\"https:\/\/www.euroresidentes.com\/hogar\/mascotas\/pajaros.html#breadcrumb\",\"itemListElement\":[{\"@type\":\"ListItem\",\"position\":1,\"name\":\"Portada\",\"item\":\"https:\/\/www.euroresidentes.com\/hogar\/mascotas\/\"},{\"@type\":\"ListItem\",\"position\":2,\"name\":\"Aves\"}]},{\"@type\":\"WebSite\",\"@id\":\"https:\/\/www.euroresidentes.com\/hogar\/mascotas\/#website\",\"url\":\"https:\/\/www.euroresidentes.com\/hogar\/mascotas\/\",\"name\":\"Todo mascotas\",\"description\":\"Euroresidentes\",\"potentialAction\":[{\"@type\":\"SearchAction\",\"target\":{\"@type\":\"EntryPoint\",\"urlTemplate\":\"https:\/\/www.euroresidentes.com\/hogar\/mascotas\/?s={search_term_string}\"},\"query-input\":{\"@type\":\"PropertyValueSpecification\",\"valueRequired\":true,\"valueName\":\"search_term_string\"}}],\"inLanguage\":\"es\"}]}<\/script>\n<!-- \/ Yoast SEO plugin. -->","yoast_head_json":{"title":"Aves - Todo mascotas","robots":{"index":"index","follow":"follow","max-snippet":"max-snippet:-1","max-image-preview":"max-image-preview:large","max-video-preview":"max-video-preview:-1"},"canonical":"https:\/\/www.euroresidentes.com\/hogar\/mascotas\/pajaros.html","og_locale":"es_ES","og_type":"article","og_title":"Aves - Todo mascotas","og_description":"\u00a1\u00a1Bienvenidos al apartado de Aves!! Aqu\u00ed tenemos curiosidades, humor, cuidados,\u00a0recomendaciones y m\u00e1s cosas sobre ellas! espero que os guste y os ayude!!! \ud83d\ude00 \u00a0 \u00abYa viene la primavera, ya los p\u00e1jaros se hermanan&#8230; \u00a1Cu\u00e1nto espacio entre nosotros y cu\u00e1n cerca nuestras almas!\u00bb (Salvador Rueda) \u00a0 \u00a0 Curiosidades sobre aves: Los mejores p\u00e1jaros para tener de mascota 17 Alucinantes curiosidades sobre los cuervos El p\u00e1jaro que imita sonidos Mascotas con amigos peculiares (incluye aves) Las aves m\u00e1s raras del planeta Animales Gemelos: No es su reflejo!\u00a0(incluye aves) Animales Mon\u00f3gamos: Fieles de por vida\u00a0(incluye aves) El hombre que volvi\u00f3 a Fukushima a","og_url":"https:\/\/www.euroresidentes.com\/hogar\/mascotas\/pajaros.html","og_site_name":"Todo mascotas","article_publisher":"https:\/\/www.facebook.com\/todo.mascotas.euroresidentes\/","article_modified_time":"2018-09-26T11:54:05+00:00","og_image":[{"width":700,"height":700,"url":"https:\/\/www.euroresidentes.com\/hogar\/mascotas\/wp-content\/uploads\/sites\/5\/2016\/01\/ninfa-euroresidentes.jpg","type":"image\/jpeg"}],"twitter_card":"summary_large_image","twitter_misc":{"Est. reading time":"1 minuto"},"schema":{"@context":"https:\/\/schema.org","@graph":[{"@type":"WebPage","@id":"https:\/\/www.euroresidentes.com\/hogar\/mascotas\/pajaros.html","url":"https:\/\/www.euroresidentes.com\/hogar\/mascotas\/pajaros.html","name":"Aves - Todo mascotas","isPartOf":{"@id":"https:\/\/www.euroresidentes.com\/hogar\/mascotas\/#website"},"primaryImageOfPage":{"@id":"https:\/\/www.euroresidentes.com\/hogar\/mascotas\/pajaros.html#primaryimage"},"image":{"@id":"https:\/\/www.euroresidentes.com\/hogar\/mascotas\/pajaros.html#primaryimage"},"thumbnailUrl":"https:\/\/www.euroresidentes.com\/hogar\/mascotas\/wp-content\/uploads\/sites\/5\/2016\/01\/ninfa-euroresidentes.jpg","datePublished":"2016-01-27T13:18:00+00:00","dateModified":"2018-09-26T11:54:05+00:00","breadcrumb":{"@id":"https:\/\/www.euroresidentes.com\/hogar\/mascotas\/pajaros.html#breadcrumb"},"inLanguage":"es","potentialAction":[{"@type":"ReadAction","target":["https:\/\/www.euroresidentes.com\/hogar\/mascotas\/pajaros.html"]}]},{"@type":"ImageObject","inLanguage":"es","@id":"https:\/\/www.euroresidentes.com\/hogar\/mascotas\/pajaros.html#primaryimage","url":"https:\/\/www.euroresidentes.com\/hogar\/mascotas\/wp-content\/uploads\/sites\/5\/2016\/01\/ninfa-euroresidentes.jpg","contentUrl":"https:\/\/www.euroresidentes.com\/hogar\/mascotas\/wp-content\/uploads\/sites\/5\/2016\/01\/ninfa-euroresidentes.jpg","width":700,"height":700,"caption":"Aves"},{"@type":"BreadcrumbList","@id":"https:\/\/www.euroresidentes.com\/hogar\/mascotas\/pajaros.html#breadcrumb","itemListElement":[{"@type":"ListItem","position":1,"name":"Portada","item":"https:\/\/www.euroresidentes.com\/hogar\/mascotas\/"},{"@type":"ListItem","position":2,"name":"Aves"}]},{"@type":"WebSite","@id":"https:\/\/www.euroresidentes.com\/hogar\/mascotas\/#website","url":"https:\/\/www.euroresidentes.com\/hogar\/mascotas\/","name":"Todo mascotas","description":"Euroresidentes","potentialAction":[{"@type":"SearchAction","target":{"@type":"EntryPoint","urlTemplate":"https:\/\/www.euroresidentes.com\/hogar\/mascotas\/?s={search_term_string}"},"query-input":{"@type":"PropertyValueSpecification","valueRequired":true,"valueName":"search_term_string"}}],"inLanguage":"es"}]}},"_links":{"self":[{"href":"https:\/\/www.euroresidentes.com\/hogar\/mascotas\/wp-json\/wp\/v2\/pages\/758","targetHints":{"allow":["GET"]}}],"collection":[{"href":"https:\/\/www.euroresidentes.com\/hogar\/mascotas\/wp-json\/wp\/v2\/pages"}],"about":[{"href":"https:\/\/www.euroresidentes.com\/hogar\/mascotas\/wp-json\/wp\/v2\/types\/page"}],"author":[{"embeddable":true,"href":"https:\/\/www.euroresidentes.com\/hogar\/mascotas\/wp-json\/wp\/v2\/users\/12"}],"replies":[{"embeddable":true,"href":"https:\/\/www.euroresidentes.com\/hogar\/mascotas\/wp-json\/wp\/v2\/comments?post=758"}],"version-history":[{"count":13,"href":"https:\/\/www.euroresidentes.com\/hogar\/mascotas\/wp-json\/wp\/v2\/pages\/758\/revisions"}],"predecessor-version":[{"id":9447,"href":"https:\/\/www.euroresidentes.com\/hogar\/mascotas\/wp-json\/wp\/v2\/pages\/758\/revisions\/9447"}],"wp:featuredmedia":[{"embeddable":true,"href":"https:\/\/www.euroresidentes.com\/hogar\/mascotas\/wp-json\/wp\/v2\/media\/9448"}],"wp:attachment":[{"href":"https:\/\/www.euroresidentes.com\/hogar\/mascotas\/wp-json\/wp\/v2\/media?parent=758"}],"curies":[{"name":"wp","href":"https:\/\/api.w.org\/{rel}","templated":true}]}}