{"id":755,"date":"2016-01-27T13:41:00","date_gmt":"2016-01-27T13:41:00","guid":{"rendered":"http:\/\/www.euroresidentes.com\/hogar\/mascotas\/reptiles"},"modified":"2018-04-03T10:42:47","modified_gmt":"2018-04-03T08:42:47","slug":"reptiles","status":"publish","type":"page","link":"https:\/\/www.euroresidentes.com\/hogar\/mascotas\/reptiles.html","title":{"rendered":"Reptiles"},"content":{"rendered":"<div style=\"text-align: left\"><b>\u00a1\u00a1Bienvenidos al apartado de Reptiles!! Aqu\u00ed tenemos curiosidades, humor, cuidados,\u00a0recomendaciones y m\u00e1s cosas sobre ellos! espero que os guste y os ayude!!! \ud83d\ude00<\/b><\/div>\n<div style=\"text-align: left\">\u00a0<\/div>\n<div style=\"text-align: left\"><b><i><span style=\"color: #008080\">\u00abLa tortuga puede hablar m\u00e1s del camino que la liebre.\u00bb<\/span> <span style=\"color: #339966\">(Jalil Gibran)<\/span><\/i><\/b><\/div>\n<div class=\"separator\" style=\"clear: both;text-align: left\">\u00a0<\/div>\n<div class=\"separator\" style=\"clear: both;text-align: left\">\u00a0<\/div>\n<h3 style=\"text-align: left\">Curiosidades sobre reptiles:<img loading=\"lazy\" decoding=\"async\" class=\"alignright size-medium wp-image-9467\" src=\"http:\/\/www.euroresidentes.com\/hogar\/mascotas\/wp-content\/uploads\/sites\/5\/2016\/01\/serpiente-euroresidentes-300x195.jpg\" alt=\"Serpiente\" width=\"300\" height=\"195\" srcset=\"https:\/\/www.euroresidentes.com\/hogar\/mascotas\/wp-content\/uploads\/sites\/5\/2016\/01\/serpiente-euroresidentes-300x195.jpg 300w, https:\/\/www.euroresidentes.com\/hogar\/mascotas\/wp-content\/uploads\/sites\/5\/2016\/01\/serpiente-euroresidentes.jpg 700w\" sizes=\"auto, (max-width: 300px) 100vw, 300px\" \/><\/h3>\n<ul style=\"text-align: left\">\n<li><a href=\"http:\/\/mascotas.euroresidentes.com\/2014\/05\/mascotas-con-amigos-peculiares.html\" target=\"_blank\" rel=\"nofollow\"><b>Mascotas con amigos peculiares<\/b><\/a> (incluye reptiles)<\/li>\n<li><b><a href=\"http:\/\/mascotas.euroresidentes.com\/2014\/08\/30-curiosidades-sobre-serpientes.html\" target=\"_blank\" rel=\"nofollow\">30 Curiosidades sobre serpientes<\/a><\/b><\/li>\n<li><b><a href=\"http:\/\/mascotas.euroresidentes.com\/2015\/06\/una-tortuga-de-90-anos-consigue-una.html\" target=\"_blank\" rel=\"nofollow\">Una tortuga de 90 a\u00f1os consigue una pr\u00f3tesis de ruedas y va el doble de r\u00e1pida<\/a><\/b><\/li>\n<li><b><a href=\"http:\/\/mascotas.euroresidentes.com\/2015\/10\/cementerios-de-mascotas-lugares-donde.html\" target=\"_blank\" rel=\"nofollow\">Cementerios de Mascotas: Lugares donde honrar la memoria de nuestros animales<\/a><\/b><\/li>\n<\/ul>\n<div class=\"separator\" style=\"clear: both;text-align: left\">\u00a0<\/div>\n<div class=\"separator\" style=\"clear: both;text-align: left\">\u00a0<\/div>\n<h3 style=\"text-align: left\">Humor reptil:<img loading=\"lazy\" decoding=\"async\" class=\"alignright size-medium wp-image-9466\" src=\"http:\/\/www.euroresidentes.com\/hogar\/mascotas\/wp-content\/uploads\/sites\/5\/2016\/01\/iguana-reptiles-euroresidentes-300x199.jpg\" alt=\"Reptiles\" width=\"300\" height=\"199\" srcset=\"https:\/\/www.euroresidentes.com\/hogar\/mascotas\/wp-content\/uploads\/sites\/5\/2016\/01\/iguana-reptiles-euroresidentes-300x199.jpg 300w, https:\/\/www.euroresidentes.com\/hogar\/mascotas\/wp-content\/uploads\/sites\/5\/2016\/01\/iguana-reptiles-euroresidentes.jpg 700w\" sizes=\"auto, (max-width: 300px) 100vw, 300px\" \/><\/h3>\n<ul style=\"text-align: left\">\n<li><b><a href=\"http:\/\/mascotas.euroresidentes.com\/2014\/10\/halloween-animal-disfraces-terrorificos.html\" target=\"_blank\" rel=\"nofollow\">Halloween Animal: Disfraces terror\u00edficos!<\/a><\/b><\/li>\n<li><b><a href=\"http:\/\/mascotas.euroresidentes.com\/2015\/02\/como-celebran-los-animales-san-valentin.html\" target=\"_blank\" rel=\"nofollow\">\u00bfC\u00f3mo celebran los animales San Valent\u00edn?<\/a>\u00a0<\/b>(incluye reptiles)<\/li>\n<\/ul>\n<p style=\"text-align: left\">\u00a0<\/p>\n<h3 style=\"text-align: left\"><b> <\/b> <b> <\/b> Cuidados y recomendaciones:<\/h3>\n<div style=\"text-align: left\">\n<ul>\n<li><b><a href=\"http:\/\/mascotas.euroresidentes.com\/2014\/04\/10-formas-de-hacer-feliz-mi-tortuga.html\" target=\"_blank\" rel=\"nofollow\">10 Formas de hacer feliz a mi tortuga<\/a><\/b><\/li>\n<li><b><a href=\"http:\/\/mascotas.euroresidentes.com\/2014\/05\/como-cuidar-un-camaleon.html\" target=\"_blank\" rel=\"nofollow\">C\u00f3mo cuidar a un camale\u00f3n<\/a><\/b><\/li>\n<li><b><a href=\"http:\/\/mascotas.euroresidentes.com\/2014\/06\/la-importancia-de-adoptar-mascotas.html\" target=\"_blank\" rel=\"nofollow\">La importancia de adoptar mascotas<\/a><\/b><\/li>\n<li><b><a href=\"http:\/\/mascotas.euroresidentes.com\/2014\/09\/que-come-una-iguana.html\" target=\"_blank\" rel=\"nofollow\">\u00bfQu\u00e9 come una iguana?<\/a><\/b><\/li>\n<\/ul>\n<\/div>\n<div style=\"text-align: left\">\u00a0<img loading=\"lazy\" decoding=\"async\" class=\"alignright size-medium wp-image-9468\" src=\"http:\/\/www.euroresidentes.com\/hogar\/mascotas\/wp-content\/uploads\/sites\/5\/2016\/01\/tortuga-euroresidentes-300x192.jpg\" alt=\"Tortuga\" width=\"300\" height=\"192\" srcset=\"https:\/\/www.euroresidentes.com\/hogar\/mascotas\/wp-content\/uploads\/sites\/5\/2016\/01\/tortuga-euroresidentes-300x192.jpg 300w, https:\/\/www.euroresidentes.com\/hogar\/mascotas\/wp-content\/uploads\/sites\/5\/2016\/01\/tortuga-euroresidentes.jpg 700w\" sizes=\"auto, (max-width: 300px) 100vw, 300px\" \/><\/div>\n<h3 style=\"text-align: left\"><b><\/b> <b><b> <\/b><\/b> <b><b><\/b><\/b> Otras cosas:<\/h3>\n<div style=\"text-align: left\">\n<ul>\n<li><b><a href=\"http:\/\/mascotas.euroresidentes.com\/2014\/07\/nombres-originales-y-bonitos-para.html\" target=\"_blank\" rel=\"nofollow\">Nombres originales y bonitos para mascotas<\/a><\/b><\/li>\n<li><strong><a href=\"https:\/\/www.euroresidentes.com\/hogar\/mascotas\/mascotas-transmitir-enfermedades\" target=\"_blank\">Enfermedades que nos pueden transmitir nuestras mascotas<\/a><\/strong><\/li>\n<li><b><a href=\"http:\/\/mascotas.euroresidentes.com\/2014\/12\/feliz-navidad-y-feliz-2015-amantes-de.html\" target=\"_blank\" rel=\"nofollow\">Feliz Navidad y Feliz 2017 Amantes de las Mascotas!<\/a><\/b><\/li>\n<li><b><a href=\"http:\/\/mascotas.euroresidentes.com\/2014\/08\/vuestras-mascotas.html\" target=\"_blank\" rel=\"nofollow\">\u00a1\u00a1\u00a1Vuestras Mascotas!!!<\/a>\u00a0<\/b>&#8211; Manda la foto de la tuya!<\/li>\n<li><b><a href=\"http:\/\/mascotas.euroresidentes.com\/2016\/01\/17-enero-dia-de-los-animales-san-anton.html\" target=\"_blank\" rel=\"nofollow\">17 Enero, d\u00eda de los Animales: \u00a1San Ant\u00f3n, bendice a mi mascota!<\/a><\/b><\/li>\n<li><b><a href=\"http:\/\/mascotas.euroresidentes.com\/2016\/01\/como-saber-si-tu-mascota-esta-triste-o.html\" target=\"_blank\" rel=\"nofollow\">\u00bfC\u00f3mo saber si tu mascota est\u00e1 triste o deprimida?<\/a><\/b><\/li>\n<li><b><a href=\"http:\/\/mascotas.euroresidentes.com\/2015\/12\/antes-de-regalar-una-mascota-ten-en.html\" target=\"_blank\" rel=\"nofollow\">Antes de regalar una mascota ten en cuenta esto<\/a><\/b><\/li>\n<li><b><a href=\"http:\/\/mascotas.euroresidentes.com\/2015\/12\/11-regalos-originales-para-mascotas.html\" target=\"_blank\" rel=\"nofollow\">11 Regalos Originales para Mascotas!<\/a><\/b><\/li>\n<\/ul>\n<\/div>\n<div>\n<div style=\"text-align: left\"><b>\u00a0<\/b><\/div>\n<\/div>\n","protected":false},"excerpt":{"rendered":"<p>\u00a1\u00a1Bienvenidos al apartado de Reptiles!! Aqu\u00ed tenemos curiosidades, humor, cuidados,\u00a0recomendaciones y m\u00e1s cosas sobre ellos! espero que os guste y os ayude!!! \ud83d\ude00 \u00a0 \u00abLa tortuga puede hablar m\u00e1s del camino que la liebre.\u00bb (Jalil Gibran) \u00a0 \u00a0 Curiosidades sobre reptiles: Mascotas con amigos peculiares (incluye reptiles) 30 Curiosidades sobre serpientes Una tortuga de 90 a\u00f1os consigue una pr\u00f3tesis de ruedas y va el doble de r\u00e1pida Cementerios de Mascotas: Lugares donde honrar la memoria de nuestros animales \u00a0 \u00a0 Humor reptil: Halloween Animal: Disfraces terror\u00edficos! \u00bfC\u00f3mo celebran los animales San Valent\u00edn?\u00a0(incluye reptiles) \u00a0 Cuidados y recomendaciones: 10 Formas de <\/p>\n","protected":false},"author":12,"featured_media":9466,"parent":0,"menu_order":0,"comment_status":"closed","ping_status":"closed","template":"","meta":{"footnotes":""},"class_list":["post-755","page","type-page","status-publish","has-post-thumbnail","hentry","has_thumb"],"yoast_head":"<!-- This site is optimized with the Yoast SEO plugin v24.1 - https:\/\/yoast.com\/wordpress\/plugins\/seo\/ -->\n<title>Reptiles - Todo mascotas<\/title>\n<meta name=\"robots\" content=\"index, follow, max-snippet:-1, max-image-preview:large, max-video-preview:-1\" \/>\n<link rel=\"canonical\" href=\"https:\/\/www.euroresidentes.com\/hogar\/mascotas\/reptiles.html\" \/>\n<meta property=\"og:locale\" content=\"es_ES\" \/>\n<meta property=\"og:type\" content=\"article\" \/>\n<meta property=\"og:title\" content=\"Reptiles - Todo mascotas\" \/>\n<meta property=\"og:description\" content=\"\u00a1\u00a1Bienvenidos al apartado de Reptiles!! Aqu\u00ed tenemos curiosidades, humor, cuidados,\u00a0recomendaciones y m\u00e1s cosas sobre ellos! espero que os guste y os ayude!!! \ud83d\ude00 \u00a0 \u00abLa tortuga puede hablar m\u00e1s del camino que la liebre.\u00bb (Jalil Gibran) \u00a0 \u00a0 Curiosidades sobre reptiles: Mascotas con amigos peculiares (incluye reptiles) 30 Curiosidades sobre serpientes Una tortuga de 90 a\u00f1os consigue una pr\u00f3tesis de ruedas y va el doble de r\u00e1pida Cementerios de Mascotas: Lugares donde honrar la memoria de nuestros animales \u00a0 \u00a0 Humor reptil: Halloween Animal: Disfraces terror\u00edficos! \u00bfC\u00f3mo celebran los animales San Valent\u00edn?\u00a0(incluye reptiles) \u00a0 Cuidados y recomendaciones: 10 Formas de\" \/>\n<meta property=\"og:url\" content=\"https:\/\/www.euroresidentes.com\/hogar\/mascotas\/reptiles.html\" \/>\n<meta property=\"og:site_name\" content=\"Todo mascotas\" \/>\n<meta property=\"article:publisher\" content=\"https:\/\/www.facebook.com\/todo.mascotas.euroresidentes\/\" \/>\n<meta property=\"article:modified_time\" content=\"2018-04-03T08:42:47+00:00\" \/>\n<meta property=\"og:image\" content=\"https:\/\/www.euroresidentes.com\/hogar\/mascotas\/wp-content\/uploads\/sites\/5\/2016\/01\/iguana-reptiles-euroresidentes.jpg\" \/>\n\t<meta property=\"og:image:width\" content=\"700\" \/>\n\t<meta property=\"og:image:height\" content=\"465\" \/>\n\t<meta property=\"og:image:type\" content=\"image\/jpeg\" \/>\n<meta name=\"twitter:card\" content=\"summary_large_image\" \/>\n<meta name=\"twitter:label1\" content=\"Est. reading time\" \/>\n\t<meta name=\"twitter:data1\" content=\"1 minuto\" \/>\n<script type=\"application\/ld+json\" class=\"yoast-schema-graph\">{\"@context\":\"https:\/\/schema.org\",\"@graph\":[{\"@type\":\"WebPage\",\"@id\":\"https:\/\/www.euroresidentes.com\/hogar\/mascotas\/reptiles.html\",\"url\":\"https:\/\/www.euroresidentes.com\/hogar\/mascotas\/reptiles.html\",\"name\":\"Reptiles - Todo mascotas\",\"isPartOf\":{\"@id\":\"https:\/\/www.euroresidentes.com\/hogar\/mascotas\/#website\"},\"primaryImageOfPage\":{\"@id\":\"https:\/\/www.euroresidentes.com\/hogar\/mascotas\/reptiles.html#primaryimage\"},\"image\":{\"@id\":\"https:\/\/www.euroresidentes.com\/hogar\/mascotas\/reptiles.html#primaryimage\"},\"thumbnailUrl\":\"https:\/\/www.euroresidentes.com\/hogar\/mascotas\/wp-content\/uploads\/sites\/5\/2016\/01\/iguana-reptiles-euroresidentes.jpg\",\"datePublished\":\"2016-01-27T13:41:00+00:00\",\"dateModified\":\"2018-04-03T08:42:47+00:00\",\"breadcrumb\":{\"@id\":\"https:\/\/www.euroresidentes.com\/hogar\/mascotas\/reptiles.html#breadcrumb\"},\"inLanguage\":\"es\",\"potentialAction\":[{\"@type\":\"ReadAction\",\"target\":[\"https:\/\/www.euroresidentes.com\/hogar\/mascotas\/reptiles.html\"]}]},{\"@type\":\"ImageObject\",\"inLanguage\":\"es\",\"@id\":\"https:\/\/www.euroresidentes.com\/hogar\/mascotas\/reptiles.html#primaryimage\",\"url\":\"https:\/\/www.euroresidentes.com\/hogar\/mascotas\/wp-content\/uploads\/sites\/5\/2016\/01\/iguana-reptiles-euroresidentes.jpg\",\"contentUrl\":\"https:\/\/www.euroresidentes.com\/hogar\/mascotas\/wp-content\/uploads\/sites\/5\/2016\/01\/iguana-reptiles-euroresidentes.jpg\",\"width\":700,\"height\":465,\"caption\":\"Reptiles\"},{\"@type\":\"BreadcrumbList\",\"@id\":\"https:\/\/www.euroresidentes.com\/hogar\/mascotas\/reptiles.html#breadcrumb\",\"itemListElement\":[{\"@type\":\"ListItem\",\"position\":1,\"name\":\"Portada\",\"item\":\"https:\/\/www.euroresidentes.com\/hogar\/mascotas\/\"},{\"@type\":\"ListItem\",\"position\":2,\"name\":\"Reptiles\"}]},{\"@type\":\"WebSite\",\"@id\":\"https:\/\/www.euroresidentes.com\/hogar\/mascotas\/#website\",\"url\":\"https:\/\/www.euroresidentes.com\/hogar\/mascotas\/\",\"name\":\"Todo mascotas\",\"description\":\"Euroresidentes\",\"potentialAction\":[{\"@type\":\"SearchAction\",\"target\":{\"@type\":\"EntryPoint\",\"urlTemplate\":\"https:\/\/www.euroresidentes.com\/hogar\/mascotas\/?s={search_term_string}\"},\"query-input\":{\"@type\":\"PropertyValueSpecification\",\"valueRequired\":true,\"valueName\":\"search_term_string\"}}],\"inLanguage\":\"es\"}]}<\/script>\n<!-- \/ Yoast SEO plugin. -->","yoast_head_json":{"title":"Reptiles - Todo mascotas","robots":{"index":"index","follow":"follow","max-snippet":"max-snippet:-1","max-image-preview":"max-image-preview:large","max-video-preview":"max-video-preview:-1"},"canonical":"https:\/\/www.euroresidentes.com\/hogar\/mascotas\/reptiles.html","og_locale":"es_ES","og_type":"article","og_title":"Reptiles - Todo mascotas","og_description":"\u00a1\u00a1Bienvenidos al apartado de Reptiles!! Aqu\u00ed tenemos curiosidades, humor, cuidados,\u00a0recomendaciones y m\u00e1s cosas sobre ellos! espero que os guste y os ayude!!! \ud83d\ude00 \u00a0 \u00abLa tortuga puede hablar m\u00e1s del camino que la liebre.\u00bb (Jalil Gibran) \u00a0 \u00a0 Curiosidades sobre reptiles: Mascotas con amigos peculiares (incluye reptiles) 30 Curiosidades sobre serpientes Una tortuga de 90 a\u00f1os consigue una pr\u00f3tesis de ruedas y va el doble de r\u00e1pida Cementerios de Mascotas: Lugares donde honrar la memoria de nuestros animales \u00a0 \u00a0 Humor reptil: Halloween Animal: Disfraces terror\u00edficos! \u00bfC\u00f3mo celebran los animales San Valent\u00edn?\u00a0(incluye reptiles) \u00a0 Cuidados y recomendaciones: 10 Formas de","og_url":"https:\/\/www.euroresidentes.com\/hogar\/mascotas\/reptiles.html","og_site_name":"Todo mascotas","article_publisher":"https:\/\/www.facebook.com\/todo.mascotas.euroresidentes\/","article_modified_time":"2018-04-03T08:42:47+00:00","og_image":[{"width":700,"height":465,"url":"https:\/\/www.euroresidentes.com\/hogar\/mascotas\/wp-content\/uploads\/sites\/5\/2016\/01\/iguana-reptiles-euroresidentes.jpg","type":"image\/jpeg"}],"twitter_card":"summary_large_image","twitter_misc":{"Est. reading time":"1 minuto"},"schema":{"@context":"https:\/\/schema.org","@graph":[{"@type":"WebPage","@id":"https:\/\/www.euroresidentes.com\/hogar\/mascotas\/reptiles.html","url":"https:\/\/www.euroresidentes.com\/hogar\/mascotas\/reptiles.html","name":"Reptiles - Todo mascotas","isPartOf":{"@id":"https:\/\/www.euroresidentes.com\/hogar\/mascotas\/#website"},"primaryImageOfPage":{"@id":"https:\/\/www.euroresidentes.com\/hogar\/mascotas\/reptiles.html#primaryimage"},"image":{"@id":"https:\/\/www.euroresidentes.com\/hogar\/mascotas\/reptiles.html#primaryimage"},"thumbnailUrl":"https:\/\/www.euroresidentes.com\/hogar\/mascotas\/wp-content\/uploads\/sites\/5\/2016\/01\/iguana-reptiles-euroresidentes.jpg","datePublished":"2016-01-27T13:41:00+00:00","dateModified":"2018-04-03T08:42:47+00:00","breadcrumb":{"@id":"https:\/\/www.euroresidentes.com\/hogar\/mascotas\/reptiles.html#breadcrumb"},"inLanguage":"es","potentialAction":[{"@type":"ReadAction","target":["https:\/\/www.euroresidentes.com\/hogar\/mascotas\/reptiles.html"]}]},{"@type":"ImageObject","inLanguage":"es","@id":"https:\/\/www.euroresidentes.com\/hogar\/mascotas\/reptiles.html#primaryimage","url":"https:\/\/www.euroresidentes.com\/hogar\/mascotas\/wp-content\/uploads\/sites\/5\/2016\/01\/iguana-reptiles-euroresidentes.jpg","contentUrl":"https:\/\/www.euroresidentes.com\/hogar\/mascotas\/wp-content\/uploads\/sites\/5\/2016\/01\/iguana-reptiles-euroresidentes.jpg","width":700,"height":465,"caption":"Reptiles"},{"@type":"BreadcrumbList","@id":"https:\/\/www.euroresidentes.com\/hogar\/mascotas\/reptiles.html#breadcrumb","itemListElement":[{"@type":"ListItem","position":1,"name":"Portada","item":"https:\/\/www.euroresidentes.com\/hogar\/mascotas\/"},{"@type":"ListItem","position":2,"name":"Reptiles"}]},{"@type":"WebSite","@id":"https:\/\/www.euroresidentes.com\/hogar\/mascotas\/#website","url":"https:\/\/www.euroresidentes.com\/hogar\/mascotas\/","name":"Todo mascotas","description":"Euroresidentes","potentialAction":[{"@type":"SearchAction","target":{"@type":"EntryPoint","urlTemplate":"https:\/\/www.euroresidentes.com\/hogar\/mascotas\/?s={search_term_string}"},"query-input":{"@type":"PropertyValueSpecification","valueRequired":true,"valueName":"search_term_string"}}],"inLanguage":"es"}]}},"_links":{"self":[{"href":"https:\/\/www.euroresidentes.com\/hogar\/mascotas\/wp-json\/wp\/v2\/pages\/755","targetHints":{"allow":["GET"]}}],"collection":[{"href":"https:\/\/www.euroresidentes.com\/hogar\/mascotas\/wp-json\/wp\/v2\/pages"}],"about":[{"href":"https:\/\/www.euroresidentes.com\/hogar\/mascotas\/wp-json\/wp\/v2\/types\/page"}],"author":[{"embeddable":true,"href":"https:\/\/www.euroresidentes.com\/hogar\/mascotas\/wp-json\/wp\/v2\/users\/12"}],"replies":[{"embeddable":true,"href":"https:\/\/www.euroresidentes.com\/hogar\/mascotas\/wp-json\/wp\/v2\/comments?post=755"}],"version-history":[{"count":8,"href":"https:\/\/www.euroresidentes.com\/hogar\/mascotas\/wp-json\/wp\/v2\/pages\/755\/revisions"}],"predecessor-version":[{"id":14292,"href":"https:\/\/www.euroresidentes.com\/hogar\/mascotas\/wp-json\/wp\/v2\/pages\/755\/revisions\/14292"}],"wp:featuredmedia":[{"embeddable":true,"href":"https:\/\/www.euroresidentes.com\/hogar\/mascotas\/wp-json\/wp\/v2\/media\/9466"}],"wp:attachment":[{"href":"https:\/\/www.euroresidentes.com\/hogar\/mascotas\/wp-json\/wp\/v2\/media?parent=755"}],"curies":[{"name":"wp","href":"https:\/\/api.w.org\/{rel}","templated":true}]}}