{"id":754,"date":"2016-01-27T13:45:00","date_gmt":"2016-01-27T13:45:00","guid":{"rendered":"http:\/\/www.euroresidentes.com\/hogar\/mascotas\/roedores_30"},"modified":"2018-04-03T10:43:15","modified_gmt":"2018-04-03T08:43:15","slug":"roedores_30","status":"publish","type":"page","link":"https:\/\/www.euroresidentes.com\/hogar\/mascotas\/roedores_30.html","title":{"rendered":"Roedores"},"content":{"rendered":"<div style=\"text-align: left\"><b>\u00a1\u00a1Bienvenidos al apartado de Roedores!! Aqu\u00ed tenemos curiosidades, humor, cuidados,\u00a0recomendaciones y m\u00e1s cosas sobre ellos! espero que os guste y os ayude!!! \ud83d\ude00<\/b><\/div>\n<div style=\"text-align: left\">\u00a0<\/div>\n<div style=\"text-align: left\"><b><i><span style=\"color: #008080\">\u00abBueno es que haya ratones, para que no se sepa qui\u00e9n se come el queso.\u00bb<\/span> <span style=\"color: #339966\">(An\u00f3nimo)<\/span><\/i><\/b><\/div>\n<div class=\"separator\" style=\"clear: both;text-align: left\">\u00a0<\/div>\n<div class=\"separator\" style=\"clear: both;text-align: left\">\u00a0<\/div>\n<h3 style=\"text-align: left\"><b> <\/b> Curiosidades sobre roedores:<img loading=\"lazy\" decoding=\"async\" class=\"alignright wp-image-9460 size-medium\" src=\"http:\/\/www.euroresidentes.com\/hogar\/mascotas\/wp-content\/uploads\/sites\/5\/2016\/01\/hamster-euroresidentes-300x205.jpg\" alt=\"Roedores\" width=\"300\" height=\"205\" srcset=\"https:\/\/www.euroresidentes.com\/hogar\/mascotas\/wp-content\/uploads\/sites\/5\/2016\/01\/hamster-euroresidentes-300x205.jpg 300w, https:\/\/www.euroresidentes.com\/hogar\/mascotas\/wp-content\/uploads\/sites\/5\/2016\/01\/hamster-euroresidentes.jpg 700w\" sizes=\"auto, (max-width: 300px) 100vw, 300px\" \/> <b> <\/b><\/h3>\n<ul style=\"text-align: left\">\n<li><strong><a href=\"https:\/\/www.euroresidentes.com\/hogar\/mascotas\/curiosidades-datos-interesantes-sobre-hamsters\" target=\"_blank\">Curiosidades y datos interesantes sobre los h\u00e1msters<\/a><\/strong><\/li>\n<li><a href=\"http:\/\/mascotas.euroresidentes.com\/2014\/05\/mascotas-con-amigos-peculiares.html\" target=\"_blank\" rel=\"nofollow\"><b>Mascotas con amigos peculiares<\/b><\/a> (incluye roedores)<\/li>\n<li><b><a href=\"http:\/\/mascotas.euroresidentes.com\/2014\/11\/las-5-razas-de-hamster-mas-conocidas.html\" target=\"_blank\" rel=\"nofollow\">Las 5 razas de H\u00e1mster m\u00e1s conocidas<\/a><\/b><\/li>\n<li><b><a href=\"http:\/\/mascotas.euroresidentes.com\/2014\/12\/animales-gemelos-no-es-su-reflejo.html\" target=\"_blank\" rel=\"nofollow\">Animales Gemelos: No es su reflejo!<\/a>\u00a0<\/b>(incluye roedores)<\/li>\n<li><b><a href=\"http:\/\/mascotas.euroresidentes.com\/2015\/01\/animales-monogamos-fieles-de-por-vida.html\" target=\"_blank\" rel=\"nofollow\">Animales Mon\u00f3gamos: Fieles de por vida<\/a>\u00a0<\/b>(incluye roedores)<\/li>\n<li><b><a href=\"http:\/\/mascotas.euroresidentes.com\/2015\/04\/ardilla-roba-una-camara-y-graba-desde.html\" target=\"_blank\" rel=\"nofollow\">Ardilla roba una c\u00e1mara y graba desde un \u00e1rbol<\/a><\/b><\/li>\n<li><b><a href=\"http:\/\/mascotas.euroresidentes.com\/2015\/07\/animales-que-te-haran-morir-de-amor.html\" target=\"_blank\" rel=\"nofollow\">Animales que te har\u00e1n morir de amor<\/a><\/b><\/li>\n<li><b><a href=\"http:\/\/mascotas.euroresidentes.com\/2015\/10\/el-hombre-que-volvio-fukushima-cuidar.html\" target=\"_blank\" rel=\"nofollow\">El hombre que volvi\u00f3 a Fukushima a cuidar de los animales que fueron abandonados<\/a><\/b><\/li>\n<li><b><a href=\"http:\/\/mascotas.euroresidentes.com\/2015\/10\/cementerios-de-mascotas-lugares-donde.html\" target=\"_blank\" rel=\"nofollow\">Cementerios de Mascotas: Lugares donde honrar la memoria de nuestros animales<\/a><\/b><\/li>\n<\/ul>\n<p style=\"text-align: left\">\u00a0<\/p>\n<h3 style=\"text-align: left\">Humor de roedores:<img loading=\"lazy\" decoding=\"async\" class=\"alignright size-medium wp-image-9461\" src=\"http:\/\/www.euroresidentes.com\/hogar\/mascotas\/wp-content\/uploads\/sites\/5\/2016\/01\/roedores-euroresidentes-300x224.jpg\" alt=\"Rata\" width=\"300\" height=\"224\" srcset=\"https:\/\/www.euroresidentes.com\/hogar\/mascotas\/wp-content\/uploads\/sites\/5\/2016\/01\/roedores-euroresidentes-300x224.jpg 300w, https:\/\/www.euroresidentes.com\/hogar\/mascotas\/wp-content\/uploads\/sites\/5\/2016\/01\/roedores-euroresidentes.jpg 700w\" sizes=\"auto, (max-width: 300px) 100vw, 300px\" \/><\/h3>\n<div style=\"text-align: left\">\n<ul>\n<li><b><a href=\"http:\/\/mascotas.euroresidentes.com\/2014\/07\/imagenes-graciosas-de-hamsters.html\" target=\"_blank\" rel=\"nofollow\">Im\u00e1genes graciosas de h\u00e1msters<\/a><\/b><\/li>\n<li><b><a href=\"http:\/\/mascotas.euroresidentes.com\/2014\/10\/halloween-animal-disfraces-terrorificos.html\" target=\"_blank\" rel=\"nofollow\">Halloween Animal: Disfraces terror\u00edficos!<\/a><\/b><\/li>\n<li><b><a href=\"http:\/\/mascotas.euroresidentes.com\/2014\/11\/comerciales-de-animales-graciosos.html\" target=\"_blank\" rel=\"nofollow\">Comerciales de Animales Graciosos<\/a>\u00a0<\/b>(incluye roedores)<\/li>\n<\/ul>\n<p>&nbsp;<\/p>\n<\/div>\n<h3 style=\"text-align: left\">Cuidados y recomendaciones:<\/h3>\n<div style=\"text-align: left\">\n<ul>\n<li><b><a href=\"http:\/\/mascotas.euroresidentes.com\/2014\/04\/como-alimento-mi-hamster.html\" target=\"_blank\" rel=\"nofollow\">\u00bfC\u00f3mo alimento a mi h\u00e1mster?<\/a><\/b><\/li>\n<li><strong><a href=\"https:\/\/www.euroresidentes.com\/hogar\/mascotas\/hamster-muerde-barrotes-jaula\" target=\"_blank\">\u00bfQu\u00e9 hacer si mi h\u00e1mster muerde los barrotes de su jaula?<\/a><\/strong><\/li>\n<li><strong><a href=\"https:\/\/www.euroresidentes.com\/hogar\/mascotas\/por-que-los-hamsters-pueden-comerse-a-sus-crias\" target=\"_blank\">\u00bfPor qu\u00e9 los h\u00e1msters pueden comerse a sus cr\u00edas?<\/a><\/strong><\/li>\n<li><strong><a href=\"https:\/\/www.euroresidentes.com\/hogar\/mascotas\/consejos-y-cosas-que-debemos-tener-claras-a-la-hora-de-tener-un-hamster\" target=\"_blank\">Consejos y cosas que debemos tener claras a la hora de tener un h\u00e1mster<\/a><\/strong><\/li>\n<li><b><a href=\"http:\/\/mascotas.euroresidentes.com\/2014\/06\/la-importancia-de-adoptar-mascotas.html\" target=\"_blank\" rel=\"nofollow\">La importancia de adoptar mascotas<\/a><\/b><\/li>\n<\/ul>\n<\/div>\n<div style=\"text-align: left\">\u00a0<\/div>\n<div class=\"separator\" style=\"clear: both;text-align: left\"><img loading=\"lazy\" decoding=\"async\" class=\"alignright size-medium wp-image-9462\" src=\"http:\/\/www.euroresidentes.com\/hogar\/mascotas\/wp-content\/uploads\/sites\/5\/2016\/01\/ardilla-euroresidentes-300x286.jpg\" alt=\"Ardilla\" width=\"300\" height=\"286\" srcset=\"https:\/\/www.euroresidentes.com\/hogar\/mascotas\/wp-content\/uploads\/sites\/5\/2016\/01\/ardilla-euroresidentes-300x286.jpg 300w, https:\/\/www.euroresidentes.com\/hogar\/mascotas\/wp-content\/uploads\/sites\/5\/2016\/01\/ardilla-euroresidentes.jpg 700w\" sizes=\"auto, (max-width: 300px) 100vw, 300px\" \/>\u00a0<\/div>\n<h3 style=\"text-align: left\">Otras cosas:<\/h3>\n<div>\n<ul style=\"text-align: left\">\n<li><b><a href=\"http:\/\/mascotas.euroresidentes.com\/2014\/07\/nombres-originales-y-bonitos-para.html\" target=\"_blank\" rel=\"nofollow\">Nombres originales y bonitos para mascotas<\/a><\/b><\/li>\n<li><strong><a href=\"https:\/\/www.euroresidentes.com\/hogar\/mascotas\/mascotas-transmitir-enfermedades\" target=\"_blank\">Enfermedades que nos pueden transmitir nuestras mascotas<\/a><\/strong><\/li>\n<li><b><a href=\"http:\/\/mascotas.euroresidentes.com\/2014\/12\/mascotas-para-regalar-en-navidad.html\" target=\"_blank\" rel=\"nofollow\">Mascotas para regalar en Navidad<\/a><\/b><\/li>\n<li><b><a href=\"http:\/\/mascotas.euroresidentes.com\/2014\/12\/preciosos-wallpapers-de-animales.html\" target=\"_blank\" rel=\"nofollow\">Preciosos Wallpapers de Animales Navide\u00f1os!<\/a><\/b><\/li>\n<li><b><a href=\"http:\/\/mascotas.euroresidentes.com\/2014\/12\/feliz-navidad-y-feliz-2015-amantes-de.html\" target=\"_blank\" rel=\"nofollow\">Feliz Navidad y Feliz 2017 Amantes de las Mascotas!<\/a><\/b><\/li>\n<li><b><a href=\"http:\/\/mascotas.euroresidentes.com\/2015\/05\/las-mejores-mascotas-para-ninos-cuando.html\" target=\"_blank\" rel=\"nofollow\">Las mejores mascotas para ni\u00f1os: \u00bfCu\u00e1ndo est\u00e1n preparados para tener una?<\/a><\/b><\/li>\n<li><b><a href=\"http:\/\/mascotas.euroresidentes.com\/2016\/01\/17-enero-dia-de-los-animales-san-anton.html\" target=\"_blank\" rel=\"nofollow\">17 Enero, d\u00eda de los Animales: \u00a1San Ant\u00f3n, bendice a mi mascota!<\/a><\/b><\/li>\n<li><b><a href=\"http:\/\/mascotas.euroresidentes.com\/2016\/01\/como-saber-si-tu-mascota-esta-triste-o.html\" target=\"_blank\" rel=\"nofollow\">\u00bfC\u00f3mo saber si tu mascota est\u00e1 triste o deprimida?<\/a><\/b><\/li>\n<li><b><a href=\"http:\/\/mascotas.euroresidentes.com\/2015\/12\/antes-de-regalar-una-mascota-ten-en.html\" target=\"_blank\" rel=\"nofollow\">Antes de regalar una mascota ten en cuenta esto<\/a><\/b><\/li>\n<li><b><a href=\"http:\/\/mascotas.euroresidentes.com\/2015\/12\/11-regalos-originales-para-mascotas.html\" target=\"_blank\" rel=\"nofollow\">11 Regalos Originales para Mascotas!<\/a><\/b><\/li>\n<\/ul>\n<div style=\"text-align: left\">\u00a0<\/div>\n<\/div>\n","protected":false},"excerpt":{"rendered":"<p>\u00a1\u00a1Bienvenidos al apartado de Roedores!! Aqu\u00ed tenemos curiosidades, humor, cuidados,\u00a0recomendaciones y m\u00e1s cosas sobre ellos! espero que os guste y os ayude!!! \ud83d\ude00 \u00a0 \u00abBueno es que haya ratones, para que no se sepa qui\u00e9n se come el queso.\u00bb (An\u00f3nimo) \u00a0 \u00a0 Curiosidades sobre roedores: Curiosidades y datos interesantes sobre los h\u00e1msters Mascotas con amigos peculiares (incluye roedores) Las 5 razas de H\u00e1mster m\u00e1s conocidas Animales Gemelos: No es su reflejo!\u00a0(incluye roedores) Animales Mon\u00f3gamos: Fieles de por vida\u00a0(incluye roedores) Ardilla roba una c\u00e1mara y graba desde un \u00e1rbol Animales que te har\u00e1n morir de amor El hombre que volvi\u00f3 a <\/p>\n","protected":false},"author":12,"featured_media":9460,"parent":0,"menu_order":0,"comment_status":"closed","ping_status":"closed","template":"","meta":{"footnotes":""},"class_list":["post-754","page","type-page","status-publish","has-post-thumbnail","hentry","has_thumb"],"yoast_head":"<!-- This site is optimized with the Yoast SEO plugin v24.1 - https:\/\/yoast.com\/wordpress\/plugins\/seo\/ -->\n<title>Roedores - Todo mascotas<\/title>\n<meta name=\"robots\" content=\"index, follow, max-snippet:-1, max-image-preview:large, max-video-preview:-1\" \/>\n<link rel=\"canonical\" href=\"https:\/\/www.euroresidentes.com\/hogar\/mascotas\/roedores_30.html\" \/>\n<meta property=\"og:locale\" content=\"es_ES\" \/>\n<meta property=\"og:type\" content=\"article\" \/>\n<meta property=\"og:title\" content=\"Roedores - Todo mascotas\" \/>\n<meta property=\"og:description\" content=\"\u00a1\u00a1Bienvenidos al apartado de Roedores!! Aqu\u00ed tenemos curiosidades, humor, cuidados,\u00a0recomendaciones y m\u00e1s cosas sobre ellos! espero que os guste y os ayude!!! \ud83d\ude00 \u00a0 \u00abBueno es que haya ratones, para que no se sepa qui\u00e9n se come el queso.\u00bb (An\u00f3nimo) \u00a0 \u00a0 Curiosidades sobre roedores: Curiosidades y datos interesantes sobre los h\u00e1msters Mascotas con amigos peculiares (incluye roedores) Las 5 razas de H\u00e1mster m\u00e1s conocidas Animales Gemelos: No es su reflejo!\u00a0(incluye roedores) Animales Mon\u00f3gamos: Fieles de por vida\u00a0(incluye roedores) Ardilla roba una c\u00e1mara y graba desde un \u00e1rbol Animales que te har\u00e1n morir de amor El hombre que volvi\u00f3 a\" \/>\n<meta property=\"og:url\" content=\"https:\/\/www.euroresidentes.com\/hogar\/mascotas\/roedores_30.html\" \/>\n<meta property=\"og:site_name\" content=\"Todo mascotas\" \/>\n<meta property=\"article:publisher\" content=\"https:\/\/www.facebook.com\/todo.mascotas.euroresidentes\/\" \/>\n<meta property=\"article:modified_time\" content=\"2018-04-03T08:43:15+00:00\" \/>\n<meta property=\"og:image\" content=\"https:\/\/www.euroresidentes.com\/hogar\/mascotas\/wp-content\/uploads\/sites\/5\/2016\/01\/hamster-euroresidentes.jpg\" \/>\n\t<meta property=\"og:image:width\" content=\"700\" \/>\n\t<meta property=\"og:image:height\" content=\"479\" \/>\n\t<meta property=\"og:image:type\" content=\"image\/jpeg\" \/>\n<meta name=\"twitter:card\" content=\"summary_large_image\" \/>\n<meta name=\"twitter:label1\" content=\"Est. reading time\" \/>\n\t<meta name=\"twitter:data1\" content=\"1 minuto\" \/>\n<script type=\"application\/ld+json\" class=\"yoast-schema-graph\">{\"@context\":\"https:\/\/schema.org\",\"@graph\":[{\"@type\":\"WebPage\",\"@id\":\"https:\/\/www.euroresidentes.com\/hogar\/mascotas\/roedores_30.html\",\"url\":\"https:\/\/www.euroresidentes.com\/hogar\/mascotas\/roedores_30.html\",\"name\":\"Roedores - Todo mascotas\",\"isPartOf\":{\"@id\":\"https:\/\/www.euroresidentes.com\/hogar\/mascotas\/#website\"},\"primaryImageOfPage\":{\"@id\":\"https:\/\/www.euroresidentes.com\/hogar\/mascotas\/roedores_30.html#primaryimage\"},\"image\":{\"@id\":\"https:\/\/www.euroresidentes.com\/hogar\/mascotas\/roedores_30.html#primaryimage\"},\"thumbnailUrl\":\"https:\/\/www.euroresidentes.com\/hogar\/mascotas\/wp-content\/uploads\/sites\/5\/2016\/01\/hamster-euroresidentes.jpg\",\"datePublished\":\"2016-01-27T13:45:00+00:00\",\"dateModified\":\"2018-04-03T08:43:15+00:00\",\"breadcrumb\":{\"@id\":\"https:\/\/www.euroresidentes.com\/hogar\/mascotas\/roedores_30.html#breadcrumb\"},\"inLanguage\":\"es\",\"potentialAction\":[{\"@type\":\"ReadAction\",\"target\":[\"https:\/\/www.euroresidentes.com\/hogar\/mascotas\/roedores_30.html\"]}]},{\"@type\":\"ImageObject\",\"inLanguage\":\"es\",\"@id\":\"https:\/\/www.euroresidentes.com\/hogar\/mascotas\/roedores_30.html#primaryimage\",\"url\":\"https:\/\/www.euroresidentes.com\/hogar\/mascotas\/wp-content\/uploads\/sites\/5\/2016\/01\/hamster-euroresidentes.jpg\",\"contentUrl\":\"https:\/\/www.euroresidentes.com\/hogar\/mascotas\/wp-content\/uploads\/sites\/5\/2016\/01\/hamster-euroresidentes.jpg\",\"width\":700,\"height\":479,\"caption\":\"Roedores\"},{\"@type\":\"BreadcrumbList\",\"@id\":\"https:\/\/www.euroresidentes.com\/hogar\/mascotas\/roedores_30.html#breadcrumb\",\"itemListElement\":[{\"@type\":\"ListItem\",\"position\":1,\"name\":\"Portada\",\"item\":\"https:\/\/www.euroresidentes.com\/hogar\/mascotas\/\"},{\"@type\":\"ListItem\",\"position\":2,\"name\":\"Roedores\"}]},{\"@type\":\"WebSite\",\"@id\":\"https:\/\/www.euroresidentes.com\/hogar\/mascotas\/#website\",\"url\":\"https:\/\/www.euroresidentes.com\/hogar\/mascotas\/\",\"name\":\"Todo mascotas\",\"description\":\"Euroresidentes\",\"potentialAction\":[{\"@type\":\"SearchAction\",\"target\":{\"@type\":\"EntryPoint\",\"urlTemplate\":\"https:\/\/www.euroresidentes.com\/hogar\/mascotas\/?s={search_term_string}\"},\"query-input\":{\"@type\":\"PropertyValueSpecification\",\"valueRequired\":true,\"valueName\":\"search_term_string\"}}],\"inLanguage\":\"es\"}]}<\/script>\n<!-- \/ Yoast SEO plugin. -->","yoast_head_json":{"title":"Roedores - Todo mascotas","robots":{"index":"index","follow":"follow","max-snippet":"max-snippet:-1","max-image-preview":"max-image-preview:large","max-video-preview":"max-video-preview:-1"},"canonical":"https:\/\/www.euroresidentes.com\/hogar\/mascotas\/roedores_30.html","og_locale":"es_ES","og_type":"article","og_title":"Roedores - Todo mascotas","og_description":"\u00a1\u00a1Bienvenidos al apartado de Roedores!! Aqu\u00ed tenemos curiosidades, humor, cuidados,\u00a0recomendaciones y m\u00e1s cosas sobre ellos! espero que os guste y os ayude!!! \ud83d\ude00 \u00a0 \u00abBueno es que haya ratones, para que no se sepa qui\u00e9n se come el queso.\u00bb (An\u00f3nimo) \u00a0 \u00a0 Curiosidades sobre roedores: Curiosidades y datos interesantes sobre los h\u00e1msters Mascotas con amigos peculiares (incluye roedores) Las 5 razas de H\u00e1mster m\u00e1s conocidas Animales Gemelos: No es su reflejo!\u00a0(incluye roedores) Animales Mon\u00f3gamos: Fieles de por vida\u00a0(incluye roedores) Ardilla roba una c\u00e1mara y graba desde un \u00e1rbol Animales que te har\u00e1n morir de amor El hombre que volvi\u00f3 a","og_url":"https:\/\/www.euroresidentes.com\/hogar\/mascotas\/roedores_30.html","og_site_name":"Todo mascotas","article_publisher":"https:\/\/www.facebook.com\/todo.mascotas.euroresidentes\/","article_modified_time":"2018-04-03T08:43:15+00:00","og_image":[{"width":700,"height":479,"url":"https:\/\/www.euroresidentes.com\/hogar\/mascotas\/wp-content\/uploads\/sites\/5\/2016\/01\/hamster-euroresidentes.jpg","type":"image\/jpeg"}],"twitter_card":"summary_large_image","twitter_misc":{"Est. reading time":"1 minuto"},"schema":{"@context":"https:\/\/schema.org","@graph":[{"@type":"WebPage","@id":"https:\/\/www.euroresidentes.com\/hogar\/mascotas\/roedores_30.html","url":"https:\/\/www.euroresidentes.com\/hogar\/mascotas\/roedores_30.html","name":"Roedores - Todo mascotas","isPartOf":{"@id":"https:\/\/www.euroresidentes.com\/hogar\/mascotas\/#website"},"primaryImageOfPage":{"@id":"https:\/\/www.euroresidentes.com\/hogar\/mascotas\/roedores_30.html#primaryimage"},"image":{"@id":"https:\/\/www.euroresidentes.com\/hogar\/mascotas\/roedores_30.html#primaryimage"},"thumbnailUrl":"https:\/\/www.euroresidentes.com\/hogar\/mascotas\/wp-content\/uploads\/sites\/5\/2016\/01\/hamster-euroresidentes.jpg","datePublished":"2016-01-27T13:45:00+00:00","dateModified":"2018-04-03T08:43:15+00:00","breadcrumb":{"@id":"https:\/\/www.euroresidentes.com\/hogar\/mascotas\/roedores_30.html#breadcrumb"},"inLanguage":"es","potentialAction":[{"@type":"ReadAction","target":["https:\/\/www.euroresidentes.com\/hogar\/mascotas\/roedores_30.html"]}]},{"@type":"ImageObject","inLanguage":"es","@id":"https:\/\/www.euroresidentes.com\/hogar\/mascotas\/roedores_30.html#primaryimage","url":"https:\/\/www.euroresidentes.com\/hogar\/mascotas\/wp-content\/uploads\/sites\/5\/2016\/01\/hamster-euroresidentes.jpg","contentUrl":"https:\/\/www.euroresidentes.com\/hogar\/mascotas\/wp-content\/uploads\/sites\/5\/2016\/01\/hamster-euroresidentes.jpg","width":700,"height":479,"caption":"Roedores"},{"@type":"BreadcrumbList","@id":"https:\/\/www.euroresidentes.com\/hogar\/mascotas\/roedores_30.html#breadcrumb","itemListElement":[{"@type":"ListItem","position":1,"name":"Portada","item":"https:\/\/www.euroresidentes.com\/hogar\/mascotas\/"},{"@type":"ListItem","position":2,"name":"Roedores"}]},{"@type":"WebSite","@id":"https:\/\/www.euroresidentes.com\/hogar\/mascotas\/#website","url":"https:\/\/www.euroresidentes.com\/hogar\/mascotas\/","name":"Todo mascotas","description":"Euroresidentes","potentialAction":[{"@type":"SearchAction","target":{"@type":"EntryPoint","urlTemplate":"https:\/\/www.euroresidentes.com\/hogar\/mascotas\/?s={search_term_string}"},"query-input":{"@type":"PropertyValueSpecification","valueRequired":true,"valueName":"search_term_string"}}],"inLanguage":"es"}]}},"_links":{"self":[{"href":"https:\/\/www.euroresidentes.com\/hogar\/mascotas\/wp-json\/wp\/v2\/pages\/754","targetHints":{"allow":["GET"]}}],"collection":[{"href":"https:\/\/www.euroresidentes.com\/hogar\/mascotas\/wp-json\/wp\/v2\/pages"}],"about":[{"href":"https:\/\/www.euroresidentes.com\/hogar\/mascotas\/wp-json\/wp\/v2\/types\/page"}],"author":[{"embeddable":true,"href":"https:\/\/www.euroresidentes.com\/hogar\/mascotas\/wp-json\/wp\/v2\/users\/12"}],"replies":[{"embeddable":true,"href":"https:\/\/www.euroresidentes.com\/hogar\/mascotas\/wp-json\/wp\/v2\/comments?post=754"}],"version-history":[{"count":12,"href":"https:\/\/www.euroresidentes.com\/hogar\/mascotas\/wp-json\/wp\/v2\/pages\/754\/revisions"}],"predecessor-version":[{"id":14293,"href":"https:\/\/www.euroresidentes.com\/hogar\/mascotas\/wp-json\/wp\/v2\/pages\/754\/revisions\/14293"}],"wp:featuredmedia":[{"embeddable":true,"href":"https:\/\/www.euroresidentes.com\/hogar\/mascotas\/wp-json\/wp\/v2\/media\/9460"}],"wp:attachment":[{"href":"https:\/\/www.euroresidentes.com\/hogar\/mascotas\/wp-json\/wp\/v2\/media?parent=754"}],"curies":[{"name":"wp","href":"https:\/\/api.w.org\/{rel}","templated":true}]}}