{"id":753,"date":"2016-01-27T14:01:00","date_gmt":"2016-01-27T14:01:00","guid":{"rendered":"http:\/\/www.euroresidentes.com\/hogar\/mascotas\/peces"},"modified":"2018-04-03T10:19:54","modified_gmt":"2018-04-03T08:19:54","slug":"peces","status":"publish","type":"page","link":"https:\/\/www.euroresidentes.com\/hogar\/mascotas\/peces.html","title":{"rendered":"Peces"},"content":{"rendered":"<div style=\"text-align: left\"><strong>\u00a1\u00a1Bienvenidos al apartado de Peces!! Aqu\u00ed tenemos curiosidades, humor, cuidados,\u00a0recomendaciones y m\u00e1s cosas sobre ellos! espero que os guste y os ayude!!! \ud83d\ude00<\/strong><\/div>\n<div style=\"text-align: left\">\u00a0<\/div>\n<div style=\"text-align: left\"><b><i><span style=\"color: #008080\">\u00ab\u00bfQu\u00e9 sabe el pez del agua donde nada toda su vida?\u00bb<\/span> <span style=\"color: #339966\">(Albert Einstein)<\/span><\/i><\/b><\/div>\n<div style=\"text-align: left\">\u00a0<\/div>\n<div class=\"separator\" style=\"clear: both;text-align: left\">\u00a0<\/div>\n<h3 style=\"text-align: left\">Curiosidades sobre peces:<img loading=\"lazy\" decoding=\"async\" class=\"alignright size-medium wp-image-9404\" src=\"http:\/\/www.euroresidentes.com\/hogar\/mascotas\/wp-content\/uploads\/sites\/5\/2016\/01\/peces-payaso-todo-mascotas-euroresidentes-300x182.jpg\" alt=\"Peces\" width=\"300\" height=\"182\" srcset=\"https:\/\/www.euroresidentes.com\/hogar\/mascotas\/wp-content\/uploads\/sites\/5\/2016\/01\/peces-payaso-todo-mascotas-euroresidentes-300x182.jpg 300w, https:\/\/www.euroresidentes.com\/hogar\/mascotas\/wp-content\/uploads\/sites\/5\/2016\/01\/peces-payaso-todo-mascotas-euroresidentes.jpg 700w\" sizes=\"auto, (max-width: 300px) 100vw, 300px\" \/> <b> <\/b><\/h3>\n<ul style=\"text-align: left\">\n<li><b><a href=\"http:\/\/mascotas.euroresidentes.com\/2014\/04\/peces-koi-informacion-historia-y-leyenda.html\" target=\"_blank\" rel=\"nofollow\">Peces Koi: Informaci\u00f3n, historia y leyenda<\/a><\/b><\/li>\n<li><b><a href=\"http:\/\/mascotas.euroresidentes.com\/2014\/05\/15-mejores-peces-para-acuarios.html\" target=\"_blank\" rel=\"nofollow\">15 mejores peces para acuarios<\/a><\/b><\/li>\n<li><b><a href=\"http:\/\/mascotas.euroresidentes.com\/2014\/09\/los-peces-de-agua-dulce-mas-grandes-del.html\" target=\"_blank\" rel=\"nofollow\">Los peces de agua dulce m\u00e1s grandes del mundo<\/a><\/b><\/li>\n<li><b><a href=\"http:\/\/mascotas.euroresidentes.com\/2014\/12\/los-peces-mas-extranos-del-planeta-1.html\" target=\"_blank\" rel=\"nofollow\">Los peces m\u00e1s extra\u00f1os del planeta<\/a><\/b> (1\u00aa parte)<\/li>\n<li><b><a href=\"http:\/\/mascotas.euroresidentes.com\/2015\/10\/cementerios-de-mascotas-lugares-donde.html\" target=\"_blank\" rel=\"nofollow\">Cementerios de Mascotas: Lugares donde honrar la memoria de nuestros animales<\/a><\/b><\/li>\n<\/ul>\n<div style=\"text-align: left\">\u00a0<\/div>\n<h3 style=\"text-align: left\">Humor de peces:<img loading=\"lazy\" decoding=\"async\" class=\"alignright size-medium wp-image-9405\" src=\"http:\/\/www.euroresidentes.com\/hogar\/mascotas\/wp-content\/uploads\/sites\/5\/2016\/01\/pez-todo-mascotas-euroresidentes-300x163.jpg\" alt=\"Pez\" width=\"300\" height=\"163\" srcset=\"https:\/\/www.euroresidentes.com\/hogar\/mascotas\/wp-content\/uploads\/sites\/5\/2016\/01\/pez-todo-mascotas-euroresidentes-300x163.jpg 300w, https:\/\/www.euroresidentes.com\/hogar\/mascotas\/wp-content\/uploads\/sites\/5\/2016\/01\/pez-todo-mascotas-euroresidentes.jpg 700w\" sizes=\"auto, (max-width: 300px) 100vw, 300px\" \/><\/h3>\n<div style=\"text-align: left\">\n<ul>\n<li><b><a href=\"http:\/\/mascotas.euroresidentes.com\/2014\/06\/gifs-de-animales-graciosos.html\" target=\"_blank\" rel=\"nofollow\">Gifs de animales graciosos<\/a>\u00a0<\/b>(incluye peces)<\/li>\n<\/ul>\n<p>&nbsp;<\/p>\n<\/div>\n<h3 style=\"text-align: left\">Otras cosas:<\/h3>\n<ul style=\"text-align: left\">\n<li><b><b><b><a href=\"http:\/\/mascotas.euroresidentes.com\/2014\/07\/nombres-originales-y-bonitos-para.html\" target=\"_blank\" rel=\"nofollow\">Nombres originales y bonitos para mascotas<\/a><\/b><\/b><\/b><\/li>\n<li><b><b><b><a href=\"http:\/\/mascotas.euroresidentes.com\/2014\/12\/feliz-navidad-y-feliz-2015-amantes-de.html\" target=\"_blank\" rel=\"nofollow\">Feliz Navidad y Feliz 2017 Amantes de las Mascotas!<img loading=\"lazy\" decoding=\"async\" class=\"alignright size-medium wp-image-9406\" src=\"http:\/\/www.euroresidentes.com\/hogar\/mascotas\/wp-content\/uploads\/sites\/5\/2016\/01\/peces-todo-mascotas-euroresidentes-300x207.jpg\" alt=\"Peces\" width=\"300\" height=\"207\" srcset=\"https:\/\/www.euroresidentes.com\/hogar\/mascotas\/wp-content\/uploads\/sites\/5\/2016\/01\/peces-todo-mascotas-euroresidentes-300x207.jpg 300w, https:\/\/www.euroresidentes.com\/hogar\/mascotas\/wp-content\/uploads\/sites\/5\/2016\/01\/peces-todo-mascotas-euroresidentes.jpg 700w\" sizes=\"auto, (max-width: 300px) 100vw, 300px\" \/><\/a><\/b><\/b><\/b><\/li>\n<li><b><b><b><a href=\"http:\/\/mascotas.euroresidentes.com\/2015\/05\/las-mejores-mascotas-para-ninos-cuando.html\" target=\"_blank\" rel=\"nofollow\">Las mejores mascotas para ni\u00f1os: \u00bfCu\u00e1ndo est\u00e1n preparados para tener una?<\/a><\/b><\/b><\/b><\/li>\n<li><b><b><b><a href=\"http:\/\/mascotas.euroresidentes.com\/2016\/01\/17-enero-dia-de-los-animales-san-anton.html\" target=\"_blank\" rel=\"nofollow\">17 Enero, d\u00eda de los Animales: \u00a1San Ant\u00f3n, bendice a mi mascota!<\/a><\/b><\/b><\/b><\/li>\n<li><b><b><b><a href=\"http:\/\/mascotas.euroresidentes.com\/2016\/01\/como-saber-si-tu-mascota-esta-triste-o.html\" target=\"_blank\" rel=\"nofollow\">\u00bfC\u00f3mo saber si tu mascota est\u00e1 triste o deprimida?<\/a><\/b><\/b><\/b><\/li>\n<li><b><b><b><a href=\"http:\/\/mascotas.euroresidentes.com\/2015\/12\/antes-de-regalar-una-mascota-ten-en.html\" target=\"_blank\" rel=\"nofollow\">Antes de regalar una mascota ten en cuenta esto<\/a><\/b><\/b><\/b><\/li>\n<li><strong><a href=\"https:\/\/www.euroresidentes.com\/hogar\/mascotas\/la-importancia-de-adoptar-mascotas\">La importancia de adoptar mascotas<\/a><\/strong><\/li>\n<\/ul>\n<p style=\"text-align: left\">\u00a0<\/p>\n","protected":false},"excerpt":{"rendered":"<p>\u00a1\u00a1Bienvenidos al apartado de Peces!! Aqu\u00ed tenemos curiosidades, humor, cuidados,\u00a0recomendaciones y m\u00e1s cosas sobre ellos! espero que os guste y os ayude!!! \ud83d\ude00 \u00a0 \u00ab\u00bfQu\u00e9 sabe el pez del agua donde nada toda su vida?\u00bb (Albert Einstein) \u00a0 \u00a0 Curiosidades sobre peces: Peces Koi: Informaci\u00f3n, historia y leyenda 15 mejores peces para acuarios Los peces de agua dulce m\u00e1s grandes del mundo Los peces m\u00e1s extra\u00f1os del planeta (1\u00aa parte) Cementerios de Mascotas: Lugares donde honrar la memoria de nuestros animales \u00a0 Humor de peces: Gifs de animales graciosos\u00a0(incluye peces) &nbsp; Otras cosas: Nombres originales y bonitos para mascotas Feliz <\/p>\n","protected":false},"author":12,"featured_media":0,"parent":0,"menu_order":0,"comment_status":"closed","ping_status":"closed","template":"","meta":{"footnotes":""},"class_list":["post-753","page","type-page","status-publish","hentry"],"yoast_head":"<!-- This site is optimized with the Yoast SEO plugin v24.1 - https:\/\/yoast.com\/wordpress\/plugins\/seo\/ -->\n<title>Peces - Todo mascotas<\/title>\n<meta name=\"robots\" content=\"index, follow, max-snippet:-1, max-image-preview:large, max-video-preview:-1\" \/>\n<link rel=\"canonical\" href=\"https:\/\/www.euroresidentes.com\/hogar\/mascotas\/peces.html\" \/>\n<meta property=\"og:locale\" content=\"es_ES\" \/>\n<meta property=\"og:type\" content=\"article\" \/>\n<meta property=\"og:title\" content=\"Peces - Todo mascotas\" \/>\n<meta property=\"og:description\" content=\"\u00a1\u00a1Bienvenidos al apartado de Peces!! Aqu\u00ed tenemos curiosidades, humor, cuidados,\u00a0recomendaciones y m\u00e1s cosas sobre ellos! espero que os guste y os ayude!!! \ud83d\ude00 \u00a0 \u00ab\u00bfQu\u00e9 sabe el pez del agua donde nada toda su vida?\u00bb (Albert Einstein) \u00a0 \u00a0 Curiosidades sobre peces: Peces Koi: Informaci\u00f3n, historia y leyenda 15 mejores peces para acuarios Los peces de agua dulce m\u00e1s grandes del mundo Los peces m\u00e1s extra\u00f1os del planeta (1\u00aa parte) Cementerios de Mascotas: Lugares donde honrar la memoria de nuestros animales \u00a0 Humor de peces: Gifs de animales graciosos\u00a0(incluye peces) &nbsp; Otras cosas: Nombres originales y bonitos para mascotas Feliz\" \/>\n<meta property=\"og:url\" content=\"https:\/\/www.euroresidentes.com\/hogar\/mascotas\/peces.html\" \/>\n<meta property=\"og:site_name\" content=\"Todo mascotas\" \/>\n<meta property=\"article:publisher\" content=\"https:\/\/www.facebook.com\/todo.mascotas.euroresidentes\/\" \/>\n<meta property=\"article:modified_time\" content=\"2018-04-03T08:19:54+00:00\" \/>\n<meta property=\"og:image\" content=\"http:\/\/www.euroresidentes.com\/hogar\/mascotas\/wp-content\/uploads\/sites\/5\/2016\/01\/peces-payaso-todo-mascotas-euroresidentes-300x182.jpg\" \/>\n<meta name=\"twitter:card\" content=\"summary_large_image\" \/>\n<meta name=\"twitter:label1\" content=\"Est. reading time\" \/>\n\t<meta name=\"twitter:data1\" content=\"1 minuto\" \/>\n<script type=\"application\/ld+json\" class=\"yoast-schema-graph\">{\"@context\":\"https:\/\/schema.org\",\"@graph\":[{\"@type\":\"WebPage\",\"@id\":\"https:\/\/www.euroresidentes.com\/hogar\/mascotas\/peces.html\",\"url\":\"https:\/\/www.euroresidentes.com\/hogar\/mascotas\/peces.html\",\"name\":\"Peces - Todo mascotas\",\"isPartOf\":{\"@id\":\"https:\/\/www.euroresidentes.com\/hogar\/mascotas\/#website\"},\"primaryImageOfPage\":{\"@id\":\"https:\/\/www.euroresidentes.com\/hogar\/mascotas\/peces.html#primaryimage\"},\"image\":{\"@id\":\"https:\/\/www.euroresidentes.com\/hogar\/mascotas\/peces.html#primaryimage\"},\"thumbnailUrl\":\"http:\/\/www.euroresidentes.com\/hogar\/mascotas\/wp-content\/uploads\/sites\/5\/2016\/01\/peces-payaso-todo-mascotas-euroresidentes-300x182.jpg\",\"datePublished\":\"2016-01-27T14:01:00+00:00\",\"dateModified\":\"2018-04-03T08:19:54+00:00\",\"breadcrumb\":{\"@id\":\"https:\/\/www.euroresidentes.com\/hogar\/mascotas\/peces.html#breadcrumb\"},\"inLanguage\":\"es\",\"potentialAction\":[{\"@type\":\"ReadAction\",\"target\":[\"https:\/\/www.euroresidentes.com\/hogar\/mascotas\/peces.html\"]}]},{\"@type\":\"ImageObject\",\"inLanguage\":\"es\",\"@id\":\"https:\/\/www.euroresidentes.com\/hogar\/mascotas\/peces.html#primaryimage\",\"url\":\"http:\/\/www.euroresidentes.com\/hogar\/mascotas\/wp-content\/uploads\/sites\/5\/2016\/01\/peces-payaso-todo-mascotas-euroresidentes-300x182.jpg\",\"contentUrl\":\"http:\/\/www.euroresidentes.com\/hogar\/mascotas\/wp-content\/uploads\/sites\/5\/2016\/01\/peces-payaso-todo-mascotas-euroresidentes-300x182.jpg\"},{\"@type\":\"BreadcrumbList\",\"@id\":\"https:\/\/www.euroresidentes.com\/hogar\/mascotas\/peces.html#breadcrumb\",\"itemListElement\":[{\"@type\":\"ListItem\",\"position\":1,\"name\":\"Portada\",\"item\":\"https:\/\/www.euroresidentes.com\/hogar\/mascotas\/\"},{\"@type\":\"ListItem\",\"position\":2,\"name\":\"Peces\"}]},{\"@type\":\"WebSite\",\"@id\":\"https:\/\/www.euroresidentes.com\/hogar\/mascotas\/#website\",\"url\":\"https:\/\/www.euroresidentes.com\/hogar\/mascotas\/\",\"name\":\"Todo mascotas\",\"description\":\"Euroresidentes\",\"potentialAction\":[{\"@type\":\"SearchAction\",\"target\":{\"@type\":\"EntryPoint\",\"urlTemplate\":\"https:\/\/www.euroresidentes.com\/hogar\/mascotas\/?s={search_term_string}\"},\"query-input\":{\"@type\":\"PropertyValueSpecification\",\"valueRequired\":true,\"valueName\":\"search_term_string\"}}],\"inLanguage\":\"es\"}]}<\/script>\n<!-- \/ Yoast SEO plugin. -->","yoast_head_json":{"title":"Peces - Todo mascotas","robots":{"index":"index","follow":"follow","max-snippet":"max-snippet:-1","max-image-preview":"max-image-preview:large","max-video-preview":"max-video-preview:-1"},"canonical":"https:\/\/www.euroresidentes.com\/hogar\/mascotas\/peces.html","og_locale":"es_ES","og_type":"article","og_title":"Peces - Todo mascotas","og_description":"\u00a1\u00a1Bienvenidos al apartado de Peces!! Aqu\u00ed tenemos curiosidades, humor, cuidados,\u00a0recomendaciones y m\u00e1s cosas sobre ellos! espero que os guste y os ayude!!! \ud83d\ude00 \u00a0 \u00ab\u00bfQu\u00e9 sabe el pez del agua donde nada toda su vida?\u00bb (Albert Einstein) \u00a0 \u00a0 Curiosidades sobre peces: Peces Koi: Informaci\u00f3n, historia y leyenda 15 mejores peces para acuarios Los peces de agua dulce m\u00e1s grandes del mundo Los peces m\u00e1s extra\u00f1os del planeta (1\u00aa parte) Cementerios de Mascotas: Lugares donde honrar la memoria de nuestros animales \u00a0 Humor de peces: Gifs de animales graciosos\u00a0(incluye peces) &nbsp; Otras cosas: Nombres originales y bonitos para mascotas Feliz","og_url":"https:\/\/www.euroresidentes.com\/hogar\/mascotas\/peces.html","og_site_name":"Todo mascotas","article_publisher":"https:\/\/www.facebook.com\/todo.mascotas.euroresidentes\/","article_modified_time":"2018-04-03T08:19:54+00:00","og_image":[{"url":"http:\/\/www.euroresidentes.com\/hogar\/mascotas\/wp-content\/uploads\/sites\/5\/2016\/01\/peces-payaso-todo-mascotas-euroresidentes-300x182.jpg","type":"","width":"","height":""}],"twitter_card":"summary_large_image","twitter_misc":{"Est. reading time":"1 minuto"},"schema":{"@context":"https:\/\/schema.org","@graph":[{"@type":"WebPage","@id":"https:\/\/www.euroresidentes.com\/hogar\/mascotas\/peces.html","url":"https:\/\/www.euroresidentes.com\/hogar\/mascotas\/peces.html","name":"Peces - Todo mascotas","isPartOf":{"@id":"https:\/\/www.euroresidentes.com\/hogar\/mascotas\/#website"},"primaryImageOfPage":{"@id":"https:\/\/www.euroresidentes.com\/hogar\/mascotas\/peces.html#primaryimage"},"image":{"@id":"https:\/\/www.euroresidentes.com\/hogar\/mascotas\/peces.html#primaryimage"},"thumbnailUrl":"http:\/\/www.euroresidentes.com\/hogar\/mascotas\/wp-content\/uploads\/sites\/5\/2016\/01\/peces-payaso-todo-mascotas-euroresidentes-300x182.jpg","datePublished":"2016-01-27T14:01:00+00:00","dateModified":"2018-04-03T08:19:54+00:00","breadcrumb":{"@id":"https:\/\/www.euroresidentes.com\/hogar\/mascotas\/peces.html#breadcrumb"},"inLanguage":"es","potentialAction":[{"@type":"ReadAction","target":["https:\/\/www.euroresidentes.com\/hogar\/mascotas\/peces.html"]}]},{"@type":"ImageObject","inLanguage":"es","@id":"https:\/\/www.euroresidentes.com\/hogar\/mascotas\/peces.html#primaryimage","url":"http:\/\/www.euroresidentes.com\/hogar\/mascotas\/wp-content\/uploads\/sites\/5\/2016\/01\/peces-payaso-todo-mascotas-euroresidentes-300x182.jpg","contentUrl":"http:\/\/www.euroresidentes.com\/hogar\/mascotas\/wp-content\/uploads\/sites\/5\/2016\/01\/peces-payaso-todo-mascotas-euroresidentes-300x182.jpg"},{"@type":"BreadcrumbList","@id":"https:\/\/www.euroresidentes.com\/hogar\/mascotas\/peces.html#breadcrumb","itemListElement":[{"@type":"ListItem","position":1,"name":"Portada","item":"https:\/\/www.euroresidentes.com\/hogar\/mascotas\/"},{"@type":"ListItem","position":2,"name":"Peces"}]},{"@type":"WebSite","@id":"https:\/\/www.euroresidentes.com\/hogar\/mascotas\/#website","url":"https:\/\/www.euroresidentes.com\/hogar\/mascotas\/","name":"Todo mascotas","description":"Euroresidentes","potentialAction":[{"@type":"SearchAction","target":{"@type":"EntryPoint","urlTemplate":"https:\/\/www.euroresidentes.com\/hogar\/mascotas\/?s={search_term_string}"},"query-input":{"@type":"PropertyValueSpecification","valueRequired":true,"valueName":"search_term_string"}}],"inLanguage":"es"}]}},"_links":{"self":[{"href":"https:\/\/www.euroresidentes.com\/hogar\/mascotas\/wp-json\/wp\/v2\/pages\/753","targetHints":{"allow":["GET"]}}],"collection":[{"href":"https:\/\/www.euroresidentes.com\/hogar\/mascotas\/wp-json\/wp\/v2\/pages"}],"about":[{"href":"https:\/\/www.euroresidentes.com\/hogar\/mascotas\/wp-json\/wp\/v2\/types\/page"}],"author":[{"embeddable":true,"href":"https:\/\/www.euroresidentes.com\/hogar\/mascotas\/wp-json\/wp\/v2\/users\/12"}],"replies":[{"embeddable":true,"href":"https:\/\/www.euroresidentes.com\/hogar\/mascotas\/wp-json\/wp\/v2\/comments?post=753"}],"version-history":[{"count":7,"href":"https:\/\/www.euroresidentes.com\/hogar\/mascotas\/wp-json\/wp\/v2\/pages\/753\/revisions"}],"predecessor-version":[{"id":14286,"href":"https:\/\/www.euroresidentes.com\/hogar\/mascotas\/wp-json\/wp\/v2\/pages\/753\/revisions\/14286"}],"wp:attachment":[{"href":"https:\/\/www.euroresidentes.com\/hogar\/mascotas\/wp-json\/wp\/v2\/media?parent=753"}],"curies":[{"name":"wp","href":"https:\/\/api.w.org\/{rel}","templated":true}]}}