{"id":1811,"date":"2015-06-01T09:43:00","date_gmt":"2015-06-01T09:43:00","guid":{"rendered":"http:\/\/www.euroresidentes.com\/hogar\/consejos-trucos-remedios\/tips-hogar"},"modified":"2016-08-30T16:29:33","modified_gmt":"2016-08-30T14:29:33","slug":"tips-hogar","status":"publish","type":"page","link":"https:\/\/www.euroresidentes.com\/hogar\/consejos-trucos-remedios\/tips-hogar.html","title":{"rendered":"Tips Hogar"},"content":{"rendered":"<div style=\"background-color: white;\">\n<ul>\n<li><a href=\"http:\/\/consejos-trucos-remedios.euroresidentes.com\/2015\/05\/sigue-estos-9-consejos-para-hacer-la.html\" target=\"_blank\">9 consejos para hacer la maleta perfecta<\/a><\/li>\n<li><a href=\"http:\/\/consejos-trucos-remedios.euroresidentes.com\/2015\/04\/9-remedios-naturales-para-combatir-y.html\" target=\"_blank\">9 remedios naturales para combatir y aliviar la resaca<\/a><\/li>\n<li><a href=\"http:\/\/consejos-trucos-remedios.euroresidentes.com\/2015\/03\/20-usos-practicos-de-la-coca-cola.html\" target=\"_blank\">20 usos pr\u00e1cticos de la coca-cola que har\u00e1n tu vida m\u00e1s simple<\/a><\/li>\n<li><a href=\"http:\/\/consejos-trucos-remedios.euroresidentes.com\/2014\/12\/8-utilidades-del-vodka.html\" target=\"_blank\">8 utilidades del vodka que seguro que desconoc\u00edas<\/a><\/li>\n<li><a href=\"http:\/\/consejos-trucos-remedios.euroresidentes.com\/2014\/11\/como-hacer-aceite-esencial-de.html\" target=\"_blank\">Como hacer aceite esencial de Hierbabuena<\/a><\/li>\n<li><a href=\"http:\/\/consejos-trucos-remedios.euroresidentes.com\/2014\/11\/como-hacer-aceite-esecial-de-canela.html\" target=\"_blank\">Como hacer aceite esencial de Canela paso a paso<\/a><\/li>\n<li><a href=\"http:\/\/consejos-trucos-remedios.euroresidentes.com\/2014\/11\/como-hacer-tu-propio-aceite-esencial-de.html\" target=\"_blank\">C\u00f3mo hacer tu propio aceite esencial de eucalipto<\/a><\/li>\n<li><a href=\"http:\/\/consejos-trucos-remedios.euroresidentes.com\/2014\/11\/como-hacer-tu-propio-aceite-de-arbol.html\" target=\"_blank\">C\u00f3mo hacer tu propio aceite esencial de \u00e1rbol del t\u00e9<\/a><\/li>\n<li><a href=\"http:\/\/consejos-trucos-remedios.euroresidentes.com\/2014\/10\/7-aceites-esenciales-curativos-y-sus.html\" target=\"_blank\">7 aceites esenciales curativos y sus propiedades<\/a><\/li>\n<li><a href=\"http:\/\/consejos-trucos-remedios.euroresidentes.com\/2014\/10\/15-trucos-de-limpieza-caseros.html\" target=\"_blank\">15 trucos de limpieza caseros para mantener la casa reluciente<\/a><\/li>\n<li><a href=\"http:\/\/consejos-trucos-remedios.euroresidentes.com\/2014\/09\/cera-de-abeja-como-impermeabilizar-tus-zapatos.html\" target=\"_blank\">Cera de Abeja: C\u00f3mo impermeabilizar tus zapatos en \u00e9poca de lluvia<\/a><\/li>\n<li><a href=\"http:\/\/consejos-trucos-remedios.euroresidentes.com\/2014\/08\/trucos-para-hacer-un-jabon-casero.html\" target=\"_blank\">Trucos para hacer un jab\u00f3n casero hidratante y anti-bacteriano para manos<\/a><\/li>\n<li><a href=\"http:\/\/consejos-trucos-remedios.euroresidentes.com\/2014\/07\/consejos-para-dormir-bien-en-noches.html\" target=\"_blank\">Consejos para dormir bien en noches calurosas<\/a><\/li>\n<li><a href=\"http:\/\/consejos-trucos-remedios.euroresidentes.com\/2014\/06\/el-uso-del-vinagre-como-un-herbicida.html\" target=\"_blank\">El uso del vinagre como un herbicida natural<\/a><\/li>\n<li><a href=\"http:\/\/consejos-trucos-remedios.euroresidentes.com\/2014\/05\/3-sencillos-pasos-para-reducir-la.html\" target=\"_blank\">3 sencillos pasos para reducir la factura de la electricidad (con contador instantaneo)<\/a><\/li>\n<li><a href=\"http:\/\/consejos-trucos-remedios.euroresidentes.com\/2014\/04\/5-cosas-que-jamas-debemos-meter-en-el-microondas.html\" target=\"_blank\">5 cosas que jam\u00e1s debemos meter en el microondas<\/a><\/li>\n<li><a href=\"http:\/\/consejos-trucos-remedios.euroresidentes.com\/2014\/04\/los-21-usos-mas-practicos-del.html\" target=\"_blank\">Los 21 usos m\u00e1s pr\u00e1cticos del bicarbonato de sodio<\/a><\/li>\n<li><a href=\"http:\/\/consejos-trucos-remedios.euroresidentes.com\/2014\/02\/trucos-para-problemas-de-cal-del.html\" target=\"_blank\">Trucos para problemas de cal en el lavavajillas<\/a><\/li>\n<li><a href=\"http:\/\/consejos-trucos-remedios.euroresidentes.com\/2014\/01\/fuera-malos-olores-trucos-para-los.html\" target=\"_blank\">Fuera malos olores: Trucos para eliminar los olores en las tuber\u00edas<\/a><\/li>\n<li><a href=\"http:\/\/consejos-trucos-remedios.euroresidentes.com\/2013\/12\/los-mejores-disfraces-caseros-para.html\" target=\"_blank\">Los mejores disfraces caseros para estas navidades<\/a><\/li>\n<li><a href=\"http:\/\/consejos-trucos-remedios.euroresidentes.com\/2013\/11\/comprar-en-black-friday-para-ahorrar.html\" target=\"_blank\">Comprar en Black Friday para ahorrar<\/a><\/li>\n<li><a href=\"http:\/\/consejos-trucos-remedios.euroresidentes.com\/2013\/10\/como-hacer-sangre-falsa-para-disfraces.html\" target=\"_blank\">\u00bfC\u00f3mo hacer sangre falsa para disfraces?<\/a><\/li>\n<li><a href=\"http:\/\/consejos-trucos-remedios.euroresidentes.com\/2013\/10\/el-mejor-disfraz-de-zombie-casero.html\" target=\"_blank\">El mejor disfraz de zombie casero<\/a><\/li>\n<li><a href=\"http:\/\/consejos-trucos-remedios.euroresidentes.com\/2013\/10\/mejores-trucos-para-maquillaje-de.html\" target=\"_blank\">Mejores trucos para maquillaje de Halloween<\/a><\/li>\n<li><a href=\"http:\/\/consejos-trucos-remedios.euroresidentes.com\/2013\/09\/panico-al-gasto-de-la-vuelta-al-colegio.html\" target=\"_blank\">Consejos para ahorrar en la vuelta al cole<\/a><\/li>\n<li><a href=\"http:\/\/consejos-trucos-remedios.euroresidentes.com\/2013\/08\/trucos-para-conservar-la-comida-y.html\" target=\"_blank\">Trucos para conservar la comida y ahorrar<\/a><\/li>\n<li><a href=\"http:\/\/consejos-trucos-remedios.euroresidentes.com\/2013\/07\/cucarachas-en-casa-remedios-para.html\" target=\"_blank\">Consejos para no tirar comida<\/a><\/li>\n<li><a href=\"http:\/\/consejos-trucos-remedios.euroresidentes.com\/2013\/07\/cucarachas-en-casa-remedios-para.html\" target=\"_blank\">\u00bfCucarachas en casa? \u00a1\u00a1Remedios para terminar con las cucarachas!!<\/a><\/li>\n<li><a href=\"http:\/\/consejos-trucos-remedios.euroresidentes.com\/2013\/07\/como-comprar-en-rebajas.html\" target=\"_blank\">\u00bfC\u00f3mo comprar en rebajas?<\/a><\/li>\n<li><a href=\"http:\/\/consejos-trucos-remedios.euroresidentes.com\/2013\/06\/como-terminar-con-las-hormigas-remedio.html\" target=\"_blank\">\u00bfC\u00f3mo terminar con las hormigas? Remedio contra las hormigas<\/a><\/li>\n<li><a href=\"http:\/\/consejos-trucos-remedios.euroresidentes.com\/2013\/05\/regalos-para-primera-comunion.html\" target=\"_blank\">Regalos para primera comuni\u00f3n originales y gratis<\/a><\/li>\n<li><a href=\"http:\/\/consejos-trucos-remedios.euroresidentes.com\/2013\/02\/ahorrar-cesta-compra.html\" target=\"_blank\">Ahorrar cesta compra<\/a><\/li>\n<li><a href=\"http:\/\/consejos-trucos-remedios.euroresidentes.com\/2012\/11\/regalos-de-navidad-gratis.html\" target=\"_blank\">Regalos de Navidad gratis<\/a><\/li>\n<li><a href=\"http:\/\/consejos-trucos-remedios.euroresidentes.com\/2012\/10\/como-gastar-menos-en-comida.html\" target=\"_blank\">C\u00f3mo gastar menos en comida<\/a><\/li>\n<li><a href=\"http:\/\/consejos-trucos-remedios.euroresidentes.com\/2012\/06\/usar-twitter-para-encontrar-un-empleo.html\" target=\"_blank\">Usar Twitter para encontrar empleo<\/a><\/li>\n<li><a href=\"http:\/\/consejos-trucos-remedios.euroresidentes.com\/2012\/05\/quitar-manchas-de-te.html\" target=\"_blank\">Quitar manchas de t\u00e9<\/a><\/li>\n<li><a href=\"http:\/\/www.euroresidentes.com\/calendario\/dia_de_la_madre\/\" target=\"_blank\">Regalos gratis para el d\u00eda de la madre<\/a><\/li>\n<li><a href=\"http:\/\/consejos-trucos-remedios.euroresidentes.com\/2011\/12\/navidad-en-tiempos-de-crisis.html\" target=\"_blank\">Navidad en tiempos de crisis<\/a><\/li>\n<li><a href=\"http:\/\/consejos-trucos-remedios.euroresidentes.com\/2012\/11\/regalos-de-navidad-gratis.html\" target=\"_blank\">C\u00f3mo hacer un Spa en casa<\/a><\/li>\n<li><a href=\"http:\/\/consejos-trucos-remedios.euroresidentes.com\/2011\/06\/como-comprar-seguro-en-internet.html\" target=\"_blank\">C\u00f3mo comprar seguro en internet<\/a><\/li>\n<li><a href=\"http:\/\/consejos-trucos-remedios.euroresidentes.com\/2011\/03\/como-hacer-un-conejo-de-pascua-en-tarta.html\" target=\"_blank\">C\u00f3mo hacer un conejo de pascua en tarta<\/a><\/li>\n<li><a href=\"http:\/\/consejos-trucos-remedios.euroresidentes.com\/2011\/03\/productos-de-limpieza-ecologicos.html\" target=\"_blank\">Productos de limpieza ecol\u00f3gicos<\/a><\/li>\n<li><a href=\"http:\/\/consejos-trucos-remedios.euroresidentes.com\/2010\/12\/consejos-para-conducir-en-invierno.html\" target=\"_blank\">Consejos para conducir en invierno<\/a><\/li>\n<li><a href=\"http:\/\/consejos-trucos-remedios.euroresidentes.com\/2010\/10\/consejos-para-comprar-por-internet.html\" target=\"_blank\">Consejos para comprar por Internet<\/a><\/li>\n<li><a href=\"http:\/\/consejos-trucos-remedios.euroresidentes.com\/2010\/06\/consejos-para-ahorrar.html\" target=\"_blank\">Consejos para ahorrar<\/a><\/li>\n<li><a href=\"http:\/\/consejos-trucos-remedios.euroresidentes.com\/2010\/05\/como-organizar-la-lista-de-la-compra.html\" target=\"_blank\">C\u00f3mo organizar la lista de la compra<\/a><\/li>\n<li><a href=\"http:\/\/consejos-trucos-remedios.euroresidentes.com\/2010\/03\/como-pintar-huevos-de-pascua.html\" target=\"_blank\">C\u00f3mo pintar huevos de pascua\u00a0<\/a><\/li>\n<li><a href=\"http:\/\/consejos-trucos-remedios.euroresidentes.com\/2009\/12\/preparar-las-navidades-sin-estresarse.html\" target=\"_blank\">C\u00f3mo hacer el nudo de la corbata<\/a><\/li>\n<li><a href=\"http:\/\/consejos-trucos-remedios.euroresidentes.com\/2009\/12\/preparar-las-navidades-sin-estresarse.html\" target=\"_blank\">Preparar las navidades sin estresarse<\/a><\/li>\n<li><a href=\"http:\/\/consejos-trucos-remedios.euroresidentes.com\/2009\/11\/adornar-el-exterior-de-la-casa-con.html\" target=\"_blank\">Adornar el exterior de la casa con luces Navide\u00f1as<\/a><\/li>\n<li><a href=\"http:\/\/consejos-trucos-remedios.euroresidentes.com\/2009\/11\/navidades-eticas.html\" target=\"_blank\">Navidades \u00e9ticas<\/a><\/li>\n<li><a href=\"http:\/\/consejos-trucos-remedios.euroresidentes.com\/2009\/11\/ahorrar-en-la-compra.html\" target=\"_blank\">Ahorrar en la compra<\/a><\/li>\n<li><a href=\"http:\/\/consejos-trucos-remedios.euroresidentes.com\/2009\/11\/hacer-un-belen-casero.html\" target=\"_blank\">Hacer un bel\u00e9n casero<\/a><\/li>\n<li><a href=\"http:\/\/consejos-trucos-remedios.euroresidentes.com\/2009\/10\/consejos-para-estirar-el-presupuesto.html\" target=\"_blank\">Consejos para estirar el presupuesto para alimentos<\/a><\/li>\n<li><a href=\"http:\/\/consejos-trucos-remedios.euroresidentes.com\/2009\/10\/fiestas-de-halloween-ideas-y-consejos.html\" target=\"_blank\">Fiestas de Halloween: Ideas y consejos<\/a><\/li>\n<li><a href=\"http:\/\/consejos-trucos-remedios.euroresidentes.com\/2009\/09\/desempleo-como-sobrevivir-el-paro.html\" target=\"_blank\">Desempleo: como sobrevivir el paro<\/a><\/li>\n<li><a href=\"https:\/\/www.blogger.com\/\">C\u00f3mo ahorrar gastos en una boda<\/a><\/li>\n<li><a href=\"http:\/\/consejos-trucos-remedios.euroresidentes.com\/2009\/02\/como-ahorrar-dinero-en-la-compra.html\" target=\"_blank\">Como ahorrar dinero en la compra semanal\u00a0<\/a><\/li>\n<li><a href=\"http:\/\/consejos-trucos-remedios.euroresidentes.com\/2009\/01\/como-proteger-sus-ahorros-en-tiempos-de.html\" target=\"_blank\">C\u00f3mo proteger sus ahorros en tiempos de crisis<\/a><\/li>\n<li><a href=\"http:\/\/consejos-trucos-remedios.euroresidentes.com\/2008\/12\/cmo-y-dnde-guardar-los-adornos-de.html\" target=\"_blank\">C\u00f3mo y donde guardar los adornos de Navidad<\/a><\/li>\n<li><a href=\"http:\/\/consejos-trucos-remedios.euroresidentes.com\/2008\/11\/cmo-gastar-menos-dinero-en-navidad.html\" target=\"_blank\">C\u00f3mo gastar menos dinero en Navidad<\/a><\/li>\n<li><a href=\"http:\/\/consejos-trucos-remedios.euroresidentes.com\/2008\/11\/como-hacer-perfume-casero.html\" target=\"_blank\">C\u00f3mo hacer perfume casero<\/a><\/li>\n<li><a href=\"http:\/\/consejos-trucos-remedios.euroresidentes.com\/2009\/02\/regalos-san-valentin-en-tiempos-de.html\" target=\"_blank\">Regalos San Valent\u00edn en tiempos de crisis<\/a><\/li>\n<li><a href=\"http:\/\/consejos-trucos-remedios.euroresidentes.com\/2010\/11\/ahorrar-dinero-en-las-compras-de.html\" target=\"_blank\">Ahorrar dinero en las compras de Navidad<\/a><\/li>\n<li><a href=\"http:\/\/consejos-trucos-remedios.euroresidentes.com\/2011\/11\/regalos-de-navidad-baratos.html\" target=\"_blank\">Regalos de Navidad baratos<\/a><\/li>\n<li><a href=\"http:\/\/consejos-trucos-remedios.euroresidentes.com\/2008\/11\/cmo-comprar-mas-barato.html\" target=\"_blank\">C\u00f3mo comprar m\u00e1s barato<\/a><\/li>\n<li><a href=\"http:\/\/consejos-trucos-remedios.euroresidentes.com\/2008\/10\/como-conservar-maceteros-de-barro.html\" target=\"_blank\">C\u00f3mo conservar maceteros de barro<\/a><\/li>\n<li><a href=\"http:\/\/consejos-trucos-remedios.euroresidentes.com\/2008\/08\/usos-alternativos-de-sal.html\" target=\"_blank\">Usos alternativos de la sal<\/a><\/li>\n<li><a href=\"http:\/\/consejos-trucos-remedios.euroresidentes.com\/2008\/06\/usos-alternativos-del-velcro.html\" target=\"_blank\">Usos alternativos del velcro<\/a><\/li>\n<li><a href=\"http:\/\/consejos-trucos-remedios.euroresidentes.com\/2008\/05\/posibles-usos-de-la-vinagre.html\" target=\"_blank\">Posibles usos del vinagre<\/a><\/li>\n<li><a href=\"http:\/\/consejos-trucos-remedios.euroresidentes.com\/2008\/04\/usos-para-papel-de-peridico.html\" target=\"_blank\">Usos para el papel de peri\u00f3dico<\/a><\/li>\n<li><a href=\"http:\/\/consejos-trucos-remedios.euroresidentes.com\/2008\/04\/usos-para-el-limn.html\" target=\"_blank\">Usos para el lim\u00f3n<\/a><\/li>\n<li><a href=\"http:\/\/consejos-trucos-remedios.euroresidentes.com\/2007\/11\/como-elegir-y-cuidar-un-arbol-de.html\" target=\"_blank\">C\u00f3mo elegir y cuidar un \u00e1rbol de navidad<\/a><\/li>\n<li><a href=\"http:\/\/consejos-trucos-remedios.euroresidentes.com\/2007\/10\/cmo-preparar-una-calabaza-de-halloween.html\" target=\"_blank\">C\u00f3mo preparar una calabaza de Halloween<\/a><\/li>\n<li><a href=\"http:\/\/consejos-trucos-remedios.euroresidentes.com\/2007\/07\/arreglar-desperfectos-en-el-suelo.html\" target=\"_blank\">Arreglar desperfectos en el suelo<\/a><\/li>\n<li><a href=\"http:\/\/consejos-trucos-remedios.euroresidentes.com\/2007\/07\/consejos-bsicos-sobre-cmo-planificar.html\" target=\"_blank\">C\u00f3mo organizar una mudanza<\/a><\/li>\n<li><a href=\"http:\/\/consejos-trucos-remedios.euroresidentes.com\/2007\/06\/ahuyentar-los-mosquitos.html\" target=\"_blank\">Ahuyentar a los mosquitos<\/a><\/li>\n<li><a href=\"http:\/\/consejos-trucos-remedios.euroresidentes.com\/2007\/06\/evitar-el-olor-de-sardinas.html\" target=\"_blank\">Evitar el olor de sardinas<\/a><\/li>\n<li><a href=\"http:\/\/consejos-trucos-remedios.euroresidentes.com\/2007\/06\/eliminar-manchas-de-cera.html\" target=\"_blank\">Eliminar manchas de cera<\/a><\/li>\n<li><a href=\"http:\/\/consejos-trucos-remedios.euroresidentes.com\/2007\/06\/limpiar-acero-inoxidable.html\" target=\"_blank\">Limpiar acero inoxidable<\/a><\/li>\n<li><a href=\"http:\/\/consejos-trucos-remedios.euroresidentes.com\/2007\/05\/trucos-caseros-de-jardinera.html\" target=\"_blank\">Trucos caseros de jardiner\u00eda<\/a><\/li>\n<li><a href=\"http:\/\/consejos-trucos-remedios.euroresidentes.com\/2007\/06\/sacar-mucho-brillo-los-muebles.html\" target=\"_blank\">Sacar mucho brillo a los muebles<\/a><\/li>\n<li><a href=\"http:\/\/consejos-trucos-remedios.euroresidentes.com\/2007\/05\/encontrar-objetos-muy-pequeos.html\" target=\"_blank\">Encontrar objetos muy peque\u00f1os<\/a><\/li>\n<li><a href=\"http:\/\/consejos-trucos-remedios.euroresidentes.com\/2007\/05\/quitar-manchas-de-sudor-de-la-ropa.html\" target=\"_blank\">Quitar manchas de sudor de la ropa<\/a><\/li>\n<\/ul>\n<\/div>\n<div style=\"background-color: white;\">\u00a0<\/div>\n","protected":false},"excerpt":{"rendered":"<p>9 consejos para hacer la maleta perfecta 9 remedios naturales para combatir y aliviar la resaca 20 usos pr\u00e1cticos de la coca-cola que har\u00e1n tu vida m\u00e1s simple 8 utilidades del vodka que seguro que desconoc\u00edas Como hacer aceite esencial de Hierbabuena Como hacer aceite esencial de Canela paso a paso C\u00f3mo hacer tu propio aceite esencial de eucalipto C\u00f3mo hacer tu propio aceite esencial de \u00e1rbol del t\u00e9 7 aceites esenciales curativos y sus propiedades 15 trucos de limpieza caseros para mantener la casa reluciente Cera de Abeja: C\u00f3mo impermeabilizar tus zapatos en \u00e9poca de lluvia Trucos para hacer <\/p>\n","protected":false},"author":3,"featured_media":7560,"parent":0,"menu_order":0,"comment_status":"closed","ping_status":"closed","template":"","meta":{"footnotes":""},"class_list":["post-1811","page","type-page","status-publish","has-post-thumbnail","hentry","has_thumb"],"yoast_head":"<!-- This site is optimized with the Yoast SEO plugin v24.1 - https:\/\/yoast.com\/wordpress\/plugins\/seo\/ -->\n<title>Tips Hogar - Consejos, trucos y remedios<\/title>\n<meta name=\"robots\" content=\"index, follow, max-snippet:-1, max-image-preview:large, max-video-preview:-1\" \/>\n<link rel=\"canonical\" href=\"https:\/\/www.euroresidentes.com\/hogar\/consejos-trucos-remedios\/tips-hogar.html\" \/>\n<meta property=\"og:locale\" content=\"es_ES\" \/>\n<meta property=\"og:type\" content=\"article\" \/>\n<meta property=\"og:title\" content=\"Tips Hogar - Consejos, trucos y remedios\" \/>\n<meta property=\"og:description\" content=\"9 consejos para hacer la maleta perfecta 9 remedios naturales para combatir y aliviar la resaca 20 usos pr\u00e1cticos de la coca-cola que har\u00e1n tu vida m\u00e1s simple 8 utilidades del vodka que seguro que desconoc\u00edas Como hacer aceite esencial de Hierbabuena Como hacer aceite esencial de Canela paso a paso C\u00f3mo hacer tu propio aceite esencial de eucalipto C\u00f3mo hacer tu propio aceite esencial de \u00e1rbol del t\u00e9 7 aceites esenciales curativos y sus propiedades 15 trucos de limpieza caseros para mantener la casa reluciente Cera de Abeja: C\u00f3mo impermeabilizar tus zapatos en \u00e9poca de lluvia Trucos para hacer\" \/>\n<meta property=\"og:url\" content=\"https:\/\/www.euroresidentes.com\/hogar\/consejos-trucos-remedios\/tips-hogar.html\" \/>\n<meta property=\"og:site_name\" content=\"Consejos, trucos y remedios\" \/>\n<meta property=\"article:publisher\" content=\"https:\/\/www.facebook.com\/euroresidentes\/\" \/>\n<meta property=\"article:modified_time\" content=\"2016-08-30T14:29:33+00:00\" \/>\n<meta property=\"og:image\" content=\"https:\/\/www.euroresidentes.com\/hogar\/consejos-trucos-remedios\/wp-content\/uploads\/sites\/2\/2015\/06\/tips-hogar.jpg\" \/>\n\t<meta property=\"og:image:width\" content=\"700\" \/>\n\t<meta property=\"og:image:height\" content=\"525\" \/>\n\t<meta property=\"og:image:type\" content=\"image\/jpeg\" \/>\n<meta name=\"twitter:card\" content=\"summary_large_image\" \/>\n<meta name=\"twitter:label1\" content=\"Est. reading time\" \/>\n\t<meta name=\"twitter:data1\" content=\"2 minutos\" \/>\n<script type=\"application\/ld+json\" class=\"yoast-schema-graph\">{\"@context\":\"https:\/\/schema.org\",\"@graph\":[{\"@type\":\"WebPage\",\"@id\":\"https:\/\/www.euroresidentes.com\/hogar\/consejos-trucos-remedios\/tips-hogar.html\",\"url\":\"https:\/\/www.euroresidentes.com\/hogar\/consejos-trucos-remedios\/tips-hogar.html\",\"name\":\"Tips Hogar - Consejos, trucos y remedios\",\"isPartOf\":{\"@id\":\"https:\/\/www.euroresidentes.com\/hogar\/consejos-trucos-remedios\/#website\"},\"primaryImageOfPage\":{\"@id\":\"https:\/\/www.euroresidentes.com\/hogar\/consejos-trucos-remedios\/tips-hogar.html#primaryimage\"},\"image\":{\"@id\":\"https:\/\/www.euroresidentes.com\/hogar\/consejos-trucos-remedios\/tips-hogar.html#primaryimage\"},\"thumbnailUrl\":\"https:\/\/www.euroresidentes.com\/hogar\/consejos-trucos-remedios\/wp-content\/uploads\/sites\/2\/2015\/06\/tips-hogar.jpg\",\"datePublished\":\"2015-06-01T09:43:00+00:00\",\"dateModified\":\"2016-08-30T14:29:33+00:00\",\"breadcrumb\":{\"@id\":\"https:\/\/www.euroresidentes.com\/hogar\/consejos-trucos-remedios\/tips-hogar.html#breadcrumb\"},\"inLanguage\":\"es\",\"potentialAction\":[{\"@type\":\"ReadAction\",\"target\":[\"https:\/\/www.euroresidentes.com\/hogar\/consejos-trucos-remedios\/tips-hogar.html\"]}]},{\"@type\":\"ImageObject\",\"inLanguage\":\"es\",\"@id\":\"https:\/\/www.euroresidentes.com\/hogar\/consejos-trucos-remedios\/tips-hogar.html#primaryimage\",\"url\":\"https:\/\/www.euroresidentes.com\/hogar\/consejos-trucos-remedios\/wp-content\/uploads\/sites\/2\/2015\/06\/tips-hogar.jpg\",\"contentUrl\":\"https:\/\/www.euroresidentes.com\/hogar\/consejos-trucos-remedios\/wp-content\/uploads\/sites\/2\/2015\/06\/tips-hogar.jpg\",\"width\":700,\"height\":525,\"caption\":\"Trucos para el hogar\"},{\"@type\":\"BreadcrumbList\",\"@id\":\"https:\/\/www.euroresidentes.com\/hogar\/consejos-trucos-remedios\/tips-hogar.html#breadcrumb\",\"itemListElement\":[{\"@type\":\"ListItem\",\"position\":1,\"name\":\"Portada\",\"item\":\"https:\/\/www.euroresidentes.com\/hogar\/consejos-trucos-remedios\/\"},{\"@type\":\"ListItem\",\"position\":2,\"name\":\"Tips Hogar\"}]},{\"@type\":\"WebSite\",\"@id\":\"https:\/\/www.euroresidentes.com\/hogar\/consejos-trucos-remedios\/#website\",\"url\":\"https:\/\/www.euroresidentes.com\/hogar\/consejos-trucos-remedios\/\",\"name\":\"Consejos, trucos y remedios\",\"description\":\"Remedios naturales, consejos saludables, consejos y trucos caseros para el hogar\",\"potentialAction\":[{\"@type\":\"SearchAction\",\"target\":{\"@type\":\"EntryPoint\",\"urlTemplate\":\"https:\/\/www.euroresidentes.com\/hogar\/consejos-trucos-remedios\/?s={search_term_string}\"},\"query-input\":{\"@type\":\"PropertyValueSpecification\",\"valueRequired\":true,\"valueName\":\"search_term_string\"}}],\"inLanguage\":\"es\"}]}<\/script>\n<!-- \/ Yoast SEO plugin. -->","yoast_head_json":{"title":"Tips Hogar - Consejos, trucos y remedios","robots":{"index":"index","follow":"follow","max-snippet":"max-snippet:-1","max-image-preview":"max-image-preview:large","max-video-preview":"max-video-preview:-1"},"canonical":"https:\/\/www.euroresidentes.com\/hogar\/consejos-trucos-remedios\/tips-hogar.html","og_locale":"es_ES","og_type":"article","og_title":"Tips Hogar - Consejos, trucos y remedios","og_description":"9 consejos para hacer la maleta perfecta 9 remedios naturales para combatir y aliviar la resaca 20 usos pr\u00e1cticos de la coca-cola que har\u00e1n tu vida m\u00e1s simple 8 utilidades del vodka que seguro que desconoc\u00edas Como hacer aceite esencial de Hierbabuena Como hacer aceite esencial de Canela paso a paso C\u00f3mo hacer tu propio aceite esencial de eucalipto C\u00f3mo hacer tu propio aceite esencial de \u00e1rbol del t\u00e9 7 aceites esenciales curativos y sus propiedades 15 trucos de limpieza caseros para mantener la casa reluciente Cera de Abeja: C\u00f3mo impermeabilizar tus zapatos en \u00e9poca de lluvia Trucos para hacer","og_url":"https:\/\/www.euroresidentes.com\/hogar\/consejos-trucos-remedios\/tips-hogar.html","og_site_name":"Consejos, trucos y remedios","article_publisher":"https:\/\/www.facebook.com\/euroresidentes\/","article_modified_time":"2016-08-30T14:29:33+00:00","og_image":[{"width":700,"height":525,"url":"https:\/\/www.euroresidentes.com\/hogar\/consejos-trucos-remedios\/wp-content\/uploads\/sites\/2\/2015\/06\/tips-hogar.jpg","type":"image\/jpeg"}],"twitter_card":"summary_large_image","twitter_misc":{"Est. reading time":"2 minutos"},"schema":{"@context":"https:\/\/schema.org","@graph":[{"@type":"WebPage","@id":"https:\/\/www.euroresidentes.com\/hogar\/consejos-trucos-remedios\/tips-hogar.html","url":"https:\/\/www.euroresidentes.com\/hogar\/consejos-trucos-remedios\/tips-hogar.html","name":"Tips Hogar - Consejos, trucos y remedios","isPartOf":{"@id":"https:\/\/www.euroresidentes.com\/hogar\/consejos-trucos-remedios\/#website"},"primaryImageOfPage":{"@id":"https:\/\/www.euroresidentes.com\/hogar\/consejos-trucos-remedios\/tips-hogar.html#primaryimage"},"image":{"@id":"https:\/\/www.euroresidentes.com\/hogar\/consejos-trucos-remedios\/tips-hogar.html#primaryimage"},"thumbnailUrl":"https:\/\/www.euroresidentes.com\/hogar\/consejos-trucos-remedios\/wp-content\/uploads\/sites\/2\/2015\/06\/tips-hogar.jpg","datePublished":"2015-06-01T09:43:00+00:00","dateModified":"2016-08-30T14:29:33+00:00","breadcrumb":{"@id":"https:\/\/www.euroresidentes.com\/hogar\/consejos-trucos-remedios\/tips-hogar.html#breadcrumb"},"inLanguage":"es","potentialAction":[{"@type":"ReadAction","target":["https:\/\/www.euroresidentes.com\/hogar\/consejos-trucos-remedios\/tips-hogar.html"]}]},{"@type":"ImageObject","inLanguage":"es","@id":"https:\/\/www.euroresidentes.com\/hogar\/consejos-trucos-remedios\/tips-hogar.html#primaryimage","url":"https:\/\/www.euroresidentes.com\/hogar\/consejos-trucos-remedios\/wp-content\/uploads\/sites\/2\/2015\/06\/tips-hogar.jpg","contentUrl":"https:\/\/www.euroresidentes.com\/hogar\/consejos-trucos-remedios\/wp-content\/uploads\/sites\/2\/2015\/06\/tips-hogar.jpg","width":700,"height":525,"caption":"Trucos para el hogar"},{"@type":"BreadcrumbList","@id":"https:\/\/www.euroresidentes.com\/hogar\/consejos-trucos-remedios\/tips-hogar.html#breadcrumb","itemListElement":[{"@type":"ListItem","position":1,"name":"Portada","item":"https:\/\/www.euroresidentes.com\/hogar\/consejos-trucos-remedios\/"},{"@type":"ListItem","position":2,"name":"Tips Hogar"}]},{"@type":"WebSite","@id":"https:\/\/www.euroresidentes.com\/hogar\/consejos-trucos-remedios\/#website","url":"https:\/\/www.euroresidentes.com\/hogar\/consejos-trucos-remedios\/","name":"Consejos, trucos y remedios","description":"Remedios naturales, consejos saludables, consejos y trucos caseros para el hogar","potentialAction":[{"@type":"SearchAction","target":{"@type":"EntryPoint","urlTemplate":"https:\/\/www.euroresidentes.com\/hogar\/consejos-trucos-remedios\/?s={search_term_string}"},"query-input":{"@type":"PropertyValueSpecification","valueRequired":true,"valueName":"search_term_string"}}],"inLanguage":"es"}]}},"_links":{"self":[{"href":"https:\/\/www.euroresidentes.com\/hogar\/consejos-trucos-remedios\/wp-json\/wp\/v2\/pages\/1811","targetHints":{"allow":["GET"]}}],"collection":[{"href":"https:\/\/www.euroresidentes.com\/hogar\/consejos-trucos-remedios\/wp-json\/wp\/v2\/pages"}],"about":[{"href":"https:\/\/www.euroresidentes.com\/hogar\/consejos-trucos-remedios\/wp-json\/wp\/v2\/types\/page"}],"author":[{"embeddable":true,"href":"https:\/\/www.euroresidentes.com\/hogar\/consejos-trucos-remedios\/wp-json\/wp\/v2\/users\/3"}],"replies":[{"embeddable":true,"href":"https:\/\/www.euroresidentes.com\/hogar\/consejos-trucos-remedios\/wp-json\/wp\/v2\/comments?post=1811"}],"version-history":[{"count":3,"href":"https:\/\/www.euroresidentes.com\/hogar\/consejos-trucos-remedios\/wp-json\/wp\/v2\/pages\/1811\/revisions"}],"predecessor-version":[{"id":7561,"href":"https:\/\/www.euroresidentes.com\/hogar\/consejos-trucos-remedios\/wp-json\/wp\/v2\/pages\/1811\/revisions\/7561"}],"wp:featuredmedia":[{"embeddable":true,"href":"https:\/\/www.euroresidentes.com\/hogar\/consejos-trucos-remedios\/wp-json\/wp\/v2\/media\/7560"}],"wp:attachment":[{"href":"https:\/\/www.euroresidentes.com\/hogar\/consejos-trucos-remedios\/wp-json\/wp\/v2\/media?parent=1811"}],"curies":[{"name":"wp","href":"https:\/\/api.w.org\/{rel}","templated":true}]}}