{"id":90,"date":"2014-09-09T16:32:00","date_gmt":"2014-09-09T16:32:00","guid":{"rendered":"http:\/\/www.euroresidentes.com\/estilo-de-vida\/crecer-entrenar\/paula-munoz-vazquez"},"modified":"2016-02-11T12:26:00","modified_gmt":"2016-02-11T12:26:00","slug":"paula-munoz-vazquez","status":"publish","type":"page","link":"https:\/\/www.euroresidentes.com\/estilo-de-vida\/paula-munoz-vazquez.html","title":{"rendered":"Paula Mu\u00f1oz V\u00e1zquez"},"content":{"rendered":"<h4 align=\"center\">10 cosas sobre Paula Mu\u00f1oz V\u00e1zquez<\/h4>\n<div align=\"center\"><\/div>\n<div class=\"separator\" style=\"clear: both; text-align: center;\"><\/div>\n<div align=\"center\">\n<div class=\"separator\" style=\"clear: both; text-align: center;\">\u00a0<a style=\"margin-left: 1em; margin-right: 1em;\" href=\"https:\/\/www.euroresidentes.com\/estilo-de-vida\/crecer-entrenar\/wp-content\/uploads\/sites\/11\/2014\/09\/PAULA-en-el-DIQUE.jpg\"><img decoding=\"async\" src=\"https:\/\/www.euroresidentes.com\/estilo-de-vida\/crecer-entrenar\/wp-content\/uploads\/sites\/11\/2014\/09\/PAULA-en-el-DIQUE.jpg\" alt=\"\" border=\"0\" \/><\/a><\/div>\n<div class=\"separator\" style=\"clear: both; text-align: center;\"><\/div>\n<div class=\"separator\" style=\"clear: both; text-align: center;\"><\/div>\n<\/div>\n<div style=\"text-align: left;\">\n<div style=\"text-align: justify;\">1.\u00a0Escog\u00ed, en mi paso por el bachiller, la rama de qu\u00edmica y biolog\u00eda. Soy Licenciada en Derecho y M\u00e1ster en Direcci\u00f3n de Recursos Humanos. Estudi\u00e9 mi carrera en Argentina, donde nac\u00ed y viv\u00ed hasta los 28 a\u00f1os y luego homologu\u00e9 mi t\u00edtulo en Espa\u00f1a.<\/div>\n<div style=\"text-align: justify;\"><\/div>\n<div style=\"text-align: justify;\">2. No me gustan las novelas. Mis lecturas giran en torno al comportamiento humano, las emociones, la psicolog\u00eda, neurolog\u00eda, el entrenamiento de la mente, as\u00ed como las herramientas que pueden aplicar las empresas para mejorar el desarrollo y la motivaci\u00f3n.<\/div>\n<div style=\"text-align: justify;\"><\/div>\n<div style=\"text-align: justify;\">3. Me altera hacer maletas y los cambio de ropa por estaci\u00f3n.<\/div>\n<div style=\"text-align: justify;\"><\/div>\n<div style=\"text-align: justify;\">4. Estoy muy orgullosa de mis dos hijos, son maravillosos y buenos.<\/div>\n<div style=\"text-align: justify;\"><\/div>\n<div style=\"text-align: justify;\">5.\u00a0 No conozco el sur de Francia, pero es un destino al que me gustar\u00eda ir. Pasar unos d\u00edas de oto\u00f1o, caminar por alg\u00fan\u00a0vi\u00f1edo y terminar el d\u00eda tomando una copa de cabernet sauvignon con un buen queso.<\/div>\n<div style=\"text-align: justify;\"><\/div>\n<div style=\"text-align: justify;\">6. Argentina me transporta camino adentro con mis padres, hermanos, sobrinas. Todos alrededor del fuego,\u00a0esperando comer el asado de mi padre y los deliciosos postres de mi madre.<\/div>\n<div style=\"text-align: justify;\"><\/div>\n<div style=\"text-align: justify;\">7. Me gustan varios deportes al aire libre. El favorito lo practico en mi amada bici, uno de los mejores regalos que me han hecho, me entrena en resistencia, mi fuerte.<\/div>\n<div style=\"text-align: justify;\"><\/div>\n<div style=\"text-align: justify;\">8. Tengo varios defectos pero destaca uno: analizo mucho las decisiones importantes.<\/div>\n<div style=\"text-align: justify;\"><\/div>\n<div style=\"text-align: justify;\">9. Me relaja cocinar y coger en brazos a mi perro.<\/div>\n<div style=\"text-align: justify;\"><\/div>\n<div style=\"text-align: justify;\">10. Creo que compartir, en pareja sobre todo, hace la vida mucho m\u00e1s bonita de lo que ya es.<\/div>\n<\/div>\n<div style=\"text-align: left;\">\n<div style=\"text-align: justify;\"><\/div>\n<\/div>\n","protected":false},"excerpt":{"rendered":"<p>10 cosas sobre Paula Mu\u00f1oz V\u00e1zquez \u00a0 1.\u00a0Escog\u00ed, en mi paso por el bachiller, la rama de qu\u00edmica y biolog\u00eda. Soy Licenciada en Derecho y M\u00e1ster en Direcci\u00f3n de Recursos Humanos. Estudi\u00e9 mi carrera en Argentina, donde nac\u00ed y viv\u00ed hasta los 28 a\u00f1os y luego homologu\u00e9 mi t\u00edtulo en Espa\u00f1a. 2. No me gustan las novelas. Mis lecturas giran en torno al comportamiento humano, las emociones, la psicolog\u00eda, neurolog\u00eda, el entrenamiento de la mente, as\u00ed como las herramientas que pueden aplicar las empresas para mejorar el desarrollo y la motivaci\u00f3n. 3. Me altera hacer maletas y los cambio de <\/p>\n","protected":false},"author":1,"featured_media":0,"parent":0,"menu_order":0,"comment_status":"open","ping_status":"open","template":"page-author.php","meta":{"footnotes":""},"class_list":["post-90","page","type-page","status-publish","hentry"],"yoast_head":"<!-- This site is optimized with the Yoast SEO plugin v24.1 - https:\/\/yoast.com\/wordpress\/plugins\/seo\/ -->\n<title>Estilo de vida<\/title>\n<meta name=\"robots\" content=\"index, follow, max-snippet:-1, max-image-preview:large, max-video-preview:-1\" \/>\n<link rel=\"canonical\" href=\"https:\/\/www.euroresidentes.com\/estilo-de-vida\/paula-munoz-vazquez.html\" \/>\n<meta property=\"og:locale\" content=\"es_ES\" \/>\n<meta property=\"og:type\" content=\"article\" \/>\n<meta property=\"og:title\" content=\"Estilo de vida\" \/>\n<meta property=\"og:url\" content=\"https:\/\/www.euroresidentes.com\/estilo-de-vida\/paula-munoz-vazquez.html\" \/>\n<meta property=\"og:site_name\" content=\"Estilo de vida\" \/>\n<meta property=\"article:modified_time\" content=\"2016-02-11T12:26:00+00:00\" \/>\n<meta property=\"og:image\" content=\"https:\/\/www.euroresidentes.com\/estilo-de-vida\/crecer-entrenar\/wp-content\/uploads\/sites\/11\/2014\/09\/PAULA-en-el-DIQUE.jpg\" \/>\n<meta name=\"twitter:card\" content=\"summary_large_image\" \/>\n<meta name=\"twitter:label1\" content=\"Est. reading time\" \/>\n\t<meta name=\"twitter:data1\" content=\"1 minuto\" \/>\n<script type=\"application\/ld+json\" class=\"yoast-schema-graph\">{\"@context\":\"https:\/\/schema.org\",\"@graph\":[{\"@type\":\"WebPage\",\"@id\":\"https:\/\/www.euroresidentes.com\/estilo-de-vida\/paula-munoz-vazquez.html\",\"url\":\"https:\/\/www.euroresidentes.com\/estilo-de-vida\/paula-munoz-vazquez.html\",\"name\":\"Estilo de vida\",\"isPartOf\":{\"@id\":\"https:\/\/www.euroresidentes.com\/estilo-de-vida\/#website\"},\"primaryImageOfPage\":{\"@id\":\"https:\/\/www.euroresidentes.com\/estilo-de-vida\/paula-munoz-vazquez.html#primaryimage\"},\"image\":{\"@id\":\"https:\/\/www.euroresidentes.com\/estilo-de-vida\/paula-munoz-vazquez.html#primaryimage\"},\"thumbnailUrl\":\"https:\/\/www.euroresidentes.com\/estilo-de-vida\/crecer-entrenar\/wp-content\/uploads\/sites\/11\/2014\/09\/PAULA-en-el-DIQUE.jpg\",\"datePublished\":\"2014-09-09T16:32:00+00:00\",\"dateModified\":\"2016-02-11T12:26:00+00:00\",\"breadcrumb\":{\"@id\":\"https:\/\/www.euroresidentes.com\/estilo-de-vida\/paula-munoz-vazquez.html#breadcrumb\"},\"inLanguage\":\"es\",\"potentialAction\":[{\"@type\":\"ReadAction\",\"target\":[\"https:\/\/www.euroresidentes.com\/estilo-de-vida\/paula-munoz-vazquez.html\"]}]},{\"@type\":\"ImageObject\",\"inLanguage\":\"es\",\"@id\":\"https:\/\/www.euroresidentes.com\/estilo-de-vida\/paula-munoz-vazquez.html#primaryimage\",\"url\":\"https:\/\/www.euroresidentes.com\/estilo-de-vida\/crecer-entrenar\/wp-content\/uploads\/sites\/11\/2014\/09\/PAULA-en-el-DIQUE.jpg\",\"contentUrl\":\"https:\/\/www.euroresidentes.com\/estilo-de-vida\/crecer-entrenar\/wp-content\/uploads\/sites\/11\/2014\/09\/PAULA-en-el-DIQUE.jpg\"},{\"@type\":\"BreadcrumbList\",\"@id\":\"https:\/\/www.euroresidentes.com\/estilo-de-vida\/paula-munoz-vazquez.html#breadcrumb\",\"itemListElement\":[{\"@type\":\"ListItem\",\"position\":1,\"name\":\"Portada\",\"item\":\"https:\/\/www.euroresidentes.com\/estilo-de-vida\/\"},{\"@type\":\"ListItem\",\"position\":2,\"name\":\"Paula Mu\u00f1oz V\u00e1zquez\"}]},{\"@type\":\"WebSite\",\"@id\":\"https:\/\/www.euroresidentes.com\/estilo-de-vida\/#website\",\"url\":\"https:\/\/www.euroresidentes.com\/estilo-de-vida\/\",\"name\":\"Estilo de vida\",\"description\":\"Blog sobre estilo de vida, moda, belleza, psicolog\u00eda, motivaci\u00f3n...\",\"potentialAction\":[{\"@type\":\"SearchAction\",\"target\":{\"@type\":\"EntryPoint\",\"urlTemplate\":\"https:\/\/www.euroresidentes.com\/estilo-de-vida\/?s={search_term_string}\"},\"query-input\":{\"@type\":\"PropertyValueSpecification\",\"valueRequired\":true,\"valueName\":\"search_term_string\"}}],\"inLanguage\":\"es\"}]}<\/script>\n<!-- \/ Yoast SEO plugin. -->","yoast_head_json":{"title":"Estilo de vida","robots":{"index":"index","follow":"follow","max-snippet":"max-snippet:-1","max-image-preview":"max-image-preview:large","max-video-preview":"max-video-preview:-1"},"canonical":"https:\/\/www.euroresidentes.com\/estilo-de-vida\/paula-munoz-vazquez.html","og_locale":"es_ES","og_type":"article","og_title":"Estilo de vida","og_url":"https:\/\/www.euroresidentes.com\/estilo-de-vida\/paula-munoz-vazquez.html","og_site_name":"Estilo de vida","article_modified_time":"2016-02-11T12:26:00+00:00","og_image":[{"url":"https:\/\/www.euroresidentes.com\/estilo-de-vida\/crecer-entrenar\/wp-content\/uploads\/sites\/11\/2014\/09\/PAULA-en-el-DIQUE.jpg","type":"","width":"","height":""}],"twitter_card":"summary_large_image","twitter_misc":{"Est. reading time":"1 minuto"},"schema":{"@context":"https:\/\/schema.org","@graph":[{"@type":"WebPage","@id":"https:\/\/www.euroresidentes.com\/estilo-de-vida\/paula-munoz-vazquez.html","url":"https:\/\/www.euroresidentes.com\/estilo-de-vida\/paula-munoz-vazquez.html","name":"Estilo de vida","isPartOf":{"@id":"https:\/\/www.euroresidentes.com\/estilo-de-vida\/#website"},"primaryImageOfPage":{"@id":"https:\/\/www.euroresidentes.com\/estilo-de-vida\/paula-munoz-vazquez.html#primaryimage"},"image":{"@id":"https:\/\/www.euroresidentes.com\/estilo-de-vida\/paula-munoz-vazquez.html#primaryimage"},"thumbnailUrl":"https:\/\/www.euroresidentes.com\/estilo-de-vida\/crecer-entrenar\/wp-content\/uploads\/sites\/11\/2014\/09\/PAULA-en-el-DIQUE.jpg","datePublished":"2014-09-09T16:32:00+00:00","dateModified":"2016-02-11T12:26:00+00:00","breadcrumb":{"@id":"https:\/\/www.euroresidentes.com\/estilo-de-vida\/paula-munoz-vazquez.html#breadcrumb"},"inLanguage":"es","potentialAction":[{"@type":"ReadAction","target":["https:\/\/www.euroresidentes.com\/estilo-de-vida\/paula-munoz-vazquez.html"]}]},{"@type":"ImageObject","inLanguage":"es","@id":"https:\/\/www.euroresidentes.com\/estilo-de-vida\/paula-munoz-vazquez.html#primaryimage","url":"https:\/\/www.euroresidentes.com\/estilo-de-vida\/crecer-entrenar\/wp-content\/uploads\/sites\/11\/2014\/09\/PAULA-en-el-DIQUE.jpg","contentUrl":"https:\/\/www.euroresidentes.com\/estilo-de-vida\/crecer-entrenar\/wp-content\/uploads\/sites\/11\/2014\/09\/PAULA-en-el-DIQUE.jpg"},{"@type":"BreadcrumbList","@id":"https:\/\/www.euroresidentes.com\/estilo-de-vida\/paula-munoz-vazquez.html#breadcrumb","itemListElement":[{"@type":"ListItem","position":1,"name":"Portada","item":"https:\/\/www.euroresidentes.com\/estilo-de-vida\/"},{"@type":"ListItem","position":2,"name":"Paula Mu\u00f1oz V\u00e1zquez"}]},{"@type":"WebSite","@id":"https:\/\/www.euroresidentes.com\/estilo-de-vida\/#website","url":"https:\/\/www.euroresidentes.com\/estilo-de-vida\/","name":"Estilo de vida","description":"Blog sobre estilo de vida, moda, belleza, psicolog\u00eda, motivaci\u00f3n...","potentialAction":[{"@type":"SearchAction","target":{"@type":"EntryPoint","urlTemplate":"https:\/\/www.euroresidentes.com\/estilo-de-vida\/?s={search_term_string}"},"query-input":{"@type":"PropertyValueSpecification","valueRequired":true,"valueName":"search_term_string"}}],"inLanguage":"es"}]}},"_links":{"self":[{"href":"https:\/\/www.euroresidentes.com\/estilo-de-vida\/wp-json\/wp\/v2\/pages\/90","targetHints":{"allow":["GET"]}}],"collection":[{"href":"https:\/\/www.euroresidentes.com\/estilo-de-vida\/wp-json\/wp\/v2\/pages"}],"about":[{"href":"https:\/\/www.euroresidentes.com\/estilo-de-vida\/wp-json\/wp\/v2\/types\/page"}],"author":[{"embeddable":true,"href":"https:\/\/www.euroresidentes.com\/estilo-de-vida\/wp-json\/wp\/v2\/users\/1"}],"replies":[{"embeddable":true,"href":"https:\/\/www.euroresidentes.com\/estilo-de-vida\/wp-json\/wp\/v2\/comments?post=90"}],"version-history":[{"count":2,"href":"https:\/\/www.euroresidentes.com\/estilo-de-vida\/wp-json\/wp\/v2\/pages\/90\/revisions"}],"predecessor-version":[{"id":532,"href":"https:\/\/www.euroresidentes.com\/estilo-de-vida\/wp-json\/wp\/v2\/pages\/90\/revisions\/532"}],"wp:attachment":[{"href":"https:\/\/www.euroresidentes.com\/estilo-de-vida\/wp-json\/wp\/v2\/media?parent=90"}],"curies":[{"name":"wp","href":"https:\/\/api.w.org\/{rel}","templated":true}]}}