{"id":74,"date":"2014-06-10T15:36:00","date_gmt":"2014-06-10T15:36:00","guid":{"rendered":"http:\/\/www.euroresidentes.com\/estilo-de-vida\/un-poco-de-todo\/rebecca-rippin-3"},"modified":"2016-07-14T10:34:23","modified_gmt":"2016-07-14T08:34:23","slug":"rebecca-rippin","status":"publish","type":"page","link":"https:\/\/www.euroresidentes.com\/estilo-de-vida\/rebecca-rippin.html","title":{"rendered":"Rebecca Rippin"},"content":{"rendered":"<p>&nbsp;<\/p>\n<div style=\"text-align: center;\">\n<div class=\"separator\" style=\"clear: both; text-align: center;\"><a style=\"margin-left: 1em; margin-right: 1em;\" href=\"https:\/\/www.euroresidentes.com\/estilo-de-vida\/un-poco-de-todo\/wp-content\/uploads\/sites\/5\/2014\/06\/cooking.jpg\"><img loading=\"lazy\" decoding=\"async\" src=\"https:\/\/www.euroresidentes.com\/estilo-de-vida\/un-poco-de-todo\/wp-content\/uploads\/sites\/5\/2014\/06\/cooking.jpg\" alt=\"\" width=\"320\" height=\"240\" border=\"0\" \/><\/a><\/div>\n<h3>10 cosas sobre <span style=\"color: #0000ff;\"><a class=\"text-info\" style=\"color: #0000ff;\" href=\"https:\/\/plus.google.com\/+RebeccaRippin\/posts\" target=\"_blank\">m\u00ed<\/a><\/span><\/h3>\n<p>\u00a0<\/p><\/div>\n<p>1. Soy brit\u00e1nica de nacionalidad pero me considero ciudadana del mundo. Amo Inglaterra, sus olores, sus horarios y sus supermercados, \u00a0pero tambi\u00e9n siento que Espa\u00f1a me define. Soy Spanglish. <\/p>\n<p>2. Me encanta el crumble, la tarta de chocolate (mi receta es famosa) \u00a0y para Navidad el pavo asado con\u00a0 vegetables. Pero mi familia aqu\u00ed en Espa\u00f1a (todos muy genorosos) aplauden tambi\u00e9n mis arroces espa\u00f1oles. <\/p>\n<p>3. Estudi\u00e9 en la Sheffield Hallam University, International Relations. He vivido en Nottingham, Wolverhampton, Londres, Sheffield, Alicante, Marburg, Madrid y he tenido el privilegio de visitar muchos pa\u00edses. <\/p>\n<p>4. No me vuelven loca los cargos, pero me siento muy orgullosa de ser Ceo y co-fundadora, con <a href=\"https:\/\/plus.google.com\/+Andr%C3%A9sPedre%C3%B1o\/posts\">Andr\u00e9s<\/a>\u00a0,\u00a0de IT&amp;IS y ahora, mas recientemente, de ser Ceo de Cookpad Spain. <\/p>\n<p>5. Toco el viol\u00edn, aunque lo tengo muy abandonado, as\u00ed que igual ni deber\u00eda mencionarlo&#8230;. <\/p>\n<p>6. Me encanta leer y siempre tengo libros colocados en sitios estrat\u00e9gicos por la casa. A pesar de mi relaci\u00f3n con Internet, me sigue gustando mas el papel para perderme en una buena novela. <\/p>\n<p>7. Mi familia es mi bal\u00f3n de ox\u00edgeno (la spanglish, la espa\u00f1ola y la inglesa,). <\/p>\n<p>8. No soporto la injusticia, los prejuicios, el abuso del poder, la antipat\u00eda y las actitudes negativas. Creo que una actitud positiva y solidaria puede mover monta\u00f1as. <\/p>\n<p>9. Soy feliz escuchando m\u00fasica mientras cocino. <\/p>\n<p>10. Soy muy futbolera. Mi abuelo fue jugador de Leeds United y de la Selecci\u00f3n Inglesa. \u00a0Paso del partidismo, pero me encanta un buen partido.<\/p>\n","protected":false},"excerpt":{"rendered":"<p>&nbsp; 10 cosas sobre m\u00ed \u00a0 1. Soy brit\u00e1nica de nacionalidad pero me considero ciudadana del mundo. Amo Inglaterra, sus olores, sus horarios y sus supermercados, \u00a0pero tambi\u00e9n siento que Espa\u00f1a me define. Soy Spanglish. 2. Me encanta el crumble, la tarta de chocolate (mi receta es famosa) \u00a0y para Navidad el pavo asado con\u00a0 vegetables. Pero mi familia aqu\u00ed en Espa\u00f1a (todos muy genorosos) aplauden tambi\u00e9n mis arroces espa\u00f1oles. 3. Estudi\u00e9 en la Sheffield Hallam University, International Relations. He vivido en Nottingham, Wolverhampton, Londres, Sheffield, Alicante, Marburg, Madrid y he tenido el privilegio de visitar muchos pa\u00edses. 4. No <\/p>\n","protected":false},"author":1,"featured_media":0,"parent":0,"menu_order":0,"comment_status":"open","ping_status":"open","template":"page-author.php","meta":{"footnotes":""},"class_list":["post-74","page","type-page","status-publish","hentry"],"yoast_head":"<!-- This site is optimized with the Yoast SEO plugin v24.1 - https:\/\/yoast.com\/wordpress\/plugins\/seo\/ -->\n<title>Estilo de vida<\/title>\n<meta name=\"robots\" content=\"index, follow, max-snippet:-1, max-image-preview:large, max-video-preview:-1\" \/>\n<link rel=\"canonical\" href=\"https:\/\/www.euroresidentes.com\/estilo-de-vida\/rebecca-rippin.html\" \/>\n<meta property=\"og:locale\" content=\"es_ES\" \/>\n<meta property=\"og:type\" content=\"article\" \/>\n<meta property=\"og:title\" content=\"Estilo de vida\" \/>\n<meta property=\"og:url\" content=\"https:\/\/www.euroresidentes.com\/estilo-de-vida\/rebecca-rippin.html\" \/>\n<meta property=\"og:site_name\" content=\"Estilo de vida\" \/>\n<meta property=\"article:modified_time\" content=\"2016-07-14T08:34:23+00:00\" \/>\n<meta property=\"og:image\" content=\"https:\/\/www.euroresidentes.com\/estilo-de-vida\/un-poco-de-todo\/wp-content\/uploads\/sites\/5\/2014\/06\/cooking.jpg\" \/>\n<meta name=\"twitter:card\" content=\"summary_large_image\" \/>\n<meta name=\"twitter:label1\" content=\"Est. reading time\" \/>\n\t<meta name=\"twitter:data1\" content=\"1 minuto\" \/>\n<script type=\"application\/ld+json\" class=\"yoast-schema-graph\">{\"@context\":\"https:\/\/schema.org\",\"@graph\":[{\"@type\":\"WebPage\",\"@id\":\"https:\/\/www.euroresidentes.com\/estilo-de-vida\/rebecca-rippin.html\",\"url\":\"https:\/\/www.euroresidentes.com\/estilo-de-vida\/rebecca-rippin.html\",\"name\":\"Estilo de vida\",\"isPartOf\":{\"@id\":\"https:\/\/www.euroresidentes.com\/estilo-de-vida\/#website\"},\"primaryImageOfPage\":{\"@id\":\"https:\/\/www.euroresidentes.com\/estilo-de-vida\/rebecca-rippin.html#primaryimage\"},\"image\":{\"@id\":\"https:\/\/www.euroresidentes.com\/estilo-de-vida\/rebecca-rippin.html#primaryimage\"},\"thumbnailUrl\":\"https:\/\/www.euroresidentes.com\/estilo-de-vida\/un-poco-de-todo\/wp-content\/uploads\/sites\/5\/2014\/06\/cooking.jpg\",\"datePublished\":\"2014-06-10T15:36:00+00:00\",\"dateModified\":\"2016-07-14T08:34:23+00:00\",\"breadcrumb\":{\"@id\":\"https:\/\/www.euroresidentes.com\/estilo-de-vida\/rebecca-rippin.html#breadcrumb\"},\"inLanguage\":\"es\",\"potentialAction\":[{\"@type\":\"ReadAction\",\"target\":[\"https:\/\/www.euroresidentes.com\/estilo-de-vida\/rebecca-rippin.html\"]}]},{\"@type\":\"ImageObject\",\"inLanguage\":\"es\",\"@id\":\"https:\/\/www.euroresidentes.com\/estilo-de-vida\/rebecca-rippin.html#primaryimage\",\"url\":\"https:\/\/www.euroresidentes.com\/estilo-de-vida\/un-poco-de-todo\/wp-content\/uploads\/sites\/5\/2014\/06\/cooking.jpg\",\"contentUrl\":\"https:\/\/www.euroresidentes.com\/estilo-de-vida\/un-poco-de-todo\/wp-content\/uploads\/sites\/5\/2014\/06\/cooking.jpg\"},{\"@type\":\"BreadcrumbList\",\"@id\":\"https:\/\/www.euroresidentes.com\/estilo-de-vida\/rebecca-rippin.html#breadcrumb\",\"itemListElement\":[{\"@type\":\"ListItem\",\"position\":1,\"name\":\"Portada\",\"item\":\"https:\/\/www.euroresidentes.com\/estilo-de-vida\/\"},{\"@type\":\"ListItem\",\"position\":2,\"name\":\"Rebecca Rippin\"}]},{\"@type\":\"WebSite\",\"@id\":\"https:\/\/www.euroresidentes.com\/estilo-de-vida\/#website\",\"url\":\"https:\/\/www.euroresidentes.com\/estilo-de-vida\/\",\"name\":\"Estilo de vida\",\"description\":\"Blog sobre estilo de vida, moda, belleza, psicolog\u00eda, motivaci\u00f3n...\",\"potentialAction\":[{\"@type\":\"SearchAction\",\"target\":{\"@type\":\"EntryPoint\",\"urlTemplate\":\"https:\/\/www.euroresidentes.com\/estilo-de-vida\/?s={search_term_string}\"},\"query-input\":{\"@type\":\"PropertyValueSpecification\",\"valueRequired\":true,\"valueName\":\"search_term_string\"}}],\"inLanguage\":\"es\"}]}<\/script>\n<!-- \/ Yoast SEO plugin. -->","yoast_head_json":{"title":"Estilo de vida","robots":{"index":"index","follow":"follow","max-snippet":"max-snippet:-1","max-image-preview":"max-image-preview:large","max-video-preview":"max-video-preview:-1"},"canonical":"https:\/\/www.euroresidentes.com\/estilo-de-vida\/rebecca-rippin.html","og_locale":"es_ES","og_type":"article","og_title":"Estilo de vida","og_url":"https:\/\/www.euroresidentes.com\/estilo-de-vida\/rebecca-rippin.html","og_site_name":"Estilo de vida","article_modified_time":"2016-07-14T08:34:23+00:00","og_image":[{"url":"https:\/\/www.euroresidentes.com\/estilo-de-vida\/un-poco-de-todo\/wp-content\/uploads\/sites\/5\/2014\/06\/cooking.jpg","type":"","width":"","height":""}],"twitter_card":"summary_large_image","twitter_misc":{"Est. reading time":"1 minuto"},"schema":{"@context":"https:\/\/schema.org","@graph":[{"@type":"WebPage","@id":"https:\/\/www.euroresidentes.com\/estilo-de-vida\/rebecca-rippin.html","url":"https:\/\/www.euroresidentes.com\/estilo-de-vida\/rebecca-rippin.html","name":"Estilo de vida","isPartOf":{"@id":"https:\/\/www.euroresidentes.com\/estilo-de-vida\/#website"},"primaryImageOfPage":{"@id":"https:\/\/www.euroresidentes.com\/estilo-de-vida\/rebecca-rippin.html#primaryimage"},"image":{"@id":"https:\/\/www.euroresidentes.com\/estilo-de-vida\/rebecca-rippin.html#primaryimage"},"thumbnailUrl":"https:\/\/www.euroresidentes.com\/estilo-de-vida\/un-poco-de-todo\/wp-content\/uploads\/sites\/5\/2014\/06\/cooking.jpg","datePublished":"2014-06-10T15:36:00+00:00","dateModified":"2016-07-14T08:34:23+00:00","breadcrumb":{"@id":"https:\/\/www.euroresidentes.com\/estilo-de-vida\/rebecca-rippin.html#breadcrumb"},"inLanguage":"es","potentialAction":[{"@type":"ReadAction","target":["https:\/\/www.euroresidentes.com\/estilo-de-vida\/rebecca-rippin.html"]}]},{"@type":"ImageObject","inLanguage":"es","@id":"https:\/\/www.euroresidentes.com\/estilo-de-vida\/rebecca-rippin.html#primaryimage","url":"https:\/\/www.euroresidentes.com\/estilo-de-vida\/un-poco-de-todo\/wp-content\/uploads\/sites\/5\/2014\/06\/cooking.jpg","contentUrl":"https:\/\/www.euroresidentes.com\/estilo-de-vida\/un-poco-de-todo\/wp-content\/uploads\/sites\/5\/2014\/06\/cooking.jpg"},{"@type":"BreadcrumbList","@id":"https:\/\/www.euroresidentes.com\/estilo-de-vida\/rebecca-rippin.html#breadcrumb","itemListElement":[{"@type":"ListItem","position":1,"name":"Portada","item":"https:\/\/www.euroresidentes.com\/estilo-de-vida\/"},{"@type":"ListItem","position":2,"name":"Rebecca Rippin"}]},{"@type":"WebSite","@id":"https:\/\/www.euroresidentes.com\/estilo-de-vida\/#website","url":"https:\/\/www.euroresidentes.com\/estilo-de-vida\/","name":"Estilo de vida","description":"Blog sobre estilo de vida, moda, belleza, psicolog\u00eda, motivaci\u00f3n...","potentialAction":[{"@type":"SearchAction","target":{"@type":"EntryPoint","urlTemplate":"https:\/\/www.euroresidentes.com\/estilo-de-vida\/?s={search_term_string}"},"query-input":{"@type":"PropertyValueSpecification","valueRequired":true,"valueName":"search_term_string"}}],"inLanguage":"es"}]}},"_links":{"self":[{"href":"https:\/\/www.euroresidentes.com\/estilo-de-vida\/wp-json\/wp\/v2\/pages\/74","targetHints":{"allow":["GET"]}}],"collection":[{"href":"https:\/\/www.euroresidentes.com\/estilo-de-vida\/wp-json\/wp\/v2\/pages"}],"about":[{"href":"https:\/\/www.euroresidentes.com\/estilo-de-vida\/wp-json\/wp\/v2\/types\/page"}],"author":[{"embeddable":true,"href":"https:\/\/www.euroresidentes.com\/estilo-de-vida\/wp-json\/wp\/v2\/users\/1"}],"replies":[{"embeddable":true,"href":"https:\/\/www.euroresidentes.com\/estilo-de-vida\/wp-json\/wp\/v2\/comments?post=74"}],"version-history":[{"count":8,"href":"https:\/\/www.euroresidentes.com\/estilo-de-vida\/wp-json\/wp\/v2\/pages\/74\/revisions"}],"predecessor-version":[{"id":645,"href":"https:\/\/www.euroresidentes.com\/estilo-de-vida\/wp-json\/wp\/v2\/pages\/74\/revisions\/645"}],"wp:attachment":[{"href":"https:\/\/www.euroresidentes.com\/estilo-de-vida\/wp-json\/wp\/v2\/media?parent=74"}],"curies":[{"name":"wp","href":"https:\/\/api.w.org\/{rel}","templated":true}]}}