{"id":507,"date":"2012-12-04T11:28:00","date_gmt":"2012-12-04T11:28:00","guid":{"rendered":"http:\/\/www.euroresidentes.com\/estilo-de-vida\/consejos-belleza-bienestar\/sobre-las-autoras"},"modified":"2016-02-19T14:15:09","modified_gmt":"2016-02-19T14:15:09","slug":"marilo-amparo","status":"publish","type":"page","link":"https:\/\/www.euroresidentes.com\/estilo-de-vida\/marilo-amparo.html","title":{"rendered":"Maril\u00f3 y Amparo"},"content":{"rendered":"<p>&nbsp;<\/p>\n<div class=\"separator\" style=\"clear: both; text-align: center;\"><a href=\"https:\/\/www.euroresidentes.com\/estilo-de-vida\/wp-content\/uploads\/2012\/12\/maran.jpg\"><img loading=\"lazy\" decoding=\"async\" class=\"aligncenter size-full wp-image-557\" src=\"https:\/\/www.euroresidentes.com\/estilo-de-vida\/wp-content\/uploads\/2012\/12\/maran.jpg\" alt=\"maran\" width=\"400\" height=\"360\" srcset=\"https:\/\/www.euroresidentes.com\/estilo-de-vida\/wp-content\/uploads\/2012\/12\/maran.jpg 400w, https:\/\/www.euroresidentes.com\/estilo-de-vida\/wp-content\/uploads\/2012\/12\/maran-300x270.jpg 300w\" sizes=\"auto, (max-width: 400px) 100vw, 400px\" \/><\/a><\/div>\n<div style=\"margin: 0px;\"><\/div>\n<div style=\"margin: 0px;\">Somos\u00a0dos hermanas, Maril\u00f3 y Amparo Martinez, profesionales de la est\u00e9tica<br \/>\ndesde 1984. En el a\u00f1o 1985 decidimos montar nuestro centro de peluquer\u00eda<br \/>\ny est\u00e9tica en la Playa San Juan de Aicante, entre mar, monta\u00f1a y sol.<br \/>\nTodos los tratamientos que ofrecemos se adaptan a cada persona, pues cada<br \/>\npersona es (somos) un mundo. No obstante, somos tituladas en:<\/div>\n<ul>\n<li>Est\u00e9tica avanzada, peluquer\u00eda,<\/li>\n<li>Drenaje linf\u00e1tico<\/li>\n<li>Reflexoterapia<\/li>\n<li>Post operatoria de cirug\u00eda est\u00e9tica<\/li>\n<li>Micro pigmentaci\u00f3n<\/li>\n<li>Reiki<\/li>\n<li>Flores Bach<\/li>\n<li>Aromaterapia<\/li>\n<li>Adelgazamientro<\/li>\n<li>Shiatsu<\/li>\n<li>Manchas en la piel<\/li>\n<li>Autobronceador<\/li>\n<li>Depilaci\u00f3n por cera o l\u00e1ser<\/li>\n<li>Tratamiento del acn\u00e9<\/li>\n<li>Masajes\u00a0 y otros tratamientos corporales<\/li>\n<li>Manicuras<\/li>\n<li>Pedicuras<\/li>\n<li>Extensi\u00f3n de pesta\u00f1as<\/li>\n<li>Cursos de maquillaje\u00a0 y tratamiento facial<\/li>\n<\/ul>\n<div style=\"margin: 0px;\">\n<div class=\"separator\" style=\"clear: both; text-align: center;\"><a href=\"https:\/\/www.euroresidentes.com\/estilo-de-vida\/wp-content\/uploads\/2012\/12\/Maran_Salon_Belleza.jpg\"><img loading=\"lazy\" decoding=\"async\" class=\"aligncenter size-full wp-image-559\" src=\"https:\/\/www.euroresidentes.com\/estilo-de-vida\/wp-content\/uploads\/2012\/12\/Maran_Salon_Belleza.jpg\" alt=\"Maran_Salon_Belleza\" width=\"500\" height=\"373\" srcset=\"https:\/\/www.euroresidentes.com\/estilo-de-vida\/wp-content\/uploads\/2012\/12\/Maran_Salon_Belleza.jpg 500w, https:\/\/www.euroresidentes.com\/estilo-de-vida\/wp-content\/uploads\/2012\/12\/Maran_Salon_Belleza-300x224.jpg 300w\" sizes=\"auto, (max-width: 500px) 100vw, 500px\" \/><\/a><\/div>\n<p>&nbsp;<\/p>\n<div class=\"separator\" style=\"clear: both; text-align: center;\"><a href=\"https:\/\/www.euroresidentes.com\/estilo-de-vida\/wp-content\/uploads\/2012\/12\/Maran_Salon_Belleza_1.jpg\"><img loading=\"lazy\" decoding=\"async\" class=\"aligncenter size-full wp-image-560\" src=\"https:\/\/www.euroresidentes.com\/estilo-de-vida\/wp-content\/uploads\/2012\/12\/Maran_Salon_Belleza_1.jpg\" alt=\"Maran_Salon_Belleza_1\" width=\"238\" height=\"320\" srcset=\"https:\/\/www.euroresidentes.com\/estilo-de-vida\/wp-content\/uploads\/2012\/12\/Maran_Salon_Belleza_1.jpg 238w, https:\/\/www.euroresidentes.com\/estilo-de-vida\/wp-content\/uploads\/2012\/12\/Maran_Salon_Belleza_1-223x300.jpg 223w\" sizes=\"auto, (max-width: 238px) 100vw, 238px\" \/><\/a><\/div>\n<p>Tras\u00a0doce a\u00f1os de trabajo y viendo las tendencias de nuestra clientela,<br \/>\ndecidimos cerrar la peluquer\u00eda y centrarnos en el \u00e1mbito de la est\u00e9tica,<br \/>\nel bienestar y la salud.\u00a0 As\u00ed empieza una etapa nueva de nuestra vida,<br \/>\nla especializaci\u00f3n en la belleza integral y espiritual que\u00a0 aporta mucho<br \/>\nmas a nosotras como profesionales y a nuestros clientes que los<br \/>\ntratamientos t\u00edpicos de un gabinete tradicional. Empezamos a explorar,<br \/>\ndescubrir, probar y comprobar que nuestro enfoque personal da resultados<br \/>\nmucho mas positivos y consolidados.<\/p>\n<\/div>\n<div style=\"margin: 0px;\"><\/div>\n<div style=\"margin: 0px;\"><b>Sal\u00f3n de Belleza Maran.\u00a0<\/b><\/div>\n<div style=\"margin: 0px;\">c\/ Tridente, 12, Apartamentos MARAN<\/div>\n<div style=\"margin: 0px;\">Tel.: 606 96 05 09<\/div>\n","protected":false},"excerpt":{"rendered":"<p>&nbsp; Somos\u00a0dos hermanas, Maril\u00f3 y Amparo Martinez, profesionales de la est\u00e9tica desde 1984. En el a\u00f1o 1985 decidimos montar nuestro centro de peluquer\u00eda y est\u00e9tica en la Playa San Juan de Aicante, entre mar, monta\u00f1a y sol. Todos los tratamientos que ofrecemos se adaptan a cada persona, pues cada persona es (somos) un mundo. No obstante, somos tituladas en: Est\u00e9tica avanzada, peluquer\u00eda, Drenaje linf\u00e1tico Reflexoterapia Post operatoria de cirug\u00eda est\u00e9tica Micro pigmentaci\u00f3n Reiki Flores Bach Aromaterapia Adelgazamientro Shiatsu Manchas en la piel Autobronceador Depilaci\u00f3n por cera o l\u00e1ser Tratamiento del acn\u00e9 Masajes\u00a0 y otros tratamientos corporales Manicuras Pedicuras Extensi\u00f3n de <\/p>\n","protected":false},"author":4,"featured_media":557,"parent":0,"menu_order":0,"comment_status":"open","ping_status":"open","template":"page-author.php","meta":{"footnotes":""},"class_list":["post-507","page","type-page","status-publish","has-post-thumbnail","hentry","has_thumb"],"yoast_head":"<!-- This site is optimized with the Yoast SEO plugin v24.1 - https:\/\/yoast.com\/wordpress\/plugins\/seo\/ -->\n<title>Estilo de vida<\/title>\n<meta name=\"robots\" content=\"index, follow, max-snippet:-1, max-image-preview:large, max-video-preview:-1\" \/>\n<link rel=\"canonical\" href=\"https:\/\/www.euroresidentes.com\/estilo-de-vida\/marilo-amparo.html\" \/>\n<meta property=\"og:locale\" content=\"es_ES\" \/>\n<meta property=\"og:type\" content=\"article\" \/>\n<meta property=\"og:title\" content=\"Estilo de vida\" \/>\n<meta property=\"og:url\" content=\"https:\/\/www.euroresidentes.com\/estilo-de-vida\/marilo-amparo.html\" \/>\n<meta property=\"og:site_name\" content=\"Estilo de vida\" \/>\n<meta property=\"article:modified_time\" content=\"2016-02-19T14:15:09+00:00\" \/>\n<meta property=\"og:image\" content=\"https:\/\/www.euroresidentes.com\/estilo-de-vida\/wp-content\/uploads\/2012\/12\/maran.jpg\" \/>\n\t<meta property=\"og:image:width\" content=\"400\" \/>\n\t<meta property=\"og:image:height\" content=\"360\" \/>\n\t<meta property=\"og:image:type\" content=\"image\/jpeg\" \/>\n<meta name=\"twitter:card\" content=\"summary_large_image\" \/>\n<meta name=\"twitter:label1\" content=\"Est. reading time\" \/>\n\t<meta name=\"twitter:data1\" content=\"1 minuto\" \/>\n<script type=\"application\/ld+json\" class=\"yoast-schema-graph\">{\"@context\":\"https:\/\/schema.org\",\"@graph\":[{\"@type\":\"WebPage\",\"@id\":\"https:\/\/www.euroresidentes.com\/estilo-de-vida\/marilo-amparo.html\",\"url\":\"https:\/\/www.euroresidentes.com\/estilo-de-vida\/marilo-amparo.html\",\"name\":\"Estilo de vida\",\"isPartOf\":{\"@id\":\"https:\/\/www.euroresidentes.com\/estilo-de-vida\/#website\"},\"primaryImageOfPage\":{\"@id\":\"https:\/\/www.euroresidentes.com\/estilo-de-vida\/marilo-amparo.html#primaryimage\"},\"image\":{\"@id\":\"https:\/\/www.euroresidentes.com\/estilo-de-vida\/marilo-amparo.html#primaryimage\"},\"thumbnailUrl\":\"https:\/\/www.euroresidentes.com\/estilo-de-vida\/wp-content\/uploads\/2012\/12\/maran.jpg\",\"datePublished\":\"2012-12-04T11:28:00+00:00\",\"dateModified\":\"2016-02-19T14:15:09+00:00\",\"breadcrumb\":{\"@id\":\"https:\/\/www.euroresidentes.com\/estilo-de-vida\/marilo-amparo.html#breadcrumb\"},\"inLanguage\":\"es\",\"potentialAction\":[{\"@type\":\"ReadAction\",\"target\":[\"https:\/\/www.euroresidentes.com\/estilo-de-vida\/marilo-amparo.html\"]}]},{\"@type\":\"ImageObject\",\"inLanguage\":\"es\",\"@id\":\"https:\/\/www.euroresidentes.com\/estilo-de-vida\/marilo-amparo.html#primaryimage\",\"url\":\"https:\/\/www.euroresidentes.com\/estilo-de-vida\/wp-content\/uploads\/2012\/12\/maran.jpg\",\"contentUrl\":\"https:\/\/www.euroresidentes.com\/estilo-de-vida\/wp-content\/uploads\/2012\/12\/maran.jpg\",\"width\":400,\"height\":360},{\"@type\":\"BreadcrumbList\",\"@id\":\"https:\/\/www.euroresidentes.com\/estilo-de-vida\/marilo-amparo.html#breadcrumb\",\"itemListElement\":[{\"@type\":\"ListItem\",\"position\":1,\"name\":\"Portada\",\"item\":\"https:\/\/www.euroresidentes.com\/estilo-de-vida\/\"},{\"@type\":\"ListItem\",\"position\":2,\"name\":\"Maril\u00f3 y Amparo\"}]},{\"@type\":\"WebSite\",\"@id\":\"https:\/\/www.euroresidentes.com\/estilo-de-vida\/#website\",\"url\":\"https:\/\/www.euroresidentes.com\/estilo-de-vida\/\",\"name\":\"Estilo de vida\",\"description\":\"Blog sobre estilo de vida, moda, belleza, psicolog\u00eda, motivaci\u00f3n...\",\"potentialAction\":[{\"@type\":\"SearchAction\",\"target\":{\"@type\":\"EntryPoint\",\"urlTemplate\":\"https:\/\/www.euroresidentes.com\/estilo-de-vida\/?s={search_term_string}\"},\"query-input\":{\"@type\":\"PropertyValueSpecification\",\"valueRequired\":true,\"valueName\":\"search_term_string\"}}],\"inLanguage\":\"es\"}]}<\/script>\n<!-- \/ Yoast SEO plugin. -->","yoast_head_json":{"title":"Estilo de vida","robots":{"index":"index","follow":"follow","max-snippet":"max-snippet:-1","max-image-preview":"max-image-preview:large","max-video-preview":"max-video-preview:-1"},"canonical":"https:\/\/www.euroresidentes.com\/estilo-de-vida\/marilo-amparo.html","og_locale":"es_ES","og_type":"article","og_title":"Estilo de vida","og_url":"https:\/\/www.euroresidentes.com\/estilo-de-vida\/marilo-amparo.html","og_site_name":"Estilo de vida","article_modified_time":"2016-02-19T14:15:09+00:00","og_image":[{"width":400,"height":360,"url":"https:\/\/www.euroresidentes.com\/estilo-de-vida\/wp-content\/uploads\/2012\/12\/maran.jpg","type":"image\/jpeg"}],"twitter_card":"summary_large_image","twitter_misc":{"Est. reading time":"1 minuto"},"schema":{"@context":"https:\/\/schema.org","@graph":[{"@type":"WebPage","@id":"https:\/\/www.euroresidentes.com\/estilo-de-vida\/marilo-amparo.html","url":"https:\/\/www.euroresidentes.com\/estilo-de-vida\/marilo-amparo.html","name":"Estilo de vida","isPartOf":{"@id":"https:\/\/www.euroresidentes.com\/estilo-de-vida\/#website"},"primaryImageOfPage":{"@id":"https:\/\/www.euroresidentes.com\/estilo-de-vida\/marilo-amparo.html#primaryimage"},"image":{"@id":"https:\/\/www.euroresidentes.com\/estilo-de-vida\/marilo-amparo.html#primaryimage"},"thumbnailUrl":"https:\/\/www.euroresidentes.com\/estilo-de-vida\/wp-content\/uploads\/2012\/12\/maran.jpg","datePublished":"2012-12-04T11:28:00+00:00","dateModified":"2016-02-19T14:15:09+00:00","breadcrumb":{"@id":"https:\/\/www.euroresidentes.com\/estilo-de-vida\/marilo-amparo.html#breadcrumb"},"inLanguage":"es","potentialAction":[{"@type":"ReadAction","target":["https:\/\/www.euroresidentes.com\/estilo-de-vida\/marilo-amparo.html"]}]},{"@type":"ImageObject","inLanguage":"es","@id":"https:\/\/www.euroresidentes.com\/estilo-de-vida\/marilo-amparo.html#primaryimage","url":"https:\/\/www.euroresidentes.com\/estilo-de-vida\/wp-content\/uploads\/2012\/12\/maran.jpg","contentUrl":"https:\/\/www.euroresidentes.com\/estilo-de-vida\/wp-content\/uploads\/2012\/12\/maran.jpg","width":400,"height":360},{"@type":"BreadcrumbList","@id":"https:\/\/www.euroresidentes.com\/estilo-de-vida\/marilo-amparo.html#breadcrumb","itemListElement":[{"@type":"ListItem","position":1,"name":"Portada","item":"https:\/\/www.euroresidentes.com\/estilo-de-vida\/"},{"@type":"ListItem","position":2,"name":"Maril\u00f3 y Amparo"}]},{"@type":"WebSite","@id":"https:\/\/www.euroresidentes.com\/estilo-de-vida\/#website","url":"https:\/\/www.euroresidentes.com\/estilo-de-vida\/","name":"Estilo de vida","description":"Blog sobre estilo de vida, moda, belleza, psicolog\u00eda, motivaci\u00f3n...","potentialAction":[{"@type":"SearchAction","target":{"@type":"EntryPoint","urlTemplate":"https:\/\/www.euroresidentes.com\/estilo-de-vida\/?s={search_term_string}"},"query-input":{"@type":"PropertyValueSpecification","valueRequired":true,"valueName":"search_term_string"}}],"inLanguage":"es"}]}},"_links":{"self":[{"href":"https:\/\/www.euroresidentes.com\/estilo-de-vida\/wp-json\/wp\/v2\/pages\/507","targetHints":{"allow":["GET"]}}],"collection":[{"href":"https:\/\/www.euroresidentes.com\/estilo-de-vida\/wp-json\/wp\/v2\/pages"}],"about":[{"href":"https:\/\/www.euroresidentes.com\/estilo-de-vida\/wp-json\/wp\/v2\/types\/page"}],"author":[{"embeddable":true,"href":"https:\/\/www.euroresidentes.com\/estilo-de-vida\/wp-json\/wp\/v2\/users\/4"}],"replies":[{"embeddable":true,"href":"https:\/\/www.euroresidentes.com\/estilo-de-vida\/wp-json\/wp\/v2\/comments?post=507"}],"version-history":[{"count":4,"href":"https:\/\/www.euroresidentes.com\/estilo-de-vida\/wp-json\/wp\/v2\/pages\/507\/revisions"}],"predecessor-version":[{"id":561,"href":"https:\/\/www.euroresidentes.com\/estilo-de-vida\/wp-json\/wp\/v2\/pages\/507\/revisions\/561"}],"wp:featuredmedia":[{"embeddable":true,"href":"https:\/\/www.euroresidentes.com\/estilo-de-vida\/wp-json\/wp\/v2\/media\/557"}],"wp:attachment":[{"href":"https:\/\/www.euroresidentes.com\/estilo-de-vida\/wp-json\/wp\/v2\/media?parent=507"}],"curies":[{"name":"wp","href":"https:\/\/api.w.org\/{rel}","templated":true}]}}