{"id":445,"date":"2015-07-17T14:18:00","date_gmt":"2015-07-17T14:18:00","guid":{"rendered":"http:\/\/www.euroresidentes.com\/estilo-de-vida\/sentir-bien\/10-cosas-sobre-mi"},"modified":"2017-08-01T11:40:13","modified_gmt":"2017-08-01T09:40:13","slug":"andrea-mendez","status":"publish","type":"page","link":"https:\/\/www.euroresidentes.com\/estilo-de-vida\/andrea-mendez.html","title":{"rendered":"Andrea M\u00e9ndez"},"content":{"rendered":"<div class=\"p3\" style=\"text-align: center\">\u00a0<\/div>\n<div class=\"p3\">\n<div class=\"separator\" style=\"clear: both;text-align: center\">\u00a0<\/div>\n<div class=\"separator\" style=\"clear: both;text-align: center\"><a style=\"margin-left: 1em;margin-right: 1em\" href=\"https:\/\/www.euroresidentes.com\/estilo-de-vida\/sentir-bien\/wp-content\/uploads\/sites\/7\/2015\/07\/andrea_mendez.png\"><img loading=\"lazy\" decoding=\"async\" class=\"alignnone\" src=\"https:\/\/www.euroresidentes.com\/estilo-de-vida\/sentir-bien\/wp-content\/uploads\/sites\/7\/2015\/07\/andrea_mendez.png\" alt=\"Andrea M\u00e9ndez\" width=\"700\" height=\"534\" border=\"0\" \/><\/a><\/div>\n<h2 style=\"text-align: center\">\u00a010 Cosas sobre m\u00ed<\/h2>\n<p class=\"p3\" style=\"text-align: center\"><strong>\u00a0\u00a1Hola! Soy Andrea\u00a0<\/strong><\/p>\n<div class=\"separator\" style=\"clear: both;text-align: center\">\u00a0\u00a0<\/div>\n<\/div>\n<p><strong>1. Estudi\u00e9 la carrera de Psicolog\u00eda durante 4 a\u00f1os en Valencia.\u00a0<\/strong>Durante esos a\u00f1os viv\u00ed con mi hermano en Ruzafa, uno de los barrios m\u00e1s bonitos que he visto. De vez en cuando a\u00fan me escapo alg\u00fan finde que otro para recordar viejos tiempos.<\/p>\n<p><strong>2.<\/strong> Soy la peque\u00f1a de 3 hijos, dos chicos y yo.\u00a0<strong>El m\u00e9dico crey\u00f3 que era ni\u00f1o y as\u00ed lo creyeron hasta que nac\u00ed.<\/strong> A mis padres les gusta considerarlo como un regalo, sobre todo mi padre (nac\u00ed el d\u00eda del padre). Mis hermanos son 11 y 13 a\u00f1os mayores que yo (las malas lenguas dicen que soy la consentida de la casa).<\/p>\n<p><strong>3.<\/strong>\u00a0 Dicen que soy psic\u00f3loga, pero para m\u00ed que antes soy persona.\u00a0<strong>A la gente no se la debe definir por lo que ha estudiado<\/strong>. Tu trabajo\u00a0es algo que tienes, y no algo que eres. Yo soy Andrea, una persona apasionada por la psicolog\u00eda humana y el funcionamiento cerebral, entre otras cosas (encantada \ud83d\ude42 ).<\/p>\n<p><strong>4.<\/strong> <strong>Desde peque\u00f1a siempre tuve una cosa clara:<\/strong> <em>\u201cmam\u00e1, yo quiero ayudar a las personas\u00bb.\u00a0<\/em><\/p>\n<p><strong>5.<\/strong> Soy capaz de leerme el mismo libro 10 diez veces y ver la misma pel\u00edcula otras 20.\u00a0<strong>Las pelis y los libros son mi v\u00e1lvula de escape<\/strong>. No me atrevo a decirte alg\u00fan preferido,\u00a0pero si hay una pel\u00edcula que me acompa\u00f1ar\u00e1 toda la vida es <em>El jovencito Frankestein<\/em>, y un libro: <em>El hombre en busca de sentido<\/em>.<\/p>\n<p><strong>6.<\/strong> \u00bfOtra pasi\u00f3n que me define? <strong>Los animales<\/strong>.\u00a0Siento mucha empat\u00eda y respeto hacia ellos, no entiendo por qu\u00e9 les hacemos da\u00f1o.\u00a0Mi mente no descarta la idea de estudiar en alg\u00fan momento de mi vida derecho medioambiental y\/o veterinaria. \u00a0<\/p>\n<p><strong>7.<\/strong>\u00a0A nivel creativo soy un poco nula<strong>, no se me da bien dibujar ni hacer manualidades<\/strong>, pero he heredado la gracia\u00a0de mi madre en la cocina.\u00a0Mi plato estrella es el arroz.<\/p>\n<p><strong>8.<\/strong> Me son indiferentes tanto el caf\u00e9 como el chocolate.\u00a0<strong>No me gustan las cosas dulces ni las bebidas estimulantes<\/strong>. Soy m\u00e1s de agua con dos gotas de lim\u00f3n en ayunas o una cerveza bien fr\u00eda.<\/p>\n<p><strong>9.<\/strong> Me gusta mirar por las ma\u00f1anas,<strong> las siestas de verano antes de comer\u00a0y las<\/strong> comidas de mi madre (yo creo que gracias a ellas no he enfermado nunca).<\/p>\n<div>\n<p><strong>10. \u00bfLa mayor lecci\u00f3n que he aprendido hasta ahora?<\/strong> Que nunca se deja de aprender.<\/p>\n<div>\n<h3><span style=\"color: #003366\"><em><strong>No te pierdas nada de mis blogs:<\/strong><\/em><\/span><\/h3>\n<ul>\n<li><a href=\"https:\/\/www.euroresidentes.com\/estilo-de-vida\/sentir-bien\/\">Sentir Bien<\/a><\/li>\n<li><a href=\"https:\/\/www.euroresidentes.com\/estilo-de-vida\/superacion-personal\/\">Superaci\u00f3n Personal<\/a><\/li>\n<li><a href=\"https:\/\/www.euroresidentes.com\/empresa\/motivacion\/\">Motivaci\u00f3n<\/a><\/li>\n<li><a href=\"https:\/\/www.euroresidentes.com\/empresa\/liderazgo\/\">Liderazgo<\/a><\/li>\n<li><a href=\"https:\/\/www.euroresidentes.com\/estilo-de-vida\/adolescentes\/\">Adolescentes<\/a><\/li>\n<li><a href=\"https:\/\/www.euroresidentes.com\/amor\/celos\/\">Celos<\/a><\/li>\n<\/ul>\n<div>\n<h3><strong><span style=\"color: #003366\"><em><span style=\"font-family: Arial, Helvetica, sans-serif;font-size: large\">S\u00edgueme en:<\/span><\/em><\/span><\/strong><\/h3>\n<p><strong><strong><a href=\"https:\/\/www.linkedin.com\/in\/andrea-m%C3%A9ndez-moll%C3%A1-711a2b43\" target=\"_blank\"><img decoding=\"async\" src=\"https:\/\/www.euroresidentes.com\/img\/icos_b_n\/ico_linkedin_bin.png\" alt=\"\" border=\"0\" \/><\/a>\u00a0<a href=\"https:\/\/plus.google.com\/u\/0\/115989568645689891897\/posts\" target=\"_blank\"><img decoding=\"async\" src=\"https:\/\/www.euroresidentes.com\/img\/icos_b_n\/ico_g+_bin.png\" alt=\"\" border=\"0\" \/><\/a>\u00a0<a href=\"https:\/\/twitter.com\/sentirbien\" target=\"_blank\"><img decoding=\"async\" src=\"https:\/\/www.euroresidentes.com\/img\/icos_b_n\/ico_twitter_bin.png\" alt=\"\" border=\"0\" \/><\/a>\u00a0<a href=\"https:\/\/www.facebook.com\/andrea.mendezmolla\" target=\"_blank\"><img loading=\"lazy\" decoding=\"async\" class=\"alignnone\" src=\"https:\/\/www.euroresidentes.com\/img\/icos_b_n\/ico_facebook_bin.png\" alt=\"\" width=\"30\" height=\"30\" border=\"0\" \/><\/a><\/strong><\/strong><\/div>\n<div>\n<p>Para todas las novedades de Motivaci\u00f3n, Superaci\u00f3n Personal, Liderazgo, Sentir Bien y Adolescentes no te pierdas <a href=\"https:\/\/www.euroresidentes.com\/salud\/desarrollo_personal_y_psicologia_de_la_motivacion_y_del_liderazgo.html\" target=\"_blank\">mi p\u00e1gina<\/a>.<\/p>\n<\/div>\n<\/div>\n<\/div>\n","protected":false},"excerpt":{"rendered":"<p>\u00a0 \u00a0 \u00a010 Cosas sobre m\u00ed \u00a0\u00a1Hola! Soy Andrea\u00a0 \u00a0\u00a0 1. Estudi\u00e9 la carrera de Psicolog\u00eda durante 4 a\u00f1os en Valencia.\u00a0Durante esos a\u00f1os viv\u00ed con mi hermano en Ruzafa, uno de los barrios m\u00e1s bonitos que he visto. De vez en cuando a\u00fan me escapo alg\u00fan finde que otro para recordar viejos tiempos. 2. Soy la peque\u00f1a de 3 hijos, dos chicos y yo.\u00a0El m\u00e9dico crey\u00f3 que era ni\u00f1o y as\u00ed lo creyeron hasta que nac\u00ed. A mis padres les gusta considerarlo como un regalo, sobre todo mi padre (nac\u00ed el d\u00eda del padre). Mis hermanos son 11 y 13 <\/p>\n","protected":false},"author":11,"featured_media":668,"parent":0,"menu_order":0,"comment_status":"open","ping_status":"open","template":"page-author.php","meta":{"footnotes":""},"class_list":["post-445","page","type-page","status-publish","has-post-thumbnail","hentry","has_thumb"],"yoast_head":"<!-- This site is optimized with the Yoast SEO plugin v24.1 - https:\/\/yoast.com\/wordpress\/plugins\/seo\/ -->\n<title>Estilo de vida<\/title>\n<meta name=\"description\" content=\"Andrea M\u00e9ndez, dicen que soy psic\u00f3loga, pero para m\u00ed que antes soy persona.\u00a0A la gente no se la debe definir por lo que ha estudiado.\u00a0\" \/>\n<meta name=\"robots\" content=\"index, follow, max-snippet:-1, max-image-preview:large, max-video-preview:-1\" \/>\n<link rel=\"canonical\" href=\"https:\/\/www.euroresidentes.com\/estilo-de-vida\/andrea-mendez.html\" \/>\n<meta property=\"og:locale\" content=\"es_ES\" \/>\n<meta property=\"og:type\" content=\"article\" \/>\n<meta property=\"og:title\" content=\"Estilo de vida\" \/>\n<meta property=\"og:description\" content=\"Andrea M\u00e9ndez, dicen que soy psic\u00f3loga, pero para m\u00ed que antes soy persona.\u00a0A la gente no se la debe definir por lo que ha estudiado.\u00a0\" \/>\n<meta property=\"og:url\" content=\"https:\/\/www.euroresidentes.com\/estilo-de-vida\/andrea-mendez.html\" \/>\n<meta property=\"og:site_name\" content=\"Estilo de vida\" \/>\n<meta property=\"article:modified_time\" content=\"2017-08-01T09:40:13+00:00\" \/>\n<meta property=\"og:image\" content=\"https:\/\/www.euroresidentes.com\/estilo-de-vida\/wp-content\/uploads\/2015\/07\/andrea_mendez.png\" \/>\n\t<meta property=\"og:image:width\" content=\"600\" \/>\n\t<meta property=\"og:image:height\" content=\"458\" \/>\n\t<meta property=\"og:image:type\" content=\"image\/png\" \/>\n<meta name=\"twitter:card\" content=\"summary_large_image\" \/>\n<meta name=\"twitter:label1\" content=\"Est. reading time\" \/>\n\t<meta name=\"twitter:data1\" content=\"2 minutos\" \/>\n<script type=\"application\/ld+json\" class=\"yoast-schema-graph\">{\"@context\":\"https:\/\/schema.org\",\"@graph\":[{\"@type\":\"WebPage\",\"@id\":\"https:\/\/www.euroresidentes.com\/estilo-de-vida\/andrea-mendez.html\",\"url\":\"https:\/\/www.euroresidentes.com\/estilo-de-vida\/andrea-mendez.html\",\"name\":\"Estilo de vida\",\"isPartOf\":{\"@id\":\"https:\/\/www.euroresidentes.com\/estilo-de-vida\/#website\"},\"primaryImageOfPage\":{\"@id\":\"https:\/\/www.euroresidentes.com\/estilo-de-vida\/andrea-mendez.html#primaryimage\"},\"image\":{\"@id\":\"https:\/\/www.euroresidentes.com\/estilo-de-vida\/andrea-mendez.html#primaryimage\"},\"thumbnailUrl\":\"https:\/\/www.euroresidentes.com\/estilo-de-vida\/wp-content\/uploads\/2015\/07\/andrea_mendez.png\",\"datePublished\":\"2015-07-17T14:18:00+00:00\",\"dateModified\":\"2017-08-01T09:40:13+00:00\",\"description\":\"Andrea M\u00e9ndez, dicen que soy psic\u00f3loga, pero para m\u00ed que antes soy persona.\u00a0A la gente no se la debe definir por lo que ha estudiado.\u00a0\",\"breadcrumb\":{\"@id\":\"https:\/\/www.euroresidentes.com\/estilo-de-vida\/andrea-mendez.html#breadcrumb\"},\"inLanguage\":\"es\",\"potentialAction\":[{\"@type\":\"ReadAction\",\"target\":[\"https:\/\/www.euroresidentes.com\/estilo-de-vida\/andrea-mendez.html\"]}]},{\"@type\":\"ImageObject\",\"inLanguage\":\"es\",\"@id\":\"https:\/\/www.euroresidentes.com\/estilo-de-vida\/andrea-mendez.html#primaryimage\",\"url\":\"https:\/\/www.euroresidentes.com\/estilo-de-vida\/wp-content\/uploads\/2015\/07\/andrea_mendez.png\",\"contentUrl\":\"https:\/\/www.euroresidentes.com\/estilo-de-vida\/wp-content\/uploads\/2015\/07\/andrea_mendez.png\",\"width\":600,\"height\":458,\"caption\":\"Andrea M\u00e9ndez\"},{\"@type\":\"BreadcrumbList\",\"@id\":\"https:\/\/www.euroresidentes.com\/estilo-de-vida\/andrea-mendez.html#breadcrumb\",\"itemListElement\":[{\"@type\":\"ListItem\",\"position\":1,\"name\":\"Portada\",\"item\":\"https:\/\/www.euroresidentes.com\/estilo-de-vida\/\"},{\"@type\":\"ListItem\",\"position\":2,\"name\":\"Andrea M\u00e9ndez\"}]},{\"@type\":\"WebSite\",\"@id\":\"https:\/\/www.euroresidentes.com\/estilo-de-vida\/#website\",\"url\":\"https:\/\/www.euroresidentes.com\/estilo-de-vida\/\",\"name\":\"Estilo de vida\",\"description\":\"Blog sobre estilo de vida, moda, belleza, psicolog\u00eda, motivaci\u00f3n...\",\"potentialAction\":[{\"@type\":\"SearchAction\",\"target\":{\"@type\":\"EntryPoint\",\"urlTemplate\":\"https:\/\/www.euroresidentes.com\/estilo-de-vida\/?s={search_term_string}\"},\"query-input\":{\"@type\":\"PropertyValueSpecification\",\"valueRequired\":true,\"valueName\":\"search_term_string\"}}],\"inLanguage\":\"es\"}]}<\/script>\n<!-- \/ Yoast SEO plugin. -->","yoast_head_json":{"title":"Estilo de vida","description":"Andrea M\u00e9ndez, dicen que soy psic\u00f3loga, pero para m\u00ed que antes soy persona.\u00a0A la gente no se la debe definir por lo que ha estudiado.\u00a0","robots":{"index":"index","follow":"follow","max-snippet":"max-snippet:-1","max-image-preview":"max-image-preview:large","max-video-preview":"max-video-preview:-1"},"canonical":"https:\/\/www.euroresidentes.com\/estilo-de-vida\/andrea-mendez.html","og_locale":"es_ES","og_type":"article","og_title":"Estilo de vida","og_description":"Andrea M\u00e9ndez, dicen que soy psic\u00f3loga, pero para m\u00ed que antes soy persona.\u00a0A la gente no se la debe definir por lo que ha estudiado.\u00a0","og_url":"https:\/\/www.euroresidentes.com\/estilo-de-vida\/andrea-mendez.html","og_site_name":"Estilo de vida","article_modified_time":"2017-08-01T09:40:13+00:00","og_image":[{"width":600,"height":458,"url":"https:\/\/www.euroresidentes.com\/estilo-de-vida\/wp-content\/uploads\/2015\/07\/andrea_mendez.png","type":"image\/png"}],"twitter_card":"summary_large_image","twitter_misc":{"Est. reading time":"2 minutos"},"schema":{"@context":"https:\/\/schema.org","@graph":[{"@type":"WebPage","@id":"https:\/\/www.euroresidentes.com\/estilo-de-vida\/andrea-mendez.html","url":"https:\/\/www.euroresidentes.com\/estilo-de-vida\/andrea-mendez.html","name":"Estilo de vida","isPartOf":{"@id":"https:\/\/www.euroresidentes.com\/estilo-de-vida\/#website"},"primaryImageOfPage":{"@id":"https:\/\/www.euroresidentes.com\/estilo-de-vida\/andrea-mendez.html#primaryimage"},"image":{"@id":"https:\/\/www.euroresidentes.com\/estilo-de-vida\/andrea-mendez.html#primaryimage"},"thumbnailUrl":"https:\/\/www.euroresidentes.com\/estilo-de-vida\/wp-content\/uploads\/2015\/07\/andrea_mendez.png","datePublished":"2015-07-17T14:18:00+00:00","dateModified":"2017-08-01T09:40:13+00:00","description":"Andrea M\u00e9ndez, dicen que soy psic\u00f3loga, pero para m\u00ed que antes soy persona.\u00a0A la gente no se la debe definir por lo que ha estudiado.\u00a0","breadcrumb":{"@id":"https:\/\/www.euroresidentes.com\/estilo-de-vida\/andrea-mendez.html#breadcrumb"},"inLanguage":"es","potentialAction":[{"@type":"ReadAction","target":["https:\/\/www.euroresidentes.com\/estilo-de-vida\/andrea-mendez.html"]}]},{"@type":"ImageObject","inLanguage":"es","@id":"https:\/\/www.euroresidentes.com\/estilo-de-vida\/andrea-mendez.html#primaryimage","url":"https:\/\/www.euroresidentes.com\/estilo-de-vida\/wp-content\/uploads\/2015\/07\/andrea_mendez.png","contentUrl":"https:\/\/www.euroresidentes.com\/estilo-de-vida\/wp-content\/uploads\/2015\/07\/andrea_mendez.png","width":600,"height":458,"caption":"Andrea M\u00e9ndez"},{"@type":"BreadcrumbList","@id":"https:\/\/www.euroresidentes.com\/estilo-de-vida\/andrea-mendez.html#breadcrumb","itemListElement":[{"@type":"ListItem","position":1,"name":"Portada","item":"https:\/\/www.euroresidentes.com\/estilo-de-vida\/"},{"@type":"ListItem","position":2,"name":"Andrea M\u00e9ndez"}]},{"@type":"WebSite","@id":"https:\/\/www.euroresidentes.com\/estilo-de-vida\/#website","url":"https:\/\/www.euroresidentes.com\/estilo-de-vida\/","name":"Estilo de vida","description":"Blog sobre estilo de vida, moda, belleza, psicolog\u00eda, motivaci\u00f3n...","potentialAction":[{"@type":"SearchAction","target":{"@type":"EntryPoint","urlTemplate":"https:\/\/www.euroresidentes.com\/estilo-de-vida\/?s={search_term_string}"},"query-input":{"@type":"PropertyValueSpecification","valueRequired":true,"valueName":"search_term_string"}}],"inLanguage":"es"}]}},"_links":{"self":[{"href":"https:\/\/www.euroresidentes.com\/estilo-de-vida\/wp-json\/wp\/v2\/pages\/445","targetHints":{"allow":["GET"]}}],"collection":[{"href":"https:\/\/www.euroresidentes.com\/estilo-de-vida\/wp-json\/wp\/v2\/pages"}],"about":[{"href":"https:\/\/www.euroresidentes.com\/estilo-de-vida\/wp-json\/wp\/v2\/types\/page"}],"author":[{"embeddable":true,"href":"https:\/\/www.euroresidentes.com\/estilo-de-vida\/wp-json\/wp\/v2\/users\/11"}],"replies":[{"embeddable":true,"href":"https:\/\/www.euroresidentes.com\/estilo-de-vida\/wp-json\/wp\/v2\/comments?post=445"}],"version-history":[{"count":11,"href":"https:\/\/www.euroresidentes.com\/estilo-de-vida\/wp-json\/wp\/v2\/pages\/445\/revisions"}],"predecessor-version":[{"id":602,"href":"https:\/\/www.euroresidentes.com\/estilo-de-vida\/wp-json\/wp\/v2\/pages\/445\/revisions\/602"}],"wp:featuredmedia":[{"embeddable":true,"href":"https:\/\/www.euroresidentes.com\/estilo-de-vida\/wp-json\/wp\/v2\/media\/668"}],"wp:attachment":[{"href":"https:\/\/www.euroresidentes.com\/estilo-de-vida\/wp-json\/wp\/v2\/media?parent=445"}],"curies":[{"name":"wp","href":"https:\/\/api.w.org\/{rel}","templated":true}]}}