{"id":409,"date":"2015-06-22T11:44:00","date_gmt":"2015-06-22T11:44:00","guid":{"rendered":"http:\/\/www.euroresidentes.com\/estilo-de-vida\/superacion-personal\/exito-y-pasion"},"modified":"2016-02-16T08:24:42","modified_gmt":"2016-02-16T08:24:42","slug":"exito-y-pasion","status":"publish","type":"page","link":"https:\/\/www.euroresidentes.com\/estilo-de-vida\/superacion-personal\/exito-y-pasion.html","title":{"rendered":"La Pasi\u00f3n es \u00c9xito"},"content":{"rendered":"<ul>\n<li><b><a href=\"http:\/\/superacion-personal.euroresidentes.com\/2014\/07\/pasion-y-proposito-por-que-necesitas.html\" target=\"_blank\">Pasi\u00f3n y Prop\u00f3sito: \u00bfPor qu\u00e9 necesitas ambas?<\/a><\/b><\/li>\n<li><a href=\"http:\/\/superacion-personal.euroresidentes.com\/2015\/06\/3-senales-de-que-tu-trabajo-y-tu.html\" target=\"_blank\"><b>3 Se\u00f1ales de que tu trabajo y tu prop\u00f3sito en la vida no coinciden<\/b><\/a><\/li>\n<li><b><a href=\"http:\/\/superacion-personal.euroresidentes.com\/2014\/06\/9-cosas-que-las-personas-apasionadas.html\" target=\"_blank\">9 Cosas que las personas apasionadas por la vida hacen diferente<\/a><\/b><\/li>\n<li><a href=\"http:\/\/superacion-personal.euroresidentes.com\/2015\/05\/quieres-matar-tus-suenos-prueba-con.html\"><b>\u00bfQuieres matar tus sue\u00f1os? Prueba con estas 5 formas<\/b><\/a><\/li>\n<li><a href=\"http:\/\/superacion-personal.euroresidentes.com\/2014\/05\/6-magnificas-razones-por-las-que-debes.html\" target=\"_blank\"><b>6 Magn\u00edficas razones por las que debes perseguir tus sue\u00f1os<\/b><\/a><\/li>\n<li><b><a href=\"http:\/\/superacion-personal.euroresidentes.com\/2014\/05\/8-habitos-de-las-personas-altamente.html\" target=\"_blank\">8 H\u00e1bitos de las personas altamente efectivas<\/a><\/b><\/li>\n<li><a href=\"http:\/\/superacion-personal.euroresidentes.com\/2015\/05\/10-mujeres-exitosas-que-saben-que-la.html\" target=\"_blank\"><b>10 mujeres exitosas que saben que la vida es mucho m\u00e1s que su trabajo<\/b><\/a><\/li>\n<li><a href=\"http:\/\/superacion-personal.euroresidentes.com\/2014\/08\/las-mujeres-exitosas-tienen-estas-8.html\" target=\"_blank\"><b>Las mujeres exitosas tienen estas 8 cualidades<\/b><\/a><\/li>\n<li><a href=\"http:\/\/superacion-personal.euroresidentes.com\/2014\/05\/15-habitos-de-la-gente-exitosa-que.html\" target=\"_blank\"><b>15 H\u00e1bitos de la gente exitosa que debes saber<\/b><\/a><\/li>\n<li><b><a href=\"http:\/\/superacion-personal.euroresidentes.com\/2014\/04\/5-cosas-que-una-persona-de-exito-nunca.html\" target=\"_blank\">5 Cosas que una persona exitosa nunca dir\u00eda<\/a><\/b><\/li>\n<li><b><a href=\"http:\/\/superacion-personal.euroresidentes.com\/2015\/01\/que-diferencia-la-gente-exitosa-de-la.html\" target=\"_blank\">\u00bfQu\u00e9 diferencia a la gente exitosa de la gente fracasada?<\/a><\/b><\/li>\n<li><a href=\"http:\/\/superacion-personal.euroresidentes.com\/2015\/06\/por-que-necesitas-la-inteligencia.html\" target=\"_blank\"><b>Por qu\u00e9 necesitas la Inteligencia Emocional para tener \u00e9xito<\/b><\/a><\/li>\n<\/ul>\n<p>&nbsp;<\/p>\n","protected":false},"excerpt":{"rendered":"<p>Pasi\u00f3n y Prop\u00f3sito: \u00bfPor qu\u00e9 necesitas ambas? 3 Se\u00f1ales de que tu trabajo y tu prop\u00f3sito en la vida no coinciden 9 Cosas que las personas apasionadas por la vida hacen diferente \u00bfQuieres matar tus sue\u00f1os? Prueba con estas 5 formas 6 Magn\u00edficas razones por las que debes perseguir tus sue\u00f1os 8 H\u00e1bitos de las personas altamente efectivas 10 mujeres exitosas que saben que la vida es mucho m\u00e1s que su trabajo Las mujeres exitosas tienen estas 8 cualidades 15 H\u00e1bitos de la gente exitosa que debes saber 5 Cosas que una persona exitosa nunca dir\u00eda \u00bfQu\u00e9 diferencia a la <\/p>\n","protected":false},"author":11,"featured_media":0,"parent":0,"menu_order":0,"comment_status":"closed","ping_status":"closed","template":"","meta":{"footnotes":""},"class_list":["post-409","page","type-page","status-publish","hentry"],"yoast_head":"<!-- This site is optimized with the Yoast SEO plugin v24.1 - https:\/\/yoast.com\/wordpress\/plugins\/seo\/ -->\n<title>La Pasi\u00f3n es \u00c9xito - Superaci\u00f3n personal<\/title>\n<meta name=\"robots\" content=\"index, follow, max-snippet:-1, max-image-preview:large, max-video-preview:-1\" \/>\n<link rel=\"canonical\" href=\"https:\/\/www.euroresidentes.com\/estilo-de-vida\/superacion-personal\/exito-y-pasion.html\" \/>\n<meta property=\"og:locale\" content=\"es_ES\" \/>\n<meta property=\"og:type\" content=\"article\" \/>\n<meta property=\"og:title\" content=\"La Pasi\u00f3n es \u00c9xito - Superaci\u00f3n personal\" \/>\n<meta property=\"og:description\" content=\"Pasi\u00f3n y Prop\u00f3sito: \u00bfPor qu\u00e9 necesitas ambas? 3 Se\u00f1ales de que tu trabajo y tu prop\u00f3sito en la vida no coinciden 9 Cosas que las personas apasionadas por la vida hacen diferente \u00bfQuieres matar tus sue\u00f1os? Prueba con estas 5 formas 6 Magn\u00edficas razones por las que debes perseguir tus sue\u00f1os 8 H\u00e1bitos de las personas altamente efectivas 10 mujeres exitosas que saben que la vida es mucho m\u00e1s que su trabajo Las mujeres exitosas tienen estas 8 cualidades 15 H\u00e1bitos de la gente exitosa que debes saber 5 Cosas que una persona exitosa nunca dir\u00eda \u00bfQu\u00e9 diferencia a la\" \/>\n<meta property=\"og:url\" content=\"https:\/\/www.euroresidentes.com\/estilo-de-vida\/superacion-personal\/exito-y-pasion.html\" \/>\n<meta property=\"og:site_name\" content=\"Superaci\u00f3n personal\" \/>\n<meta property=\"article:publisher\" content=\"https:\/\/www.facebook.com\/sentir.bien.euroresidentes\/\" \/>\n<meta property=\"article:modified_time\" content=\"2016-02-16T08:24:42+00:00\" \/>\n<meta name=\"twitter:card\" content=\"summary_large_image\" \/>\n<meta name=\"twitter:site\" content=\"@sentirbien\" \/>\n<meta name=\"twitter:label1\" content=\"Est. reading time\" \/>\n\t<meta name=\"twitter:data1\" content=\"1 minuto\" \/>\n<script type=\"application\/ld+json\" class=\"yoast-schema-graph\">{\"@context\":\"https:\/\/schema.org\",\"@graph\":[{\"@type\":\"WebPage\",\"@id\":\"https:\/\/www.euroresidentes.com\/estilo-de-vida\/superacion-personal\/exito-y-pasion.html\",\"url\":\"https:\/\/www.euroresidentes.com\/estilo-de-vida\/superacion-personal\/exito-y-pasion.html\",\"name\":\"La Pasi\u00f3n es \u00c9xito - Superaci\u00f3n personal\",\"isPartOf\":{\"@id\":\"https:\/\/www.euroresidentes.com\/estilo-de-vida\/superacion-personal\/#website\"},\"datePublished\":\"2015-06-22T11:44:00+00:00\",\"dateModified\":\"2016-02-16T08:24:42+00:00\",\"breadcrumb\":{\"@id\":\"https:\/\/www.euroresidentes.com\/estilo-de-vida\/superacion-personal\/exito-y-pasion.html#breadcrumb\"},\"inLanguage\":\"es\",\"potentialAction\":[{\"@type\":\"ReadAction\",\"target\":[\"https:\/\/www.euroresidentes.com\/estilo-de-vida\/superacion-personal\/exito-y-pasion.html\"]}]},{\"@type\":\"BreadcrumbList\",\"@id\":\"https:\/\/www.euroresidentes.com\/estilo-de-vida\/superacion-personal\/exito-y-pasion.html#breadcrumb\",\"itemListElement\":[{\"@type\":\"ListItem\",\"position\":1,\"name\":\"Portada\",\"item\":\"https:\/\/www.euroresidentes.com\/estilo-de-vida\/superacion-personal\/\"},{\"@type\":\"ListItem\",\"position\":2,\"name\":\"La Pasi\u00f3n es \u00c9xito\"}]},{\"@type\":\"WebSite\",\"@id\":\"https:\/\/www.euroresidentes.com\/estilo-de-vida\/superacion-personal\/#website\",\"url\":\"https:\/\/www.euroresidentes.com\/estilo-de-vida\/superacion-personal\/\",\"name\":\"Superaci\u00f3n personal\",\"description\":\"Consejos de superaci\u00f3n personal\",\"potentialAction\":[{\"@type\":\"SearchAction\",\"target\":{\"@type\":\"EntryPoint\",\"urlTemplate\":\"https:\/\/www.euroresidentes.com\/estilo-de-vida\/superacion-personal\/?s={search_term_string}\"},\"query-input\":{\"@type\":\"PropertyValueSpecification\",\"valueRequired\":true,\"valueName\":\"search_term_string\"}}],\"inLanguage\":\"es\"}]}<\/script>\n<!-- \/ Yoast SEO plugin. -->","yoast_head_json":{"title":"La Pasi\u00f3n es \u00c9xito - Superaci\u00f3n personal","robots":{"index":"index","follow":"follow","max-snippet":"max-snippet:-1","max-image-preview":"max-image-preview:large","max-video-preview":"max-video-preview:-1"},"canonical":"https:\/\/www.euroresidentes.com\/estilo-de-vida\/superacion-personal\/exito-y-pasion.html","og_locale":"es_ES","og_type":"article","og_title":"La Pasi\u00f3n es \u00c9xito - Superaci\u00f3n personal","og_description":"Pasi\u00f3n y Prop\u00f3sito: \u00bfPor qu\u00e9 necesitas ambas? 3 Se\u00f1ales de que tu trabajo y tu prop\u00f3sito en la vida no coinciden 9 Cosas que las personas apasionadas por la vida hacen diferente \u00bfQuieres matar tus sue\u00f1os? Prueba con estas 5 formas 6 Magn\u00edficas razones por las que debes perseguir tus sue\u00f1os 8 H\u00e1bitos de las personas altamente efectivas 10 mujeres exitosas que saben que la vida es mucho m\u00e1s que su trabajo Las mujeres exitosas tienen estas 8 cualidades 15 H\u00e1bitos de la gente exitosa que debes saber 5 Cosas que una persona exitosa nunca dir\u00eda \u00bfQu\u00e9 diferencia a la","og_url":"https:\/\/www.euroresidentes.com\/estilo-de-vida\/superacion-personal\/exito-y-pasion.html","og_site_name":"Superaci\u00f3n personal","article_publisher":"https:\/\/www.facebook.com\/sentir.bien.euroresidentes\/","article_modified_time":"2016-02-16T08:24:42+00:00","twitter_card":"summary_large_image","twitter_site":"@sentirbien","twitter_misc":{"Est. reading time":"1 minuto"},"schema":{"@context":"https:\/\/schema.org","@graph":[{"@type":"WebPage","@id":"https:\/\/www.euroresidentes.com\/estilo-de-vida\/superacion-personal\/exito-y-pasion.html","url":"https:\/\/www.euroresidentes.com\/estilo-de-vida\/superacion-personal\/exito-y-pasion.html","name":"La Pasi\u00f3n es \u00c9xito - Superaci\u00f3n personal","isPartOf":{"@id":"https:\/\/www.euroresidentes.com\/estilo-de-vida\/superacion-personal\/#website"},"datePublished":"2015-06-22T11:44:00+00:00","dateModified":"2016-02-16T08:24:42+00:00","breadcrumb":{"@id":"https:\/\/www.euroresidentes.com\/estilo-de-vida\/superacion-personal\/exito-y-pasion.html#breadcrumb"},"inLanguage":"es","potentialAction":[{"@type":"ReadAction","target":["https:\/\/www.euroresidentes.com\/estilo-de-vida\/superacion-personal\/exito-y-pasion.html"]}]},{"@type":"BreadcrumbList","@id":"https:\/\/www.euroresidentes.com\/estilo-de-vida\/superacion-personal\/exito-y-pasion.html#breadcrumb","itemListElement":[{"@type":"ListItem","position":1,"name":"Portada","item":"https:\/\/www.euroresidentes.com\/estilo-de-vida\/superacion-personal\/"},{"@type":"ListItem","position":2,"name":"La Pasi\u00f3n es \u00c9xito"}]},{"@type":"WebSite","@id":"https:\/\/www.euroresidentes.com\/estilo-de-vida\/superacion-personal\/#website","url":"https:\/\/www.euroresidentes.com\/estilo-de-vida\/superacion-personal\/","name":"Superaci\u00f3n personal","description":"Consejos de superaci\u00f3n personal","potentialAction":[{"@type":"SearchAction","target":{"@type":"EntryPoint","urlTemplate":"https:\/\/www.euroresidentes.com\/estilo-de-vida\/superacion-personal\/?s={search_term_string}"},"query-input":{"@type":"PropertyValueSpecification","valueRequired":true,"valueName":"search_term_string"}}],"inLanguage":"es"}]}},"_links":{"self":[{"href":"https:\/\/www.euroresidentes.com\/estilo-de-vida\/superacion-personal\/wp-json\/wp\/v2\/pages\/409","targetHints":{"allow":["GET"]}}],"collection":[{"href":"https:\/\/www.euroresidentes.com\/estilo-de-vida\/superacion-personal\/wp-json\/wp\/v2\/pages"}],"about":[{"href":"https:\/\/www.euroresidentes.com\/estilo-de-vida\/superacion-personal\/wp-json\/wp\/v2\/types\/page"}],"author":[{"embeddable":true,"href":"https:\/\/www.euroresidentes.com\/estilo-de-vida\/superacion-personal\/wp-json\/wp\/v2\/users\/11"}],"replies":[{"embeddable":true,"href":"https:\/\/www.euroresidentes.com\/estilo-de-vida\/superacion-personal\/wp-json\/wp\/v2\/comments?post=409"}],"version-history":[{"count":2,"href":"https:\/\/www.euroresidentes.com\/estilo-de-vida\/superacion-personal\/wp-json\/wp\/v2\/pages\/409\/revisions"}],"predecessor-version":[{"id":5545,"href":"https:\/\/www.euroresidentes.com\/estilo-de-vida\/superacion-personal\/wp-json\/wp\/v2\/pages\/409\/revisions\/5545"}],"wp:attachment":[{"href":"https:\/\/www.euroresidentes.com\/estilo-de-vida\/superacion-personal\/wp-json\/wp\/v2\/media?parent=409"}],"curies":[{"name":"wp","href":"https:\/\/api.w.org\/{rel}","templated":true}]}}