{"id":406,"date":"2015-11-06T13:38:00","date_gmt":"2015-11-06T13:38:00","guid":{"rendered":"http:\/\/www.euroresidentes.com\/estilo-de-vida\/superacion-personal\/crecimiento-persona"},"modified":"2016-02-16T08:24:34","modified_gmt":"2016-02-16T08:24:34","slug":"crecimiento-persona","status":"publish","type":"page","link":"https:\/\/www.euroresidentes.com\/estilo-de-vida\/superacion-personal\/crecimiento-persona.html","title":{"rendered":"Crecimiento Personal"},"content":{"rendered":"<ul>\n<li><b><a href=\"http:\/\/superacion-personal.euroresidentes.com\/2014\/05\/la-importancia-de-la-superacion-personal.html\" target=\"_blank\">La importancia de la Superaci\u00f3n Personal<\/a><\/b><\/li>\n<li><a href=\"http:\/\/superacion-personal.euroresidentes.com\/2015\/09\/por-que-llorar-es-sano-y-necesario-para.html\"><b>Por qu\u00e9 llorar es sano y necesario para tu crecimiento personal<\/b><\/a><\/li>\n<li><b><a href=\"http:\/\/superacion-personal.euroresidentes.com\/2014\/10\/como-superar-las-3-inseguridades-mas.html\" target=\"_blank\">C\u00f3mo superar las 3 inseguridades m\u00e1s comunes<\/a><\/b><\/li>\n<li><a href=\"http:\/\/superacion-personal.euroresidentes.com\/2014\/06\/porque-escribir-un-diario-y-como.html\" target=\"_blank\"><b>Porqu\u00e9 escribir un diario (y c\u00f3mo empezar el tuyo)<\/b><\/a><\/li>\n<li><a href=\"http:\/\/superacion-personal.euroresidentes.com\/2015\/02\/4-maneras-de-usar-la-envidia-para-el.html\" target=\"_blank\"><b>4 Maneras de usar la envidia para el crecimiento personal<\/b><\/a><\/li>\n<li><b><a href=\"http:\/\/superacion-personal.euroresidentes.com\/2014\/04\/17-preguntas-que-te-inspiraran-cambiar.html\" target=\"_blank\">17 Preguntas que te inspirar\u00e1n a cambiar tu vida<\/a><\/b><\/li>\n<li><b><a href=\"http:\/\/superacion-personal.euroresidentes.com\/2014\/04\/7-pensamientos-negativos-que-te-impiden.html\" target=\"_blank\">7 Pensamientos negativos que te impiden a avanzar<\/a><\/b><\/li>\n<li><a href=\"http:\/\/superacion-personal.euroresidentes.com\/2015\/02\/estos-6-pensamientos-son-toxicos-pero.html\" target=\"_blank\"><b>Estos 6 pensamientos son t\u00f3xicos, pero mucha gente piensa que son normales<\/b><\/a><\/li>\n<li><b><a href=\"http:\/\/superacion-personal.euroresidentes.com\/2014\/09\/8-habitos-muy-toxicos-que-drenan-tu.html\" target=\"_blank\">8 H\u00e1bitos muy t\u00f3xicos que drenan tu energ\u00eda<\/a><\/b><\/li>\n<li><b><a href=\"http:\/\/superacion-personal.euroresidentes.com\/2014\/09\/8-personalidades-toxicas-que-viven-en.html\" target=\"_blank\">8 Personalidades t\u00f3xicas que viven en ti (y que deber\u00edas evitar)<\/a><\/b><\/li>\n<li><b><a href=\"http:\/\/superacion-personal.euroresidentes.com\/2015\/01\/recuerda-estas-10-cosas-cuando-creas.html\" target=\"_blank\">Recuerda estas 10 cosas cuando creas que no eres suficientemente bueno<\/a><\/b><\/li>\n<li><b><a href=\"http:\/\/superacion-personal.euroresidentes.com\/2015\/09\/7-excusas-que-te-alejan-de-tus-suenos.html\">7 Excusas que te alejan de tus sue\u00f1os<\/a><\/b><\/li>\n<li><a href=\"http:\/\/superacion-personal.euroresidentes.com\/2015\/11\/no-tienes-miedo-al-futuro-tienes-miedo.html\"><b>No tienes miedo al futuro, tienes miedo a repetir los errores del pasado<\/b><\/a><\/li>\n<li><a href=\"http:\/\/superacion-personal.euroresidentes.com\/2014\/09\/como-crear-nuevos-habitos-aprovechando.html\" target=\"_blank\"><b>C\u00f3mo crear nuevos h\u00e1bitos aprovechando los antiguos<\/b><\/a><\/li>\n<li><b><a href=\"http:\/\/superacion-personal.euroresidentes.com\/2014\/04\/4-razones-por-las-que-debes-tener-mas.html\" target=\"_blank\">4 Razones por las que debes tener m\u00e1s control sobre tu vida<\/a><\/b><\/li>\n<li><b><a href=\"http:\/\/superacion-personal.euroresidentes.com\/2014\/10\/cuando-digo-no-me-siento-culpable.html\" target=\"_blank\">Cuando digo no me siento culpable<\/a><\/b><\/li>\n<li><b><a href=\"http:\/\/superacion-personal.euroresidentes.com\/2014\/12\/5-formas-de-decir-no.html\" target=\"_blank\">5 Formas de decir NO<\/a><\/b><\/li>\n<li><a href=\"http:\/\/superacion-personal.euroresidentes.com\/2015\/10\/5-momentos-en-los-que-te-mereces-decir.html\"><b>5 Momentos en los que te mereces decir no<\/b><\/a><\/li>\n<li><b><a href=\"http:\/\/superacion-personal.euroresidentes.com\/2014\/05\/8-senales-de-que-estas-malgastando-tu.html\" target=\"_blank\">8 Se\u00f1ales de que est\u00e1s malgastando tu vida<\/a><\/b><\/li>\n<li><a href=\"http:\/\/superacion-personal.euroresidentes.com\/2015\/05\/quieres-matar-tus-suenos-prueba-con.html\"><b>\u00bfQuieres matar tus sue\u00f1os? Prueba con estas 5 formas<\/b><\/a><\/li>\n<li><b><a href=\"http:\/\/superacion-personal.euroresidentes.com\/2014\/05\/6-magnificas-razones-por-las-que-debes.html\" target=\"_blank\">6 Magn\u00edficas razones por las que debes perseguir tus sue\u00f1os<\/a><\/b><\/li>\n<li><a href=\"http:\/\/superacion-personal.euroresidentes.com\/2014\/11\/despues-de-leer-esto-se-que-no-hay.html\" target=\"_blank\"><b>Despu\u00e9s de leer esto, s\u00e9 que no hay raz\u00f3n para rendirse<\/b><\/a><\/li>\n<li><b><a href=\"http:\/\/superacion-personal.euroresidentes.com\/2014\/10\/aprender-estas-20-cosas-ahora-cambiara.html\" target=\"_blank\">Aprender estas 20 cosas ahora cambiar\u00e1 el resto de tu vida<\/a><\/b><\/li>\n<li><a href=\"http:\/\/superacion-personal.euroresidentes.com\/2015\/06\/3-senales-de-que-tu-trabajo-y-tu.html\" target=\"_blank\"><b>3 Se\u00f1ales de que tu trabajo y tu prop\u00f3sito en la vida no coinciden<\/b><\/a><\/li>\n<li><a href=\"http:\/\/superacion-personal.euroresidentes.com\/2015\/02\/6-consejos-para-un-perfecto-equilibrio.html\" target=\"_blank\"><b>6 Consejos para un perfecto equilibrio entre trabajo y vida<\/b><\/a><\/li>\n<li><b><a href=\"http:\/\/superacion-personal.euroresidentes.com\/2014\/05\/la-guia-de-la-a-la-z-para-una-vida-plena.html\" target=\"_blank\">La gu\u00eda de la A a la Z para una vida plena<\/a><\/b><\/li>\n<li><b><a href=\"http:\/\/superacion-personal.euroresidentes.com\/2014\/10\/como-la-empatia-te-hace-ser-mejor.html\" target=\"_blank\">C\u00f3mo la empat\u00eda te hace ser mejor persona<\/a><\/b><\/li>\n<li><b><a href=\"http:\/\/superacion-personal.euroresidentes.com\/2014\/11\/15-buenos-actos-que-podrias-estar.html\" target=\"_blank\">15 Buenos actos que podr\u00edas estar haciendo<\/a><\/b><\/li>\n<li><b><a href=\"http:\/\/superacion-personal.euroresidentes.com\/2015\/08\/10-pequenas-leyes-de-la-gratitud-que.html\">10 Peque\u00f1as leyes de gratitud que cambiar\u00e1n tu vida<\/a><\/b><\/li>\n<li><b><a href=\"http:\/\/superacion-personal.euroresidentes.com\/2014\/08\/16-senales-de-que-estas-convirtiendote.html\" target=\"_blank\">16 Se\u00f1ales de que est\u00e1s convirti\u00e9ndote en alguien mejor (aunque no te des cuenta)<\/a><\/b><\/li>\n<li><b><a href=\"http:\/\/superacion-personal.euroresidentes.com\/2014\/04\/10-preguntas-sobre-tu-vida-que.html\" target=\"_blank\">10 Preguntas sobre tu vida que necesitas plantearte<\/a><\/b><\/li>\n<li><a href=\"http:\/\/superacion-personal.euroresidentes.com\/2015\/07\/10-grandes-verdades-que-olvidamos.html\" target=\"_blank\"><b>10 Grandes verdades que olvidamos f\u00e1cilmente<\/b><\/a><\/li>\n<li><b><a href=\"http:\/\/superacion-personal.euroresidentes.com\/2014\/07\/si-no-sabes-estas-13-verdades-estas.html\" target=\"_blank\">Si no sabes estas 13 verdades a estas alturas, probablemente te queda mucho por aprender de la vida<\/a><\/b><\/li>\n<li><b><a href=\"http:\/\/superacion-personal.euroresidentes.com\/2014\/07\/6-peliculas-que-me-hicieron-ser-mejor.html\" target=\"_blank\">6 Pel\u00edculas que me hicieron querer ser mejor persona<\/a><\/b><\/li>\n<li><b><a href=\"http:\/\/superacion-personal.euroresidentes.com\/2014\/05\/10-libros-de-autoayuda-que-todo-el.html\" target=\"_blank\">10 Libros de Autoayuda que todo el mundo deber\u00eda leer<\/a><\/b><\/li>\n<li><a href=\"http:\/\/superacion-personal.euroresidentes.com\/2014\/12\/25-cosas-que-debes-dejar-de-lado-antes.html\" target=\"_blank\"><b>25 Cosas que debes dejar de lado antes de A\u00f1o Nuevo<\/b><\/a><\/li>\n<\/ul>\n","protected":false},"excerpt":{"rendered":"<p>La importancia de la Superaci\u00f3n Personal Por qu\u00e9 llorar es sano y necesario para tu crecimiento personal C\u00f3mo superar las 3 inseguridades m\u00e1s comunes Porqu\u00e9 escribir un diario (y c\u00f3mo empezar el tuyo) 4 Maneras de usar la envidia para el crecimiento personal 17 Preguntas que te inspirar\u00e1n a cambiar tu vida 7 Pensamientos negativos que te impiden a avanzar Estos 6 pensamientos son t\u00f3xicos, pero mucha gente piensa que son normales 8 H\u00e1bitos muy t\u00f3xicos que drenan tu energ\u00eda 8 Personalidades t\u00f3xicas que viven en ti (y que deber\u00edas evitar) Recuerda estas 10 cosas cuando creas que no eres <\/p>\n","protected":false},"author":11,"featured_media":0,"parent":0,"menu_order":0,"comment_status":"closed","ping_status":"closed","template":"","meta":{"footnotes":""},"class_list":["post-406","page","type-page","status-publish","hentry"],"yoast_head":"<!-- This site is optimized with the Yoast SEO plugin v24.1 - https:\/\/yoast.com\/wordpress\/plugins\/seo\/ -->\n<title>Crecimiento Personal - Superaci\u00f3n personal<\/title>\n<meta name=\"robots\" content=\"index, follow, max-snippet:-1, max-image-preview:large, max-video-preview:-1\" \/>\n<link rel=\"canonical\" href=\"https:\/\/www.euroresidentes.com\/estilo-de-vida\/superacion-personal\/crecimiento-persona.html\" \/>\n<meta property=\"og:locale\" content=\"es_ES\" \/>\n<meta property=\"og:type\" content=\"article\" \/>\n<meta property=\"og:title\" content=\"Crecimiento Personal - Superaci\u00f3n personal\" \/>\n<meta property=\"og:description\" content=\"La importancia de la Superaci\u00f3n Personal Por qu\u00e9 llorar es sano y necesario para tu crecimiento personal C\u00f3mo superar las 3 inseguridades m\u00e1s comunes Porqu\u00e9 escribir un diario (y c\u00f3mo empezar el tuyo) 4 Maneras de usar la envidia para el crecimiento personal 17 Preguntas que te inspirar\u00e1n a cambiar tu vida 7 Pensamientos negativos que te impiden a avanzar Estos 6 pensamientos son t\u00f3xicos, pero mucha gente piensa que son normales 8 H\u00e1bitos muy t\u00f3xicos que drenan tu energ\u00eda 8 Personalidades t\u00f3xicas que viven en ti (y que deber\u00edas evitar) Recuerda estas 10 cosas cuando creas que no eres\" \/>\n<meta property=\"og:url\" content=\"https:\/\/www.euroresidentes.com\/estilo-de-vida\/superacion-personal\/crecimiento-persona.html\" \/>\n<meta property=\"og:site_name\" content=\"Superaci\u00f3n personal\" \/>\n<meta property=\"article:publisher\" content=\"https:\/\/www.facebook.com\/sentir.bien.euroresidentes\/\" \/>\n<meta property=\"article:modified_time\" content=\"2016-02-16T08:24:34+00:00\" \/>\n<meta name=\"twitter:card\" content=\"summary_large_image\" \/>\n<meta name=\"twitter:site\" content=\"@sentirbien\" \/>\n<meta name=\"twitter:label1\" content=\"Est. reading time\" \/>\n\t<meta name=\"twitter:data1\" content=\"2 minutos\" \/>\n<script type=\"application\/ld+json\" class=\"yoast-schema-graph\">{\"@context\":\"https:\/\/schema.org\",\"@graph\":[{\"@type\":\"WebPage\",\"@id\":\"https:\/\/www.euroresidentes.com\/estilo-de-vida\/superacion-personal\/crecimiento-persona.html\",\"url\":\"https:\/\/www.euroresidentes.com\/estilo-de-vida\/superacion-personal\/crecimiento-persona.html\",\"name\":\"Crecimiento Personal - Superaci\u00f3n personal\",\"isPartOf\":{\"@id\":\"https:\/\/www.euroresidentes.com\/estilo-de-vida\/superacion-personal\/#website\"},\"datePublished\":\"2015-11-06T13:38:00+00:00\",\"dateModified\":\"2016-02-16T08:24:34+00:00\",\"breadcrumb\":{\"@id\":\"https:\/\/www.euroresidentes.com\/estilo-de-vida\/superacion-personal\/crecimiento-persona.html#breadcrumb\"},\"inLanguage\":\"es\",\"potentialAction\":[{\"@type\":\"ReadAction\",\"target\":[\"https:\/\/www.euroresidentes.com\/estilo-de-vida\/superacion-personal\/crecimiento-persona.html\"]}]},{\"@type\":\"BreadcrumbList\",\"@id\":\"https:\/\/www.euroresidentes.com\/estilo-de-vida\/superacion-personal\/crecimiento-persona.html#breadcrumb\",\"itemListElement\":[{\"@type\":\"ListItem\",\"position\":1,\"name\":\"Portada\",\"item\":\"https:\/\/www.euroresidentes.com\/estilo-de-vida\/superacion-personal\/\"},{\"@type\":\"ListItem\",\"position\":2,\"name\":\"Crecimiento Personal\"}]},{\"@type\":\"WebSite\",\"@id\":\"https:\/\/www.euroresidentes.com\/estilo-de-vida\/superacion-personal\/#website\",\"url\":\"https:\/\/www.euroresidentes.com\/estilo-de-vida\/superacion-personal\/\",\"name\":\"Superaci\u00f3n personal\",\"description\":\"Consejos de superaci\u00f3n personal\",\"potentialAction\":[{\"@type\":\"SearchAction\",\"target\":{\"@type\":\"EntryPoint\",\"urlTemplate\":\"https:\/\/www.euroresidentes.com\/estilo-de-vida\/superacion-personal\/?s={search_term_string}\"},\"query-input\":{\"@type\":\"PropertyValueSpecification\",\"valueRequired\":true,\"valueName\":\"search_term_string\"}}],\"inLanguage\":\"es\"}]}<\/script>\n<!-- \/ Yoast SEO plugin. -->","yoast_head_json":{"title":"Crecimiento Personal - Superaci\u00f3n personal","robots":{"index":"index","follow":"follow","max-snippet":"max-snippet:-1","max-image-preview":"max-image-preview:large","max-video-preview":"max-video-preview:-1"},"canonical":"https:\/\/www.euroresidentes.com\/estilo-de-vida\/superacion-personal\/crecimiento-persona.html","og_locale":"es_ES","og_type":"article","og_title":"Crecimiento Personal - Superaci\u00f3n personal","og_description":"La importancia de la Superaci\u00f3n Personal Por qu\u00e9 llorar es sano y necesario para tu crecimiento personal C\u00f3mo superar las 3 inseguridades m\u00e1s comunes Porqu\u00e9 escribir un diario (y c\u00f3mo empezar el tuyo) 4 Maneras de usar la envidia para el crecimiento personal 17 Preguntas que te inspirar\u00e1n a cambiar tu vida 7 Pensamientos negativos que te impiden a avanzar Estos 6 pensamientos son t\u00f3xicos, pero mucha gente piensa que son normales 8 H\u00e1bitos muy t\u00f3xicos que drenan tu energ\u00eda 8 Personalidades t\u00f3xicas que viven en ti (y que deber\u00edas evitar) Recuerda estas 10 cosas cuando creas que no eres","og_url":"https:\/\/www.euroresidentes.com\/estilo-de-vida\/superacion-personal\/crecimiento-persona.html","og_site_name":"Superaci\u00f3n personal","article_publisher":"https:\/\/www.facebook.com\/sentir.bien.euroresidentes\/","article_modified_time":"2016-02-16T08:24:34+00:00","twitter_card":"summary_large_image","twitter_site":"@sentirbien","twitter_misc":{"Est. reading time":"2 minutos"},"schema":{"@context":"https:\/\/schema.org","@graph":[{"@type":"WebPage","@id":"https:\/\/www.euroresidentes.com\/estilo-de-vida\/superacion-personal\/crecimiento-persona.html","url":"https:\/\/www.euroresidentes.com\/estilo-de-vida\/superacion-personal\/crecimiento-persona.html","name":"Crecimiento Personal - Superaci\u00f3n personal","isPartOf":{"@id":"https:\/\/www.euroresidentes.com\/estilo-de-vida\/superacion-personal\/#website"},"datePublished":"2015-11-06T13:38:00+00:00","dateModified":"2016-02-16T08:24:34+00:00","breadcrumb":{"@id":"https:\/\/www.euroresidentes.com\/estilo-de-vida\/superacion-personal\/crecimiento-persona.html#breadcrumb"},"inLanguage":"es","potentialAction":[{"@type":"ReadAction","target":["https:\/\/www.euroresidentes.com\/estilo-de-vida\/superacion-personal\/crecimiento-persona.html"]}]},{"@type":"BreadcrumbList","@id":"https:\/\/www.euroresidentes.com\/estilo-de-vida\/superacion-personal\/crecimiento-persona.html#breadcrumb","itemListElement":[{"@type":"ListItem","position":1,"name":"Portada","item":"https:\/\/www.euroresidentes.com\/estilo-de-vida\/superacion-personal\/"},{"@type":"ListItem","position":2,"name":"Crecimiento Personal"}]},{"@type":"WebSite","@id":"https:\/\/www.euroresidentes.com\/estilo-de-vida\/superacion-personal\/#website","url":"https:\/\/www.euroresidentes.com\/estilo-de-vida\/superacion-personal\/","name":"Superaci\u00f3n personal","description":"Consejos de superaci\u00f3n personal","potentialAction":[{"@type":"SearchAction","target":{"@type":"EntryPoint","urlTemplate":"https:\/\/www.euroresidentes.com\/estilo-de-vida\/superacion-personal\/?s={search_term_string}"},"query-input":{"@type":"PropertyValueSpecification","valueRequired":true,"valueName":"search_term_string"}}],"inLanguage":"es"}]}},"_links":{"self":[{"href":"https:\/\/www.euroresidentes.com\/estilo-de-vida\/superacion-personal\/wp-json\/wp\/v2\/pages\/406","targetHints":{"allow":["GET"]}}],"collection":[{"href":"https:\/\/www.euroresidentes.com\/estilo-de-vida\/superacion-personal\/wp-json\/wp\/v2\/pages"}],"about":[{"href":"https:\/\/www.euroresidentes.com\/estilo-de-vida\/superacion-personal\/wp-json\/wp\/v2\/types\/page"}],"author":[{"embeddable":true,"href":"https:\/\/www.euroresidentes.com\/estilo-de-vida\/superacion-personal\/wp-json\/wp\/v2\/users\/11"}],"replies":[{"embeddable":true,"href":"https:\/\/www.euroresidentes.com\/estilo-de-vida\/superacion-personal\/wp-json\/wp\/v2\/comments?post=406"}],"version-history":[{"count":2,"href":"https:\/\/www.euroresidentes.com\/estilo-de-vida\/superacion-personal\/wp-json\/wp\/v2\/pages\/406\/revisions"}],"predecessor-version":[{"id":5544,"href":"https:\/\/www.euroresidentes.com\/estilo-de-vida\/superacion-personal\/wp-json\/wp\/v2\/pages\/406\/revisions\/5544"}],"wp:attachment":[{"href":"https:\/\/www.euroresidentes.com\/estilo-de-vida\/superacion-personal\/wp-json\/wp\/v2\/media?parent=406"}],"curies":[{"name":"wp","href":"https:\/\/api.w.org\/{rel}","templated":true}]}}