{"id":449,"date":"2014-10-15T10:47:00","date_gmt":"2014-10-15T10:47:00","guid":{"rendered":"http:\/\/www.euroresidentes.com\/estilo-de-vida\/sentir-bien\/autora-de-sentir-bien-andrea-mendez"},"modified":"2016-02-16T08:22:16","modified_gmt":"2016-02-16T08:22:16","slug":"autora-de-sentir-bien-andrea-mendez","status":"publish","type":"page","link":"https:\/\/www.euroresidentes.com\/estilo-de-vida\/sentir-bien\/autora-de-sentir-bien-andrea-mendez.html","title":{"rendered":"Autora de Sentir Bien: Andrea M\u00e9ndez Moll\u00e1"},"content":{"rendered":"<div class=\"separator\" style=\"clear: both; text-align: center;\"><a style=\"clear: right; float: right; margin-bottom: 1em; margin-left: 1em;\" href=\"http:\/\/4.bp.blogspot.com\/-SF2y1lPxiTE\/UIPNG2pI2eI\/AAAAAAAAFVg\/Js072N7F_dA\/s1600\/Picture0019.jpg\"><img loading=\"lazy\" decoding=\"async\" src=\"https:\/\/www.euroresidentes.com\/estilo-de-vida\/sentir-bien\/wp-content\/uploads\/sites\/7\/2014\/10\/Picture0019.jpg\" alt=\"\" width=\"320\" height=\"240\" border=\"0\" \/><\/a><\/div>\n<div style=\"background-color: white; color: #222222; font-variant: normal; font-weight: normal; letter-spacing: normal; line-height: normal; orphans: 2; text-align: start; text-indent: 0px; text-transform: none; white-space: normal; widows: 2; word-spacing: 0px;\">\u00a1Hola!<br \/>\nMi nombre es Andrea M\u00e9ndez Moll\u00e1.<br \/>\nComplet\u00e9 el Grado de Psicolog\u00eda en Valencia (Espa\u00f1a) entre los a\u00f1os 2009 y 2013.<br \/>\nRealic\u00e9 mis pr\u00e1cticas profesionales en el centro m\u00e9dico<i> Cl\u00ednicas Universitarias <\/i>en Valencia en la Secci\u00f3n de Psicopatolog\u00eda Adulta. Ofrezco asistencia y terapias a pacientes adultos que sufren diversos tipos y grados de trastorno\/s psicol\u00f3gico\/s.<\/div>\n<div style=\"background-color: white; color: #222222; font-style: normal; font-variant: normal; font-weight: normal; letter-spacing: normal; line-height: normal; orphans: 2; text-align: start; text-indent: 0px; text-transform: none; white-space: normal; widows: 2; word-spacing: 0px;\"><\/div>\n<div style=\"background-color: white; color: #222222; font-style: normal; font-variant: normal; font-weight: normal; letter-spacing: normal; line-height: normal; orphans: 2; text-align: start; text-indent: 0px; text-transform: none; white-space: normal; widows: 2; word-spacing: 0px;\">La Psicolog\u00eda es una ciencia, pero con m\u00faltiples saberes. La Criminolog\u00eda es algo que siempre me ha encantado. De hecho, estudi\u00e9 Psicolog\u00eda como pretexto para la Criminolog\u00eda. Sin embargo, la experiencia me ha ense\u00f1ado que no debemos cerrarnos puertas ni centrarnos \u00fanicamente en algo. Me encanta la Criminolog\u00eda, pero creo que puedo aportar m\u00e1s cosas a gente que lo necesita de otra manera. Soy de las que creen en un mundo justo e igualitario y por ello, lucho en favor de esa idea. No creo que ning\u00fan ser vivo deba sufrir y luchar\u00e9 con mi conocimiento y mis manos para que as\u00ed sea.<\/div>\n<div style=\"background-color: white; color: #222222; font-style: normal; font-variant: normal; font-weight: normal; letter-spacing: normal; line-height: normal; orphans: 2; text-align: start; text-indent: 0px; text-transform: none; white-space: normal; widows: 2; word-spacing: 0px;\"><\/div>\n<div style=\"background-color: white; font-style: normal; font-variant: normal; letter-spacing: normal; line-height: normal; orphans: 2; text-align: start; text-indent: 0px; text-transform: none; white-space: normal; widows: 2; word-spacing: 0px;\">\n<b>Entre mis aficiones se encuentran:\u00a0<\/b><\/div>\n<div style=\"background-color: white; font-style: normal; font-variant: normal; letter-spacing: normal; line-height: normal; orphans: 2; text-align: start; text-indent: 0px; text-transform: none; white-space: normal; widows: 2; word-spacing: 0px;\">\n<ul style=\"color: #222222; font-weight: normal;\">\n<li>Leer<\/li>\n<li>Dar largos paseos<\/li>\n<li>El cine<\/li>\n<li>Estudiar todo aquello que tiene que ver con la Psicolog\u00eda y el funcionamiento humano.<\/li>\n<li>Simplemente observar la naturaleza durante horas.<\/li>\n<li>La filosof\u00eda. Conversar acerca del funcionamiento del mundo y las sociedades.<\/li>\n<\/ul>\n<div style=\"color: #222222; font-weight: normal;\">\nDicen de m\u00ed \u00a0que soy extremadamente perfeccionista y auto- exigente.<\/div>\n<div style=\"color: #222222; font-weight: normal;\">Yo quitar\u00eda el \u00abauto\u00bb; soy exigente por naturaleza. De hecho, una de las frases que m\u00e1s me digo a mi misma es: \u00abDebo porque puedo\u00bb. Me ayuda a no salirme de mi camino y evita que me entretenga con cosas banales.<\/div>\n<p><b>\u00bfReligi\u00f3n?\u00a0<\/b><\/p>\n<div style=\"color: #222222; font-weight: normal;\">S\u00ed, una. Las personas. Creo en ellas por encima de todo.<\/div>\n<div style=\"color: #222222; font-weight: normal;\"><\/div>\n<div style=\"color: #222222; font-weight: normal;\"><\/div>\n<p><b>\u00bfUna frase? <\/b>Mejor un di\u00e1logo.<\/p>\n<div style=\"color: #222222; font-weight: normal;\">&#8211; \u00bfY c\u00f3mo sabes que lo que est\u00e1s haciendo es lo correcto? \u00bfC\u00f3mo sabes que ese es tu camino? \u00bfC\u00f3mo sabes que es eso lo que te va a llevar a tus metas?<\/div>\n<div style=\"color: #222222; font-weight: normal;\">&#8211; No s\u00e9 d\u00f3nde me llevar\u00e1, tampoco s\u00e9 hasta d\u00f3nde llegar\u00e9. Pero s\u00e9 que voy en el camino correcto, porque es el camino del amor.<\/div>\n<div style=\"color: #222222; font-weight: normal;\"><\/div>\n<\/div>\n<p><b>S\u00edgueme en:\u00a0<\/b><\/p>\n<ul>\n<li><a href=\"https:\/\/www.facebook.com\/sentirbien?ref=hl\" target=\"_blank\">Facebook<\/a><\/li>\n<li><a href=\"https:\/\/twitter.com\/motivaylidera\" target=\"_blank\">Twitter<\/a><\/li>\n<li><a href=\"https:\/\/plus.google.com\/u\/0\/115989568645689891897\/posts\" target=\"_blank\">Google+<\/a><\/li>\n<li><a href=\"http:\/\/es.linkedin.com\/pub\/andrea-m%C3%A9ndez-moll%C3%A1\/43\/a2b\/711\/\" target=\"_blank\">LinkedIn<\/a><\/li>\n<\/ul>\n<div><\/div>\n<div>Para todas las novedades de Motivaci\u00f3n, Superaci\u00f3n Personal, Liderazgo, Sentir Bien y Adolescentes no te pierdas\u00a0<a style=\"background-color: white; color: #33aaff; font-family: Arial, Helvetica, sans-serif; line-height: 19.5999984741211px; text-decoration: none;\" href=\"https:\/\/www.euroresidentes.com\/salud\/desarrollo_personal_y_psicologia_de_la_motivacion_y_del_liderazgo.html\" target=\"_blank\">mi nueva p\u00e1gina<\/a><\/div>\n","protected":false},"excerpt":{"rendered":"<p>\u00a1Hola! Mi nombre es Andrea M\u00e9ndez Moll\u00e1. Complet\u00e9 el Grado de Psicolog\u00eda en Valencia (Espa\u00f1a) entre los a\u00f1os 2009 y 2013. Realic\u00e9 mis pr\u00e1cticas profesionales en el centro m\u00e9dico Cl\u00ednicas Universitarias en Valencia en la Secci\u00f3n de Psicopatolog\u00eda Adulta. Ofrezco asistencia y terapias a pacientes adultos que sufren diversos tipos y grados de trastorno\/s psicol\u00f3gico\/s. La Psicolog\u00eda es una ciencia, pero con m\u00faltiples saberes. La Criminolog\u00eda es algo que siempre me ha encantado. De hecho, estudi\u00e9 Psicolog\u00eda como pretexto para la Criminolog\u00eda. Sin embargo, la experiencia me ha ense\u00f1ado que no debemos cerrarnos puertas ni centrarnos \u00fanicamente en algo. Me <\/p>\n","protected":false},"author":1,"featured_media":0,"parent":0,"menu_order":0,"comment_status":"closed","ping_status":"closed","template":"","meta":{"footnotes":""},"class_list":["post-449","page","type-page","status-publish","hentry"],"yoast_head":"<!-- This site is optimized with the Yoast SEO plugin v24.1 - https:\/\/yoast.com\/wordpress\/plugins\/seo\/ -->\n<title>Autora de Sentir Bien: Andrea M\u00e9ndez Moll\u00e1 - Sentir bien<\/title>\n<meta name=\"robots\" content=\"index, follow, max-snippet:-1, max-image-preview:large, max-video-preview:-1\" \/>\n<link rel=\"canonical\" href=\"https:\/\/www.euroresidentes.com\/estilo-de-vida\/sentir-bien\/autora-de-sentir-bien-andrea-mendez.html\" \/>\n<meta property=\"og:locale\" content=\"es_ES\" \/>\n<meta property=\"og:type\" content=\"article\" \/>\n<meta property=\"og:title\" content=\"Autora de Sentir Bien: Andrea M\u00e9ndez Moll\u00e1 - Sentir bien\" \/>\n<meta property=\"og:description\" content=\"\u00a1Hola! Mi nombre es Andrea M\u00e9ndez Moll\u00e1. Complet\u00e9 el Grado de Psicolog\u00eda en Valencia (Espa\u00f1a) entre los a\u00f1os 2009 y 2013. Realic\u00e9 mis pr\u00e1cticas profesionales en el centro m\u00e9dico Cl\u00ednicas Universitarias en Valencia en la Secci\u00f3n de Psicopatolog\u00eda Adulta. Ofrezco asistencia y terapias a pacientes adultos que sufren diversos tipos y grados de trastorno\/s psicol\u00f3gico\/s. La Psicolog\u00eda es una ciencia, pero con m\u00faltiples saberes. La Criminolog\u00eda es algo que siempre me ha encantado. De hecho, estudi\u00e9 Psicolog\u00eda como pretexto para la Criminolog\u00eda. Sin embargo, la experiencia me ha ense\u00f1ado que no debemos cerrarnos puertas ni centrarnos \u00fanicamente en algo. Me\" \/>\n<meta property=\"og:url\" content=\"https:\/\/www.euroresidentes.com\/estilo-de-vida\/sentir-bien\/autora-de-sentir-bien-andrea-mendez.html\" \/>\n<meta property=\"og:site_name\" content=\"Sentir bien\" \/>\n<meta property=\"article:publisher\" content=\"https:\/\/www.facebook.com\/sentir.bien.euroresidentes\/\" \/>\n<meta property=\"article:modified_time\" content=\"2016-02-16T08:22:16+00:00\" \/>\n<meta property=\"og:image\" content=\"https:\/\/www.euroresidentes.com\/estilo-de-vida\/sentir-bien\/wp-content\/uploads\/sites\/7\/2014\/10\/Picture0019.jpg\" \/>\n<meta name=\"twitter:card\" content=\"summary_large_image\" \/>\n<meta name=\"twitter:site\" content=\"@sentirbien\" \/>\n<meta name=\"twitter:label1\" content=\"Est. reading time\" \/>\n\t<meta name=\"twitter:data1\" content=\"2 minutos\" \/>\n<script type=\"application\/ld+json\" class=\"yoast-schema-graph\">{\"@context\":\"https:\/\/schema.org\",\"@graph\":[{\"@type\":\"WebPage\",\"@id\":\"https:\/\/www.euroresidentes.com\/estilo-de-vida\/sentir-bien\/autora-de-sentir-bien-andrea-mendez.html\",\"url\":\"https:\/\/www.euroresidentes.com\/estilo-de-vida\/sentir-bien\/autora-de-sentir-bien-andrea-mendez.html\",\"name\":\"Autora de Sentir Bien: Andrea M\u00e9ndez Moll\u00e1 - Sentir bien\",\"isPartOf\":{\"@id\":\"https:\/\/www.euroresidentes.com\/estilo-de-vida\/sentir-bien\/#website\"},\"primaryImageOfPage\":{\"@id\":\"https:\/\/www.euroresidentes.com\/estilo-de-vida\/sentir-bien\/autora-de-sentir-bien-andrea-mendez.html#primaryimage\"},\"image\":{\"@id\":\"https:\/\/www.euroresidentes.com\/estilo-de-vida\/sentir-bien\/autora-de-sentir-bien-andrea-mendez.html#primaryimage\"},\"thumbnailUrl\":\"https:\/\/www.euroresidentes.com\/estilo-de-vida\/sentir-bien\/wp-content\/uploads\/sites\/7\/2014\/10\/Picture0019.jpg\",\"datePublished\":\"2014-10-15T10:47:00+00:00\",\"dateModified\":\"2016-02-16T08:22:16+00:00\",\"breadcrumb\":{\"@id\":\"https:\/\/www.euroresidentes.com\/estilo-de-vida\/sentir-bien\/autora-de-sentir-bien-andrea-mendez.html#breadcrumb\"},\"inLanguage\":\"es\",\"potentialAction\":[{\"@type\":\"ReadAction\",\"target\":[\"https:\/\/www.euroresidentes.com\/estilo-de-vida\/sentir-bien\/autora-de-sentir-bien-andrea-mendez.html\"]}]},{\"@type\":\"ImageObject\",\"inLanguage\":\"es\",\"@id\":\"https:\/\/www.euroresidentes.com\/estilo-de-vida\/sentir-bien\/autora-de-sentir-bien-andrea-mendez.html#primaryimage\",\"url\":\"https:\/\/www.euroresidentes.com\/estilo-de-vida\/sentir-bien\/wp-content\/uploads\/sites\/7\/2014\/10\/Picture0019.jpg\",\"contentUrl\":\"https:\/\/www.euroresidentes.com\/estilo-de-vida\/sentir-bien\/wp-content\/uploads\/sites\/7\/2014\/10\/Picture0019.jpg\",\"width\":320,\"height\":240},{\"@type\":\"BreadcrumbList\",\"@id\":\"https:\/\/www.euroresidentes.com\/estilo-de-vida\/sentir-bien\/autora-de-sentir-bien-andrea-mendez.html#breadcrumb\",\"itemListElement\":[{\"@type\":\"ListItem\",\"position\":1,\"name\":\"Portada\",\"item\":\"https:\/\/www.euroresidentes.com\/estilo-de-vida\/sentir-bien\/\"},{\"@type\":\"ListItem\",\"position\":2,\"name\":\"Autora de Sentir Bien: Andrea M\u00e9ndez Moll\u00e1\"}]},{\"@type\":\"WebSite\",\"@id\":\"https:\/\/www.euroresidentes.com\/estilo-de-vida\/sentir-bien\/#website\",\"url\":\"https:\/\/www.euroresidentes.com\/estilo-de-vida\/sentir-bien\/\",\"name\":\"Sentir bien\",\"description\":\"Consejos para sentirse bien y mejorar la autoestima\",\"potentialAction\":[{\"@type\":\"SearchAction\",\"target\":{\"@type\":\"EntryPoint\",\"urlTemplate\":\"https:\/\/www.euroresidentes.com\/estilo-de-vida\/sentir-bien\/?s={search_term_string}\"},\"query-input\":{\"@type\":\"PropertyValueSpecification\",\"valueRequired\":true,\"valueName\":\"search_term_string\"}}],\"inLanguage\":\"es\"}]}<\/script>\n<!-- \/ Yoast SEO plugin. -->","yoast_head_json":{"title":"Autora de Sentir Bien: Andrea M\u00e9ndez Moll\u00e1 - Sentir bien","robots":{"index":"index","follow":"follow","max-snippet":"max-snippet:-1","max-image-preview":"max-image-preview:large","max-video-preview":"max-video-preview:-1"},"canonical":"https:\/\/www.euroresidentes.com\/estilo-de-vida\/sentir-bien\/autora-de-sentir-bien-andrea-mendez.html","og_locale":"es_ES","og_type":"article","og_title":"Autora de Sentir Bien: Andrea M\u00e9ndez Moll\u00e1 - Sentir bien","og_description":"\u00a1Hola! Mi nombre es Andrea M\u00e9ndez Moll\u00e1. Complet\u00e9 el Grado de Psicolog\u00eda en Valencia (Espa\u00f1a) entre los a\u00f1os 2009 y 2013. Realic\u00e9 mis pr\u00e1cticas profesionales en el centro m\u00e9dico Cl\u00ednicas Universitarias en Valencia en la Secci\u00f3n de Psicopatolog\u00eda Adulta. Ofrezco asistencia y terapias a pacientes adultos que sufren diversos tipos y grados de trastorno\/s psicol\u00f3gico\/s. La Psicolog\u00eda es una ciencia, pero con m\u00faltiples saberes. La Criminolog\u00eda es algo que siempre me ha encantado. De hecho, estudi\u00e9 Psicolog\u00eda como pretexto para la Criminolog\u00eda. Sin embargo, la experiencia me ha ense\u00f1ado que no debemos cerrarnos puertas ni centrarnos \u00fanicamente en algo. Me","og_url":"https:\/\/www.euroresidentes.com\/estilo-de-vida\/sentir-bien\/autora-de-sentir-bien-andrea-mendez.html","og_site_name":"Sentir bien","article_publisher":"https:\/\/www.facebook.com\/sentir.bien.euroresidentes\/","article_modified_time":"2016-02-16T08:22:16+00:00","og_image":[{"url":"https:\/\/www.euroresidentes.com\/estilo-de-vida\/sentir-bien\/wp-content\/uploads\/sites\/7\/2014\/10\/Picture0019.jpg","type":"","width":"","height":""}],"twitter_card":"summary_large_image","twitter_site":"@sentirbien","twitter_misc":{"Est. reading time":"2 minutos"},"schema":{"@context":"https:\/\/schema.org","@graph":[{"@type":"WebPage","@id":"https:\/\/www.euroresidentes.com\/estilo-de-vida\/sentir-bien\/autora-de-sentir-bien-andrea-mendez.html","url":"https:\/\/www.euroresidentes.com\/estilo-de-vida\/sentir-bien\/autora-de-sentir-bien-andrea-mendez.html","name":"Autora de Sentir Bien: Andrea M\u00e9ndez Moll\u00e1 - Sentir bien","isPartOf":{"@id":"https:\/\/www.euroresidentes.com\/estilo-de-vida\/sentir-bien\/#website"},"primaryImageOfPage":{"@id":"https:\/\/www.euroresidentes.com\/estilo-de-vida\/sentir-bien\/autora-de-sentir-bien-andrea-mendez.html#primaryimage"},"image":{"@id":"https:\/\/www.euroresidentes.com\/estilo-de-vida\/sentir-bien\/autora-de-sentir-bien-andrea-mendez.html#primaryimage"},"thumbnailUrl":"https:\/\/www.euroresidentes.com\/estilo-de-vida\/sentir-bien\/wp-content\/uploads\/sites\/7\/2014\/10\/Picture0019.jpg","datePublished":"2014-10-15T10:47:00+00:00","dateModified":"2016-02-16T08:22:16+00:00","breadcrumb":{"@id":"https:\/\/www.euroresidentes.com\/estilo-de-vida\/sentir-bien\/autora-de-sentir-bien-andrea-mendez.html#breadcrumb"},"inLanguage":"es","potentialAction":[{"@type":"ReadAction","target":["https:\/\/www.euroresidentes.com\/estilo-de-vida\/sentir-bien\/autora-de-sentir-bien-andrea-mendez.html"]}]},{"@type":"ImageObject","inLanguage":"es","@id":"https:\/\/www.euroresidentes.com\/estilo-de-vida\/sentir-bien\/autora-de-sentir-bien-andrea-mendez.html#primaryimage","url":"https:\/\/www.euroresidentes.com\/estilo-de-vida\/sentir-bien\/wp-content\/uploads\/sites\/7\/2014\/10\/Picture0019.jpg","contentUrl":"https:\/\/www.euroresidentes.com\/estilo-de-vida\/sentir-bien\/wp-content\/uploads\/sites\/7\/2014\/10\/Picture0019.jpg","width":320,"height":240},{"@type":"BreadcrumbList","@id":"https:\/\/www.euroresidentes.com\/estilo-de-vida\/sentir-bien\/autora-de-sentir-bien-andrea-mendez.html#breadcrumb","itemListElement":[{"@type":"ListItem","position":1,"name":"Portada","item":"https:\/\/www.euroresidentes.com\/estilo-de-vida\/sentir-bien\/"},{"@type":"ListItem","position":2,"name":"Autora de Sentir Bien: Andrea M\u00e9ndez Moll\u00e1"}]},{"@type":"WebSite","@id":"https:\/\/www.euroresidentes.com\/estilo-de-vida\/sentir-bien\/#website","url":"https:\/\/www.euroresidentes.com\/estilo-de-vida\/sentir-bien\/","name":"Sentir bien","description":"Consejos para sentirse bien y mejorar la autoestima","potentialAction":[{"@type":"SearchAction","target":{"@type":"EntryPoint","urlTemplate":"https:\/\/www.euroresidentes.com\/estilo-de-vida\/sentir-bien\/?s={search_term_string}"},"query-input":{"@type":"PropertyValueSpecification","valueRequired":true,"valueName":"search_term_string"}}],"inLanguage":"es"}]}},"_links":{"self":[{"href":"https:\/\/www.euroresidentes.com\/estilo-de-vida\/sentir-bien\/wp-json\/wp\/v2\/pages\/449","targetHints":{"allow":["GET"]}}],"collection":[{"href":"https:\/\/www.euroresidentes.com\/estilo-de-vida\/sentir-bien\/wp-json\/wp\/v2\/pages"}],"about":[{"href":"https:\/\/www.euroresidentes.com\/estilo-de-vida\/sentir-bien\/wp-json\/wp\/v2\/types\/page"}],"author":[{"embeddable":true,"href":"https:\/\/www.euroresidentes.com\/estilo-de-vida\/sentir-bien\/wp-json\/wp\/v2\/users\/1"}],"replies":[{"embeddable":true,"href":"https:\/\/www.euroresidentes.com\/estilo-de-vida\/sentir-bien\/wp-json\/wp\/v2\/comments?post=449"}],"version-history":[{"count":2,"href":"https:\/\/www.euroresidentes.com\/estilo-de-vida\/sentir-bien\/wp-json\/wp\/v2\/pages\/449\/revisions"}],"predecessor-version":[{"id":5439,"href":"https:\/\/www.euroresidentes.com\/estilo-de-vida\/sentir-bien\/wp-json\/wp\/v2\/pages\/449\/revisions\/5439"}],"wp:attachment":[{"href":"https:\/\/www.euroresidentes.com\/estilo-de-vida\/sentir-bien\/wp-json\/wp\/v2\/media?parent=449"}],"curies":[{"name":"wp","href":"https:\/\/api.w.org\/{rel}","templated":true}]}}