{"id":448,"date":"2015-05-11T13:07:00","date_gmt":"2015-05-11T13:07:00","guid":{"rendered":"http:\/\/www.euroresidentes.com\/estilo-de-vida\/sentir-bien\/ayudar"},"modified":"2016-02-16T08:22:22","modified_gmt":"2016-02-16T08:22:22","slug":"ayudar","status":"publish","type":"page","link":"https:\/\/www.euroresidentes.com\/estilo-de-vida\/sentir-bien\/ayudar.html","title":{"rendered":"Ayudar"},"content":{"rendered":"<p>&nbsp;<\/p>\n<div class=\"separator\" style=\"clear: both; text-align: center;\"><a style=\"clear: right; float: right; margin-bottom: 1em; margin-left: 1em;\" href=\"https:\/\/www.euroresidentes.com\/estilo-de-vida\/sentir-bien\/wp-content\/uploads\/sites\/7\/2015\/05\/ayudar.jpg\"><img loading=\"lazy\" decoding=\"async\" style=\"cursor: move;\" src=\"https:\/\/www.euroresidentes.com\/estilo-de-vida\/sentir-bien\/wp-content\/uploads\/sites\/7\/2015\/05\/ayudar.jpg\" alt=\"\" width=\"200\" height=\"121\" border=\"0\" \/><\/a><\/div>\n<ul>\n<li><b><a href=\"http:\/\/sentir-bien.euroresidentes.com\/2013\/07\/como-ayudar-un-adicto.html\" target=\"_blank\">C\u00f3mo ayudar a un adicto<\/a><\/b><\/li>\n<li><b><a href=\"http:\/\/sentir-bien.euroresidentes.com\/2013\/07\/ayudar-los-demas.html\" target=\"_blank\">Ayudar a los dem\u00e1s<\/a><\/b><\/li>\n<li><b><a href=\"http:\/\/sentir-bien.euroresidentes.com\/2013\/04\/como-ayudar-alguien-con-depresion.html\" target=\"_blank\">C\u00f3mo ayudar a alguien con Depresi\u00f3n<\/a><\/b><\/li>\n<li><b><a href=\"http:\/\/sentir-bien.euroresidentes.com\/2015\/05\/9-claves-para-ayudar-una-persona-con.html\">9 Claves para ayudar a una persona con Depresi\u00f3n<\/a><\/b><\/li>\n<li><b><a href=\"http:\/\/sentir-bien.euroresidentes.com\/2013\/07\/como-prevenir-el-bullying.html\" target=\"_blank\">C\u00f3mo prevenir el bullying<\/a><\/b><\/li>\n<li><b><a href=\"http:\/\/sentir-bien.euroresidentes.com\/2015\/01\/alzheimer-sintomas-de-estres-y-burnout.html\" target=\"_blank\">Alzheimer: S\u00edntomas de estr\u00e9s y burnout en cuidadores<\/a><\/b><\/li>\n<\/ul>\n<div><b>\u00a0<\/b><\/div>\n","protected":false},"excerpt":{"rendered":"<p>&nbsp; C\u00f3mo ayudar a un adicto Ayudar a los dem\u00e1s C\u00f3mo ayudar a alguien con Depresi\u00f3n 9 Claves para ayudar a una persona con Depresi\u00f3n C\u00f3mo prevenir el bullying Alzheimer: S\u00edntomas de estr\u00e9s y burnout en cuidadores \u00a0<\/p>\n","protected":false},"author":1,"featured_media":0,"parent":0,"menu_order":0,"comment_status":"closed","ping_status":"closed","template":"","meta":{"footnotes":""},"class_list":["post-448","page","type-page","status-publish","hentry"],"yoast_head":"<!-- This site is optimized with the Yoast SEO plugin v24.1 - https:\/\/yoast.com\/wordpress\/plugins\/seo\/ -->\n<title>Ayudar - Sentir bien<\/title>\n<meta name=\"robots\" content=\"index, follow, max-snippet:-1, max-image-preview:large, max-video-preview:-1\" \/>\n<link rel=\"canonical\" href=\"https:\/\/www.euroresidentes.com\/estilo-de-vida\/sentir-bien\/ayudar.html\" \/>\n<meta property=\"og:locale\" content=\"es_ES\" \/>\n<meta property=\"og:type\" content=\"article\" \/>\n<meta property=\"og:title\" content=\"Ayudar - Sentir bien\" \/>\n<meta property=\"og:description\" content=\"&nbsp; C\u00f3mo ayudar a un adicto Ayudar a los dem\u00e1s C\u00f3mo ayudar a alguien con Depresi\u00f3n 9 Claves para ayudar a una persona con Depresi\u00f3n C\u00f3mo prevenir el bullying Alzheimer: S\u00edntomas de estr\u00e9s y burnout en cuidadores \u00a0\" \/>\n<meta property=\"og:url\" content=\"https:\/\/www.euroresidentes.com\/estilo-de-vida\/sentir-bien\/ayudar.html\" \/>\n<meta property=\"og:site_name\" content=\"Sentir bien\" \/>\n<meta property=\"article:publisher\" content=\"https:\/\/www.facebook.com\/sentir.bien.euroresidentes\/\" \/>\n<meta property=\"article:modified_time\" content=\"2016-02-16T08:22:22+00:00\" \/>\n<meta property=\"og:image\" content=\"https:\/\/www.euroresidentes.com\/estilo-de-vida\/sentir-bien\/wp-content\/uploads\/sites\/7\/2015\/05\/ayudar.jpg\" \/>\n<meta name=\"twitter:card\" content=\"summary_large_image\" \/>\n<meta name=\"twitter:site\" content=\"@sentirbien\" \/>\n<script type=\"application\/ld+json\" class=\"yoast-schema-graph\">{\"@context\":\"https:\/\/schema.org\",\"@graph\":[{\"@type\":\"WebPage\",\"@id\":\"https:\/\/www.euroresidentes.com\/estilo-de-vida\/sentir-bien\/ayudar.html\",\"url\":\"https:\/\/www.euroresidentes.com\/estilo-de-vida\/sentir-bien\/ayudar.html\",\"name\":\"Ayudar - Sentir bien\",\"isPartOf\":{\"@id\":\"https:\/\/www.euroresidentes.com\/estilo-de-vida\/sentir-bien\/#website\"},\"primaryImageOfPage\":{\"@id\":\"https:\/\/www.euroresidentes.com\/estilo-de-vida\/sentir-bien\/ayudar.html#primaryimage\"},\"image\":{\"@id\":\"https:\/\/www.euroresidentes.com\/estilo-de-vida\/sentir-bien\/ayudar.html#primaryimage\"},\"thumbnailUrl\":\"https:\/\/www.euroresidentes.com\/estilo-de-vida\/sentir-bien\/wp-content\/uploads\/sites\/7\/2015\/05\/ayudar.jpg\",\"datePublished\":\"2015-05-11T13:07:00+00:00\",\"dateModified\":\"2016-02-16T08:22:22+00:00\",\"breadcrumb\":{\"@id\":\"https:\/\/www.euroresidentes.com\/estilo-de-vida\/sentir-bien\/ayudar.html#breadcrumb\"},\"inLanguage\":\"es\",\"potentialAction\":[{\"@type\":\"ReadAction\",\"target\":[\"https:\/\/www.euroresidentes.com\/estilo-de-vida\/sentir-bien\/ayudar.html\"]}]},{\"@type\":\"ImageObject\",\"inLanguage\":\"es\",\"@id\":\"https:\/\/www.euroresidentes.com\/estilo-de-vida\/sentir-bien\/ayudar.html#primaryimage\",\"url\":\"https:\/\/www.euroresidentes.com\/estilo-de-vida\/sentir-bien\/wp-content\/uploads\/sites\/7\/2015\/05\/ayudar.jpg\",\"contentUrl\":\"https:\/\/www.euroresidentes.com\/estilo-de-vida\/sentir-bien\/wp-content\/uploads\/sites\/7\/2015\/05\/ayudar.jpg\"},{\"@type\":\"BreadcrumbList\",\"@id\":\"https:\/\/www.euroresidentes.com\/estilo-de-vida\/sentir-bien\/ayudar.html#breadcrumb\",\"itemListElement\":[{\"@type\":\"ListItem\",\"position\":1,\"name\":\"Portada\",\"item\":\"https:\/\/www.euroresidentes.com\/estilo-de-vida\/sentir-bien\/\"},{\"@type\":\"ListItem\",\"position\":2,\"name\":\"Ayudar\"}]},{\"@type\":\"WebSite\",\"@id\":\"https:\/\/www.euroresidentes.com\/estilo-de-vida\/sentir-bien\/#website\",\"url\":\"https:\/\/www.euroresidentes.com\/estilo-de-vida\/sentir-bien\/\",\"name\":\"Sentir bien\",\"description\":\"Consejos para sentirse bien y mejorar la autoestima\",\"potentialAction\":[{\"@type\":\"SearchAction\",\"target\":{\"@type\":\"EntryPoint\",\"urlTemplate\":\"https:\/\/www.euroresidentes.com\/estilo-de-vida\/sentir-bien\/?s={search_term_string}\"},\"query-input\":{\"@type\":\"PropertyValueSpecification\",\"valueRequired\":true,\"valueName\":\"search_term_string\"}}],\"inLanguage\":\"es\"}]}<\/script>\n<!-- \/ Yoast SEO plugin. -->","yoast_head_json":{"title":"Ayudar - Sentir bien","robots":{"index":"index","follow":"follow","max-snippet":"max-snippet:-1","max-image-preview":"max-image-preview:large","max-video-preview":"max-video-preview:-1"},"canonical":"https:\/\/www.euroresidentes.com\/estilo-de-vida\/sentir-bien\/ayudar.html","og_locale":"es_ES","og_type":"article","og_title":"Ayudar - Sentir bien","og_description":"&nbsp; C\u00f3mo ayudar a un adicto Ayudar a los dem\u00e1s C\u00f3mo ayudar a alguien con Depresi\u00f3n 9 Claves para ayudar a una persona con Depresi\u00f3n C\u00f3mo prevenir el bullying Alzheimer: S\u00edntomas de estr\u00e9s y burnout en cuidadores \u00a0","og_url":"https:\/\/www.euroresidentes.com\/estilo-de-vida\/sentir-bien\/ayudar.html","og_site_name":"Sentir bien","article_publisher":"https:\/\/www.facebook.com\/sentir.bien.euroresidentes\/","article_modified_time":"2016-02-16T08:22:22+00:00","og_image":[{"url":"https:\/\/www.euroresidentes.com\/estilo-de-vida\/sentir-bien\/wp-content\/uploads\/sites\/7\/2015\/05\/ayudar.jpg","type":"","width":"","height":""}],"twitter_card":"summary_large_image","twitter_site":"@sentirbien","schema":{"@context":"https:\/\/schema.org","@graph":[{"@type":"WebPage","@id":"https:\/\/www.euroresidentes.com\/estilo-de-vida\/sentir-bien\/ayudar.html","url":"https:\/\/www.euroresidentes.com\/estilo-de-vida\/sentir-bien\/ayudar.html","name":"Ayudar - Sentir bien","isPartOf":{"@id":"https:\/\/www.euroresidentes.com\/estilo-de-vida\/sentir-bien\/#website"},"primaryImageOfPage":{"@id":"https:\/\/www.euroresidentes.com\/estilo-de-vida\/sentir-bien\/ayudar.html#primaryimage"},"image":{"@id":"https:\/\/www.euroresidentes.com\/estilo-de-vida\/sentir-bien\/ayudar.html#primaryimage"},"thumbnailUrl":"https:\/\/www.euroresidentes.com\/estilo-de-vida\/sentir-bien\/wp-content\/uploads\/sites\/7\/2015\/05\/ayudar.jpg","datePublished":"2015-05-11T13:07:00+00:00","dateModified":"2016-02-16T08:22:22+00:00","breadcrumb":{"@id":"https:\/\/www.euroresidentes.com\/estilo-de-vida\/sentir-bien\/ayudar.html#breadcrumb"},"inLanguage":"es","potentialAction":[{"@type":"ReadAction","target":["https:\/\/www.euroresidentes.com\/estilo-de-vida\/sentir-bien\/ayudar.html"]}]},{"@type":"ImageObject","inLanguage":"es","@id":"https:\/\/www.euroresidentes.com\/estilo-de-vida\/sentir-bien\/ayudar.html#primaryimage","url":"https:\/\/www.euroresidentes.com\/estilo-de-vida\/sentir-bien\/wp-content\/uploads\/sites\/7\/2015\/05\/ayudar.jpg","contentUrl":"https:\/\/www.euroresidentes.com\/estilo-de-vida\/sentir-bien\/wp-content\/uploads\/sites\/7\/2015\/05\/ayudar.jpg"},{"@type":"BreadcrumbList","@id":"https:\/\/www.euroresidentes.com\/estilo-de-vida\/sentir-bien\/ayudar.html#breadcrumb","itemListElement":[{"@type":"ListItem","position":1,"name":"Portada","item":"https:\/\/www.euroresidentes.com\/estilo-de-vida\/sentir-bien\/"},{"@type":"ListItem","position":2,"name":"Ayudar"}]},{"@type":"WebSite","@id":"https:\/\/www.euroresidentes.com\/estilo-de-vida\/sentir-bien\/#website","url":"https:\/\/www.euroresidentes.com\/estilo-de-vida\/sentir-bien\/","name":"Sentir bien","description":"Consejos para sentirse bien y mejorar la autoestima","potentialAction":[{"@type":"SearchAction","target":{"@type":"EntryPoint","urlTemplate":"https:\/\/www.euroresidentes.com\/estilo-de-vida\/sentir-bien\/?s={search_term_string}"},"query-input":{"@type":"PropertyValueSpecification","valueRequired":true,"valueName":"search_term_string"}}],"inLanguage":"es"}]}},"_links":{"self":[{"href":"https:\/\/www.euroresidentes.com\/estilo-de-vida\/sentir-bien\/wp-json\/wp\/v2\/pages\/448","targetHints":{"allow":["GET"]}}],"collection":[{"href":"https:\/\/www.euroresidentes.com\/estilo-de-vida\/sentir-bien\/wp-json\/wp\/v2\/pages"}],"about":[{"href":"https:\/\/www.euroresidentes.com\/estilo-de-vida\/sentir-bien\/wp-json\/wp\/v2\/types\/page"}],"author":[{"embeddable":true,"href":"https:\/\/www.euroresidentes.com\/estilo-de-vida\/sentir-bien\/wp-json\/wp\/v2\/users\/1"}],"replies":[{"embeddable":true,"href":"https:\/\/www.euroresidentes.com\/estilo-de-vida\/sentir-bien\/wp-json\/wp\/v2\/comments?post=448"}],"version-history":[{"count":2,"href":"https:\/\/www.euroresidentes.com\/estilo-de-vida\/sentir-bien\/wp-json\/wp\/v2\/pages\/448\/revisions"}],"predecessor-version":[{"id":5440,"href":"https:\/\/www.euroresidentes.com\/estilo-de-vida\/sentir-bien\/wp-json\/wp\/v2\/pages\/448\/revisions\/5440"}],"wp:attachment":[{"href":"https:\/\/www.euroresidentes.com\/estilo-de-vida\/sentir-bien\/wp-json\/wp\/v2\/media?parent=448"}],"curies":[{"name":"wp","href":"https:\/\/api.w.org\/{rel}","templated":true}]}}