{"id":444,"date":"2015-11-12T14:26:00","date_gmt":"2015-11-12T14:26:00","guid":{"rendered":"http:\/\/www.euroresidentes.com\/estilo-de-vida\/sentir-bien\/pareja"},"modified":"2016-02-16T08:22:31","modified_gmt":"2016-02-16T08:22:31","slug":"pareja","status":"publish","type":"page","link":"https:\/\/www.euroresidentes.com\/estilo-de-vida\/sentir-bien\/pareja.html","title":{"rendered":"Pareja"},"content":{"rendered":"<p><a style=\"clear: right; float: right; margin-bottom: 1em; margin-left: 1em;\" href=\"https:\/\/www.euroresidentes.com\/estilo-de-vida\/sentir-bien\/wp-content\/uploads\/sites\/7\/2015\/11\/amores.jpg\"><img loading=\"lazy\" decoding=\"async\" src=\"https:\/\/www.euroresidentes.com\/estilo-de-vida\/sentir-bien\/wp-content\/uploads\/sites\/7\/2015\/11\/amores.jpg\" alt=\"\" width=\"200\" height=\"132\" border=\"0\" \/><\/a><\/p>\n<ul>\n<li><b><a href=\"http:\/\/sentir-bien.euroresidentes.com\/2015\/07\/si-aceptas-mi-locura-podremos-tener-una.html\" target=\"_blank\">Si aceptas mi locura podremos tener una relaci\u00f3n exitosa<\/a><\/b><\/li>\n<li><a href=\"http:\/\/sentir-bien.euroresidentes.com\/2015\/09\/el-sexo-no-es-la-unica-forma-de-ser.html\"><b>El sexo no es la \u00fanica forma de ser infiel a tu pareja actualmente<\/b><\/a><\/li>\n<li><b><a href=\"http:\/\/sentir-bien.euroresidentes.com\/2015\/07\/sobrevive-las-vacaciones-en-pareja.html\">Sobrevive a las vacaciones en pareja<\/a><\/b><\/li>\n<li><b><a href=\"http:\/\/sentir-bien.euroresidentes.com\/2015\/04\/15-cosas-que-todo-el-mundo-que-ame-una.html\" target=\"_blank\">15 Cosas que todo el mundo que ame a una persona ansiosa deber\u00eda saber<\/a><\/b><\/li>\n<li><b><a href=\"http:\/\/sentir-bien.euroresidentes.com\/2012\/07\/sentirse-amado.html\" target=\"_blank\">Sentirse Amado<\/a><\/b><\/li>\n<li><a href=\"http:\/\/sentir-bien.euroresidentes.com\/2014\/03\/hablemos-de-celos.html\" target=\"_blank\"><b>Hablemos de celos<\/b><\/a><\/li>\n<li><a href=\"http:\/\/sentir-bien.euroresidentes.com\/2012\/08\/como-no-sentir-celos.html\" target=\"_blank\"><b>C\u00f3mo no sentir celos<\/b><\/a><\/li>\n<li><a href=\"http:\/\/sentir-bien.euroresidentes.com\/2014\/02\/como-superar-celos.html\" target=\"_blank\"><b>C\u00f3mo superar los celos<\/b><\/a><\/li>\n<li><a href=\"http:\/\/sentir-bien.euroresidentes.com\/2014\/03\/como-saber-si-mis-celos-son-patologicos.html\" target=\"_blank\"><b>C\u00f3mo saber si mis celos son patol\u00f3gicos<\/b><\/a><\/li>\n<li><a href=\"http:\/\/sentir-bien.euroresidentes.com\/2012\/09\/cuando-un-amor-no-puede-ser.html\" target=\"_blank\"><b>Cuando un amor no puede ser<\/b><\/a><\/li>\n<li><b><a href=\"http:\/\/sentir-bien.euroresidentes.com\/2014\/05\/evita-estos-9-habitos-que-destruyen-tu.html\" target=\"_blank\">9 h\u00e1bitos que destruyen tu relaci\u00f3n<\/a><\/b><\/li>\n<li><a href=\"http:\/\/sentir-bien.euroresidentes.com\/2015\/11\/mujeres-cuanto-mas-inteligente-seais.html\"><b>Mujeres, cuanto m\u00e1s inteligente se\u00e1is, mayor probabilidad de quedaros solteras<\/b><\/a><\/li>\n<li><b><a href=\"http:\/\/sentir-bien.euroresidentes.com\/2015\/09\/el-amor-no-deberia-limitarte-deberia.html\" target=\"_blank\">El amor no deber\u00eda limitarte. Deber\u00eda ser tu excusa para ser libre<\/a><\/b><\/li>\n<li><a href=\"http:\/\/sentir-bien.euroresidentes.com\/2014\/12\/12-cosas-recordar-si-amas-una-persona.html\" target=\"_blank\"><b>12 Cosas a recordar si amas a una persona ansiosa<\/b><\/a><\/li>\n<li><b><a href=\"http:\/\/sentir-bien.euroresidentes.com\/2013\/10\/como-confiar-en-tu-pareja.html\" target=\"_blank\">C\u00f3mo confiar en tu pareja<\/a><\/b><\/li>\n<li><a href=\"http:\/\/sentir-bien.euroresidentes.com\/2014\/07\/5-tipos-de-confianza-que-toda-pareja.html\" target=\"_blank\"><b>5 Tipos de confianza que toda pareja necesita<\/b><\/a><\/li>\n<li><a href=\"http:\/\/sentir-bien.euroresidentes.com\/2014\/06\/como-desarrollar-la-autoconfianza-en.html\" target=\"_blank\"><b>C\u00f3mo desarrollar la Autoconfianza en una relaci\u00f3n<\/b><\/a><\/li>\n<li><b><a href=\"http:\/\/sentir-bien.euroresidentes.com\/2014\/02\/como-superar-una-infidelidad-de-tu.html\" target=\"_blank\">C\u00f3mo superar una infidelidad<\/a><\/b><\/li>\n<li><a href=\"http:\/\/sentir-bien.euroresidentes.com\/2014\/07\/las-5-fases-necesarias-para-superar-una.html\" target=\"_blank\"><b>Las 5 fases necesarias para superar una ruptura<\/b><\/a><\/li>\n<li><b><a href=\"http:\/\/sentir-bien.euroresidentes.com\/2014\/04\/10-habitos-de-las-parejas-felices.html\" target=\"_blank\">10 h\u00e1bitos de las parejas felices<\/a><\/b><\/li>\n<li><a href=\"http:\/\/sentir-bien.euroresidentes.com\/2015\/11\/sabes-que-estas-enamorado-cuando-casa.html\"><b>Sabes que estas enamorado cuando casa se convierte en una persona, y no en un lugar<\/b><\/a><\/li>\n<li><b><a href=\"http:\/\/sentir-bien.euroresidentes.com\/2014\/06\/7-hechos-cientificos-que-no-sabias-de.html\" target=\"_blank\">7 hechos cient\u00edficos que no sab\u00edas de las parejas felices<\/a><\/b><\/li>\n<li><a href=\"http:\/\/sentir-bien.euroresidentes.com\/2015\/02\/9-formas-de-mejorar-tu-relacion-de.html\" target=\"_blank\"><b>9 Formas de mejorar tu relaci\u00f3n de pareja usando la ciencia<\/b><\/a><\/li>\n<li><b><a href=\"http:\/\/sentir-bien.euroresidentes.com\/2014\/07\/10-mitos-sobre-la-sexualidad-totalmente.html\" target=\"_blank\">10 Mitos sobre la sexualidad totalmente falsos<\/a><\/b><\/li>\n<li><b><a href=\"http:\/\/sentir-bien.euroresidentes.com\/2014\/07\/38-preguntas-que-podrian-cambiar-tu.html\" target=\"_blank\">38 Preguntas que podr\u00edan cambiar tu relaci\u00f3n<\/a><\/b><\/li>\n<li><b><a href=\"http:\/\/sentir-bien.euroresidentes.com\/2014\/08\/6-bonitas-lecciones-que-puedes-aprender.html\" target=\"_blank\">6 Bonitas lecciones que puedes aprender de una relaci\u00f3n fallida<\/a><\/b><\/li>\n<li><b><a href=\"http:\/\/sentir-bien.euroresidentes.com\/2015\/05\/10-razones-por-las-que-algunas-personas.html\" target=\"\">10 Razones por las que algunas personas nunca duran en las relaciones<\/a><\/b><\/li>\n<li><a href=\"http:\/\/sentir-bien.euroresidentes.com\/2015\/06\/3-consejos-de-parejas-que-llevan-mas-de.html\" target=\"_blank\"><b>3 Consejos de parejas que llevan m\u00e1s de 50 a\u00f1os casados<\/b><\/a><\/li>\n<li><b><a href=\"http:\/\/sentir-bien.euroresidentes.com\/2014\/09\/el-amor-no-entiende-de-edad-de-sexo-o.html\" target=\"_blank\">El amor no entiende de edad, sexo o raza..el amor es simplemente incondicional<\/a><\/b><\/li>\n<li><a href=\"http:\/\/sentir-bien.euroresidentes.com\/2015\/10\/el-verdadero-amor-no-es-algo-que.html\"><b>El verdadero amor no es algo que encuentras, es algo que construyes<\/b><\/a><\/li>\n<\/ul>\n<div><\/div>\n<div><\/div>\n<div><\/div>\n","protected":false},"excerpt":{"rendered":"<p>Si aceptas mi locura podremos tener una relaci\u00f3n exitosa El sexo no es la \u00fanica forma de ser infiel a tu pareja actualmente Sobrevive a las vacaciones en pareja 15 Cosas que todo el mundo que ame a una persona ansiosa deber\u00eda saber Sentirse Amado Hablemos de celos C\u00f3mo no sentir celos C\u00f3mo superar los celos C\u00f3mo saber si mis celos son patol\u00f3gicos Cuando un amor no puede ser 9 h\u00e1bitos que destruyen tu relaci\u00f3n Mujeres, cuanto m\u00e1s inteligente se\u00e1is, mayor probabilidad de quedaros solteras El amor no deber\u00eda limitarte. Deber\u00eda ser tu excusa para ser libre 12 Cosas a <\/p>\n","protected":false},"author":1,"featured_media":0,"parent":0,"menu_order":0,"comment_status":"closed","ping_status":"closed","template":"","meta":{"footnotes":""},"class_list":["post-444","page","type-page","status-publish","hentry"],"yoast_head":"<!-- This site is optimized with the Yoast SEO plugin v24.1 - https:\/\/yoast.com\/wordpress\/plugins\/seo\/ -->\n<title>Pareja - Sentir bien<\/title>\n<meta name=\"robots\" content=\"index, follow, max-snippet:-1, max-image-preview:large, max-video-preview:-1\" \/>\n<link rel=\"canonical\" href=\"https:\/\/www.euroresidentes.com\/estilo-de-vida\/sentir-bien\/pareja.html\" \/>\n<meta property=\"og:locale\" content=\"es_ES\" \/>\n<meta property=\"og:type\" content=\"article\" \/>\n<meta property=\"og:title\" content=\"Pareja - Sentir bien\" \/>\n<meta property=\"og:description\" content=\"Si aceptas mi locura podremos tener una relaci\u00f3n exitosa El sexo no es la \u00fanica forma de ser infiel a tu pareja actualmente Sobrevive a las vacaciones en pareja 15 Cosas que todo el mundo que ame a una persona ansiosa deber\u00eda saber Sentirse Amado Hablemos de celos C\u00f3mo no sentir celos C\u00f3mo superar los celos C\u00f3mo saber si mis celos son patol\u00f3gicos Cuando un amor no puede ser 9 h\u00e1bitos que destruyen tu relaci\u00f3n Mujeres, cuanto m\u00e1s inteligente se\u00e1is, mayor probabilidad de quedaros solteras El amor no deber\u00eda limitarte. Deber\u00eda ser tu excusa para ser libre 12 Cosas a\" \/>\n<meta property=\"og:url\" content=\"https:\/\/www.euroresidentes.com\/estilo-de-vida\/sentir-bien\/pareja.html\" \/>\n<meta property=\"og:site_name\" content=\"Sentir bien\" \/>\n<meta property=\"article:publisher\" content=\"https:\/\/www.facebook.com\/sentir.bien.euroresidentes\/\" \/>\n<meta property=\"article:modified_time\" content=\"2016-02-16T08:22:31+00:00\" \/>\n<meta property=\"og:image\" content=\"https:\/\/www.euroresidentes.com\/estilo-de-vida\/sentir-bien\/wp-content\/uploads\/sites\/7\/2015\/11\/amores.jpg\" \/>\n<meta name=\"twitter:card\" content=\"summary_large_image\" \/>\n<meta name=\"twitter:site\" content=\"@sentirbien\" \/>\n<meta name=\"twitter:label1\" content=\"Est. reading time\" \/>\n\t<meta name=\"twitter:data1\" content=\"1 minuto\" \/>\n<script type=\"application\/ld+json\" class=\"yoast-schema-graph\">{\"@context\":\"https:\/\/schema.org\",\"@graph\":[{\"@type\":\"WebPage\",\"@id\":\"https:\/\/www.euroresidentes.com\/estilo-de-vida\/sentir-bien\/pareja.html\",\"url\":\"https:\/\/www.euroresidentes.com\/estilo-de-vida\/sentir-bien\/pareja.html\",\"name\":\"Pareja - Sentir bien\",\"isPartOf\":{\"@id\":\"https:\/\/www.euroresidentes.com\/estilo-de-vida\/sentir-bien\/#website\"},\"primaryImageOfPage\":{\"@id\":\"https:\/\/www.euroresidentes.com\/estilo-de-vida\/sentir-bien\/pareja.html#primaryimage\"},\"image\":{\"@id\":\"https:\/\/www.euroresidentes.com\/estilo-de-vida\/sentir-bien\/pareja.html#primaryimage\"},\"thumbnailUrl\":\"https:\/\/www.euroresidentes.com\/estilo-de-vida\/sentir-bien\/wp-content\/uploads\/sites\/7\/2015\/11\/amores.jpg\",\"datePublished\":\"2015-11-12T14:26:00+00:00\",\"dateModified\":\"2016-02-16T08:22:31+00:00\",\"breadcrumb\":{\"@id\":\"https:\/\/www.euroresidentes.com\/estilo-de-vida\/sentir-bien\/pareja.html#breadcrumb\"},\"inLanguage\":\"es\",\"potentialAction\":[{\"@type\":\"ReadAction\",\"target\":[\"https:\/\/www.euroresidentes.com\/estilo-de-vida\/sentir-bien\/pareja.html\"]}]},{\"@type\":\"ImageObject\",\"inLanguage\":\"es\",\"@id\":\"https:\/\/www.euroresidentes.com\/estilo-de-vida\/sentir-bien\/pareja.html#primaryimage\",\"url\":\"https:\/\/www.euroresidentes.com\/estilo-de-vida\/sentir-bien\/wp-content\/uploads\/sites\/7\/2015\/11\/amores.jpg\",\"contentUrl\":\"https:\/\/www.euroresidentes.com\/estilo-de-vida\/sentir-bien\/wp-content\/uploads\/sites\/7\/2015\/11\/amores.jpg\"},{\"@type\":\"BreadcrumbList\",\"@id\":\"https:\/\/www.euroresidentes.com\/estilo-de-vida\/sentir-bien\/pareja.html#breadcrumb\",\"itemListElement\":[{\"@type\":\"ListItem\",\"position\":1,\"name\":\"Portada\",\"item\":\"https:\/\/www.euroresidentes.com\/estilo-de-vida\/sentir-bien\/\"},{\"@type\":\"ListItem\",\"position\":2,\"name\":\"Pareja\"}]},{\"@type\":\"WebSite\",\"@id\":\"https:\/\/www.euroresidentes.com\/estilo-de-vida\/sentir-bien\/#website\",\"url\":\"https:\/\/www.euroresidentes.com\/estilo-de-vida\/sentir-bien\/\",\"name\":\"Sentir bien\",\"description\":\"Consejos para sentirse bien y mejorar la autoestima\",\"potentialAction\":[{\"@type\":\"SearchAction\",\"target\":{\"@type\":\"EntryPoint\",\"urlTemplate\":\"https:\/\/www.euroresidentes.com\/estilo-de-vida\/sentir-bien\/?s={search_term_string}\"},\"query-input\":{\"@type\":\"PropertyValueSpecification\",\"valueRequired\":true,\"valueName\":\"search_term_string\"}}],\"inLanguage\":\"es\"}]}<\/script>\n<!-- \/ Yoast SEO plugin. -->","yoast_head_json":{"title":"Pareja - Sentir bien","robots":{"index":"index","follow":"follow","max-snippet":"max-snippet:-1","max-image-preview":"max-image-preview:large","max-video-preview":"max-video-preview:-1"},"canonical":"https:\/\/www.euroresidentes.com\/estilo-de-vida\/sentir-bien\/pareja.html","og_locale":"es_ES","og_type":"article","og_title":"Pareja - Sentir bien","og_description":"Si aceptas mi locura podremos tener una relaci\u00f3n exitosa El sexo no es la \u00fanica forma de ser infiel a tu pareja actualmente Sobrevive a las vacaciones en pareja 15 Cosas que todo el mundo que ame a una persona ansiosa deber\u00eda saber Sentirse Amado Hablemos de celos C\u00f3mo no sentir celos C\u00f3mo superar los celos C\u00f3mo saber si mis celos son patol\u00f3gicos Cuando un amor no puede ser 9 h\u00e1bitos que destruyen tu relaci\u00f3n Mujeres, cuanto m\u00e1s inteligente se\u00e1is, mayor probabilidad de quedaros solteras El amor no deber\u00eda limitarte. Deber\u00eda ser tu excusa para ser libre 12 Cosas a","og_url":"https:\/\/www.euroresidentes.com\/estilo-de-vida\/sentir-bien\/pareja.html","og_site_name":"Sentir bien","article_publisher":"https:\/\/www.facebook.com\/sentir.bien.euroresidentes\/","article_modified_time":"2016-02-16T08:22:31+00:00","og_image":[{"url":"https:\/\/www.euroresidentes.com\/estilo-de-vida\/sentir-bien\/wp-content\/uploads\/sites\/7\/2015\/11\/amores.jpg","type":"","width":"","height":""}],"twitter_card":"summary_large_image","twitter_site":"@sentirbien","twitter_misc":{"Est. reading time":"1 minuto"},"schema":{"@context":"https:\/\/schema.org","@graph":[{"@type":"WebPage","@id":"https:\/\/www.euroresidentes.com\/estilo-de-vida\/sentir-bien\/pareja.html","url":"https:\/\/www.euroresidentes.com\/estilo-de-vida\/sentir-bien\/pareja.html","name":"Pareja - Sentir bien","isPartOf":{"@id":"https:\/\/www.euroresidentes.com\/estilo-de-vida\/sentir-bien\/#website"},"primaryImageOfPage":{"@id":"https:\/\/www.euroresidentes.com\/estilo-de-vida\/sentir-bien\/pareja.html#primaryimage"},"image":{"@id":"https:\/\/www.euroresidentes.com\/estilo-de-vida\/sentir-bien\/pareja.html#primaryimage"},"thumbnailUrl":"https:\/\/www.euroresidentes.com\/estilo-de-vida\/sentir-bien\/wp-content\/uploads\/sites\/7\/2015\/11\/amores.jpg","datePublished":"2015-11-12T14:26:00+00:00","dateModified":"2016-02-16T08:22:31+00:00","breadcrumb":{"@id":"https:\/\/www.euroresidentes.com\/estilo-de-vida\/sentir-bien\/pareja.html#breadcrumb"},"inLanguage":"es","potentialAction":[{"@type":"ReadAction","target":["https:\/\/www.euroresidentes.com\/estilo-de-vida\/sentir-bien\/pareja.html"]}]},{"@type":"ImageObject","inLanguage":"es","@id":"https:\/\/www.euroresidentes.com\/estilo-de-vida\/sentir-bien\/pareja.html#primaryimage","url":"https:\/\/www.euroresidentes.com\/estilo-de-vida\/sentir-bien\/wp-content\/uploads\/sites\/7\/2015\/11\/amores.jpg","contentUrl":"https:\/\/www.euroresidentes.com\/estilo-de-vida\/sentir-bien\/wp-content\/uploads\/sites\/7\/2015\/11\/amores.jpg"},{"@type":"BreadcrumbList","@id":"https:\/\/www.euroresidentes.com\/estilo-de-vida\/sentir-bien\/pareja.html#breadcrumb","itemListElement":[{"@type":"ListItem","position":1,"name":"Portada","item":"https:\/\/www.euroresidentes.com\/estilo-de-vida\/sentir-bien\/"},{"@type":"ListItem","position":2,"name":"Pareja"}]},{"@type":"WebSite","@id":"https:\/\/www.euroresidentes.com\/estilo-de-vida\/sentir-bien\/#website","url":"https:\/\/www.euroresidentes.com\/estilo-de-vida\/sentir-bien\/","name":"Sentir bien","description":"Consejos para sentirse bien y mejorar la autoestima","potentialAction":[{"@type":"SearchAction","target":{"@type":"EntryPoint","urlTemplate":"https:\/\/www.euroresidentes.com\/estilo-de-vida\/sentir-bien\/?s={search_term_string}"},"query-input":{"@type":"PropertyValueSpecification","valueRequired":true,"valueName":"search_term_string"}}],"inLanguage":"es"}]}},"_links":{"self":[{"href":"https:\/\/www.euroresidentes.com\/estilo-de-vida\/sentir-bien\/wp-json\/wp\/v2\/pages\/444","targetHints":{"allow":["GET"]}}],"collection":[{"href":"https:\/\/www.euroresidentes.com\/estilo-de-vida\/sentir-bien\/wp-json\/wp\/v2\/pages"}],"about":[{"href":"https:\/\/www.euroresidentes.com\/estilo-de-vida\/sentir-bien\/wp-json\/wp\/v2\/types\/page"}],"author":[{"embeddable":true,"href":"https:\/\/www.euroresidentes.com\/estilo-de-vida\/sentir-bien\/wp-json\/wp\/v2\/users\/1"}],"replies":[{"embeddable":true,"href":"https:\/\/www.euroresidentes.com\/estilo-de-vida\/sentir-bien\/wp-json\/wp\/v2\/comments?post=444"}],"version-history":[{"count":2,"href":"https:\/\/www.euroresidentes.com\/estilo-de-vida\/sentir-bien\/wp-json\/wp\/v2\/pages\/444\/revisions"}],"predecessor-version":[{"id":5442,"href":"https:\/\/www.euroresidentes.com\/estilo-de-vida\/sentir-bien\/wp-json\/wp\/v2\/pages\/444\/revisions\/5442"}],"wp:attachment":[{"href":"https:\/\/www.euroresidentes.com\/estilo-de-vida\/sentir-bien\/wp-json\/wp\/v2\/media?parent=444"}],"curies":[{"name":"wp","href":"https:\/\/api.w.org\/{rel}","templated":true}]}}