{"id":2510,"date":"2014-05-28T18:30:00","date_gmt":"2014-05-28T16:30:00","guid":{"rendered":"http:\/\/www.euroresidentes.com\/estilo-de-vida\/moda-estilo\/autora-del-blo.html"},"modified":"2016-12-19T13:44:22","modified_gmt":"2016-12-19T12:44:22","slug":"autora-del-blo","status":"publish","type":"page","link":"https:\/\/www.euroresidentes.com\/estilo-de-vida\/moda-estilo\/autora-del-blo.html","title":{"rendered":"Carolina L\u00f3pez"},"content":{"rendered":"<div class=\"separator\" style=\"clear: both; text-align: center;\">\n<a href=\"https:\/\/www.euroresidentes.com\/estilo-de-vida\/moda-estilo\/wp-content\/uploads\/sites\/15\/2014\/05\/carolina.jpg\" imageanchor=\"1\" style=\"margin-left: 1em; margin-right: 1em;\"><img loading=\"lazy\" decoding=\"async\" border=\"0\" src=\"https:\/\/www.euroresidentes.com\/estilo-de-vida\/moda-estilo\/wp-content\/uploads\/sites\/15\/2014\/05\/carolina.jpg\" height=\"266\" width=\"400\" \/><\/a><\/div>\n<div style=\"text-align: center;\">\n<\/div>\n<div style=\"text-align: center;\">\n<\/div>\n<div style=\"text-align: center;\">\n8 Cosas sobre mi<\/div>\n<p>1. Compagino mis estudios de Publicidad y RR.PP en la Universidad de Alicante, con el titulo de Patronista en la Escuela de Dise\u00f1o y Patronaje Virma<br \/>\n<\/p>\n<div>\n<\/div>\n<div>\n2. Me encanta meterme en la cama a las 10, para poder estar fresca como una lechuga a las 7 de la ma\u00f1ana<\/p>\n<p>3. Si fuera un animal ser\u00eda un topo o un perro, o una mezcla<\/p>\n<p>4. Lo que m\u00e1s me divierte del mundo es coser e Ibiza<\/p>\n<p>5. Mi queso favorito es el emmental y soy fan incondicional de todo lo que salga de la mente y las manos de Woody Allen<\/p>\n<p>6. Soy incapaz de escuchar Bohemian Rhapsody y no llorar<\/p>\n<p>7. Me encanta estar sola en casa y bailar. \u00a1Ah! Y hacer deporte, sola<\/p>\n<\/div>\n<div>\n8. De mayor quiero ser Uma Thurman en Kill Bill, (con mono amarillo incluido)<\/div>\n<div>\n<\/div>\n<div>\n<\/div>\n<p>\nSitios donde leerme:<\/p>\n<p><a href=\"http:\/\/moda-joven.estudiantes.info\/\">MODA JOVEN,<\/a> estudiante.info<br \/>\n<a href=\"http:\/\/peluqueria-estetica.estudiantes.info\/\">PELUQUER\u00cdA Y EST\u00c9TICA JOVEN<\/a>, estudiantes.info<br \/>\n<a href=\"http:\/\/diseno-confeccion.estudiantes.info\/\">DISE\u00d1O Y CONFECCION,<\/a> estudiantes.info<\/p>\n","protected":false},"excerpt":{"rendered":"<p>8 Cosas sobre mi 1. Compagino mis estudios de Publicidad y RR.PP en la Universidad de Alicante, con el titulo de Patronista en la Escuela de Dise\u00f1o y Patronaje Virma 2. Me encanta meterme en la cama a las 10, para poder estar fresca como una lechuga a las 7 de la ma\u00f1ana 3. Si fuera un animal ser\u00eda un topo o un perro, o una mezcla 4. Lo que m\u00e1s me divierte del mundo es coser e Ibiza 5. Mi queso favorito es el emmental y soy fan incondicional de todo lo que salga de la mente y las <\/p>\n","protected":false},"author":16,"featured_media":0,"parent":0,"menu_order":0,"comment_status":"closed","ping_status":"closed","template":"","meta":{"footnotes":""},"class_list":["post-2510","page","type-page","status-publish","hentry"],"yoast_head":"<!-- This site is optimized with the Yoast SEO plugin v24.1 - https:\/\/yoast.com\/wordpress\/plugins\/seo\/ -->\n<title>Carolina L\u00f3pez - Moda y estilo<\/title>\n<meta name=\"robots\" content=\"index, follow, max-snippet:-1, max-image-preview:large, max-video-preview:-1\" \/>\n<link rel=\"canonical\" href=\"https:\/\/www.euroresidentes.com\/estilo-de-vida\/moda-estilo\/autora-del-blo.html\" \/>\n<meta property=\"og:locale\" content=\"es_ES\" \/>\n<meta property=\"og:type\" content=\"article\" \/>\n<meta property=\"og:title\" content=\"Carolina L\u00f3pez - Moda y estilo\" \/>\n<meta property=\"og:description\" content=\"8 Cosas sobre mi 1. Compagino mis estudios de Publicidad y RR.PP en la Universidad de Alicante, con el titulo de Patronista en la Escuela de Dise\u00f1o y Patronaje Virma 2. Me encanta meterme en la cama a las 10, para poder estar fresca como una lechuga a las 7 de la ma\u00f1ana 3. Si fuera un animal ser\u00eda un topo o un perro, o una mezcla 4. Lo que m\u00e1s me divierte del mundo es coser e Ibiza 5. Mi queso favorito es el emmental y soy fan incondicional de todo lo que salga de la mente y las\" \/>\n<meta property=\"og:url\" content=\"https:\/\/www.euroresidentes.com\/estilo-de-vida\/moda-estilo\/autora-del-blo.html\" \/>\n<meta property=\"og:site_name\" content=\"Moda y estilo\" \/>\n<meta property=\"article:publisher\" content=\"https:\/\/www.facebook.com\/euroresidentes\/\" \/>\n<meta property=\"article:modified_time\" content=\"2016-12-19T12:44:22+00:00\" \/>\n<meta property=\"og:image\" content=\"https:\/\/www.euroresidentes.com\/estilo-de-vida\/moda-estilo\/wp-content\/uploads\/sites\/15\/2014\/05\/carolina.jpg\" \/>\n<meta name=\"twitter:card\" content=\"summary_large_image\" \/>\n<meta name=\"twitter:label1\" content=\"Est. reading time\" \/>\n\t<meta name=\"twitter:data1\" content=\"1 minuto\" \/>\n<script type=\"application\/ld+json\" class=\"yoast-schema-graph\">{\"@context\":\"https:\/\/schema.org\",\"@graph\":[{\"@type\":\"WebPage\",\"@id\":\"https:\/\/www.euroresidentes.com\/estilo-de-vida\/moda-estilo\/autora-del-blo.html\",\"url\":\"https:\/\/www.euroresidentes.com\/estilo-de-vida\/moda-estilo\/autora-del-blo.html\",\"name\":\"Carolina L\u00f3pez - Moda y estilo\",\"isPartOf\":{\"@id\":\"https:\/\/www.euroresidentes.com\/estilo-de-vida\/moda-estilo\/#website\"},\"primaryImageOfPage\":{\"@id\":\"https:\/\/www.euroresidentes.com\/estilo-de-vida\/moda-estilo\/autora-del-blo.html#primaryimage\"},\"image\":{\"@id\":\"https:\/\/www.euroresidentes.com\/estilo-de-vida\/moda-estilo\/autora-del-blo.html#primaryimage\"},\"thumbnailUrl\":\"https:\/\/www.euroresidentes.com\/estilo-de-vida\/moda-estilo\/wp-content\/uploads\/sites\/15\/2014\/05\/carolina.jpg\",\"datePublished\":\"2014-05-28T16:30:00+00:00\",\"dateModified\":\"2016-12-19T12:44:22+00:00\",\"breadcrumb\":{\"@id\":\"https:\/\/www.euroresidentes.com\/estilo-de-vida\/moda-estilo\/autora-del-blo.html#breadcrumb\"},\"inLanguage\":\"es\",\"potentialAction\":[{\"@type\":\"ReadAction\",\"target\":[\"https:\/\/www.euroresidentes.com\/estilo-de-vida\/moda-estilo\/autora-del-blo.html\"]}]},{\"@type\":\"ImageObject\",\"inLanguage\":\"es\",\"@id\":\"https:\/\/www.euroresidentes.com\/estilo-de-vida\/moda-estilo\/autora-del-blo.html#primaryimage\",\"url\":\"https:\/\/www.euroresidentes.com\/estilo-de-vida\/moda-estilo\/wp-content\/uploads\/sites\/15\/2014\/05\/carolina.jpg\",\"contentUrl\":\"https:\/\/www.euroresidentes.com\/estilo-de-vida\/moda-estilo\/wp-content\/uploads\/sites\/15\/2014\/05\/carolina.jpg\"},{\"@type\":\"BreadcrumbList\",\"@id\":\"https:\/\/www.euroresidentes.com\/estilo-de-vida\/moda-estilo\/autora-del-blo.html#breadcrumb\",\"itemListElement\":[{\"@type\":\"ListItem\",\"position\":1,\"name\":\"Portada\",\"item\":\"https:\/\/www.euroresidentes.com\/estilo-de-vida\/moda-estilo\/\"},{\"@type\":\"ListItem\",\"position\":2,\"name\":\"Carolina L\u00f3pez\"}]},{\"@type\":\"WebSite\",\"@id\":\"https:\/\/www.euroresidentes.com\/estilo-de-vida\/moda-estilo\/#website\",\"url\":\"https:\/\/www.euroresidentes.com\/estilo-de-vida\/moda-estilo\/\",\"name\":\"Moda y estilo\",\"description\":\"Tendencias de moda y belleza\",\"potentialAction\":[{\"@type\":\"SearchAction\",\"target\":{\"@type\":\"EntryPoint\",\"urlTemplate\":\"https:\/\/www.euroresidentes.com\/estilo-de-vida\/moda-estilo\/?s={search_term_string}\"},\"query-input\":{\"@type\":\"PropertyValueSpecification\",\"valueRequired\":true,\"valueName\":\"search_term_string\"}}],\"inLanguage\":\"es\"}]}<\/script>\n<!-- \/ Yoast SEO plugin. -->","yoast_head_json":{"title":"Carolina L\u00f3pez - Moda y estilo","robots":{"index":"index","follow":"follow","max-snippet":"max-snippet:-1","max-image-preview":"max-image-preview:large","max-video-preview":"max-video-preview:-1"},"canonical":"https:\/\/www.euroresidentes.com\/estilo-de-vida\/moda-estilo\/autora-del-blo.html","og_locale":"es_ES","og_type":"article","og_title":"Carolina L\u00f3pez - Moda y estilo","og_description":"8 Cosas sobre mi 1. Compagino mis estudios de Publicidad y RR.PP en la Universidad de Alicante, con el titulo de Patronista en la Escuela de Dise\u00f1o y Patronaje Virma 2. Me encanta meterme en la cama a las 10, para poder estar fresca como una lechuga a las 7 de la ma\u00f1ana 3. Si fuera un animal ser\u00eda un topo o un perro, o una mezcla 4. Lo que m\u00e1s me divierte del mundo es coser e Ibiza 5. Mi queso favorito es el emmental y soy fan incondicional de todo lo que salga de la mente y las","og_url":"https:\/\/www.euroresidentes.com\/estilo-de-vida\/moda-estilo\/autora-del-blo.html","og_site_name":"Moda y estilo","article_publisher":"https:\/\/www.facebook.com\/euroresidentes\/","article_modified_time":"2016-12-19T12:44:22+00:00","og_image":[{"url":"https:\/\/www.euroresidentes.com\/estilo-de-vida\/moda-estilo\/wp-content\/uploads\/sites\/15\/2014\/05\/carolina.jpg","type":"","width":"","height":""}],"twitter_card":"summary_large_image","twitter_misc":{"Est. reading time":"1 minuto"},"schema":{"@context":"https:\/\/schema.org","@graph":[{"@type":"WebPage","@id":"https:\/\/www.euroresidentes.com\/estilo-de-vida\/moda-estilo\/autora-del-blo.html","url":"https:\/\/www.euroresidentes.com\/estilo-de-vida\/moda-estilo\/autora-del-blo.html","name":"Carolina L\u00f3pez - Moda y estilo","isPartOf":{"@id":"https:\/\/www.euroresidentes.com\/estilo-de-vida\/moda-estilo\/#website"},"primaryImageOfPage":{"@id":"https:\/\/www.euroresidentes.com\/estilo-de-vida\/moda-estilo\/autora-del-blo.html#primaryimage"},"image":{"@id":"https:\/\/www.euroresidentes.com\/estilo-de-vida\/moda-estilo\/autora-del-blo.html#primaryimage"},"thumbnailUrl":"https:\/\/www.euroresidentes.com\/estilo-de-vida\/moda-estilo\/wp-content\/uploads\/sites\/15\/2014\/05\/carolina.jpg","datePublished":"2014-05-28T16:30:00+00:00","dateModified":"2016-12-19T12:44:22+00:00","breadcrumb":{"@id":"https:\/\/www.euroresidentes.com\/estilo-de-vida\/moda-estilo\/autora-del-blo.html#breadcrumb"},"inLanguage":"es","potentialAction":[{"@type":"ReadAction","target":["https:\/\/www.euroresidentes.com\/estilo-de-vida\/moda-estilo\/autora-del-blo.html"]}]},{"@type":"ImageObject","inLanguage":"es","@id":"https:\/\/www.euroresidentes.com\/estilo-de-vida\/moda-estilo\/autora-del-blo.html#primaryimage","url":"https:\/\/www.euroresidentes.com\/estilo-de-vida\/moda-estilo\/wp-content\/uploads\/sites\/15\/2014\/05\/carolina.jpg","contentUrl":"https:\/\/www.euroresidentes.com\/estilo-de-vida\/moda-estilo\/wp-content\/uploads\/sites\/15\/2014\/05\/carolina.jpg"},{"@type":"BreadcrumbList","@id":"https:\/\/www.euroresidentes.com\/estilo-de-vida\/moda-estilo\/autora-del-blo.html#breadcrumb","itemListElement":[{"@type":"ListItem","position":1,"name":"Portada","item":"https:\/\/www.euroresidentes.com\/estilo-de-vida\/moda-estilo\/"},{"@type":"ListItem","position":2,"name":"Carolina L\u00f3pez"}]},{"@type":"WebSite","@id":"https:\/\/www.euroresidentes.com\/estilo-de-vida\/moda-estilo\/#website","url":"https:\/\/www.euroresidentes.com\/estilo-de-vida\/moda-estilo\/","name":"Moda y estilo","description":"Tendencias de moda y belleza","potentialAction":[{"@type":"SearchAction","target":{"@type":"EntryPoint","urlTemplate":"https:\/\/www.euroresidentes.com\/estilo-de-vida\/moda-estilo\/?s={search_term_string}"},"query-input":{"@type":"PropertyValueSpecification","valueRequired":true,"valueName":"search_term_string"}}],"inLanguage":"es"}]}},"_links":{"self":[{"href":"https:\/\/www.euroresidentes.com\/estilo-de-vida\/moda-estilo\/wp-json\/wp\/v2\/pages\/2510","targetHints":{"allow":["GET"]}}],"collection":[{"href":"https:\/\/www.euroresidentes.com\/estilo-de-vida\/moda-estilo\/wp-json\/wp\/v2\/pages"}],"about":[{"href":"https:\/\/www.euroresidentes.com\/estilo-de-vida\/moda-estilo\/wp-json\/wp\/v2\/types\/page"}],"author":[{"embeddable":true,"href":"https:\/\/www.euroresidentes.com\/estilo-de-vida\/moda-estilo\/wp-json\/wp\/v2\/users\/16"}],"replies":[{"embeddable":true,"href":"https:\/\/www.euroresidentes.com\/estilo-de-vida\/moda-estilo\/wp-json\/wp\/v2\/comments?post=2510"}],"version-history":[{"count":1,"href":"https:\/\/www.euroresidentes.com\/estilo-de-vida\/moda-estilo\/wp-json\/wp\/v2\/pages\/2510\/revisions"}],"predecessor-version":[{"id":2874,"href":"https:\/\/www.euroresidentes.com\/estilo-de-vida\/moda-estilo\/wp-json\/wp\/v2\/pages\/2510\/revisions\/2874"}],"wp:attachment":[{"href":"https:\/\/www.euroresidentes.com\/estilo-de-vida\/moda-estilo\/wp-json\/wp\/v2\/media?parent=2510"}],"curies":[{"name":"wp","href":"https:\/\/api.w.org\/{rel}","templated":true}]}}