{"id":2508,"date":"2015-02-27T10:54:00","date_gmt":"2015-02-27T09:54:00","guid":{"rendered":"http:\/\/www.euroresidentes.com\/estilo-de-vida\/moda-estilo\/consejos-utiles.html"},"modified":"2016-12-19T13:44:19","modified_gmt":"2016-12-19T12:44:19","slug":"consejos-utiles","status":"publish","type":"page","link":"https:\/\/www.euroresidentes.com\/estilo-de-vida\/moda-estilo\/consejos-utiles.html","title":{"rendered":"Consejos \u00fatiles"},"content":{"rendered":"<div dir=\"ltr\" style=\"text-align: left;\" trbidi=\"on\">\nCosas como qu\u00e9 es importante llevar en tu bolso, o las prendas b\u00e1sicas que todas deber\u00edamos tener en nuestro armario&#8230;.<\/p>\n<p><\/p>\n<ul>\n<li><a href=\"http:\/\/moda-joven.estudiantes.info\/2014\/03\/que-cuerpo-tengo-y-que-me-sienta-mejor.html\" target=\"_blank\">\u00bfQu\u00e9 cuerpo tengo y qu\u00e9 me sienta mejor?<\/a><\/li>\n<\/ul>\n<ul>\n<li><a href=\"http:\/\/moda-joven.estudiantes.info\/2014\/03\/como-lucir-mas-alta.html\" target=\"_blank\">C\u00f3mo lucir m\u00e1s alta<\/a><\/li>\n<\/ul>\n<ul>\n<li><a href=\"http:\/\/moda-joven.estudiantes.info\/2014\/05\/5-habitos-que-te-haran-parecer-20-anos.html\" target=\"_blank\">5 h\u00e1bitos que te har\u00e1n parecer 20 a\u00f1os m\u00e1s vieja<\/a><\/li>\n<\/ul>\n<ul>\n<li><a href=\"http:\/\/moda-joven.estudiantes.info\/2014\/06\/7-maneras-de-renovar-tu-armario-sin.html\" target=\"_blank\">7 Maneras de renovar tu armario sin gastar dinero<\/a><\/li>\n<\/ul>\n<ul>\n<li><a href=\"http:\/\/moda-joven.estudiantes.info\/2014\/06\/5-cosas-que-nunca-debes-decir-antes-de.html\" target=\"_blank\">5 Cosas que NUNCA debes decir antes de comprar ropa<\/a><\/li>\n<\/ul>\n<ul>\n<li><a href=\"http:\/\/moda-joven.estudiantes.info\/2014\/06\/10-cosas-que-todas-las-mujeres.html\" target=\"_blank\">10 Cosas que todas las mujeres deber\u00edamos llevar en el bolso<\/a><\/li>\n<\/ul>\n<ul>\n<li><a href=\"http:\/\/moda-joven.estudiantes.info\/2014\/07\/6-motivos-por-los-que-estar-atenta-los.html\" target=\"_blank\">6 Motivos por los que estar atenta a los desfiles de Alta Costura<\/a><\/li>\n<\/ul>\n<ul>\n<li><a href=\"http:\/\/moda-joven.estudiantes.info\/2014\/07\/8-prendas-basicas-que-deberias-tener.html\" target=\"_blank\">8 prendas b\u00e1sicas que deber\u00edas tener este verano en tu armario<\/a><\/li>\n<\/ul>\n<ul>\n<li><a href=\"http:\/\/moda-joven.estudiantes.info\/2014\/08\/como-organizar-tu-armario-en-5.html\" target=\"_blank\">Como organizar tu armario en 5 sencillos pasos<\/a><\/li>\n<\/ul>\n<ul>\n<li><a href=\"http:\/\/moda-joven.estudiantes.info\/2014\/08\/10-cosas-que-no-deberia-ponerse-tu.html\" target=\"_blank\">10 cosas que no deber\u00eda ponerse tu novio jam\u00e1s<\/a><\/li>\n<\/ul>\n<ul>\n<li><a href=\"http:\/\/moda-joven.estudiantes.info\/2014\/08\/15-reglas-de-moda-para-romper-ahora.html\" target=\"_blank\">15 Reglas de moda para romper ahora mismo (I parte)<\/a><\/li>\n<\/ul>\n<ul>\n<li><a href=\"http:\/\/moda-joven.estudiantes.info\/2014\/08\/15-reglas-de-moda-para-romper-ahora_20.html\" target=\"_blank\">15 reglas de moda para romper ahora mismo (II parte)<\/a><\/li>\n<\/ul>\n<ul>\n<li><a href=\"http:\/\/moda-joven.estudiantes.info\/2014\/09\/duplica-la-ropa-de-tu-armario-gratis-8.html\" target=\"_blank\">Duplica la ropa de tu armario gratis. 8 Ideas para hacerlo<\/a><\/li>\n<\/ul>\n<ul>\n<li><a href=\"http:\/\/moda-joven.estudiantes.info\/2014\/09\/moda-los-9-mejores-consejos-que.html\" target=\"_blank\">Moda: Los 9 mejores consejos que recibir\u00e1s jam\u00e1s<\/a><\/li>\n<\/ul>\n<ul>\n<li><a href=\"http:\/\/moda-joven.estudiantes.info\/2014\/11\/7-prendas-basicas-que-deberias-tener.html\" target=\"_blank\">7 prendas b\u00e1sicas que deber\u00edas tener este invierno en tu armario<\/a><\/li>\n<\/ul>\n<ul>\n<li><a href=\"http:\/\/moda-joven.estudiantes.info\/2015\/02\/8-motivos-por-los-que-tus-vaqueros-se.html\" target=\"_blank\">8 motivos por los que tus vaqueros se rompen (y c\u00f3mo prevenirlo)<\/a><\/li>\n<\/ul>\n<\/div>\n","protected":false},"excerpt":{"rendered":"<p>Cosas como qu\u00e9 es importante llevar en tu bolso, o las prendas b\u00e1sicas que todas deber\u00edamos tener en nuestro armario&#8230;. \u00bfQu\u00e9 cuerpo tengo y qu\u00e9 me sienta mejor? C\u00f3mo lucir m\u00e1s alta 5 h\u00e1bitos que te har\u00e1n parecer 20 a\u00f1os m\u00e1s vieja 7 Maneras de renovar tu armario sin gastar dinero 5 Cosas que NUNCA debes decir antes de comprar ropa 10 Cosas que todas las mujeres deber\u00edamos llevar en el bolso 6 Motivos por los que estar atenta a los desfiles de Alta Costura 8 prendas b\u00e1sicas que deber\u00edas tener este verano en tu armario Como organizar tu armario <\/p>\n","protected":false},"author":16,"featured_media":0,"parent":0,"menu_order":0,"comment_status":"closed","ping_status":"closed","template":"","meta":{"footnotes":""},"class_list":["post-2508","page","type-page","status-publish","hentry"],"yoast_head":"<!-- This site is optimized with the Yoast SEO plugin v24.1 - https:\/\/yoast.com\/wordpress\/plugins\/seo\/ -->\n<title>Consejos \u00fatiles - Moda y estilo<\/title>\n<meta name=\"robots\" content=\"index, follow, max-snippet:-1, max-image-preview:large, max-video-preview:-1\" \/>\n<link rel=\"canonical\" href=\"https:\/\/www.euroresidentes.com\/estilo-de-vida\/moda-estilo\/consejos-utiles.html\" \/>\n<meta property=\"og:locale\" content=\"es_ES\" \/>\n<meta property=\"og:type\" content=\"article\" \/>\n<meta property=\"og:title\" content=\"Consejos \u00fatiles - Moda y estilo\" \/>\n<meta property=\"og:description\" content=\"Cosas como qu\u00e9 es importante llevar en tu bolso, o las prendas b\u00e1sicas que todas deber\u00edamos tener en nuestro armario&#8230;. \u00bfQu\u00e9 cuerpo tengo y qu\u00e9 me sienta mejor? C\u00f3mo lucir m\u00e1s alta 5 h\u00e1bitos que te har\u00e1n parecer 20 a\u00f1os m\u00e1s vieja 7 Maneras de renovar tu armario sin gastar dinero 5 Cosas que NUNCA debes decir antes de comprar ropa 10 Cosas que todas las mujeres deber\u00edamos llevar en el bolso 6 Motivos por los que estar atenta a los desfiles de Alta Costura 8 prendas b\u00e1sicas que deber\u00edas tener este verano en tu armario Como organizar tu armario\" \/>\n<meta property=\"og:url\" content=\"https:\/\/www.euroresidentes.com\/estilo-de-vida\/moda-estilo\/consejos-utiles.html\" \/>\n<meta property=\"og:site_name\" content=\"Moda y estilo\" \/>\n<meta property=\"article:publisher\" content=\"https:\/\/www.facebook.com\/euroresidentes\/\" \/>\n<meta property=\"article:modified_time\" content=\"2016-12-19T12:44:19+00:00\" \/>\n<meta name=\"twitter:card\" content=\"summary_large_image\" \/>\n<meta name=\"twitter:label1\" content=\"Est. reading time\" \/>\n\t<meta name=\"twitter:data1\" content=\"1 minuto\" \/>\n<script type=\"application\/ld+json\" class=\"yoast-schema-graph\">{\"@context\":\"https:\/\/schema.org\",\"@graph\":[{\"@type\":\"WebPage\",\"@id\":\"https:\/\/www.euroresidentes.com\/estilo-de-vida\/moda-estilo\/consejos-utiles.html\",\"url\":\"https:\/\/www.euroresidentes.com\/estilo-de-vida\/moda-estilo\/consejos-utiles.html\",\"name\":\"Consejos \u00fatiles - Moda y estilo\",\"isPartOf\":{\"@id\":\"https:\/\/www.euroresidentes.com\/estilo-de-vida\/moda-estilo\/#website\"},\"datePublished\":\"2015-02-27T09:54:00+00:00\",\"dateModified\":\"2016-12-19T12:44:19+00:00\",\"breadcrumb\":{\"@id\":\"https:\/\/www.euroresidentes.com\/estilo-de-vida\/moda-estilo\/consejos-utiles.html#breadcrumb\"},\"inLanguage\":\"es\",\"potentialAction\":[{\"@type\":\"ReadAction\",\"target\":[\"https:\/\/www.euroresidentes.com\/estilo-de-vida\/moda-estilo\/consejos-utiles.html\"]}]},{\"@type\":\"BreadcrumbList\",\"@id\":\"https:\/\/www.euroresidentes.com\/estilo-de-vida\/moda-estilo\/consejos-utiles.html#breadcrumb\",\"itemListElement\":[{\"@type\":\"ListItem\",\"position\":1,\"name\":\"Portada\",\"item\":\"https:\/\/www.euroresidentes.com\/estilo-de-vida\/moda-estilo\/\"},{\"@type\":\"ListItem\",\"position\":2,\"name\":\"Consejos \u00fatiles\"}]},{\"@type\":\"WebSite\",\"@id\":\"https:\/\/www.euroresidentes.com\/estilo-de-vida\/moda-estilo\/#website\",\"url\":\"https:\/\/www.euroresidentes.com\/estilo-de-vida\/moda-estilo\/\",\"name\":\"Moda y estilo\",\"description\":\"Tendencias de moda y belleza\",\"potentialAction\":[{\"@type\":\"SearchAction\",\"target\":{\"@type\":\"EntryPoint\",\"urlTemplate\":\"https:\/\/www.euroresidentes.com\/estilo-de-vida\/moda-estilo\/?s={search_term_string}\"},\"query-input\":{\"@type\":\"PropertyValueSpecification\",\"valueRequired\":true,\"valueName\":\"search_term_string\"}}],\"inLanguage\":\"es\"}]}<\/script>\n<!-- \/ Yoast SEO plugin. -->","yoast_head_json":{"title":"Consejos \u00fatiles - Moda y estilo","robots":{"index":"index","follow":"follow","max-snippet":"max-snippet:-1","max-image-preview":"max-image-preview:large","max-video-preview":"max-video-preview:-1"},"canonical":"https:\/\/www.euroresidentes.com\/estilo-de-vida\/moda-estilo\/consejos-utiles.html","og_locale":"es_ES","og_type":"article","og_title":"Consejos \u00fatiles - Moda y estilo","og_description":"Cosas como qu\u00e9 es importante llevar en tu bolso, o las prendas b\u00e1sicas que todas deber\u00edamos tener en nuestro armario&#8230;. \u00bfQu\u00e9 cuerpo tengo y qu\u00e9 me sienta mejor? C\u00f3mo lucir m\u00e1s alta 5 h\u00e1bitos que te har\u00e1n parecer 20 a\u00f1os m\u00e1s vieja 7 Maneras de renovar tu armario sin gastar dinero 5 Cosas que NUNCA debes decir antes de comprar ropa 10 Cosas que todas las mujeres deber\u00edamos llevar en el bolso 6 Motivos por los que estar atenta a los desfiles de Alta Costura 8 prendas b\u00e1sicas que deber\u00edas tener este verano en tu armario Como organizar tu armario","og_url":"https:\/\/www.euroresidentes.com\/estilo-de-vida\/moda-estilo\/consejos-utiles.html","og_site_name":"Moda y estilo","article_publisher":"https:\/\/www.facebook.com\/euroresidentes\/","article_modified_time":"2016-12-19T12:44:19+00:00","twitter_card":"summary_large_image","twitter_misc":{"Est. reading time":"1 minuto"},"schema":{"@context":"https:\/\/schema.org","@graph":[{"@type":"WebPage","@id":"https:\/\/www.euroresidentes.com\/estilo-de-vida\/moda-estilo\/consejos-utiles.html","url":"https:\/\/www.euroresidentes.com\/estilo-de-vida\/moda-estilo\/consejos-utiles.html","name":"Consejos \u00fatiles - Moda y estilo","isPartOf":{"@id":"https:\/\/www.euroresidentes.com\/estilo-de-vida\/moda-estilo\/#website"},"datePublished":"2015-02-27T09:54:00+00:00","dateModified":"2016-12-19T12:44:19+00:00","breadcrumb":{"@id":"https:\/\/www.euroresidentes.com\/estilo-de-vida\/moda-estilo\/consejos-utiles.html#breadcrumb"},"inLanguage":"es","potentialAction":[{"@type":"ReadAction","target":["https:\/\/www.euroresidentes.com\/estilo-de-vida\/moda-estilo\/consejos-utiles.html"]}]},{"@type":"BreadcrumbList","@id":"https:\/\/www.euroresidentes.com\/estilo-de-vida\/moda-estilo\/consejos-utiles.html#breadcrumb","itemListElement":[{"@type":"ListItem","position":1,"name":"Portada","item":"https:\/\/www.euroresidentes.com\/estilo-de-vida\/moda-estilo\/"},{"@type":"ListItem","position":2,"name":"Consejos \u00fatiles"}]},{"@type":"WebSite","@id":"https:\/\/www.euroresidentes.com\/estilo-de-vida\/moda-estilo\/#website","url":"https:\/\/www.euroresidentes.com\/estilo-de-vida\/moda-estilo\/","name":"Moda y estilo","description":"Tendencias de moda y belleza","potentialAction":[{"@type":"SearchAction","target":{"@type":"EntryPoint","urlTemplate":"https:\/\/www.euroresidentes.com\/estilo-de-vida\/moda-estilo\/?s={search_term_string}"},"query-input":{"@type":"PropertyValueSpecification","valueRequired":true,"valueName":"search_term_string"}}],"inLanguage":"es"}]}},"_links":{"self":[{"href":"https:\/\/www.euroresidentes.com\/estilo-de-vida\/moda-estilo\/wp-json\/wp\/v2\/pages\/2508","targetHints":{"allow":["GET"]}}],"collection":[{"href":"https:\/\/www.euroresidentes.com\/estilo-de-vida\/moda-estilo\/wp-json\/wp\/v2\/pages"}],"about":[{"href":"https:\/\/www.euroresidentes.com\/estilo-de-vida\/moda-estilo\/wp-json\/wp\/v2\/types\/page"}],"author":[{"embeddable":true,"href":"https:\/\/www.euroresidentes.com\/estilo-de-vida\/moda-estilo\/wp-json\/wp\/v2\/users\/16"}],"replies":[{"embeddable":true,"href":"https:\/\/www.euroresidentes.com\/estilo-de-vida\/moda-estilo\/wp-json\/wp\/v2\/comments?post=2508"}],"version-history":[{"count":1,"href":"https:\/\/www.euroresidentes.com\/estilo-de-vida\/moda-estilo\/wp-json\/wp\/v2\/pages\/2508\/revisions"}],"predecessor-version":[{"id":2709,"href":"https:\/\/www.euroresidentes.com\/estilo-de-vida\/moda-estilo\/wp-json\/wp\/v2\/pages\/2508\/revisions\/2709"}],"wp:attachment":[{"href":"https:\/\/www.euroresidentes.com\/estilo-de-vida\/moda-estilo\/wp-json\/wp\/v2\/media?parent=2508"}],"curies":[{"name":"wp","href":"https:\/\/api.w.org\/{rel}","templated":true}]}}