{"id":2507,"date":"2015-02-27T10:55:00","date_gmt":"2015-02-27T09:55:00","guid":{"rendered":"http:\/\/www.euroresidentes.com\/estilo-de-vida\/moda-estilo\/ideas-de-moda.html"},"modified":"2016-12-19T13:44:19","modified_gmt":"2016-12-19T12:44:19","slug":"ideas-de-moda","status":"publish","type":"page","link":"https:\/\/www.euroresidentes.com\/estilo-de-vida\/moda-estilo\/ideas-de-moda.html","title":{"rendered":"Ideas para vestir"},"content":{"rendered":"<div dir=\"ltr\" style=\"text-align: left;\" trbidi=\"on\">\n<div>\n\u00bfNo sabes como hacer de una pieza de ropa, m\u00faltiples opciones? \u00bfQuieres renovar tu armario y gastarte lo m\u00ednimo? \u00bfNo sabes si algo te quedar\u00e1 bien de la manera que pensaste? Atenta a las ideas que te damos&#8230;<\/div>\n<div>\n<\/div>\n<p><\/p>\n<ul>\n<li><a href=\"http:\/\/moda-joven.estudiantes.info\/2014\/03\/que-me-pongo-hoy_12.html\" target=\"_blank\">\u00bfQu\u00e9 me pongo hoy?<\/a><\/li>\n<\/ul>\n<ul>\n<li><a href=\"http:\/\/moda-joven.estudiantes.info\/2014\/03\/que-me-pongo-hoy_18.html\" target=\"_blank\">\u00bfQu\u00e9 me pongo hoy?<\/a><\/li>\n<\/ul>\n<ul>\n<li><a href=\"http:\/\/moda-joven.estudiantes.info\/2014\/03\/que-me-pongo-hoy_27.html\" target=\"_blank\">\u00bfQu\u00e9 me pongo hoy?<\/a><\/li>\n<\/ul>\n<ul>\n<li><a href=\"http:\/\/moda-joven.estudiantes.info\/2014\/07\/calcetines-en-verano.html\" target=\"_blank\">\u00bfCalcetines en verano?<\/a><\/li>\n<\/ul>\n<ul>\n<li><a href=\"http:\/\/moda-joven.estudiantes.info\/2014\/04\/adios-las-medias.html\" target=\"_blank\">Adi\u00f3s a las medias<\/a><\/li>\n<\/ul>\n<ul>\n<li><a href=\"http:\/\/moda-joven.estudiantes.info\/2014\/06\/7-maneras-de-renovar-tu-armario-sin.html\" target=\"_blank\">7 Maneras de renovar tu armario sin gastar dinero<\/a><\/li>\n<\/ul>\n<ul>\n<li><a href=\"http:\/\/moda-joven.estudiantes.info\/2014\/08\/13-formas-de-vestirme-para-perecer-mas.html\" target=\"_blank\">13 formas de vestirme para perecer m\u00e1s delgada<\/a><\/li>\n<\/ul>\n<ul>\n<li><a href=\"http:\/\/moda-joven.estudiantes.info\/2014\/09\/7-errores-de-moda-que-cometemos-todos.html\" target=\"_blank\">7 errores de moda que cometemos TODOS los d\u00edas<\/a><\/li>\n<\/ul>\n<ul>\n<li><a href=\"http:\/\/moda-joven.estudiantes.info\/2014\/09\/5-consejos-para-aprovechar-tu-ropa-este.html\" target=\"_blank\">5 consejos para aprovechar tu ropa este Oto\u00f1o<\/a><\/li>\n<\/ul>\n<ul>\n<li><a href=\"http:\/\/moda-joven.estudiantes.info\/2014\/10\/halloween-8-razones-por-las-que-debes.html\" target=\"_blank\">Halloween: 8 razones por las que debes disfrazarte este a\u00f1o<\/a><\/li>\n<\/ul>\n<ul>\n<li><a href=\"http:\/\/moda-joven.estudiantes.info\/2014\/12\/que-meto-en-la-maleta-15-prendas-que-te.html\" target=\"_blank\">\u00bfQu\u00e9 meto en la maleta? 15 prendas que te solucionar\u00e1n las vacaciones<\/a><\/li>\n<\/ul>\n<ul>\n<li><a href=\"http:\/\/moda-joven.estudiantes.info\/2014\/12\/7-ideas-para-vestirte-estas-fiestas.html\" target=\"_blank\">Especial NYE: 7 Ideas para vestirte la noche de Fin de A\u00f1o<\/a><\/li>\n<\/ul>\n<ul>\n<li><a href=\"http:\/\/moda-joven.estudiantes.info\/2014\/12\/especial-nye-7-accesorios-que.html\" target=\"_blank\">Especial NYE: 7 accesorios que completar\u00e1n tu look de Fin de A\u00f1o<\/a><\/li>\n<\/ul>\n<ul>\n<li><a href=\"http:\/\/moda-joven.estudiantes.info\/2015\/01\/10-conjuntos-de-ropa-interior-para-san.html\" target=\"_blank\">10 conjuntos de ropa interior para San Valent\u00edn<\/a><\/li>\n<\/ul>\n<\/div>\n","protected":false},"excerpt":{"rendered":"<p>\u00bfNo sabes como hacer de una pieza de ropa, m\u00faltiples opciones? \u00bfQuieres renovar tu armario y gastarte lo m\u00ednimo? \u00bfNo sabes si algo te quedar\u00e1 bien de la manera que pensaste? Atenta a las ideas que te damos&#8230; \u00bfQu\u00e9 me pongo hoy? \u00bfQu\u00e9 me pongo hoy? \u00bfQu\u00e9 me pongo hoy? \u00bfCalcetines en verano? Adi\u00f3s a las medias 7 Maneras de renovar tu armario sin gastar dinero 13 formas de vestirme para perecer m\u00e1s delgada 7 errores de moda que cometemos TODOS los d\u00edas 5 consejos para aprovechar tu ropa este Oto\u00f1o Halloween: 8 razones por las que debes disfrazarte este <\/p>\n","protected":false},"author":16,"featured_media":0,"parent":0,"menu_order":0,"comment_status":"closed","ping_status":"closed","template":"","meta":{"footnotes":""},"class_list":["post-2507","page","type-page","status-publish","hentry"],"yoast_head":"<!-- This site is optimized with the Yoast SEO plugin v24.1 - https:\/\/yoast.com\/wordpress\/plugins\/seo\/ -->\n<title>Ideas para vestir - Moda y estilo<\/title>\n<meta name=\"robots\" content=\"index, follow, max-snippet:-1, max-image-preview:large, max-video-preview:-1\" \/>\n<link rel=\"canonical\" href=\"https:\/\/www.euroresidentes.com\/estilo-de-vida\/moda-estilo\/ideas-de-moda.html\" \/>\n<meta property=\"og:locale\" content=\"es_ES\" \/>\n<meta property=\"og:type\" content=\"article\" \/>\n<meta property=\"og:title\" content=\"Ideas para vestir - Moda y estilo\" \/>\n<meta property=\"og:description\" content=\"\u00bfNo sabes como hacer de una pieza de ropa, m\u00faltiples opciones? \u00bfQuieres renovar tu armario y gastarte lo m\u00ednimo? \u00bfNo sabes si algo te quedar\u00e1 bien de la manera que pensaste? Atenta a las ideas que te damos&#8230; \u00bfQu\u00e9 me pongo hoy? \u00bfQu\u00e9 me pongo hoy? \u00bfQu\u00e9 me pongo hoy? \u00bfCalcetines en verano? Adi\u00f3s a las medias 7 Maneras de renovar tu armario sin gastar dinero 13 formas de vestirme para perecer m\u00e1s delgada 7 errores de moda que cometemos TODOS los d\u00edas 5 consejos para aprovechar tu ropa este Oto\u00f1o Halloween: 8 razones por las que debes disfrazarte este\" \/>\n<meta property=\"og:url\" content=\"https:\/\/www.euroresidentes.com\/estilo-de-vida\/moda-estilo\/ideas-de-moda.html\" \/>\n<meta property=\"og:site_name\" content=\"Moda y estilo\" \/>\n<meta property=\"article:publisher\" content=\"https:\/\/www.facebook.com\/euroresidentes\/\" \/>\n<meta property=\"article:modified_time\" content=\"2016-12-19T12:44:19+00:00\" \/>\n<meta name=\"twitter:card\" content=\"summary_large_image\" \/>\n<meta name=\"twitter:label1\" content=\"Est. reading time\" \/>\n\t<meta name=\"twitter:data1\" content=\"1 minuto\" \/>\n<script type=\"application\/ld+json\" class=\"yoast-schema-graph\">{\"@context\":\"https:\/\/schema.org\",\"@graph\":[{\"@type\":\"WebPage\",\"@id\":\"https:\/\/www.euroresidentes.com\/estilo-de-vida\/moda-estilo\/ideas-de-moda.html\",\"url\":\"https:\/\/www.euroresidentes.com\/estilo-de-vida\/moda-estilo\/ideas-de-moda.html\",\"name\":\"Ideas para vestir - Moda y estilo\",\"isPartOf\":{\"@id\":\"https:\/\/www.euroresidentes.com\/estilo-de-vida\/moda-estilo\/#website\"},\"datePublished\":\"2015-02-27T09:55:00+00:00\",\"dateModified\":\"2016-12-19T12:44:19+00:00\",\"breadcrumb\":{\"@id\":\"https:\/\/www.euroresidentes.com\/estilo-de-vida\/moda-estilo\/ideas-de-moda.html#breadcrumb\"},\"inLanguage\":\"es\",\"potentialAction\":[{\"@type\":\"ReadAction\",\"target\":[\"https:\/\/www.euroresidentes.com\/estilo-de-vida\/moda-estilo\/ideas-de-moda.html\"]}]},{\"@type\":\"BreadcrumbList\",\"@id\":\"https:\/\/www.euroresidentes.com\/estilo-de-vida\/moda-estilo\/ideas-de-moda.html#breadcrumb\",\"itemListElement\":[{\"@type\":\"ListItem\",\"position\":1,\"name\":\"Portada\",\"item\":\"https:\/\/www.euroresidentes.com\/estilo-de-vida\/moda-estilo\/\"},{\"@type\":\"ListItem\",\"position\":2,\"name\":\"Ideas para vestir\"}]},{\"@type\":\"WebSite\",\"@id\":\"https:\/\/www.euroresidentes.com\/estilo-de-vida\/moda-estilo\/#website\",\"url\":\"https:\/\/www.euroresidentes.com\/estilo-de-vida\/moda-estilo\/\",\"name\":\"Moda y estilo\",\"description\":\"Tendencias de moda y belleza\",\"potentialAction\":[{\"@type\":\"SearchAction\",\"target\":{\"@type\":\"EntryPoint\",\"urlTemplate\":\"https:\/\/www.euroresidentes.com\/estilo-de-vida\/moda-estilo\/?s={search_term_string}\"},\"query-input\":{\"@type\":\"PropertyValueSpecification\",\"valueRequired\":true,\"valueName\":\"search_term_string\"}}],\"inLanguage\":\"es\"}]}<\/script>\n<!-- \/ Yoast SEO plugin. -->","yoast_head_json":{"title":"Ideas para vestir - Moda y estilo","robots":{"index":"index","follow":"follow","max-snippet":"max-snippet:-1","max-image-preview":"max-image-preview:large","max-video-preview":"max-video-preview:-1"},"canonical":"https:\/\/www.euroresidentes.com\/estilo-de-vida\/moda-estilo\/ideas-de-moda.html","og_locale":"es_ES","og_type":"article","og_title":"Ideas para vestir - Moda y estilo","og_description":"\u00bfNo sabes como hacer de una pieza de ropa, m\u00faltiples opciones? \u00bfQuieres renovar tu armario y gastarte lo m\u00ednimo? \u00bfNo sabes si algo te quedar\u00e1 bien de la manera que pensaste? Atenta a las ideas que te damos&#8230; \u00bfQu\u00e9 me pongo hoy? \u00bfQu\u00e9 me pongo hoy? \u00bfQu\u00e9 me pongo hoy? \u00bfCalcetines en verano? Adi\u00f3s a las medias 7 Maneras de renovar tu armario sin gastar dinero 13 formas de vestirme para perecer m\u00e1s delgada 7 errores de moda que cometemos TODOS los d\u00edas 5 consejos para aprovechar tu ropa este Oto\u00f1o Halloween: 8 razones por las que debes disfrazarte este","og_url":"https:\/\/www.euroresidentes.com\/estilo-de-vida\/moda-estilo\/ideas-de-moda.html","og_site_name":"Moda y estilo","article_publisher":"https:\/\/www.facebook.com\/euroresidentes\/","article_modified_time":"2016-12-19T12:44:19+00:00","twitter_card":"summary_large_image","twitter_misc":{"Est. reading time":"1 minuto"},"schema":{"@context":"https:\/\/schema.org","@graph":[{"@type":"WebPage","@id":"https:\/\/www.euroresidentes.com\/estilo-de-vida\/moda-estilo\/ideas-de-moda.html","url":"https:\/\/www.euroresidentes.com\/estilo-de-vida\/moda-estilo\/ideas-de-moda.html","name":"Ideas para vestir - Moda y estilo","isPartOf":{"@id":"https:\/\/www.euroresidentes.com\/estilo-de-vida\/moda-estilo\/#website"},"datePublished":"2015-02-27T09:55:00+00:00","dateModified":"2016-12-19T12:44:19+00:00","breadcrumb":{"@id":"https:\/\/www.euroresidentes.com\/estilo-de-vida\/moda-estilo\/ideas-de-moda.html#breadcrumb"},"inLanguage":"es","potentialAction":[{"@type":"ReadAction","target":["https:\/\/www.euroresidentes.com\/estilo-de-vida\/moda-estilo\/ideas-de-moda.html"]}]},{"@type":"BreadcrumbList","@id":"https:\/\/www.euroresidentes.com\/estilo-de-vida\/moda-estilo\/ideas-de-moda.html#breadcrumb","itemListElement":[{"@type":"ListItem","position":1,"name":"Portada","item":"https:\/\/www.euroresidentes.com\/estilo-de-vida\/moda-estilo\/"},{"@type":"ListItem","position":2,"name":"Ideas para vestir"}]},{"@type":"WebSite","@id":"https:\/\/www.euroresidentes.com\/estilo-de-vida\/moda-estilo\/#website","url":"https:\/\/www.euroresidentes.com\/estilo-de-vida\/moda-estilo\/","name":"Moda y estilo","description":"Tendencias de moda y belleza","potentialAction":[{"@type":"SearchAction","target":{"@type":"EntryPoint","urlTemplate":"https:\/\/www.euroresidentes.com\/estilo-de-vida\/moda-estilo\/?s={search_term_string}"},"query-input":{"@type":"PropertyValueSpecification","valueRequired":true,"valueName":"search_term_string"}}],"inLanguage":"es"}]}},"_links":{"self":[{"href":"https:\/\/www.euroresidentes.com\/estilo-de-vida\/moda-estilo\/wp-json\/wp\/v2\/pages\/2507","targetHints":{"allow":["GET"]}}],"collection":[{"href":"https:\/\/www.euroresidentes.com\/estilo-de-vida\/moda-estilo\/wp-json\/wp\/v2\/pages"}],"about":[{"href":"https:\/\/www.euroresidentes.com\/estilo-de-vida\/moda-estilo\/wp-json\/wp\/v2\/types\/page"}],"author":[{"embeddable":true,"href":"https:\/\/www.euroresidentes.com\/estilo-de-vida\/moda-estilo\/wp-json\/wp\/v2\/users\/16"}],"replies":[{"embeddable":true,"href":"https:\/\/www.euroresidentes.com\/estilo-de-vida\/moda-estilo\/wp-json\/wp\/v2\/comments?post=2507"}],"version-history":[{"count":1,"href":"https:\/\/www.euroresidentes.com\/estilo-de-vida\/moda-estilo\/wp-json\/wp\/v2\/pages\/2507\/revisions"}],"predecessor-version":[{"id":2708,"href":"https:\/\/www.euroresidentes.com\/estilo-de-vida\/moda-estilo\/wp-json\/wp\/v2\/pages\/2507\/revisions\/2708"}],"wp:attachment":[{"href":"https:\/\/www.euroresidentes.com\/estilo-de-vida\/moda-estilo\/wp-json\/wp\/v2\/media?parent=2507"}],"curies":[{"name":"wp","href":"https:\/\/api.w.org\/{rel}","templated":true}]}}