{"id":2506,"date":"2015-02-27T10:56:00","date_gmt":"2015-02-27T09:56:00","guid":{"rendered":"http:\/\/www.euroresidentes.com\/estilo-de-vida\/moda-estilo\/tendencias.html"},"modified":"2016-12-19T13:44:19","modified_gmt":"2016-12-19T12:44:19","slug":"tendencias","status":"publish","type":"page","link":"https:\/\/www.euroresidentes.com\/estilo-de-vida\/moda-estilo\/tendencias.html","title":{"rendered":"Tendencias"},"content":{"rendered":"<div dir=\"ltr\" style=\"text-align: left;\" trbidi=\"on\">\nSi te interesa conocer las diferentes tendencias, prendas de actualidad, formas de vestir esas tendencias&#8230;. este es tu espacio.<\/p>\n<p><\/p>\n<ul>\n<li><a href=\"http:\/\/moda-joven.estudiantes.info\/2014\/03\/colores-de-moda-primavera-2014.html\" target=\"_blank\">Colores de moda primavera 2014<\/a><\/li>\n<\/ul>\n<ul>\n<li><a href=\"http:\/\/moda-joven.estudiantes.info\/2014\/03\/lo-ultimo-en-sandalias-cangrejeras.html\" target=\"_blank\">Lo \u00faltimo en sandalias, Cangrejeras<\/a><\/li>\n<\/ul>\n<ul>\n<li><a href=\"http:\/\/moda-joven.estudiantes.info\/2014\/04\/complementos-como-me-gustan-los-anillos.html\" target=\"_blank\">Anillos, el complemento estrella<\/a><\/li>\n<\/ul>\n<ul>\n<li><a href=\"http:\/\/moda-joven.estudiantes.info\/2014\/07\/calcetines-en-verano.html\" target=\"_blank\">\u00bfCalcetines en verano?<\/a><\/li>\n<\/ul>\n<ul>\n<li><a href=\"http:\/\/moda-joven.estudiantes.info\/2014\/07\/6-tendencias-que-esperamos-no-se.html\" target=\"_blank\">6 Tendencias que esperamos no se vuelvan a poner de moda jam\u00e1s<\/a><\/li>\n<\/ul>\n<ul>\n<li><a href=\"http:\/\/moda-joven.estudiantes.info\/2014\/09\/zapatos-8-estilos-diferentes-necesarios.html\" target=\"_blank\">Zapatos: 8 estilos diferentes necesarios para este Oto\u00f1o<\/a><\/li>\n<\/ul>\n<ul>\n<li><a href=\"http:\/\/moda-joven.estudiantes.info\/2014\/09\/5-chaquetas-para-este-otono.html\" target=\"_blank\">5 chaquetas para este Oto\u00f1o<\/a><\/li>\n<\/ul>\n<ul>\n<li><a href=\"http:\/\/moda-joven.estudiantes.info\/2014\/10\/street-style-6-tendencias-que-hemos.html\" target=\"_blank\">Street style: 6 tendencias que hemos visto este Oto\u00f1o en la calle<\/a><\/li>\n<\/ul>\n<ul>\n<li><a href=\"http:\/\/moda-joven.estudiantes.info\/2014\/11\/olvidate-de-los-skinny-jeans-6.html\" target=\"_blank\">\u00a1Olv\u00eddate de los Skinny Jeans! 6 pantalones que comprarte esta temporada<\/a><\/li>\n<\/ul>\n<\/div>\n","protected":false},"excerpt":{"rendered":"<p>Si te interesa conocer las diferentes tendencias, prendas de actualidad, formas de vestir esas tendencias&#8230;. este es tu espacio. Colores de moda primavera 2014 Lo \u00faltimo en sandalias, Cangrejeras Anillos, el complemento estrella \u00bfCalcetines en verano? 6 Tendencias que esperamos no se vuelvan a poner de moda jam\u00e1s Zapatos: 8 estilos diferentes necesarios para este Oto\u00f1o 5 chaquetas para este Oto\u00f1o Street style: 6 tendencias que hemos visto este Oto\u00f1o en la calle \u00a1Olv\u00eddate de los Skinny Jeans! 6 pantalones que comprarte esta temporada<\/p>\n","protected":false},"author":16,"featured_media":0,"parent":0,"menu_order":0,"comment_status":"closed","ping_status":"closed","template":"","meta":{"footnotes":""},"class_list":["post-2506","page","type-page","status-publish","hentry"],"yoast_head":"<!-- This site is optimized with the Yoast SEO plugin v24.1 - https:\/\/yoast.com\/wordpress\/plugins\/seo\/ -->\n<title>Tendencias - Moda y estilo<\/title>\n<meta name=\"robots\" content=\"index, follow, max-snippet:-1, max-image-preview:large, max-video-preview:-1\" \/>\n<link rel=\"canonical\" href=\"https:\/\/www.euroresidentes.com\/estilo-de-vida\/moda-estilo\/tendencias.html\" \/>\n<meta property=\"og:locale\" content=\"es_ES\" \/>\n<meta property=\"og:type\" content=\"article\" \/>\n<meta property=\"og:title\" content=\"Tendencias - Moda y estilo\" \/>\n<meta property=\"og:description\" content=\"Si te interesa conocer las diferentes tendencias, prendas de actualidad, formas de vestir esas tendencias&#8230;. este es tu espacio. Colores de moda primavera 2014 Lo \u00faltimo en sandalias, Cangrejeras Anillos, el complemento estrella \u00bfCalcetines en verano? 6 Tendencias que esperamos no se vuelvan a poner de moda jam\u00e1s Zapatos: 8 estilos diferentes necesarios para este Oto\u00f1o 5 chaquetas para este Oto\u00f1o Street style: 6 tendencias que hemos visto este Oto\u00f1o en la calle \u00a1Olv\u00eddate de los Skinny Jeans! 6 pantalones que comprarte esta temporada\" \/>\n<meta property=\"og:url\" content=\"https:\/\/www.euroresidentes.com\/estilo-de-vida\/moda-estilo\/tendencias.html\" \/>\n<meta property=\"og:site_name\" content=\"Moda y estilo\" \/>\n<meta property=\"article:publisher\" content=\"https:\/\/www.facebook.com\/euroresidentes\/\" \/>\n<meta property=\"article:modified_time\" content=\"2016-12-19T12:44:19+00:00\" \/>\n<meta name=\"twitter:card\" content=\"summary_large_image\" \/>\n<script type=\"application\/ld+json\" class=\"yoast-schema-graph\">{\"@context\":\"https:\/\/schema.org\",\"@graph\":[{\"@type\":\"WebPage\",\"@id\":\"https:\/\/www.euroresidentes.com\/estilo-de-vida\/moda-estilo\/tendencias.html\",\"url\":\"https:\/\/www.euroresidentes.com\/estilo-de-vida\/moda-estilo\/tendencias.html\",\"name\":\"Tendencias - Moda y estilo\",\"isPartOf\":{\"@id\":\"https:\/\/www.euroresidentes.com\/estilo-de-vida\/moda-estilo\/#website\"},\"datePublished\":\"2015-02-27T09:56:00+00:00\",\"dateModified\":\"2016-12-19T12:44:19+00:00\",\"breadcrumb\":{\"@id\":\"https:\/\/www.euroresidentes.com\/estilo-de-vida\/moda-estilo\/tendencias.html#breadcrumb\"},\"inLanguage\":\"es\",\"potentialAction\":[{\"@type\":\"ReadAction\",\"target\":[\"https:\/\/www.euroresidentes.com\/estilo-de-vida\/moda-estilo\/tendencias.html\"]}]},{\"@type\":\"BreadcrumbList\",\"@id\":\"https:\/\/www.euroresidentes.com\/estilo-de-vida\/moda-estilo\/tendencias.html#breadcrumb\",\"itemListElement\":[{\"@type\":\"ListItem\",\"position\":1,\"name\":\"Portada\",\"item\":\"https:\/\/www.euroresidentes.com\/estilo-de-vida\/moda-estilo\/\"},{\"@type\":\"ListItem\",\"position\":2,\"name\":\"Tendencias\"}]},{\"@type\":\"WebSite\",\"@id\":\"https:\/\/www.euroresidentes.com\/estilo-de-vida\/moda-estilo\/#website\",\"url\":\"https:\/\/www.euroresidentes.com\/estilo-de-vida\/moda-estilo\/\",\"name\":\"Moda y estilo\",\"description\":\"Tendencias de moda y belleza\",\"potentialAction\":[{\"@type\":\"SearchAction\",\"target\":{\"@type\":\"EntryPoint\",\"urlTemplate\":\"https:\/\/www.euroresidentes.com\/estilo-de-vida\/moda-estilo\/?s={search_term_string}\"},\"query-input\":{\"@type\":\"PropertyValueSpecification\",\"valueRequired\":true,\"valueName\":\"search_term_string\"}}],\"inLanguage\":\"es\"}]}<\/script>\n<!-- \/ Yoast SEO plugin. -->","yoast_head_json":{"title":"Tendencias - Moda y estilo","robots":{"index":"index","follow":"follow","max-snippet":"max-snippet:-1","max-image-preview":"max-image-preview:large","max-video-preview":"max-video-preview:-1"},"canonical":"https:\/\/www.euroresidentes.com\/estilo-de-vida\/moda-estilo\/tendencias.html","og_locale":"es_ES","og_type":"article","og_title":"Tendencias - Moda y estilo","og_description":"Si te interesa conocer las diferentes tendencias, prendas de actualidad, formas de vestir esas tendencias&#8230;. este es tu espacio. Colores de moda primavera 2014 Lo \u00faltimo en sandalias, Cangrejeras Anillos, el complemento estrella \u00bfCalcetines en verano? 6 Tendencias que esperamos no se vuelvan a poner de moda jam\u00e1s Zapatos: 8 estilos diferentes necesarios para este Oto\u00f1o 5 chaquetas para este Oto\u00f1o Street style: 6 tendencias que hemos visto este Oto\u00f1o en la calle \u00a1Olv\u00eddate de los Skinny Jeans! 6 pantalones que comprarte esta temporada","og_url":"https:\/\/www.euroresidentes.com\/estilo-de-vida\/moda-estilo\/tendencias.html","og_site_name":"Moda y estilo","article_publisher":"https:\/\/www.facebook.com\/euroresidentes\/","article_modified_time":"2016-12-19T12:44:19+00:00","twitter_card":"summary_large_image","schema":{"@context":"https:\/\/schema.org","@graph":[{"@type":"WebPage","@id":"https:\/\/www.euroresidentes.com\/estilo-de-vida\/moda-estilo\/tendencias.html","url":"https:\/\/www.euroresidentes.com\/estilo-de-vida\/moda-estilo\/tendencias.html","name":"Tendencias - Moda y estilo","isPartOf":{"@id":"https:\/\/www.euroresidentes.com\/estilo-de-vida\/moda-estilo\/#website"},"datePublished":"2015-02-27T09:56:00+00:00","dateModified":"2016-12-19T12:44:19+00:00","breadcrumb":{"@id":"https:\/\/www.euroresidentes.com\/estilo-de-vida\/moda-estilo\/tendencias.html#breadcrumb"},"inLanguage":"es","potentialAction":[{"@type":"ReadAction","target":["https:\/\/www.euroresidentes.com\/estilo-de-vida\/moda-estilo\/tendencias.html"]}]},{"@type":"BreadcrumbList","@id":"https:\/\/www.euroresidentes.com\/estilo-de-vida\/moda-estilo\/tendencias.html#breadcrumb","itemListElement":[{"@type":"ListItem","position":1,"name":"Portada","item":"https:\/\/www.euroresidentes.com\/estilo-de-vida\/moda-estilo\/"},{"@type":"ListItem","position":2,"name":"Tendencias"}]},{"@type":"WebSite","@id":"https:\/\/www.euroresidentes.com\/estilo-de-vida\/moda-estilo\/#website","url":"https:\/\/www.euroresidentes.com\/estilo-de-vida\/moda-estilo\/","name":"Moda y estilo","description":"Tendencias de moda y belleza","potentialAction":[{"@type":"SearchAction","target":{"@type":"EntryPoint","urlTemplate":"https:\/\/www.euroresidentes.com\/estilo-de-vida\/moda-estilo\/?s={search_term_string}"},"query-input":{"@type":"PropertyValueSpecification","valueRequired":true,"valueName":"search_term_string"}}],"inLanguage":"es"}]}},"_links":{"self":[{"href":"https:\/\/www.euroresidentes.com\/estilo-de-vida\/moda-estilo\/wp-json\/wp\/v2\/pages\/2506","targetHints":{"allow":["GET"]}}],"collection":[{"href":"https:\/\/www.euroresidentes.com\/estilo-de-vida\/moda-estilo\/wp-json\/wp\/v2\/pages"}],"about":[{"href":"https:\/\/www.euroresidentes.com\/estilo-de-vida\/moda-estilo\/wp-json\/wp\/v2\/types\/page"}],"author":[{"embeddable":true,"href":"https:\/\/www.euroresidentes.com\/estilo-de-vida\/moda-estilo\/wp-json\/wp\/v2\/users\/16"}],"replies":[{"embeddable":true,"href":"https:\/\/www.euroresidentes.com\/estilo-de-vida\/moda-estilo\/wp-json\/wp\/v2\/comments?post=2506"}],"version-history":[{"count":1,"href":"https:\/\/www.euroresidentes.com\/estilo-de-vida\/moda-estilo\/wp-json\/wp\/v2\/pages\/2506\/revisions"}],"predecessor-version":[{"id":2707,"href":"https:\/\/www.euroresidentes.com\/estilo-de-vida\/moda-estilo\/wp-json\/wp\/v2\/pages\/2506\/revisions\/2707"}],"wp:attachment":[{"href":"https:\/\/www.euroresidentes.com\/estilo-de-vida\/moda-estilo\/wp-json\/wp\/v2\/media?parent=2506"}],"curies":[{"name":"wp","href":"https:\/\/api.w.org\/{rel}","templated":true}]}}