{"id":1837,"date":"2015-02-27T10:07:00","date_gmt":"2015-02-27T09:07:00","guid":{"rendered":"http:\/\/www.euroresidentes.com\/estilo-de-vida\/moda-estilo\/cuidado-de-la-pie.html"},"modified":"2016-12-19T13:14:36","modified_gmt":"2016-12-19T12:14:36","slug":"cuidado-de-la-pie","status":"publish","type":"page","link":"https:\/\/www.euroresidentes.com\/estilo-de-vida\/moda-estilo\/cuidado-de-la-pie.html","title":{"rendered":"Cuidado de la piel"},"content":{"rendered":"<div dir=\"ltr\" style=\"text-align: left;\" trbidi=\"on\">\nPorque la piel ni crece, ni cambia, tenemos que cuidarla y mimarla todos los d\u00edas<\/p>\n<p><\/p>\n<ul>\n<li><a href=\"http:\/\/peluqueria-estetica.estudiantes.info\/2014\/03\/3-mascarillas-antiojeras-caseras.html\" target=\"_blank\">3 Mascarillas Antiojeras caseras<\/a><\/li>\n<\/ul>\n<ul>\n<li><a href=\"http:\/\/peluqueria-estetica.estudiantes.info\/2014\/03\/mascarilla-casera-anti-excesos.html\" target=\"_blank\">Mascarilla Casera Anti-excesos<\/a><\/li>\n<\/ul>\n<ul>\n<li><a href=\"http:\/\/peluqueria-estetica.estudiantes.info\/2014\/04\/3-secretos-para-ponerme-morena-de-forma.html\" target=\"_blank\">Ponte morena de forma natura<\/a><\/li>\n<\/ul>\n<ul>\n<li><a href=\"http:\/\/peluqueria-estetica.estudiantes.info\/2014\/05\/dormir-bien-te-hace-mas-guapa.html\" target=\"_blank\">Dormir bien, te hace m\u00e1s guapa<\/a><\/li>\n<\/ul>\n<ul>\n<li><a href=\"http:\/\/peluqueria-estetica.estudiantes.info\/2014\/08\/22-trucos-de-belleza-i-especial-cuidado.html\" target=\"_blank\">22 Trucos de belleza, Cuidado de la piel<\/a><\/li>\n<\/ul>\n<ul>\n<li><a href=\"http:\/\/peluqueria-estetica.estudiantes.info\/2014\/08\/7-cosas-que-seguro-no-sabias-sobre-las.html\" target=\"_blank\">7 Cosas que no sab\u00edas sobre las u\u00f1as<\/a><\/li>\n<\/ul>\n<ul>\n<li><a href=\"http:\/\/peluqueria-estetica.estudiantes.info\/2014\/09\/cuida-tu-piel-7-cosas-que-debes-dejar.html\" target=\"_blank\">Cuida tu piel: 7 cosas que debes dejar de hacer<\/a><\/li>\n<\/ul>\n<ul>\n<li><a href=\"http:\/\/peluqueria-estetica.estudiantes.info\/2014\/10\/5-tratamientos-de-belleza-totalmente.html\" target=\"_blank\">5 tratamientos de belleza totalmente caseros<\/a><\/li>\n<\/ul>\n<ul>\n<li><a href=\"http:\/\/peluqueria-estetica.estudiantes.info\/2014\/11\/que-dicen-tus-granitos-sobre-ti.html\" target=\"_blank\">\u00bfQue dicen tus granitos sobre ti?<\/a><\/li>\n<\/ul>\n<ul>\n<li><a href=\"http:\/\/peluqueria-estetica.estudiantes.info\/2015\/01\/como-me-cuido-la-piel-de-la-cara-si.html\" target=\"_blank\">Como me cuido la piel de la cara si tengo menos de 25 a\u00f1os<\/a><\/li>\n<\/ul>\n<ul>\n<li><a href=\"http:\/\/peluqueria-estetica.estudiantes.info\/2015\/02\/deslumbra-el-dia-de-san-valentin-parte.html\" target=\"_blank\">Deslumbra en San Valentin. Prepara tu piel<\/a><\/li>\n<\/ul>\n<\/div>\n<p><\/p>\n","protected":false},"excerpt":{"rendered":"<p>Porque la piel ni crece, ni cambia, tenemos que cuidarla y mimarla todos los d\u00edas 3 Mascarillas Antiojeras caseras Mascarilla Casera Anti-excesos Ponte morena de forma natura Dormir bien, te hace m\u00e1s guapa 22 Trucos de belleza, Cuidado de la piel 7 Cosas que no sab\u00edas sobre las u\u00f1as Cuida tu piel: 7 cosas que debes dejar de hacer 5 tratamientos de belleza totalmente caseros \u00bfQue dicen tus granitos sobre ti? Como me cuido la piel de la cara si tengo menos de 25 a\u00f1os Deslumbra en San Valentin. Prepara tu piel<\/p>\n","protected":false},"author":16,"featured_media":0,"parent":0,"menu_order":0,"comment_status":"closed","ping_status":"closed","template":"","meta":{"footnotes":""},"class_list":["post-1837","page","type-page","status-publish","hentry"],"yoast_head":"<!-- This site is optimized with the Yoast SEO plugin v24.1 - https:\/\/yoast.com\/wordpress\/plugins\/seo\/ -->\n<title>Cuidado de la piel - Moda y estilo<\/title>\n<meta name=\"robots\" content=\"index, follow, max-snippet:-1, max-image-preview:large, max-video-preview:-1\" \/>\n<link rel=\"canonical\" href=\"https:\/\/www.euroresidentes.com\/estilo-de-vida\/moda-estilo\/cuidado-de-la-pie.html\" \/>\n<meta property=\"og:locale\" content=\"es_ES\" \/>\n<meta property=\"og:type\" content=\"article\" \/>\n<meta property=\"og:title\" content=\"Cuidado de la piel - Moda y estilo\" \/>\n<meta property=\"og:description\" content=\"Porque la piel ni crece, ni cambia, tenemos que cuidarla y mimarla todos los d\u00edas 3 Mascarillas Antiojeras caseras Mascarilla Casera Anti-excesos Ponte morena de forma natura Dormir bien, te hace m\u00e1s guapa 22 Trucos de belleza, Cuidado de la piel 7 Cosas que no sab\u00edas sobre las u\u00f1as Cuida tu piel: 7 cosas que debes dejar de hacer 5 tratamientos de belleza totalmente caseros \u00bfQue dicen tus granitos sobre ti? Como me cuido la piel de la cara si tengo menos de 25 a\u00f1os Deslumbra en San Valentin. Prepara tu piel\" \/>\n<meta property=\"og:url\" content=\"https:\/\/www.euroresidentes.com\/estilo-de-vida\/moda-estilo\/cuidado-de-la-pie.html\" \/>\n<meta property=\"og:site_name\" content=\"Moda y estilo\" \/>\n<meta property=\"article:publisher\" content=\"https:\/\/www.facebook.com\/euroresidentes\/\" \/>\n<meta property=\"article:modified_time\" content=\"2016-12-19T12:14:36+00:00\" \/>\n<meta name=\"twitter:card\" content=\"summary_large_image\" \/>\n<script type=\"application\/ld+json\" class=\"yoast-schema-graph\">{\"@context\":\"https:\/\/schema.org\",\"@graph\":[{\"@type\":\"WebPage\",\"@id\":\"https:\/\/www.euroresidentes.com\/estilo-de-vida\/moda-estilo\/cuidado-de-la-pie.html\",\"url\":\"https:\/\/www.euroresidentes.com\/estilo-de-vida\/moda-estilo\/cuidado-de-la-pie.html\",\"name\":\"Cuidado de la piel - Moda y estilo\",\"isPartOf\":{\"@id\":\"https:\/\/www.euroresidentes.com\/estilo-de-vida\/moda-estilo\/#website\"},\"datePublished\":\"2015-02-27T09:07:00+00:00\",\"dateModified\":\"2016-12-19T12:14:36+00:00\",\"breadcrumb\":{\"@id\":\"https:\/\/www.euroresidentes.com\/estilo-de-vida\/moda-estilo\/cuidado-de-la-pie.html#breadcrumb\"},\"inLanguage\":\"es\",\"potentialAction\":[{\"@type\":\"ReadAction\",\"target\":[\"https:\/\/www.euroresidentes.com\/estilo-de-vida\/moda-estilo\/cuidado-de-la-pie.html\"]}]},{\"@type\":\"BreadcrumbList\",\"@id\":\"https:\/\/www.euroresidentes.com\/estilo-de-vida\/moda-estilo\/cuidado-de-la-pie.html#breadcrumb\",\"itemListElement\":[{\"@type\":\"ListItem\",\"position\":1,\"name\":\"Portada\",\"item\":\"https:\/\/www.euroresidentes.com\/estilo-de-vida\/moda-estilo\/\"},{\"@type\":\"ListItem\",\"position\":2,\"name\":\"Cuidado de la piel\"}]},{\"@type\":\"WebSite\",\"@id\":\"https:\/\/www.euroresidentes.com\/estilo-de-vida\/moda-estilo\/#website\",\"url\":\"https:\/\/www.euroresidentes.com\/estilo-de-vida\/moda-estilo\/\",\"name\":\"Moda y estilo\",\"description\":\"Tendencias de moda y belleza\",\"potentialAction\":[{\"@type\":\"SearchAction\",\"target\":{\"@type\":\"EntryPoint\",\"urlTemplate\":\"https:\/\/www.euroresidentes.com\/estilo-de-vida\/moda-estilo\/?s={search_term_string}\"},\"query-input\":{\"@type\":\"PropertyValueSpecification\",\"valueRequired\":true,\"valueName\":\"search_term_string\"}}],\"inLanguage\":\"es\"}]}<\/script>\n<!-- \/ Yoast SEO plugin. -->","yoast_head_json":{"title":"Cuidado de la piel - Moda y estilo","robots":{"index":"index","follow":"follow","max-snippet":"max-snippet:-1","max-image-preview":"max-image-preview:large","max-video-preview":"max-video-preview:-1"},"canonical":"https:\/\/www.euroresidentes.com\/estilo-de-vida\/moda-estilo\/cuidado-de-la-pie.html","og_locale":"es_ES","og_type":"article","og_title":"Cuidado de la piel - Moda y estilo","og_description":"Porque la piel ni crece, ni cambia, tenemos que cuidarla y mimarla todos los d\u00edas 3 Mascarillas Antiojeras caseras Mascarilla Casera Anti-excesos Ponte morena de forma natura Dormir bien, te hace m\u00e1s guapa 22 Trucos de belleza, Cuidado de la piel 7 Cosas que no sab\u00edas sobre las u\u00f1as Cuida tu piel: 7 cosas que debes dejar de hacer 5 tratamientos de belleza totalmente caseros \u00bfQue dicen tus granitos sobre ti? Como me cuido la piel de la cara si tengo menos de 25 a\u00f1os Deslumbra en San Valentin. Prepara tu piel","og_url":"https:\/\/www.euroresidentes.com\/estilo-de-vida\/moda-estilo\/cuidado-de-la-pie.html","og_site_name":"Moda y estilo","article_publisher":"https:\/\/www.facebook.com\/euroresidentes\/","article_modified_time":"2016-12-19T12:14:36+00:00","twitter_card":"summary_large_image","schema":{"@context":"https:\/\/schema.org","@graph":[{"@type":"WebPage","@id":"https:\/\/www.euroresidentes.com\/estilo-de-vida\/moda-estilo\/cuidado-de-la-pie.html","url":"https:\/\/www.euroresidentes.com\/estilo-de-vida\/moda-estilo\/cuidado-de-la-pie.html","name":"Cuidado de la piel - Moda y estilo","isPartOf":{"@id":"https:\/\/www.euroresidentes.com\/estilo-de-vida\/moda-estilo\/#website"},"datePublished":"2015-02-27T09:07:00+00:00","dateModified":"2016-12-19T12:14:36+00:00","breadcrumb":{"@id":"https:\/\/www.euroresidentes.com\/estilo-de-vida\/moda-estilo\/cuidado-de-la-pie.html#breadcrumb"},"inLanguage":"es","potentialAction":[{"@type":"ReadAction","target":["https:\/\/www.euroresidentes.com\/estilo-de-vida\/moda-estilo\/cuidado-de-la-pie.html"]}]},{"@type":"BreadcrumbList","@id":"https:\/\/www.euroresidentes.com\/estilo-de-vida\/moda-estilo\/cuidado-de-la-pie.html#breadcrumb","itemListElement":[{"@type":"ListItem","position":1,"name":"Portada","item":"https:\/\/www.euroresidentes.com\/estilo-de-vida\/moda-estilo\/"},{"@type":"ListItem","position":2,"name":"Cuidado de la piel"}]},{"@type":"WebSite","@id":"https:\/\/www.euroresidentes.com\/estilo-de-vida\/moda-estilo\/#website","url":"https:\/\/www.euroresidentes.com\/estilo-de-vida\/moda-estilo\/","name":"Moda y estilo","description":"Tendencias de moda y belleza","potentialAction":[{"@type":"SearchAction","target":{"@type":"EntryPoint","urlTemplate":"https:\/\/www.euroresidentes.com\/estilo-de-vida\/moda-estilo\/?s={search_term_string}"},"query-input":{"@type":"PropertyValueSpecification","valueRequired":true,"valueName":"search_term_string"}}],"inLanguage":"es"}]}},"_links":{"self":[{"href":"https:\/\/www.euroresidentes.com\/estilo-de-vida\/moda-estilo\/wp-json\/wp\/v2\/pages\/1837","targetHints":{"allow":["GET"]}}],"collection":[{"href":"https:\/\/www.euroresidentes.com\/estilo-de-vida\/moda-estilo\/wp-json\/wp\/v2\/pages"}],"about":[{"href":"https:\/\/www.euroresidentes.com\/estilo-de-vida\/moda-estilo\/wp-json\/wp\/v2\/types\/page"}],"author":[{"embeddable":true,"href":"https:\/\/www.euroresidentes.com\/estilo-de-vida\/moda-estilo\/wp-json\/wp\/v2\/users\/16"}],"replies":[{"embeddable":true,"href":"https:\/\/www.euroresidentes.com\/estilo-de-vida\/moda-estilo\/wp-json\/wp\/v2\/comments?post=1837"}],"version-history":[{"count":1,"href":"https:\/\/www.euroresidentes.com\/estilo-de-vida\/moda-estilo\/wp-json\/wp\/v2\/pages\/1837\/revisions"}],"predecessor-version":[{"id":2001,"href":"https:\/\/www.euroresidentes.com\/estilo-de-vida\/moda-estilo\/wp-json\/wp\/v2\/pages\/1837\/revisions\/2001"}],"wp:attachment":[{"href":"https:\/\/www.euroresidentes.com\/estilo-de-vida\/moda-estilo\/wp-json\/wp\/v2\/media?parent=1837"}],"curies":[{"name":"wp","href":"https:\/\/api.w.org\/{rel}","templated":true}]}}