{"id":1836,"date":"2015-02-27T10:09:00","date_gmt":"2015-02-27T09:09:00","guid":{"rendered":"http:\/\/www.euroresidentes.com\/estilo-de-vida\/moda-estilo\/consejos-de-belleza.html"},"modified":"2016-12-19T13:14:36","modified_gmt":"2016-12-19T12:14:36","slug":"consejos-de-belleza","status":"publish","type":"page","link":"https:\/\/www.euroresidentes.com\/estilo-de-vida\/moda-estilo\/consejos-de-belleza.html","title":{"rendered":"Consejos de Belleza"},"content":{"rendered":"<div dir=\"ltr\" style=\"text-align: left;\" trbidi=\"on\">\nConsejos aplicables a todas las zonas de tu cuerpo, porque sentirte bien por fuera, te hace estar bien por dentro.<\/p>\n<p><\/p>\n<ul>\n<li><a href=\"http:\/\/peluqueria-estetica.estudiantes.info\/2014\/05\/15-trucos-para-salir-siempre-guapa-en.html\" target=\"_blank\">Selfies: 15 Trucos para salir Genial<\/a><\/li>\n<\/ul>\n<ul>\n<li><a href=\"http:\/\/peluqueria-estetica.estudiantes.info\/2014\/05\/dormir-bien-te-hace-mas-guapa.html\" target=\"_blank\">Dormir bien, te hace m\u00e1s guapa<\/a><\/li>\n<\/ul>\n<ul>\n<li><a href=\"http:\/\/peluqueria-estetica.estudiantes.info\/2014\/06\/trucos-basicos-de-belleza-para-tu-dia.html\" target=\"_blank\">Trucos de belleza para tu d\u00eda a d\u00eda<\/a><\/li>\n<\/ul>\n<ul>\n<li><a href=\"http:\/\/peluqueria-estetica.estudiantes.info\/2014\/06\/4-situaciones-horribles-en-las-que-te.html\" target=\"_blank\">4 situaciones horribles en las que te ver\u00e1s fant\u00e1stica<\/a><\/li>\n<\/ul>\n<ul>\n<li><a href=\"http:\/\/peluqueria-estetica.estudiantes.info\/2014\/07\/en-verano-cambia-tu-rutina-de-belleza.html\" target=\"_blank\">En verano, cambia tu rutina de belleza<\/a><\/li>\n<\/ul>\n<ul>\n<li><a href=\"http:\/\/peluqueria-estetica.estudiantes.info\/2014\/07\/20-problemas-que-solo-tiene-la-gente.html\" target=\"_blank\">20 problemas que s\u00f3lo tiene la gente guapa<\/a><\/li>\n<\/ul>\n<ul>\n<li><a href=\"http:\/\/peluqueria-estetica.estudiantes.info\/2014\/08\/11-consejos-para-ser-un-poco-mas-guapo.html\" target=\"_blank\">11 consejos para ser un poco m\u00e1s guapo cada d\u00eda<\/a><\/li>\n<\/ul>\n<ul>\n<li><a href=\"http:\/\/peluqueria-estetica.estudiantes.info\/2014\/09\/selfies-10-trucos-para-salir-siempre.html\" target=\"_blank\">Selfies: 10 trucos para salir siempre guapa<\/a><\/li>\n<\/ul>\n<ul>\n<li><a href=\"http:\/\/peluqueria-estetica.estudiantes.info\/2014\/09\/entrevista-de-trabajo-6-consejos-para.html\" target=\"_blank\">Entrevista de trabajo: 6 consejos una gran primera impresi\u00f3n<\/a><\/li>\n<\/ul>\n<ul>\n<li><a href=\"http:\/\/peluqueria-estetica.estudiantes.info\/2014\/10\/5-insultos-que-jamas-debes-decirle-una.html\" target=\"_blank\">5 insultos que jam\u00e1s debes decirle a una \u00abfashion Victim\u00bb<\/a><\/li>\n<\/ul>\n<ul>\n<li><a href=\"http:\/\/peluqueria-estetica.estudiantes.info\/2014\/12\/7-productos-de-belleza-que-debes.html\" target=\"_blank\">7 productos de belleza que debes refrigerar<\/a><\/li>\n<\/ul>\n<ul>\n<li><a href=\"http:\/\/peluqueria-estetica.estudiantes.info\/2015\/01\/8-tips-para-deslumbrar-en-san-valentin.html\" target=\"_blank\">8 tips para deslumbrar en San Valent\u00edn<\/a><\/li>\n<\/ul>\n<ul>\n<li><a href=\"http:\/\/peluqueria-estetica.estudiantes.info\/2015\/01\/citas-online-9-consejos-para-triunfar.html\" target=\"_blank\">Citas online: 9 consejos para triunfar<\/a><\/li>\n<\/ul>\n<\/div>\n","protected":false},"excerpt":{"rendered":"<p>Consejos aplicables a todas las zonas de tu cuerpo, porque sentirte bien por fuera, te hace estar bien por dentro. Selfies: 15 Trucos para salir Genial Dormir bien, te hace m\u00e1s guapa Trucos de belleza para tu d\u00eda a d\u00eda 4 situaciones horribles en las que te ver\u00e1s fant\u00e1stica En verano, cambia tu rutina de belleza 20 problemas que s\u00f3lo tiene la gente guapa 11 consejos para ser un poco m\u00e1s guapo cada d\u00eda Selfies: 10 trucos para salir siempre guapa Entrevista de trabajo: 6 consejos una gran primera impresi\u00f3n 5 insultos que jam\u00e1s debes decirle a una \u00abfashion Victim\u00bb <\/p>\n","protected":false},"author":16,"featured_media":0,"parent":0,"menu_order":0,"comment_status":"closed","ping_status":"closed","template":"","meta":{"footnotes":""},"class_list":["post-1836","page","type-page","status-publish","hentry"],"yoast_head":"<!-- This site is optimized with the Yoast SEO plugin v24.1 - https:\/\/yoast.com\/wordpress\/plugins\/seo\/ -->\n<title>Consejos de Belleza - Moda y estilo<\/title>\n<meta name=\"robots\" content=\"index, follow, max-snippet:-1, max-image-preview:large, max-video-preview:-1\" \/>\n<link rel=\"canonical\" href=\"https:\/\/www.euroresidentes.com\/estilo-de-vida\/moda-estilo\/consejos-de-belleza.html\" \/>\n<meta property=\"og:locale\" content=\"es_ES\" \/>\n<meta property=\"og:type\" content=\"article\" \/>\n<meta property=\"og:title\" content=\"Consejos de Belleza - Moda y estilo\" \/>\n<meta property=\"og:description\" content=\"Consejos aplicables a todas las zonas de tu cuerpo, porque sentirte bien por fuera, te hace estar bien por dentro. Selfies: 15 Trucos para salir Genial Dormir bien, te hace m\u00e1s guapa Trucos de belleza para tu d\u00eda a d\u00eda 4 situaciones horribles en las que te ver\u00e1s fant\u00e1stica En verano, cambia tu rutina de belleza 20 problemas que s\u00f3lo tiene la gente guapa 11 consejos para ser un poco m\u00e1s guapo cada d\u00eda Selfies: 10 trucos para salir siempre guapa Entrevista de trabajo: 6 consejos una gran primera impresi\u00f3n 5 insultos que jam\u00e1s debes decirle a una \u00abfashion Victim\u00bb\" \/>\n<meta property=\"og:url\" content=\"https:\/\/www.euroresidentes.com\/estilo-de-vida\/moda-estilo\/consejos-de-belleza.html\" \/>\n<meta property=\"og:site_name\" content=\"Moda y estilo\" \/>\n<meta property=\"article:publisher\" content=\"https:\/\/www.facebook.com\/euroresidentes\/\" \/>\n<meta property=\"article:modified_time\" content=\"2016-12-19T12:14:36+00:00\" \/>\n<meta name=\"twitter:card\" content=\"summary_large_image\" \/>\n<meta name=\"twitter:label1\" content=\"Est. reading time\" \/>\n\t<meta name=\"twitter:data1\" content=\"1 minuto\" \/>\n<script type=\"application\/ld+json\" class=\"yoast-schema-graph\">{\"@context\":\"https:\/\/schema.org\",\"@graph\":[{\"@type\":\"WebPage\",\"@id\":\"https:\/\/www.euroresidentes.com\/estilo-de-vida\/moda-estilo\/consejos-de-belleza.html\",\"url\":\"https:\/\/www.euroresidentes.com\/estilo-de-vida\/moda-estilo\/consejos-de-belleza.html\",\"name\":\"Consejos de Belleza - Moda y estilo\",\"isPartOf\":{\"@id\":\"https:\/\/www.euroresidentes.com\/estilo-de-vida\/moda-estilo\/#website\"},\"datePublished\":\"2015-02-27T09:09:00+00:00\",\"dateModified\":\"2016-12-19T12:14:36+00:00\",\"breadcrumb\":{\"@id\":\"https:\/\/www.euroresidentes.com\/estilo-de-vida\/moda-estilo\/consejos-de-belleza.html#breadcrumb\"},\"inLanguage\":\"es\",\"potentialAction\":[{\"@type\":\"ReadAction\",\"target\":[\"https:\/\/www.euroresidentes.com\/estilo-de-vida\/moda-estilo\/consejos-de-belleza.html\"]}]},{\"@type\":\"BreadcrumbList\",\"@id\":\"https:\/\/www.euroresidentes.com\/estilo-de-vida\/moda-estilo\/consejos-de-belleza.html#breadcrumb\",\"itemListElement\":[{\"@type\":\"ListItem\",\"position\":1,\"name\":\"Portada\",\"item\":\"https:\/\/www.euroresidentes.com\/estilo-de-vida\/moda-estilo\/\"},{\"@type\":\"ListItem\",\"position\":2,\"name\":\"Consejos de Belleza\"}]},{\"@type\":\"WebSite\",\"@id\":\"https:\/\/www.euroresidentes.com\/estilo-de-vida\/moda-estilo\/#website\",\"url\":\"https:\/\/www.euroresidentes.com\/estilo-de-vida\/moda-estilo\/\",\"name\":\"Moda y estilo\",\"description\":\"Tendencias de moda y belleza\",\"potentialAction\":[{\"@type\":\"SearchAction\",\"target\":{\"@type\":\"EntryPoint\",\"urlTemplate\":\"https:\/\/www.euroresidentes.com\/estilo-de-vida\/moda-estilo\/?s={search_term_string}\"},\"query-input\":{\"@type\":\"PropertyValueSpecification\",\"valueRequired\":true,\"valueName\":\"search_term_string\"}}],\"inLanguage\":\"es\"}]}<\/script>\n<!-- \/ Yoast SEO plugin. -->","yoast_head_json":{"title":"Consejos de Belleza - Moda y estilo","robots":{"index":"index","follow":"follow","max-snippet":"max-snippet:-1","max-image-preview":"max-image-preview:large","max-video-preview":"max-video-preview:-1"},"canonical":"https:\/\/www.euroresidentes.com\/estilo-de-vida\/moda-estilo\/consejos-de-belleza.html","og_locale":"es_ES","og_type":"article","og_title":"Consejos de Belleza - Moda y estilo","og_description":"Consejos aplicables a todas las zonas de tu cuerpo, porque sentirte bien por fuera, te hace estar bien por dentro. Selfies: 15 Trucos para salir Genial Dormir bien, te hace m\u00e1s guapa Trucos de belleza para tu d\u00eda a d\u00eda 4 situaciones horribles en las que te ver\u00e1s fant\u00e1stica En verano, cambia tu rutina de belleza 20 problemas que s\u00f3lo tiene la gente guapa 11 consejos para ser un poco m\u00e1s guapo cada d\u00eda Selfies: 10 trucos para salir siempre guapa Entrevista de trabajo: 6 consejos una gran primera impresi\u00f3n 5 insultos que jam\u00e1s debes decirle a una \u00abfashion Victim\u00bb","og_url":"https:\/\/www.euroresidentes.com\/estilo-de-vida\/moda-estilo\/consejos-de-belleza.html","og_site_name":"Moda y estilo","article_publisher":"https:\/\/www.facebook.com\/euroresidentes\/","article_modified_time":"2016-12-19T12:14:36+00:00","twitter_card":"summary_large_image","twitter_misc":{"Est. reading time":"1 minuto"},"schema":{"@context":"https:\/\/schema.org","@graph":[{"@type":"WebPage","@id":"https:\/\/www.euroresidentes.com\/estilo-de-vida\/moda-estilo\/consejos-de-belleza.html","url":"https:\/\/www.euroresidentes.com\/estilo-de-vida\/moda-estilo\/consejos-de-belleza.html","name":"Consejos de Belleza - Moda y estilo","isPartOf":{"@id":"https:\/\/www.euroresidentes.com\/estilo-de-vida\/moda-estilo\/#website"},"datePublished":"2015-02-27T09:09:00+00:00","dateModified":"2016-12-19T12:14:36+00:00","breadcrumb":{"@id":"https:\/\/www.euroresidentes.com\/estilo-de-vida\/moda-estilo\/consejos-de-belleza.html#breadcrumb"},"inLanguage":"es","potentialAction":[{"@type":"ReadAction","target":["https:\/\/www.euroresidentes.com\/estilo-de-vida\/moda-estilo\/consejos-de-belleza.html"]}]},{"@type":"BreadcrumbList","@id":"https:\/\/www.euroresidentes.com\/estilo-de-vida\/moda-estilo\/consejos-de-belleza.html#breadcrumb","itemListElement":[{"@type":"ListItem","position":1,"name":"Portada","item":"https:\/\/www.euroresidentes.com\/estilo-de-vida\/moda-estilo\/"},{"@type":"ListItem","position":2,"name":"Consejos de Belleza"}]},{"@type":"WebSite","@id":"https:\/\/www.euroresidentes.com\/estilo-de-vida\/moda-estilo\/#website","url":"https:\/\/www.euroresidentes.com\/estilo-de-vida\/moda-estilo\/","name":"Moda y estilo","description":"Tendencias de moda y belleza","potentialAction":[{"@type":"SearchAction","target":{"@type":"EntryPoint","urlTemplate":"https:\/\/www.euroresidentes.com\/estilo-de-vida\/moda-estilo\/?s={search_term_string}"},"query-input":{"@type":"PropertyValueSpecification","valueRequired":true,"valueName":"search_term_string"}}],"inLanguage":"es"}]}},"_links":{"self":[{"href":"https:\/\/www.euroresidentes.com\/estilo-de-vida\/moda-estilo\/wp-json\/wp\/v2\/pages\/1836","targetHints":{"allow":["GET"]}}],"collection":[{"href":"https:\/\/www.euroresidentes.com\/estilo-de-vida\/moda-estilo\/wp-json\/wp\/v2\/pages"}],"about":[{"href":"https:\/\/www.euroresidentes.com\/estilo-de-vida\/moda-estilo\/wp-json\/wp\/v2\/types\/page"}],"author":[{"embeddable":true,"href":"https:\/\/www.euroresidentes.com\/estilo-de-vida\/moda-estilo\/wp-json\/wp\/v2\/users\/16"}],"replies":[{"embeddable":true,"href":"https:\/\/www.euroresidentes.com\/estilo-de-vida\/moda-estilo\/wp-json\/wp\/v2\/comments?post=1836"}],"version-history":[{"count":1,"href":"https:\/\/www.euroresidentes.com\/estilo-de-vida\/moda-estilo\/wp-json\/wp\/v2\/pages\/1836\/revisions"}],"predecessor-version":[{"id":2000,"href":"https:\/\/www.euroresidentes.com\/estilo-de-vida\/moda-estilo\/wp-json\/wp\/v2\/pages\/1836\/revisions\/2000"}],"wp:attachment":[{"href":"https:\/\/www.euroresidentes.com\/estilo-de-vida\/moda-estilo\/wp-json\/wp\/v2\/media?parent=1836"}],"curies":[{"name":"wp","href":"https:\/\/api.w.org\/{rel}","templated":true}]}}