{"id":1833,"date":"2015-02-27T10:13:00","date_gmt":"2015-02-27T09:13:00","guid":{"rendered":"http:\/\/www.euroresidentes.com\/estilo-de-vida\/moda-estilo\/especial-chicos.html"},"modified":"2016-12-19T13:14:36","modified_gmt":"2016-12-19T12:14:36","slug":"especial-chicos","status":"publish","type":"page","link":"https:\/\/www.euroresidentes.com\/estilo-de-vida\/moda-estilo\/especial-chicos.html","title":{"rendered":"Especial Chicos"},"content":{"rendered":"<p>Un espacio para ti y tus dudas para mejorar un poco m\u00e1s tu aspecto. Ser hombre, no est\u00e1 re\u00f1ido con que te cuides y te preocupes por tu apariencia.<\/p>\n<p><\/p>\n<ul>\n<li><a href=\"http:\/\/peluqueria-estetica.estudiantes.info\/2014\/03\/como-me-corto-el-pelo-chicos.html\" target=\"_blank\">Chicos, C\u00f3mo me corto el pelo<\/a><\/li>\n<\/ul>\n<ul>\n<li><a href=\"http:\/\/peluqueria-estetica.estudiantes.info\/2014\/08\/11-consejos-para-ser-un-poco-mas-guapo.html\" target=\"_blank\">11 consejos para ser un poco m\u00e1s guapo cada d\u00eda<\/a><\/li>\n<\/ul>\n<ul>\n<li><a href=\"http:\/\/peluqueria-estetica.estudiantes.info\/2014\/12\/el-regalo-mas-vendido-de-esta-navidad.html\" target=\"_blank\">El regalo m\u00e1s vendido de esta Navidad: Bolas navide\u00f1as para tu barba<\/a><\/li>\n<\/ul>\n<ul>\n<li><a href=\"http:\/\/peluqueria-estetica.estudiantes.info\/2014\/12\/especial-hombres-4-peinados-diferentes.html\" target=\"_blank\">Especial hombres: 4 peinados diferentes para Nochevieja<\/a><\/li>\n<\/ul>\n","protected":false},"excerpt":{"rendered":"<p>Un espacio para ti y tus dudas para mejorar un poco m\u00e1s tu aspecto. Ser hombre, no est\u00e1 re\u00f1ido con que te cuides y te preocupes por tu apariencia. Chicos, C\u00f3mo me corto el pelo 11 consejos para ser un poco m\u00e1s guapo cada d\u00eda El regalo m\u00e1s vendido de esta Navidad: Bolas navide\u00f1as para tu barba Especial hombres: 4 peinados diferentes para Nochevieja<\/p>\n","protected":false},"author":16,"featured_media":0,"parent":0,"menu_order":0,"comment_status":"closed","ping_status":"closed","template":"","meta":{"footnotes":""},"class_list":["post-1833","page","type-page","status-publish","hentry"],"yoast_head":"<!-- This site is optimized with the Yoast SEO plugin v24.1 - https:\/\/yoast.com\/wordpress\/plugins\/seo\/ -->\n<title>Especial Chicos - Moda y estilo<\/title>\n<meta name=\"robots\" content=\"index, follow, max-snippet:-1, max-image-preview:large, max-video-preview:-1\" \/>\n<link rel=\"canonical\" href=\"https:\/\/www.euroresidentes.com\/estilo-de-vida\/moda-estilo\/especial-chicos.html\" \/>\n<meta property=\"og:locale\" content=\"es_ES\" \/>\n<meta property=\"og:type\" content=\"article\" \/>\n<meta property=\"og:title\" content=\"Especial Chicos - Moda y estilo\" \/>\n<meta property=\"og:description\" content=\"Un espacio para ti y tus dudas para mejorar un poco m\u00e1s tu aspecto. Ser hombre, no est\u00e1 re\u00f1ido con que te cuides y te preocupes por tu apariencia. Chicos, C\u00f3mo me corto el pelo 11 consejos para ser un poco m\u00e1s guapo cada d\u00eda El regalo m\u00e1s vendido de esta Navidad: Bolas navide\u00f1as para tu barba Especial hombres: 4 peinados diferentes para Nochevieja\" \/>\n<meta property=\"og:url\" content=\"https:\/\/www.euroresidentes.com\/estilo-de-vida\/moda-estilo\/especial-chicos.html\" \/>\n<meta property=\"og:site_name\" content=\"Moda y estilo\" \/>\n<meta property=\"article:publisher\" content=\"https:\/\/www.facebook.com\/euroresidentes\/\" \/>\n<meta property=\"article:modified_time\" content=\"2016-12-19T12:14:36+00:00\" \/>\n<meta name=\"twitter:card\" content=\"summary_large_image\" \/>\n<script type=\"application\/ld+json\" class=\"yoast-schema-graph\">{\"@context\":\"https:\/\/schema.org\",\"@graph\":[{\"@type\":\"WebPage\",\"@id\":\"https:\/\/www.euroresidentes.com\/estilo-de-vida\/moda-estilo\/especial-chicos.html\",\"url\":\"https:\/\/www.euroresidentes.com\/estilo-de-vida\/moda-estilo\/especial-chicos.html\",\"name\":\"Especial Chicos - Moda y estilo\",\"isPartOf\":{\"@id\":\"https:\/\/www.euroresidentes.com\/estilo-de-vida\/moda-estilo\/#website\"},\"datePublished\":\"2015-02-27T09:13:00+00:00\",\"dateModified\":\"2016-12-19T12:14:36+00:00\",\"breadcrumb\":{\"@id\":\"https:\/\/www.euroresidentes.com\/estilo-de-vida\/moda-estilo\/especial-chicos.html#breadcrumb\"},\"inLanguage\":\"es\",\"potentialAction\":[{\"@type\":\"ReadAction\",\"target\":[\"https:\/\/www.euroresidentes.com\/estilo-de-vida\/moda-estilo\/especial-chicos.html\"]}]},{\"@type\":\"BreadcrumbList\",\"@id\":\"https:\/\/www.euroresidentes.com\/estilo-de-vida\/moda-estilo\/especial-chicos.html#breadcrumb\",\"itemListElement\":[{\"@type\":\"ListItem\",\"position\":1,\"name\":\"Portada\",\"item\":\"https:\/\/www.euroresidentes.com\/estilo-de-vida\/moda-estilo\/\"},{\"@type\":\"ListItem\",\"position\":2,\"name\":\"Especial Chicos\"}]},{\"@type\":\"WebSite\",\"@id\":\"https:\/\/www.euroresidentes.com\/estilo-de-vida\/moda-estilo\/#website\",\"url\":\"https:\/\/www.euroresidentes.com\/estilo-de-vida\/moda-estilo\/\",\"name\":\"Moda y estilo\",\"description\":\"Tendencias de moda y belleza\",\"potentialAction\":[{\"@type\":\"SearchAction\",\"target\":{\"@type\":\"EntryPoint\",\"urlTemplate\":\"https:\/\/www.euroresidentes.com\/estilo-de-vida\/moda-estilo\/?s={search_term_string}\"},\"query-input\":{\"@type\":\"PropertyValueSpecification\",\"valueRequired\":true,\"valueName\":\"search_term_string\"}}],\"inLanguage\":\"es\"}]}<\/script>\n<!-- \/ Yoast SEO plugin. -->","yoast_head_json":{"title":"Especial Chicos - Moda y estilo","robots":{"index":"index","follow":"follow","max-snippet":"max-snippet:-1","max-image-preview":"max-image-preview:large","max-video-preview":"max-video-preview:-1"},"canonical":"https:\/\/www.euroresidentes.com\/estilo-de-vida\/moda-estilo\/especial-chicos.html","og_locale":"es_ES","og_type":"article","og_title":"Especial Chicos - Moda y estilo","og_description":"Un espacio para ti y tus dudas para mejorar un poco m\u00e1s tu aspecto. Ser hombre, no est\u00e1 re\u00f1ido con que te cuides y te preocupes por tu apariencia. Chicos, C\u00f3mo me corto el pelo 11 consejos para ser un poco m\u00e1s guapo cada d\u00eda El regalo m\u00e1s vendido de esta Navidad: Bolas navide\u00f1as para tu barba Especial hombres: 4 peinados diferentes para Nochevieja","og_url":"https:\/\/www.euroresidentes.com\/estilo-de-vida\/moda-estilo\/especial-chicos.html","og_site_name":"Moda y estilo","article_publisher":"https:\/\/www.facebook.com\/euroresidentes\/","article_modified_time":"2016-12-19T12:14:36+00:00","twitter_card":"summary_large_image","schema":{"@context":"https:\/\/schema.org","@graph":[{"@type":"WebPage","@id":"https:\/\/www.euroresidentes.com\/estilo-de-vida\/moda-estilo\/especial-chicos.html","url":"https:\/\/www.euroresidentes.com\/estilo-de-vida\/moda-estilo\/especial-chicos.html","name":"Especial Chicos - Moda y estilo","isPartOf":{"@id":"https:\/\/www.euroresidentes.com\/estilo-de-vida\/moda-estilo\/#website"},"datePublished":"2015-02-27T09:13:00+00:00","dateModified":"2016-12-19T12:14:36+00:00","breadcrumb":{"@id":"https:\/\/www.euroresidentes.com\/estilo-de-vida\/moda-estilo\/especial-chicos.html#breadcrumb"},"inLanguage":"es","potentialAction":[{"@type":"ReadAction","target":["https:\/\/www.euroresidentes.com\/estilo-de-vida\/moda-estilo\/especial-chicos.html"]}]},{"@type":"BreadcrumbList","@id":"https:\/\/www.euroresidentes.com\/estilo-de-vida\/moda-estilo\/especial-chicos.html#breadcrumb","itemListElement":[{"@type":"ListItem","position":1,"name":"Portada","item":"https:\/\/www.euroresidentes.com\/estilo-de-vida\/moda-estilo\/"},{"@type":"ListItem","position":2,"name":"Especial Chicos"}]},{"@type":"WebSite","@id":"https:\/\/www.euroresidentes.com\/estilo-de-vida\/moda-estilo\/#website","url":"https:\/\/www.euroresidentes.com\/estilo-de-vida\/moda-estilo\/","name":"Moda y estilo","description":"Tendencias de moda y belleza","potentialAction":[{"@type":"SearchAction","target":{"@type":"EntryPoint","urlTemplate":"https:\/\/www.euroresidentes.com\/estilo-de-vida\/moda-estilo\/?s={search_term_string}"},"query-input":{"@type":"PropertyValueSpecification","valueRequired":true,"valueName":"search_term_string"}}],"inLanguage":"es"}]}},"_links":{"self":[{"href":"https:\/\/www.euroresidentes.com\/estilo-de-vida\/moda-estilo\/wp-json\/wp\/v2\/pages\/1833","targetHints":{"allow":["GET"]}}],"collection":[{"href":"https:\/\/www.euroresidentes.com\/estilo-de-vida\/moda-estilo\/wp-json\/wp\/v2\/pages"}],"about":[{"href":"https:\/\/www.euroresidentes.com\/estilo-de-vida\/moda-estilo\/wp-json\/wp\/v2\/types\/page"}],"author":[{"embeddable":true,"href":"https:\/\/www.euroresidentes.com\/estilo-de-vida\/moda-estilo\/wp-json\/wp\/v2\/users\/16"}],"replies":[{"embeddable":true,"href":"https:\/\/www.euroresidentes.com\/estilo-de-vida\/moda-estilo\/wp-json\/wp\/v2\/comments?post=1833"}],"version-history":[{"count":1,"href":"https:\/\/www.euroresidentes.com\/estilo-de-vida\/moda-estilo\/wp-json\/wp\/v2\/pages\/1833\/revisions"}],"predecessor-version":[{"id":1997,"href":"https:\/\/www.euroresidentes.com\/estilo-de-vida\/moda-estilo\/wp-json\/wp\/v2\/pages\/1833\/revisions\/1997"}],"wp:attachment":[{"href":"https:\/\/www.euroresidentes.com\/estilo-de-vida\/moda-estilo\/wp-json\/wp\/v2\/media?parent=1833"}],"curies":[{"name":"wp","href":"https:\/\/api.w.org\/{rel}","templated":true}]}}