{"id":1832,"date":"2015-02-27T10:14:00","date_gmt":"2015-02-27T09:14:00","guid":{"rendered":"http:\/\/www.euroresidentes.com\/estilo-de-vida\/moda-estilo\/disfrazate.html"},"modified":"2016-12-19T13:14:36","modified_gmt":"2016-12-19T12:14:36","slug":"disfrazate","status":"publish","type":"page","link":"https:\/\/www.euroresidentes.com\/estilo-de-vida\/moda-estilo\/disfrazate.html","title":{"rendered":"Disfr\u00e1zate"},"content":{"rendered":"<div dir=\"ltr\" style=\"text-align: left;\" trbidi=\"on\">\n<\/p>\n<ul>\n<li><a href=\"http:\/\/peluqueria-estetica.estudiantes.info\/2014\/10\/ideas-para-maquillajes-de-halloween-las.html\" target=\"_blank\">Ideas para maquillajes de Halloween: Las 10 ideas m\u00e1s votadas para esta terror\u00edfica noche<\/a><\/li>\n<\/ul>\n<ul>\n<li><a href=\"http:\/\/peluqueria-estetica.estudiantes.info\/2014\/11\/50-maquillajes-de-exito-halloween.html\" target=\"_blank\">50 Maquillajes de \u00e9xito: Halloween revoluciona Facebook<\/a><\/li>\n<\/ul>\n<ul>\n<li><a href=\"http:\/\/peluqueria-estetica.estudiantes.info\/2014\/11\/la-catrina-mexicana-5-disfraces-de.html\" target=\"_blank\">La Catrina Mexicana: 5 Disfraces de Halloween<\/a><\/li>\n<\/ul>\n<ul>\n<li><a href=\"http:\/\/peluqueria-estetica.estudiantes.info\/2014\/11\/los-mejores-esqueletos-disfraces-de.html\" target=\"_blank\">Los mejores esqueletos: Disfraces de Halloween<\/a><\/li>\n<\/ul>\n<ul>\n<li><a href=\"http:\/\/peluqueria-estetica.estudiantes.info\/2014\/11\/munecas-muy-reales-los-mejores-disfraces.html\" target=\"_blank\">Mu\u00f1ecas muy reales: Los mejores disfraces<\/a><\/li>\n<\/ul>\n<ul>\n<li><a href=\"http:\/\/peluqueria-estetica.estudiantes.info\/2014\/11\/disfraz-de-zombie-los-5-mejores.html\" target=\"_blank\">Disfraz de Zombie: Los 5 mejores maquillajes<\/a><\/li>\n<\/ul>\n<ul>\n<li><a href=\"http:\/\/peluqueria-estetica.estudiantes.info\/2014\/11\/el-mejor-maquillaje-y-fotografia-de.html\" target=\"_blank\">El mejor maquillaje y fotograf\u00eda de halloween<\/a><\/li>\n<\/ul>\n<ul>\n<li><a href=\"http:\/\/peluqueria-estetica.estudiantes.info\/2014\/11\/ganadores-de-las-4-categorias-de.html\" target=\"_blank\">Ganadores de las 4 categor\u00edas de disfraces de Halloween<\/a><\/li>\n<\/ul>\n<\/div>\n","protected":false},"excerpt":{"rendered":"<p>Ideas para maquillajes de Halloween: Las 10 ideas m\u00e1s votadas para esta terror\u00edfica noche 50 Maquillajes de \u00e9xito: Halloween revoluciona Facebook La Catrina Mexicana: 5 Disfraces de Halloween Los mejores esqueletos: Disfraces de Halloween Mu\u00f1ecas muy reales: Los mejores disfraces Disfraz de Zombie: Los 5 mejores maquillajes El mejor maquillaje y fotograf\u00eda de halloween Ganadores de las 4 categor\u00edas de disfraces de Halloween<\/p>\n","protected":false},"author":16,"featured_media":0,"parent":0,"menu_order":0,"comment_status":"closed","ping_status":"closed","template":"","meta":{"footnotes":""},"class_list":["post-1832","page","type-page","status-publish","hentry"],"yoast_head":"<!-- This site is optimized with the Yoast SEO plugin v24.1 - https:\/\/yoast.com\/wordpress\/plugins\/seo\/ -->\n<title>Disfr\u00e1zate - Moda y estilo<\/title>\n<meta name=\"robots\" content=\"index, follow, max-snippet:-1, max-image-preview:large, max-video-preview:-1\" \/>\n<link rel=\"canonical\" href=\"https:\/\/www.euroresidentes.com\/estilo-de-vida\/moda-estilo\/disfrazate.html\" \/>\n<meta property=\"og:locale\" content=\"es_ES\" \/>\n<meta property=\"og:type\" content=\"article\" \/>\n<meta property=\"og:title\" content=\"Disfr\u00e1zate - Moda y estilo\" \/>\n<meta property=\"og:description\" content=\"Ideas para maquillajes de Halloween: Las 10 ideas m\u00e1s votadas para esta terror\u00edfica noche 50 Maquillajes de \u00e9xito: Halloween revoluciona Facebook La Catrina Mexicana: 5 Disfraces de Halloween Los mejores esqueletos: Disfraces de Halloween Mu\u00f1ecas muy reales: Los mejores disfraces Disfraz de Zombie: Los 5 mejores maquillajes El mejor maquillaje y fotograf\u00eda de halloween Ganadores de las 4 categor\u00edas de disfraces de Halloween\" \/>\n<meta property=\"og:url\" content=\"https:\/\/www.euroresidentes.com\/estilo-de-vida\/moda-estilo\/disfrazate.html\" \/>\n<meta property=\"og:site_name\" content=\"Moda y estilo\" \/>\n<meta property=\"article:publisher\" content=\"https:\/\/www.facebook.com\/euroresidentes\/\" \/>\n<meta property=\"article:modified_time\" content=\"2016-12-19T12:14:36+00:00\" \/>\n<meta name=\"twitter:card\" content=\"summary_large_image\" \/>\n<script type=\"application\/ld+json\" class=\"yoast-schema-graph\">{\"@context\":\"https:\/\/schema.org\",\"@graph\":[{\"@type\":\"WebPage\",\"@id\":\"https:\/\/www.euroresidentes.com\/estilo-de-vida\/moda-estilo\/disfrazate.html\",\"url\":\"https:\/\/www.euroresidentes.com\/estilo-de-vida\/moda-estilo\/disfrazate.html\",\"name\":\"Disfr\u00e1zate - Moda y estilo\",\"isPartOf\":{\"@id\":\"https:\/\/www.euroresidentes.com\/estilo-de-vida\/moda-estilo\/#website\"},\"datePublished\":\"2015-02-27T09:14:00+00:00\",\"dateModified\":\"2016-12-19T12:14:36+00:00\",\"breadcrumb\":{\"@id\":\"https:\/\/www.euroresidentes.com\/estilo-de-vida\/moda-estilo\/disfrazate.html#breadcrumb\"},\"inLanguage\":\"es\",\"potentialAction\":[{\"@type\":\"ReadAction\",\"target\":[\"https:\/\/www.euroresidentes.com\/estilo-de-vida\/moda-estilo\/disfrazate.html\"]}]},{\"@type\":\"BreadcrumbList\",\"@id\":\"https:\/\/www.euroresidentes.com\/estilo-de-vida\/moda-estilo\/disfrazate.html#breadcrumb\",\"itemListElement\":[{\"@type\":\"ListItem\",\"position\":1,\"name\":\"Portada\",\"item\":\"https:\/\/www.euroresidentes.com\/estilo-de-vida\/moda-estilo\/\"},{\"@type\":\"ListItem\",\"position\":2,\"name\":\"Disfr\u00e1zate\"}]},{\"@type\":\"WebSite\",\"@id\":\"https:\/\/www.euroresidentes.com\/estilo-de-vida\/moda-estilo\/#website\",\"url\":\"https:\/\/www.euroresidentes.com\/estilo-de-vida\/moda-estilo\/\",\"name\":\"Moda y estilo\",\"description\":\"Tendencias de moda y belleza\",\"potentialAction\":[{\"@type\":\"SearchAction\",\"target\":{\"@type\":\"EntryPoint\",\"urlTemplate\":\"https:\/\/www.euroresidentes.com\/estilo-de-vida\/moda-estilo\/?s={search_term_string}\"},\"query-input\":{\"@type\":\"PropertyValueSpecification\",\"valueRequired\":true,\"valueName\":\"search_term_string\"}}],\"inLanguage\":\"es\"}]}<\/script>\n<!-- \/ Yoast SEO plugin. -->","yoast_head_json":{"title":"Disfr\u00e1zate - Moda y estilo","robots":{"index":"index","follow":"follow","max-snippet":"max-snippet:-1","max-image-preview":"max-image-preview:large","max-video-preview":"max-video-preview:-1"},"canonical":"https:\/\/www.euroresidentes.com\/estilo-de-vida\/moda-estilo\/disfrazate.html","og_locale":"es_ES","og_type":"article","og_title":"Disfr\u00e1zate - Moda y estilo","og_description":"Ideas para maquillajes de Halloween: Las 10 ideas m\u00e1s votadas para esta terror\u00edfica noche 50 Maquillajes de \u00e9xito: Halloween revoluciona Facebook La Catrina Mexicana: 5 Disfraces de Halloween Los mejores esqueletos: Disfraces de Halloween Mu\u00f1ecas muy reales: Los mejores disfraces Disfraz de Zombie: Los 5 mejores maquillajes El mejor maquillaje y fotograf\u00eda de halloween Ganadores de las 4 categor\u00edas de disfraces de Halloween","og_url":"https:\/\/www.euroresidentes.com\/estilo-de-vida\/moda-estilo\/disfrazate.html","og_site_name":"Moda y estilo","article_publisher":"https:\/\/www.facebook.com\/euroresidentes\/","article_modified_time":"2016-12-19T12:14:36+00:00","twitter_card":"summary_large_image","schema":{"@context":"https:\/\/schema.org","@graph":[{"@type":"WebPage","@id":"https:\/\/www.euroresidentes.com\/estilo-de-vida\/moda-estilo\/disfrazate.html","url":"https:\/\/www.euroresidentes.com\/estilo-de-vida\/moda-estilo\/disfrazate.html","name":"Disfr\u00e1zate - Moda y estilo","isPartOf":{"@id":"https:\/\/www.euroresidentes.com\/estilo-de-vida\/moda-estilo\/#website"},"datePublished":"2015-02-27T09:14:00+00:00","dateModified":"2016-12-19T12:14:36+00:00","breadcrumb":{"@id":"https:\/\/www.euroresidentes.com\/estilo-de-vida\/moda-estilo\/disfrazate.html#breadcrumb"},"inLanguage":"es","potentialAction":[{"@type":"ReadAction","target":["https:\/\/www.euroresidentes.com\/estilo-de-vida\/moda-estilo\/disfrazate.html"]}]},{"@type":"BreadcrumbList","@id":"https:\/\/www.euroresidentes.com\/estilo-de-vida\/moda-estilo\/disfrazate.html#breadcrumb","itemListElement":[{"@type":"ListItem","position":1,"name":"Portada","item":"https:\/\/www.euroresidentes.com\/estilo-de-vida\/moda-estilo\/"},{"@type":"ListItem","position":2,"name":"Disfr\u00e1zate"}]},{"@type":"WebSite","@id":"https:\/\/www.euroresidentes.com\/estilo-de-vida\/moda-estilo\/#website","url":"https:\/\/www.euroresidentes.com\/estilo-de-vida\/moda-estilo\/","name":"Moda y estilo","description":"Tendencias de moda y belleza","potentialAction":[{"@type":"SearchAction","target":{"@type":"EntryPoint","urlTemplate":"https:\/\/www.euroresidentes.com\/estilo-de-vida\/moda-estilo\/?s={search_term_string}"},"query-input":{"@type":"PropertyValueSpecification","valueRequired":true,"valueName":"search_term_string"}}],"inLanguage":"es"}]}},"_links":{"self":[{"href":"https:\/\/www.euroresidentes.com\/estilo-de-vida\/moda-estilo\/wp-json\/wp\/v2\/pages\/1832","targetHints":{"allow":["GET"]}}],"collection":[{"href":"https:\/\/www.euroresidentes.com\/estilo-de-vida\/moda-estilo\/wp-json\/wp\/v2\/pages"}],"about":[{"href":"https:\/\/www.euroresidentes.com\/estilo-de-vida\/moda-estilo\/wp-json\/wp\/v2\/types\/page"}],"author":[{"embeddable":true,"href":"https:\/\/www.euroresidentes.com\/estilo-de-vida\/moda-estilo\/wp-json\/wp\/v2\/users\/16"}],"replies":[{"embeddable":true,"href":"https:\/\/www.euroresidentes.com\/estilo-de-vida\/moda-estilo\/wp-json\/wp\/v2\/comments?post=1832"}],"version-history":[{"count":1,"href":"https:\/\/www.euroresidentes.com\/estilo-de-vida\/moda-estilo\/wp-json\/wp\/v2\/pages\/1832\/revisions"}],"predecessor-version":[{"id":1996,"href":"https:\/\/www.euroresidentes.com\/estilo-de-vida\/moda-estilo\/wp-json\/wp\/v2\/pages\/1832\/revisions\/1996"}],"wp:attachment":[{"href":"https:\/\/www.euroresidentes.com\/estilo-de-vida\/moda-estilo\/wp-json\/wp\/v2\/media?parent=1832"}],"curies":[{"name":"wp","href":"https:\/\/api.w.org\/{rel}","templated":true}]}}