{"id":1831,"date":"2015-04-29T08:10:00","date_gmt":"2015-04-29T06:10:00","guid":{"rendered":"http:\/\/www.euroresidentes.com\/estilo-de-vida\/moda-estilo\/peinados-y-cortes.html"},"modified":"2016-12-19T13:14:36","modified_gmt":"2016-12-19T12:14:36","slug":"peinados-y-cortes","status":"publish","type":"page","link":"https:\/\/www.euroresidentes.com\/estilo-de-vida\/moda-estilo\/peinados-y-cortes.html","title":{"rendered":"Peinados, Colores y Cortes"},"content":{"rendered":"<p>\u00bfC\u00f3mo me peino hoy? \u00bfQu\u00e9 corte de pelo se lleva? Estas y m\u00e1s cuestiones se solucionan en este blog<\/p>\n<p><\/p>\n<ul>\n<li><a href=\"http:\/\/peluqueria-estetica.estudiantes.info\/2014\/03\/como-me-corto-el-pelo-chicos.html\" target=\"_blank\">Chicos: C\u00f3mo me corto el pelo?<\/a><\/li>\n<\/ul>\n<ul>\n<li><a href=\"http:\/\/peluqueria-estetica.estudiantes.info\/2014\/04\/5-trucos-para-disimular-la-raiz-del-pelo.html\" target=\"_blank\">5 Trucos para disimular la ra\u00edz del pelo<\/a><\/li>\n<\/ul>\n<ul>\n<li><a href=\"http:\/\/peluqueria-estetica.estudiantes.info\/2014\/04\/hacer-trenza-de-espiga-en-4-sencillos.html\" target=\"_blank\">Hacer una trenza de espiga en 4 sencillos pasos<\/a><\/li>\n<\/ul>\n<ul>\n<li><a href=\"http:\/\/peluqueria-estetica.estudiantes.info\/2014\/04\/5-cosas-que-tienes-que-saber-antes-de.html\" target=\"_blank\">5 Cosas que tienes que saber antes de cortarte el pelo<\/a><\/li>\n<\/ul>\n<ul>\n<li><a href=\"http:\/\/peluqueria-estetica.estudiantes.info\/2014\/05\/10-motivos-para-hacerte-un-mono-este.html\" target=\"_blank\">10 Motivos para recogerte el pelo este verano<\/a><\/li>\n<\/ul>\n<ul>\n<li><a href=\"http:\/\/peluqueria-estetica.estudiantes.info\/2014\/09\/cabello-los-4-colores-de-moda-para-este.html\" target=\"_blank\">Cabello: Los 4 colores de moda para este Oto\u00f1o<\/a><\/li>\n<\/ul>\n<ul>\n<li><a href=\"http:\/\/peluqueria-estetica.estudiantes.info\/2014\/12\/5-estilos-de-pelo-diferentes-para-la.html\" target=\"_blank\">5 estilos de pelo diferentes para la noche de Fin de A\u00f1o<\/a><\/li>\n<\/ul>\n<ul>\n<li><a href=\"http:\/\/peluqueria-estetica.estudiantes.info\/2015\/04\/aprende-hacerte-trenzas-de-raiz-o.html\" target=\"_blank\">Aprende a hacerte trenzas de ra\u00edz (o africanas) de DOS formas diferentes<\/a><\/li>\n<\/ul>\n<ul>\n<li><a href=\"http:\/\/peluqueria-estetica.estudiantes.info\/2015\/04\/7-formas-diferentes-de-llevar-el-corte.html\" target=\"_blank\">El nuevo &#8216;Bob&#8217; de la Reina Letizia:  7 Formas diferentes de llevar el corte de pelo de la temporada<\/a><\/li>\n<\/ul>\n<ul>\n<li><a href=\"http:\/\/peluqueria-estetica.estudiantes.info\/2015\/04\/7-peinados-que-te-haran-parecer-mas.html\" target=\"_blank\">7 peinados que te har\u00e1n parecer m\u00e1s delgada<\/a><\/li>\n<\/ul>\n","protected":false},"excerpt":{"rendered":"<p>\u00bfC\u00f3mo me peino hoy? \u00bfQu\u00e9 corte de pelo se lleva? Estas y m\u00e1s cuestiones se solucionan en este blog Chicos: C\u00f3mo me corto el pelo? 5 Trucos para disimular la ra\u00edz del pelo Hacer una trenza de espiga en 4 sencillos pasos 5 Cosas que tienes que saber antes de cortarte el pelo 10 Motivos para recogerte el pelo este verano Cabello: Los 4 colores de moda para este Oto\u00f1o 5 estilos de pelo diferentes para la noche de Fin de A\u00f1o Aprende a hacerte trenzas de ra\u00edz (o africanas) de DOS formas diferentes El nuevo &#8216;Bob&#8217; de la Reina <\/p>\n","protected":false},"author":16,"featured_media":0,"parent":0,"menu_order":0,"comment_status":"closed","ping_status":"closed","template":"","meta":{"footnotes":""},"class_list":["post-1831","page","type-page","status-publish","hentry"],"yoast_head":"<!-- This site is optimized with the Yoast SEO plugin v24.1 - https:\/\/yoast.com\/wordpress\/plugins\/seo\/ -->\n<title>Peinados, Colores y Cortes - Moda y estilo<\/title>\n<meta name=\"robots\" content=\"index, follow, max-snippet:-1, max-image-preview:large, max-video-preview:-1\" \/>\n<link rel=\"canonical\" href=\"https:\/\/www.euroresidentes.com\/estilo-de-vida\/moda-estilo\/peinados-y-cortes.html\" \/>\n<meta property=\"og:locale\" content=\"es_ES\" \/>\n<meta property=\"og:type\" content=\"article\" \/>\n<meta property=\"og:title\" content=\"Peinados, Colores y Cortes - Moda y estilo\" \/>\n<meta property=\"og:description\" content=\"\u00bfC\u00f3mo me peino hoy? \u00bfQu\u00e9 corte de pelo se lleva? Estas y m\u00e1s cuestiones se solucionan en este blog Chicos: C\u00f3mo me corto el pelo? 5 Trucos para disimular la ra\u00edz del pelo Hacer una trenza de espiga en 4 sencillos pasos 5 Cosas que tienes que saber antes de cortarte el pelo 10 Motivos para recogerte el pelo este verano Cabello: Los 4 colores de moda para este Oto\u00f1o 5 estilos de pelo diferentes para la noche de Fin de A\u00f1o Aprende a hacerte trenzas de ra\u00edz (o africanas) de DOS formas diferentes El nuevo &#8216;Bob&#8217; de la Reina\" \/>\n<meta property=\"og:url\" content=\"https:\/\/www.euroresidentes.com\/estilo-de-vida\/moda-estilo\/peinados-y-cortes.html\" \/>\n<meta property=\"og:site_name\" content=\"Moda y estilo\" \/>\n<meta property=\"article:publisher\" content=\"https:\/\/www.facebook.com\/euroresidentes\/\" \/>\n<meta property=\"article:modified_time\" content=\"2016-12-19T12:14:36+00:00\" \/>\n<meta name=\"twitter:card\" content=\"summary_large_image\" \/>\n<meta name=\"twitter:label1\" content=\"Est. reading time\" \/>\n\t<meta name=\"twitter:data1\" content=\"1 minuto\" \/>\n<script type=\"application\/ld+json\" class=\"yoast-schema-graph\">{\"@context\":\"https:\/\/schema.org\",\"@graph\":[{\"@type\":\"WebPage\",\"@id\":\"https:\/\/www.euroresidentes.com\/estilo-de-vida\/moda-estilo\/peinados-y-cortes.html\",\"url\":\"https:\/\/www.euroresidentes.com\/estilo-de-vida\/moda-estilo\/peinados-y-cortes.html\",\"name\":\"Peinados, Colores y Cortes - Moda y estilo\",\"isPartOf\":{\"@id\":\"https:\/\/www.euroresidentes.com\/estilo-de-vida\/moda-estilo\/#website\"},\"datePublished\":\"2015-04-29T06:10:00+00:00\",\"dateModified\":\"2016-12-19T12:14:36+00:00\",\"breadcrumb\":{\"@id\":\"https:\/\/www.euroresidentes.com\/estilo-de-vida\/moda-estilo\/peinados-y-cortes.html#breadcrumb\"},\"inLanguage\":\"es\",\"potentialAction\":[{\"@type\":\"ReadAction\",\"target\":[\"https:\/\/www.euroresidentes.com\/estilo-de-vida\/moda-estilo\/peinados-y-cortes.html\"]}]},{\"@type\":\"BreadcrumbList\",\"@id\":\"https:\/\/www.euroresidentes.com\/estilo-de-vida\/moda-estilo\/peinados-y-cortes.html#breadcrumb\",\"itemListElement\":[{\"@type\":\"ListItem\",\"position\":1,\"name\":\"Portada\",\"item\":\"https:\/\/www.euroresidentes.com\/estilo-de-vida\/moda-estilo\/\"},{\"@type\":\"ListItem\",\"position\":2,\"name\":\"Peinados, Colores y Cortes\"}]},{\"@type\":\"WebSite\",\"@id\":\"https:\/\/www.euroresidentes.com\/estilo-de-vida\/moda-estilo\/#website\",\"url\":\"https:\/\/www.euroresidentes.com\/estilo-de-vida\/moda-estilo\/\",\"name\":\"Moda y estilo\",\"description\":\"Tendencias de moda y belleza\",\"potentialAction\":[{\"@type\":\"SearchAction\",\"target\":{\"@type\":\"EntryPoint\",\"urlTemplate\":\"https:\/\/www.euroresidentes.com\/estilo-de-vida\/moda-estilo\/?s={search_term_string}\"},\"query-input\":{\"@type\":\"PropertyValueSpecification\",\"valueRequired\":true,\"valueName\":\"search_term_string\"}}],\"inLanguage\":\"es\"}]}<\/script>\n<!-- \/ Yoast SEO plugin. -->","yoast_head_json":{"title":"Peinados, Colores y Cortes - Moda y estilo","robots":{"index":"index","follow":"follow","max-snippet":"max-snippet:-1","max-image-preview":"max-image-preview:large","max-video-preview":"max-video-preview:-1"},"canonical":"https:\/\/www.euroresidentes.com\/estilo-de-vida\/moda-estilo\/peinados-y-cortes.html","og_locale":"es_ES","og_type":"article","og_title":"Peinados, Colores y Cortes - Moda y estilo","og_description":"\u00bfC\u00f3mo me peino hoy? \u00bfQu\u00e9 corte de pelo se lleva? Estas y m\u00e1s cuestiones se solucionan en este blog Chicos: C\u00f3mo me corto el pelo? 5 Trucos para disimular la ra\u00edz del pelo Hacer una trenza de espiga en 4 sencillos pasos 5 Cosas que tienes que saber antes de cortarte el pelo 10 Motivos para recogerte el pelo este verano Cabello: Los 4 colores de moda para este Oto\u00f1o 5 estilos de pelo diferentes para la noche de Fin de A\u00f1o Aprende a hacerte trenzas de ra\u00edz (o africanas) de DOS formas diferentes El nuevo &#8216;Bob&#8217; de la Reina","og_url":"https:\/\/www.euroresidentes.com\/estilo-de-vida\/moda-estilo\/peinados-y-cortes.html","og_site_name":"Moda y estilo","article_publisher":"https:\/\/www.facebook.com\/euroresidentes\/","article_modified_time":"2016-12-19T12:14:36+00:00","twitter_card":"summary_large_image","twitter_misc":{"Est. reading time":"1 minuto"},"schema":{"@context":"https:\/\/schema.org","@graph":[{"@type":"WebPage","@id":"https:\/\/www.euroresidentes.com\/estilo-de-vida\/moda-estilo\/peinados-y-cortes.html","url":"https:\/\/www.euroresidentes.com\/estilo-de-vida\/moda-estilo\/peinados-y-cortes.html","name":"Peinados, Colores y Cortes - Moda y estilo","isPartOf":{"@id":"https:\/\/www.euroresidentes.com\/estilo-de-vida\/moda-estilo\/#website"},"datePublished":"2015-04-29T06:10:00+00:00","dateModified":"2016-12-19T12:14:36+00:00","breadcrumb":{"@id":"https:\/\/www.euroresidentes.com\/estilo-de-vida\/moda-estilo\/peinados-y-cortes.html#breadcrumb"},"inLanguage":"es","potentialAction":[{"@type":"ReadAction","target":["https:\/\/www.euroresidentes.com\/estilo-de-vida\/moda-estilo\/peinados-y-cortes.html"]}]},{"@type":"BreadcrumbList","@id":"https:\/\/www.euroresidentes.com\/estilo-de-vida\/moda-estilo\/peinados-y-cortes.html#breadcrumb","itemListElement":[{"@type":"ListItem","position":1,"name":"Portada","item":"https:\/\/www.euroresidentes.com\/estilo-de-vida\/moda-estilo\/"},{"@type":"ListItem","position":2,"name":"Peinados, Colores y Cortes"}]},{"@type":"WebSite","@id":"https:\/\/www.euroresidentes.com\/estilo-de-vida\/moda-estilo\/#website","url":"https:\/\/www.euroresidentes.com\/estilo-de-vida\/moda-estilo\/","name":"Moda y estilo","description":"Tendencias de moda y belleza","potentialAction":[{"@type":"SearchAction","target":{"@type":"EntryPoint","urlTemplate":"https:\/\/www.euroresidentes.com\/estilo-de-vida\/moda-estilo\/?s={search_term_string}"},"query-input":{"@type":"PropertyValueSpecification","valueRequired":true,"valueName":"search_term_string"}}],"inLanguage":"es"}]}},"_links":{"self":[{"href":"https:\/\/www.euroresidentes.com\/estilo-de-vida\/moda-estilo\/wp-json\/wp\/v2\/pages\/1831","targetHints":{"allow":["GET"]}}],"collection":[{"href":"https:\/\/www.euroresidentes.com\/estilo-de-vida\/moda-estilo\/wp-json\/wp\/v2\/pages"}],"about":[{"href":"https:\/\/www.euroresidentes.com\/estilo-de-vida\/moda-estilo\/wp-json\/wp\/v2\/types\/page"}],"author":[{"embeddable":true,"href":"https:\/\/www.euroresidentes.com\/estilo-de-vida\/moda-estilo\/wp-json\/wp\/v2\/users\/16"}],"replies":[{"embeddable":true,"href":"https:\/\/www.euroresidentes.com\/estilo-de-vida\/moda-estilo\/wp-json\/wp\/v2\/comments?post=1831"}],"version-history":[{"count":1,"href":"https:\/\/www.euroresidentes.com\/estilo-de-vida\/moda-estilo\/wp-json\/wp\/v2\/pages\/1831\/revisions"}],"predecessor-version":[{"id":1985,"href":"https:\/\/www.euroresidentes.com\/estilo-de-vida\/moda-estilo\/wp-json\/wp\/v2\/pages\/1831\/revisions\/1985"}],"wp:attachment":[{"href":"https:\/\/www.euroresidentes.com\/estilo-de-vida\/moda-estilo\/wp-json\/wp\/v2\/media?parent=1831"}],"curies":[{"name":"wp","href":"https:\/\/api.w.org\/{rel}","templated":true}]}}