{"id":1830,"date":"2016-04-12T12:34:00","date_gmt":"2016-04-12T10:34:00","guid":{"rendered":"http:\/\/www.euroresidentes.com\/estilo-de-vida\/moda-estilo\/carolina-lopez.html"},"modified":"2016-12-19T13:14:35","modified_gmt":"2016-12-19T12:14:35","slug":"carolina-lopez","status":"publish","type":"page","link":"https:\/\/www.euroresidentes.com\/estilo-de-vida\/moda-estilo\/carolina-lopez.html","title":{"rendered":"Carolina L\u00f3pez"},"content":{"rendered":"<div>\n<div class=\"separator\" style=\"clear: both; text-align: center;\">\n<\/div>\n<div class=\"separator\" style=\"clear: both; text-align: center;\">\n<\/div>\n<p><\/div>\n<div>\n<div class=\"separator\" style=\"clear: both; text-align: center;\">\n<\/div>\n<div class=\"separator\" style=\"clear: both; text-align: center;\">\n<\/div>\n<p><\/p>\n<div class=\"separator\" style=\"clear: both; text-align: center;\">\n<a href=\"https:\/\/4.bp.blogspot.com\/-0LSVo2NCjfE\/VwzqKtusSxI\/AAAAAAAAJEI\/ihEOt2qDPjAnSJnG0Kdrb3AfMlYWUikiwCLcB\/s1600\/12079094_10153243158757076_5246940149716144098_n.jpg\" imageanchor=\"1\" style=\"margin-left: 1em; margin-right: 1em;\"><img loading=\"lazy\" decoding=\"async\" border=\"0\" height=\"300\" src=\"https:\/\/www.euroresidentes.com\/estilo-de-vida\/moda-estilo\/wp-content\/uploads\/sites\/15\/2016\/04\/12079094_10153243158757076_5246940149716144098_n1.jpg\" width=\"400\" \/><\/a><\/div>\n<p><\/p>\n<div style=\"text-align: center;\">\n10 Cosas sobre mi<\/div>\n<p>1. Soy Licenciada en Publicidad y RRPP en la Universidad de Alicante<\/p><\/div>\n<div>\n<\/div>\n<div>\n2. Mis dos mayores aficiones son: viajar y comprar ropa<\/p>\n<p>3. Adoro estar sola en casa y poder bailar y cantar como una loca<\/p>\n<p>4. Mi comida favorita es cualquiera que tenga queso<\/p>\n<p>5. Me encanta meterme en la cama a las 10, para poder estar fresca como una lechuga a las 7 de la ma\u00f1ana<\/p>\n<p>6. En mis ratos libres (pocos) me gusta confeccionar mi propia ropa. Desde dise\u00f1arla, hasta la \u00faltima puntada<\/p>\n<p>7. Otra de mis aficiones es quererme. Comprame cremas, hacerme tratamientos de belleza, arreglarme el pelo, maquillarme, tener un armario lleno de ropa bonita&#8230; \u00abLike Kanye loves Kanye\u00bb<\/p>\n<\/div>\n<div>\n8. Si pudiera tener otra vida, me pedir\u00eda la de las Kardashians<\/div>\n<div>\n<br \/>\n9.Mis dos mayores metas en la vida son: ser feliz y conocer todos los a\u00f1os (al menos) un lugar nuevo del mundo <\/p>\n<p>10. Si alguna vez me pierdo, estoy en Ibiza <\/p><\/div>\n<div>\n<p><\/div>\n<div>\nSitios donde leerme:<\/div>\n<div>\n<\/div>\n<div>\n<a href=\"https:\/\/www.euroresidentes.com\/estilo-de-vida\/moda-estilo\/\" target=\"_blank\">MODA Y&nbsp;ESTILO <\/a>euroresidentes<\/div>\n<div>\n<a href=\"https:\/\/www.euroresidentes.com\/estilo-de-vida\/consejos-belleza-bienestar\/\" target=\"_blank\">BELLEZA Y BIENESTAR<\/a> euroresidentes<\/div>\n","protected":false},"excerpt":{"rendered":"<p>10 Cosas sobre mi 1. Soy Licenciada en Publicidad y RRPP en la Universidad de Alicante 2. Mis dos mayores aficiones son: viajar y comprar ropa 3. Adoro estar sola en casa y poder bailar y cantar como una loca 4. Mi comida favorita es cualquiera que tenga queso 5. Me encanta meterme en la cama a las 10, para poder estar fresca como una lechuga a las 7 de la ma\u00f1ana 6. En mis ratos libres (pocos) me gusta confeccionar mi propia ropa. Desde dise\u00f1arla, hasta la \u00faltima puntada 7. Otra de mis aficiones es quererme. Comprame cremas, hacerme <\/p>\n","protected":false},"author":16,"featured_media":0,"parent":0,"menu_order":0,"comment_status":"closed","ping_status":"closed","template":"","meta":{"footnotes":""},"class_list":["post-1830","page","type-page","status-publish","hentry"],"yoast_head":"<!-- This site is optimized with the Yoast SEO plugin v24.1 - https:\/\/yoast.com\/wordpress\/plugins\/seo\/ -->\n<title>Carolina L\u00f3pez - Moda y estilo<\/title>\n<meta name=\"robots\" content=\"index, follow, max-snippet:-1, max-image-preview:large, max-video-preview:-1\" \/>\n<link rel=\"canonical\" href=\"https:\/\/www.euroresidentes.com\/estilo-de-vida\/moda-estilo\/carolina-lopez.html\" \/>\n<meta property=\"og:locale\" content=\"es_ES\" \/>\n<meta property=\"og:type\" content=\"article\" \/>\n<meta property=\"og:title\" content=\"Carolina L\u00f3pez - Moda y estilo\" \/>\n<meta property=\"og:description\" content=\"10 Cosas sobre mi 1. Soy Licenciada en Publicidad y RRPP en la Universidad de Alicante 2. Mis dos mayores aficiones son: viajar y comprar ropa 3. Adoro estar sola en casa y poder bailar y cantar como una loca 4. Mi comida favorita es cualquiera que tenga queso 5. Me encanta meterme en la cama a las 10, para poder estar fresca como una lechuga a las 7 de la ma\u00f1ana 6. En mis ratos libres (pocos) me gusta confeccionar mi propia ropa. Desde dise\u00f1arla, hasta la \u00faltima puntada 7. Otra de mis aficiones es quererme. Comprame cremas, hacerme\" \/>\n<meta property=\"og:url\" content=\"https:\/\/www.euroresidentes.com\/estilo-de-vida\/moda-estilo\/carolina-lopez.html\" \/>\n<meta property=\"og:site_name\" content=\"Moda y estilo\" \/>\n<meta property=\"article:publisher\" content=\"https:\/\/www.facebook.com\/euroresidentes\/\" \/>\n<meta property=\"article:modified_time\" content=\"2016-12-19T12:14:35+00:00\" \/>\n<meta property=\"og:image\" content=\"https:\/\/www.euroresidentes.com\/estilo-de-vida\/moda-estilo\/wp-content\/uploads\/sites\/15\/2016\/04\/12079094_10153243158757076_5246940149716144098_n1.jpg\" \/>\n<meta name=\"twitter:card\" content=\"summary_large_image\" \/>\n<meta name=\"twitter:label1\" content=\"Est. reading time\" \/>\n\t<meta name=\"twitter:data1\" content=\"1 minuto\" \/>\n<script type=\"application\/ld+json\" class=\"yoast-schema-graph\">{\"@context\":\"https:\/\/schema.org\",\"@graph\":[{\"@type\":\"WebPage\",\"@id\":\"https:\/\/www.euroresidentes.com\/estilo-de-vida\/moda-estilo\/carolina-lopez.html\",\"url\":\"https:\/\/www.euroresidentes.com\/estilo-de-vida\/moda-estilo\/carolina-lopez.html\",\"name\":\"Carolina L\u00f3pez - Moda y estilo\",\"isPartOf\":{\"@id\":\"https:\/\/www.euroresidentes.com\/estilo-de-vida\/moda-estilo\/#website\"},\"primaryImageOfPage\":{\"@id\":\"https:\/\/www.euroresidentes.com\/estilo-de-vida\/moda-estilo\/carolina-lopez.html#primaryimage\"},\"image\":{\"@id\":\"https:\/\/www.euroresidentes.com\/estilo-de-vida\/moda-estilo\/carolina-lopez.html#primaryimage\"},\"thumbnailUrl\":\"https:\/\/www.euroresidentes.com\/estilo-de-vida\/moda-estilo\/wp-content\/uploads\/sites\/15\/2016\/04\/12079094_10153243158757076_5246940149716144098_n1.jpg\",\"datePublished\":\"2016-04-12T10:34:00+00:00\",\"dateModified\":\"2016-12-19T12:14:35+00:00\",\"breadcrumb\":{\"@id\":\"https:\/\/www.euroresidentes.com\/estilo-de-vida\/moda-estilo\/carolina-lopez.html#breadcrumb\"},\"inLanguage\":\"es\",\"potentialAction\":[{\"@type\":\"ReadAction\",\"target\":[\"https:\/\/www.euroresidentes.com\/estilo-de-vida\/moda-estilo\/carolina-lopez.html\"]}]},{\"@type\":\"ImageObject\",\"inLanguage\":\"es\",\"@id\":\"https:\/\/www.euroresidentes.com\/estilo-de-vida\/moda-estilo\/carolina-lopez.html#primaryimage\",\"url\":\"https:\/\/www.euroresidentes.com\/estilo-de-vida\/moda-estilo\/wp-content\/uploads\/sites\/15\/2016\/04\/12079094_10153243158757076_5246940149716144098_n1.jpg\",\"contentUrl\":\"https:\/\/www.euroresidentes.com\/estilo-de-vida\/moda-estilo\/wp-content\/uploads\/sites\/15\/2016\/04\/12079094_10153243158757076_5246940149716144098_n1.jpg\",\"width\":400,\"height\":300},{\"@type\":\"BreadcrumbList\",\"@id\":\"https:\/\/www.euroresidentes.com\/estilo-de-vida\/moda-estilo\/carolina-lopez.html#breadcrumb\",\"itemListElement\":[{\"@type\":\"ListItem\",\"position\":1,\"name\":\"Portada\",\"item\":\"https:\/\/www.euroresidentes.com\/estilo-de-vida\/moda-estilo\/\"},{\"@type\":\"ListItem\",\"position\":2,\"name\":\"Carolina L\u00f3pez\"}]},{\"@type\":\"WebSite\",\"@id\":\"https:\/\/www.euroresidentes.com\/estilo-de-vida\/moda-estilo\/#website\",\"url\":\"https:\/\/www.euroresidentes.com\/estilo-de-vida\/moda-estilo\/\",\"name\":\"Moda y estilo\",\"description\":\"Tendencias de moda y belleza\",\"potentialAction\":[{\"@type\":\"SearchAction\",\"target\":{\"@type\":\"EntryPoint\",\"urlTemplate\":\"https:\/\/www.euroresidentes.com\/estilo-de-vida\/moda-estilo\/?s={search_term_string}\"},\"query-input\":{\"@type\":\"PropertyValueSpecification\",\"valueRequired\":true,\"valueName\":\"search_term_string\"}}],\"inLanguage\":\"es\"}]}<\/script>\n<!-- \/ Yoast SEO plugin. -->","yoast_head_json":{"title":"Carolina L\u00f3pez - Moda y estilo","robots":{"index":"index","follow":"follow","max-snippet":"max-snippet:-1","max-image-preview":"max-image-preview:large","max-video-preview":"max-video-preview:-1"},"canonical":"https:\/\/www.euroresidentes.com\/estilo-de-vida\/moda-estilo\/carolina-lopez.html","og_locale":"es_ES","og_type":"article","og_title":"Carolina L\u00f3pez - Moda y estilo","og_description":"10 Cosas sobre mi 1. Soy Licenciada en Publicidad y RRPP en la Universidad de Alicante 2. Mis dos mayores aficiones son: viajar y comprar ropa 3. Adoro estar sola en casa y poder bailar y cantar como una loca 4. Mi comida favorita es cualquiera que tenga queso 5. Me encanta meterme en la cama a las 10, para poder estar fresca como una lechuga a las 7 de la ma\u00f1ana 6. En mis ratos libres (pocos) me gusta confeccionar mi propia ropa. Desde dise\u00f1arla, hasta la \u00faltima puntada 7. Otra de mis aficiones es quererme. Comprame cremas, hacerme","og_url":"https:\/\/www.euroresidentes.com\/estilo-de-vida\/moda-estilo\/carolina-lopez.html","og_site_name":"Moda y estilo","article_publisher":"https:\/\/www.facebook.com\/euroresidentes\/","article_modified_time":"2016-12-19T12:14:35+00:00","og_image":[{"url":"https:\/\/www.euroresidentes.com\/estilo-de-vida\/moda-estilo\/wp-content\/uploads\/sites\/15\/2016\/04\/12079094_10153243158757076_5246940149716144098_n1.jpg","type":"","width":"","height":""}],"twitter_card":"summary_large_image","twitter_misc":{"Est. reading time":"1 minuto"},"schema":{"@context":"https:\/\/schema.org","@graph":[{"@type":"WebPage","@id":"https:\/\/www.euroresidentes.com\/estilo-de-vida\/moda-estilo\/carolina-lopez.html","url":"https:\/\/www.euroresidentes.com\/estilo-de-vida\/moda-estilo\/carolina-lopez.html","name":"Carolina L\u00f3pez - Moda y estilo","isPartOf":{"@id":"https:\/\/www.euroresidentes.com\/estilo-de-vida\/moda-estilo\/#website"},"primaryImageOfPage":{"@id":"https:\/\/www.euroresidentes.com\/estilo-de-vida\/moda-estilo\/carolina-lopez.html#primaryimage"},"image":{"@id":"https:\/\/www.euroresidentes.com\/estilo-de-vida\/moda-estilo\/carolina-lopez.html#primaryimage"},"thumbnailUrl":"https:\/\/www.euroresidentes.com\/estilo-de-vida\/moda-estilo\/wp-content\/uploads\/sites\/15\/2016\/04\/12079094_10153243158757076_5246940149716144098_n1.jpg","datePublished":"2016-04-12T10:34:00+00:00","dateModified":"2016-12-19T12:14:35+00:00","breadcrumb":{"@id":"https:\/\/www.euroresidentes.com\/estilo-de-vida\/moda-estilo\/carolina-lopez.html#breadcrumb"},"inLanguage":"es","potentialAction":[{"@type":"ReadAction","target":["https:\/\/www.euroresidentes.com\/estilo-de-vida\/moda-estilo\/carolina-lopez.html"]}]},{"@type":"ImageObject","inLanguage":"es","@id":"https:\/\/www.euroresidentes.com\/estilo-de-vida\/moda-estilo\/carolina-lopez.html#primaryimage","url":"https:\/\/www.euroresidentes.com\/estilo-de-vida\/moda-estilo\/wp-content\/uploads\/sites\/15\/2016\/04\/12079094_10153243158757076_5246940149716144098_n1.jpg","contentUrl":"https:\/\/www.euroresidentes.com\/estilo-de-vida\/moda-estilo\/wp-content\/uploads\/sites\/15\/2016\/04\/12079094_10153243158757076_5246940149716144098_n1.jpg","width":400,"height":300},{"@type":"BreadcrumbList","@id":"https:\/\/www.euroresidentes.com\/estilo-de-vida\/moda-estilo\/carolina-lopez.html#breadcrumb","itemListElement":[{"@type":"ListItem","position":1,"name":"Portada","item":"https:\/\/www.euroresidentes.com\/estilo-de-vida\/moda-estilo\/"},{"@type":"ListItem","position":2,"name":"Carolina L\u00f3pez"}]},{"@type":"WebSite","@id":"https:\/\/www.euroresidentes.com\/estilo-de-vida\/moda-estilo\/#website","url":"https:\/\/www.euroresidentes.com\/estilo-de-vida\/moda-estilo\/","name":"Moda y estilo","description":"Tendencias de moda y belleza","potentialAction":[{"@type":"SearchAction","target":{"@type":"EntryPoint","urlTemplate":"https:\/\/www.euroresidentes.com\/estilo-de-vida\/moda-estilo\/?s={search_term_string}"},"query-input":{"@type":"PropertyValueSpecification","valueRequired":true,"valueName":"search_term_string"}}],"inLanguage":"es"}]}},"_links":{"self":[{"href":"https:\/\/www.euroresidentes.com\/estilo-de-vida\/moda-estilo\/wp-json\/wp\/v2\/pages\/1830","targetHints":{"allow":["GET"]}}],"collection":[{"href":"https:\/\/www.euroresidentes.com\/estilo-de-vida\/moda-estilo\/wp-json\/wp\/v2\/pages"}],"about":[{"href":"https:\/\/www.euroresidentes.com\/estilo-de-vida\/moda-estilo\/wp-json\/wp\/v2\/types\/page"}],"author":[{"embeddable":true,"href":"https:\/\/www.euroresidentes.com\/estilo-de-vida\/moda-estilo\/wp-json\/wp\/v2\/users\/16"}],"replies":[{"embeddable":true,"href":"https:\/\/www.euroresidentes.com\/estilo-de-vida\/moda-estilo\/wp-json\/wp\/v2\/comments?post=1830"}],"version-history":[{"count":1,"href":"https:\/\/www.euroresidentes.com\/estilo-de-vida\/moda-estilo\/wp-json\/wp\/v2\/pages\/1830\/revisions"}],"predecessor-version":[{"id":1869,"href":"https:\/\/www.euroresidentes.com\/estilo-de-vida\/moda-estilo\/wp-json\/wp\/v2\/pages\/1830\/revisions\/1869"}],"wp:attachment":[{"href":"https:\/\/www.euroresidentes.com\/estilo-de-vida\/moda-estilo\/wp-json\/wp\/v2\/media?parent=1830"}],"curies":[{"name":"wp","href":"https:\/\/api.w.org\/{rel}","templated":true}]}}