{"id":6,"date":"2017-08-09T09:01:26","date_gmt":"2017-08-09T09:01:26","guid":{"rendered":"http:\/\/www.euroresidentes.com\/estilo-de-vida\/elixires-magicos\/?page_id=6"},"modified":"2018-04-23T11:19:30","modified_gmt":"2018-04-23T11:19:30","slug":"el-rincon-de-los-elixires-magicos","status":"publish","type":"page","link":"https:\/\/www.euroresidentes.com\/estilo-de-vida\/elixires-magicos\/el-rincon-de-los-elixires-magicos.html","title":{"rendered":"El Rinc\u00f3n de los Elixires M\u00e1gicos"},"content":{"rendered":"<h4>Una gu\u00eda para\u00a0 planificar el viaje m\u00e1s importante: nuestra\u00a0vida<\/h4>\n<p><a href=\"http:\/\/www.euroresidentes.com\/estilo-de-vida\/elixires-magicos\/wp-content\/uploads\/sites\/16\/2017\/08\/rincon-elixires-magicos_750.jpg\"><img loading=\"lazy\" decoding=\"async\" class=\"aligncenter size-full wp-image-12\" src=\"http:\/\/www.euroresidentes.com\/estilo-de-vida\/elixires-magicos\/wp-content\/uploads\/sites\/16\/2017\/08\/rincon-elixires-magicos_750.jpg\" alt=\"rincon-elixires-magicos_750\" width=\"750\" height=\"228\" srcset=\"https:\/\/www.euroresidentes.com\/estilo-de-vida\/elixires-magicos\/wp-content\/uploads\/sites\/16\/2017\/08\/rincon-elixires-magicos_750.jpg 750w, https:\/\/www.euroresidentes.com\/estilo-de-vida\/elixires-magicos\/wp-content\/uploads\/sites\/16\/2017\/08\/rincon-elixires-magicos_750-300x91.jpg 300w\" sizes=\"auto, (max-width: 750px) 100vw, 750px\" \/><\/a><\/p>\n<h3>Michael Handel<\/h3>\n<p style=\"text-align: left;\">Doctor en Econom\u00eda especializado en sociolog\u00eda, psicolog\u00eda y motivaci\u00f3n, con estudios complementarios en Ciencias de la Alimentaci\u00f3n.<\/p>\n<p style=\"text-align: left;\">Ha trabajado en el campo de la tecnolog\u00eda m\u00e9dica y la industria alimentaria.<\/p>\n<p style=\"text-align: left;\">Su consultora, Dr. Handel Consulting, que asesora desde hace m\u00e1s de treinta a\u00f1os a directivos y equipos de prestigiosas empresas, combina motivadoras ideas con los elixires m\u00e1gicos que mantienen el cuerpo sano y activo, una f\u00f3rmula infalible para liberar inmensas fuerzas internas y alcanzar metas tanto personales como profesionales.<\/p>\n<h3 style=\"text-align: left;\">El libro Elixires M\u00e1gicos<\/h3>\n<p style=\"text-align: left;\">\u00bfFelicidad, salud y bienestar?<br \/>\nNaturalmente.<\/p>\n<p><a href=\"https:\/\/www.amazon.es\/Los-elixires-m%C3%A1gicos-Crecimiento-personal\/dp\/847953978X\/ref=sr_1_1?ie=UTF8&amp;qid=1507711583&amp;sr=8-1&amp;keywords=elixires+magicos\"><img loading=\"lazy\" decoding=\"async\" class=\"size-full wp-image-15 aligncenter\" src=\"http:\/\/www.euroresidentes.com\/estilo-de-vida\/elixires-magicos\/wp-content\/uploads\/sites\/16\/2017\/08\/elixires-magicos-libro.jpg\" alt=\"elixires-magicos-libro\" width=\"400\" height=\"630\" srcset=\"https:\/\/www.euroresidentes.com\/estilo-de-vida\/elixires-magicos\/wp-content\/uploads\/sites\/16\/2017\/08\/elixires-magicos-libro.jpg 400w, https:\/\/www.euroresidentes.com\/estilo-de-vida\/elixires-magicos\/wp-content\/uploads\/sites\/16\/2017\/08\/elixires-magicos-libro-190x300.jpg 190w\" sizes=\"auto, (max-width: 400px) 100vw, 400px\" \/><\/a><\/p>\n<p style=\"text-align: left;\">Un delicioso manual sobre el arte de ser feliz, tener buen aspecto y disfrutar de una salud excelente sin estr\u00e9s y sin presi\u00f3n, de la forma m\u00e1s placentera posible.<\/p>\n<p style=\"text-align: left;\">Nuestro organismo posee una incre\u00edble capacidad de encontrar el equilibrio por s\u00ed mismo. Para facilitarle el trabajo, tenemos Los elixires m\u00e1gicos: lecciones de sabidur\u00eda para ser m\u00e1s felices, que es la premisa de una vida larga y saludable; fascinantes consejos alimentarios que nos ayudar\u00e1n a prevenir y afrontar cualquier problema f\u00edsico, desde el sobrepeso hasta las alergias, o la depresi\u00f3n; y sencillas propuestas para mantenernos sanos y activos e irradiar alegr\u00eda a lo largo del tiempo.<\/p>\n<p style=\"text-align: left;\">Aprende el arte de vivir bien con una deliciosa gu\u00eda que te transformar\u00e1 en cuerpo y mente. Probado, demostrado y sin receta m\u00e9dica.<\/p>\n<p style=\"text-align: left;\">Tras la publicaci\u00f3n de Los Elixires M\u00e1gicos en Espa\u00f1a, Alemania, Suiza y Austria, tambi\u00e9n est\u00e1\u00a0repartiendo salud y felicidad ya en M\u00e9xico, Chile y Uruguay y\u00a0 Estados Unidos.<\/p>\n<p style=\"text-align: left;\"><a href=\"http:\/\/www.edicionesurano.es\/es-ES\/catalogo\/catalogo\/los_elixires_magicos-001000525\" rel=\"nofollow\">http:\/\/www.edicionesurano.es\/es-ES\/catalogo\/catalogo\/los_elixires_magicos-001000525<\/a><\/p>\n<p style=\"text-align: left;\">Blog: <a href=\"https:\/\/loselixiresmagicos.com\/\">loselixiresmagicos.com<\/a><\/p>\n<p><iframe loading=\"lazy\"  id=\"_ytid_41183\"  width=\"1060\" height=\"596\"  data-origwidth=\"1060\" data-origheight=\"596\" src=\"https:\/\/www.youtube.com\/embed\/LxRg9SmL5fo?enablejsapi=1&#038;autoplay=0&#038;cc_load_policy=0&#038;cc_lang_pref=&#038;iv_load_policy=1&#038;loop=0&#038;modestbranding=0&#038;rel=1&#038;fs=1&#038;playsinline=0&#038;autohide=2&#038;theme=dark&#038;color=red&#038;controls=1&#038;\" class=\"__youtube_prefs__  epyt-is-override  no-lazyload\" title=\"YouTube player\"  allow=\"fullscreen; accelerometer; autoplay; clipboard-write; encrypted-media; gyroscope; picture-in-picture\" allowfullscreen data-no-lazy=\"1\" data-skipgform_ajax_framebjll=\"\"><\/iframe><\/p>\n","protected":false},"excerpt":{"rendered":"<p>Una gu\u00eda para\u00a0 planificar el viaje m\u00e1s importante: nuestra\u00a0vida Michael Handel Doctor en Econom\u00eda especializado en sociolog\u00eda, psicolog\u00eda y motivaci\u00f3n, con estudios complementarios en Ciencias de la Alimentaci\u00f3n. Ha trabajado en el campo de la tecnolog\u00eda m\u00e9dica y la industria alimentaria. Su consultora, Dr. Handel Consulting, que asesora desde hace m\u00e1s de treinta a\u00f1os a directivos y equipos de prestigiosas empresas, combina motivadoras ideas con los elixires m\u00e1gicos que mantienen el cuerpo sano y activo, una f\u00f3rmula infalible para liberar inmensas fuerzas internas y alcanzar metas tanto personales como profesionales. El libro Elixires M\u00e1gicos \u00bfFelicidad, salud y bienestar? Naturalmente. Un <\/p>\n","protected":false},"author":1,"featured_media":0,"parent":0,"menu_order":0,"comment_status":"closed","ping_status":"closed","template":"page-author.php","meta":{"footnotes":""},"class_list":["post-6","page","type-page","status-publish","hentry"],"yoast_head":"<!-- This site is optimized with the Yoast SEO plugin v24.1 - https:\/\/yoast.com\/wordpress\/plugins\/seo\/ -->\n<title>El Rinc\u00f3n de los Elixires M\u00e1gicos - El Rinc\u00f3n de los Elixires M\u00e1gicos<\/title>\n<meta name=\"robots\" content=\"index, follow, max-snippet:-1, max-image-preview:large, max-video-preview:-1\" \/>\n<link rel=\"canonical\" href=\"https:\/\/www.euroresidentes.com\/estilo-de-vida\/elixires-magicos\/el-rincon-de-los-elixires-magicos.html\" \/>\n<meta property=\"og:locale\" content=\"es_ES\" \/>\n<meta property=\"og:type\" content=\"article\" \/>\n<meta property=\"og:title\" content=\"El Rinc\u00f3n de los Elixires M\u00e1gicos - El Rinc\u00f3n de los Elixires M\u00e1gicos\" \/>\n<meta property=\"og:description\" content=\"Una gu\u00eda para\u00a0 planificar el viaje m\u00e1s importante: nuestra\u00a0vida Michael Handel Doctor en Econom\u00eda especializado en sociolog\u00eda, psicolog\u00eda y motivaci\u00f3n, con estudios complementarios en Ciencias de la Alimentaci\u00f3n. Ha trabajado en el campo de la tecnolog\u00eda m\u00e9dica y la industria alimentaria. Su consultora, Dr. Handel Consulting, que asesora desde hace m\u00e1s de treinta a\u00f1os a directivos y equipos de prestigiosas empresas, combina motivadoras ideas con los elixires m\u00e1gicos que mantienen el cuerpo sano y activo, una f\u00f3rmula infalible para liberar inmensas fuerzas internas y alcanzar metas tanto personales como profesionales. El libro Elixires M\u00e1gicos \u00bfFelicidad, salud y bienestar? Naturalmente. Un\" \/>\n<meta property=\"og:url\" content=\"https:\/\/www.euroresidentes.com\/estilo-de-vida\/elixires-magicos\/el-rincon-de-los-elixires-magicos.html\" \/>\n<meta property=\"og:site_name\" content=\"El Rinc\u00f3n de los Elixires M\u00e1gicos\" \/>\n<meta property=\"article:modified_time\" content=\"2018-04-23T11:19:30+00:00\" \/>\n<meta property=\"og:image\" content=\"http:\/\/www.euroresidentes.com\/estilo-de-vida\/elixires-magicos\/wp-content\/uploads\/sites\/16\/2017\/08\/rincon-elixires-magicos_750.jpg\" \/>\n<meta name=\"twitter:card\" content=\"summary_large_image\" \/>\n<meta name=\"twitter:label1\" content=\"Est. reading time\" \/>\n\t<meta name=\"twitter:data1\" content=\"2 minutos\" \/>\n<script type=\"application\/ld+json\" class=\"yoast-schema-graph\">{\"@context\":\"https:\/\/schema.org\",\"@graph\":[{\"@type\":\"WebPage\",\"@id\":\"https:\/\/www.euroresidentes.com\/estilo-de-vida\/elixires-magicos\/el-rincon-de-los-elixires-magicos.html\",\"url\":\"https:\/\/www.euroresidentes.com\/estilo-de-vida\/elixires-magicos\/el-rincon-de-los-elixires-magicos.html\",\"name\":\"El Rinc\u00f3n de los Elixires M\u00e1gicos - El Rinc\u00f3n de los Elixires M\u00e1gicos\",\"isPartOf\":{\"@id\":\"https:\/\/www.euroresidentes.com\/estilo-de-vida\/elixires-magicos\/#website\"},\"primaryImageOfPage\":{\"@id\":\"https:\/\/www.euroresidentes.com\/estilo-de-vida\/elixires-magicos\/el-rincon-de-los-elixires-magicos.html#primaryimage\"},\"image\":{\"@id\":\"https:\/\/www.euroresidentes.com\/estilo-de-vida\/elixires-magicos\/el-rincon-de-los-elixires-magicos.html#primaryimage\"},\"thumbnailUrl\":\"http:\/\/www.euroresidentes.com\/estilo-de-vida\/elixires-magicos\/wp-content\/uploads\/sites\/16\/2017\/08\/rincon-elixires-magicos_750.jpg\",\"datePublished\":\"2017-08-09T09:01:26+00:00\",\"dateModified\":\"2018-04-23T11:19:30+00:00\",\"breadcrumb\":{\"@id\":\"https:\/\/www.euroresidentes.com\/estilo-de-vida\/elixires-magicos\/el-rincon-de-los-elixires-magicos.html#breadcrumb\"},\"inLanguage\":\"es\",\"potentialAction\":[{\"@type\":\"ReadAction\",\"target\":[\"https:\/\/www.euroresidentes.com\/estilo-de-vida\/elixires-magicos\/el-rincon-de-los-elixires-magicos.html\"]}]},{\"@type\":\"ImageObject\",\"inLanguage\":\"es\",\"@id\":\"https:\/\/www.euroresidentes.com\/estilo-de-vida\/elixires-magicos\/el-rincon-de-los-elixires-magicos.html#primaryimage\",\"url\":\"http:\/\/www.euroresidentes.com\/estilo-de-vida\/elixires-magicos\/wp-content\/uploads\/sites\/16\/2017\/08\/rincon-elixires-magicos_750.jpg\",\"contentUrl\":\"http:\/\/www.euroresidentes.com\/estilo-de-vida\/elixires-magicos\/wp-content\/uploads\/sites\/16\/2017\/08\/rincon-elixires-magicos_750.jpg\"},{\"@type\":\"BreadcrumbList\",\"@id\":\"https:\/\/www.euroresidentes.com\/estilo-de-vida\/elixires-magicos\/el-rincon-de-los-elixires-magicos.html#breadcrumb\",\"itemListElement\":[{\"@type\":\"ListItem\",\"position\":1,\"name\":\"Portada\",\"item\":\"https:\/\/www.euroresidentes.com\/estilo-de-vida\/elixires-magicos\/\"},{\"@type\":\"ListItem\",\"position\":2,\"name\":\"El Rinc\u00f3n de los Elixires M\u00e1gicos\"}]},{\"@type\":\"WebSite\",\"@id\":\"https:\/\/www.euroresidentes.com\/estilo-de-vida\/elixires-magicos\/#website\",\"url\":\"https:\/\/www.euroresidentes.com\/estilo-de-vida\/elixires-magicos\/\",\"name\":\"El Rinc\u00f3n de los Elixires M\u00e1gicos\",\"description\":\"El arte de ser feliz, tener buen aspecto y disfrutar de una salud excelente sin estr\u00e9s y sin presi\u00f3n, de la forma m\u00e1s placentera posible.\",\"potentialAction\":[{\"@type\":\"SearchAction\",\"target\":{\"@type\":\"EntryPoint\",\"urlTemplate\":\"https:\/\/www.euroresidentes.com\/estilo-de-vida\/elixires-magicos\/?s={search_term_string}\"},\"query-input\":{\"@type\":\"PropertyValueSpecification\",\"valueRequired\":true,\"valueName\":\"search_term_string\"}}],\"inLanguage\":\"es\"}]}<\/script>\n<!-- \/ Yoast SEO plugin. -->","yoast_head_json":{"title":"El Rinc\u00f3n de los Elixires M\u00e1gicos - El Rinc\u00f3n de los Elixires M\u00e1gicos","robots":{"index":"index","follow":"follow","max-snippet":"max-snippet:-1","max-image-preview":"max-image-preview:large","max-video-preview":"max-video-preview:-1"},"canonical":"https:\/\/www.euroresidentes.com\/estilo-de-vida\/elixires-magicos\/el-rincon-de-los-elixires-magicos.html","og_locale":"es_ES","og_type":"article","og_title":"El Rinc\u00f3n de los Elixires M\u00e1gicos - El Rinc\u00f3n de los Elixires M\u00e1gicos","og_description":"Una gu\u00eda para\u00a0 planificar el viaje m\u00e1s importante: nuestra\u00a0vida Michael Handel Doctor en Econom\u00eda especializado en sociolog\u00eda, psicolog\u00eda y motivaci\u00f3n, con estudios complementarios en Ciencias de la Alimentaci\u00f3n. Ha trabajado en el campo de la tecnolog\u00eda m\u00e9dica y la industria alimentaria. Su consultora, Dr. Handel Consulting, que asesora desde hace m\u00e1s de treinta a\u00f1os a directivos y equipos de prestigiosas empresas, combina motivadoras ideas con los elixires m\u00e1gicos que mantienen el cuerpo sano y activo, una f\u00f3rmula infalible para liberar inmensas fuerzas internas y alcanzar metas tanto personales como profesionales. El libro Elixires M\u00e1gicos \u00bfFelicidad, salud y bienestar? Naturalmente. Un","og_url":"https:\/\/www.euroresidentes.com\/estilo-de-vida\/elixires-magicos\/el-rincon-de-los-elixires-magicos.html","og_site_name":"El Rinc\u00f3n de los Elixires M\u00e1gicos","article_modified_time":"2018-04-23T11:19:30+00:00","og_image":[{"url":"http:\/\/www.euroresidentes.com\/estilo-de-vida\/elixires-magicos\/wp-content\/uploads\/sites\/16\/2017\/08\/rincon-elixires-magicos_750.jpg","type":"","width":"","height":""}],"twitter_card":"summary_large_image","twitter_misc":{"Est. reading time":"2 minutos"},"schema":{"@context":"https:\/\/schema.org","@graph":[{"@type":"WebPage","@id":"https:\/\/www.euroresidentes.com\/estilo-de-vida\/elixires-magicos\/el-rincon-de-los-elixires-magicos.html","url":"https:\/\/www.euroresidentes.com\/estilo-de-vida\/elixires-magicos\/el-rincon-de-los-elixires-magicos.html","name":"El Rinc\u00f3n de los Elixires M\u00e1gicos - El Rinc\u00f3n de los Elixires M\u00e1gicos","isPartOf":{"@id":"https:\/\/www.euroresidentes.com\/estilo-de-vida\/elixires-magicos\/#website"},"primaryImageOfPage":{"@id":"https:\/\/www.euroresidentes.com\/estilo-de-vida\/elixires-magicos\/el-rincon-de-los-elixires-magicos.html#primaryimage"},"image":{"@id":"https:\/\/www.euroresidentes.com\/estilo-de-vida\/elixires-magicos\/el-rincon-de-los-elixires-magicos.html#primaryimage"},"thumbnailUrl":"http:\/\/www.euroresidentes.com\/estilo-de-vida\/elixires-magicos\/wp-content\/uploads\/sites\/16\/2017\/08\/rincon-elixires-magicos_750.jpg","datePublished":"2017-08-09T09:01:26+00:00","dateModified":"2018-04-23T11:19:30+00:00","breadcrumb":{"@id":"https:\/\/www.euroresidentes.com\/estilo-de-vida\/elixires-magicos\/el-rincon-de-los-elixires-magicos.html#breadcrumb"},"inLanguage":"es","potentialAction":[{"@type":"ReadAction","target":["https:\/\/www.euroresidentes.com\/estilo-de-vida\/elixires-magicos\/el-rincon-de-los-elixires-magicos.html"]}]},{"@type":"ImageObject","inLanguage":"es","@id":"https:\/\/www.euroresidentes.com\/estilo-de-vida\/elixires-magicos\/el-rincon-de-los-elixires-magicos.html#primaryimage","url":"http:\/\/www.euroresidentes.com\/estilo-de-vida\/elixires-magicos\/wp-content\/uploads\/sites\/16\/2017\/08\/rincon-elixires-magicos_750.jpg","contentUrl":"http:\/\/www.euroresidentes.com\/estilo-de-vida\/elixires-magicos\/wp-content\/uploads\/sites\/16\/2017\/08\/rincon-elixires-magicos_750.jpg"},{"@type":"BreadcrumbList","@id":"https:\/\/www.euroresidentes.com\/estilo-de-vida\/elixires-magicos\/el-rincon-de-los-elixires-magicos.html#breadcrumb","itemListElement":[{"@type":"ListItem","position":1,"name":"Portada","item":"https:\/\/www.euroresidentes.com\/estilo-de-vida\/elixires-magicos\/"},{"@type":"ListItem","position":2,"name":"El Rinc\u00f3n de los Elixires M\u00e1gicos"}]},{"@type":"WebSite","@id":"https:\/\/www.euroresidentes.com\/estilo-de-vida\/elixires-magicos\/#website","url":"https:\/\/www.euroresidentes.com\/estilo-de-vida\/elixires-magicos\/","name":"El Rinc\u00f3n de los Elixires M\u00e1gicos","description":"El arte de ser feliz, tener buen aspecto y disfrutar de una salud excelente sin estr\u00e9s y sin presi\u00f3n, de la forma m\u00e1s placentera posible.","potentialAction":[{"@type":"SearchAction","target":{"@type":"EntryPoint","urlTemplate":"https:\/\/www.euroresidentes.com\/estilo-de-vida\/elixires-magicos\/?s={search_term_string}"},"query-input":{"@type":"PropertyValueSpecification","valueRequired":true,"valueName":"search_term_string"}}],"inLanguage":"es"}]}},"_links":{"self":[{"href":"https:\/\/www.euroresidentes.com\/estilo-de-vida\/elixires-magicos\/wp-json\/wp\/v2\/pages\/6","targetHints":{"allow":["GET"]}}],"collection":[{"href":"https:\/\/www.euroresidentes.com\/estilo-de-vida\/elixires-magicos\/wp-json\/wp\/v2\/pages"}],"about":[{"href":"https:\/\/www.euroresidentes.com\/estilo-de-vida\/elixires-magicos\/wp-json\/wp\/v2\/types\/page"}],"author":[{"embeddable":true,"href":"https:\/\/www.euroresidentes.com\/estilo-de-vida\/elixires-magicos\/wp-json\/wp\/v2\/users\/1"}],"replies":[{"embeddable":true,"href":"https:\/\/www.euroresidentes.com\/estilo-de-vida\/elixires-magicos\/wp-json\/wp\/v2\/comments?post=6"}],"version-history":[{"count":21,"href":"https:\/\/www.euroresidentes.com\/estilo-de-vida\/elixires-magicos\/wp-json\/wp\/v2\/pages\/6\/revisions"}],"predecessor-version":[{"id":357,"href":"https:\/\/www.euroresidentes.com\/estilo-de-vida\/elixires-magicos\/wp-json\/wp\/v2\/pages\/6\/revisions\/357"}],"wp:attachment":[{"href":"https:\/\/www.euroresidentes.com\/estilo-de-vida\/elixires-magicos\/wp-json\/wp\/v2\/media?parent=6"}],"curies":[{"name":"wp","href":"https:\/\/api.w.org\/{rel}","templated":true}]}}