{"id":2815,"date":"2012-12-04T11:28:00","date_gmt":"2012-12-04T11:28:00","guid":{"rendered":"http:\/\/www.euroresidentes.com\/estilo-de-vida\/consejos-belleza-bienestar\/sobre-las-autoras"},"modified":"2016-02-16T08:14:31","modified_gmt":"2016-02-16T08:14:31","slug":"sobre-las-autoras","status":"publish","type":"page","link":"https:\/\/www.euroresidentes.com\/estilo-de-vida\/consejos-belleza-bienestar\/sobre-las-autoras.html","title":{"rendered":"Sobre las autoras"},"content":{"rendered":"<p>&nbsp;<\/p>\n<div class=\"separator\" style=\"clear: both; text-align: center;\"><a style=\"margin-left: 1em; margin-right: 1em;\" href=\"http:\/\/3.bp.blogspot.com\/-krRyUBa7r5w\/ULiBApGAuqI\/AAAAAAAAF6U\/VXIz9MyS1hg\/s1600\/maran.jpg\"><img loading=\"lazy\" decoding=\"async\" src=\"https:\/\/www.euroresidentes.com\/estilo-de-vida\/consejos-belleza-bienestar\/wp-content\/uploads\/sites\/2\/2012\/12\/maran.jpg\" alt=\"\" width=\"400\" height=\"360\" border=\"0\" \/><\/a><\/div>\n<div style=\"margin: 0px;\"><\/div>\n<div style=\"margin: 0px;\">Somos<br \/>\ndos hermanas, Maril\u00f3 y Amparo Martinez, profesionales de la est\u00e9tica<br \/>\ndesde 1984. En el a\u00f1o 1985 decidimos montar nuestro centro de peluquer\u00eda<br \/>\ny est\u00e9tica en la Playa San Juan de Aicante, entre mar, monta\u00f1a y sol.<br \/>\nTodos los tratamientos que ofrecemos se adaptan acada persona, pues cada<br \/>\npersona es (somos) un mundo. No obstante, somos tituladas en:<\/div>\n<ul>\n<li>Est\u00e9tica avanzada, peluquer\u00eda,<\/li>\n<li>Drenjae linf\u00e1tico<\/li>\n<li>Reflexoterapia<\/li>\n<li>Post operatoria de cirug\u00eda est\u00e9tica<\/li>\n<li>Micro pigmentaci\u00f3n<\/li>\n<li>Reiki<\/li>\n<li>Flores Bach<\/li>\n<li>Aromaterapia<\/li>\n<li>Adelgazamientro<\/li>\n<li>Shiatsu<\/li>\n<li>Manchas en la piel<\/li>\n<li>Autobronceador<\/li>\n<li>Depilaci\u00f3n por cera o l\u00e1ser<\/li>\n<li>Tratamiento del acn\u00e9<\/li>\n<li>Masajes\u00a0 y otros tratamientos corporales<\/li>\n<li>Manicuras<\/li>\n<li>Pedicuras<\/li>\n<li>Extensi\u00f3n de pesta\u00f1as<\/li>\n<li>Cursos de maquillaje\u00a0 y tratamiento facial<\/li>\n<\/ul>\n<div style=\"margin: 0px;\">\n<div class=\"separator\" style=\"clear: both; text-align: center;\"><a style=\"margin-left: 1em; margin-right: 1em;\" href=\"http:\/\/4.bp.blogspot.com\/-I1fp9fNGAjo\/UL3ISp5PwZI\/AAAAAAAAF70\/iGmYx8CFFhA\/s1600\/Maran_Salon_Belleza.jpg\"><img loading=\"lazy\" decoding=\"async\" src=\"https:\/\/www.euroresidentes.com\/estilo-de-vida\/consejos-belleza-bienestar\/wp-content\/uploads\/sites\/2\/2012\/12\/Maran_Salon_Belleza.jpg\" alt=\"\" width=\"320\" height=\"238\" border=\"0\" \/><\/a><\/div>\n<p>&nbsp;<\/p>\n<div class=\"separator\" style=\"clear: both; text-align: center;\"><a style=\"margin-left: 1em; margin-right: 1em;\" href=\"http:\/\/4.bp.blogspot.com\/-il_JE43-I9s\/UL3ITootNtI\/AAAAAAAAF74\/yt0BjHvc0vU\/s1600\/Maran_Salon_Belleza_1.jpg\"><img loading=\"lazy\" decoding=\"async\" src=\"https:\/\/www.euroresidentes.com\/estilo-de-vida\/consejos-belleza-bienestar\/wp-content\/uploads\/sites\/2\/2012\/12\/Maran_Salon_Belleza_1.jpg\" alt=\"\" width=\"238\" height=\"320\" border=\"0\" \/><\/a><\/div>\n<p>Tras<br \/>\ndoce a\u00f1os de trabajo y viendo las tendencias de nuestra clientela,<br \/>\ndecidimos cerrar la peluquer\u00eda y centrarnos en el \u00e1mbito de la est\u00e9tica,<br \/>\nel bienestar y la salud.\u00a0 As\u00ed empieza una etapa nueva de nuestra vida,<br \/>\nla especializaci\u00f3n en la belleza integral y espiritual que\u00a0 aporta mucho<br \/>\nmas a nosotras como profesionales y a nuestros clientes que los<br \/>\ntratamientos t\u00edpicos de un gabinete tradicional. Empezamos a explorar,<br \/>\ndescubrir, probar y comprobar que nuestro enfoque personal da resultados<br \/>\nmucho mas positivos y consolidados.<\/p>\n<\/div>\n<div style=\"margin: 0px;\"><\/div>\n<div style=\"margin: 0px;\"><b>Sal\u00f3n de Belleza Maran.\u00a0<\/b><\/div>\n<div style=\"margin: 0px;\">c\/ Tridente, 12, Apartamentos MARAN<\/div>\n<div style=\"margin: 0px;\">Tel.: 606 96 05 09<\/div>\n","protected":false},"excerpt":{"rendered":"<p>&nbsp; Somos dos hermanas, Maril\u00f3 y Amparo Martinez, profesionales de la est\u00e9tica desde 1984. En el a\u00f1o 1985 decidimos montar nuestro centro de peluquer\u00eda y est\u00e9tica en la Playa San Juan de Aicante, entre mar, monta\u00f1a y sol. Todos los tratamientos que ofrecemos se adaptan acada persona, pues cada persona es (somos) un mundo. No obstante, somos tituladas en: Est\u00e9tica avanzada, peluquer\u00eda, Drenjae linf\u00e1tico Reflexoterapia Post operatoria de cirug\u00eda est\u00e9tica Micro pigmentaci\u00f3n Reiki Flores Bach Aromaterapia Adelgazamientro Shiatsu Manchas en la piel Autobronceador Depilaci\u00f3n por cera o l\u00e1ser Tratamiento del acn\u00e9 Masajes\u00a0 y otros tratamientos corporales Manicuras Pedicuras Extensi\u00f3n de <\/p>\n","protected":false},"author":2,"featured_media":0,"parent":0,"menu_order":0,"comment_status":"closed","ping_status":"closed","template":"","meta":{"footnotes":""},"class_list":["post-2815","page","type-page","status-publish","hentry"],"yoast_head":"<!-- This site is optimized with the Yoast SEO plugin v24.1 - https:\/\/yoast.com\/wordpress\/plugins\/seo\/ -->\n<title>Sobre las autoras - Belleza y bienestar<\/title>\n<meta name=\"robots\" content=\"index, follow, max-snippet:-1, max-image-preview:large, max-video-preview:-1\" \/>\n<link rel=\"canonical\" href=\"https:\/\/www.euroresidentes.com\/estilo-de-vida\/consejos-belleza-bienestar\/sobre-las-autoras.html\" \/>\n<meta property=\"og:locale\" content=\"es_ES\" \/>\n<meta property=\"og:type\" content=\"article\" \/>\n<meta property=\"og:title\" content=\"Sobre las autoras - Belleza y bienestar\" \/>\n<meta property=\"og:description\" content=\"&nbsp; Somos dos hermanas, Maril\u00f3 y Amparo Martinez, profesionales de la est\u00e9tica desde 1984. En el a\u00f1o 1985 decidimos montar nuestro centro de peluquer\u00eda y est\u00e9tica en la Playa San Juan de Aicante, entre mar, monta\u00f1a y sol. Todos los tratamientos que ofrecemos se adaptan acada persona, pues cada persona es (somos) un mundo. No obstante, somos tituladas en: Est\u00e9tica avanzada, peluquer\u00eda, Drenjae linf\u00e1tico Reflexoterapia Post operatoria de cirug\u00eda est\u00e9tica Micro pigmentaci\u00f3n Reiki Flores Bach Aromaterapia Adelgazamientro Shiatsu Manchas en la piel Autobronceador Depilaci\u00f3n por cera o l\u00e1ser Tratamiento del acn\u00e9 Masajes\u00a0 y otros tratamientos corporales Manicuras Pedicuras Extensi\u00f3n de\" \/>\n<meta property=\"og:url\" content=\"https:\/\/www.euroresidentes.com\/estilo-de-vida\/consejos-belleza-bienestar\/sobre-las-autoras.html\" \/>\n<meta property=\"og:site_name\" content=\"Belleza y bienestar\" \/>\n<meta property=\"article:publisher\" content=\"https:\/\/www.facebook.com\/euroresidentes\/\" \/>\n<meta property=\"article:modified_time\" content=\"2016-02-16T08:14:31+00:00\" \/>\n<meta property=\"og:image\" content=\"https:\/\/www.euroresidentes.com\/estilo-de-vida\/consejos-belleza-bienestar\/wp-content\/uploads\/sites\/2\/2012\/12\/maran.jpg\" \/>\n<meta name=\"twitter:card\" content=\"summary_large_image\" \/>\n<meta name=\"twitter:label1\" content=\"Est. reading time\" \/>\n\t<meta name=\"twitter:data1\" content=\"1 minuto\" \/>\n<script type=\"application\/ld+json\" class=\"yoast-schema-graph\">{\"@context\":\"https:\/\/schema.org\",\"@graph\":[{\"@type\":\"WebPage\",\"@id\":\"https:\/\/www.euroresidentes.com\/estilo-de-vida\/consejos-belleza-bienestar\/sobre-las-autoras.html\",\"url\":\"https:\/\/www.euroresidentes.com\/estilo-de-vida\/consejos-belleza-bienestar\/sobre-las-autoras.html\",\"name\":\"Sobre las autoras - Belleza y bienestar\",\"isPartOf\":{\"@id\":\"https:\/\/www.euroresidentes.com\/estilo-de-vida\/consejos-belleza-bienestar\/#website\"},\"primaryImageOfPage\":{\"@id\":\"https:\/\/www.euroresidentes.com\/estilo-de-vida\/consejos-belleza-bienestar\/sobre-las-autoras.html#primaryimage\"},\"image\":{\"@id\":\"https:\/\/www.euroresidentes.com\/estilo-de-vida\/consejos-belleza-bienestar\/sobre-las-autoras.html#primaryimage\"},\"thumbnailUrl\":\"https:\/\/www.euroresidentes.com\/estilo-de-vida\/consejos-belleza-bienestar\/wp-content\/uploads\/sites\/2\/2012\/12\/maran.jpg\",\"datePublished\":\"2012-12-04T11:28:00+00:00\",\"dateModified\":\"2016-02-16T08:14:31+00:00\",\"breadcrumb\":{\"@id\":\"https:\/\/www.euroresidentes.com\/estilo-de-vida\/consejos-belleza-bienestar\/sobre-las-autoras.html#breadcrumb\"},\"inLanguage\":\"es\",\"potentialAction\":[{\"@type\":\"ReadAction\",\"target\":[\"https:\/\/www.euroresidentes.com\/estilo-de-vida\/consejos-belleza-bienestar\/sobre-las-autoras.html\"]}]},{\"@type\":\"ImageObject\",\"inLanguage\":\"es\",\"@id\":\"https:\/\/www.euroresidentes.com\/estilo-de-vida\/consejos-belleza-bienestar\/sobre-las-autoras.html#primaryimage\",\"url\":\"https:\/\/www.euroresidentes.com\/estilo-de-vida\/consejos-belleza-bienestar\/wp-content\/uploads\/sites\/2\/2012\/12\/maran.jpg\",\"contentUrl\":\"https:\/\/www.euroresidentes.com\/estilo-de-vida\/consejos-belleza-bienestar\/wp-content\/uploads\/sites\/2\/2012\/12\/maran.jpg\"},{\"@type\":\"BreadcrumbList\",\"@id\":\"https:\/\/www.euroresidentes.com\/estilo-de-vida\/consejos-belleza-bienestar\/sobre-las-autoras.html#breadcrumb\",\"itemListElement\":[{\"@type\":\"ListItem\",\"position\":1,\"name\":\"Portada\",\"item\":\"https:\/\/www.euroresidentes.com\/estilo-de-vida\/consejos-belleza-bienestar\/\"},{\"@type\":\"ListItem\",\"position\":2,\"name\":\"Sobre las autoras\"}]},{\"@type\":\"WebSite\",\"@id\":\"https:\/\/www.euroresidentes.com\/estilo-de-vida\/consejos-belleza-bienestar\/#website\",\"url\":\"https:\/\/www.euroresidentes.com\/estilo-de-vida\/consejos-belleza-bienestar\/\",\"name\":\"Belleza y bienestar\",\"description\":\"Los mejores consejos de belleza y bienestar\",\"potentialAction\":[{\"@type\":\"SearchAction\",\"target\":{\"@type\":\"EntryPoint\",\"urlTemplate\":\"https:\/\/www.euroresidentes.com\/estilo-de-vida\/consejos-belleza-bienestar\/?s={search_term_string}\"},\"query-input\":{\"@type\":\"PropertyValueSpecification\",\"valueRequired\":true,\"valueName\":\"search_term_string\"}}],\"inLanguage\":\"es\"}]}<\/script>\n<!-- \/ Yoast SEO plugin. -->","yoast_head_json":{"title":"Sobre las autoras - Belleza y bienestar","robots":{"index":"index","follow":"follow","max-snippet":"max-snippet:-1","max-image-preview":"max-image-preview:large","max-video-preview":"max-video-preview:-1"},"canonical":"https:\/\/www.euroresidentes.com\/estilo-de-vida\/consejos-belleza-bienestar\/sobre-las-autoras.html","og_locale":"es_ES","og_type":"article","og_title":"Sobre las autoras - Belleza y bienestar","og_description":"&nbsp; Somos dos hermanas, Maril\u00f3 y Amparo Martinez, profesionales de la est\u00e9tica desde 1984. En el a\u00f1o 1985 decidimos montar nuestro centro de peluquer\u00eda y est\u00e9tica en la Playa San Juan de Aicante, entre mar, monta\u00f1a y sol. Todos los tratamientos que ofrecemos se adaptan acada persona, pues cada persona es (somos) un mundo. No obstante, somos tituladas en: Est\u00e9tica avanzada, peluquer\u00eda, Drenjae linf\u00e1tico Reflexoterapia Post operatoria de cirug\u00eda est\u00e9tica Micro pigmentaci\u00f3n Reiki Flores Bach Aromaterapia Adelgazamientro Shiatsu Manchas en la piel Autobronceador Depilaci\u00f3n por cera o l\u00e1ser Tratamiento del acn\u00e9 Masajes\u00a0 y otros tratamientos corporales Manicuras Pedicuras Extensi\u00f3n de","og_url":"https:\/\/www.euroresidentes.com\/estilo-de-vida\/consejos-belleza-bienestar\/sobre-las-autoras.html","og_site_name":"Belleza y bienestar","article_publisher":"https:\/\/www.facebook.com\/euroresidentes\/","article_modified_time":"2016-02-16T08:14:31+00:00","og_image":[{"url":"https:\/\/www.euroresidentes.com\/estilo-de-vida\/consejos-belleza-bienestar\/wp-content\/uploads\/sites\/2\/2012\/12\/maran.jpg","type":"","width":"","height":""}],"twitter_card":"summary_large_image","twitter_misc":{"Est. reading time":"1 minuto"},"schema":{"@context":"https:\/\/schema.org","@graph":[{"@type":"WebPage","@id":"https:\/\/www.euroresidentes.com\/estilo-de-vida\/consejos-belleza-bienestar\/sobre-las-autoras.html","url":"https:\/\/www.euroresidentes.com\/estilo-de-vida\/consejos-belleza-bienestar\/sobre-las-autoras.html","name":"Sobre las autoras - Belleza y bienestar","isPartOf":{"@id":"https:\/\/www.euroresidentes.com\/estilo-de-vida\/consejos-belleza-bienestar\/#website"},"primaryImageOfPage":{"@id":"https:\/\/www.euroresidentes.com\/estilo-de-vida\/consejos-belleza-bienestar\/sobre-las-autoras.html#primaryimage"},"image":{"@id":"https:\/\/www.euroresidentes.com\/estilo-de-vida\/consejos-belleza-bienestar\/sobre-las-autoras.html#primaryimage"},"thumbnailUrl":"https:\/\/www.euroresidentes.com\/estilo-de-vida\/consejos-belleza-bienestar\/wp-content\/uploads\/sites\/2\/2012\/12\/maran.jpg","datePublished":"2012-12-04T11:28:00+00:00","dateModified":"2016-02-16T08:14:31+00:00","breadcrumb":{"@id":"https:\/\/www.euroresidentes.com\/estilo-de-vida\/consejos-belleza-bienestar\/sobre-las-autoras.html#breadcrumb"},"inLanguage":"es","potentialAction":[{"@type":"ReadAction","target":["https:\/\/www.euroresidentes.com\/estilo-de-vida\/consejos-belleza-bienestar\/sobre-las-autoras.html"]}]},{"@type":"ImageObject","inLanguage":"es","@id":"https:\/\/www.euroresidentes.com\/estilo-de-vida\/consejos-belleza-bienestar\/sobre-las-autoras.html#primaryimage","url":"https:\/\/www.euroresidentes.com\/estilo-de-vida\/consejos-belleza-bienestar\/wp-content\/uploads\/sites\/2\/2012\/12\/maran.jpg","contentUrl":"https:\/\/www.euroresidentes.com\/estilo-de-vida\/consejos-belleza-bienestar\/wp-content\/uploads\/sites\/2\/2012\/12\/maran.jpg"},{"@type":"BreadcrumbList","@id":"https:\/\/www.euroresidentes.com\/estilo-de-vida\/consejos-belleza-bienestar\/sobre-las-autoras.html#breadcrumb","itemListElement":[{"@type":"ListItem","position":1,"name":"Portada","item":"https:\/\/www.euroresidentes.com\/estilo-de-vida\/consejos-belleza-bienestar\/"},{"@type":"ListItem","position":2,"name":"Sobre las autoras"}]},{"@type":"WebSite","@id":"https:\/\/www.euroresidentes.com\/estilo-de-vida\/consejos-belleza-bienestar\/#website","url":"https:\/\/www.euroresidentes.com\/estilo-de-vida\/consejos-belleza-bienestar\/","name":"Belleza y bienestar","description":"Los mejores consejos de belleza y bienestar","potentialAction":[{"@type":"SearchAction","target":{"@type":"EntryPoint","urlTemplate":"https:\/\/www.euroresidentes.com\/estilo-de-vida\/consejos-belleza-bienestar\/?s={search_term_string}"},"query-input":{"@type":"PropertyValueSpecification","valueRequired":true,"valueName":"search_term_string"}}],"inLanguage":"es"}]}},"_links":{"self":[{"href":"https:\/\/www.euroresidentes.com\/estilo-de-vida\/consejos-belleza-bienestar\/wp-json\/wp\/v2\/pages\/2815","targetHints":{"allow":["GET"]}}],"collection":[{"href":"https:\/\/www.euroresidentes.com\/estilo-de-vida\/consejos-belleza-bienestar\/wp-json\/wp\/v2\/pages"}],"about":[{"href":"https:\/\/www.euroresidentes.com\/estilo-de-vida\/consejos-belleza-bienestar\/wp-json\/wp\/v2\/types\/page"}],"author":[{"embeddable":true,"href":"https:\/\/www.euroresidentes.com\/estilo-de-vida\/consejos-belleza-bienestar\/wp-json\/wp\/v2\/users\/2"}],"replies":[{"embeddable":true,"href":"https:\/\/www.euroresidentes.com\/estilo-de-vida\/consejos-belleza-bienestar\/wp-json\/wp\/v2\/comments?post=2815"}],"version-history":[{"count":2,"href":"https:\/\/www.euroresidentes.com\/estilo-de-vida\/consejos-belleza-bienestar\/wp-json\/wp\/v2\/pages\/2815\/revisions"}],"predecessor-version":[{"id":4833,"href":"https:\/\/www.euroresidentes.com\/estilo-de-vida\/consejos-belleza-bienestar\/wp-json\/wp\/v2\/pages\/2815\/revisions\/4833"}],"wp:attachment":[{"href":"https:\/\/www.euroresidentes.com\/estilo-de-vida\/consejos-belleza-bienestar\/wp-json\/wp\/v2\/media?parent=2815"}],"curies":[{"name":"wp","href":"https:\/\/api.w.org\/{rel}","templated":true}]}}