{"id":394,"date":"2015-03-09T17:13:00","date_gmt":"2015-03-09T17:13:00","guid":{"rendered":"http:\/\/www.euroresidentes.com\/estilo-de-vida\/adolescentes\/salud"},"modified":"2016-02-16T08:27:25","modified_gmt":"2016-02-16T08:27:25","slug":"salud","status":"publish","type":"page","link":"https:\/\/www.euroresidentes.com\/estilo-de-vida\/adolescentes\/salud.html","title":{"rendered":"Salud"},"content":{"rendered":"<p><a style=\"clear: right; float: right; margin-bottom: 1em; margin-left: 1em;\" href=\"http:\/\/www.euroresidentes.com\/estilo-de-vida\/adolescentes\/wp-content\/uploads\/sites\/13\/2015\/03\/amistad.jpg\"><img loading=\"lazy\" decoding=\"async\" src=\"http:\/\/www.euroresidentes.com\/estilo-de-vida\/adolescentes\/wp-content\/uploads\/sites\/13\/2015\/03\/amistad.jpg\" alt=\"\" width=\"200\" height=\"143\" border=\"0\" \/><\/a><\/p>\n<ul>\n<li><b><a href=\"http:\/\/adolescentes.euroresidentes.com\/2012\/07\/adolescentes-que-fuman.html\" target=\"_blank\">Adolescentes que fuman<\/a><\/b><\/li>\n<li><b><a href=\"http:\/\/adolescentes.euroresidentes.com\/2007\/10\/adolescentes-y-tabaco.html\" target=\"_blank\">Adolescentes y tabaco<\/a><\/b><\/li>\n<li><b><a href=\"http:\/\/adolescentes.euroresidentes.com\/2015\/01\/como-afecta-la-marihuana-al-cerebro.html\" target=\"_blank\">\u00bfC\u00f3mo afecta la marihuana al cerebro adolescente?<\/a><\/b><\/li>\n<li><a href=\"http:\/\/adolescentes.euroresidentes.com\/2014\/01\/15-pistas-para-saber-si-tu-hijo-fuma.html\" target=\"_blank\"><b>15 pistas para saber si hijo fuma marihuana<\/b><\/a><\/li>\n<li><b><a href=\"http:\/\/adolescentes.euroresidentes.com\/2012\/08\/efectos-de-la-marihuana-en-adolescentes.html\" target=\"_blank\">Efectos de la marihuana en adolescentes<\/a><\/b><\/li>\n<li><b><a href=\"http:\/\/adolescentes.euroresidentes.com\/2008\/11\/los-efectos-de-xtasis.html\" target=\"_blank\">Los efectos del \u00e9xtasis<\/a><\/b><\/li>\n<li><a href=\"http:\/\/adolescentes.euroresidentes.com\/2009\/10\/informacion-sobre-el-alcohol-para.html\" target=\"_blank\"><b>Informaci\u00f3n sobre el alcohol para adolescentes<\/b><\/a><\/li>\n<li><a href=\"http:\/\/adolescentes.euroresidentes.com\/2012\/04\/diagnostica-depresion-en-adolescentes.html\" target=\"_blank\"><b>Diagnostica Depresi\u00f3n en adolescentes<\/b><\/a><\/li>\n<li><a href=\"http:\/\/adolescentes.euroresidentes.com\/2007\/10\/el-estrs-adolescente.html\" target=\"_blank\"><b>El estr\u00e9s adolescente<\/b><\/a><\/li>\n<li><a href=\"http:\/\/adolescentes.euroresidentes.com\/2011\/10\/relacion-entre-dieta-y-salud-mental-en.html\" target=\"_blank\"><b>Relaci\u00f3n entre dieta y salud mental en adolescentes<\/b><\/a><\/li>\n<li><a href=\"http:\/\/adolescentes.euroresidentes.com\/2009\/06\/relacion-entre-alimentacion-y-salud.html\" target=\"_blank\"><b>Importancia de la alimentaci\u00f3n en la salud mental de los adolescentes<\/b><\/a><\/li>\n<li><a href=\"http:\/\/adolescentes.euroresidentes.com\/2010\/08\/relacion-de-la-dieta-con-deficit-de.html\" target=\"_blank\"><b>Relaci\u00f3n entre la dieta y el TDAH<\/b><\/a><\/li>\n<li><a href=\"http:\/\/adolescentes.euroresidentes.com\/2009\/07\/problemas-de-peso-en-adolescentes.html\" target=\"_blank\"><b>Problemas de peso en adolescentes<\/b><\/a><\/li>\n<li><b><a href=\"http:\/\/adolescentes.euroresidentes.com\/2010\/06\/evitar-la-obesidad-infantil.html\" target=\"_blank\">Evitar la obesidad infantil<\/a><\/b><\/li>\n<li><a href=\"http:\/\/adolescentes.euroresidentes.com\/2009\/06\/obesidad-en-adolescentes.html\" target=\"_blank\"><b>Obesidad en adolescentes<\/b><\/a><\/li>\n<li><b><a href=\"http:\/\/adolescentes.euroresidentes.com\/2011\/06\/dieta-dash-para-adolescentes-con.html\" target=\"_blank\">Dieta DASH para adolescentes con sobrepeso<\/a><\/b><\/li>\n<li><a href=\"http:\/\/adolescentes.euroresidentes.com\/2010\/09\/adelgazar-en-la-adolescencia.html\" target=\"_blank\"><b>Adelgazar en la adolescencia<\/b><\/a><\/li>\n<li><b><a href=\"http:\/\/adolescentes.euroresidentes.com\/2010\/11\/impacto-de-demasiada-sal-en-la-dieta-de.html\" target=\"_blank\">El impacto de consumir sal en exceso durante la adolescencia<\/a><\/b><\/li>\n<li><a href=\"http:\/\/adolescentes.euroresidentes.com\/2010\/02\/estudio-sobre-los-habitos-alimentarios.html\" target=\"_blank\"><b>Estudio sobre los h\u00e1bitos alimentarios en adolescentes<\/b><\/a><\/li>\n<li><b><a href=\"http:\/\/adolescentes.euroresidentes.com\/2012\/06\/adolescentes-y-dietas-bajas-en-fibra.html\" target=\"_blank\">Adolescentes y Dietas bajas en fibra<\/a><\/b><\/li>\n<li><b><a href=\"http:\/\/adolescentes.euroresidentes.com\/2010\/09\/relacion-entre-la-pubertad-precoz-y-la.html\" target=\"_blank\">Relaci\u00f3n entre la pubertad precoz y la dieta<\/a><\/b><\/li>\n<li><b><a href=\"http:\/\/adolescentes.euroresidentes.com\/2015\/03\/1-billon-de-jovenes-pueden-quedarse.html\" target=\"_blank\">1 Bill\u00f3n de j\u00f3venes pueden quedarse sordos por el uso del auricular<\/a><\/b><\/li>\n<li><a href=\"http:\/\/adolescentes.euroresidentes.com\/2010\/06\/dolor-de-cabeza-en-adolescentes.html\" target=\"_blank\"><b>Dolor de cabeza en adolescentes<\/b><\/a><\/li>\n<li><b><a href=\"http:\/\/adolescentes.euroresidentes.com\/2008\/11\/ayudar-los-adolescentes-hacer-deportes.html\" target=\"_blank\">Ayudar a los adolescentes a hacer deporte<\/a><\/b><\/li>\n<li><b><a href=\"http:\/\/adolescentes.euroresidentes.com\/2010\/02\/la-importancia-de-tomar-minerales.html\" target=\"_blank\">La importancia de tomar minerales durante la adolescencia<\/a><\/b><\/li>\n<li><b><a href=\"http:\/\/adolescentes.euroresidentes.com\/2015\/01\/lo-que-el-acne-revela-de-la-salud-de-tu.html\" target=\"_blank\">Lo que el acn\u00e9 revela de la salud de tus hijos<\/a><\/b><\/li>\n<li><a href=\"http:\/\/adolescentes.euroresidentes.com\/2009\/04\/remedios-naturales-contra-el-acne.html\" target=\"_blank\"><b>Remedios naturales contra el acn\u00e9<\/b><\/a><\/li>\n<\/ul>\n","protected":false},"excerpt":{"rendered":"<p>Adolescentes que fuman Adolescentes y tabaco \u00bfC\u00f3mo afecta la marihuana al cerebro adolescente? 15 pistas para saber si hijo fuma marihuana Efectos de la marihuana en adolescentes Los efectos del \u00e9xtasis Informaci\u00f3n sobre el alcohol para adolescentes Diagnostica Depresi\u00f3n en adolescentes El estr\u00e9s adolescente Relaci\u00f3n entre dieta y salud mental en adolescentes Importancia de la alimentaci\u00f3n en la salud mental de los adolescentes Relaci\u00f3n entre la dieta y el TDAH Problemas de peso en adolescentes Evitar la obesidad infantil Obesidad en adolescentes Dieta DASH para adolescentes con sobrepeso Adelgazar en la adolescencia El impacto de consumir sal en exceso durante <\/p>\n","protected":false},"author":11,"featured_media":0,"parent":0,"menu_order":0,"comment_status":"closed","ping_status":"closed","template":"","meta":{"footnotes":""},"class_list":["post-394","page","type-page","status-publish","hentry"],"yoast_head":"<!-- This site is optimized with the Yoast SEO plugin v24.1 - https:\/\/yoast.com\/wordpress\/plugins\/seo\/ -->\n<title>Salud - Adolescentes<\/title>\n<meta name=\"robots\" content=\"index, follow, max-snippet:-1, max-image-preview:large, max-video-preview:-1\" \/>\n<link rel=\"canonical\" href=\"https:\/\/www.euroresidentes.com\/estilo-de-vida\/adolescentes\/salud.html\" \/>\n<meta property=\"og:locale\" content=\"es_ES\" \/>\n<meta property=\"og:type\" content=\"article\" \/>\n<meta property=\"og:title\" content=\"Salud - Adolescentes\" \/>\n<meta property=\"og:description\" content=\"Adolescentes que fuman Adolescentes y tabaco \u00bfC\u00f3mo afecta la marihuana al cerebro adolescente? 15 pistas para saber si hijo fuma marihuana Efectos de la marihuana en adolescentes Los efectos del \u00e9xtasis Informaci\u00f3n sobre el alcohol para adolescentes Diagnostica Depresi\u00f3n en adolescentes El estr\u00e9s adolescente Relaci\u00f3n entre dieta y salud mental en adolescentes Importancia de la alimentaci\u00f3n en la salud mental de los adolescentes Relaci\u00f3n entre la dieta y el TDAH Problemas de peso en adolescentes Evitar la obesidad infantil Obesidad en adolescentes Dieta DASH para adolescentes con sobrepeso Adelgazar en la adolescencia El impacto de consumir sal en exceso durante\" \/>\n<meta property=\"og:url\" content=\"https:\/\/www.euroresidentes.com\/estilo-de-vida\/adolescentes\/salud.html\" \/>\n<meta property=\"og:site_name\" content=\"Adolescentes\" \/>\n<meta property=\"article:publisher\" content=\"https:\/\/www.facebook.com\/sentir.bien.euroresidentes\/\" \/>\n<meta property=\"article:modified_time\" content=\"2016-02-16T08:27:25+00:00\" \/>\n<meta property=\"og:image\" content=\"http:\/\/www.euroresidentes.com\/estilo-de-vida\/adolescentes\/wp-content\/uploads\/sites\/13\/2015\/03\/amistad.jpg\" \/>\n<meta name=\"twitter:card\" content=\"summary_large_image\" \/>\n<meta name=\"twitter:label1\" content=\"Est. reading time\" \/>\n\t<meta name=\"twitter:data1\" content=\"1 minuto\" \/>\n<script type=\"application\/ld+json\" class=\"yoast-schema-graph\">{\"@context\":\"https:\/\/schema.org\",\"@graph\":[{\"@type\":\"WebPage\",\"@id\":\"https:\/\/www.euroresidentes.com\/estilo-de-vida\/adolescentes\/salud.html\",\"url\":\"https:\/\/www.euroresidentes.com\/estilo-de-vida\/adolescentes\/salud.html\",\"name\":\"Salud - Adolescentes\",\"isPartOf\":{\"@id\":\"https:\/\/www.euroresidentes.com\/estilo-de-vida\/adolescentes\/#website\"},\"primaryImageOfPage\":{\"@id\":\"https:\/\/www.euroresidentes.com\/estilo-de-vida\/adolescentes\/salud.html#primaryimage\"},\"image\":{\"@id\":\"https:\/\/www.euroresidentes.com\/estilo-de-vida\/adolescentes\/salud.html#primaryimage\"},\"thumbnailUrl\":\"http:\/\/www.euroresidentes.com\/estilo-de-vida\/adolescentes\/wp-content\/uploads\/sites\/13\/2015\/03\/amistad.jpg\",\"datePublished\":\"2015-03-09T17:13:00+00:00\",\"dateModified\":\"2016-02-16T08:27:25+00:00\",\"breadcrumb\":{\"@id\":\"https:\/\/www.euroresidentes.com\/estilo-de-vida\/adolescentes\/salud.html#breadcrumb\"},\"inLanguage\":\"es\",\"potentialAction\":[{\"@type\":\"ReadAction\",\"target\":[\"https:\/\/www.euroresidentes.com\/estilo-de-vida\/adolescentes\/salud.html\"]}]},{\"@type\":\"ImageObject\",\"inLanguage\":\"es\",\"@id\":\"https:\/\/www.euroresidentes.com\/estilo-de-vida\/adolescentes\/salud.html#primaryimage\",\"url\":\"http:\/\/www.euroresidentes.com\/estilo-de-vida\/adolescentes\/wp-content\/uploads\/sites\/13\/2015\/03\/amistad.jpg\",\"contentUrl\":\"http:\/\/www.euroresidentes.com\/estilo-de-vida\/adolescentes\/wp-content\/uploads\/sites\/13\/2015\/03\/amistad.jpg\"},{\"@type\":\"BreadcrumbList\",\"@id\":\"https:\/\/www.euroresidentes.com\/estilo-de-vida\/adolescentes\/salud.html#breadcrumb\",\"itemListElement\":[{\"@type\":\"ListItem\",\"position\":1,\"name\":\"Portada\",\"item\":\"https:\/\/www.euroresidentes.com\/estilo-de-vida\/adolescentes\/\"},{\"@type\":\"ListItem\",\"position\":2,\"name\":\"Salud\"}]},{\"@type\":\"WebSite\",\"@id\":\"https:\/\/www.euroresidentes.com\/estilo-de-vida\/adolescentes\/#website\",\"url\":\"https:\/\/www.euroresidentes.com\/estilo-de-vida\/adolescentes\/\",\"name\":\"Adolescentes\",\"description\":\"Blog sobre la etapa de la adolescencia\",\"potentialAction\":[{\"@type\":\"SearchAction\",\"target\":{\"@type\":\"EntryPoint\",\"urlTemplate\":\"https:\/\/www.euroresidentes.com\/estilo-de-vida\/adolescentes\/?s={search_term_string}\"},\"query-input\":{\"@type\":\"PropertyValueSpecification\",\"valueRequired\":true,\"valueName\":\"search_term_string\"}}],\"inLanguage\":\"es\"}]}<\/script>\n<!-- \/ Yoast SEO plugin. -->","yoast_head_json":{"title":"Salud - Adolescentes","robots":{"index":"index","follow":"follow","max-snippet":"max-snippet:-1","max-image-preview":"max-image-preview:large","max-video-preview":"max-video-preview:-1"},"canonical":"https:\/\/www.euroresidentes.com\/estilo-de-vida\/adolescentes\/salud.html","og_locale":"es_ES","og_type":"article","og_title":"Salud - Adolescentes","og_description":"Adolescentes que fuman Adolescentes y tabaco \u00bfC\u00f3mo afecta la marihuana al cerebro adolescente? 15 pistas para saber si hijo fuma marihuana Efectos de la marihuana en adolescentes Los efectos del \u00e9xtasis Informaci\u00f3n sobre el alcohol para adolescentes Diagnostica Depresi\u00f3n en adolescentes El estr\u00e9s adolescente Relaci\u00f3n entre dieta y salud mental en adolescentes Importancia de la alimentaci\u00f3n en la salud mental de los adolescentes Relaci\u00f3n entre la dieta y el TDAH Problemas de peso en adolescentes Evitar la obesidad infantil Obesidad en adolescentes Dieta DASH para adolescentes con sobrepeso Adelgazar en la adolescencia El impacto de consumir sal en exceso durante","og_url":"https:\/\/www.euroresidentes.com\/estilo-de-vida\/adolescentes\/salud.html","og_site_name":"Adolescentes","article_publisher":"https:\/\/www.facebook.com\/sentir.bien.euroresidentes\/","article_modified_time":"2016-02-16T08:27:25+00:00","og_image":[{"url":"http:\/\/www.euroresidentes.com\/estilo-de-vida\/adolescentes\/wp-content\/uploads\/sites\/13\/2015\/03\/amistad.jpg","type":"","width":"","height":""}],"twitter_card":"summary_large_image","twitter_misc":{"Est. reading time":"1 minuto"},"schema":{"@context":"https:\/\/schema.org","@graph":[{"@type":"WebPage","@id":"https:\/\/www.euroresidentes.com\/estilo-de-vida\/adolescentes\/salud.html","url":"https:\/\/www.euroresidentes.com\/estilo-de-vida\/adolescentes\/salud.html","name":"Salud - Adolescentes","isPartOf":{"@id":"https:\/\/www.euroresidentes.com\/estilo-de-vida\/adolescentes\/#website"},"primaryImageOfPage":{"@id":"https:\/\/www.euroresidentes.com\/estilo-de-vida\/adolescentes\/salud.html#primaryimage"},"image":{"@id":"https:\/\/www.euroresidentes.com\/estilo-de-vida\/adolescentes\/salud.html#primaryimage"},"thumbnailUrl":"http:\/\/www.euroresidentes.com\/estilo-de-vida\/adolescentes\/wp-content\/uploads\/sites\/13\/2015\/03\/amistad.jpg","datePublished":"2015-03-09T17:13:00+00:00","dateModified":"2016-02-16T08:27:25+00:00","breadcrumb":{"@id":"https:\/\/www.euroresidentes.com\/estilo-de-vida\/adolescentes\/salud.html#breadcrumb"},"inLanguage":"es","potentialAction":[{"@type":"ReadAction","target":["https:\/\/www.euroresidentes.com\/estilo-de-vida\/adolescentes\/salud.html"]}]},{"@type":"ImageObject","inLanguage":"es","@id":"https:\/\/www.euroresidentes.com\/estilo-de-vida\/adolescentes\/salud.html#primaryimage","url":"http:\/\/www.euroresidentes.com\/estilo-de-vida\/adolescentes\/wp-content\/uploads\/sites\/13\/2015\/03\/amistad.jpg","contentUrl":"http:\/\/www.euroresidentes.com\/estilo-de-vida\/adolescentes\/wp-content\/uploads\/sites\/13\/2015\/03\/amistad.jpg"},{"@type":"BreadcrumbList","@id":"https:\/\/www.euroresidentes.com\/estilo-de-vida\/adolescentes\/salud.html#breadcrumb","itemListElement":[{"@type":"ListItem","position":1,"name":"Portada","item":"https:\/\/www.euroresidentes.com\/estilo-de-vida\/adolescentes\/"},{"@type":"ListItem","position":2,"name":"Salud"}]},{"@type":"WebSite","@id":"https:\/\/www.euroresidentes.com\/estilo-de-vida\/adolescentes\/#website","url":"https:\/\/www.euroresidentes.com\/estilo-de-vida\/adolescentes\/","name":"Adolescentes","description":"Blog sobre la etapa de la adolescencia","potentialAction":[{"@type":"SearchAction","target":{"@type":"EntryPoint","urlTemplate":"https:\/\/www.euroresidentes.com\/estilo-de-vida\/adolescentes\/?s={search_term_string}"},"query-input":{"@type":"PropertyValueSpecification","valueRequired":true,"valueName":"search_term_string"}}],"inLanguage":"es"}]}},"_links":{"self":[{"href":"https:\/\/www.euroresidentes.com\/estilo-de-vida\/adolescentes\/wp-json\/wp\/v2\/pages\/394","targetHints":{"allow":["GET"]}}],"collection":[{"href":"https:\/\/www.euroresidentes.com\/estilo-de-vida\/adolescentes\/wp-json\/wp\/v2\/pages"}],"about":[{"href":"https:\/\/www.euroresidentes.com\/estilo-de-vida\/adolescentes\/wp-json\/wp\/v2\/types\/page"}],"author":[{"embeddable":true,"href":"https:\/\/www.euroresidentes.com\/estilo-de-vida\/adolescentes\/wp-json\/wp\/v2\/users\/11"}],"replies":[{"embeddable":true,"href":"https:\/\/www.euroresidentes.com\/estilo-de-vida\/adolescentes\/wp-json\/wp\/v2\/comments?post=394"}],"version-history":[{"count":2,"href":"https:\/\/www.euroresidentes.com\/estilo-de-vida\/adolescentes\/wp-json\/wp\/v2\/pages\/394\/revisions"}],"predecessor-version":[{"id":4631,"href":"https:\/\/www.euroresidentes.com\/estilo-de-vida\/adolescentes\/wp-json\/wp\/v2\/pages\/394\/revisions\/4631"}],"wp:attachment":[{"href":"https:\/\/www.euroresidentes.com\/estilo-de-vida\/adolescentes\/wp-json\/wp\/v2\/media?parent=394"}],"curies":[{"name":"wp","href":"https:\/\/api.w.org\/{rel}","templated":true}]}}