{"id":393,"date":"2015-05-18T14:21:00","date_gmt":"2015-05-18T14:21:00","guid":{"rendered":"http:\/\/www.euroresidentes.com\/estilo-de-vida\/adolescentes\/comunicacion"},"modified":"2016-02-16T08:27:05","modified_gmt":"2016-02-16T08:27:05","slug":"comunicacion","status":"publish","type":"page","link":"https:\/\/www.euroresidentes.com\/estilo-de-vida\/adolescentes\/comunicacion.html","title":{"rendered":"Comunicaci\u00f3n"},"content":{"rendered":"<p><a style=\"clear: right; float: right; margin-bottom: 1em; margin-left: 1em;\" href=\"https:\/\/images-blogger-opensocial.googleusercontent.com\/gadgets\/proxy?url=http%3A%2F%2F4.bp.blogspot.com%2F-nE40nHclOow%2FU384JWyLokI%2FAAAAAAAAEyo%2FhTMBDeWYDO8%2Fs1600%2Fprivacidad-web-1.0.jpg&amp;container=blogger&amp;gadget=a&amp;rewriteMime=image%2F*\"><img loading=\"lazy\" decoding=\"async\" src=\"http:\/\/www.euroresidentes.com\/estilo-de-vida\/adolescentes\/wp-content\/uploads\/sites\/13\/2015\/05\/privacidad-web-1.0.jpg\" alt=\"\" width=\"200\" height=\"132\" border=\"0\" \/><\/a><\/p>\n<ul>\n<li><b><a href=\"http:\/\/adolescentes.euroresidentes.com\/2014\/05\/las-9-mejores-cosas-que-una-madre-puede.html\" target=\"_blank\">Las 9 mejores cosas que una madre puede decir a su hijo<\/a><\/b><\/li>\n<li><b><a href=\"http:\/\/adolescentes.euroresidentes.com\/2014\/07\/consejos-para-mi-hija-adolescente-7.html\" target=\"_blank\">Consejos para mi hija adolescente. 7 Cosas que nunca deber\u00edas hacer<\/a><\/b><\/li>\n<li><b><a href=\"http:\/\/adolescentes.euroresidentes.com\/2014\/12\/la-manera-mas-dulce-de-decirle-tus.html\" target=\"_blank\">La manera m\u00e1s dulce de decirle a tus hijos la verdad sobre Pap\u00e1 Noel y los Reyes Magos<\/a><\/b><\/li>\n<li><b><a href=\"http:\/\/adolescentes.euroresidentes.com\/2007\/10\/aprender-escuchar-los-adolescentes.html\" target=\"_blank\">Aprender a escuchar a los adolescentes<\/a><\/b><\/li>\n<li><b><a href=\"http:\/\/adolescentes.euroresidentes.com\/2015\/05\/los-beneficios-de-ayudar-nuestros-hijos.html\">Los beneficios de ayudar a nuestros hijos a entender sus emociones<\/a><\/b><\/li>\n<li><a href=\"http:\/\/adolescentes.euroresidentes.com\/2007\/10\/frases-para-comunicar-con-adolescentes.html\" target=\"_blank\"><b>Frases para comunicar con adolescentes<\/b><\/a><\/li>\n<li><a href=\"http:\/\/adolescentes.euroresidentes.com\/2013\/11\/como-mejorar-la-vida-familiar.html\" target=\"_blank\"><b>C\u00f3mo mejorar la vida familiar<\/b><\/a><\/li>\n<li><a href=\"http:\/\/adolescentes.euroresidentes.com\/2014\/04\/como-hablo-con-mi-hijo-de-sexualidad.html\" target=\"_blank\"><b>C\u00f3mo hablo con mi hijo de sexualidad<\/b><\/a><\/li>\n<li><b><a href=\"http:\/\/adolescentes.euroresidentes.com\/2009\/05\/como-comunicarse-con-una-hija.html\" target=\"_blank\">C\u00f3mo comunicarse con una hija adolescente<\/a><\/b><\/li>\n<li><b><a href=\"http:\/\/adolescentes.euroresidentes.com\/2015\/02\/una-guia-basica-para-ensenar-tus-hijos.html\" target=\"_blank\">Una gu\u00eda b\u00e1sica para ense\u00f1ar a tus hijos a usar el dinero<\/a><\/b><\/li>\n<li><a href=\"http:\/\/adolescentes.euroresidentes.com\/2008\/03\/discutir-con-hijos-adolescentes.html\" target=\"_blank\"><b>Discutir con hijos adolescentes<\/b><\/a><\/li>\n<li><a href=\"http:\/\/adolescentes.euroresidentes.com\/2009\/07\/resolver-problemas-de-comunicacion-con.html\" target=\"_blank\"><b>Resolver problemas de comunicaci\u00f3n con adolescentes<\/b><\/a><\/li>\n<li><a href=\"http:\/\/adolescentes.euroresidentes.com\/2008\/09\/adolescentes-y-alcohol-cmo-hablar.html\" target=\"_blank\"><b>Adolescentes y Alcohol: C\u00f3mo hablar<\/b><\/a><\/li>\n<li><a href=\"http:\/\/adolescentes.euroresidentes.com\/2007\/10\/vivir-con-adolescentes.html\" target=\"_blank\"><b>Vivir con adolescentes<\/b><\/a><\/li>\n<\/ul>\n","protected":false},"excerpt":{"rendered":"<p>Las 9 mejores cosas que una madre puede decir a su hijo Consejos para mi hija adolescente. 7 Cosas que nunca deber\u00edas hacer La manera m\u00e1s dulce de decirle a tus hijos la verdad sobre Pap\u00e1 Noel y los Reyes Magos Aprender a escuchar a los adolescentes Los beneficios de ayudar a nuestros hijos a entender sus emociones Frases para comunicar con adolescentes C\u00f3mo mejorar la vida familiar C\u00f3mo hablo con mi hijo de sexualidad C\u00f3mo comunicarse con una hija adolescente Una gu\u00eda b\u00e1sica para ense\u00f1ar a tus hijos a usar el dinero Discutir con hijos adolescentes Resolver problemas de <\/p>\n","protected":false},"author":11,"featured_media":0,"parent":0,"menu_order":0,"comment_status":"closed","ping_status":"closed","template":"","meta":{"footnotes":""},"class_list":["post-393","page","type-page","status-publish","hentry"],"yoast_head":"<!-- This site is optimized with the Yoast SEO plugin v24.1 - https:\/\/yoast.com\/wordpress\/plugins\/seo\/ -->\n<title>Comunicaci\u00f3n - Adolescentes<\/title>\n<meta name=\"robots\" content=\"index, follow, max-snippet:-1, max-image-preview:large, max-video-preview:-1\" \/>\n<link rel=\"canonical\" href=\"https:\/\/www.euroresidentes.com\/estilo-de-vida\/adolescentes\/comunicacion.html\" \/>\n<meta property=\"og:locale\" content=\"es_ES\" \/>\n<meta property=\"og:type\" content=\"article\" \/>\n<meta property=\"og:title\" content=\"Comunicaci\u00f3n - Adolescentes\" \/>\n<meta property=\"og:description\" content=\"Las 9 mejores cosas que una madre puede decir a su hijo Consejos para mi hija adolescente. 7 Cosas que nunca deber\u00edas hacer La manera m\u00e1s dulce de decirle a tus hijos la verdad sobre Pap\u00e1 Noel y los Reyes Magos Aprender a escuchar a los adolescentes Los beneficios de ayudar a nuestros hijos a entender sus emociones Frases para comunicar con adolescentes C\u00f3mo mejorar la vida familiar C\u00f3mo hablo con mi hijo de sexualidad C\u00f3mo comunicarse con una hija adolescente Una gu\u00eda b\u00e1sica para ense\u00f1ar a tus hijos a usar el dinero Discutir con hijos adolescentes Resolver problemas de\" \/>\n<meta property=\"og:url\" content=\"https:\/\/www.euroresidentes.com\/estilo-de-vida\/adolescentes\/comunicacion.html\" \/>\n<meta property=\"og:site_name\" content=\"Adolescentes\" \/>\n<meta property=\"article:publisher\" content=\"https:\/\/www.facebook.com\/sentir.bien.euroresidentes\/\" \/>\n<meta property=\"article:modified_time\" content=\"2016-02-16T08:27:05+00:00\" \/>\n<meta property=\"og:image\" content=\"http:\/\/www.euroresidentes.com\/estilo-de-vida\/adolescentes\/wp-content\/uploads\/sites\/13\/2015\/05\/privacidad-web-1.0.jpg\" \/>\n<meta name=\"twitter:card\" content=\"summary_large_image\" \/>\n<meta name=\"twitter:label1\" content=\"Est. reading time\" \/>\n\t<meta name=\"twitter:data1\" content=\"1 minuto\" \/>\n<script type=\"application\/ld+json\" class=\"yoast-schema-graph\">{\"@context\":\"https:\/\/schema.org\",\"@graph\":[{\"@type\":\"WebPage\",\"@id\":\"https:\/\/www.euroresidentes.com\/estilo-de-vida\/adolescentes\/comunicacion.html\",\"url\":\"https:\/\/www.euroresidentes.com\/estilo-de-vida\/adolescentes\/comunicacion.html\",\"name\":\"Comunicaci\u00f3n - Adolescentes\",\"isPartOf\":{\"@id\":\"https:\/\/www.euroresidentes.com\/estilo-de-vida\/adolescentes\/#website\"},\"primaryImageOfPage\":{\"@id\":\"https:\/\/www.euroresidentes.com\/estilo-de-vida\/adolescentes\/comunicacion.html#primaryimage\"},\"image\":{\"@id\":\"https:\/\/www.euroresidentes.com\/estilo-de-vida\/adolescentes\/comunicacion.html#primaryimage\"},\"thumbnailUrl\":\"http:\/\/www.euroresidentes.com\/estilo-de-vida\/adolescentes\/wp-content\/uploads\/sites\/13\/2015\/05\/privacidad-web-1.0.jpg\",\"datePublished\":\"2015-05-18T14:21:00+00:00\",\"dateModified\":\"2016-02-16T08:27:05+00:00\",\"breadcrumb\":{\"@id\":\"https:\/\/www.euroresidentes.com\/estilo-de-vida\/adolescentes\/comunicacion.html#breadcrumb\"},\"inLanguage\":\"es\",\"potentialAction\":[{\"@type\":\"ReadAction\",\"target\":[\"https:\/\/www.euroresidentes.com\/estilo-de-vida\/adolescentes\/comunicacion.html\"]}]},{\"@type\":\"ImageObject\",\"inLanguage\":\"es\",\"@id\":\"https:\/\/www.euroresidentes.com\/estilo-de-vida\/adolescentes\/comunicacion.html#primaryimage\",\"url\":\"https:\/\/www.euroresidentes.com\/estilo-de-vida\/adolescentes\/wp-content\/uploads\/sites\/13\/2015\/05\/privacidad-web-1.0.jpg\",\"contentUrl\":\"https:\/\/www.euroresidentes.com\/estilo-de-vida\/adolescentes\/wp-content\/uploads\/sites\/13\/2015\/05\/privacidad-web-1.0.jpg\",\"width\":425,\"height\":282},{\"@type\":\"BreadcrumbList\",\"@id\":\"https:\/\/www.euroresidentes.com\/estilo-de-vida\/adolescentes\/comunicacion.html#breadcrumb\",\"itemListElement\":[{\"@type\":\"ListItem\",\"position\":1,\"name\":\"Portada\",\"item\":\"https:\/\/www.euroresidentes.com\/estilo-de-vida\/adolescentes\/\"},{\"@type\":\"ListItem\",\"position\":2,\"name\":\"Comunicaci\u00f3n\"}]},{\"@type\":\"WebSite\",\"@id\":\"https:\/\/www.euroresidentes.com\/estilo-de-vida\/adolescentes\/#website\",\"url\":\"https:\/\/www.euroresidentes.com\/estilo-de-vida\/adolescentes\/\",\"name\":\"Adolescentes\",\"description\":\"Blog sobre la etapa de la adolescencia\",\"potentialAction\":[{\"@type\":\"SearchAction\",\"target\":{\"@type\":\"EntryPoint\",\"urlTemplate\":\"https:\/\/www.euroresidentes.com\/estilo-de-vida\/adolescentes\/?s={search_term_string}\"},\"query-input\":{\"@type\":\"PropertyValueSpecification\",\"valueRequired\":true,\"valueName\":\"search_term_string\"}}],\"inLanguage\":\"es\"}]}<\/script>\n<!-- \/ Yoast SEO plugin. -->","yoast_head_json":{"title":"Comunicaci\u00f3n - Adolescentes","robots":{"index":"index","follow":"follow","max-snippet":"max-snippet:-1","max-image-preview":"max-image-preview:large","max-video-preview":"max-video-preview:-1"},"canonical":"https:\/\/www.euroresidentes.com\/estilo-de-vida\/adolescentes\/comunicacion.html","og_locale":"es_ES","og_type":"article","og_title":"Comunicaci\u00f3n - Adolescentes","og_description":"Las 9 mejores cosas que una madre puede decir a su hijo Consejos para mi hija adolescente. 7 Cosas que nunca deber\u00edas hacer La manera m\u00e1s dulce de decirle a tus hijos la verdad sobre Pap\u00e1 Noel y los Reyes Magos Aprender a escuchar a los adolescentes Los beneficios de ayudar a nuestros hijos a entender sus emociones Frases para comunicar con adolescentes C\u00f3mo mejorar la vida familiar C\u00f3mo hablo con mi hijo de sexualidad C\u00f3mo comunicarse con una hija adolescente Una gu\u00eda b\u00e1sica para ense\u00f1ar a tus hijos a usar el dinero Discutir con hijos adolescentes Resolver problemas de","og_url":"https:\/\/www.euroresidentes.com\/estilo-de-vida\/adolescentes\/comunicacion.html","og_site_name":"Adolescentes","article_publisher":"https:\/\/www.facebook.com\/sentir.bien.euroresidentes\/","article_modified_time":"2016-02-16T08:27:05+00:00","og_image":[{"url":"http:\/\/www.euroresidentes.com\/estilo-de-vida\/adolescentes\/wp-content\/uploads\/sites\/13\/2015\/05\/privacidad-web-1.0.jpg","type":"","width":"","height":""}],"twitter_card":"summary_large_image","twitter_misc":{"Est. reading time":"1 minuto"},"schema":{"@context":"https:\/\/schema.org","@graph":[{"@type":"WebPage","@id":"https:\/\/www.euroresidentes.com\/estilo-de-vida\/adolescentes\/comunicacion.html","url":"https:\/\/www.euroresidentes.com\/estilo-de-vida\/adolescentes\/comunicacion.html","name":"Comunicaci\u00f3n - Adolescentes","isPartOf":{"@id":"https:\/\/www.euroresidentes.com\/estilo-de-vida\/adolescentes\/#website"},"primaryImageOfPage":{"@id":"https:\/\/www.euroresidentes.com\/estilo-de-vida\/adolescentes\/comunicacion.html#primaryimage"},"image":{"@id":"https:\/\/www.euroresidentes.com\/estilo-de-vida\/adolescentes\/comunicacion.html#primaryimage"},"thumbnailUrl":"http:\/\/www.euroresidentes.com\/estilo-de-vida\/adolescentes\/wp-content\/uploads\/sites\/13\/2015\/05\/privacidad-web-1.0.jpg","datePublished":"2015-05-18T14:21:00+00:00","dateModified":"2016-02-16T08:27:05+00:00","breadcrumb":{"@id":"https:\/\/www.euroresidentes.com\/estilo-de-vida\/adolescentes\/comunicacion.html#breadcrumb"},"inLanguage":"es","potentialAction":[{"@type":"ReadAction","target":["https:\/\/www.euroresidentes.com\/estilo-de-vida\/adolescentes\/comunicacion.html"]}]},{"@type":"ImageObject","inLanguage":"es","@id":"https:\/\/www.euroresidentes.com\/estilo-de-vida\/adolescentes\/comunicacion.html#primaryimage","url":"https:\/\/www.euroresidentes.com\/estilo-de-vida\/adolescentes\/wp-content\/uploads\/sites\/13\/2015\/05\/privacidad-web-1.0.jpg","contentUrl":"https:\/\/www.euroresidentes.com\/estilo-de-vida\/adolescentes\/wp-content\/uploads\/sites\/13\/2015\/05\/privacidad-web-1.0.jpg","width":425,"height":282},{"@type":"BreadcrumbList","@id":"https:\/\/www.euroresidentes.com\/estilo-de-vida\/adolescentes\/comunicacion.html#breadcrumb","itemListElement":[{"@type":"ListItem","position":1,"name":"Portada","item":"https:\/\/www.euroresidentes.com\/estilo-de-vida\/adolescentes\/"},{"@type":"ListItem","position":2,"name":"Comunicaci\u00f3n"}]},{"@type":"WebSite","@id":"https:\/\/www.euroresidentes.com\/estilo-de-vida\/adolescentes\/#website","url":"https:\/\/www.euroresidentes.com\/estilo-de-vida\/adolescentes\/","name":"Adolescentes","description":"Blog sobre la etapa de la adolescencia","potentialAction":[{"@type":"SearchAction","target":{"@type":"EntryPoint","urlTemplate":"https:\/\/www.euroresidentes.com\/estilo-de-vida\/adolescentes\/?s={search_term_string}"},"query-input":{"@type":"PropertyValueSpecification","valueRequired":true,"valueName":"search_term_string"}}],"inLanguage":"es"}]}},"_links":{"self":[{"href":"https:\/\/www.euroresidentes.com\/estilo-de-vida\/adolescentes\/wp-json\/wp\/v2\/pages\/393","targetHints":{"allow":["GET"]}}],"collection":[{"href":"https:\/\/www.euroresidentes.com\/estilo-de-vida\/adolescentes\/wp-json\/wp\/v2\/pages"}],"about":[{"href":"https:\/\/www.euroresidentes.com\/estilo-de-vida\/adolescentes\/wp-json\/wp\/v2\/types\/page"}],"author":[{"embeddable":true,"href":"https:\/\/www.euroresidentes.com\/estilo-de-vida\/adolescentes\/wp-json\/wp\/v2\/users\/11"}],"replies":[{"embeddable":true,"href":"https:\/\/www.euroresidentes.com\/estilo-de-vida\/adolescentes\/wp-json\/wp\/v2\/comments?post=393"}],"version-history":[{"count":2,"href":"https:\/\/www.euroresidentes.com\/estilo-de-vida\/adolescentes\/wp-json\/wp\/v2\/pages\/393\/revisions"}],"predecessor-version":[{"id":4627,"href":"https:\/\/www.euroresidentes.com\/estilo-de-vida\/adolescentes\/wp-json\/wp\/v2\/pages\/393\/revisions\/4627"}],"wp:attachment":[{"href":"https:\/\/www.euroresidentes.com\/estilo-de-vida\/adolescentes\/wp-json\/wp\/v2\/media?parent=393"}],"curies":[{"name":"wp","href":"https:\/\/api.w.org\/{rel}","templated":true}]}}