{"id":391,"date":"2015-09-01T14:37:00","date_gmt":"2015-09-01T14:37:00","guid":{"rendered":"http:\/\/www.euroresidentes.com\/estilo-de-vida\/adolescentes\/educacion"},"modified":"2016-02-16T08:16:00","modified_gmt":"2016-02-16T08:16:00","slug":"educacion","status":"publish","type":"page","link":"https:\/\/www.euroresidentes.com\/estilo-de-vida\/adolescentes\/educacion.html","title":{"rendered":"Educaci\u00f3n y Estudios"},"content":{"rendered":"<p><a style=\"clear: right; float: right; margin-bottom: 1em; margin-left: 1em;\" href=\"http:\/\/www.euroresidentes.com\/estilo-de-vida\/adolescentes\/wp-content\/uploads\/sites\/13\/2015\/09\/iStock_000001510624XSmall.jpg\"><img loading=\"lazy\" decoding=\"async\" src=\"http:\/\/www.euroresidentes.com\/estilo-de-vida\/adolescentes\/wp-content\/uploads\/sites\/13\/2015\/09\/iStock_000001510624XSmall.jpg\" alt=\"\" width=\"211\" height=\"320\" border=\"0\" \/><\/a><\/p>\n<ul>\n<li><b><a href=\"http:\/\/adolescentes.euroresidentes.com\/2015\/09\/ten-esta-conversacion-antes-de-enviar.html\">Ten esta conversaci\u00f3n con tu hijo antes de enviarlo a la vuelta al cole<\/a><\/b><\/li>\n<li><b><a href=\"http:\/\/adolescentes.euroresidentes.com\/2014\/06\/7-lecciones-que-los-profesores-no.html\" target=\"_blank\">7 lecciones que los profesores no ense\u00f1ar\u00e1n a tus hijos<\/a><\/b><\/li>\n<li><b><a href=\"http:\/\/adolescentes.euroresidentes.com\/2015\/05\/por-que-la-personalidad-es-mas.html\">Por qu\u00e9 la personalidad es m\u00e1s importante para el \u00e9xito que la inteligencia<\/a><\/b><\/li>\n<li><b><a href=\"http:\/\/adolescentes.euroresidentes.com\/2009\/05\/como-ayudar-los-adolescentes-en-epoca.html\" target=\"_blank\">C\u00f3mo ayudar a los adolescentes en \u00e9pocas de ex\u00e1menes<\/a><\/b><\/li>\n<li><a href=\"http:\/\/adolescentes.euroresidentes.com\/2007\/12\/cmo-ayudar-con-sus-deberes.html\" target=\"_blank\"><b>C\u00f3mo ayudar con sus deberes<\/b><\/a><\/li>\n<li><b><a href=\"http:\/\/adolescentes.euroresidentes.com\/2009\/05\/ayudar-los-hijos-adolescentes-con-los.html\" target=\"_blank\">Ayudar a los hijos adolescentes con los deberes<\/a><\/b><\/li>\n<li><a href=\"http:\/\/adolescentes.euroresidentes.com\/2009\/09\/preparar-nuestros-hijos-para-ir-la.html\" target=\"_blank\"><b>Preparar a nuestros hijos para ir a la Universidad<\/b><\/a><\/li>\n<li><b><a href=\"http:\/\/adolescentes.euroresidentes.com\/2012\/07\/adolescentes-que-no-quieren-estudiar.html\" target=\"_blank\">Adolescentes que no quieren estudiar<\/a><\/b><\/li>\n<li><b><a href=\"http:\/\/adolescentes.euroresidentes.com\/2012\/08\/adolescentes-bullying.html\" target=\"_blank\">Adolescentes Bullying<\/a>\u00a0<\/b><\/li>\n<li><b><a href=\"http:\/\/adolescentes.euroresidentes.com\/2008\/11\/el-acoso-escolar-entre-adolescentes.html\" target=\"_blank\">El acoso escolar entre adolescentes<\/a><\/b><\/li>\n<li><b><a href=\"http:\/\/adolescentes.euroresidentes.com\/2015\/06\/estres-en-los-jovenes-lo-que-los-padres.html\" target=\"_blank\">El estr\u00e9s adolescente: Lo que los padres necesitan saber<\/a><\/b><\/li>\n<\/ul>\n","protected":false},"excerpt":{"rendered":"<p>Ten esta conversaci\u00f3n con tu hijo antes de enviarlo a la vuelta al cole 7 lecciones que los profesores no ense\u00f1ar\u00e1n a tus hijos Por qu\u00e9 la personalidad es m\u00e1s importante para el \u00e9xito que la inteligencia C\u00f3mo ayudar a los adolescentes en \u00e9pocas de ex\u00e1menes C\u00f3mo ayudar con sus deberes Ayudar a los hijos adolescentes con los deberes Preparar a nuestros hijos para ir a la Universidad Adolescentes que no quieren estudiar Adolescentes Bullying\u00a0 El acoso escolar entre adolescentes El estr\u00e9s adolescente: Lo que los padres necesitan saber<\/p>\n","protected":false},"author":11,"featured_media":0,"parent":0,"menu_order":0,"comment_status":"closed","ping_status":"closed","template":"","meta":{"footnotes":""},"class_list":["post-391","page","type-page","status-publish","hentry"],"yoast_head":"<!-- This site is optimized with the Yoast SEO plugin v24.1 - https:\/\/yoast.com\/wordpress\/plugins\/seo\/ -->\n<title>Educaci\u00f3n y Estudios - Adolescentes<\/title>\n<meta name=\"robots\" content=\"index, follow, max-snippet:-1, max-image-preview:large, max-video-preview:-1\" \/>\n<link rel=\"canonical\" href=\"https:\/\/www.euroresidentes.com\/estilo-de-vida\/adolescentes\/educacion.html\" \/>\n<meta property=\"og:locale\" content=\"es_ES\" \/>\n<meta property=\"og:type\" content=\"article\" \/>\n<meta property=\"og:title\" content=\"Educaci\u00f3n y Estudios - Adolescentes\" \/>\n<meta property=\"og:description\" content=\"Ten esta conversaci\u00f3n con tu hijo antes de enviarlo a la vuelta al cole 7 lecciones que los profesores no ense\u00f1ar\u00e1n a tus hijos Por qu\u00e9 la personalidad es m\u00e1s importante para el \u00e9xito que la inteligencia C\u00f3mo ayudar a los adolescentes en \u00e9pocas de ex\u00e1menes C\u00f3mo ayudar con sus deberes Ayudar a los hijos adolescentes con los deberes Preparar a nuestros hijos para ir a la Universidad Adolescentes que no quieren estudiar Adolescentes Bullying\u00a0 El acoso escolar entre adolescentes El estr\u00e9s adolescente: Lo que los padres necesitan saber\" \/>\n<meta property=\"og:url\" content=\"https:\/\/www.euroresidentes.com\/estilo-de-vida\/adolescentes\/educacion.html\" \/>\n<meta property=\"og:site_name\" content=\"Adolescentes\" \/>\n<meta property=\"article:publisher\" content=\"https:\/\/www.facebook.com\/sentir.bien.euroresidentes\/\" \/>\n<meta property=\"article:modified_time\" content=\"2016-02-16T08:16:00+00:00\" \/>\n<meta property=\"og:image\" content=\"http:\/\/www.euroresidentes.com\/estilo-de-vida\/adolescentes\/wp-content\/uploads\/sites\/13\/2015\/09\/iStock_000001510624XSmall.jpg\" \/>\n<meta name=\"twitter:card\" content=\"summary_large_image\" \/>\n<script type=\"application\/ld+json\" class=\"yoast-schema-graph\">{\"@context\":\"https:\/\/schema.org\",\"@graph\":[{\"@type\":\"WebPage\",\"@id\":\"https:\/\/www.euroresidentes.com\/estilo-de-vida\/adolescentes\/educacion.html\",\"url\":\"https:\/\/www.euroresidentes.com\/estilo-de-vida\/adolescentes\/educacion.html\",\"name\":\"Educaci\u00f3n y Estudios - Adolescentes\",\"isPartOf\":{\"@id\":\"https:\/\/www.euroresidentes.com\/estilo-de-vida\/adolescentes\/#website\"},\"primaryImageOfPage\":{\"@id\":\"https:\/\/www.euroresidentes.com\/estilo-de-vida\/adolescentes\/educacion.html#primaryimage\"},\"image\":{\"@id\":\"https:\/\/www.euroresidentes.com\/estilo-de-vida\/adolescentes\/educacion.html#primaryimage\"},\"thumbnailUrl\":\"http:\/\/www.euroresidentes.com\/estilo-de-vida\/adolescentes\/wp-content\/uploads\/sites\/13\/2015\/09\/iStock_000001510624XSmall.jpg\",\"datePublished\":\"2015-09-01T14:37:00+00:00\",\"dateModified\":\"2016-02-16T08:16:00+00:00\",\"breadcrumb\":{\"@id\":\"https:\/\/www.euroresidentes.com\/estilo-de-vida\/adolescentes\/educacion.html#breadcrumb\"},\"inLanguage\":\"es\",\"potentialAction\":[{\"@type\":\"ReadAction\",\"target\":[\"https:\/\/www.euroresidentes.com\/estilo-de-vida\/adolescentes\/educacion.html\"]}]},{\"@type\":\"ImageObject\",\"inLanguage\":\"es\",\"@id\":\"https:\/\/www.euroresidentes.com\/estilo-de-vida\/adolescentes\/educacion.html#primaryimage\",\"url\":\"http:\/\/www.euroresidentes.com\/estilo-de-vida\/adolescentes\/wp-content\/uploads\/sites\/13\/2015\/09\/iStock_000001510624XSmall.jpg\",\"contentUrl\":\"http:\/\/www.euroresidentes.com\/estilo-de-vida\/adolescentes\/wp-content\/uploads\/sites\/13\/2015\/09\/iStock_000001510624XSmall.jpg\"},{\"@type\":\"BreadcrumbList\",\"@id\":\"https:\/\/www.euroresidentes.com\/estilo-de-vida\/adolescentes\/educacion.html#breadcrumb\",\"itemListElement\":[{\"@type\":\"ListItem\",\"position\":1,\"name\":\"Portada\",\"item\":\"https:\/\/www.euroresidentes.com\/estilo-de-vida\/adolescentes\/\"},{\"@type\":\"ListItem\",\"position\":2,\"name\":\"Educaci\u00f3n y Estudios\"}]},{\"@type\":\"WebSite\",\"@id\":\"https:\/\/www.euroresidentes.com\/estilo-de-vida\/adolescentes\/#website\",\"url\":\"https:\/\/www.euroresidentes.com\/estilo-de-vida\/adolescentes\/\",\"name\":\"Adolescentes\",\"description\":\"Blog sobre la etapa de la adolescencia\",\"potentialAction\":[{\"@type\":\"SearchAction\",\"target\":{\"@type\":\"EntryPoint\",\"urlTemplate\":\"https:\/\/www.euroresidentes.com\/estilo-de-vida\/adolescentes\/?s={search_term_string}\"},\"query-input\":{\"@type\":\"PropertyValueSpecification\",\"valueRequired\":true,\"valueName\":\"search_term_string\"}}],\"inLanguage\":\"es\"}]}<\/script>\n<!-- \/ Yoast SEO plugin. -->","yoast_head_json":{"title":"Educaci\u00f3n y Estudios - Adolescentes","robots":{"index":"index","follow":"follow","max-snippet":"max-snippet:-1","max-image-preview":"max-image-preview:large","max-video-preview":"max-video-preview:-1"},"canonical":"https:\/\/www.euroresidentes.com\/estilo-de-vida\/adolescentes\/educacion.html","og_locale":"es_ES","og_type":"article","og_title":"Educaci\u00f3n y Estudios - Adolescentes","og_description":"Ten esta conversaci\u00f3n con tu hijo antes de enviarlo a la vuelta al cole 7 lecciones que los profesores no ense\u00f1ar\u00e1n a tus hijos Por qu\u00e9 la personalidad es m\u00e1s importante para el \u00e9xito que la inteligencia C\u00f3mo ayudar a los adolescentes en \u00e9pocas de ex\u00e1menes C\u00f3mo ayudar con sus deberes Ayudar a los hijos adolescentes con los deberes Preparar a nuestros hijos para ir a la Universidad Adolescentes que no quieren estudiar Adolescentes Bullying\u00a0 El acoso escolar entre adolescentes El estr\u00e9s adolescente: Lo que los padres necesitan saber","og_url":"https:\/\/www.euroresidentes.com\/estilo-de-vida\/adolescentes\/educacion.html","og_site_name":"Adolescentes","article_publisher":"https:\/\/www.facebook.com\/sentir.bien.euroresidentes\/","article_modified_time":"2016-02-16T08:16:00+00:00","og_image":[{"url":"http:\/\/www.euroresidentes.com\/estilo-de-vida\/adolescentes\/wp-content\/uploads\/sites\/13\/2015\/09\/iStock_000001510624XSmall.jpg","type":"","width":"","height":""}],"twitter_card":"summary_large_image","schema":{"@context":"https:\/\/schema.org","@graph":[{"@type":"WebPage","@id":"https:\/\/www.euroresidentes.com\/estilo-de-vida\/adolescentes\/educacion.html","url":"https:\/\/www.euroresidentes.com\/estilo-de-vida\/adolescentes\/educacion.html","name":"Educaci\u00f3n y Estudios - Adolescentes","isPartOf":{"@id":"https:\/\/www.euroresidentes.com\/estilo-de-vida\/adolescentes\/#website"},"primaryImageOfPage":{"@id":"https:\/\/www.euroresidentes.com\/estilo-de-vida\/adolescentes\/educacion.html#primaryimage"},"image":{"@id":"https:\/\/www.euroresidentes.com\/estilo-de-vida\/adolescentes\/educacion.html#primaryimage"},"thumbnailUrl":"http:\/\/www.euroresidentes.com\/estilo-de-vida\/adolescentes\/wp-content\/uploads\/sites\/13\/2015\/09\/iStock_000001510624XSmall.jpg","datePublished":"2015-09-01T14:37:00+00:00","dateModified":"2016-02-16T08:16:00+00:00","breadcrumb":{"@id":"https:\/\/www.euroresidentes.com\/estilo-de-vida\/adolescentes\/educacion.html#breadcrumb"},"inLanguage":"es","potentialAction":[{"@type":"ReadAction","target":["https:\/\/www.euroresidentes.com\/estilo-de-vida\/adolescentes\/educacion.html"]}]},{"@type":"ImageObject","inLanguage":"es","@id":"https:\/\/www.euroresidentes.com\/estilo-de-vida\/adolescentes\/educacion.html#primaryimage","url":"http:\/\/www.euroresidentes.com\/estilo-de-vida\/adolescentes\/wp-content\/uploads\/sites\/13\/2015\/09\/iStock_000001510624XSmall.jpg","contentUrl":"http:\/\/www.euroresidentes.com\/estilo-de-vida\/adolescentes\/wp-content\/uploads\/sites\/13\/2015\/09\/iStock_000001510624XSmall.jpg"},{"@type":"BreadcrumbList","@id":"https:\/\/www.euroresidentes.com\/estilo-de-vida\/adolescentes\/educacion.html#breadcrumb","itemListElement":[{"@type":"ListItem","position":1,"name":"Portada","item":"https:\/\/www.euroresidentes.com\/estilo-de-vida\/adolescentes\/"},{"@type":"ListItem","position":2,"name":"Educaci\u00f3n y Estudios"}]},{"@type":"WebSite","@id":"https:\/\/www.euroresidentes.com\/estilo-de-vida\/adolescentes\/#website","url":"https:\/\/www.euroresidentes.com\/estilo-de-vida\/adolescentes\/","name":"Adolescentes","description":"Blog sobre la etapa de la adolescencia","potentialAction":[{"@type":"SearchAction","target":{"@type":"EntryPoint","urlTemplate":"https:\/\/www.euroresidentes.com\/estilo-de-vida\/adolescentes\/?s={search_term_string}"},"query-input":{"@type":"PropertyValueSpecification","valueRequired":true,"valueName":"search_term_string"}}],"inLanguage":"es"}]}},"_links":{"self":[{"href":"https:\/\/www.euroresidentes.com\/estilo-de-vida\/adolescentes\/wp-json\/wp\/v2\/pages\/391","targetHints":{"allow":["GET"]}}],"collection":[{"href":"https:\/\/www.euroresidentes.com\/estilo-de-vida\/adolescentes\/wp-json\/wp\/v2\/pages"}],"about":[{"href":"https:\/\/www.euroresidentes.com\/estilo-de-vida\/adolescentes\/wp-json\/wp\/v2\/types\/page"}],"author":[{"embeddable":true,"href":"https:\/\/www.euroresidentes.com\/estilo-de-vida\/adolescentes\/wp-json\/wp\/v2\/users\/11"}],"replies":[{"embeddable":true,"href":"https:\/\/www.euroresidentes.com\/estilo-de-vida\/adolescentes\/wp-json\/wp\/v2\/comments?post=391"}],"version-history":[{"count":2,"href":"https:\/\/www.euroresidentes.com\/estilo-de-vida\/adolescentes\/wp-json\/wp\/v2\/pages\/391\/revisions"}],"predecessor-version":[{"id":4626,"href":"https:\/\/www.euroresidentes.com\/estilo-de-vida\/adolescentes\/wp-json\/wp\/v2\/pages\/391\/revisions\/4626"}],"wp:attachment":[{"href":"https:\/\/www.euroresidentes.com\/estilo-de-vida\/adolescentes\/wp-json\/wp\/v2\/media?parent=391"}],"curies":[{"name":"wp","href":"https:\/\/api.w.org\/{rel}","templated":true}]}}