{"id":389,"date":"2015-11-19T13:34:00","date_gmt":"2015-11-19T13:34:00","guid":{"rendered":"http:\/\/www.euroresidentes.com\/estilo-de-vida\/adolescentes\/padres-hijos"},"modified":"2016-02-16T08:27:13","modified_gmt":"2016-02-16T08:27:13","slug":"padres-hijos","status":"publish","type":"page","link":"https:\/\/www.euroresidentes.com\/estilo-de-vida\/adolescentes\/padres-hijos.html","title":{"rendered":"Padres-hijos"},"content":{"rendered":"<p><a style=\"clear: right; float: right; margin-bottom: 1em; margin-left: 1em;\" href=\"http:\/\/www.euroresidentes.com\/estilo-de-vida\/adolescentes\/wp-content\/uploads\/sites\/13\/2015\/11\/amor-entranable.jpg\"><img loading=\"lazy\" decoding=\"async\" src=\"http:\/\/www.euroresidentes.com\/estilo-de-vida\/adolescentes\/wp-content\/uploads\/sites\/13\/2015\/11\/amor-entranable.jpg\" alt=\"\" width=\"200\" height=\"200\" border=\"0\" \/><\/a><\/p>\n<ul>\n<li><a href=\"http:\/\/adolescentes.euroresidentes.com\/2015\/11\/como-hablar-con-tus-hijos-sobre-el.html\" target=\"_blank\"><b>C\u00f3mo hablar con tus hijos sobre el atentado de Par\u00eds<\/b><\/a><\/li>\n<li><b><a href=\"http:\/\/adolescentes.euroresidentes.com\/2015\/09\/la-carta-que-tu-hijo-adolescente-no.html\">La carta que tu hijo adolescente no puede escribirte<\/a><\/b><\/li>\n<li><b><a href=\"http:\/\/adolescentes.euroresidentes.com\/2014\/05\/las-9-mejores-cosas-que-una-madre-puede.html\" target=\"_blank\">Las 9 mejores cosas que una madre puede decir a su hijo<\/a><\/b><\/li>\n<li><b><a href=\"http:\/\/adolescentes.euroresidentes.com\/2014\/12\/14-cosas-que-me-habria-gustado-escuchar.html\" target=\"_blank\">14 Cosas que me habr\u00eda gustado escuchar a los 15 a\u00f1os<\/a><\/b><\/li>\n<li><a href=\"http:\/\/adolescentes.euroresidentes.com\/2015\/02\/12-cosas-que-le-dire-mi-primer-hijo.html\" target=\"_blank\"><b>12 Cosas que le dir\u00e9 a mi primer hijo<\/b><\/a><\/li>\n<li><b><a href=\"http:\/\/adolescentes.euroresidentes.com\/2014\/07\/consejos-para-mi-hija-adolescente-7.html\" target=\"_blank\">Consejos para mi hija adolescente. 7 Cosas que nunca deber\u00edas hacer <\/a>\u00a0<\/b><\/li>\n<li><b><a href=\"http:\/\/adolescentes.euroresidentes.com\/2014\/08\/necesitamos-ensenar-nuestras-hijas-la.html\" target=\"_blank\">Necesitamos ense\u00f1ar a nuestras hijas la diferencia entre&#8230;<\/a><\/b><\/li>\n<li><b><a href=\"http:\/\/adolescentes.euroresidentes.com\/2014\/12\/un-hombre-rico-llevo-su-hijo-al-campo-y.html\" target=\"_blank\">Un hombre rico llev\u00f3 a su hijo al campo y esto es lo que pas\u00f3 cuando volvi\u00f3 a casa<\/a><\/b><\/li>\n<li><b><a href=\"http:\/\/adolescentes.euroresidentes.com\/2015\/06\/este-experimento-demuestra-que-eres.html\">Este experimento demuestra que eres \u00fanica para tu hijo, Mam\u00e1<\/a><\/b><\/li>\n<li><a href=\"http:\/\/adolescentes.euroresidentes.com\/2015\/07\/padres-pegan-sus-hijos-en-la-calle-y-la.html\" target=\"_blank\"><b>Padres pegan a sus hijos en la calle y la gente reacciona as\u00ed<\/b><\/a><\/li>\n<li><b><a href=\"http:\/\/adolescentes.euroresidentes.com\/2014\/09\/25-formas-de-saber-que-eres-madre-de-un.html\" target=\"_blank\">25 Formas de saber que eres madre de un adolescente<\/a><\/b><\/li>\n<li><b><a href=\"http:\/\/adolescentes.euroresidentes.com\/2014\/06\/7-lecciones-que-los-profesores-no.html\" target=\"_blank\">7 Lecciones que los profesores no ense\u00f1ar\u00e1n a tus hijos<\/a><\/b><\/li>\n<li><b><a href=\"http:\/\/adolescentes.euroresidentes.com\/2014\/11\/las-10-mejores-peliculas-para-ver-con.html\" target=\"_blank\">Las 10 mejores pel\u00edculas para ver con tus hijos<\/a><\/b><\/li>\n<li><b><a href=\"http:\/\/adolescentes.euroresidentes.com\/2015\/02\/una-guia-basica-para-ensenar-tus-hijos.html\" target=\"_blank\">Una gu\u00eda b\u00e1sica para ense\u00f1ar a tus hijos a usar el dinero<\/a><\/b><\/li>\n<li><a href=\"http:\/\/adolescentes.euroresidentes.com\/2015\/07\/lo-que-tus-hijos-ven-en-ti-no-lo-ven-en.html\" target=\"_blank\"><b>Lo que tus hijos ven en ti no lo ven en nadie m\u00e1s (v\u00eddeo)<\/b><\/a><\/li>\n<li><b><a href=\"http:\/\/adolescentes.euroresidentes.com\/2015\/02\/los-padres-tambien-molan-y-mucho-ademas.html\" target=\"_blank\">Los padres tambi\u00e9n molan\u00a0(y mucho adem\u00e1s)<\/a><\/b><\/li>\n<li><b><a href=\"http:\/\/adolescentes.euroresidentes.com\/2015\/03\/las-10-caracteristicas-del-padre.html\" target=\"_blank\">Las 10 caracter\u00edsticas del padre perfecto<\/a><\/b><\/li>\n<li><a href=\"http:\/\/adolescentes.euroresidentes.com\/2014\/06\/5-razones-para-llevar-tu-hijo-una.html\" target=\"_blank\"><b>5 Razones para llevar a tu hijo a una escuela de verano<\/b><\/a><\/li>\n<li><a href=\"http:\/\/adolescentes.euroresidentes.com\/2013\/11\/como-mejorar-la-vida-familiar.html\" target=\"_blank\"><b>C\u00f3mo mejorar la vida familiar<\/b><\/a><\/li>\n<li><a href=\"http:\/\/adolescentes.euroresidentes.com\/2011\/01\/camaras-en-los-coches-de-conductores.html\" target=\"_blank\"><b>C\u00e1maras en los coches de conductores adolescentes<\/b><\/a><\/li>\n<li><a href=\"http:\/\/adolescentes.euroresidentes.com\/2012\/08\/adolescentes-bullying.html\" target=\"_blank\"><b>Adolescentes Bullying<\/b><\/a><\/li>\n<li><a href=\"http:\/\/adolescentes.euroresidentes.com\/2009\/10\/informacion-sobre-el-alcohol-para.html\" target=\"_blank\"><b>Informaci\u00f3n sobre el alcohol para adolescentes<\/b><\/a><\/li>\n<li><a href=\"http:\/\/adolescentes.euroresidentes.com\/2008\/11\/ayudar-los-adolescentes-hacer-deportes.html\" target=\"_blank\"><b>Ayudar a los adolescentes a hacer deporte<\/b><\/a><\/li>\n<li><a href=\"http:\/\/adolescentes.euroresidentes.com\/2008\/04\/consejos-sobre-administracin-de-sus.html\" target=\"_blank\"><b>Consejos sobre administraci\u00f3n de sus finanzas<\/b><\/a><\/li>\n<li><a href=\"http:\/\/adolescentes.euroresidentes.com\/2007\/11\/salir-fuera.html\" target=\"_blank\"><b>Salir fuera<\/b><\/a><\/li>\n<li><a href=\"http:\/\/adolescentes.euroresidentes.com\/2007\/11\/amor-de-padres.html\" target=\"_blank\"><b>Amor de padres<\/b><\/a><\/li>\n<li><a href=\"http:\/\/adolescentes.euroresidentes.com\/2007\/10\/mi-hijo-es-un-vago.html\" target=\"_blank\"><b>Mi hijo es un vago<\/b><\/a><\/li>\n<li><b><a href=\"http:\/\/adolescentes.euroresidentes.com\/2007\/10\/vivir-con-adolescentes.html\" target=\"_blank\">Vivir con adolescentes<\/a><\/b><\/li>\n<li><b><a href=\"http:\/\/adolescentes.euroresidentes.com\/2014\/12\/la-manera-mas-dulce-de-decirle-tus.html\" target=\"_blank\">La manera m\u00e1s dulce de decirle a tus hijos la verdad sobre Pap\u00e1 Noel y los Reyes Magos<\/a><\/b><\/li>\n<\/ul>\n","protected":false},"excerpt":{"rendered":"<p>C\u00f3mo hablar con tus hijos sobre el atentado de Par\u00eds La carta que tu hijo adolescente no puede escribirte Las 9 mejores cosas que una madre puede decir a su hijo 14 Cosas que me habr\u00eda gustado escuchar a los 15 a\u00f1os 12 Cosas que le dir\u00e9 a mi primer hijo Consejos para mi hija adolescente. 7 Cosas que nunca deber\u00edas hacer \u00a0 Necesitamos ense\u00f1ar a nuestras hijas la diferencia entre&#8230; Un hombre rico llev\u00f3 a su hijo al campo y esto es lo que pas\u00f3 cuando volvi\u00f3 a casa Este experimento demuestra que eres \u00fanica para tu hijo, Mam\u00e1 <\/p>\n","protected":false},"author":11,"featured_media":0,"parent":0,"menu_order":0,"comment_status":"closed","ping_status":"closed","template":"","meta":{"footnotes":""},"class_list":["post-389","page","type-page","status-publish","hentry"],"yoast_head":"<!-- This site is optimized with the Yoast SEO plugin v24.1 - https:\/\/yoast.com\/wordpress\/plugins\/seo\/ -->\n<title>Padres-hijos - Adolescentes<\/title>\n<meta name=\"robots\" content=\"index, follow, max-snippet:-1, max-image-preview:large, max-video-preview:-1\" \/>\n<link rel=\"canonical\" href=\"https:\/\/www.euroresidentes.com\/estilo-de-vida\/adolescentes\/padres-hijos.html\" \/>\n<meta property=\"og:locale\" content=\"es_ES\" \/>\n<meta property=\"og:type\" content=\"article\" \/>\n<meta property=\"og:title\" content=\"Padres-hijos - Adolescentes\" \/>\n<meta property=\"og:description\" content=\"C\u00f3mo hablar con tus hijos sobre el atentado de Par\u00eds La carta que tu hijo adolescente no puede escribirte Las 9 mejores cosas que una madre puede decir a su hijo 14 Cosas que me habr\u00eda gustado escuchar a los 15 a\u00f1os 12 Cosas que le dir\u00e9 a mi primer hijo Consejos para mi hija adolescente. 7 Cosas que nunca deber\u00edas hacer \u00a0 Necesitamos ense\u00f1ar a nuestras hijas la diferencia entre&#8230; Un hombre rico llev\u00f3 a su hijo al campo y esto es lo que pas\u00f3 cuando volvi\u00f3 a casa Este experimento demuestra que eres \u00fanica para tu hijo, Mam\u00e1\" \/>\n<meta property=\"og:url\" content=\"https:\/\/www.euroresidentes.com\/estilo-de-vida\/adolescentes\/padres-hijos.html\" \/>\n<meta property=\"og:site_name\" content=\"Adolescentes\" \/>\n<meta property=\"article:publisher\" content=\"https:\/\/www.facebook.com\/sentir.bien.euroresidentes\/\" \/>\n<meta property=\"article:modified_time\" content=\"2016-02-16T08:27:13+00:00\" \/>\n<meta property=\"og:image\" content=\"http:\/\/www.euroresidentes.com\/estilo-de-vida\/adolescentes\/wp-content\/uploads\/sites\/13\/2015\/11\/amor-entranable.jpg\" \/>\n<meta name=\"twitter:card\" content=\"summary_large_image\" \/>\n<meta name=\"twitter:label1\" content=\"Est. reading time\" \/>\n\t<meta name=\"twitter:data1\" content=\"1 minuto\" \/>\n<script type=\"application\/ld+json\" class=\"yoast-schema-graph\">{\"@context\":\"https:\/\/schema.org\",\"@graph\":[{\"@type\":\"WebPage\",\"@id\":\"https:\/\/www.euroresidentes.com\/estilo-de-vida\/adolescentes\/padres-hijos.html\",\"url\":\"https:\/\/www.euroresidentes.com\/estilo-de-vida\/adolescentes\/padres-hijos.html\",\"name\":\"Padres-hijos - Adolescentes\",\"isPartOf\":{\"@id\":\"https:\/\/www.euroresidentes.com\/estilo-de-vida\/adolescentes\/#website\"},\"primaryImageOfPage\":{\"@id\":\"https:\/\/www.euroresidentes.com\/estilo-de-vida\/adolescentes\/padres-hijos.html#primaryimage\"},\"image\":{\"@id\":\"https:\/\/www.euroresidentes.com\/estilo-de-vida\/adolescentes\/padres-hijos.html#primaryimage\"},\"thumbnailUrl\":\"http:\/\/www.euroresidentes.com\/estilo-de-vida\/adolescentes\/wp-content\/uploads\/sites\/13\/2015\/11\/amor-entranable.jpg\",\"datePublished\":\"2015-11-19T13:34:00+00:00\",\"dateModified\":\"2016-02-16T08:27:13+00:00\",\"breadcrumb\":{\"@id\":\"https:\/\/www.euroresidentes.com\/estilo-de-vida\/adolescentes\/padres-hijos.html#breadcrumb\"},\"inLanguage\":\"es\",\"potentialAction\":[{\"@type\":\"ReadAction\",\"target\":[\"https:\/\/www.euroresidentes.com\/estilo-de-vida\/adolescentes\/padres-hijos.html\"]}]},{\"@type\":\"ImageObject\",\"inLanguage\":\"es\",\"@id\":\"https:\/\/www.euroresidentes.com\/estilo-de-vida\/adolescentes\/padres-hijos.html#primaryimage\",\"url\":\"http:\/\/www.euroresidentes.com\/estilo-de-vida\/adolescentes\/wp-content\/uploads\/sites\/13\/2015\/11\/amor-entranable.jpg\",\"contentUrl\":\"http:\/\/www.euroresidentes.com\/estilo-de-vida\/adolescentes\/wp-content\/uploads\/sites\/13\/2015\/11\/amor-entranable.jpg\"},{\"@type\":\"BreadcrumbList\",\"@id\":\"https:\/\/www.euroresidentes.com\/estilo-de-vida\/adolescentes\/padres-hijos.html#breadcrumb\",\"itemListElement\":[{\"@type\":\"ListItem\",\"position\":1,\"name\":\"Portada\",\"item\":\"https:\/\/www.euroresidentes.com\/estilo-de-vida\/adolescentes\/\"},{\"@type\":\"ListItem\",\"position\":2,\"name\":\"Padres-hijos\"}]},{\"@type\":\"WebSite\",\"@id\":\"https:\/\/www.euroresidentes.com\/estilo-de-vida\/adolescentes\/#website\",\"url\":\"https:\/\/www.euroresidentes.com\/estilo-de-vida\/adolescentes\/\",\"name\":\"Adolescentes\",\"description\":\"Blog sobre la etapa de la adolescencia\",\"potentialAction\":[{\"@type\":\"SearchAction\",\"target\":{\"@type\":\"EntryPoint\",\"urlTemplate\":\"https:\/\/www.euroresidentes.com\/estilo-de-vida\/adolescentes\/?s={search_term_string}\"},\"query-input\":{\"@type\":\"PropertyValueSpecification\",\"valueRequired\":true,\"valueName\":\"search_term_string\"}}],\"inLanguage\":\"es\"}]}<\/script>\n<!-- \/ Yoast SEO plugin. -->","yoast_head_json":{"title":"Padres-hijos - Adolescentes","robots":{"index":"index","follow":"follow","max-snippet":"max-snippet:-1","max-image-preview":"max-image-preview:large","max-video-preview":"max-video-preview:-1"},"canonical":"https:\/\/www.euroresidentes.com\/estilo-de-vida\/adolescentes\/padres-hijos.html","og_locale":"es_ES","og_type":"article","og_title":"Padres-hijos - Adolescentes","og_description":"C\u00f3mo hablar con tus hijos sobre el atentado de Par\u00eds La carta que tu hijo adolescente no puede escribirte Las 9 mejores cosas que una madre puede decir a su hijo 14 Cosas que me habr\u00eda gustado escuchar a los 15 a\u00f1os 12 Cosas que le dir\u00e9 a mi primer hijo Consejos para mi hija adolescente. 7 Cosas que nunca deber\u00edas hacer \u00a0 Necesitamos ense\u00f1ar a nuestras hijas la diferencia entre&#8230; Un hombre rico llev\u00f3 a su hijo al campo y esto es lo que pas\u00f3 cuando volvi\u00f3 a casa Este experimento demuestra que eres \u00fanica para tu hijo, Mam\u00e1","og_url":"https:\/\/www.euroresidentes.com\/estilo-de-vida\/adolescentes\/padres-hijos.html","og_site_name":"Adolescentes","article_publisher":"https:\/\/www.facebook.com\/sentir.bien.euroresidentes\/","article_modified_time":"2016-02-16T08:27:13+00:00","og_image":[{"url":"http:\/\/www.euroresidentes.com\/estilo-de-vida\/adolescentes\/wp-content\/uploads\/sites\/13\/2015\/11\/amor-entranable.jpg","type":"","width":"","height":""}],"twitter_card":"summary_large_image","twitter_misc":{"Est. reading time":"1 minuto"},"schema":{"@context":"https:\/\/schema.org","@graph":[{"@type":"WebPage","@id":"https:\/\/www.euroresidentes.com\/estilo-de-vida\/adolescentes\/padres-hijos.html","url":"https:\/\/www.euroresidentes.com\/estilo-de-vida\/adolescentes\/padres-hijos.html","name":"Padres-hijos - Adolescentes","isPartOf":{"@id":"https:\/\/www.euroresidentes.com\/estilo-de-vida\/adolescentes\/#website"},"primaryImageOfPage":{"@id":"https:\/\/www.euroresidentes.com\/estilo-de-vida\/adolescentes\/padres-hijos.html#primaryimage"},"image":{"@id":"https:\/\/www.euroresidentes.com\/estilo-de-vida\/adolescentes\/padres-hijos.html#primaryimage"},"thumbnailUrl":"http:\/\/www.euroresidentes.com\/estilo-de-vida\/adolescentes\/wp-content\/uploads\/sites\/13\/2015\/11\/amor-entranable.jpg","datePublished":"2015-11-19T13:34:00+00:00","dateModified":"2016-02-16T08:27:13+00:00","breadcrumb":{"@id":"https:\/\/www.euroresidentes.com\/estilo-de-vida\/adolescentes\/padres-hijos.html#breadcrumb"},"inLanguage":"es","potentialAction":[{"@type":"ReadAction","target":["https:\/\/www.euroresidentes.com\/estilo-de-vida\/adolescentes\/padres-hijos.html"]}]},{"@type":"ImageObject","inLanguage":"es","@id":"https:\/\/www.euroresidentes.com\/estilo-de-vida\/adolescentes\/padres-hijos.html#primaryimage","url":"http:\/\/www.euroresidentes.com\/estilo-de-vida\/adolescentes\/wp-content\/uploads\/sites\/13\/2015\/11\/amor-entranable.jpg","contentUrl":"http:\/\/www.euroresidentes.com\/estilo-de-vida\/adolescentes\/wp-content\/uploads\/sites\/13\/2015\/11\/amor-entranable.jpg"},{"@type":"BreadcrumbList","@id":"https:\/\/www.euroresidentes.com\/estilo-de-vida\/adolescentes\/padres-hijos.html#breadcrumb","itemListElement":[{"@type":"ListItem","position":1,"name":"Portada","item":"https:\/\/www.euroresidentes.com\/estilo-de-vida\/adolescentes\/"},{"@type":"ListItem","position":2,"name":"Padres-hijos"}]},{"@type":"WebSite","@id":"https:\/\/www.euroresidentes.com\/estilo-de-vida\/adolescentes\/#website","url":"https:\/\/www.euroresidentes.com\/estilo-de-vida\/adolescentes\/","name":"Adolescentes","description":"Blog sobre la etapa de la adolescencia","potentialAction":[{"@type":"SearchAction","target":{"@type":"EntryPoint","urlTemplate":"https:\/\/www.euroresidentes.com\/estilo-de-vida\/adolescentes\/?s={search_term_string}"},"query-input":{"@type":"PropertyValueSpecification","valueRequired":true,"valueName":"search_term_string"}}],"inLanguage":"es"}]}},"_links":{"self":[{"href":"https:\/\/www.euroresidentes.com\/estilo-de-vida\/adolescentes\/wp-json\/wp\/v2\/pages\/389","targetHints":{"allow":["GET"]}}],"collection":[{"href":"https:\/\/www.euroresidentes.com\/estilo-de-vida\/adolescentes\/wp-json\/wp\/v2\/pages"}],"about":[{"href":"https:\/\/www.euroresidentes.com\/estilo-de-vida\/adolescentes\/wp-json\/wp\/v2\/types\/page"}],"author":[{"embeddable":true,"href":"https:\/\/www.euroresidentes.com\/estilo-de-vida\/adolescentes\/wp-json\/wp\/v2\/users\/11"}],"replies":[{"embeddable":true,"href":"https:\/\/www.euroresidentes.com\/estilo-de-vida\/adolescentes\/wp-json\/wp\/v2\/comments?post=389"}],"version-history":[{"count":2,"href":"https:\/\/www.euroresidentes.com\/estilo-de-vida\/adolescentes\/wp-json\/wp\/v2\/pages\/389\/revisions"}],"predecessor-version":[{"id":4628,"href":"https:\/\/www.euroresidentes.com\/estilo-de-vida\/adolescentes\/wp-json\/wp\/v2\/pages\/389\/revisions\/4628"}],"wp:attachment":[{"href":"https:\/\/www.euroresidentes.com\/estilo-de-vida\/adolescentes\/wp-json\/wp\/v2\/media?parent=389"}],"curies":[{"name":"wp","href":"https:\/\/api.w.org\/{rel}","templated":true}]}}