{"id":63,"date":"2016-02-26T10:27:58","date_gmt":"2016-02-26T10:27:58","guid":{"rendered":"https:\/\/www.euroresidentes.com\/entretenimiento\/?page_id=63"},"modified":"2016-09-01T13:21:56","modified_gmt":"2016-09-01T11:21:56","slug":"lidia-monllor","status":"publish","type":"page","link":"https:\/\/www.euroresidentes.com\/entretenimiento\/lidia-monllor\/","title":{"rendered":"Lidia Monllor"},"content":{"rendered":"<div style=\"text-align: center;\">\n<div class=\"separator\" style=\"clear: both; text-align: center;\"><a style=\"margin-left: 1em; margin-right: 1em;\" href=\"http:\/\/2.bp.blogspot.com\/-ZOHwMXTQXP4\/Vai5uLFoXFI\/AAAAAAAAAuw\/PU2U5UrxmZg\/s1600\/2.png\"><img loading=\"lazy\" decoding=\"async\" class=\"alignnone\" src=\"https:\/\/www.euroresidentes.com\/entretenimiento\/wp-content\/uploads\/2016\/02\/Lidia.png\" alt=\"lidia-monllor\" width=\"600\" height=\"450\" border=\"0\" \/><\/a><\/div>\n<\/div>\n<p><b>1.<\/b> Ingeniera en Telecomunicaciones especialidad Imagen y Sonido en la Universidad de Alicante.<\/p>\n<p><b>2. <\/b>Estoy casi segura que nac\u00ed en el 92 porque Freddie Mercury cantar\u00eda\u00a0<i>Barcelona<\/i> en las Olimpiadas de ese a\u00f1o.<\/p>\n<p><b>3<\/b>. Desde que aprend\u00ed a relativizar las cosas, soy m\u00e1s feliz.<\/p>\n<p><b>4. <\/b>Tengo el Grado Medio de Piano en el conservatorio de Alicante. T\u00edtulo que me permite aporrear con estilo los pianos de muestra de la FNAC.<\/p>\n<p><b>5.<\/b> El mejor regalo que me han hecho es un bajo el\u00e9ctrico,\u00a0una mesa de mezclas y un micro.<\/p>\n<p><b>6. <\/b>Mientras que a los dem\u00e1s les molesta mi desorden, a mi me tranquiliza.<\/p>\n<p><b> <\/b> <b>7.<\/b> Cuando descubr\u00ed la programaci\u00f3n dije que jam\u00e1s tendr\u00eda nada que ver con ella (J\u00c1).<\/p>\n<p><b>8.<\/b> Me encanta el teatro, la vida loca de Bukowski y <i>El Aleph<\/i> de Borges.<\/p>\n<p><b>9.<\/b> Hasta que no lo intento, no lo pregunto.<\/p>\n<p><b>10. <\/b>Siempre tengo a mano una libreta y un boli.<\/p>\n","protected":false},"excerpt":{"rendered":"<p>1. Ingeniera en Telecomunicaciones especialidad Imagen y Sonido en la Universidad de Alicante. 2. Estoy casi segura que nac\u00ed en el 92 porque Freddie Mercury cantar\u00eda\u00a0Barcelona en las Olimpiadas de ese a\u00f1o. 3. Desde que aprend\u00ed a relativizar las cosas, soy m\u00e1s feliz. 4. Tengo el Grado Medio de Piano en el conservatorio de Alicante. T\u00edtulo que me permite aporrear con estilo los pianos de muestra de la FNAC. 5. El mejor regalo que me han hecho es un bajo el\u00e9ctrico,\u00a0una mesa de mezclas y un micro. 6. Mientras que a los dem\u00e1s les molesta mi desorden, a mi me <\/p>\n","protected":false},"author":1,"featured_media":3552,"parent":0,"menu_order":0,"comment_status":"closed","ping_status":"closed","template":"page-author.php","meta":{"footnotes":""},"class_list":["post-63","page","type-page","status-publish","has-post-thumbnail","hentry","has_thumb"],"yoast_head":"<!-- This site is optimized with the Yoast SEO plugin v24.1 - https:\/\/yoast.com\/wordpress\/plugins\/seo\/ -->\n<title>Lidia Monllor - Entretenimiento<\/title>\n<meta name=\"description\" content=\"Ingeniera en Telecomunicaciones especialidad Imagen y Sonido. Cuando descubr\u00ed la programaci\u00f3n dije que jam\u00e1s tendr\u00eda nada que ver con ella (J\u00c1).\" \/>\n<meta name=\"robots\" content=\"index, follow, max-snippet:-1, max-image-preview:large, max-video-preview:-1\" \/>\n<link rel=\"canonical\" href=\"https:\/\/www.euroresidentes.com\/entretenimiento\/lidia-monllor\/\" \/>\n<meta property=\"og:locale\" content=\"es_ES\" \/>\n<meta property=\"og:type\" content=\"article\" \/>\n<meta property=\"og:title\" content=\"Lidia Monllor - Entretenimiento\" \/>\n<meta property=\"og:description\" content=\"Ingeniera en Telecomunicaciones especialidad Imagen y Sonido. Cuando descubr\u00ed la programaci\u00f3n dije que jam\u00e1s tendr\u00eda nada que ver con ella (J\u00c1).\" \/>\n<meta property=\"og:url\" content=\"https:\/\/www.euroresidentes.com\/entretenimiento\/lidia-monllor\/\" \/>\n<meta property=\"og:site_name\" content=\"Entretenimiento\" \/>\n<meta property=\"article:modified_time\" content=\"2016-09-01T11:21:56+00:00\" \/>\n<meta property=\"og:image\" content=\"https:\/\/www.euroresidentes.com\/entretenimiento\/wp-content\/uploads\/2016\/02\/Lidia.png\" \/>\n\t<meta property=\"og:image:width\" content=\"600\" \/>\n\t<meta property=\"og:image:height\" content=\"450\" \/>\n\t<meta property=\"og:image:type\" content=\"image\/png\" \/>\n<meta name=\"twitter:card\" content=\"summary_large_image\" \/>\n<meta name=\"twitter:label1\" content=\"Est. reading time\" \/>\n\t<meta name=\"twitter:data1\" content=\"1 minuto\" \/>\n<script type=\"application\/ld+json\" class=\"yoast-schema-graph\">{\"@context\":\"https:\/\/schema.org\",\"@graph\":[{\"@type\":\"WebPage\",\"@id\":\"https:\/\/www.euroresidentes.com\/entretenimiento\/lidia-monllor\/\",\"url\":\"https:\/\/www.euroresidentes.com\/entretenimiento\/lidia-monllor\/\",\"name\":\"Lidia Monllor - Entretenimiento\",\"isPartOf\":{\"@id\":\"https:\/\/www.euroresidentes.com\/entretenimiento\/#website\"},\"primaryImageOfPage\":{\"@id\":\"https:\/\/www.euroresidentes.com\/entretenimiento\/lidia-monllor\/#primaryimage\"},\"image\":{\"@id\":\"https:\/\/www.euroresidentes.com\/entretenimiento\/lidia-monllor\/#primaryimage\"},\"thumbnailUrl\":\"https:\/\/www.euroresidentes.com\/entretenimiento\/wp-content\/uploads\/2016\/02\/Lidia.png\",\"datePublished\":\"2016-02-26T10:27:58+00:00\",\"dateModified\":\"2016-09-01T11:21:56+00:00\",\"description\":\"Ingeniera en Telecomunicaciones especialidad Imagen y Sonido. Cuando descubr\u00ed la programaci\u00f3n dije que jam\u00e1s tendr\u00eda nada que ver con ella (J\u00c1).\",\"breadcrumb\":{\"@id\":\"https:\/\/www.euroresidentes.com\/entretenimiento\/lidia-monllor\/#breadcrumb\"},\"inLanguage\":\"es\",\"potentialAction\":[{\"@type\":\"ReadAction\",\"target\":[\"https:\/\/www.euroresidentes.com\/entretenimiento\/lidia-monllor\/\"]}]},{\"@type\":\"ImageObject\",\"inLanguage\":\"es\",\"@id\":\"https:\/\/www.euroresidentes.com\/entretenimiento\/lidia-monllor\/#primaryimage\",\"url\":\"https:\/\/www.euroresidentes.com\/entretenimiento\/wp-content\/uploads\/2016\/02\/Lidia.png\",\"contentUrl\":\"https:\/\/www.euroresidentes.com\/entretenimiento\/wp-content\/uploads\/2016\/02\/Lidia.png\",\"width\":600,\"height\":450,\"caption\":\"Lidia Monllor\"},{\"@type\":\"BreadcrumbList\",\"@id\":\"https:\/\/www.euroresidentes.com\/entretenimiento\/lidia-monllor\/#breadcrumb\",\"itemListElement\":[{\"@type\":\"ListItem\",\"position\":1,\"name\":\"Portada\",\"item\":\"https:\/\/www.euroresidentes.com\/entretenimiento\/\"},{\"@type\":\"ListItem\",\"position\":2,\"name\":\"Lidia Monllor\"}]},{\"@type\":\"WebSite\",\"@id\":\"https:\/\/www.euroresidentes.com\/entretenimiento\/#website\",\"url\":\"https:\/\/www.euroresidentes.com\/entretenimiento\/\",\"name\":\"Entretenimiento\",\"description\":\"Entrenenimiento - Euroresidentes\",\"potentialAction\":[{\"@type\":\"SearchAction\",\"target\":{\"@type\":\"EntryPoint\",\"urlTemplate\":\"https:\/\/www.euroresidentes.com\/entretenimiento\/?s={search_term_string}\"},\"query-input\":{\"@type\":\"PropertyValueSpecification\",\"valueRequired\":true,\"valueName\":\"search_term_string\"}}],\"inLanguage\":\"es\"}]}<\/script>\n<!-- \/ Yoast SEO plugin. -->","yoast_head_json":{"title":"Lidia Monllor - Entretenimiento","description":"Ingeniera en Telecomunicaciones especialidad Imagen y Sonido. Cuando descubr\u00ed la programaci\u00f3n dije que jam\u00e1s tendr\u00eda nada que ver con ella (J\u00c1).","robots":{"index":"index","follow":"follow","max-snippet":"max-snippet:-1","max-image-preview":"max-image-preview:large","max-video-preview":"max-video-preview:-1"},"canonical":"https:\/\/www.euroresidentes.com\/entretenimiento\/lidia-monllor\/","og_locale":"es_ES","og_type":"article","og_title":"Lidia Monllor - Entretenimiento","og_description":"Ingeniera en Telecomunicaciones especialidad Imagen y Sonido. Cuando descubr\u00ed la programaci\u00f3n dije que jam\u00e1s tendr\u00eda nada que ver con ella (J\u00c1).","og_url":"https:\/\/www.euroresidentes.com\/entretenimiento\/lidia-monllor\/","og_site_name":"Entretenimiento","article_modified_time":"2016-09-01T11:21:56+00:00","og_image":[{"width":600,"height":450,"url":"https:\/\/www.euroresidentes.com\/entretenimiento\/wp-content\/uploads\/2016\/02\/Lidia.png","type":"image\/png"}],"twitter_card":"summary_large_image","twitter_misc":{"Est. reading time":"1 minuto"},"schema":{"@context":"https:\/\/schema.org","@graph":[{"@type":"WebPage","@id":"https:\/\/www.euroresidentes.com\/entretenimiento\/lidia-monllor\/","url":"https:\/\/www.euroresidentes.com\/entretenimiento\/lidia-monllor\/","name":"Lidia Monllor - Entretenimiento","isPartOf":{"@id":"https:\/\/www.euroresidentes.com\/entretenimiento\/#website"},"primaryImageOfPage":{"@id":"https:\/\/www.euroresidentes.com\/entretenimiento\/lidia-monllor\/#primaryimage"},"image":{"@id":"https:\/\/www.euroresidentes.com\/entretenimiento\/lidia-monllor\/#primaryimage"},"thumbnailUrl":"https:\/\/www.euroresidentes.com\/entretenimiento\/wp-content\/uploads\/2016\/02\/Lidia.png","datePublished":"2016-02-26T10:27:58+00:00","dateModified":"2016-09-01T11:21:56+00:00","description":"Ingeniera en Telecomunicaciones especialidad Imagen y Sonido. Cuando descubr\u00ed la programaci\u00f3n dije que jam\u00e1s tendr\u00eda nada que ver con ella (J\u00c1).","breadcrumb":{"@id":"https:\/\/www.euroresidentes.com\/entretenimiento\/lidia-monllor\/#breadcrumb"},"inLanguage":"es","potentialAction":[{"@type":"ReadAction","target":["https:\/\/www.euroresidentes.com\/entretenimiento\/lidia-monllor\/"]}]},{"@type":"ImageObject","inLanguage":"es","@id":"https:\/\/www.euroresidentes.com\/entretenimiento\/lidia-monllor\/#primaryimage","url":"https:\/\/www.euroresidentes.com\/entretenimiento\/wp-content\/uploads\/2016\/02\/Lidia.png","contentUrl":"https:\/\/www.euroresidentes.com\/entretenimiento\/wp-content\/uploads\/2016\/02\/Lidia.png","width":600,"height":450,"caption":"Lidia Monllor"},{"@type":"BreadcrumbList","@id":"https:\/\/www.euroresidentes.com\/entretenimiento\/lidia-monllor\/#breadcrumb","itemListElement":[{"@type":"ListItem","position":1,"name":"Portada","item":"https:\/\/www.euroresidentes.com\/entretenimiento\/"},{"@type":"ListItem","position":2,"name":"Lidia Monllor"}]},{"@type":"WebSite","@id":"https:\/\/www.euroresidentes.com\/entretenimiento\/#website","url":"https:\/\/www.euroresidentes.com\/entretenimiento\/","name":"Entretenimiento","description":"Entrenenimiento - Euroresidentes","potentialAction":[{"@type":"SearchAction","target":{"@type":"EntryPoint","urlTemplate":"https:\/\/www.euroresidentes.com\/entretenimiento\/?s={search_term_string}"},"query-input":{"@type":"PropertyValueSpecification","valueRequired":true,"valueName":"search_term_string"}}],"inLanguage":"es"}]}},"_links":{"self":[{"href":"https:\/\/www.euroresidentes.com\/entretenimiento\/wp-json\/wp\/v2\/pages\/63","targetHints":{"allow":["GET"]}}],"collection":[{"href":"https:\/\/www.euroresidentes.com\/entretenimiento\/wp-json\/wp\/v2\/pages"}],"about":[{"href":"https:\/\/www.euroresidentes.com\/entretenimiento\/wp-json\/wp\/v2\/types\/page"}],"author":[{"embeddable":true,"href":"https:\/\/www.euroresidentes.com\/entretenimiento\/wp-json\/wp\/v2\/users\/1"}],"replies":[{"embeddable":true,"href":"https:\/\/www.euroresidentes.com\/entretenimiento\/wp-json\/wp\/v2\/comments?post=63"}],"version-history":[{"count":4,"href":"https:\/\/www.euroresidentes.com\/entretenimiento\/wp-json\/wp\/v2\/pages\/63\/revisions"}],"predecessor-version":[{"id":3657,"href":"https:\/\/www.euroresidentes.com\/entretenimiento\/wp-json\/wp\/v2\/pages\/63\/revisions\/3657"}],"wp:featuredmedia":[{"embeddable":true,"href":"https:\/\/www.euroresidentes.com\/entretenimiento\/wp-json\/wp\/v2\/media\/3552"}],"wp:attachment":[{"href":"https:\/\/www.euroresidentes.com\/entretenimiento\/wp-json\/wp\/v2\/media?parent=63"}],"curies":[{"name":"wp","href":"https:\/\/api.w.org\/{rel}","templated":true}]}}