{"id":2533,"date":"2014-06-02T17:43:00","date_gmt":"2014-06-02T17:43:00","guid":{"rendered":"https:\/\/www.euroresidentes.com\/entretenimiento\/sobre-este-blog.html"},"modified":"2016-03-03T10:11:19","modified_gmt":"2016-03-03T10:11:19","slug":"sobre-este-blog","status":"publish","type":"page","link":"https:\/\/www.euroresidentes.com\/entretenimiento\/sobre-este-blog\/","title":{"rendered":"Sobre este blog"},"content":{"rendered":"<table cellpadding=\"0\" cellspacing=\"0\" class=\"tr-caption-container\" style=\"float: right; margin-left: 1em; text-align: right;\">\n<tbody>\n<tr>\n<td style=\"text-align: center;\"><a href=\"https:\/\/www.euroresidentes.com\/entretenimiento\/wp-content\/uploads\/2014\/06\/andres-pedreno-3-1024x768.jpg\" imageanchor=\"1\" style=\"clear: right; margin-bottom: 1em; margin-left: auto; margin-right: auto;\"><img loading=\"lazy\" decoding=\"async\" border=\"0\" src=\"https:\/\/www.euroresidentes.com\/entretenimiento\/wp-content\/uploads\/2014\/06\/andres-pedreno-3-1024x768.jpg\" height=\"150\" width=\"200\" \/><\/a><\/td>\n<\/tr>\n<tr>\n<td class=\"tr-caption\" style=\"text-align: center;\">Andr\u00e9s Pedre\u00f1o, <br \/>\nCo-fundador de IT&amp;IS<\/td>\n<\/tr>\n<\/tbody>\n<\/table>\n<p>Este blog creado en 2005 responde a la iniciativa de uno de los fundadores de IT&amp;IS, <a href=\"http:\/\/es.wikipedia.org\/wiki\/Andr%C3%A9s_Pedre%C3%B1o_Mu%C3%B1oz\" target=\"_blank\">Andr\u00e9s Pedre\u00f1o<\/a>.&nbsp;&nbsp;Su objetivo: crear una cultura favorable al desarrollo de la <b>Ciencia <\/b>y la <b>Tecnolog\u00eda<\/b> entre amplias capas de la poblaci\u00f3n, &nbsp;a trav\u00e9s de la asimilaci\u00f3n y respaldo a los <b>avances tecnol\u00f3gicos<\/b> de nuestro tiempo.<\/p>\n<p>En el blog se apoya la difusi\u00f3n de aquellos avances que potencialmente tienen <b>un mayor impacto en la vida de las personas.<\/b><br \/>\n<b><br \/><\/b><br \/>\n<b>Para llevar a cabo este objetivo se hace un seguimiento de centenares de fuentes y se identifican aquellos avances m\u00e1s relevantes en campos como la medicina, la nanotecnolog\u00eda, la biotecnolog\u00eda, la tecnolog\u00eda espacial, la computaci\u00f3n, los nuevos materiales, la rob\u00f3tica, las energ\u00edas alternativas, etc.<\/b><\/p>\n<p>El blog ha cumplido ya sus primeros 10 a\u00f1os difundiendo, en lenguaje compresible y accesible al p\u00fablico en general, sus m\u00e1s de 733 entradas y con un tr\u00e1fico muy relevante: 4.967.966 p\u00e1ginas vistas (11-5-2014).<\/p>\n<p>A la hora de identificar directrices y temas de inter\u00e9s, el blog se beneficia de un <b><i>think-tank<\/i> <\/b>formado por un conjunto de especialistas en muy diversas disciplinas vinculado a la prospectiva y a la Ciencia y la Tecnolog\u00eda en sectores claves:<\/p>\n<table>\n<tbody>\n<tr>\n<td>\n<div class=\"separator\" style=\"clear: both; text-align: center;\">\n<\/div>\n<p><\/p>\n<table align=\"center\" cellpadding=\"0\" cellspacing=\"0\" class=\"tr-caption-container\" style=\"margin-left: auto; margin-right: auto; text-align: center;\">\n<tbody>\n<tr>\n<td style=\"text-align: center;\"><a href=\"https:\/\/www.euroresidentes.com\/entretenimiento\/wp-content\/uploads\/2014\/06\/desantes.jpg\" imageanchor=\"1\" style=\"margin-left: auto; margin-right: auto;\"><img loading=\"lazy\" decoding=\"async\" border=\"0\" src=\"https:\/\/www.euroresidentes.com\/entretenimiento\/wp-content\/uploads\/2014\/06\/desantes.jpg\" height=\"200\" width=\"163\" \/><\/a><\/td>\n<\/tr>\n<tr>\n<td class=\"tr-caption\" style=\"text-align: center;\">Manuel Desantes<br \/>\nDerecho &#8211; Patentes y Marcas<\/td>\n<\/tr>\n<\/tbody>\n<\/table>\n<p><\/td>\n<td>\n<table align=\"center\" cellpadding=\"0\" cellspacing=\"0\" class=\"tr-caption-container\" style=\"margin-left: auto; margin-right: auto; text-align: center;\">\n<tbody>\n<tr>\n<td style=\"text-align: center;\"><a href=\"https:\/\/www.euroresidentes.com\/entretenimiento\/wp-content\/uploads\/2014\/06\/juanvi-sanchez.jpg\" imageanchor=\"1\" style=\"margin-left: auto; margin-right: auto;\"><img loading=\"lazy\" decoding=\"async\" border=\"0\" src=\"https:\/\/www.euroresidentes.com\/entretenimiento\/wp-content\/uploads\/2014\/06\/juanvi-sanchez.jpg\" height=\"200\" width=\"155\" \/><\/a><\/td>\n<\/tr>\n<tr>\n<td class=\"tr-caption\" style=\"text-align: center;\">Juan Vicente S\u00e1nchez<br \/>\nMedicina -MBA<\/td>\n<\/tr>\n<\/tbody>\n<\/table>\n<p><\/td>\n<td>\n<table align=\"center\" cellpadding=\"0\" cellspacing=\"0\" class=\"tr-caption-container\" style=\"margin-left: auto; margin-right: auto; text-align: center;\">\n<tbody>\n<tr>\n<td style=\"text-align: center;\"><a href=\"https:\/\/www.euroresidentes.com\/entretenimiento\/wp-content\/uploads\/2014\/06\/trujillo.jpg\" imageanchor=\"1\" style=\"margin-left: auto; margin-right: auto;\"><img loading=\"lazy\" decoding=\"async\" border=\"0\" src=\"https:\/\/www.euroresidentes.com\/entretenimiento\/wp-content\/uploads\/2014\/06\/trujillo.jpg\" height=\"200\" width=\"140\" \/><\/a><\/td>\n<\/tr>\n<tr>\n<td class=\"tr-caption\" style=\"text-align: center;\">Juan Carlos Trujillo<br \/>\nComputaci\u00f3n, Big data<\/td>\n<\/tr>\n<\/tbody>\n<\/table>\n<\/td>\n<td><\/td>\n<\/tr>\n<tr>\n<td>\n<table align=\"center\" cellpadding=\"0\" cellspacing=\"0\" class=\"tr-caption-container\" style=\"margin-left: auto; margin-right: auto; text-align: center;\">\n<tbody>\n<tr>\n<td style=\"text-align: center;\"><a href=\"https:\/\/www.euroresidentes.com\/entretenimiento\/wp-content\/uploads\/2014\/06\/manuel-marco.jpg\" imageanchor=\"1\" style=\"margin-left: auto; margin-right: auto;\"><img loading=\"lazy\" decoding=\"async\" border=\"0\" src=\"https:\/\/www.euroresidentes.com\/entretenimiento\/wp-content\/uploads\/2014\/06\/manuel-marco.jpg\" height=\"162\" width=\"200\" \/><\/a><\/td>\n<\/tr>\n<tr>\n<td class=\"tr-caption\" style=\"text-align: center;\">Manuel Marco<br \/>\nF\u00edsico, Computaci\u00f3n<\/td>\n<\/tr>\n<\/tbody>\n<\/table>\n<\/td>\n<td>\n<div class=\"separator\" style=\"clear: both; text-align: center;\">\n<\/div>\n<table align=\"center\" cellpadding=\"0\" cellspacing=\"0\" class=\"tr-caption-container\" style=\"margin-left: auto; margin-right: auto; text-align: center;\">\n<tbody>\n<tr>\n<td style=\"text-align: center;\"><a href=\"https:\/\/www.euroresidentes.com\/entretenimiento\/wp-content\/uploads\/2014\/06\/pedro-pernias-peco.jpg\" imageanchor=\"1\" style=\"margin-left: auto; margin-right: auto;\"><img loading=\"lazy\" decoding=\"async\" border=\"0\" src=\"https:\/\/www.euroresidentes.com\/entretenimiento\/wp-content\/uploads\/2014\/06\/pedro-pernias-peco.jpg\" height=\"200\" width=\"191\" \/><\/a><\/td>\n<\/tr>\n<tr>\n<td class=\"tr-caption\" style=\"text-align: center;\">Pedro Pern\u00edas<br \/>\nEducaci\u00f3n, Ing. Multimedia<\/td>\n<\/tr>\n<\/tbody>\n<\/table>\n<p><\/td>\n<td>\n<table align=\"center\" cellpadding=\"0\" cellspacing=\"0\" class=\"tr-caption-container\" style=\"margin-left: auto; margin-right: auto; text-align: center;\">\n<tbody>\n<tr>\n<td><a href=\"https:\/\/www.euroresidentes.com\/entretenimiento\/wp-content\/uploads\/2014\/06\/andres-pedreno-2.jpg\" imageanchor=\"1\" style=\"margin-left: auto; margin-right: auto;\"><img loading=\"lazy\" decoding=\"async\" border=\"0\" src=\"https:\/\/www.euroresidentes.com\/entretenimiento\/wp-content\/uploads\/2014\/06\/andres-pedreno-2.jpg\" height=\"133\" width=\"200\" \/><\/a><\/td>\n<\/tr>\n<tr>\n<td class=\"tr-caption\" style=\"font-size: 12.800000190734863px;\">Andr\u00e9s Pedre\u00f1o<br \/>\nEconom\u00eda<\/p>\n<div>\n<\/div>\n<\/td>\n<\/tr>\n<\/tbody>\n<\/table>\n<\/td>\n<td><\/td>\n<\/tr>\n<tr>\n<td>\n<table align=\"center\" cellpadding=\"0\" cellspacing=\"0\" class=\"tr-caption-container\" style=\"margin-left: auto; margin-right: auto; text-align: center;\">\n<tbody>\n<tr>\n<td style=\"text-align: center;\"><a href=\"https:\/\/www.euroresidentes.com\/entretenimiento\/wp-content\/uploads\/2014\/06\/javier-garcia.jpg\" imageanchor=\"1\" style=\"margin-left: auto; margin-right: auto;\"><img loading=\"lazy\" decoding=\"async\" border=\"0\" src=\"https:\/\/www.euroresidentes.com\/entretenimiento\/wp-content\/uploads\/2014\/06\/javier-garcia.jpg\" height=\"185\" width=\"200\" \/><\/a><\/td>\n<\/tr>\n<tr>\n<td class=\"tr-caption\" style=\"text-align: center;\">Javier Garc\u00eda Mart\u00ednez<br \/>\nNanotecnolog\u00eda &#8211; World Economic Forum<\/td>\n<\/tr>\n<\/tbody>\n<\/table>\n<p><\/td>\n<td>\n<table align=\"center\" cellpadding=\"0\" cellspacing=\"0\" class=\"tr-caption-container\" style=\"margin-left: auto; margin-right: auto; text-align: center;\">\n<tbody>\n<tr>\n<td style=\"text-align: center;\"><a href=\"https:\/\/www.euroresidentes.com\/entretenimiento\/wp-content\/uploads\/2014\/06\/alfonso-vegara.jpg\" imageanchor=\"1\" style=\"margin-left: auto; margin-right: auto;\"><img loading=\"lazy\" decoding=\"async\" border=\"0\" src=\"https:\/\/www.euroresidentes.com\/entretenimiento\/wp-content\/uploads\/2014\/06\/alfonso-vegara.jpg\" height=\"184\" width=\"200\" \/><\/a><\/td>\n<\/tr>\n<tr>\n<td class=\"tr-caption\" style=\"text-align: center;\">Alfonso Vegara<br \/>\nArquitectura, econom\u00eda, sociolog\u00eda<\/td>\n<\/tr>\n<\/tbody>\n<\/table>\n<\/td>\n<td>\n<table align=\"center\" cellpadding=\"0\" cellspacing=\"0\" class=\"tr-caption-container\" style=\"margin-left: auto; margin-right: auto; text-align: center;\">\n<tbody>\n<tr>\n<td style=\"text-align: center;\"><a href=\"https:\/\/www.euroresidentes.com\/entretenimiento\/wp-content\/uploads\/2014\/06\/fernando-ballestero.jpg\" imageanchor=\"1\" style=\"margin-left: auto; margin-right: auto;\"><img loading=\"lazy\" decoding=\"async\" border=\"0\" src=\"https:\/\/www.euroresidentes.com\/entretenimiento\/wp-content\/uploads\/2014\/06\/fernando-ballestero.jpg\" height=\"200\" width=\"200\" \/><\/a><\/td>\n<\/tr>\n<tr>\n<td class=\"tr-caption\" style=\"text-align: center;\">Fernando Ballestero<br \/>Econom\u00eda, Grandes Proyectos I+D<\/td>\n<\/tr>\n<\/tbody>\n<\/table>\n<p><\/td>\n<td><\/td>\n<\/tr>\n<\/tbody>\n<\/table>\n","protected":false},"excerpt":{"rendered":"<p>Andr\u00e9s Pedre\u00f1o, Co-fundador de IT&amp;IS Este blog creado en 2005 responde a la iniciativa de uno de los fundadores de IT&amp;IS, Andr\u00e9s Pedre\u00f1o.&nbsp;&nbsp;Su objetivo: crear una cultura favorable al desarrollo de la Ciencia y la Tecnolog\u00eda entre amplias capas de la poblaci\u00f3n, &nbsp;a trav\u00e9s de la asimilaci\u00f3n y respaldo a los avances tecnol\u00f3gicos de nuestro tiempo. En el blog se apoya la difusi\u00f3n de aquellos avances que potencialmente tienen un mayor impacto en la vida de las personas. Para llevar a cabo este objetivo se hace un seguimiento de centenares de fuentes y se identifican aquellos avances m\u00e1s relevantes en <\/p>\n","protected":false},"author":1,"featured_media":0,"parent":0,"menu_order":0,"comment_status":"closed","ping_status":"closed","template":"","meta":{"footnotes":""},"class_list":["post-2533","page","type-page","status-publish","hentry"],"yoast_head":"<!-- This site is optimized with the Yoast SEO plugin v24.1 - https:\/\/yoast.com\/wordpress\/plugins\/seo\/ -->\n<title>Sobre este blog - Entretenimiento<\/title>\n<meta name=\"robots\" content=\"index, follow, max-snippet:-1, max-image-preview:large, max-video-preview:-1\" \/>\n<link rel=\"canonical\" href=\"https:\/\/www.euroresidentes.com\/entretenimiento\/sobre-este-blog\/\" \/>\n<meta property=\"og:locale\" content=\"es_ES\" \/>\n<meta property=\"og:type\" content=\"article\" \/>\n<meta property=\"og:title\" content=\"Sobre este blog - Entretenimiento\" \/>\n<meta property=\"og:description\" content=\"Andr\u00e9s Pedre\u00f1o, Co-fundador de IT&amp;IS Este blog creado en 2005 responde a la iniciativa de uno de los fundadores de IT&amp;IS, Andr\u00e9s Pedre\u00f1o.&nbsp;&nbsp;Su objetivo: crear una cultura favorable al desarrollo de la Ciencia y la Tecnolog\u00eda entre amplias capas de la poblaci\u00f3n, &nbsp;a trav\u00e9s de la asimilaci\u00f3n y respaldo a los avances tecnol\u00f3gicos de nuestro tiempo. En el blog se apoya la difusi\u00f3n de aquellos avances que potencialmente tienen un mayor impacto en la vida de las personas. Para llevar a cabo este objetivo se hace un seguimiento de centenares de fuentes y se identifican aquellos avances m\u00e1s relevantes en\" \/>\n<meta property=\"og:url\" content=\"https:\/\/www.euroresidentes.com\/entretenimiento\/sobre-este-blog\/\" \/>\n<meta property=\"og:site_name\" content=\"Entretenimiento\" \/>\n<meta property=\"article:modified_time\" content=\"2016-03-03T10:11:19+00:00\" \/>\n<meta property=\"og:image\" content=\"https:\/\/www.euroresidentes.com\/entretenimiento\/wp-content\/uploads\/2014\/06\/andres-pedreno-3-1024x768.jpg\" \/>\n<meta name=\"twitter:card\" content=\"summary_large_image\" \/>\n<meta name=\"twitter:label1\" content=\"Est. reading time\" \/>\n\t<meta name=\"twitter:data1\" content=\"1 minuto\" \/>\n<script type=\"application\/ld+json\" class=\"yoast-schema-graph\">{\"@context\":\"https:\/\/schema.org\",\"@graph\":[{\"@type\":\"WebPage\",\"@id\":\"https:\/\/www.euroresidentes.com\/entretenimiento\/sobre-este-blog\/\",\"url\":\"https:\/\/www.euroresidentes.com\/entretenimiento\/sobre-este-blog\/\",\"name\":\"Sobre este blog - Entretenimiento\",\"isPartOf\":{\"@id\":\"https:\/\/www.euroresidentes.com\/entretenimiento\/#website\"},\"primaryImageOfPage\":{\"@id\":\"https:\/\/www.euroresidentes.com\/entretenimiento\/sobre-este-blog\/#primaryimage\"},\"image\":{\"@id\":\"https:\/\/www.euroresidentes.com\/entretenimiento\/sobre-este-blog\/#primaryimage\"},\"thumbnailUrl\":\"https:\/\/www.euroresidentes.com\/entretenimiento\/wp-content\/uploads\/2014\/06\/andres-pedreno-3-1024x768.jpg\",\"datePublished\":\"2014-06-02T17:43:00+00:00\",\"dateModified\":\"2016-03-03T10:11:19+00:00\",\"breadcrumb\":{\"@id\":\"https:\/\/www.euroresidentes.com\/entretenimiento\/sobre-este-blog\/#breadcrumb\"},\"inLanguage\":\"es\",\"potentialAction\":[{\"@type\":\"ReadAction\",\"target\":[\"https:\/\/www.euroresidentes.com\/entretenimiento\/sobre-este-blog\/\"]}]},{\"@type\":\"ImageObject\",\"inLanguage\":\"es\",\"@id\":\"https:\/\/www.euroresidentes.com\/entretenimiento\/sobre-este-blog\/#primaryimage\",\"url\":\"https:\/\/www.euroresidentes.com\/entretenimiento\/wp-content\/uploads\/2014\/06\/andres-pedreno-3.jpg\",\"contentUrl\":\"https:\/\/www.euroresidentes.com\/entretenimiento\/wp-content\/uploads\/2014\/06\/andres-pedreno-3.jpg\",\"width\":1024,\"height\":768},{\"@type\":\"BreadcrumbList\",\"@id\":\"https:\/\/www.euroresidentes.com\/entretenimiento\/sobre-este-blog\/#breadcrumb\",\"itemListElement\":[{\"@type\":\"ListItem\",\"position\":1,\"name\":\"Portada\",\"item\":\"https:\/\/www.euroresidentes.com\/entretenimiento\/\"},{\"@type\":\"ListItem\",\"position\":2,\"name\":\"Sobre este blog\"}]},{\"@type\":\"WebSite\",\"@id\":\"https:\/\/www.euroresidentes.com\/entretenimiento\/#website\",\"url\":\"https:\/\/www.euroresidentes.com\/entretenimiento\/\",\"name\":\"Entretenimiento\",\"description\":\"Entrenenimiento - Euroresidentes\",\"potentialAction\":[{\"@type\":\"SearchAction\",\"target\":{\"@type\":\"EntryPoint\",\"urlTemplate\":\"https:\/\/www.euroresidentes.com\/entretenimiento\/?s={search_term_string}\"},\"query-input\":{\"@type\":\"PropertyValueSpecification\",\"valueRequired\":true,\"valueName\":\"search_term_string\"}}],\"inLanguage\":\"es\"}]}<\/script>\n<!-- \/ Yoast SEO plugin. -->","yoast_head_json":{"title":"Sobre este blog - Entretenimiento","robots":{"index":"index","follow":"follow","max-snippet":"max-snippet:-1","max-image-preview":"max-image-preview:large","max-video-preview":"max-video-preview:-1"},"canonical":"https:\/\/www.euroresidentes.com\/entretenimiento\/sobre-este-blog\/","og_locale":"es_ES","og_type":"article","og_title":"Sobre este blog - Entretenimiento","og_description":"Andr\u00e9s Pedre\u00f1o, Co-fundador de IT&amp;IS Este blog creado en 2005 responde a la iniciativa de uno de los fundadores de IT&amp;IS, Andr\u00e9s Pedre\u00f1o.&nbsp;&nbsp;Su objetivo: crear una cultura favorable al desarrollo de la Ciencia y la Tecnolog\u00eda entre amplias capas de la poblaci\u00f3n, &nbsp;a trav\u00e9s de la asimilaci\u00f3n y respaldo a los avances tecnol\u00f3gicos de nuestro tiempo. En el blog se apoya la difusi\u00f3n de aquellos avances que potencialmente tienen un mayor impacto en la vida de las personas. Para llevar a cabo este objetivo se hace un seguimiento de centenares de fuentes y se identifican aquellos avances m\u00e1s relevantes en","og_url":"https:\/\/www.euroresidentes.com\/entretenimiento\/sobre-este-blog\/","og_site_name":"Entretenimiento","article_modified_time":"2016-03-03T10:11:19+00:00","og_image":[{"url":"https:\/\/www.euroresidentes.com\/entretenimiento\/wp-content\/uploads\/2014\/06\/andres-pedreno-3-1024x768.jpg","type":"","width":"","height":""}],"twitter_card":"summary_large_image","twitter_misc":{"Est. reading time":"1 minuto"},"schema":{"@context":"https:\/\/schema.org","@graph":[{"@type":"WebPage","@id":"https:\/\/www.euroresidentes.com\/entretenimiento\/sobre-este-blog\/","url":"https:\/\/www.euroresidentes.com\/entretenimiento\/sobre-este-blog\/","name":"Sobre este blog - Entretenimiento","isPartOf":{"@id":"https:\/\/www.euroresidentes.com\/entretenimiento\/#website"},"primaryImageOfPage":{"@id":"https:\/\/www.euroresidentes.com\/entretenimiento\/sobre-este-blog\/#primaryimage"},"image":{"@id":"https:\/\/www.euroresidentes.com\/entretenimiento\/sobre-este-blog\/#primaryimage"},"thumbnailUrl":"https:\/\/www.euroresidentes.com\/entretenimiento\/wp-content\/uploads\/2014\/06\/andres-pedreno-3-1024x768.jpg","datePublished":"2014-06-02T17:43:00+00:00","dateModified":"2016-03-03T10:11:19+00:00","breadcrumb":{"@id":"https:\/\/www.euroresidentes.com\/entretenimiento\/sobre-este-blog\/#breadcrumb"},"inLanguage":"es","potentialAction":[{"@type":"ReadAction","target":["https:\/\/www.euroresidentes.com\/entretenimiento\/sobre-este-blog\/"]}]},{"@type":"ImageObject","inLanguage":"es","@id":"https:\/\/www.euroresidentes.com\/entretenimiento\/sobre-este-blog\/#primaryimage","url":"https:\/\/www.euroresidentes.com\/entretenimiento\/wp-content\/uploads\/2014\/06\/andres-pedreno-3.jpg","contentUrl":"https:\/\/www.euroresidentes.com\/entretenimiento\/wp-content\/uploads\/2014\/06\/andres-pedreno-3.jpg","width":1024,"height":768},{"@type":"BreadcrumbList","@id":"https:\/\/www.euroresidentes.com\/entretenimiento\/sobre-este-blog\/#breadcrumb","itemListElement":[{"@type":"ListItem","position":1,"name":"Portada","item":"https:\/\/www.euroresidentes.com\/entretenimiento\/"},{"@type":"ListItem","position":2,"name":"Sobre este blog"}]},{"@type":"WebSite","@id":"https:\/\/www.euroresidentes.com\/entretenimiento\/#website","url":"https:\/\/www.euroresidentes.com\/entretenimiento\/","name":"Entretenimiento","description":"Entrenenimiento - Euroresidentes","potentialAction":[{"@type":"SearchAction","target":{"@type":"EntryPoint","urlTemplate":"https:\/\/www.euroresidentes.com\/entretenimiento\/?s={search_term_string}"},"query-input":{"@type":"PropertyValueSpecification","valueRequired":true,"valueName":"search_term_string"}}],"inLanguage":"es"}]}},"_links":{"self":[{"href":"https:\/\/www.euroresidentes.com\/entretenimiento\/wp-json\/wp\/v2\/pages\/2533","targetHints":{"allow":["GET"]}}],"collection":[{"href":"https:\/\/www.euroresidentes.com\/entretenimiento\/wp-json\/wp\/v2\/pages"}],"about":[{"href":"https:\/\/www.euroresidentes.com\/entretenimiento\/wp-json\/wp\/v2\/types\/page"}],"author":[{"embeddable":true,"href":"https:\/\/www.euroresidentes.com\/entretenimiento\/wp-json\/wp\/v2\/users\/1"}],"replies":[{"embeddable":true,"href":"https:\/\/www.euroresidentes.com\/entretenimiento\/wp-json\/wp\/v2\/comments?post=2533"}],"version-history":[{"count":1,"href":"https:\/\/www.euroresidentes.com\/entretenimiento\/wp-json\/wp\/v2\/pages\/2533\/revisions"}],"predecessor-version":[{"id":2720,"href":"https:\/\/www.euroresidentes.com\/entretenimiento\/wp-json\/wp\/v2\/pages\/2533\/revisions\/2720"}],"wp:attachment":[{"href":"https:\/\/www.euroresidentes.com\/entretenimiento\/wp-json\/wp\/v2\/media?parent=2533"}],"curies":[{"name":"wp","href":"https:\/\/api.w.org\/{rel}","templated":true}]}}