{"id":215,"date":"2012-05-18T13:48:00","date_gmt":"2012-05-18T13:48:00","guid":{"rendered":"https:\/\/www.euroresidentes.com\/entretenimiento\/teatro-principal\/sobre-noe-vicente.html"},"modified":"2016-02-26T09:55:42","modified_gmt":"2016-02-26T09:55:42","slug":"sobre-noe-vicente","status":"publish","type":"page","link":"https:\/\/www.euroresidentes.com\/entretenimiento\/teatro-principal\/sobre-noe-vicente\/","title":{"rendered":"Sobre No\u00e9 Vicente"},"content":{"rendered":"<p><a href=\"http:\/\/twitter.com\/NoeVicente\">@NoeVicente<\/a> siempre se ha definido como un \u201capasionado del teatro\u201d. <\/p>\n<p>Pis\u00f3 un escenario por primera vez a los 12 a\u00f1os y desde entonces no ha conseguido librarse del veneno de este arte. A los 20 a\u00f1os dirige su primer montaje \u201cTe vas, me dejas y me abandonas\u201d, y ahora con 25 est\u00e1 preparando el primero escrito por el mismo.&nbsp;<\/p>\n<p>Es presidente de la Asociaci\u00f3n Cultural y Compa\u00f1\u00eda Teatral <b>Lapsus Teatre<\/b>, y de la Asociaci\u00f3n juvenil +Arte. <b>Lleva impartiendo los cursos de Artes Esc\u00e9nicas<\/b> del IES Lu\u00eds Garc\u00eda Berlanga desde el 2007 y comienza este 2011 a llevar el taller de Teatro de  la Casa de Cultura de Sant Joan d&#8217;Alacant. <\/p>\n<p>Por nombras sus \u00faltimos trabajos ha protagonizado \u201cLos Palomos\u201d (2010), \u201cCaf\u00e9\u201d (2009); ha escrito textos teatrales como \u201cSentimientos para principiantes\u201d (2009) que se llevo a escena ese mismo a\u00f1o, ha presentado galas, dirigido la interpretaci\u00f3n en cortos, participado en series, pel\u00edculas, en f\u00edn&#8230; un \u201capasionado del teatro\u201d. <\/p>\n<p>Siempre ha recordado que <b>el no ha estudiado la Licenciatura de Arte Dram\u00e1tico<\/b> (Su formaci\u00f3n es econ\u00f3mica, en la Licenciatura de Administraci\u00f3n y Direcci\u00f3n de Empresas), aunque nunca ha dejado de formarse como actor y director.  Ha sido un <b>abanderado del Teatro Amateur y de la autoformaci\u00f3n en las artes.  <\/b><\/p>\n<p>No\u00e9 Vicente es <b>proactivo, emprendedor<\/b>, y lo m\u00e1s importante un creativo en cuya cabeza las barreras no existen.<\/p>\n<p>Para m\u00e1s informaci\u00f3n: <a href=\"http:\/\/wwww.noevicente.com\/\">NoeVicente.Com <\/a><\/p>\n<p><\/p>\n<div style=\"text-align: right;\">\n<i>&#8211; Euroresidentes &#8211;<\/i> <\/div>\n<p><\/p>\n","protected":false},"excerpt":{"rendered":"<p>@NoeVicente siempre se ha definido como un \u201capasionado del teatro\u201d. Pis\u00f3 un escenario por primera vez a los 12 a\u00f1os y desde entonces no ha conseguido librarse del veneno de este arte. A los 20 a\u00f1os dirige su primer montaje \u201cTe vas, me dejas y me abandonas\u201d, y ahora con 25 est\u00e1 preparando el primero escrito por el mismo.&nbsp; Es presidente de la Asociaci\u00f3n Cultural y Compa\u00f1\u00eda Teatral Lapsus Teatre, y de la Asociaci\u00f3n juvenil +Arte. Lleva impartiendo los cursos de Artes Esc\u00e9nicas del IES Lu\u00eds Garc\u00eda Berlanga desde el 2007 y comienza este 2011 a llevar el taller de <\/p>\n","protected":false},"author":1,"featured_media":0,"parent":0,"menu_order":0,"comment_status":"closed","ping_status":"closed","template":"","meta":{"footnotes":""},"class_list":["post-215","page","type-page","status-publish","hentry"],"yoast_head":"<!-- This site is optimized with the Yoast SEO plugin v24.1 - https:\/\/yoast.com\/wordpress\/plugins\/seo\/ -->\n<title>Sobre No\u00e9 Vicente - Teatro Principal<\/title>\n<meta name=\"robots\" content=\"index, follow, max-snippet:-1, max-image-preview:large, max-video-preview:-1\" \/>\n<link rel=\"canonical\" href=\"https:\/\/www.euroresidentes.com\/entretenimiento\/teatro-principal\/sobre-noe-vicente\/\" \/>\n<meta property=\"og:locale\" content=\"es_ES\" \/>\n<meta property=\"og:type\" content=\"article\" \/>\n<meta property=\"og:title\" content=\"Sobre No\u00e9 Vicente - Teatro Principal\" \/>\n<meta property=\"og:description\" content=\"@NoeVicente siempre se ha definido como un \u201capasionado del teatro\u201d. Pis\u00f3 un escenario por primera vez a los 12 a\u00f1os y desde entonces no ha conseguido librarse del veneno de este arte. A los 20 a\u00f1os dirige su primer montaje \u201cTe vas, me dejas y me abandonas\u201d, y ahora con 25 est\u00e1 preparando el primero escrito por el mismo.&nbsp; Es presidente de la Asociaci\u00f3n Cultural y Compa\u00f1\u00eda Teatral Lapsus Teatre, y de la Asociaci\u00f3n juvenil +Arte. Lleva impartiendo los cursos de Artes Esc\u00e9nicas del IES Lu\u00eds Garc\u00eda Berlanga desde el 2007 y comienza este 2011 a llevar el taller de\" \/>\n<meta property=\"og:url\" content=\"https:\/\/www.euroresidentes.com\/entretenimiento\/teatro-principal\/sobre-noe-vicente\/\" \/>\n<meta property=\"og:site_name\" content=\"Teatro Principal\" \/>\n<meta property=\"article:modified_time\" content=\"2016-02-26T09:55:42+00:00\" \/>\n<meta name=\"twitter:card\" content=\"summary_large_image\" \/>\n<meta name=\"twitter:label1\" content=\"Est. reading time\" \/>\n\t<meta name=\"twitter:data1\" content=\"1 minuto\" \/>\n<script type=\"application\/ld+json\" class=\"yoast-schema-graph\">{\"@context\":\"https:\/\/schema.org\",\"@graph\":[{\"@type\":\"WebPage\",\"@id\":\"https:\/\/www.euroresidentes.com\/entretenimiento\/teatro-principal\/sobre-noe-vicente\/\",\"url\":\"https:\/\/www.euroresidentes.com\/entretenimiento\/teatro-principal\/sobre-noe-vicente\/\",\"name\":\"Sobre No\u00e9 Vicente - Teatro Principal\",\"isPartOf\":{\"@id\":\"https:\/\/www.euroresidentes.com\/entretenimiento\/teatro-principal\/#website\"},\"datePublished\":\"2012-05-18T13:48:00+00:00\",\"dateModified\":\"2016-02-26T09:55:42+00:00\",\"breadcrumb\":{\"@id\":\"https:\/\/www.euroresidentes.com\/entretenimiento\/teatro-principal\/sobre-noe-vicente\/#breadcrumb\"},\"inLanguage\":\"es\",\"potentialAction\":[{\"@type\":\"ReadAction\",\"target\":[\"https:\/\/www.euroresidentes.com\/entretenimiento\/teatro-principal\/sobre-noe-vicente\/\"]}]},{\"@type\":\"BreadcrumbList\",\"@id\":\"https:\/\/www.euroresidentes.com\/entretenimiento\/teatro-principal\/sobre-noe-vicente\/#breadcrumb\",\"itemListElement\":[{\"@type\":\"ListItem\",\"position\":1,\"name\":\"Portada\",\"item\":\"https:\/\/www.euroresidentes.com\/entretenimiento\/teatro-principal\/\"},{\"@type\":\"ListItem\",\"position\":2,\"name\":\"Sobre No\u00e9 Vicente\"}]},{\"@type\":\"WebSite\",\"@id\":\"https:\/\/www.euroresidentes.com\/entretenimiento\/teatro-principal\/#website\",\"url\":\"https:\/\/www.euroresidentes.com\/entretenimiento\/teatro-principal\/\",\"name\":\"Teatro Principal\",\"description\":\"Otro sitio m\u00e1s de Sitios de Entretenimiento Euroresidentes\",\"potentialAction\":[{\"@type\":\"SearchAction\",\"target\":{\"@type\":\"EntryPoint\",\"urlTemplate\":\"https:\/\/www.euroresidentes.com\/entretenimiento\/teatro-principal\/?s={search_term_string}\"},\"query-input\":{\"@type\":\"PropertyValueSpecification\",\"valueRequired\":true,\"valueName\":\"search_term_string\"}}],\"inLanguage\":\"es\"}]}<\/script>\n<!-- \/ Yoast SEO plugin. -->","yoast_head_json":{"title":"Sobre No\u00e9 Vicente - Teatro Principal","robots":{"index":"index","follow":"follow","max-snippet":"max-snippet:-1","max-image-preview":"max-image-preview:large","max-video-preview":"max-video-preview:-1"},"canonical":"https:\/\/www.euroresidentes.com\/entretenimiento\/teatro-principal\/sobre-noe-vicente\/","og_locale":"es_ES","og_type":"article","og_title":"Sobre No\u00e9 Vicente - Teatro Principal","og_description":"@NoeVicente siempre se ha definido como un \u201capasionado del teatro\u201d. Pis\u00f3 un escenario por primera vez a los 12 a\u00f1os y desde entonces no ha conseguido librarse del veneno de este arte. A los 20 a\u00f1os dirige su primer montaje \u201cTe vas, me dejas y me abandonas\u201d, y ahora con 25 est\u00e1 preparando el primero escrito por el mismo.&nbsp; Es presidente de la Asociaci\u00f3n Cultural y Compa\u00f1\u00eda Teatral Lapsus Teatre, y de la Asociaci\u00f3n juvenil +Arte. Lleva impartiendo los cursos de Artes Esc\u00e9nicas del IES Lu\u00eds Garc\u00eda Berlanga desde el 2007 y comienza este 2011 a llevar el taller de","og_url":"https:\/\/www.euroresidentes.com\/entretenimiento\/teatro-principal\/sobre-noe-vicente\/","og_site_name":"Teatro Principal","article_modified_time":"2016-02-26T09:55:42+00:00","twitter_card":"summary_large_image","twitter_misc":{"Est. reading time":"1 minuto"},"schema":{"@context":"https:\/\/schema.org","@graph":[{"@type":"WebPage","@id":"https:\/\/www.euroresidentes.com\/entretenimiento\/teatro-principal\/sobre-noe-vicente\/","url":"https:\/\/www.euroresidentes.com\/entretenimiento\/teatro-principal\/sobre-noe-vicente\/","name":"Sobre No\u00e9 Vicente - Teatro Principal","isPartOf":{"@id":"https:\/\/www.euroresidentes.com\/entretenimiento\/teatro-principal\/#website"},"datePublished":"2012-05-18T13:48:00+00:00","dateModified":"2016-02-26T09:55:42+00:00","breadcrumb":{"@id":"https:\/\/www.euroresidentes.com\/entretenimiento\/teatro-principal\/sobre-noe-vicente\/#breadcrumb"},"inLanguage":"es","potentialAction":[{"@type":"ReadAction","target":["https:\/\/www.euroresidentes.com\/entretenimiento\/teatro-principal\/sobre-noe-vicente\/"]}]},{"@type":"BreadcrumbList","@id":"https:\/\/www.euroresidentes.com\/entretenimiento\/teatro-principal\/sobre-noe-vicente\/#breadcrumb","itemListElement":[{"@type":"ListItem","position":1,"name":"Portada","item":"https:\/\/www.euroresidentes.com\/entretenimiento\/teatro-principal\/"},{"@type":"ListItem","position":2,"name":"Sobre No\u00e9 Vicente"}]},{"@type":"WebSite","@id":"https:\/\/www.euroresidentes.com\/entretenimiento\/teatro-principal\/#website","url":"https:\/\/www.euroresidentes.com\/entretenimiento\/teatro-principal\/","name":"Teatro Principal","description":"Otro sitio m\u00e1s de Sitios de Entretenimiento Euroresidentes","potentialAction":[{"@type":"SearchAction","target":{"@type":"EntryPoint","urlTemplate":"https:\/\/www.euroresidentes.com\/entretenimiento\/teatro-principal\/?s={search_term_string}"},"query-input":{"@type":"PropertyValueSpecification","valueRequired":true,"valueName":"search_term_string"}}],"inLanguage":"es"}]}},"_links":{"self":[{"href":"https:\/\/www.euroresidentes.com\/entretenimiento\/teatro-principal\/wp-json\/wp\/v2\/pages\/215","targetHints":{"allow":["GET"]}}],"collection":[{"href":"https:\/\/www.euroresidentes.com\/entretenimiento\/teatro-principal\/wp-json\/wp\/v2\/pages"}],"about":[{"href":"https:\/\/www.euroresidentes.com\/entretenimiento\/teatro-principal\/wp-json\/wp\/v2\/types\/page"}],"author":[{"embeddable":true,"href":"https:\/\/www.euroresidentes.com\/entretenimiento\/teatro-principal\/wp-json\/wp\/v2\/users\/1"}],"replies":[{"embeddable":true,"href":"https:\/\/www.euroresidentes.com\/entretenimiento\/teatro-principal\/wp-json\/wp\/v2\/comments?post=215"}],"version-history":[{"count":1,"href":"https:\/\/www.euroresidentes.com\/entretenimiento\/teatro-principal\/wp-json\/wp\/v2\/pages\/215\/revisions"}],"predecessor-version":[{"id":253,"href":"https:\/\/www.euroresidentes.com\/entretenimiento\/teatro-principal\/wp-json\/wp\/v2\/pages\/215\/revisions\/253"}],"wp:attachment":[{"href":"https:\/\/www.euroresidentes.com\/entretenimiento\/teatro-principal\/wp-json\/wp\/v2\/media?parent=215"}],"curies":[{"name":"wp","href":"https:\/\/api.w.org\/{rel}","templated":true}]}}