{"id":618,"date":"2015-07-13T11:50:00","date_gmt":"2015-07-13T11:50:00","guid":{"rendered":"https:\/\/www.euroresidentes.com\/entretenimiento\/ocio-y-tiempo-libre\/extrano_13.html"},"modified":"2016-02-26T09:52:08","modified_gmt":"2016-02-26T09:52:08","slug":"extrano_13","status":"publish","type":"page","link":"https:\/\/www.euroresidentes.com\/entretenimiento\/ocio-y-tiempo-libre\/extrano_13\/","title":{"rendered":"Extra\u00f1o"},"content":{"rendered":"<p><\/p>\n<ul>\n<li><a href=\"http:\/\/ocio-y-tiempo-libre.euroresidentes.com\/2015\/05\/cuadros-con-misterios-ocultos.html\" target=\"_blank\">Cuadros con Misterios Ocultos&nbsp;<\/a><\/li>\n<li><a href=\"http:\/\/ocio-y-tiempo-libre.euroresidentes.com\/2014\/12\/cine-flotante-en-tailandia-unico-en-el.html\" target=\"_blank\">Cine flotante en Tailandia, \u00fanico en el mundo&nbsp;<\/a><\/li>\n<li><a href=\"http:\/\/ocio-y-tiempo-libre.euroresidentes.com\/2014\/11\/munecas-blythe.html\" target=\"_blank\">Mu\u00f1ecas Blythe<\/a>&nbsp;<\/li>\n<li><a href=\"http:\/\/ocio-y-tiempo-libre.euroresidentes.com\/2014\/08\/la-lucha-de-kody-brown-y-sus-cuatro.html\" target=\"_blank\">La lucha de Kody Brown y sus cuatro esposas<\/a>&nbsp;<\/li>\n<li><a href=\"http:\/\/ocio-y-tiempo-libre.euroresidentes.com\/2014\/08\/10-selfies-que-nunca-debieron-suceder.html\" target=\"_blank\">10 Selfies que nunca debieron suceder<\/a><\/li>\n<\/ul>\n","protected":false},"excerpt":{"rendered":"<p>Cuadros con Misterios Ocultos&nbsp; Cine flotante en Tailandia, \u00fanico en el mundo&nbsp; Mu\u00f1ecas Blythe&nbsp; La lucha de Kody Brown y sus cuatro esposas&nbsp; 10 Selfies que nunca debieron suceder<\/p>\n","protected":false},"author":12,"featured_media":0,"parent":0,"menu_order":0,"comment_status":"closed","ping_status":"closed","template":"","meta":{"footnotes":""},"class_list":["post-618","page","type-page","status-publish","hentry"],"yoast_head":"<!-- This site is optimized with the Yoast SEO plugin v24.1 - https:\/\/yoast.com\/wordpress\/plugins\/seo\/ -->\n<title>Extra\u00f1o - Ocio y tiempo libre<\/title>\n<meta name=\"robots\" content=\"index, follow, max-snippet:-1, max-image-preview:large, max-video-preview:-1\" \/>\n<link rel=\"canonical\" href=\"https:\/\/www.euroresidentes.com\/entretenimiento\/ocio-y-tiempo-libre\/extrano_13\/\" \/>\n<meta property=\"og:locale\" content=\"es_ES\" \/>\n<meta property=\"og:type\" content=\"article\" \/>\n<meta property=\"og:title\" content=\"Extra\u00f1o - Ocio y tiempo libre\" \/>\n<meta property=\"og:description\" content=\"Cuadros con Misterios Ocultos&nbsp; Cine flotante en Tailandia, \u00fanico en el mundo&nbsp; Mu\u00f1ecas Blythe&nbsp; La lucha de Kody Brown y sus cuatro esposas&nbsp; 10 Selfies que nunca debieron suceder\" \/>\n<meta property=\"og:url\" content=\"https:\/\/www.euroresidentes.com\/entretenimiento\/ocio-y-tiempo-libre\/extrano_13\/\" \/>\n<meta property=\"og:site_name\" content=\"Ocio y tiempo libre\" \/>\n<meta property=\"article:publisher\" content=\"https:\/\/www.facebook.com\/euroresidentes\/\" \/>\n<meta property=\"article:modified_time\" content=\"2016-02-26T09:52:08+00:00\" \/>\n<meta name=\"twitter:card\" content=\"summary_large_image\" \/>\n<script type=\"application\/ld+json\" class=\"yoast-schema-graph\">{\"@context\":\"https:\/\/schema.org\",\"@graph\":[{\"@type\":\"WebPage\",\"@id\":\"https:\/\/www.euroresidentes.com\/entretenimiento\/ocio-y-tiempo-libre\/extrano_13\/\",\"url\":\"https:\/\/www.euroresidentes.com\/entretenimiento\/ocio-y-tiempo-libre\/extrano_13\/\",\"name\":\"Extra\u00f1o - Ocio y tiempo libre\",\"isPartOf\":{\"@id\":\"https:\/\/www.euroresidentes.com\/entretenimiento\/ocio-y-tiempo-libre\/#website\"},\"datePublished\":\"2015-07-13T11:50:00+00:00\",\"dateModified\":\"2016-02-26T09:52:08+00:00\",\"breadcrumb\":{\"@id\":\"https:\/\/www.euroresidentes.com\/entretenimiento\/ocio-y-tiempo-libre\/extrano_13\/#breadcrumb\"},\"inLanguage\":\"es\",\"potentialAction\":[{\"@type\":\"ReadAction\",\"target\":[\"https:\/\/www.euroresidentes.com\/entretenimiento\/ocio-y-tiempo-libre\/extrano_13\/\"]}]},{\"@type\":\"BreadcrumbList\",\"@id\":\"https:\/\/www.euroresidentes.com\/entretenimiento\/ocio-y-tiempo-libre\/extrano_13\/#breadcrumb\",\"itemListElement\":[{\"@type\":\"ListItem\",\"position\":1,\"name\":\"Portada\",\"item\":\"https:\/\/www.euroresidentes.com\/entretenimiento\/ocio-y-tiempo-libre\/\"},{\"@type\":\"ListItem\",\"position\":2,\"name\":\"Extra\u00f1o\"}]},{\"@type\":\"WebSite\",\"@id\":\"https:\/\/www.euroresidentes.com\/entretenimiento\/ocio-y-tiempo-libre\/#website\",\"url\":\"https:\/\/www.euroresidentes.com\/entretenimiento\/ocio-y-tiempo-libre\/\",\"name\":\"Ocio y tiempo libre\",\"description\":\"Euroresidentes\",\"potentialAction\":[{\"@type\":\"SearchAction\",\"target\":{\"@type\":\"EntryPoint\",\"urlTemplate\":\"https:\/\/www.euroresidentes.com\/entretenimiento\/ocio-y-tiempo-libre\/?s={search_term_string}\"},\"query-input\":{\"@type\":\"PropertyValueSpecification\",\"valueRequired\":true,\"valueName\":\"search_term_string\"}}],\"inLanguage\":\"es\"}]}<\/script>\n<!-- \/ Yoast SEO plugin. -->","yoast_head_json":{"title":"Extra\u00f1o - Ocio y tiempo libre","robots":{"index":"index","follow":"follow","max-snippet":"max-snippet:-1","max-image-preview":"max-image-preview:large","max-video-preview":"max-video-preview:-1"},"canonical":"https:\/\/www.euroresidentes.com\/entretenimiento\/ocio-y-tiempo-libre\/extrano_13\/","og_locale":"es_ES","og_type":"article","og_title":"Extra\u00f1o - Ocio y tiempo libre","og_description":"Cuadros con Misterios Ocultos&nbsp; Cine flotante en Tailandia, \u00fanico en el mundo&nbsp; Mu\u00f1ecas Blythe&nbsp; La lucha de Kody Brown y sus cuatro esposas&nbsp; 10 Selfies que nunca debieron suceder","og_url":"https:\/\/www.euroresidentes.com\/entretenimiento\/ocio-y-tiempo-libre\/extrano_13\/","og_site_name":"Ocio y tiempo libre","article_publisher":"https:\/\/www.facebook.com\/euroresidentes\/","article_modified_time":"2016-02-26T09:52:08+00:00","twitter_card":"summary_large_image","schema":{"@context":"https:\/\/schema.org","@graph":[{"@type":"WebPage","@id":"https:\/\/www.euroresidentes.com\/entretenimiento\/ocio-y-tiempo-libre\/extrano_13\/","url":"https:\/\/www.euroresidentes.com\/entretenimiento\/ocio-y-tiempo-libre\/extrano_13\/","name":"Extra\u00f1o - Ocio y tiempo libre","isPartOf":{"@id":"https:\/\/www.euroresidentes.com\/entretenimiento\/ocio-y-tiempo-libre\/#website"},"datePublished":"2015-07-13T11:50:00+00:00","dateModified":"2016-02-26T09:52:08+00:00","breadcrumb":{"@id":"https:\/\/www.euroresidentes.com\/entretenimiento\/ocio-y-tiempo-libre\/extrano_13\/#breadcrumb"},"inLanguage":"es","potentialAction":[{"@type":"ReadAction","target":["https:\/\/www.euroresidentes.com\/entretenimiento\/ocio-y-tiempo-libre\/extrano_13\/"]}]},{"@type":"BreadcrumbList","@id":"https:\/\/www.euroresidentes.com\/entretenimiento\/ocio-y-tiempo-libre\/extrano_13\/#breadcrumb","itemListElement":[{"@type":"ListItem","position":1,"name":"Portada","item":"https:\/\/www.euroresidentes.com\/entretenimiento\/ocio-y-tiempo-libre\/"},{"@type":"ListItem","position":2,"name":"Extra\u00f1o"}]},{"@type":"WebSite","@id":"https:\/\/www.euroresidentes.com\/entretenimiento\/ocio-y-tiempo-libre\/#website","url":"https:\/\/www.euroresidentes.com\/entretenimiento\/ocio-y-tiempo-libre\/","name":"Ocio y tiempo libre","description":"Euroresidentes","potentialAction":[{"@type":"SearchAction","target":{"@type":"EntryPoint","urlTemplate":"https:\/\/www.euroresidentes.com\/entretenimiento\/ocio-y-tiempo-libre\/?s={search_term_string}"},"query-input":{"@type":"PropertyValueSpecification","valueRequired":true,"valueName":"search_term_string"}}],"inLanguage":"es"}]}},"_links":{"self":[{"href":"https:\/\/www.euroresidentes.com\/entretenimiento\/ocio-y-tiempo-libre\/wp-json\/wp\/v2\/pages\/618","targetHints":{"allow":["GET"]}}],"collection":[{"href":"https:\/\/www.euroresidentes.com\/entretenimiento\/ocio-y-tiempo-libre\/wp-json\/wp\/v2\/pages"}],"about":[{"href":"https:\/\/www.euroresidentes.com\/entretenimiento\/ocio-y-tiempo-libre\/wp-json\/wp\/v2\/types\/page"}],"author":[{"embeddable":true,"href":"https:\/\/www.euroresidentes.com\/entretenimiento\/ocio-y-tiempo-libre\/wp-json\/wp\/v2\/users\/12"}],"replies":[{"embeddable":true,"href":"https:\/\/www.euroresidentes.com\/entretenimiento\/ocio-y-tiempo-libre\/wp-json\/wp\/v2\/comments?post=618"}],"version-history":[{"count":1,"href":"https:\/\/www.euroresidentes.com\/entretenimiento\/ocio-y-tiempo-libre\/wp-json\/wp\/v2\/pages\/618\/revisions"}],"predecessor-version":[{"id":1022,"href":"https:\/\/www.euroresidentes.com\/entretenimiento\/ocio-y-tiempo-libre\/wp-json\/wp\/v2\/pages\/618\/revisions\/1022"}],"wp:attachment":[{"href":"https:\/\/www.euroresidentes.com\/entretenimiento\/ocio-y-tiempo-libre\/wp-json\/wp\/v2\/media?parent=618"}],"curies":[{"name":"wp","href":"https:\/\/api.w.org\/{rel}","templated":true}]}}