{"id":614,"date":"2015-09-10T14:26:00","date_gmt":"2015-09-10T14:26:00","guid":{"rendered":"https:\/\/www.euroresidentes.com\/entretenimiento\/ocio-y-tiempo-libre\/interesante.html"},"modified":"2016-02-26T09:52:11","modified_gmt":"2016-02-26T09:52:11","slug":"interesante","status":"publish","type":"page","link":"https:\/\/www.euroresidentes.com\/entretenimiento\/ocio-y-tiempo-libre\/interesante\/","title":{"rendered":"Interesante y Curioso"},"content":{"rendered":"<p><\/p>\n<ul>\n<li><a href=\"http:\/\/ocio-y-tiempo-libre.euroresidentes.com\/2015\/07\/pareidolia-25-caras-ocultas-en-objetos.html\" target=\"_blank\">Pareidolia: 25 Caras ocultas en objetos diarios&nbsp;<\/a><\/li>\n<li><a href=\"http:\/\/ocio-y-tiempo-libre.euroresidentes.com\/2015\/06\/estos-3-videos-te-demostraran-que-las.html\" target=\"_blank\">&nbsp;Estos 3 v\u00eddeos te demostrar\u00e1n que las cosas no siempre son lo que parecen&nbsp;<\/a><\/li>\n<li><a href=\"http:\/\/ocio-y-tiempo-libre.euroresidentes.com\/2014\/10\/la-tradicion-del-dia-de-los-muertos.html\" target=\"_blank\">La tradici\u00f3n del D\u00eda de los Muertos alrededor del mundo&nbsp;<\/a><\/li>\n<li><a href=\"http:\/\/ocio-y-tiempo-libre.euroresidentes.com\/2014\/09\/los-10-eventos-deportivos-mas-populares.html\" target=\"_blank\">Los 10 eventos deportivos m\u00e1s populares del mundo<\/a><\/li>\n<li><a href=\"http:\/\/ocio-y-tiempo-libre.euroresidentes.com\/2014\/08\/disney-verdadero-o-falso.html\" target=\"_blank\">Disney: \u00bfverdadero o falso?&nbsp;<\/a><\/li>\n<li><a href=\"http:\/\/ocio-y-tiempo-libre.euroresidentes.com\/2014\/07\/12-inventos-curiosos-y-poco-comunes.html\" target=\"_blank\">12 Inventos curiosos y poco comunes&nbsp;<\/a><\/li>\n<li><a href=\"http:\/\/ocio-y-tiempo-libre.euroresidentes.com\/2014\/06\/12-curiosidades-de-brasil-que-la-hacen.html\" target=\"_blank\">12 Curiosidades de Brasil que la hacen tan especial<\/a><\/li>\n<li><a href=\"http:\/\/ocio-y-tiempo-libre.euroresidentes.com\/2015\/09\/5-cosas-que-necesitas-saber-hoy-9-de.html\">5 Cosas que necesitas saber hoy (9 de Septiembre)<\/a><\/li>\n<li><a href=\"http:\/\/ocio-y-tiempo-libre.euroresidentes.com\/2015\/09\/6-cosas-que-necesitas-saber-hoy-10-de.html\">6 Cosas que necesitas saber hoy (10 de Septiembre)<\/a><\/li>\n<\/ul>\n","protected":false},"excerpt":{"rendered":"<p>Pareidolia: 25 Caras ocultas en objetos diarios&nbsp; &nbsp;Estos 3 v\u00eddeos te demostrar\u00e1n que las cosas no siempre son lo que parecen&nbsp; La tradici\u00f3n del D\u00eda de los Muertos alrededor del mundo&nbsp; Los 10 eventos deportivos m\u00e1s populares del mundo Disney: \u00bfverdadero o falso?&nbsp; 12 Inventos curiosos y poco comunes&nbsp; 12 Curiosidades de Brasil que la hacen tan especial 5 Cosas que necesitas saber hoy (9 de Septiembre) 6 Cosas que necesitas saber hoy (10 de Septiembre)<\/p>\n","protected":false},"author":12,"featured_media":0,"parent":0,"menu_order":0,"comment_status":"closed","ping_status":"closed","template":"","meta":{"footnotes":""},"class_list":["post-614","page","type-page","status-publish","hentry"],"yoast_head":"<!-- This site is optimized with the Yoast SEO plugin v24.1 - https:\/\/yoast.com\/wordpress\/plugins\/seo\/ -->\n<title>Interesante y Curioso - Ocio y tiempo libre<\/title>\n<meta name=\"robots\" content=\"index, follow, max-snippet:-1, max-image-preview:large, max-video-preview:-1\" \/>\n<link rel=\"canonical\" href=\"https:\/\/www.euroresidentes.com\/entretenimiento\/ocio-y-tiempo-libre\/interesante\/\" \/>\n<meta property=\"og:locale\" content=\"es_ES\" \/>\n<meta property=\"og:type\" content=\"article\" \/>\n<meta property=\"og:title\" content=\"Interesante y Curioso - Ocio y tiempo libre\" \/>\n<meta property=\"og:description\" content=\"Pareidolia: 25 Caras ocultas en objetos diarios&nbsp; &nbsp;Estos 3 v\u00eddeos te demostrar\u00e1n que las cosas no siempre son lo que parecen&nbsp; La tradici\u00f3n del D\u00eda de los Muertos alrededor del mundo&nbsp; Los 10 eventos deportivos m\u00e1s populares del mundo Disney: \u00bfverdadero o falso?&nbsp; 12 Inventos curiosos y poco comunes&nbsp; 12 Curiosidades de Brasil que la hacen tan especial 5 Cosas que necesitas saber hoy (9 de Septiembre) 6 Cosas que necesitas saber hoy (10 de Septiembre)\" \/>\n<meta property=\"og:url\" content=\"https:\/\/www.euroresidentes.com\/entretenimiento\/ocio-y-tiempo-libre\/interesante\/\" \/>\n<meta property=\"og:site_name\" content=\"Ocio y tiempo libre\" \/>\n<meta property=\"article:publisher\" content=\"https:\/\/www.facebook.com\/euroresidentes\/\" \/>\n<meta property=\"article:modified_time\" content=\"2016-02-26T09:52:11+00:00\" \/>\n<meta name=\"twitter:card\" content=\"summary_large_image\" \/>\n<script type=\"application\/ld+json\" class=\"yoast-schema-graph\">{\"@context\":\"https:\/\/schema.org\",\"@graph\":[{\"@type\":\"WebPage\",\"@id\":\"https:\/\/www.euroresidentes.com\/entretenimiento\/ocio-y-tiempo-libre\/interesante\/\",\"url\":\"https:\/\/www.euroresidentes.com\/entretenimiento\/ocio-y-tiempo-libre\/interesante\/\",\"name\":\"Interesante y Curioso - Ocio y tiempo libre\",\"isPartOf\":{\"@id\":\"https:\/\/www.euroresidentes.com\/entretenimiento\/ocio-y-tiempo-libre\/#website\"},\"datePublished\":\"2015-09-10T14:26:00+00:00\",\"dateModified\":\"2016-02-26T09:52:11+00:00\",\"breadcrumb\":{\"@id\":\"https:\/\/www.euroresidentes.com\/entretenimiento\/ocio-y-tiempo-libre\/interesante\/#breadcrumb\"},\"inLanguage\":\"es\",\"potentialAction\":[{\"@type\":\"ReadAction\",\"target\":[\"https:\/\/www.euroresidentes.com\/entretenimiento\/ocio-y-tiempo-libre\/interesante\/\"]}]},{\"@type\":\"BreadcrumbList\",\"@id\":\"https:\/\/www.euroresidentes.com\/entretenimiento\/ocio-y-tiempo-libre\/interesante\/#breadcrumb\",\"itemListElement\":[{\"@type\":\"ListItem\",\"position\":1,\"name\":\"Portada\",\"item\":\"https:\/\/www.euroresidentes.com\/entretenimiento\/ocio-y-tiempo-libre\/\"},{\"@type\":\"ListItem\",\"position\":2,\"name\":\"Interesante y Curioso\"}]},{\"@type\":\"WebSite\",\"@id\":\"https:\/\/www.euroresidentes.com\/entretenimiento\/ocio-y-tiempo-libre\/#website\",\"url\":\"https:\/\/www.euroresidentes.com\/entretenimiento\/ocio-y-tiempo-libre\/\",\"name\":\"Ocio y tiempo libre\",\"description\":\"Euroresidentes\",\"potentialAction\":[{\"@type\":\"SearchAction\",\"target\":{\"@type\":\"EntryPoint\",\"urlTemplate\":\"https:\/\/www.euroresidentes.com\/entretenimiento\/ocio-y-tiempo-libre\/?s={search_term_string}\"},\"query-input\":{\"@type\":\"PropertyValueSpecification\",\"valueRequired\":true,\"valueName\":\"search_term_string\"}}],\"inLanguage\":\"es\"}]}<\/script>\n<!-- \/ Yoast SEO plugin. -->","yoast_head_json":{"title":"Interesante y Curioso - Ocio y tiempo libre","robots":{"index":"index","follow":"follow","max-snippet":"max-snippet:-1","max-image-preview":"max-image-preview:large","max-video-preview":"max-video-preview:-1"},"canonical":"https:\/\/www.euroresidentes.com\/entretenimiento\/ocio-y-tiempo-libre\/interesante\/","og_locale":"es_ES","og_type":"article","og_title":"Interesante y Curioso - Ocio y tiempo libre","og_description":"Pareidolia: 25 Caras ocultas en objetos diarios&nbsp; &nbsp;Estos 3 v\u00eddeos te demostrar\u00e1n que las cosas no siempre son lo que parecen&nbsp; La tradici\u00f3n del D\u00eda de los Muertos alrededor del mundo&nbsp; Los 10 eventos deportivos m\u00e1s populares del mundo Disney: \u00bfverdadero o falso?&nbsp; 12 Inventos curiosos y poco comunes&nbsp; 12 Curiosidades de Brasil que la hacen tan especial 5 Cosas que necesitas saber hoy (9 de Septiembre) 6 Cosas que necesitas saber hoy (10 de Septiembre)","og_url":"https:\/\/www.euroresidentes.com\/entretenimiento\/ocio-y-tiempo-libre\/interesante\/","og_site_name":"Ocio y tiempo libre","article_publisher":"https:\/\/www.facebook.com\/euroresidentes\/","article_modified_time":"2016-02-26T09:52:11+00:00","twitter_card":"summary_large_image","schema":{"@context":"https:\/\/schema.org","@graph":[{"@type":"WebPage","@id":"https:\/\/www.euroresidentes.com\/entretenimiento\/ocio-y-tiempo-libre\/interesante\/","url":"https:\/\/www.euroresidentes.com\/entretenimiento\/ocio-y-tiempo-libre\/interesante\/","name":"Interesante y Curioso - Ocio y tiempo libre","isPartOf":{"@id":"https:\/\/www.euroresidentes.com\/entretenimiento\/ocio-y-tiempo-libre\/#website"},"datePublished":"2015-09-10T14:26:00+00:00","dateModified":"2016-02-26T09:52:11+00:00","breadcrumb":{"@id":"https:\/\/www.euroresidentes.com\/entretenimiento\/ocio-y-tiempo-libre\/interesante\/#breadcrumb"},"inLanguage":"es","potentialAction":[{"@type":"ReadAction","target":["https:\/\/www.euroresidentes.com\/entretenimiento\/ocio-y-tiempo-libre\/interesante\/"]}]},{"@type":"BreadcrumbList","@id":"https:\/\/www.euroresidentes.com\/entretenimiento\/ocio-y-tiempo-libre\/interesante\/#breadcrumb","itemListElement":[{"@type":"ListItem","position":1,"name":"Portada","item":"https:\/\/www.euroresidentes.com\/entretenimiento\/ocio-y-tiempo-libre\/"},{"@type":"ListItem","position":2,"name":"Interesante y Curioso"}]},{"@type":"WebSite","@id":"https:\/\/www.euroresidentes.com\/entretenimiento\/ocio-y-tiempo-libre\/#website","url":"https:\/\/www.euroresidentes.com\/entretenimiento\/ocio-y-tiempo-libre\/","name":"Ocio y tiempo libre","description":"Euroresidentes","potentialAction":[{"@type":"SearchAction","target":{"@type":"EntryPoint","urlTemplate":"https:\/\/www.euroresidentes.com\/entretenimiento\/ocio-y-tiempo-libre\/?s={search_term_string}"},"query-input":{"@type":"PropertyValueSpecification","valueRequired":true,"valueName":"search_term_string"}}],"inLanguage":"es"}]}},"_links":{"self":[{"href":"https:\/\/www.euroresidentes.com\/entretenimiento\/ocio-y-tiempo-libre\/wp-json\/wp\/v2\/pages\/614","targetHints":{"allow":["GET"]}}],"collection":[{"href":"https:\/\/www.euroresidentes.com\/entretenimiento\/ocio-y-tiempo-libre\/wp-json\/wp\/v2\/pages"}],"about":[{"href":"https:\/\/www.euroresidentes.com\/entretenimiento\/ocio-y-tiempo-libre\/wp-json\/wp\/v2\/types\/page"}],"author":[{"embeddable":true,"href":"https:\/\/www.euroresidentes.com\/entretenimiento\/ocio-y-tiempo-libre\/wp-json\/wp\/v2\/users\/12"}],"replies":[{"embeddable":true,"href":"https:\/\/www.euroresidentes.com\/entretenimiento\/ocio-y-tiempo-libre\/wp-json\/wp\/v2\/comments?post=614"}],"version-history":[{"count":1,"href":"https:\/\/www.euroresidentes.com\/entretenimiento\/ocio-y-tiempo-libre\/wp-json\/wp\/v2\/pages\/614\/revisions"}],"predecessor-version":[{"id":710,"href":"https:\/\/www.euroresidentes.com\/entretenimiento\/ocio-y-tiempo-libre\/wp-json\/wp\/v2\/pages\/614\/revisions\/710"}],"wp:attachment":[{"href":"https:\/\/www.euroresidentes.com\/entretenimiento\/ocio-y-tiempo-libre\/wp-json\/wp\/v2\/media?parent=614"}],"curies":[{"name":"wp","href":"https:\/\/api.w.org\/{rel}","templated":true}]}}