{"id":4933,"date":"2015-04-29T08:07:00","date_gmt":"2015-04-29T06:07:00","guid":{"rendered":"https:\/\/www.euroresidentes.com\/entretenimiento\/ocio-y-tiempo-libre\/seleccion-de-peliculas.html"},"modified":"2016-12-20T11:09:19","modified_gmt":"2016-12-20T10:09:19","slug":"seleccion-de-peliculas","status":"publish","type":"page","link":"https:\/\/www.euroresidentes.com\/entretenimiento\/ocio-y-tiempo-libre\/seleccion-de-peliculas\/","title":{"rendered":"Selecci\u00f3n de pel\u00edculas"},"content":{"rendered":"<div dir=\"ltr\" style=\"text-align: left;\" trbidi=\"on\">\n\u00bfNo tienes plan para esta noche? Te proponemos diferentes selecciones de pel\u00edculas seg\u00fan el plan que quieras&#8230;<\/p>\n<p><\/p>\n<ul>\n<li><a href=\"http:\/\/trailers-peliculas.estudiantes.info\/2014\/04\/5-peliculas-para-ver-con-tu-novia.html\" target=\"_blank\">5 pel\u00edculas para ver con tu novia<\/a><\/li>\n<\/ul>\n<ul>\n<li><a href=\"http:\/\/trailers-peliculas.estudiantes.info\/2014\/05\/5-peliculas-para-ver-con-tus-amigos.html\" target=\"_blank\">5 pel\u00edculas para ver con tus amigos<\/a><\/li>\n<\/ul>\n<ul>\n<li><a href=\"http:\/\/trailers-peliculas.estudiantes.info\/2014\/05\/4-peliculas-para-una-fiesta-de-pijamas.html\" target=\"_blank\">4 pel\u00edculas para una fiesta de pijamas<\/a><\/li>\n<\/ul>\n<ul>\n<li><a href=\"http:\/\/trailers-peliculas.estudiantes.info\/2014\/05\/5-peliculas-para-morirte-de-amor.html\" target=\"_blank\">5 pel\u00edculas para morirte de amor<\/a><\/li>\n<\/ul>\n<ul>\n<li><a href=\"http:\/\/trailers-peliculas.estudiantes.info\/2014\/06\/5-peliculas-que-te-cambiaran-la-vida.html\" target=\"_blank\">5 pel\u00edculas que te cambiar\u00e1n la vida<\/a><\/li>\n<\/ul>\n<ul>\n<li><a href=\"http:\/\/trailers-peliculas.estudiantes.info\/2014\/06\/5-peliculas-de-woody-allen-que-volveria.html\" target=\"_blank\">5 pel\u00edculas de Woody Allen que volver\u00eda a ver<\/a><\/li>\n<\/ul>\n<ul>\n<li><a href=\"http:\/\/trailers-peliculas.estudiantes.info\/2014\/07\/5-peliculas-con-las-que-partirte-de-risa.html\" target=\"_blank\">5 pel\u00edculas con las que partirte de risa<\/a><\/li>\n<\/ul>\n<ul>\n<li><a href=\"http:\/\/trailers-peliculas.estudiantes.info\/2014\/07\/las-6-mejores-peliculas-de-pixar.html\" target=\"_blank\">Las 6 mejores pel\u00edculas de Pixar<\/a><\/li>\n<\/ul>\n<ul>\n<li><a href=\"http:\/\/trailers-peliculas.estudiantes.info\/2014\/07\/15-motivos-para-ver-kill-bill.html\" target=\"_blank\">15 Motivos para ver Kill Bill<\/a><\/li>\n<\/ul>\n<ul>\n<li><a href=\"http:\/\/trailers-peliculas.estudiantes.info\/2014\/08\/15-lecciones-que-aprendimos-de-las.html\" target=\"_blank\">15 lecciones que aprendimos de las pel\u00edculas de Robin Williams<\/a><\/li>\n<\/ul>\n<ul>\n<li><a href=\"http:\/\/trailers-peliculas.estudiantes.info\/2014\/09\/10-peliculas-que-debes-haber-visto.html\" target=\"_blank\">10 pel\u00edculas que debes haber visto<\/a><\/li>\n<\/ul>\n<ul>\n<li><a href=\"http:\/\/trailers-peliculas.estudiantes.info\/2014\/10\/especial-halloween-13-peliculas-de.html\" target=\"_blank\">Especial Halloween: 13 pel\u00edculas de miedo para la noche m\u00e1s terror\u00edfica<\/a><\/li>\n<\/ul>\n<ul>\n<li><a href=\"http:\/\/trailers-peliculas.estudiantes.info\/2014\/12\/especial-navidad-10-peliculas-que-este.html\" target=\"_blank\">Especial Navidad: 10 pel\u00edculas que este a\u00f1o volver\u00e1s a ver<\/a><\/li>\n<\/ul>\n<ul>\n<li><a href=\"http:\/\/trailers-peliculas.estudiantes.info\/2015\/01\/13-peliculas-que-no-te-podras-perder-en.html\" target=\"_blank\">13 pel\u00edculas que no te podr\u00e1s perder en 2015<\/a><\/li>\n<\/ul>\n<ul>\n<li><a href=\"http:\/\/trailers-peliculas.estudiantes.info\/2015\/01\/10-peliculas-que-te-romperan-el-corazon.html\" target=\"_blank\">10 pel\u00edculas que te romper\u00e1n el coraz\u00f3n este San Valent\u00edn<\/a><\/li>\n<\/ul>\n<ul>\n<li><a href=\"http:\/\/trailers-peliculas.estudiantes.info\/2015\/02\/dia-del-padre-10-peliculas-para-ver-con.html\" target=\"_blank\">Dime c\u00f3mo es tu padre y te propongo una pel\u00edcula para \u00e9l<\/a><\/li>\n<\/ul>\n<ul>\n<li><a href=\"http:\/\/trailers-peliculas.estudiantes.info\/2015\/04\/12-peliculas-para-ver-con-mama-que-le.html\" target=\"_blank\">12 pel\u00edculas para ver con mam\u00e1 que le alegrar\u00e1n el d\u00eda de la madre<\/a><\/li>\n<\/ul>\n<\/div>\n","protected":false},"excerpt":{"rendered":"<p>\u00bfNo tienes plan para esta noche? Te proponemos diferentes selecciones de pel\u00edculas seg\u00fan el plan que quieras&#8230; 5 pel\u00edculas para ver con tu novia 5 pel\u00edculas para ver con tus amigos 4 pel\u00edculas para una fiesta de pijamas 5 pel\u00edculas para morirte de amor 5 pel\u00edculas que te cambiar\u00e1n la vida 5 pel\u00edculas de Woody Allen que volver\u00eda a ver 5 pel\u00edculas con las que partirte de risa Las 6 mejores pel\u00edculas de Pixar 15 Motivos para ver Kill Bill 15 lecciones que aprendimos de las pel\u00edculas de Robin Williams 10 pel\u00edculas que debes haber visto Especial Halloween: 13 pel\u00edculas <\/p>\n","protected":false},"author":11,"featured_media":0,"parent":0,"menu_order":0,"comment_status":"closed","ping_status":"closed","template":"","meta":{"footnotes":""},"class_list":["post-4933","page","type-page","status-publish","hentry"],"yoast_head":"<!-- This site is optimized with the Yoast SEO plugin v24.1 - https:\/\/yoast.com\/wordpress\/plugins\/seo\/ -->\n<title>Selecci\u00f3n de pel\u00edculas - Ocio y tiempo libre<\/title>\n<meta name=\"robots\" content=\"index, follow, max-snippet:-1, max-image-preview:large, max-video-preview:-1\" \/>\n<link rel=\"canonical\" href=\"https:\/\/www.euroresidentes.com\/entretenimiento\/ocio-y-tiempo-libre\/seleccion-de-peliculas\/\" \/>\n<meta property=\"og:locale\" content=\"es_ES\" \/>\n<meta property=\"og:type\" content=\"article\" \/>\n<meta property=\"og:title\" content=\"Selecci\u00f3n de pel\u00edculas - Ocio y tiempo libre\" \/>\n<meta property=\"og:description\" content=\"\u00bfNo tienes plan para esta noche? Te proponemos diferentes selecciones de pel\u00edculas seg\u00fan el plan que quieras&#8230; 5 pel\u00edculas para ver con tu novia 5 pel\u00edculas para ver con tus amigos 4 pel\u00edculas para una fiesta de pijamas 5 pel\u00edculas para morirte de amor 5 pel\u00edculas que te cambiar\u00e1n la vida 5 pel\u00edculas de Woody Allen que volver\u00eda a ver 5 pel\u00edculas con las que partirte de risa Las 6 mejores pel\u00edculas de Pixar 15 Motivos para ver Kill Bill 15 lecciones que aprendimos de las pel\u00edculas de Robin Williams 10 pel\u00edculas que debes haber visto Especial Halloween: 13 pel\u00edculas\" \/>\n<meta property=\"og:url\" content=\"https:\/\/www.euroresidentes.com\/entretenimiento\/ocio-y-tiempo-libre\/seleccion-de-peliculas\/\" \/>\n<meta property=\"og:site_name\" content=\"Ocio y tiempo libre\" \/>\n<meta property=\"article:publisher\" content=\"https:\/\/www.facebook.com\/euroresidentes\/\" \/>\n<meta property=\"article:modified_time\" content=\"2016-12-20T10:09:19+00:00\" \/>\n<meta name=\"twitter:card\" content=\"summary_large_image\" \/>\n<meta name=\"twitter:label1\" content=\"Est. reading time\" \/>\n\t<meta name=\"twitter:data1\" content=\"1 minuto\" \/>\n<script type=\"application\/ld+json\" class=\"yoast-schema-graph\">{\"@context\":\"https:\/\/schema.org\",\"@graph\":[{\"@type\":\"WebPage\",\"@id\":\"https:\/\/www.euroresidentes.com\/entretenimiento\/ocio-y-tiempo-libre\/seleccion-de-peliculas\/\",\"url\":\"https:\/\/www.euroresidentes.com\/entretenimiento\/ocio-y-tiempo-libre\/seleccion-de-peliculas\/\",\"name\":\"Selecci\u00f3n de pel\u00edculas - Ocio y tiempo libre\",\"isPartOf\":{\"@id\":\"https:\/\/www.euroresidentes.com\/entretenimiento\/ocio-y-tiempo-libre\/#website\"},\"datePublished\":\"2015-04-29T06:07:00+00:00\",\"dateModified\":\"2016-12-20T10:09:19+00:00\",\"breadcrumb\":{\"@id\":\"https:\/\/www.euroresidentes.com\/entretenimiento\/ocio-y-tiempo-libre\/seleccion-de-peliculas\/#breadcrumb\"},\"inLanguage\":\"es\",\"potentialAction\":[{\"@type\":\"ReadAction\",\"target\":[\"https:\/\/www.euroresidentes.com\/entretenimiento\/ocio-y-tiempo-libre\/seleccion-de-peliculas\/\"]}]},{\"@type\":\"BreadcrumbList\",\"@id\":\"https:\/\/www.euroresidentes.com\/entretenimiento\/ocio-y-tiempo-libre\/seleccion-de-peliculas\/#breadcrumb\",\"itemListElement\":[{\"@type\":\"ListItem\",\"position\":1,\"name\":\"Portada\",\"item\":\"https:\/\/www.euroresidentes.com\/entretenimiento\/ocio-y-tiempo-libre\/\"},{\"@type\":\"ListItem\",\"position\":2,\"name\":\"Selecci\u00f3n de pel\u00edculas\"}]},{\"@type\":\"WebSite\",\"@id\":\"https:\/\/www.euroresidentes.com\/entretenimiento\/ocio-y-tiempo-libre\/#website\",\"url\":\"https:\/\/www.euroresidentes.com\/entretenimiento\/ocio-y-tiempo-libre\/\",\"name\":\"Ocio y tiempo libre\",\"description\":\"Euroresidentes\",\"potentialAction\":[{\"@type\":\"SearchAction\",\"target\":{\"@type\":\"EntryPoint\",\"urlTemplate\":\"https:\/\/www.euroresidentes.com\/entretenimiento\/ocio-y-tiempo-libre\/?s={search_term_string}\"},\"query-input\":{\"@type\":\"PropertyValueSpecification\",\"valueRequired\":true,\"valueName\":\"search_term_string\"}}],\"inLanguage\":\"es\"}]}<\/script>\n<!-- \/ Yoast SEO plugin. -->","yoast_head_json":{"title":"Selecci\u00f3n de pel\u00edculas - Ocio y tiempo libre","robots":{"index":"index","follow":"follow","max-snippet":"max-snippet:-1","max-image-preview":"max-image-preview:large","max-video-preview":"max-video-preview:-1"},"canonical":"https:\/\/www.euroresidentes.com\/entretenimiento\/ocio-y-tiempo-libre\/seleccion-de-peliculas\/","og_locale":"es_ES","og_type":"article","og_title":"Selecci\u00f3n de pel\u00edculas - Ocio y tiempo libre","og_description":"\u00bfNo tienes plan para esta noche? Te proponemos diferentes selecciones de pel\u00edculas seg\u00fan el plan que quieras&#8230; 5 pel\u00edculas para ver con tu novia 5 pel\u00edculas para ver con tus amigos 4 pel\u00edculas para una fiesta de pijamas 5 pel\u00edculas para morirte de amor 5 pel\u00edculas que te cambiar\u00e1n la vida 5 pel\u00edculas de Woody Allen que volver\u00eda a ver 5 pel\u00edculas con las que partirte de risa Las 6 mejores pel\u00edculas de Pixar 15 Motivos para ver Kill Bill 15 lecciones que aprendimos de las pel\u00edculas de Robin Williams 10 pel\u00edculas que debes haber visto Especial Halloween: 13 pel\u00edculas","og_url":"https:\/\/www.euroresidentes.com\/entretenimiento\/ocio-y-tiempo-libre\/seleccion-de-peliculas\/","og_site_name":"Ocio y tiempo libre","article_publisher":"https:\/\/www.facebook.com\/euroresidentes\/","article_modified_time":"2016-12-20T10:09:19+00:00","twitter_card":"summary_large_image","twitter_misc":{"Est. reading time":"1 minuto"},"schema":{"@context":"https:\/\/schema.org","@graph":[{"@type":"WebPage","@id":"https:\/\/www.euroresidentes.com\/entretenimiento\/ocio-y-tiempo-libre\/seleccion-de-peliculas\/","url":"https:\/\/www.euroresidentes.com\/entretenimiento\/ocio-y-tiempo-libre\/seleccion-de-peliculas\/","name":"Selecci\u00f3n de pel\u00edculas - Ocio y tiempo libre","isPartOf":{"@id":"https:\/\/www.euroresidentes.com\/entretenimiento\/ocio-y-tiempo-libre\/#website"},"datePublished":"2015-04-29T06:07:00+00:00","dateModified":"2016-12-20T10:09:19+00:00","breadcrumb":{"@id":"https:\/\/www.euroresidentes.com\/entretenimiento\/ocio-y-tiempo-libre\/seleccion-de-peliculas\/#breadcrumb"},"inLanguage":"es","potentialAction":[{"@type":"ReadAction","target":["https:\/\/www.euroresidentes.com\/entretenimiento\/ocio-y-tiempo-libre\/seleccion-de-peliculas\/"]}]},{"@type":"BreadcrumbList","@id":"https:\/\/www.euroresidentes.com\/entretenimiento\/ocio-y-tiempo-libre\/seleccion-de-peliculas\/#breadcrumb","itemListElement":[{"@type":"ListItem","position":1,"name":"Portada","item":"https:\/\/www.euroresidentes.com\/entretenimiento\/ocio-y-tiempo-libre\/"},{"@type":"ListItem","position":2,"name":"Selecci\u00f3n de pel\u00edculas"}]},{"@type":"WebSite","@id":"https:\/\/www.euroresidentes.com\/entretenimiento\/ocio-y-tiempo-libre\/#website","url":"https:\/\/www.euroresidentes.com\/entretenimiento\/ocio-y-tiempo-libre\/","name":"Ocio y tiempo libre","description":"Euroresidentes","potentialAction":[{"@type":"SearchAction","target":{"@type":"EntryPoint","urlTemplate":"https:\/\/www.euroresidentes.com\/entretenimiento\/ocio-y-tiempo-libre\/?s={search_term_string}"},"query-input":{"@type":"PropertyValueSpecification","valueRequired":true,"valueName":"search_term_string"}}],"inLanguage":"es"}]}},"_links":{"self":[{"href":"https:\/\/www.euroresidentes.com\/entretenimiento\/ocio-y-tiempo-libre\/wp-json\/wp\/v2\/pages\/4933","targetHints":{"allow":["GET"]}}],"collection":[{"href":"https:\/\/www.euroresidentes.com\/entretenimiento\/ocio-y-tiempo-libre\/wp-json\/wp\/v2\/pages"}],"about":[{"href":"https:\/\/www.euroresidentes.com\/entretenimiento\/ocio-y-tiempo-libre\/wp-json\/wp\/v2\/types\/page"}],"author":[{"embeddable":true,"href":"https:\/\/www.euroresidentes.com\/entretenimiento\/ocio-y-tiempo-libre\/wp-json\/wp\/v2\/users\/11"}],"replies":[{"embeddable":true,"href":"https:\/\/www.euroresidentes.com\/entretenimiento\/ocio-y-tiempo-libre\/wp-json\/wp\/v2\/comments?post=4933"}],"version-history":[{"count":1,"href":"https:\/\/www.euroresidentes.com\/entretenimiento\/ocio-y-tiempo-libre\/wp-json\/wp\/v2\/pages\/4933\/revisions"}],"predecessor-version":[{"id":4943,"href":"https:\/\/www.euroresidentes.com\/entretenimiento\/ocio-y-tiempo-libre\/wp-json\/wp\/v2\/pages\/4933\/revisions\/4943"}],"wp:attachment":[{"href":"https:\/\/www.euroresidentes.com\/entretenimiento\/ocio-y-tiempo-libre\/wp-json\/wp\/v2\/media?parent=4933"}],"curies":[{"name":"wp","href":"https:\/\/api.w.org\/{rel}","templated":true}]}}